{"id":1408,"date":"2021-01-04T12:16:02","date_gmt":"2021-01-04T11:16:02","guid":{"rendered":"https:\/\/dev-durable.agglo-larochelle.fr\/20226.0.2\/?page_id=1408"},"modified":"2022-12-05T15:49:08","modified_gmt":"2022-12-05T14:49:08","slug":"les-circuits-alimentaires-de-proximite-a-lepreuve-du-covid-19","status":"publish","type":"page","link":"https:\/\/dev-durable.agglo-larochelle.fr\/2022\/une-agglo-creative\/transition-economique\/les-circuits-alimentaires-de-proximite-a-lepreuve-du-covid-19\/","title":{"rendered":"La collectivit\u00e9 renouvelle sa volont\u00e9 de s\u2019engager dans le label \u00ab\u00a0Territoire engag\u00e9 transition \u00e9cologique\u00a0\u00bb"},"content":{"rendered":"\n<p><strong>L\u2019Agglom\u00e9ration et la Ville de La Rochelle sont activement impliqu\u00e9es dans le programme de labellisation \u00ab\u00a0Territoire engag\u00e9 Transition \u00e9cologique\u00a0\u00bb (anciennement nomm\u00e9 \u00ab\u00a0Cit\u2019ergie\u00a0\u00bb). Cet engagement est renouvel\u00e9.<\/strong><\/p>\n<p>La labellisation \u00ab\u00a0Cit\u2019ergie\u00a0\u00bb de l\u2019Agglom\u00e9ration arrivant \u00e0 \u00e9ch\u00e9ance, il \u00e9tait n\u00e9cessaire de renouveler formellement cet engagement communautaire pour d\u00e9poser une nouvelle demande de labellisation pour une p\u00e9riode de 4 ans. Le dispositif op\u00e9rationnel, r\u00e9cemment renomm\u00e9 \u00ab\u00a0Territoire engag\u00e9 transition \u00e9cologique\u00a0\u00bb, permet d\u00e9sormais d\u2019inscrire l\u2019action des territoires dans des d\u00e9marches distinctes de labellisation\u00a0: le label \u00ab\u00a0Climat air \u00e9nergie\u00a0\u00bb et le label \u00ab\u00a0\u00c9conomie circulaire\u00a0\u00bb. La priorit\u00e9 \u00e9tant l\u2019accession au niveau \u00ab Gold \u00bb pour au moins une des deux collectivit\u00e9s (Agglo ou Ville de La Rochelle), une \u00e9valuation de l\u2019impact de ces deux options a \u00e9t\u00e9 engag\u00e9e.<\/p>\n","protected":false},"excerpt":{"rendered":"<p>L\u2019Agglom\u00e9ration et la Ville de La Rochelle sont activement impliqu\u00e9es dans le programme de labellisation \u00ab\u00a0Territoire engag\u00e9 Transition \u00e9cologique\u00a0\u00bb (anciennement nomm\u00e9 \u00ab\u00a0Cit\u2019ergie\u00a0\u00bb). Cet engagement est renouvel\u00e9. La labellisation \u00ab\u00a0Cit\u2019ergie\u00a0\u00bb de l\u2019Agglom\u00e9ration arrivant \u00e0 \u00e9ch\u00e9ance, il \u00e9tait n\u00e9cessaire de renouveler formellement cet engagement communautaire pour d\u00e9poser une nouvelle demande de labellisation pour une p\u00e9riode de 4 [&hellip;]<\/p>\n","protected":false},"author":1,"featured_media":1968,"parent":156,"menu_order":3,"comment_status":"closed","ping_status":"closed","template":"page-sous-partie.php","meta":[],"acf":[],"yoast_head":"<!-- This site is optimized with the Yoast SEO plugin v19.12 - https:\/\/yoast.com\/wordpress\/plugins\/seo\/ -->\n<title>La collectivit\u00e9 renouvelle sa volont\u00e9 de s\u2019engager dans le label \u00ab\u00a0Territoire engag\u00e9 transition \u00e9cologique\u00a0\u00bb - Rapport du d\u00e9veloppement durable<\/title>\n<meta name=\"robots\" content=\"index, follow, max-snippet:-1, max-image-preview:large, max-video-preview:-1\" \/>\n<link rel=\"canonical\" href=\"https:\/\/dev-durable.agglo-larochelle.fr\/2022\/une-agglo-creative\/transition-economique\/les-circuits-alimentaires-de-proximite-a-lepreuve-du-covid-19\/\" \/>\n<meta property=\"og:locale\" content=\"fr_FR\" \/>\n<meta property=\"og:type\" content=\"article\" \/>\n<meta property=\"og:title\" content=\"La collectivit\u00e9 renouvelle sa volont\u00e9 de s\u2019engager dans le label \u00ab\u00a0Territoire engag\u00e9 transition \u00e9cologique\u00a0\u00bb - Rapport du d\u00e9veloppement durable\" \/>\n<meta property=\"og:description\" content=\"L\u2019Agglom\u00e9ration et la Ville de La Rochelle sont activement impliqu\u00e9es dans le programme de labellisation \u00ab\u00a0Territoire engag\u00e9 Transition \u00e9cologique\u00a0\u00bb (anciennement nomm\u00e9 \u00ab\u00a0Cit\u2019ergie\u00a0\u00bb). Cet engagement est renouvel\u00e9. La labellisation \u00ab\u00a0Cit\u2019ergie\u00a0\u00bb de l\u2019Agglom\u00e9ration arrivant \u00e0 \u00e9ch\u00e9ance, il \u00e9tait n\u00e9cessaire de renouveler formellement cet engagement communautaire pour d\u00e9poser une nouvelle demande de labellisation pour une p\u00e9riode de 4 [&hellip;]\" \/>\n<meta property=\"og:url\" content=\"https:\/\/dev-durable.agglo-larochelle.fr\/2022\/une-agglo-creative\/transition-economique\/les-circuits-alimentaires-de-proximite-a-lepreuve-du-covid-19\/\" \/>\n<meta property=\"og:site_name\" content=\"Rapport du d\u00e9veloppement durable\" \/>\n<meta property=\"article:modified_time\" content=\"2022-12-05T14:49:08+00:00\" \/>\n<meta property=\"og:image\" content=\"https:\/\/dev-durable.agglo-larochelle.fr\/2022\/wp-content\/uploads\/2021\/11\/AdobeStock_332388048.jpg\" \/>\n\t<meta property=\"og:image:width\" content=\"720\" \/>\n\t<meta property=\"og:image:height\" content=\"363\" \/>\n\t<meta property=\"og:image:type\" content=\"image\/jpeg\" \/>\n<meta name=\"twitter:card\" content=\"summary_large_image\" \/>\n<meta name=\"twitter:label1\" content=\"Dur\u00e9e de lecture estim\u00e9e\" \/>\n\t<meta name=\"twitter:data1\" content=\"1 minute\" \/>\n<script type=\"application\/ld+json\" class=\"yoast-schema-graph\">{\"@context\":\"https:\/\/schema.org\",\"@graph\":[{\"@type\":\"WebPage\",\"@id\":\"https:\/\/dev-durable.agglo-larochelle.fr\/2022\/une-agglo-creative\/transition-economique\/les-circuits-alimentaires-de-proximite-a-lepreuve-du-covid-19\/\",\"url\":\"https:\/\/dev-durable.agglo-larochelle.fr\/2022\/une-agglo-creative\/transition-economique\/les-circuits-alimentaires-de-proximite-a-lepreuve-du-covid-19\/\",\"name\":\"La collectivit\u00e9 renouvelle sa volont\u00e9 de s\u2019engager dans le label \u00ab\u00a0Territoire engag\u00e9 transition \u00e9cologique\u00a0\u00bb - Rapport du d\u00e9veloppement durable\",\"isPartOf\":{\"@id\":\"https:\/\/dev-durable.agglo-larochelle.fr\/2022\/#website\"},\"datePublished\":\"2021-01-04T11:16:02+00:00\",\"dateModified\":\"2022-12-05T14:49:08+00:00\",\"breadcrumb\":{\"@id\":\"https:\/\/dev-durable.agglo-larochelle.fr\/2022\/une-agglo-creative\/transition-economique\/les-circuits-alimentaires-de-proximite-a-lepreuve-du-covid-19\/#breadcrumb\"},\"inLanguage\":\"fr-FR\",\"potentialAction\":[{\"@type\":\"ReadAction\",\"target\":[\"https:\/\/dev-durable.agglo-larochelle.fr\/2022\/une-agglo-creative\/transition-economique\/les-circuits-alimentaires-de-proximite-a-lepreuve-du-covid-19\/\"]}]},{\"@type\":\"BreadcrumbList\",\"@id\":\"https:\/\/dev-durable.agglo-larochelle.fr\/2022\/une-agglo-creative\/transition-economique\/les-circuits-alimentaires-de-proximite-a-lepreuve-du-covid-19\/#breadcrumb\",\"itemListElement\":[{\"@type\":\"ListItem\",\"position\":1,\"name\":\"Accueil\",\"item\":\"https:\/\/dev-durable.agglo-larochelle.fr\/2022\/\"},{\"@type\":\"ListItem\",\"position\":2,\"name\":\"Une Agglo cr\u00e9ative\",\"item\":\"https:\/\/dev-durable.agglo-larochelle.fr\/2022\/une-agglo-creative\/\"},{\"@type\":\"ListItem\",\"position\":3,\"name\":\"Transition \u00e9conomique\",\"item\":\"https:\/\/dev-durable.agglo-larochelle.fr\/2022\/une-agglo-creative\/transition-economique\/\"},{\"@type\":\"ListItem\",\"position\":4,\"name\":\"La collectivit\u00e9 renouvelle sa volont\u00e9 de s\u2019engager dans le label \u00ab\u00a0Territoire engag\u00e9 transition \u00e9cologique\u00a0\u00bb\"}]},{\"@type\":\"WebSite\",\"@id\":\"https:\/\/dev-durable.agglo-larochelle.fr\/2022\/#website\",\"url\":\"https:\/\/dev-durable.agglo-larochelle.fr\/2022\/\",\"name\":\"Rapport du d\u00e9veloppement durable - 2022\",\"description\":\"Rapport 2022 du d\u00e9veloppement durable\",\"alternateName\":\"Communaut\u00e9 d'Agglom\u00e9ration de La Rochelle\",\"potentialAction\":[{\"@type\":\"SearchAction\",\"target\":{\"@type\":\"EntryPoint\",\"urlTemplate\":\"https:\/\/dev-durable.agglo-larochelle.fr\/2022\/?s={search_term_string}\"},\"query-input\":\"required name=search_term_string\"}],\"inLanguage\":\"fr-FR\"}]}<\/script>\n<!-- \/ Yoast SEO plugin. -->","yoast_head_json":{"title":"La collectivit\u00e9 renouvelle sa volont\u00e9 de s\u2019engager dans le label \u00ab\u00a0Territoire engag\u00e9 transition \u00e9cologique\u00a0\u00bb - Rapport du d\u00e9veloppement durable","robots":{"index":"index","follow":"follow","max-snippet":"max-snippet:-1","max-image-preview":"max-image-preview:large","max-video-preview":"max-video-preview:-1"},"canonical":"https:\/\/dev-durable.agglo-larochelle.fr\/2022\/une-agglo-creative\/transition-economique\/les-circuits-alimentaires-de-proximite-a-lepreuve-du-covid-19\/","og_locale":"fr_FR","og_type":"article","og_title":"La collectivit\u00e9 renouvelle sa volont\u00e9 de s\u2019engager dans le label \u00ab\u00a0Territoire engag\u00e9 transition \u00e9cologique\u00a0\u00bb - Rapport du d\u00e9veloppement durable","og_description":"L\u2019Agglom\u00e9ration et la Ville de La Rochelle sont activement impliqu\u00e9es dans le programme de labellisation \u00ab\u00a0Territoire engag\u00e9 Transition \u00e9cologique\u00a0\u00bb (anciennement nomm\u00e9 \u00ab\u00a0Cit\u2019ergie\u00a0\u00bb). Cet engagement est renouvel\u00e9. La labellisation \u00ab\u00a0Cit\u2019ergie\u00a0\u00bb de l\u2019Agglom\u00e9ration arrivant \u00e0 \u00e9ch\u00e9ance, il \u00e9tait n\u00e9cessaire de renouveler formellement cet engagement communautaire pour d\u00e9poser une nouvelle demande de labellisation pour une p\u00e9riode de 4 [&hellip;]","og_url":"https:\/\/dev-durable.agglo-larochelle.fr\/2022\/une-agglo-creative\/transition-economique\/les-circuits-alimentaires-de-proximite-a-lepreuve-du-covid-19\/","og_site_name":"Rapport du d\u00e9veloppement durable","article_modified_time":"2022-12-05T14:49:08+00:00","og_image":[{"width":720,"height":363,"url":"https:\/\/dev-durable.agglo-larochelle.fr\/2022\/wp-content\/uploads\/2021\/11\/AdobeStock_332388048.jpg","type":"image\/jpeg"}],"twitter_card":"summary_large_image","twitter_misc":{"Dur\u00e9e de lecture estim\u00e9e":"1 minute"},"schema":{"@context":"https:\/\/schema.org","@graph":[{"@type":"WebPage","@id":"https:\/\/dev-durable.agglo-larochelle.fr\/2022\/une-agglo-creative\/transition-economique\/les-circuits-alimentaires-de-proximite-a-lepreuve-du-covid-19\/","url":"https:\/\/dev-durable.agglo-larochelle.fr\/2022\/une-agglo-creative\/transition-economique\/les-circuits-alimentaires-de-proximite-a-lepreuve-du-covid-19\/","name":"La collectivit\u00e9 renouvelle sa volont\u00e9 de s\u2019engager dans le label \u00ab\u00a0Territoire engag\u00e9 transition \u00e9cologique\u00a0\u00bb - Rapport du d\u00e9veloppement durable","isPartOf":{"@id":"https:\/\/dev-durable.agglo-larochelle.fr\/2022\/#website"},"datePublished":"2021-01-04T11:16:02+00:00","dateModified":"2022-12-05T14:49:08+00:00","breadcrumb":{"@id":"https:\/\/dev-durable.agglo-larochelle.fr\/2022\/une-agglo-creative\/transition-economique\/les-circuits-alimentaires-de-proximite-a-lepreuve-du-covid-19\/#breadcrumb"},"inLanguage":"fr-FR","potentialAction":[{"@type":"ReadAction","target":["https:\/\/dev-durable.agglo-larochelle.fr\/2022\/une-agglo-creative\/transition-economique\/les-circuits-alimentaires-de-proximite-a-lepreuve-du-covid-19\/"]}]},{"@type":"BreadcrumbList","@id":"https:\/\/dev-durable.agglo-larochelle.fr\/2022\/une-agglo-creative\/transition-economique\/les-circuits-alimentaires-de-proximite-a-lepreuve-du-covid-19\/#breadcrumb","itemListElement":[{"@type":"ListItem","position":1,"name":"Accueil","item":"https:\/\/dev-durable.agglo-larochelle.fr\/2022\/"},{"@type":"ListItem","position":2,"name":"Une Agglo cr\u00e9ative","item":"https:\/\/dev-durable.agglo-larochelle.fr\/2022\/une-agglo-creative\/"},{"@type":"ListItem","position":3,"name":"Transition \u00e9conomique","item":"https:\/\/dev-durable.agglo-larochelle.fr\/2022\/une-agglo-creative\/transition-economique\/"},{"@type":"ListItem","position":4,"name":"La collectivit\u00e9 renouvelle sa volont\u00e9 de s\u2019engager dans le label \u00ab\u00a0Territoire engag\u00e9 transition \u00e9cologique\u00a0\u00bb"}]},{"@type":"WebSite","@id":"https:\/\/dev-durable.agglo-larochelle.fr\/2022\/#website","url":"https:\/\/dev-durable.agglo-larochelle.fr\/2022\/","name":"Rapport du d\u00e9veloppement durable - 2022","description":"Rapport 2022 du d\u00e9veloppement durable","alternateName":"Communaut\u00e9 d'Agglom\u00e9ration de La Rochelle","potentialAction":[{"@type":"SearchAction","target":{"@type":"EntryPoint","urlTemplate":"https:\/\/dev-durable.agglo-larochelle.fr\/2022\/?s={search_term_string}"},"query-input":"required name=search_term_string"}],"inLanguage":"fr-FR"}]}},"_links":{"self":[{"href":"https:\/\/dev-durable.agglo-larochelle.fr\/2022\/wp-json\/wp\/v2\/pages\/1408"}],"collection":[{"href":"https:\/\/dev-durable.agglo-larochelle.fr\/2022\/wp-json\/wp\/v2\/pages"}],"about":[{"href":"https:\/\/dev-durable.agglo-larochelle.fr\/2022\/wp-json\/wp\/v2\/types\/page"}],"author":[{"embeddable":true,"href":"https:\/\/dev-durable.agglo-larochelle.fr\/2022\/wp-json\/wp\/v2\/users\/1"}],"replies":[{"embeddable":true,"href":"https:\/\/dev-durable.agglo-larochelle.fr\/2022\/wp-json\/wp\/v2\/comments?post=1408"}],"version-history":[{"count":10,"href":"https:\/\/dev-durable.agglo-larochelle.fr\/2022\/wp-json\/wp\/v2\/pages\/1408\/revisions"}],"predecessor-version":[{"id":2619,"href":"https:\/\/dev-durable.agglo-larochelle.fr\/2022\/wp-json\/wp\/v2\/pages\/1408\/revisions\/2619"}],"up":[{"embeddable":true,"href":"https:\/\/dev-durable.agglo-larochelle.fr\/2022\/wp-json\/wp\/v2\/pages\/156"}],"wp:featuredmedia":[{"embeddable":true,"href":"https:\/\/dev-durable.agglo-larochelle.fr\/2022\/wp-json\/wp\/v2\/media\/1968"}],"wp:attachment":[{"href":"https:\/\/dev-durable.agglo-larochelle.fr\/2022\/wp-json\/wp\/v2\/media?parent=1408"}],"curies":[{"name":"wp","href":"https:\/\/api.w.org\/{rel}","templated":true}]}}