{"id":143,"date":"2018-10-11T10:27:17","date_gmt":"2018-10-11T08:27:17","guid":{"rendered":"https:\/\/dev-durable.agglo-larochelle.fr\/2022\r\n6.0.2\r\n\/?page_id=143"},"modified":"2021-01-07T14:12:50","modified_gmt":"2021-01-07T13:12:50","slug":"contact","status":"publish","type":"page","link":"https:\/\/dev-durable.agglo-larochelle.fr\/2022\/contact\/","title":{"rendered":"Contact"},"content":{"rendered":"<p><span style=\"font-size: 12pt;\"><b style=\"font-size: 12pt;\">Service Transition <\/b><b>\u00c9nerg\u00e9tique<\/b><b style=\"font-size: 12pt;\">\u00a0et R\u00e9silience <\/b><b>\u00c9cologique (TERE)<\/b><b style=\"font-size: 12pt;\">\u00a0de la Communaut\u00e9 d\u2019Agglom\u00e9ration de La Rochelle<\/b><\/span><br \/>\n<span style=\"font-size: 12pt;\">6 rue Saint-Michel<\/span><br \/>\n<span style=\"font-size: 12pt;\">CS 41287\u00a0<\/span><br \/>\n<span style=\"font-size: 12pt;\">17086 La Rochelle Cedex 02<\/span><br \/>\n<span style=\"font-size: 12pt;\">T\u00e9l : 05 46 30 35 65\u00a0<\/span><\/p>\n<p>&nbsp;<\/p>\n<p><span style=\"font-size: 12pt; color: #e02881;\"><u><a style=\"color: #e02881;\" href=\"mailto:tere@agglo-larochelle.fr\">tere@agglo-larochelle.fr<\/a><\/u><\/span><br \/>\n<span style=\"font-size: 12pt; color: #e02881;\"><u><a style=\"color: #e02881;\" href=\"http:\/\/www.agglo-larochelle.fr\" target=\"_blank\" rel=\"noopener\">www.agglo-larochelle.fr<\/a><\/u><\/span><br \/>\n<span style=\"font-size: 12pt; color: #e02881;\"><u><a style=\"color: #e02881;\" href=\"http:\/\/facebook.com\/larochelleagglo\" target=\"_blank\" rel=\"noopener\">facebook.com\/larochelleagglo<\/a><\/u><\/span><\/p>\n","protected":false},"excerpt":{"rendered":"<p>Service Transition \u00c9nerg\u00e9tique\u00a0et R\u00e9silience \u00c9cologique (TERE)\u00a0de la Communaut\u00e9 d\u2019Agglom\u00e9ration de La Rochelle 6 rue Saint-Michel CS 41287\u00a0 17086 La Rochelle Cedex 02 T\u00e9l : 05 46 30 35 65\u00a0 &nbsp; tere@agglo-larochelle.fr www.agglo-larochelle.fr facebook.com\/larochelleagglo<\/p>\n","protected":false},"author":1,"featured_media":0,"parent":0,"menu_order":4500,"comment_status":"closed","ping_status":"closed","template":"","meta":[],"acf":[],"yoast_head":"<!-- This site is optimized with the Yoast SEO plugin v19.12 - https:\/\/yoast.com\/wordpress\/plugins\/seo\/ -->\n<title>Contact - Rapport du d\u00e9veloppement durable<\/title>\n<meta name=\"robots\" content=\"index, follow, max-snippet:-1, max-image-preview:large, max-video-preview:-1\" \/>\n<link rel=\"canonical\" href=\"https:\/\/dev-durable.agglo-larochelle.fr\/2022\/contact\/\" \/>\n<meta property=\"og:locale\" content=\"fr_FR\" \/>\n<meta property=\"og:type\" content=\"article\" \/>\n<meta property=\"og:title\" content=\"Contact - Rapport du d\u00e9veloppement durable\" \/>\n<meta property=\"og:description\" content=\"Service Transition \u00c9nerg\u00e9tique\u00a0et R\u00e9silience \u00c9cologique (TERE)\u00a0de la Communaut\u00e9 d\u2019Agglom\u00e9ration de La Rochelle 6 rue Saint-Michel CS 41287\u00a0 17086 La Rochelle Cedex 02 T\u00e9l : 05 46 30 35 65\u00a0 &nbsp; tere@agglo-larochelle.fr www.agglo-larochelle.fr facebook.com\/larochelleagglo\" \/>\n<meta property=\"og:url\" content=\"https:\/\/dev-durable.agglo-larochelle.fr\/2022\/contact\/\" \/>\n<meta property=\"og:site_name\" content=\"Rapport du d\u00e9veloppement durable\" \/>\n<meta property=\"article:modified_time\" content=\"2021-01-07T13:12:50+00:00\" \/>\n<meta name=\"twitter:card\" content=\"summary_large_image\" \/>\n<script type=\"application\/ld+json\" class=\"yoast-schema-graph\">{\"@context\":\"https:\/\/schema.org\",\"@graph\":[{\"@type\":\"WebPage\",\"@id\":\"https:\/\/dev-durable.agglo-larochelle.fr\/2022\/contact\/\",\"url\":\"https:\/\/dev-durable.agglo-larochelle.fr\/2022\/contact\/\",\"name\":\"Contact - Rapport du d\u00e9veloppement durable\",\"isPartOf\":{\"@id\":\"https:\/\/dev-durable.agglo-larochelle.fr\/2022\/#website\"},\"datePublished\":\"2018-10-11T08:27:17+00:00\",\"dateModified\":\"2021-01-07T13:12:50+00:00\",\"breadcrumb\":{\"@id\":\"https:\/\/dev-durable.agglo-larochelle.fr\/2022\/contact\/#breadcrumb\"},\"inLanguage\":\"fr-FR\",\"potentialAction\":[{\"@type\":\"ReadAction\",\"target\":[\"https:\/\/dev-durable.agglo-larochelle.fr\/2022\/contact\/\"]}]},{\"@type\":\"BreadcrumbList\",\"@id\":\"https:\/\/dev-durable.agglo-larochelle.fr\/2022\/contact\/#breadcrumb\",\"itemListElement\":[{\"@type\":\"ListItem\",\"position\":1,\"name\":\"Accueil\",\"item\":\"https:\/\/dev-durable.agglo-larochelle.fr\/2022\/\"},{\"@type\":\"ListItem\",\"position\":2,\"name\":\"Contact\"}]},{\"@type\":\"WebSite\",\"@id\":\"https:\/\/dev-durable.agglo-larochelle.fr\/2022\/#website\",\"url\":\"https:\/\/dev-durable.agglo-larochelle.fr\/2022\/\",\"name\":\"Rapport du d\u00e9veloppement durable - 2022\",\"description\":\"Rapport 2022 du d\u00e9veloppement durable\",\"alternateName\":\"Communaut\u00e9 d'Agglom\u00e9ration de La Rochelle\",\"potentialAction\":[{\"@type\":\"SearchAction\",\"target\":{\"@type\":\"EntryPoint\",\"urlTemplate\":\"https:\/\/dev-durable.agglo-larochelle.fr\/2022\/?s={search_term_string}\"},\"query-input\":\"required name=search_term_string\"}],\"inLanguage\":\"fr-FR\"}]}<\/script>\n<!-- \/ Yoast SEO plugin. -->","yoast_head_json":{"title":"Contact - Rapport du d\u00e9veloppement durable","robots":{"index":"index","follow":"follow","max-snippet":"max-snippet:-1","max-image-preview":"max-image-preview:large","max-video-preview":"max-video-preview:-1"},"canonical":"https:\/\/dev-durable.agglo-larochelle.fr\/2022\/contact\/","og_locale":"fr_FR","og_type":"article","og_title":"Contact - Rapport du d\u00e9veloppement durable","og_description":"Service Transition \u00c9nerg\u00e9tique\u00a0et R\u00e9silience \u00c9cologique (TERE)\u00a0de la Communaut\u00e9 d\u2019Agglom\u00e9ration de La Rochelle 6 rue Saint-Michel CS 41287\u00a0 17086 La Rochelle Cedex 02 T\u00e9l : 05 46 30 35 65\u00a0 &nbsp; tere@agglo-larochelle.fr www.agglo-larochelle.fr facebook.com\/larochelleagglo","og_url":"https:\/\/dev-durable.agglo-larochelle.fr\/2022\/contact\/","og_site_name":"Rapport du d\u00e9veloppement durable","article_modified_time":"2021-01-07T13:12:50+00:00","twitter_card":"summary_large_image","schema":{"@context":"https:\/\/schema.org","@graph":[{"@type":"WebPage","@id":"https:\/\/dev-durable.agglo-larochelle.fr\/2022\/contact\/","url":"https:\/\/dev-durable.agglo-larochelle.fr\/2022\/contact\/","name":"Contact - Rapport du d\u00e9veloppement durable","isPartOf":{"@id":"https:\/\/dev-durable.agglo-larochelle.fr\/2022\/#website"},"datePublished":"2018-10-11T08:27:17+00:00","dateModified":"2021-01-07T13:12:50+00:00","breadcrumb":{"@id":"https:\/\/dev-durable.agglo-larochelle.fr\/2022\/contact\/#breadcrumb"},"inLanguage":"fr-FR","potentialAction":[{"@type":"ReadAction","target":["https:\/\/dev-durable.agglo-larochelle.fr\/2022\/contact\/"]}]},{"@type":"BreadcrumbList","@id":"https:\/\/dev-durable.agglo-larochelle.fr\/2022\/contact\/#breadcrumb","itemListElement":[{"@type":"ListItem","position":1,"name":"Accueil","item":"https:\/\/dev-durable.agglo-larochelle.fr\/2022\/"},{"@type":"ListItem","position":2,"name":"Contact"}]},{"@type":"WebSite","@id":"https:\/\/dev-durable.agglo-larochelle.fr\/2022\/#website","url":"https:\/\/dev-durable.agglo-larochelle.fr\/2022\/","name":"Rapport du d\u00e9veloppement durable - 2022","description":"Rapport 2022 du d\u00e9veloppement durable","alternateName":"Communaut\u00e9 d'Agglom\u00e9ration de La Rochelle","potentialAction":[{"@type":"SearchAction","target":{"@type":"EntryPoint","urlTemplate":"https:\/\/dev-durable.agglo-larochelle.fr\/2022\/?s={search_term_string}"},"query-input":"required name=search_term_string"}],"inLanguage":"fr-FR"}]}},"_links":{"self":[{"href":"https:\/\/dev-durable.agglo-larochelle.fr\/2022\/wp-json\/wp\/v2\/pages\/143"}],"collection":[{"href":"https:\/\/dev-durable.agglo-larochelle.fr\/2022\/wp-json\/wp\/v2\/pages"}],"about":[{"href":"https:\/\/dev-durable.agglo-larochelle.fr\/2022\/wp-json\/wp\/v2\/types\/page"}],"author":[{"embeddable":true,"href":"https:\/\/dev-durable.agglo-larochelle.fr\/2022\/wp-json\/wp\/v2\/users\/1"}],"replies":[{"embeddable":true,"href":"https:\/\/dev-durable.agglo-larochelle.fr\/2022\/wp-json\/wp\/v2\/comments?post=143"}],"version-history":[{"count":16,"href":"https:\/\/dev-durable.agglo-larochelle.fr\/2022\/wp-json\/wp\/v2\/pages\/143\/revisions"}],"predecessor-version":[{"id":712,"href":"https:\/\/dev-durable.agglo-larochelle.fr\/2022\/wp-json\/wp\/v2\/pages\/143\/revisions\/712"}],"wp:attachment":[{"href":"https:\/\/dev-durable.agglo-larochelle.fr\/2022\/wp-json\/wp\/v2\/media?parent=143"}],"curies":[{"name":"wp","href":"https:\/\/api.w.org\/{rel}","templated":true}]}}