{"id":1443,"date":"2021-01-05T10:07:24","date_gmt":"2021-01-05T09:07:24","guid":{"rendered":"https:\/\/dev-durable.agglo-larochelle.fr\/20226.0.2\/?page_id=1443"},"modified":"2022-12-06T10:35:13","modified_gmt":"2022-12-06T09:35:13","slug":"journees-e5t-dediees-a-la-transition-energetique","status":"publish","type":"page","link":"https:\/\/dev-durable.agglo-larochelle.fr\/2022\/une-agglo-creative\/gouvernance-et-animation-du-territoire\/journees-e5t-dediees-a-la-transition-energetique\/","title":{"rendered":"Les \u00ab\u00a0acteurs de la transition\u00a0\u00bb se forment aux Objectifs de D\u00e9veloppement Durable"},"content":{"rendered":"\n<p><strong>Fin 2021, le Forum des acteurs de la transition a \u00e9t\u00e9 l\u2019occasion pour les associations, les chercheurs, les entrepreneurs, les particuliers de se retrouver et de se former \u00e0 un nouveau r\u00e9f\u00e9rentiel au service de la transition \u00e9cologique\u00a0: les Objectifs de D\u00e9veloppement Durable.<\/strong><\/p>\n<p>En novembre 2021, le premier Forum des acteurs de la transition a r\u00e9uni une cinquantaine de participants au Mus\u00e9e maritime de La Rochelle. Ce rassemblement des acteurs de la transition sur le territoire \u00e9tait plac\u00e9 sous le th\u00e8me des Objectifs de D\u00e9veloppement Durable (ODD). \u00c0 l\u2019horizon 2030, le r\u00e9f\u00e9rentiel ODD est appel\u00e9 \u00e0 devenir le cadre commun de d\u00e9veloppement et d\u2019\u00e9valuation des projets de transition mis en \u0153uvre sur les territoires. Les participants ont ainsi pu tester un outil d\u2019analyse de leurs objectifs d\u00e9velopp\u00e9 dans le cadre du projet LRTZC, et huit porteurs de projets du territoire ont accept\u00e9 de se pr\u00eater \u00e0 l\u2019\u00e9valuation de leurs actions \u00e0 l\u2019aune de cet outil. Ce Forum des acteurs de la transition \u00e9tait port\u00e9 par URBACT\/Global Goals for Cities (Agglom\u00e9ration)\u00a0 et ODDYSSEE (Collectif Actions Solidaires), deux projets travaillant \u00e0 la territorialisation des ODD.<\/p>\n","protected":false},"excerpt":{"rendered":"<p>Fin 2021, le Forum des acteurs de la transition a \u00e9t\u00e9 l\u2019occasion pour les associations, les chercheurs, les entrepreneurs, les particuliers de se retrouver et de se former \u00e0 un nouveau r\u00e9f\u00e9rentiel au service de la transition \u00e9cologique\u00a0: les Objectifs de D\u00e9veloppement Durable. En novembre 2021, le premier Forum des acteurs de la transition a [&hellip;]<\/p>\n","protected":false},"author":1,"featured_media":2911,"parent":289,"menu_order":5,"comment_status":"closed","ping_status":"closed","template":"page-sous-partie.php","meta":[],"acf":[],"yoast_head":"<!-- This site is optimized with the Yoast SEO plugin v19.12 - https:\/\/yoast.com\/wordpress\/plugins\/seo\/ -->\n<title>Les \u00ab\u00a0acteurs de la transition\u00a0\u00bb se forment aux Objectifs de D\u00e9veloppement Durable - Rapport du d\u00e9veloppement durable<\/title>\n<meta name=\"robots\" content=\"index, follow, max-snippet:-1, max-image-preview:large, max-video-preview:-1\" \/>\n<link rel=\"canonical\" href=\"https:\/\/dev-durable.agglo-larochelle.fr\/2022\/une-agglo-creative\/gouvernance-et-animation-du-territoire\/journees-e5t-dediees-a-la-transition-energetique\/\" \/>\n<meta property=\"og:locale\" content=\"fr_FR\" \/>\n<meta property=\"og:type\" content=\"article\" \/>\n<meta property=\"og:title\" content=\"Les \u00ab\u00a0acteurs de la transition\u00a0\u00bb se forment aux Objectifs de D\u00e9veloppement Durable - Rapport du d\u00e9veloppement durable\" \/>\n<meta property=\"og:description\" content=\"Fin 2021, le Forum des acteurs de la transition a \u00e9t\u00e9 l\u2019occasion pour les associations, les chercheurs, les entrepreneurs, les particuliers de se retrouver et de se former \u00e0 un nouveau r\u00e9f\u00e9rentiel au service de la transition \u00e9cologique\u00a0: les Objectifs de D\u00e9veloppement Durable. En novembre 2021, le premier Forum des acteurs de la transition a [&hellip;]\" \/>\n<meta property=\"og:url\" content=\"https:\/\/dev-durable.agglo-larochelle.fr\/2022\/une-agglo-creative\/gouvernance-et-animation-du-territoire\/journees-e5t-dediees-a-la-transition-energetique\/\" \/>\n<meta property=\"og:site_name\" content=\"Rapport du d\u00e9veloppement durable\" \/>\n<meta property=\"article:modified_time\" content=\"2022-12-06T09:35:13+00:00\" \/>\n<meta property=\"og:image\" content=\"https:\/\/dev-durable.agglo-larochelle.fr\/2022\/wp-content\/uploads\/2022\/12\/biocarburant_AdobeStock_531358867.jpg\" \/>\n\t<meta property=\"og:image:width\" content=\"650\" \/>\n\t<meta property=\"og:image:height\" content=\"300\" \/>\n\t<meta property=\"og:image:type\" content=\"image\/jpeg\" \/>\n<meta name=\"twitter:card\" content=\"summary_large_image\" \/>\n<meta name=\"twitter:label1\" content=\"Dur\u00e9e de lecture estim\u00e9e\" \/>\n\t<meta name=\"twitter:data1\" content=\"1 minute\" \/>\n<script type=\"application\/ld+json\" class=\"yoast-schema-graph\">{\"@context\":\"https:\/\/schema.org\",\"@graph\":[{\"@type\":\"WebPage\",\"@id\":\"https:\/\/dev-durable.agglo-larochelle.fr\/2022\/une-agglo-creative\/gouvernance-et-animation-du-territoire\/journees-e5t-dediees-a-la-transition-energetique\/\",\"url\":\"https:\/\/dev-durable.agglo-larochelle.fr\/2022\/une-agglo-creative\/gouvernance-et-animation-du-territoire\/journees-e5t-dediees-a-la-transition-energetique\/\",\"name\":\"Les \u00ab\u00a0acteurs de la transition\u00a0\u00bb se forment aux Objectifs de D\u00e9veloppement Durable - Rapport du d\u00e9veloppement durable\",\"isPartOf\":{\"@id\":\"https:\/\/dev-durable.agglo-larochelle.fr\/2022\/#website\"},\"datePublished\":\"2021-01-05T09:07:24+00:00\",\"dateModified\":\"2022-12-06T09:35:13+00:00\",\"breadcrumb\":{\"@id\":\"https:\/\/dev-durable.agglo-larochelle.fr\/2022\/une-agglo-creative\/gouvernance-et-animation-du-territoire\/journees-e5t-dediees-a-la-transition-energetique\/#breadcrumb\"},\"inLanguage\":\"fr-FR\",\"potentialAction\":[{\"@type\":\"ReadAction\",\"target\":[\"https:\/\/dev-durable.agglo-larochelle.fr\/2022\/une-agglo-creative\/gouvernance-et-animation-du-territoire\/journees-e5t-dediees-a-la-transition-energetique\/\"]}]},{\"@type\":\"BreadcrumbList\",\"@id\":\"https:\/\/dev-durable.agglo-larochelle.fr\/2022\/une-agglo-creative\/gouvernance-et-animation-du-territoire\/journees-e5t-dediees-a-la-transition-energetique\/#breadcrumb\",\"itemListElement\":[{\"@type\":\"ListItem\",\"position\":1,\"name\":\"Accueil\",\"item\":\"https:\/\/dev-durable.agglo-larochelle.fr\/2022\/\"},{\"@type\":\"ListItem\",\"position\":2,\"name\":\"Une Agglo cr\u00e9ative\",\"item\":\"https:\/\/dev-durable.agglo-larochelle.fr\/2022\/une-agglo-creative\/\"},{\"@type\":\"ListItem\",\"position\":3,\"name\":\"Gouvernance et animation du territoire\",\"item\":\"https:\/\/dev-durable.agglo-larochelle.fr\/2022\/une-agglo-creative\/gouvernance-et-animation-du-territoire\/\"},{\"@type\":\"ListItem\",\"position\":4,\"name\":\"Les \u00ab\u00a0acteurs de la transition\u00a0\u00bb se forment aux Objectifs de D\u00e9veloppement Durable\"}]},{\"@type\":\"WebSite\",\"@id\":\"https:\/\/dev-durable.agglo-larochelle.fr\/2022\/#website\",\"url\":\"https:\/\/dev-durable.agglo-larochelle.fr\/2022\/\",\"name\":\"Rapport du d\u00e9veloppement durable - 2022\",\"description\":\"Rapport 2022 du d\u00e9veloppement durable\",\"alternateName\":\"Communaut\u00e9 d'Agglom\u00e9ration de La Rochelle\",\"potentialAction\":[{\"@type\":\"SearchAction\",\"target\":{\"@type\":\"EntryPoint\",\"urlTemplate\":\"https:\/\/dev-durable.agglo-larochelle.fr\/2022\/?s={search_term_string}\"},\"query-input\":\"required name=search_term_string\"}],\"inLanguage\":\"fr-FR\"}]}<\/script>\n<!-- \/ Yoast SEO plugin. -->","yoast_head_json":{"title":"Les \u00ab\u00a0acteurs de la transition\u00a0\u00bb se forment aux Objectifs de D\u00e9veloppement Durable - Rapport du d\u00e9veloppement durable","robots":{"index":"index","follow":"follow","max-snippet":"max-snippet:-1","max-image-preview":"max-image-preview:large","max-video-preview":"max-video-preview:-1"},"canonical":"https:\/\/dev-durable.agglo-larochelle.fr\/2022\/une-agglo-creative\/gouvernance-et-animation-du-territoire\/journees-e5t-dediees-a-la-transition-energetique\/","og_locale":"fr_FR","og_type":"article","og_title":"Les \u00ab\u00a0acteurs de la transition\u00a0\u00bb se forment aux Objectifs de D\u00e9veloppement Durable - Rapport du d\u00e9veloppement durable","og_description":"Fin 2021, le Forum des acteurs de la transition a \u00e9t\u00e9 l\u2019occasion pour les associations, les chercheurs, les entrepreneurs, les particuliers de se retrouver et de se former \u00e0 un nouveau r\u00e9f\u00e9rentiel au service de la transition \u00e9cologique\u00a0: les Objectifs de D\u00e9veloppement Durable. En novembre 2021, le premier Forum des acteurs de la transition a [&hellip;]","og_url":"https:\/\/dev-durable.agglo-larochelle.fr\/2022\/une-agglo-creative\/gouvernance-et-animation-du-territoire\/journees-e5t-dediees-a-la-transition-energetique\/","og_site_name":"Rapport du d\u00e9veloppement durable","article_modified_time":"2022-12-06T09:35:13+00:00","og_image":[{"width":650,"height":300,"url":"https:\/\/dev-durable.agglo-larochelle.fr\/2022\/wp-content\/uploads\/2022\/12\/biocarburant_AdobeStock_531358867.jpg","type":"image\/jpeg"}],"twitter_card":"summary_large_image","twitter_misc":{"Dur\u00e9e de lecture estim\u00e9e":"1 minute"},"schema":{"@context":"https:\/\/schema.org","@graph":[{"@type":"WebPage","@id":"https:\/\/dev-durable.agglo-larochelle.fr\/2022\/une-agglo-creative\/gouvernance-et-animation-du-territoire\/journees-e5t-dediees-a-la-transition-energetique\/","url":"https:\/\/dev-durable.agglo-larochelle.fr\/2022\/une-agglo-creative\/gouvernance-et-animation-du-territoire\/journees-e5t-dediees-a-la-transition-energetique\/","name":"Les \u00ab\u00a0acteurs de la transition\u00a0\u00bb se forment aux Objectifs de D\u00e9veloppement Durable - Rapport du d\u00e9veloppement durable","isPartOf":{"@id":"https:\/\/dev-durable.agglo-larochelle.fr\/2022\/#website"},"datePublished":"2021-01-05T09:07:24+00:00","dateModified":"2022-12-06T09:35:13+00:00","breadcrumb":{"@id":"https:\/\/dev-durable.agglo-larochelle.fr\/2022\/une-agglo-creative\/gouvernance-et-animation-du-territoire\/journees-e5t-dediees-a-la-transition-energetique\/#breadcrumb"},"inLanguage":"fr-FR","potentialAction":[{"@type":"ReadAction","target":["https:\/\/dev-durable.agglo-larochelle.fr\/2022\/une-agglo-creative\/gouvernance-et-animation-du-territoire\/journees-e5t-dediees-a-la-transition-energetique\/"]}]},{"@type":"BreadcrumbList","@id":"https:\/\/dev-durable.agglo-larochelle.fr\/2022\/une-agglo-creative\/gouvernance-et-animation-du-territoire\/journees-e5t-dediees-a-la-transition-energetique\/#breadcrumb","itemListElement":[{"@type":"ListItem","position":1,"name":"Accueil","item":"https:\/\/dev-durable.agglo-larochelle.fr\/2022\/"},{"@type":"ListItem","position":2,"name":"Une Agglo cr\u00e9ative","item":"https:\/\/dev-durable.agglo-larochelle.fr\/2022\/une-agglo-creative\/"},{"@type":"ListItem","position":3,"name":"Gouvernance et animation du territoire","item":"https:\/\/dev-durable.agglo-larochelle.fr\/2022\/une-agglo-creative\/gouvernance-et-animation-du-territoire\/"},{"@type":"ListItem","position":4,"name":"Les \u00ab\u00a0acteurs de la transition\u00a0\u00bb se forment aux Objectifs de D\u00e9veloppement Durable"}]},{"@type":"WebSite","@id":"https:\/\/dev-durable.agglo-larochelle.fr\/2022\/#website","url":"https:\/\/dev-durable.agglo-larochelle.fr\/2022\/","name":"Rapport du d\u00e9veloppement durable - 2022","description":"Rapport 2022 du d\u00e9veloppement durable","alternateName":"Communaut\u00e9 d'Agglom\u00e9ration de La Rochelle","potentialAction":[{"@type":"SearchAction","target":{"@type":"EntryPoint","urlTemplate":"https:\/\/dev-durable.agglo-larochelle.fr\/2022\/?s={search_term_string}"},"query-input":"required name=search_term_string"}],"inLanguage":"fr-FR"}]}},"_links":{"self":[{"href":"https:\/\/dev-durable.agglo-larochelle.fr\/2022\/wp-json\/wp\/v2\/pages\/1443"}],"collection":[{"href":"https:\/\/dev-durable.agglo-larochelle.fr\/2022\/wp-json\/wp\/v2\/pages"}],"about":[{"href":"https:\/\/dev-durable.agglo-larochelle.fr\/2022\/wp-json\/wp\/v2\/types\/page"}],"author":[{"embeddable":true,"href":"https:\/\/dev-durable.agglo-larochelle.fr\/2022\/wp-json\/wp\/v2\/users\/1"}],"replies":[{"embeddable":true,"href":"https:\/\/dev-durable.agglo-larochelle.fr\/2022\/wp-json\/wp\/v2\/comments?post=1443"}],"version-history":[{"count":8,"href":"https:\/\/dev-durable.agglo-larochelle.fr\/2022\/wp-json\/wp\/v2\/pages\/1443\/revisions"}],"predecessor-version":[{"id":2647,"href":"https:\/\/dev-durable.agglo-larochelle.fr\/2022\/wp-json\/wp\/v2\/pages\/1443\/revisions\/2647"}],"up":[{"embeddable":true,"href":"https:\/\/dev-durable.agglo-larochelle.fr\/2022\/wp-json\/wp\/v2\/pages\/289"}],"wp:featuredmedia":[{"embeddable":true,"href":"https:\/\/dev-durable.agglo-larochelle.fr\/2022\/wp-json\/wp\/v2\/media\/2911"}],"wp:attachment":[{"href":"https:\/\/dev-durable.agglo-larochelle.fr\/2022\/wp-json\/wp\/v2\/media?parent=1443"}],"curies":[{"name":"wp","href":"https:\/\/api.w.org\/{rel}","templated":true}]}}