{"id":1446,"date":"2021-01-05T10:10:06","date_gmt":"2021-01-05T09:10:06","guid":{"rendered":"https:\/\/dev-durable.agglo-larochelle.fr\/20226.0.2\/?page_id=1446"},"modified":"2022-12-08T12:16:09","modified_gmt":"2022-12-08T11:16:09","slug":"accompagnement-des-demarches-de-compostage-collectif","status":"publish","type":"page","link":"https:\/\/dev-durable.agglo-larochelle.fr\/2022\/une-agglo-creative\/accompagnement-au-changement\/accompagnement-des-demarches-de-compostage-collectif\/","title":{"rendered":"Troisi\u00e8me ann\u00e9e de travail sur la mise en r\u00e9cits de l\u2019ambition LRTZC"},"content":{"rendered":"<p><strong>La Rochelle Universit\u00e9, par son laboratoire de recherche\u00a0pluridisciplinaire en sciences sociales du CEREGE, m\u00e8ne un travail de mise en r\u00e9cit du projet Territoire z\u00e9ro carbone 2040.<\/strong><\/p>\n<p>L\u2019Agglom\u00e9ration a sollicit\u00e9 l\u2019\u00e9quipe de recherche pluridisciplinaire en sciences sociales du CEREGE de l\u2019IAE de La Rochelle pour la mise en r\u00e9cit du projet Territoire z\u00e9ro carbone 2040 afin de permettre \u00e0 chacun de s\u2019approprier plus ais\u00e9ment la d\u00e9marche LRTZC et son r\u00e9sultat. Quinze r\u00e9cits d\u2019anticipation ont \u00e9t\u00e9 \u00e9labor\u00e9s mettant en sc\u00e8ne des acteurs du territoire. Les t\u00e9moins, hommes, femmes et enfants, sont issus des m\u00e9tiers repr\u00e9sentatifs : ostr\u00e9iculteur, agent immobilier, ouvrier des chantiers maritimes, patron du BTP, professeur, h\u00e9bergeur z\u00e9ro carbone, concepteur de programmes informatiques, etc. mais aussi retrait\u00e9 et \u00e9tudiant. Ils t\u00e9moignent de la mani\u00e8re dont le territoire a atteint son objectif z\u00e9ro carbone et ce que cela a repr\u00e9sent\u00e9 pour eux.<\/p>\n","protected":false},"excerpt":{"rendered":"<p>La Rochelle Universit\u00e9, par son laboratoire de recherche\u00a0pluridisciplinaire en sciences sociales du CEREGE, m\u00e8ne un travail de mise en r\u00e9cit du projet Territoire z\u00e9ro carbone 2040. L\u2019Agglom\u00e9ration a sollicit\u00e9 l\u2019\u00e9quipe de recherche pluridisciplinaire en sciences sociales du CEREGE de l\u2019IAE de La Rochelle pour la mise en r\u00e9cit du projet Territoire z\u00e9ro carbone 2040 afin [&hellip;]<\/p>\n","protected":false},"author":1,"featured_media":2436,"parent":860,"menu_order":1,"comment_status":"closed","ping_status":"closed","template":"page-sous-partie.php","meta":[],"acf":[],"yoast_head":"<!-- This site is optimized with the Yoast SEO plugin v19.12 - https:\/\/yoast.com\/wordpress\/plugins\/seo\/ -->\n<title>Troisi\u00e8me ann\u00e9e de travail sur la mise en r\u00e9cits de l\u2019ambition LRTZC - Rapport du d\u00e9veloppement durable<\/title>\n<meta name=\"robots\" content=\"index, follow, max-snippet:-1, max-image-preview:large, max-video-preview:-1\" \/>\n<link rel=\"canonical\" href=\"https:\/\/dev-durable.agglo-larochelle.fr\/2022\/une-agglo-creative\/accompagnement-au-changement\/accompagnement-des-demarches-de-compostage-collectif\/\" \/>\n<meta property=\"og:locale\" content=\"fr_FR\" \/>\n<meta property=\"og:type\" content=\"article\" \/>\n<meta property=\"og:title\" content=\"Troisi\u00e8me ann\u00e9e de travail sur la mise en r\u00e9cits de l\u2019ambition LRTZC - Rapport du d\u00e9veloppement durable\" \/>\n<meta property=\"og:description\" content=\"La Rochelle Universit\u00e9, par son laboratoire de recherche\u00a0pluridisciplinaire en sciences sociales du CEREGE, m\u00e8ne un travail de mise en r\u00e9cit du projet Territoire z\u00e9ro carbone 2040. L\u2019Agglom\u00e9ration a sollicit\u00e9 l\u2019\u00e9quipe de recherche pluridisciplinaire en sciences sociales du CEREGE de l\u2019IAE de La Rochelle pour la mise en r\u00e9cit du projet Territoire z\u00e9ro carbone 2040 afin [&hellip;]\" \/>\n<meta property=\"og:url\" content=\"https:\/\/dev-durable.agglo-larochelle.fr\/2022\/une-agglo-creative\/accompagnement-au-changement\/accompagnement-des-demarches-de-compostage-collectif\/\" \/>\n<meta property=\"og:site_name\" content=\"Rapport du d\u00e9veloppement durable\" \/>\n<meta property=\"article:modified_time\" content=\"2022-12-08T11:16:09+00:00\" \/>\n<meta property=\"og:image\" content=\"https:\/\/dev-durable.agglo-larochelle.fr\/2022\/wp-content\/uploads\/2022\/09\/grandes-dates-rapport-developpement-durable-2018-min.png\" \/>\n\t<meta property=\"og:image:width\" content=\"315\" \/>\n\t<meta property=\"og:image:height\" content=\"200\" \/>\n\t<meta property=\"og:image:type\" content=\"image\/png\" \/>\n<meta name=\"twitter:card\" content=\"summary_large_image\" \/>\n<meta name=\"twitter:label1\" content=\"Dur\u00e9e de lecture estim\u00e9e\" \/>\n\t<meta name=\"twitter:data1\" content=\"1 minute\" \/>\n<script type=\"application\/ld+json\" class=\"yoast-schema-graph\">{\"@context\":\"https:\/\/schema.org\",\"@graph\":[{\"@type\":\"WebPage\",\"@id\":\"https:\/\/dev-durable.agglo-larochelle.fr\/2022\/une-agglo-creative\/accompagnement-au-changement\/accompagnement-des-demarches-de-compostage-collectif\/\",\"url\":\"https:\/\/dev-durable.agglo-larochelle.fr\/2022\/une-agglo-creative\/accompagnement-au-changement\/accompagnement-des-demarches-de-compostage-collectif\/\",\"name\":\"Troisi\u00e8me ann\u00e9e de travail sur la mise en r\u00e9cits de l\u2019ambition LRTZC - Rapport du d\u00e9veloppement durable\",\"isPartOf\":{\"@id\":\"https:\/\/dev-durable.agglo-larochelle.fr\/2022\/#website\"},\"datePublished\":\"2021-01-05T09:10:06+00:00\",\"dateModified\":\"2022-12-08T11:16:09+00:00\",\"breadcrumb\":{\"@id\":\"https:\/\/dev-durable.agglo-larochelle.fr\/2022\/une-agglo-creative\/accompagnement-au-changement\/accompagnement-des-demarches-de-compostage-collectif\/#breadcrumb\"},\"inLanguage\":\"fr-FR\",\"potentialAction\":[{\"@type\":\"ReadAction\",\"target\":[\"https:\/\/dev-durable.agglo-larochelle.fr\/2022\/une-agglo-creative\/accompagnement-au-changement\/accompagnement-des-demarches-de-compostage-collectif\/\"]}]},{\"@type\":\"BreadcrumbList\",\"@id\":\"https:\/\/dev-durable.agglo-larochelle.fr\/2022\/une-agglo-creative\/accompagnement-au-changement\/accompagnement-des-demarches-de-compostage-collectif\/#breadcrumb\",\"itemListElement\":[{\"@type\":\"ListItem\",\"position\":1,\"name\":\"Accueil\",\"item\":\"https:\/\/dev-durable.agglo-larochelle.fr\/2022\/\"},{\"@type\":\"ListItem\",\"position\":2,\"name\":\"Une Agglo cr\u00e9ative\",\"item\":\"https:\/\/dev-durable.agglo-larochelle.fr\/2022\/une-agglo-creative\/\"},{\"@type\":\"ListItem\",\"position\":3,\"name\":\"Accompagnement au changement\",\"item\":\"https:\/\/dev-durable.agglo-larochelle.fr\/2022\/une-agglo-creative\/accompagnement-au-changement\/\"},{\"@type\":\"ListItem\",\"position\":4,\"name\":\"Troisi\u00e8me ann\u00e9e de travail sur la mise en r\u00e9cits de l\u2019ambition LRTZC\"}]},{\"@type\":\"WebSite\",\"@id\":\"https:\/\/dev-durable.agglo-larochelle.fr\/2022\/#website\",\"url\":\"https:\/\/dev-durable.agglo-larochelle.fr\/2022\/\",\"name\":\"Rapport du d\u00e9veloppement durable - 2022\",\"description\":\"Rapport 2022 du d\u00e9veloppement durable\",\"alternateName\":\"Communaut\u00e9 d'Agglom\u00e9ration de La Rochelle\",\"potentialAction\":[{\"@type\":\"SearchAction\",\"target\":{\"@type\":\"EntryPoint\",\"urlTemplate\":\"https:\/\/dev-durable.agglo-larochelle.fr\/2022\/?s={search_term_string}\"},\"query-input\":\"required name=search_term_string\"}],\"inLanguage\":\"fr-FR\"}]}<\/script>\n<!-- \/ Yoast SEO plugin. -->","yoast_head_json":{"title":"Troisi\u00e8me ann\u00e9e de travail sur la mise en r\u00e9cits de l\u2019ambition LRTZC - Rapport du d\u00e9veloppement durable","robots":{"index":"index","follow":"follow","max-snippet":"max-snippet:-1","max-image-preview":"max-image-preview:large","max-video-preview":"max-video-preview:-1"},"canonical":"https:\/\/dev-durable.agglo-larochelle.fr\/2022\/une-agglo-creative\/accompagnement-au-changement\/accompagnement-des-demarches-de-compostage-collectif\/","og_locale":"fr_FR","og_type":"article","og_title":"Troisi\u00e8me ann\u00e9e de travail sur la mise en r\u00e9cits de l\u2019ambition LRTZC - Rapport du d\u00e9veloppement durable","og_description":"La Rochelle Universit\u00e9, par son laboratoire de recherche\u00a0pluridisciplinaire en sciences sociales du CEREGE, m\u00e8ne un travail de mise en r\u00e9cit du projet Territoire z\u00e9ro carbone 2040. L\u2019Agglom\u00e9ration a sollicit\u00e9 l\u2019\u00e9quipe de recherche pluridisciplinaire en sciences sociales du CEREGE de l\u2019IAE de La Rochelle pour la mise en r\u00e9cit du projet Territoire z\u00e9ro carbone 2040 afin [&hellip;]","og_url":"https:\/\/dev-durable.agglo-larochelle.fr\/2022\/une-agglo-creative\/accompagnement-au-changement\/accompagnement-des-demarches-de-compostage-collectif\/","og_site_name":"Rapport du d\u00e9veloppement durable","article_modified_time":"2022-12-08T11:16:09+00:00","og_image":[{"width":315,"height":200,"url":"https:\/\/dev-durable.agglo-larochelle.fr\/2022\/wp-content\/uploads\/2022\/09\/grandes-dates-rapport-developpement-durable-2018-min.png","type":"image\/png"}],"twitter_card":"summary_large_image","twitter_misc":{"Dur\u00e9e de lecture estim\u00e9e":"1 minute"},"schema":{"@context":"https:\/\/schema.org","@graph":[{"@type":"WebPage","@id":"https:\/\/dev-durable.agglo-larochelle.fr\/2022\/une-agglo-creative\/accompagnement-au-changement\/accompagnement-des-demarches-de-compostage-collectif\/","url":"https:\/\/dev-durable.agglo-larochelle.fr\/2022\/une-agglo-creative\/accompagnement-au-changement\/accompagnement-des-demarches-de-compostage-collectif\/","name":"Troisi\u00e8me ann\u00e9e de travail sur la mise en r\u00e9cits de l\u2019ambition LRTZC - Rapport du d\u00e9veloppement durable","isPartOf":{"@id":"https:\/\/dev-durable.agglo-larochelle.fr\/2022\/#website"},"datePublished":"2021-01-05T09:10:06+00:00","dateModified":"2022-12-08T11:16:09+00:00","breadcrumb":{"@id":"https:\/\/dev-durable.agglo-larochelle.fr\/2022\/une-agglo-creative\/accompagnement-au-changement\/accompagnement-des-demarches-de-compostage-collectif\/#breadcrumb"},"inLanguage":"fr-FR","potentialAction":[{"@type":"ReadAction","target":["https:\/\/dev-durable.agglo-larochelle.fr\/2022\/une-agglo-creative\/accompagnement-au-changement\/accompagnement-des-demarches-de-compostage-collectif\/"]}]},{"@type":"BreadcrumbList","@id":"https:\/\/dev-durable.agglo-larochelle.fr\/2022\/une-agglo-creative\/accompagnement-au-changement\/accompagnement-des-demarches-de-compostage-collectif\/#breadcrumb","itemListElement":[{"@type":"ListItem","position":1,"name":"Accueil","item":"https:\/\/dev-durable.agglo-larochelle.fr\/2022\/"},{"@type":"ListItem","position":2,"name":"Une Agglo cr\u00e9ative","item":"https:\/\/dev-durable.agglo-larochelle.fr\/2022\/une-agglo-creative\/"},{"@type":"ListItem","position":3,"name":"Accompagnement au changement","item":"https:\/\/dev-durable.agglo-larochelle.fr\/2022\/une-agglo-creative\/accompagnement-au-changement\/"},{"@type":"ListItem","position":4,"name":"Troisi\u00e8me ann\u00e9e de travail sur la mise en r\u00e9cits de l\u2019ambition LRTZC"}]},{"@type":"WebSite","@id":"https:\/\/dev-durable.agglo-larochelle.fr\/2022\/#website","url":"https:\/\/dev-durable.agglo-larochelle.fr\/2022\/","name":"Rapport du d\u00e9veloppement durable - 2022","description":"Rapport 2022 du d\u00e9veloppement durable","alternateName":"Communaut\u00e9 d'Agglom\u00e9ration de La Rochelle","potentialAction":[{"@type":"SearchAction","target":{"@type":"EntryPoint","urlTemplate":"https:\/\/dev-durable.agglo-larochelle.fr\/2022\/?s={search_term_string}"},"query-input":"required name=search_term_string"}],"inLanguage":"fr-FR"}]}},"_links":{"self":[{"href":"https:\/\/dev-durable.agglo-larochelle.fr\/2022\/wp-json\/wp\/v2\/pages\/1446"}],"collection":[{"href":"https:\/\/dev-durable.agglo-larochelle.fr\/2022\/wp-json\/wp\/v2\/pages"}],"about":[{"href":"https:\/\/dev-durable.agglo-larochelle.fr\/2022\/wp-json\/wp\/v2\/types\/page"}],"author":[{"embeddable":true,"href":"https:\/\/dev-durable.agglo-larochelle.fr\/2022\/wp-json\/wp\/v2\/users\/1"}],"replies":[{"embeddable":true,"href":"https:\/\/dev-durable.agglo-larochelle.fr\/2022\/wp-json\/wp\/v2\/comments?post=1446"}],"version-history":[{"count":7,"href":"https:\/\/dev-durable.agglo-larochelle.fr\/2022\/wp-json\/wp\/v2\/pages\/1446\/revisions"}],"predecessor-version":[{"id":2659,"href":"https:\/\/dev-durable.agglo-larochelle.fr\/2022\/wp-json\/wp\/v2\/pages\/1446\/revisions\/2659"}],"up":[{"embeddable":true,"href":"https:\/\/dev-durable.agglo-larochelle.fr\/2022\/wp-json\/wp\/v2\/pages\/860"}],"wp:featuredmedia":[{"embeddable":true,"href":"https:\/\/dev-durable.agglo-larochelle.fr\/2022\/wp-json\/wp\/v2\/media\/2436"}],"wp:attachment":[{"href":"https:\/\/dev-durable.agglo-larochelle.fr\/2022\/wp-json\/wp\/v2\/media?parent=1446"}],"curies":[{"name":"wp","href":"https:\/\/api.w.org\/{rel}","templated":true}]}}