{"id":1456,"date":"2021-01-05T10:28:08","date_gmt":"2021-01-05T09:28:08","guid":{"rendered":"https:\/\/dev-durable.agglo-larochelle.fr\/20226.0.2\/?page_id=1456"},"modified":"2022-12-08T10:19:48","modified_gmt":"2022-12-08T09:19:48","slug":"atelier-mediation-en-mobilite","status":"publish","type":"page","link":"https:\/\/dev-durable.agglo-larochelle.fr\/2022\/une-agglo-creative\/accompagnement-au-changement\/atelier-mediation-en-mobilite\/","title":{"rendered":"Les \u00e9l\u00e8ves rochelais inventent leur territoire en 2040 dans des r\u00e9cits prospectifs"},"content":{"rendered":"<p><strong>L\u2019Agglom\u00e9ration soutient des projets p\u00e9dagogiques invitant les \u00e9l\u00e8ves du cycle 3 jusqu\u2019\u00e0 la Terminale \u00e0 imaginer et projeter leur vie quotidienne d\u00e9carbon\u00e9e \u00e0 l\u2019horizon 2040.\u00a0<\/strong><\/p>\n<p>L\u2019adh\u00e9sion des habitants au programme LRTZC, et de mani\u00e8re plus large, \u00e0 l\u2019id\u00e9e d\u2019une transition \u00e9cologique impactant le quotidien, passe par la mise en r\u00e9cit de futurs possibles. Dans ce sens, l\u2019Agglom\u00e9ration a lanc\u00e9 un appel \u00e0 projets \u00e0 destination des \u00e9coles, coll\u00e8ges et lyc\u00e9es du territoire, afin qu\u2019ils imaginent leur vie sur leur territoire d\u00e9carbon\u00e9 en 2040. Les classes et \u00e9tablissements ont \u00e9t\u00e9 invit\u00e9s \u00e0 d\u00e9poser leur projet jusqu\u2019\u00e0 l\u2019automne, en vue de se voir attribuer une subvention pour accompagner le d\u00e9veloppement de leur id\u00e9e.<\/p>\n","protected":false},"excerpt":{"rendered":"<p>L\u2019Agglom\u00e9ration soutient des projets p\u00e9dagogiques invitant les \u00e9l\u00e8ves du cycle 3 jusqu\u2019\u00e0 la Terminale \u00e0 imaginer et projeter leur vie quotidienne d\u00e9carbon\u00e9e \u00e0 l\u2019horizon 2040.\u00a0 L\u2019adh\u00e9sion des habitants au programme LRTZC, et de mani\u00e8re plus large, \u00e0 l\u2019id\u00e9e d\u2019une transition \u00e9cologique impactant le quotidien, passe par la mise en r\u00e9cit de futurs possibles. Dans ce [&hellip;]<\/p>\n","protected":false},"author":1,"featured_media":2924,"parent":860,"menu_order":2,"comment_status":"closed","ping_status":"closed","template":"page-sous-partie.php","meta":[],"acf":[],"yoast_head":"<!-- This site is optimized with the Yoast SEO plugin v19.12 - https:\/\/yoast.com\/wordpress\/plugins\/seo\/ -->\n<title>Les \u00e9l\u00e8ves rochelais inventent leur territoire en 2040 dans des r\u00e9cits prospectifs - Rapport du d\u00e9veloppement durable<\/title>\n<meta name=\"robots\" content=\"index, follow, max-snippet:-1, max-image-preview:large, max-video-preview:-1\" \/>\n<link rel=\"canonical\" href=\"https:\/\/dev-durable.agglo-larochelle.fr\/2022\/une-agglo-creative\/accompagnement-au-changement\/atelier-mediation-en-mobilite\/\" \/>\n<meta property=\"og:locale\" content=\"fr_FR\" \/>\n<meta property=\"og:type\" content=\"article\" \/>\n<meta property=\"og:title\" content=\"Les \u00e9l\u00e8ves rochelais inventent leur territoire en 2040 dans des r\u00e9cits prospectifs - Rapport du d\u00e9veloppement durable\" \/>\n<meta property=\"og:description\" content=\"L\u2019Agglom\u00e9ration soutient des projets p\u00e9dagogiques invitant les \u00e9l\u00e8ves du cycle 3 jusqu\u2019\u00e0 la Terminale \u00e0 imaginer et projeter leur vie quotidienne d\u00e9carbon\u00e9e \u00e0 l\u2019horizon 2040.\u00a0 L\u2019adh\u00e9sion des habitants au programme LRTZC, et de mani\u00e8re plus large, \u00e0 l\u2019id\u00e9e d\u2019une transition \u00e9cologique impactant le quotidien, passe par la mise en r\u00e9cit de futurs possibles. Dans ce [&hellip;]\" \/>\n<meta property=\"og:url\" content=\"https:\/\/dev-durable.agglo-larochelle.fr\/2022\/une-agglo-creative\/accompagnement-au-changement\/atelier-mediation-en-mobilite\/\" \/>\n<meta property=\"og:site_name\" content=\"Rapport du d\u00e9veloppement durable\" \/>\n<meta property=\"article:modified_time\" content=\"2022-12-08T09:19:48+00:00\" \/>\n<meta property=\"og:image\" content=\"https:\/\/dev-durable.agglo-larochelle.fr\/2022\/wp-content\/uploads\/2022\/12\/enfant-2040.jpg\" \/>\n\t<meta property=\"og:image:width\" content=\"650\" \/>\n\t<meta property=\"og:image:height\" content=\"300\" \/>\n\t<meta property=\"og:image:type\" content=\"image\/jpeg\" \/>\n<meta name=\"twitter:card\" content=\"summary_large_image\" \/>\n<meta name=\"twitter:label1\" content=\"Dur\u00e9e de lecture estim\u00e9e\" \/>\n\t<meta name=\"twitter:data1\" content=\"1 minute\" \/>\n<script type=\"application\/ld+json\" class=\"yoast-schema-graph\">{\"@context\":\"https:\/\/schema.org\",\"@graph\":[{\"@type\":\"WebPage\",\"@id\":\"https:\/\/dev-durable.agglo-larochelle.fr\/2022\/une-agglo-creative\/accompagnement-au-changement\/atelier-mediation-en-mobilite\/\",\"url\":\"https:\/\/dev-durable.agglo-larochelle.fr\/2022\/une-agglo-creative\/accompagnement-au-changement\/atelier-mediation-en-mobilite\/\",\"name\":\"Les \u00e9l\u00e8ves rochelais inventent leur territoire en 2040 dans des r\u00e9cits prospectifs - Rapport du d\u00e9veloppement durable\",\"isPartOf\":{\"@id\":\"https:\/\/dev-durable.agglo-larochelle.fr\/2022\/#website\"},\"datePublished\":\"2021-01-05T09:28:08+00:00\",\"dateModified\":\"2022-12-08T09:19:48+00:00\",\"breadcrumb\":{\"@id\":\"https:\/\/dev-durable.agglo-larochelle.fr\/2022\/une-agglo-creative\/accompagnement-au-changement\/atelier-mediation-en-mobilite\/#breadcrumb\"},\"inLanguage\":\"fr-FR\",\"potentialAction\":[{\"@type\":\"ReadAction\",\"target\":[\"https:\/\/dev-durable.agglo-larochelle.fr\/2022\/une-agglo-creative\/accompagnement-au-changement\/atelier-mediation-en-mobilite\/\"]}]},{\"@type\":\"BreadcrumbList\",\"@id\":\"https:\/\/dev-durable.agglo-larochelle.fr\/2022\/une-agglo-creative\/accompagnement-au-changement\/atelier-mediation-en-mobilite\/#breadcrumb\",\"itemListElement\":[{\"@type\":\"ListItem\",\"position\":1,\"name\":\"Accueil\",\"item\":\"https:\/\/dev-durable.agglo-larochelle.fr\/2022\/\"},{\"@type\":\"ListItem\",\"position\":2,\"name\":\"Une Agglo cr\u00e9ative\",\"item\":\"https:\/\/dev-durable.agglo-larochelle.fr\/2022\/une-agglo-creative\/\"},{\"@type\":\"ListItem\",\"position\":3,\"name\":\"Accompagnement au changement\",\"item\":\"https:\/\/dev-durable.agglo-larochelle.fr\/2022\/une-agglo-creative\/accompagnement-au-changement\/\"},{\"@type\":\"ListItem\",\"position\":4,\"name\":\"Les \u00e9l\u00e8ves rochelais inventent leur territoire en 2040 dans des r\u00e9cits prospectifs\"}]},{\"@type\":\"WebSite\",\"@id\":\"https:\/\/dev-durable.agglo-larochelle.fr\/2022\/#website\",\"url\":\"https:\/\/dev-durable.agglo-larochelle.fr\/2022\/\",\"name\":\"Rapport du d\u00e9veloppement durable - 2022\",\"description\":\"Rapport 2022 du d\u00e9veloppement durable\",\"alternateName\":\"Communaut\u00e9 d'Agglom\u00e9ration de La Rochelle\",\"potentialAction\":[{\"@type\":\"SearchAction\",\"target\":{\"@type\":\"EntryPoint\",\"urlTemplate\":\"https:\/\/dev-durable.agglo-larochelle.fr\/2022\/?s={search_term_string}\"},\"query-input\":\"required name=search_term_string\"}],\"inLanguage\":\"fr-FR\"}]}<\/script>\n<!-- \/ Yoast SEO plugin. -->","yoast_head_json":{"title":"Les \u00e9l\u00e8ves rochelais inventent leur territoire en 2040 dans des r\u00e9cits prospectifs - Rapport du d\u00e9veloppement durable","robots":{"index":"index","follow":"follow","max-snippet":"max-snippet:-1","max-image-preview":"max-image-preview:large","max-video-preview":"max-video-preview:-1"},"canonical":"https:\/\/dev-durable.agglo-larochelle.fr\/2022\/une-agglo-creative\/accompagnement-au-changement\/atelier-mediation-en-mobilite\/","og_locale":"fr_FR","og_type":"article","og_title":"Les \u00e9l\u00e8ves rochelais inventent leur territoire en 2040 dans des r\u00e9cits prospectifs - Rapport du d\u00e9veloppement durable","og_description":"L\u2019Agglom\u00e9ration soutient des projets p\u00e9dagogiques invitant les \u00e9l\u00e8ves du cycle 3 jusqu\u2019\u00e0 la Terminale \u00e0 imaginer et projeter leur vie quotidienne d\u00e9carbon\u00e9e \u00e0 l\u2019horizon 2040.\u00a0 L\u2019adh\u00e9sion des habitants au programme LRTZC, et de mani\u00e8re plus large, \u00e0 l\u2019id\u00e9e d\u2019une transition \u00e9cologique impactant le quotidien, passe par la mise en r\u00e9cit de futurs possibles. Dans ce [&hellip;]","og_url":"https:\/\/dev-durable.agglo-larochelle.fr\/2022\/une-agglo-creative\/accompagnement-au-changement\/atelier-mediation-en-mobilite\/","og_site_name":"Rapport du d\u00e9veloppement durable","article_modified_time":"2022-12-08T09:19:48+00:00","og_image":[{"width":650,"height":300,"url":"https:\/\/dev-durable.agglo-larochelle.fr\/2022\/wp-content\/uploads\/2022\/12\/enfant-2040.jpg","type":"image\/jpeg"}],"twitter_card":"summary_large_image","twitter_misc":{"Dur\u00e9e de lecture estim\u00e9e":"1 minute"},"schema":{"@context":"https:\/\/schema.org","@graph":[{"@type":"WebPage","@id":"https:\/\/dev-durable.agglo-larochelle.fr\/2022\/une-agglo-creative\/accompagnement-au-changement\/atelier-mediation-en-mobilite\/","url":"https:\/\/dev-durable.agglo-larochelle.fr\/2022\/une-agglo-creative\/accompagnement-au-changement\/atelier-mediation-en-mobilite\/","name":"Les \u00e9l\u00e8ves rochelais inventent leur territoire en 2040 dans des r\u00e9cits prospectifs - Rapport du d\u00e9veloppement durable","isPartOf":{"@id":"https:\/\/dev-durable.agglo-larochelle.fr\/2022\/#website"},"datePublished":"2021-01-05T09:28:08+00:00","dateModified":"2022-12-08T09:19:48+00:00","breadcrumb":{"@id":"https:\/\/dev-durable.agglo-larochelle.fr\/2022\/une-agglo-creative\/accompagnement-au-changement\/atelier-mediation-en-mobilite\/#breadcrumb"},"inLanguage":"fr-FR","potentialAction":[{"@type":"ReadAction","target":["https:\/\/dev-durable.agglo-larochelle.fr\/2022\/une-agglo-creative\/accompagnement-au-changement\/atelier-mediation-en-mobilite\/"]}]},{"@type":"BreadcrumbList","@id":"https:\/\/dev-durable.agglo-larochelle.fr\/2022\/une-agglo-creative\/accompagnement-au-changement\/atelier-mediation-en-mobilite\/#breadcrumb","itemListElement":[{"@type":"ListItem","position":1,"name":"Accueil","item":"https:\/\/dev-durable.agglo-larochelle.fr\/2022\/"},{"@type":"ListItem","position":2,"name":"Une Agglo cr\u00e9ative","item":"https:\/\/dev-durable.agglo-larochelle.fr\/2022\/une-agglo-creative\/"},{"@type":"ListItem","position":3,"name":"Accompagnement au changement","item":"https:\/\/dev-durable.agglo-larochelle.fr\/2022\/une-agglo-creative\/accompagnement-au-changement\/"},{"@type":"ListItem","position":4,"name":"Les \u00e9l\u00e8ves rochelais inventent leur territoire en 2040 dans des r\u00e9cits prospectifs"}]},{"@type":"WebSite","@id":"https:\/\/dev-durable.agglo-larochelle.fr\/2022\/#website","url":"https:\/\/dev-durable.agglo-larochelle.fr\/2022\/","name":"Rapport du d\u00e9veloppement durable - 2022","description":"Rapport 2022 du d\u00e9veloppement durable","alternateName":"Communaut\u00e9 d'Agglom\u00e9ration de La Rochelle","potentialAction":[{"@type":"SearchAction","target":{"@type":"EntryPoint","urlTemplate":"https:\/\/dev-durable.agglo-larochelle.fr\/2022\/?s={search_term_string}"},"query-input":"required name=search_term_string"}],"inLanguage":"fr-FR"}]}},"_links":{"self":[{"href":"https:\/\/dev-durable.agglo-larochelle.fr\/2022\/wp-json\/wp\/v2\/pages\/1456"}],"collection":[{"href":"https:\/\/dev-durable.agglo-larochelle.fr\/2022\/wp-json\/wp\/v2\/pages"}],"about":[{"href":"https:\/\/dev-durable.agglo-larochelle.fr\/2022\/wp-json\/wp\/v2\/types\/page"}],"author":[{"embeddable":true,"href":"https:\/\/dev-durable.agglo-larochelle.fr\/2022\/wp-json\/wp\/v2\/users\/1"}],"replies":[{"embeddable":true,"href":"https:\/\/dev-durable.agglo-larochelle.fr\/2022\/wp-json\/wp\/v2\/comments?post=1456"}],"version-history":[{"count":6,"href":"https:\/\/dev-durable.agglo-larochelle.fr\/2022\/wp-json\/wp\/v2\/pages\/1456\/revisions"}],"predecessor-version":[{"id":2662,"href":"https:\/\/dev-durable.agglo-larochelle.fr\/2022\/wp-json\/wp\/v2\/pages\/1456\/revisions\/2662"}],"up":[{"embeddable":true,"href":"https:\/\/dev-durable.agglo-larochelle.fr\/2022\/wp-json\/wp\/v2\/pages\/860"}],"wp:featuredmedia":[{"embeddable":true,"href":"https:\/\/dev-durable.agglo-larochelle.fr\/2022\/wp-json\/wp\/v2\/media\/2924"}],"wp:attachment":[{"href":"https:\/\/dev-durable.agglo-larochelle.fr\/2022\/wp-json\/wp\/v2\/media?parent=1456"}],"curies":[{"name":"wp","href":"https:\/\/api.w.org\/{rel}","templated":true}]}}