{"id":1475,"date":"2021-01-05T10:49:32","date_gmt":"2021-01-05T09:49:32","guid":{"rendered":"https:\/\/dev-durable.agglo-larochelle.fr\/20226.0.2\/?page_id=1475"},"modified":"2022-12-08T11:00:07","modified_gmt":"2022-12-08T10:00:07","slug":"covid-19-plan-daccompagnement-a-leconomie-et-a-lemploi","status":"publish","type":"page","link":"https:\/\/dev-durable.agglo-larochelle.fr\/2022\/une-agglo-solidaire\/insertion\/covid-19-plan-daccompagnement-a-leconomie-et-a-lemploi\/","title":{"rendered":"Des partenariats se cr\u00e9ent pour faciliter l\u2019h\u00e9bergement \u00e9tudiant"},"content":{"rendered":"<p><strong>Pour r\u00e9pondre \u00e0 la forte demande de logements \u00e9tudiants sur le territoire, les acteurs concern\u00e9s se sont organis\u00e9s pour mettre en \u0153uvre des dispositifs adapt\u00e9s.<\/strong><\/p>\n<p>L\u2019attractivit\u00e9 du territoire rochelais aupr\u00e8s des \u00e9tudiants, conjugu\u00e9e aux effets de la crise sanitaire, entra\u00eenent une tr\u00e8s forte tension sur l\u2019offre d\u2019h\u00e9bergement universitaire. Pour faire face \u00e0 cette situation, l\u2019Agglom\u00e9ration, le CCAS de La Rochelle, le CROUS de Poitiers, des acteurs locaux de l\u2019action sociale et les \u00e9tablissements d\u2019enseignement sup\u00e9rieur, dans le cadre du Sch\u00e9ma Local d\u2019Enseignement Sup\u00e9rieur de la Recherche et de l\u2019Innovation, ont \u00e9labor\u00e9 un dispositif d\u2019h\u00e9bergement temporaire des \u00e9tudiants en carence de logement. Un groupe de travail a \u00e9t\u00e9 constitu\u00e9 entre ces partenaires, et une convention entre l\u2019Agglom\u00e9ration et des professionnels h\u00e9bergeurs a \u00e9t\u00e9 sign\u00e9e, qui permet de r\u00e9server aupr\u00e8s de ces derniers pr\u00e8s de cinquante logements temporaires aux \u00e9tudiants.<\/p>\n","protected":false},"excerpt":{"rendered":"<p>Pour r\u00e9pondre \u00e0 la forte demande de logements \u00e9tudiants sur le territoire, les acteurs concern\u00e9s se sont organis\u00e9s pour mettre en \u0153uvre des dispositifs adapt\u00e9s. L\u2019attractivit\u00e9 du territoire rochelais aupr\u00e8s des \u00e9tudiants, conjugu\u00e9e aux effets de la crise sanitaire, entra\u00eenent une tr\u00e8s forte tension sur l\u2019offre d\u2019h\u00e9bergement universitaire. Pour faire face \u00e0 cette situation, l\u2019Agglom\u00e9ration, [&hellip;]<\/p>\n","protected":false},"author":1,"featured_media":2931,"parent":312,"menu_order":1,"comment_status":"closed","ping_status":"closed","template":"page-sous-partie.php","meta":[],"acf":[],"yoast_head":"<!-- This site is optimized with the Yoast SEO plugin v19.12 - https:\/\/yoast.com\/wordpress\/plugins\/seo\/ -->\n<title>Des partenariats se cr\u00e9ent pour faciliter l\u2019h\u00e9bergement \u00e9tudiant - Rapport du d\u00e9veloppement durable<\/title>\n<meta name=\"robots\" content=\"index, follow, max-snippet:-1, max-image-preview:large, max-video-preview:-1\" \/>\n<link rel=\"canonical\" href=\"https:\/\/dev-durable.agglo-larochelle.fr\/2022\/une-agglo-solidaire\/insertion\/covid-19-plan-daccompagnement-a-leconomie-et-a-lemploi\/\" \/>\n<meta property=\"og:locale\" content=\"fr_FR\" \/>\n<meta property=\"og:type\" content=\"article\" \/>\n<meta property=\"og:title\" content=\"Des partenariats se cr\u00e9ent pour faciliter l\u2019h\u00e9bergement \u00e9tudiant - Rapport du d\u00e9veloppement durable\" \/>\n<meta property=\"og:description\" content=\"Pour r\u00e9pondre \u00e0 la forte demande de logements \u00e9tudiants sur le territoire, les acteurs concern\u00e9s se sont organis\u00e9s pour mettre en \u0153uvre des dispositifs adapt\u00e9s. L\u2019attractivit\u00e9 du territoire rochelais aupr\u00e8s des \u00e9tudiants, conjugu\u00e9e aux effets de la crise sanitaire, entra\u00eenent une tr\u00e8s forte tension sur l\u2019offre d\u2019h\u00e9bergement universitaire. Pour faire face \u00e0 cette situation, l\u2019Agglom\u00e9ration, [&hellip;]\" \/>\n<meta property=\"og:url\" content=\"https:\/\/dev-durable.agglo-larochelle.fr\/2022\/une-agglo-solidaire\/insertion\/covid-19-plan-daccompagnement-a-leconomie-et-a-lemploi\/\" \/>\n<meta property=\"og:site_name\" content=\"Rapport du d\u00e9veloppement durable\" \/>\n<meta property=\"article:modified_time\" content=\"2022-12-08T10:00:07+00:00\" \/>\n<meta property=\"og:image\" content=\"https:\/\/dev-durable.agglo-larochelle.fr\/2022\/wp-content\/uploads\/2022\/12\/logement-etudiant.jpg\" \/>\n\t<meta property=\"og:image:width\" content=\"650\" \/>\n\t<meta property=\"og:image:height\" content=\"300\" \/>\n\t<meta property=\"og:image:type\" content=\"image\/jpeg\" \/>\n<meta name=\"twitter:card\" content=\"summary_large_image\" \/>\n<meta name=\"twitter:label1\" content=\"Dur\u00e9e de lecture estim\u00e9e\" \/>\n\t<meta name=\"twitter:data1\" content=\"1 minute\" \/>\n<script type=\"application\/ld+json\" class=\"yoast-schema-graph\">{\"@context\":\"https:\/\/schema.org\",\"@graph\":[{\"@type\":\"WebPage\",\"@id\":\"https:\/\/dev-durable.agglo-larochelle.fr\/2022\/une-agglo-solidaire\/insertion\/covid-19-plan-daccompagnement-a-leconomie-et-a-lemploi\/\",\"url\":\"https:\/\/dev-durable.agglo-larochelle.fr\/2022\/une-agglo-solidaire\/insertion\/covid-19-plan-daccompagnement-a-leconomie-et-a-lemploi\/\",\"name\":\"Des partenariats se cr\u00e9ent pour faciliter l\u2019h\u00e9bergement \u00e9tudiant - Rapport du d\u00e9veloppement durable\",\"isPartOf\":{\"@id\":\"https:\/\/dev-durable.agglo-larochelle.fr\/2022\/#website\"},\"datePublished\":\"2021-01-05T09:49:32+00:00\",\"dateModified\":\"2022-12-08T10:00:07+00:00\",\"breadcrumb\":{\"@id\":\"https:\/\/dev-durable.agglo-larochelle.fr\/2022\/une-agglo-solidaire\/insertion\/covid-19-plan-daccompagnement-a-leconomie-et-a-lemploi\/#breadcrumb\"},\"inLanguage\":\"fr-FR\",\"potentialAction\":[{\"@type\":\"ReadAction\",\"target\":[\"https:\/\/dev-durable.agglo-larochelle.fr\/2022\/une-agglo-solidaire\/insertion\/covid-19-plan-daccompagnement-a-leconomie-et-a-lemploi\/\"]}]},{\"@type\":\"BreadcrumbList\",\"@id\":\"https:\/\/dev-durable.agglo-larochelle.fr\/2022\/une-agglo-solidaire\/insertion\/covid-19-plan-daccompagnement-a-leconomie-et-a-lemploi\/#breadcrumb\",\"itemListElement\":[{\"@type\":\"ListItem\",\"position\":1,\"name\":\"Accueil\",\"item\":\"https:\/\/dev-durable.agglo-larochelle.fr\/2022\/\"},{\"@type\":\"ListItem\",\"position\":2,\"name\":\"Une Agglo solidaire\",\"item\":\"https:\/\/dev-durable.agglo-larochelle.fr\/2022\/une-agglo-solidaire\/\"},{\"@type\":\"ListItem\",\"position\":3,\"name\":\"Insertion\",\"item\":\"https:\/\/dev-durable.agglo-larochelle.fr\/2022\/une-agglo-solidaire\/insertion\/\"},{\"@type\":\"ListItem\",\"position\":4,\"name\":\"Des partenariats se cr\u00e9ent pour faciliter l\u2019h\u00e9bergement \u00e9tudiant\"}]},{\"@type\":\"WebSite\",\"@id\":\"https:\/\/dev-durable.agglo-larochelle.fr\/2022\/#website\",\"url\":\"https:\/\/dev-durable.agglo-larochelle.fr\/2022\/\",\"name\":\"Rapport du d\u00e9veloppement durable - 2022\",\"description\":\"Rapport 2022 du d\u00e9veloppement durable\",\"alternateName\":\"Communaut\u00e9 d'Agglom\u00e9ration de La Rochelle\",\"potentialAction\":[{\"@type\":\"SearchAction\",\"target\":{\"@type\":\"EntryPoint\",\"urlTemplate\":\"https:\/\/dev-durable.agglo-larochelle.fr\/2022\/?s={search_term_string}\"},\"query-input\":\"required name=search_term_string\"}],\"inLanguage\":\"fr-FR\"}]}<\/script>\n<!-- \/ Yoast SEO plugin. -->","yoast_head_json":{"title":"Des partenariats se cr\u00e9ent pour faciliter l\u2019h\u00e9bergement \u00e9tudiant - Rapport du d\u00e9veloppement durable","robots":{"index":"index","follow":"follow","max-snippet":"max-snippet:-1","max-image-preview":"max-image-preview:large","max-video-preview":"max-video-preview:-1"},"canonical":"https:\/\/dev-durable.agglo-larochelle.fr\/2022\/une-agglo-solidaire\/insertion\/covid-19-plan-daccompagnement-a-leconomie-et-a-lemploi\/","og_locale":"fr_FR","og_type":"article","og_title":"Des partenariats se cr\u00e9ent pour faciliter l\u2019h\u00e9bergement \u00e9tudiant - Rapport du d\u00e9veloppement durable","og_description":"Pour r\u00e9pondre \u00e0 la forte demande de logements \u00e9tudiants sur le territoire, les acteurs concern\u00e9s se sont organis\u00e9s pour mettre en \u0153uvre des dispositifs adapt\u00e9s. L\u2019attractivit\u00e9 du territoire rochelais aupr\u00e8s des \u00e9tudiants, conjugu\u00e9e aux effets de la crise sanitaire, entra\u00eenent une tr\u00e8s forte tension sur l\u2019offre d\u2019h\u00e9bergement universitaire. Pour faire face \u00e0 cette situation, l\u2019Agglom\u00e9ration, [&hellip;]","og_url":"https:\/\/dev-durable.agglo-larochelle.fr\/2022\/une-agglo-solidaire\/insertion\/covid-19-plan-daccompagnement-a-leconomie-et-a-lemploi\/","og_site_name":"Rapport du d\u00e9veloppement durable","article_modified_time":"2022-12-08T10:00:07+00:00","og_image":[{"width":650,"height":300,"url":"https:\/\/dev-durable.agglo-larochelle.fr\/2022\/wp-content\/uploads\/2022\/12\/logement-etudiant.jpg","type":"image\/jpeg"}],"twitter_card":"summary_large_image","twitter_misc":{"Dur\u00e9e de lecture estim\u00e9e":"1 minute"},"schema":{"@context":"https:\/\/schema.org","@graph":[{"@type":"WebPage","@id":"https:\/\/dev-durable.agglo-larochelle.fr\/2022\/une-agglo-solidaire\/insertion\/covid-19-plan-daccompagnement-a-leconomie-et-a-lemploi\/","url":"https:\/\/dev-durable.agglo-larochelle.fr\/2022\/une-agglo-solidaire\/insertion\/covid-19-plan-daccompagnement-a-leconomie-et-a-lemploi\/","name":"Des partenariats se cr\u00e9ent pour faciliter l\u2019h\u00e9bergement \u00e9tudiant - Rapport du d\u00e9veloppement durable","isPartOf":{"@id":"https:\/\/dev-durable.agglo-larochelle.fr\/2022\/#website"},"datePublished":"2021-01-05T09:49:32+00:00","dateModified":"2022-12-08T10:00:07+00:00","breadcrumb":{"@id":"https:\/\/dev-durable.agglo-larochelle.fr\/2022\/une-agglo-solidaire\/insertion\/covid-19-plan-daccompagnement-a-leconomie-et-a-lemploi\/#breadcrumb"},"inLanguage":"fr-FR","potentialAction":[{"@type":"ReadAction","target":["https:\/\/dev-durable.agglo-larochelle.fr\/2022\/une-agglo-solidaire\/insertion\/covid-19-plan-daccompagnement-a-leconomie-et-a-lemploi\/"]}]},{"@type":"BreadcrumbList","@id":"https:\/\/dev-durable.agglo-larochelle.fr\/2022\/une-agglo-solidaire\/insertion\/covid-19-plan-daccompagnement-a-leconomie-et-a-lemploi\/#breadcrumb","itemListElement":[{"@type":"ListItem","position":1,"name":"Accueil","item":"https:\/\/dev-durable.agglo-larochelle.fr\/2022\/"},{"@type":"ListItem","position":2,"name":"Une Agglo solidaire","item":"https:\/\/dev-durable.agglo-larochelle.fr\/2022\/une-agglo-solidaire\/"},{"@type":"ListItem","position":3,"name":"Insertion","item":"https:\/\/dev-durable.agglo-larochelle.fr\/2022\/une-agglo-solidaire\/insertion\/"},{"@type":"ListItem","position":4,"name":"Des partenariats se cr\u00e9ent pour faciliter l\u2019h\u00e9bergement \u00e9tudiant"}]},{"@type":"WebSite","@id":"https:\/\/dev-durable.agglo-larochelle.fr\/2022\/#website","url":"https:\/\/dev-durable.agglo-larochelle.fr\/2022\/","name":"Rapport du d\u00e9veloppement durable - 2022","description":"Rapport 2022 du d\u00e9veloppement durable","alternateName":"Communaut\u00e9 d'Agglom\u00e9ration de La Rochelle","potentialAction":[{"@type":"SearchAction","target":{"@type":"EntryPoint","urlTemplate":"https:\/\/dev-durable.agglo-larochelle.fr\/2022\/?s={search_term_string}"},"query-input":"required name=search_term_string"}],"inLanguage":"fr-FR"}]}},"_links":{"self":[{"href":"https:\/\/dev-durable.agglo-larochelle.fr\/2022\/wp-json\/wp\/v2\/pages\/1475"}],"collection":[{"href":"https:\/\/dev-durable.agglo-larochelle.fr\/2022\/wp-json\/wp\/v2\/pages"}],"about":[{"href":"https:\/\/dev-durable.agglo-larochelle.fr\/2022\/wp-json\/wp\/v2\/types\/page"}],"author":[{"embeddable":true,"href":"https:\/\/dev-durable.agglo-larochelle.fr\/2022\/wp-json\/wp\/v2\/users\/1"}],"replies":[{"embeddable":true,"href":"https:\/\/dev-durable.agglo-larochelle.fr\/2022\/wp-json\/wp\/v2\/comments?post=1475"}],"version-history":[{"count":8,"href":"https:\/\/dev-durable.agglo-larochelle.fr\/2022\/wp-json\/wp\/v2\/pages\/1475\/revisions"}],"predecessor-version":[{"id":2683,"href":"https:\/\/dev-durable.agglo-larochelle.fr\/2022\/wp-json\/wp\/v2\/pages\/1475\/revisions\/2683"}],"up":[{"embeddable":true,"href":"https:\/\/dev-durable.agglo-larochelle.fr\/2022\/wp-json\/wp\/v2\/pages\/312"}],"wp:featuredmedia":[{"embeddable":true,"href":"https:\/\/dev-durable.agglo-larochelle.fr\/2022\/wp-json\/wp\/v2\/media\/2931"}],"wp:attachment":[{"href":"https:\/\/dev-durable.agglo-larochelle.fr\/2022\/wp-json\/wp\/v2\/media?parent=1475"}],"curies":[{"name":"wp","href":"https:\/\/api.w.org\/{rel}","templated":true}]}}