{"id":1477,"date":"2021-01-05T10:52:30","date_gmt":"2021-01-05T09:52:30","guid":{"rendered":"https:\/\/dev-durable.agglo-larochelle.fr\/20226.0.2\/?page_id=1477"},"modified":"2022-12-08T10:53:56","modified_gmt":"2022-12-08T09:53:56","slug":"projet-europeen-genderedlandscape","status":"publish","type":"page","link":"https:\/\/dev-durable.agglo-larochelle.fr\/2022\/une-agglo-solidaire\/insertion\/projet-europeen-genderedlandscape\/","title":{"rendered":"Le Territoire expose et promeut la science au f\u00e9minin"},"content":{"rendered":"<p><strong>L\u2019Agglom\u00e9ration a accueilli l\u2019exposition Les Sciences\u2019Elles du Centre National de la Recherche\u00a0Scientifique (CNRS) pour promouvoir les carri\u00e8res scientifiques aupr\u00e8s des femmes. Ce partenariat prend place dans le projet Urbact \u00ab\u00a0Gendered Landscape\u00a0\u00bb.<\/strong><\/p>\n<p>L\u2019exposition Les Sciences\u2019Elles du CNRS pr\u00e9sente des portraits de chercheuses, qui t\u00e9moignent de leur engagement, de leur passion, de leurs comp\u00e9tences dans tous les domaines de la recherche scientifique. Cette exposition a \u00e9t\u00e9 pr\u00e9sent\u00e9e au printemps au Clo\u00eetre des Dames Blanches, \u00e0 La Rochelle. Elle s\u2019inscrivait dans le projet Urbact \u00ab\u00a0Gendered Lanscape\u00a0\u00bb qui rassemble six villes et agglom\u00e9rations europ\u00e9ennes \u2013 dont La Rochelle \u2013 qui r\u00e9fl\u00e9chissent ensemble \u00e0 ce qui peut \u00eatre mis en place pour installer l\u2019\u00e9galit\u00e9 femmes-hommes au c\u0153ur des politiques locales.<\/p>\n","protected":false},"excerpt":{"rendered":"<p>L\u2019Agglom\u00e9ration a accueilli l\u2019exposition Les Sciences\u2019Elles du Centre National de la Recherche\u00a0Scientifique (CNRS) pour promouvoir les carri\u00e8res scientifiques aupr\u00e8s des femmes. Ce partenariat prend place dans le projet Urbact \u00ab\u00a0Gendered Landscape\u00a0\u00bb. L\u2019exposition Les Sciences\u2019Elles du CNRS pr\u00e9sente des portraits de chercheuses, qui t\u00e9moignent de leur engagement, de leur passion, de leurs comp\u00e9tences dans tous les [&hellip;]<\/p>\n","protected":false},"author":1,"featured_media":2174,"parent":312,"menu_order":2,"comment_status":"closed","ping_status":"closed","template":"page-sous-partie.php","meta":[],"acf":[],"yoast_head":"<!-- This site is optimized with the Yoast SEO plugin v19.12 - https:\/\/yoast.com\/wordpress\/plugins\/seo\/ -->\n<title>Le Territoire expose et promeut la science au f\u00e9minin - Rapport du d\u00e9veloppement durable<\/title>\n<meta name=\"robots\" content=\"index, follow, max-snippet:-1, max-image-preview:large, max-video-preview:-1\" \/>\n<link rel=\"canonical\" href=\"https:\/\/dev-durable.agglo-larochelle.fr\/2022\/une-agglo-solidaire\/insertion\/projet-europeen-genderedlandscape\/\" \/>\n<meta property=\"og:locale\" content=\"fr_FR\" \/>\n<meta property=\"og:type\" content=\"article\" \/>\n<meta property=\"og:title\" content=\"Le Territoire expose et promeut la science au f\u00e9minin - Rapport du d\u00e9veloppement durable\" \/>\n<meta property=\"og:description\" content=\"L\u2019Agglom\u00e9ration a accueilli l\u2019exposition Les Sciences\u2019Elles du Centre National de la Recherche\u00a0Scientifique (CNRS) pour promouvoir les carri\u00e8res scientifiques aupr\u00e8s des femmes. Ce partenariat prend place dans le projet Urbact \u00ab\u00a0Gendered Landscape\u00a0\u00bb. L\u2019exposition Les Sciences\u2019Elles du CNRS pr\u00e9sente des portraits de chercheuses, qui t\u00e9moignent de leur engagement, de leur passion, de leurs comp\u00e9tences dans tous les [&hellip;]\" \/>\n<meta property=\"og:url\" content=\"https:\/\/dev-durable.agglo-larochelle.fr\/2022\/une-agglo-solidaire\/insertion\/projet-europeen-genderedlandscape\/\" \/>\n<meta property=\"og:site_name\" content=\"Rapport du d\u00e9veloppement durable\" \/>\n<meta property=\"article:modified_time\" content=\"2022-12-08T09:53:56+00:00\" \/>\n<meta property=\"og:image\" content=\"https:\/\/dev-durable.agglo-larochelle.fr\/2022\/wp-content\/uploads\/2021\/11\/Rapport_egalite_femmes_hommes_AdobeStock_228337582.jpg\" \/>\n\t<meta property=\"og:image:width\" content=\"750\" \/>\n\t<meta property=\"og:image:height\" content=\"500\" \/>\n\t<meta property=\"og:image:type\" content=\"image\/jpeg\" \/>\n<meta name=\"twitter:card\" content=\"summary_large_image\" \/>\n<meta name=\"twitter:label1\" content=\"Dur\u00e9e de lecture estim\u00e9e\" \/>\n\t<meta name=\"twitter:data1\" content=\"1 minute\" \/>\n<script type=\"application\/ld+json\" class=\"yoast-schema-graph\">{\"@context\":\"https:\/\/schema.org\",\"@graph\":[{\"@type\":\"WebPage\",\"@id\":\"https:\/\/dev-durable.agglo-larochelle.fr\/2022\/une-agglo-solidaire\/insertion\/projet-europeen-genderedlandscape\/\",\"url\":\"https:\/\/dev-durable.agglo-larochelle.fr\/2022\/une-agglo-solidaire\/insertion\/projet-europeen-genderedlandscape\/\",\"name\":\"Le Territoire expose et promeut la science au f\u00e9minin - Rapport du d\u00e9veloppement durable\",\"isPartOf\":{\"@id\":\"https:\/\/dev-durable.agglo-larochelle.fr\/2022\/#website\"},\"datePublished\":\"2021-01-05T09:52:30+00:00\",\"dateModified\":\"2022-12-08T09:53:56+00:00\",\"breadcrumb\":{\"@id\":\"https:\/\/dev-durable.agglo-larochelle.fr\/2022\/une-agglo-solidaire\/insertion\/projet-europeen-genderedlandscape\/#breadcrumb\"},\"inLanguage\":\"fr-FR\",\"potentialAction\":[{\"@type\":\"ReadAction\",\"target\":[\"https:\/\/dev-durable.agglo-larochelle.fr\/2022\/une-agglo-solidaire\/insertion\/projet-europeen-genderedlandscape\/\"]}]},{\"@type\":\"BreadcrumbList\",\"@id\":\"https:\/\/dev-durable.agglo-larochelle.fr\/2022\/une-agglo-solidaire\/insertion\/projet-europeen-genderedlandscape\/#breadcrumb\",\"itemListElement\":[{\"@type\":\"ListItem\",\"position\":1,\"name\":\"Accueil\",\"item\":\"https:\/\/dev-durable.agglo-larochelle.fr\/2022\/\"},{\"@type\":\"ListItem\",\"position\":2,\"name\":\"Une Agglo solidaire\",\"item\":\"https:\/\/dev-durable.agglo-larochelle.fr\/2022\/une-agglo-solidaire\/\"},{\"@type\":\"ListItem\",\"position\":3,\"name\":\"Insertion\",\"item\":\"https:\/\/dev-durable.agglo-larochelle.fr\/2022\/une-agglo-solidaire\/insertion\/\"},{\"@type\":\"ListItem\",\"position\":4,\"name\":\"Le Territoire expose et promeut la science au f\u00e9minin\"}]},{\"@type\":\"WebSite\",\"@id\":\"https:\/\/dev-durable.agglo-larochelle.fr\/2022\/#website\",\"url\":\"https:\/\/dev-durable.agglo-larochelle.fr\/2022\/\",\"name\":\"Rapport du d\u00e9veloppement durable - 2022\",\"description\":\"Rapport 2022 du d\u00e9veloppement durable\",\"alternateName\":\"Communaut\u00e9 d'Agglom\u00e9ration de La Rochelle\",\"potentialAction\":[{\"@type\":\"SearchAction\",\"target\":{\"@type\":\"EntryPoint\",\"urlTemplate\":\"https:\/\/dev-durable.agglo-larochelle.fr\/2022\/?s={search_term_string}\"},\"query-input\":\"required name=search_term_string\"}],\"inLanguage\":\"fr-FR\"}]}<\/script>\n<!-- \/ Yoast SEO plugin. -->","yoast_head_json":{"title":"Le Territoire expose et promeut la science au f\u00e9minin - Rapport du d\u00e9veloppement durable","robots":{"index":"index","follow":"follow","max-snippet":"max-snippet:-1","max-image-preview":"max-image-preview:large","max-video-preview":"max-video-preview:-1"},"canonical":"https:\/\/dev-durable.agglo-larochelle.fr\/2022\/une-agglo-solidaire\/insertion\/projet-europeen-genderedlandscape\/","og_locale":"fr_FR","og_type":"article","og_title":"Le Territoire expose et promeut la science au f\u00e9minin - Rapport du d\u00e9veloppement durable","og_description":"L\u2019Agglom\u00e9ration a accueilli l\u2019exposition Les Sciences\u2019Elles du Centre National de la Recherche\u00a0Scientifique (CNRS) pour promouvoir les carri\u00e8res scientifiques aupr\u00e8s des femmes. Ce partenariat prend place dans le projet Urbact \u00ab\u00a0Gendered Landscape\u00a0\u00bb. L\u2019exposition Les Sciences\u2019Elles du CNRS pr\u00e9sente des portraits de chercheuses, qui t\u00e9moignent de leur engagement, de leur passion, de leurs comp\u00e9tences dans tous les [&hellip;]","og_url":"https:\/\/dev-durable.agglo-larochelle.fr\/2022\/une-agglo-solidaire\/insertion\/projet-europeen-genderedlandscape\/","og_site_name":"Rapport du d\u00e9veloppement durable","article_modified_time":"2022-12-08T09:53:56+00:00","og_image":[{"width":750,"height":500,"url":"https:\/\/dev-durable.agglo-larochelle.fr\/2022\/wp-content\/uploads\/2021\/11\/Rapport_egalite_femmes_hommes_AdobeStock_228337582.jpg","type":"image\/jpeg"}],"twitter_card":"summary_large_image","twitter_misc":{"Dur\u00e9e de lecture estim\u00e9e":"1 minute"},"schema":{"@context":"https:\/\/schema.org","@graph":[{"@type":"WebPage","@id":"https:\/\/dev-durable.agglo-larochelle.fr\/2022\/une-agglo-solidaire\/insertion\/projet-europeen-genderedlandscape\/","url":"https:\/\/dev-durable.agglo-larochelle.fr\/2022\/une-agglo-solidaire\/insertion\/projet-europeen-genderedlandscape\/","name":"Le Territoire expose et promeut la science au f\u00e9minin - Rapport du d\u00e9veloppement durable","isPartOf":{"@id":"https:\/\/dev-durable.agglo-larochelle.fr\/2022\/#website"},"datePublished":"2021-01-05T09:52:30+00:00","dateModified":"2022-12-08T09:53:56+00:00","breadcrumb":{"@id":"https:\/\/dev-durable.agglo-larochelle.fr\/2022\/une-agglo-solidaire\/insertion\/projet-europeen-genderedlandscape\/#breadcrumb"},"inLanguage":"fr-FR","potentialAction":[{"@type":"ReadAction","target":["https:\/\/dev-durable.agglo-larochelle.fr\/2022\/une-agglo-solidaire\/insertion\/projet-europeen-genderedlandscape\/"]}]},{"@type":"BreadcrumbList","@id":"https:\/\/dev-durable.agglo-larochelle.fr\/2022\/une-agglo-solidaire\/insertion\/projet-europeen-genderedlandscape\/#breadcrumb","itemListElement":[{"@type":"ListItem","position":1,"name":"Accueil","item":"https:\/\/dev-durable.agglo-larochelle.fr\/2022\/"},{"@type":"ListItem","position":2,"name":"Une Agglo solidaire","item":"https:\/\/dev-durable.agglo-larochelle.fr\/2022\/une-agglo-solidaire\/"},{"@type":"ListItem","position":3,"name":"Insertion","item":"https:\/\/dev-durable.agglo-larochelle.fr\/2022\/une-agglo-solidaire\/insertion\/"},{"@type":"ListItem","position":4,"name":"Le Territoire expose et promeut la science au f\u00e9minin"}]},{"@type":"WebSite","@id":"https:\/\/dev-durable.agglo-larochelle.fr\/2022\/#website","url":"https:\/\/dev-durable.agglo-larochelle.fr\/2022\/","name":"Rapport du d\u00e9veloppement durable - 2022","description":"Rapport 2022 du d\u00e9veloppement durable","alternateName":"Communaut\u00e9 d'Agglom\u00e9ration de La Rochelle","potentialAction":[{"@type":"SearchAction","target":{"@type":"EntryPoint","urlTemplate":"https:\/\/dev-durable.agglo-larochelle.fr\/2022\/?s={search_term_string}"},"query-input":"required name=search_term_string"}],"inLanguage":"fr-FR"}]}},"_links":{"self":[{"href":"https:\/\/dev-durable.agglo-larochelle.fr\/2022\/wp-json\/wp\/v2\/pages\/1477"}],"collection":[{"href":"https:\/\/dev-durable.agglo-larochelle.fr\/2022\/wp-json\/wp\/v2\/pages"}],"about":[{"href":"https:\/\/dev-durable.agglo-larochelle.fr\/2022\/wp-json\/wp\/v2\/types\/page"}],"author":[{"embeddable":true,"href":"https:\/\/dev-durable.agglo-larochelle.fr\/2022\/wp-json\/wp\/v2\/users\/1"}],"replies":[{"embeddable":true,"href":"https:\/\/dev-durable.agglo-larochelle.fr\/2022\/wp-json\/wp\/v2\/comments?post=1477"}],"version-history":[{"count":8,"href":"https:\/\/dev-durable.agglo-larochelle.fr\/2022\/wp-json\/wp\/v2\/pages\/1477\/revisions"}],"predecessor-version":[{"id":2685,"href":"https:\/\/dev-durable.agglo-larochelle.fr\/2022\/wp-json\/wp\/v2\/pages\/1477\/revisions\/2685"}],"up":[{"embeddable":true,"href":"https:\/\/dev-durable.agglo-larochelle.fr\/2022\/wp-json\/wp\/v2\/pages\/312"}],"wp:featuredmedia":[{"embeddable":true,"href":"https:\/\/dev-durable.agglo-larochelle.fr\/2022\/wp-json\/wp\/v2\/media\/2174"}],"wp:attachment":[{"href":"https:\/\/dev-durable.agglo-larochelle.fr\/2022\/wp-json\/wp\/v2\/media?parent=1477"}],"curies":[{"name":"wp","href":"https:\/\/api.w.org\/{rel}","templated":true}]}}