{"id":1479,"date":"2021-01-05T10:57:08","date_gmt":"2021-01-05T09:57:08","guid":{"rendered":"https:\/\/dev-durable.agglo-larochelle.fr\/20226.0.2\/?page_id=1479"},"modified":"2022-12-08T10:51:48","modified_gmt":"2022-12-08T09:51:48","slug":"un-plan-daide-exceptionnel-a-lemploi-le-lab-de-lemploi","status":"publish","type":"page","link":"https:\/\/dev-durable.agglo-larochelle.fr\/2022\/une-agglo-solidaire\/insertion\/un-plan-daide-exceptionnel-a-lemploi-le-lab-de-lemploi\/","title":{"rendered":"Tutorat, formation, et mise en situation au c\u0153ur de la d\u00e9marche du Lab de l&#8217;emploi"},"content":{"rendered":"<p><strong>Avec le dispositif d\u2019accompagnement \u00ab\u00a0le Lab de l\u2019emploi\u00a0\u00bb, l\u2019Agglom\u00e9ration permet \u00e0 des demandeurs d\u2019emploi de longue dur\u00e9e de retrouver un \u00ab\u00a0parcours d\u2019emploi\u00a0\u00bb aupr\u00e8s d\u2019entreprises locales.\u00a0<\/strong><\/p>\n<p>Le dispositif \u00ab\u00a0Lab de l\u2019emploi\u00a0\u00bb est une exp\u00e9rimentation d\u2019une dur\u00e9e de trois ans qui vise \u00e0 recruter sur le territoire une centaine (27 en 2021, 36 en 2022, 37 en 2023) de demandeurs d\u2019emploi les plus fragilis\u00e9s, sous contrat aid\u00e9 \u00ab\u00a0Parcours Emploi Comp\u00e9tences\u00a0\u00bb, afin de les remobiliser vers l\u2019emploi durable au sein des entreprises locales. Accueilli au sein de l\u2019Agglom\u00e9ration, des communes membres et des partenaires pour une dur\u00e9e d\u2019un an, le demandeur d\u2019emploi est suivi par un tuteur et alterne des p\u00e9riodes de mise en situation professionnelle, de d\u00e9couverte des m\u00e9tiers et de formations.<\/p>\n","protected":false},"excerpt":{"rendered":"<p>Avec le dispositif d\u2019accompagnement \u00ab\u00a0le Lab de l\u2019emploi\u00a0\u00bb, l\u2019Agglom\u00e9ration permet \u00e0 des demandeurs d\u2019emploi de longue dur\u00e9e de retrouver un \u00ab\u00a0parcours d\u2019emploi\u00a0\u00bb aupr\u00e8s d\u2019entreprises locales.\u00a0 Le dispositif \u00ab\u00a0Lab de l\u2019emploi\u00a0\u00bb est une exp\u00e9rimentation d\u2019une dur\u00e9e de trois ans qui vise \u00e0 recruter sur le territoire une centaine (27 en 2021, 36 en 2022, 37 en [&hellip;]<\/p>\n","protected":false},"author":1,"featured_media":2929,"parent":312,"menu_order":3,"comment_status":"closed","ping_status":"closed","template":"page-sous-partie.php","meta":[],"acf":[],"yoast_head":"<!-- This site is optimized with the Yoast SEO plugin v19.12 - https:\/\/yoast.com\/wordpress\/plugins\/seo\/ -->\n<title>Tutorat, formation, et mise en situation au c\u0153ur de la d\u00e9marche du Lab de l&#039;emploi - Rapport du d\u00e9veloppement durable<\/title>\n<meta name=\"robots\" content=\"index, follow, max-snippet:-1, max-image-preview:large, max-video-preview:-1\" \/>\n<link rel=\"canonical\" href=\"https:\/\/dev-durable.agglo-larochelle.fr\/2022\/une-agglo-solidaire\/insertion\/un-plan-daide-exceptionnel-a-lemploi-le-lab-de-lemploi\/\" \/>\n<meta property=\"og:locale\" content=\"fr_FR\" \/>\n<meta property=\"og:type\" content=\"article\" \/>\n<meta property=\"og:title\" content=\"Tutorat, formation, et mise en situation au c\u0153ur de la d\u00e9marche du Lab de l&#039;emploi - Rapport du d\u00e9veloppement durable\" \/>\n<meta property=\"og:description\" content=\"Avec le dispositif d\u2019accompagnement \u00ab\u00a0le Lab de l\u2019emploi\u00a0\u00bb, l\u2019Agglom\u00e9ration permet \u00e0 des demandeurs d\u2019emploi de longue dur\u00e9e de retrouver un \u00ab\u00a0parcours d\u2019emploi\u00a0\u00bb aupr\u00e8s d\u2019entreprises locales.\u00a0 Le dispositif \u00ab\u00a0Lab de l\u2019emploi\u00a0\u00bb est une exp\u00e9rimentation d\u2019une dur\u00e9e de trois ans qui vise \u00e0 recruter sur le territoire une centaine (27 en 2021, 36 en 2022, 37 en [&hellip;]\" \/>\n<meta property=\"og:url\" content=\"https:\/\/dev-durable.agglo-larochelle.fr\/2022\/une-agglo-solidaire\/insertion\/un-plan-daide-exceptionnel-a-lemploi-le-lab-de-lemploi\/\" \/>\n<meta property=\"og:site_name\" content=\"Rapport du d\u00e9veloppement durable\" \/>\n<meta property=\"article:modified_time\" content=\"2022-12-08T09:51:48+00:00\" \/>\n<meta property=\"og:image\" content=\"https:\/\/dev-durable.agglo-larochelle.fr\/2022\/wp-content\/uploads\/2022\/12\/lab-emploi.jpg\" \/>\n\t<meta property=\"og:image:width\" content=\"650\" \/>\n\t<meta property=\"og:image:height\" content=\"300\" \/>\n\t<meta property=\"og:image:type\" content=\"image\/jpeg\" \/>\n<meta name=\"twitter:card\" content=\"summary_large_image\" \/>\n<meta name=\"twitter:label1\" content=\"Dur\u00e9e de lecture estim\u00e9e\" \/>\n\t<meta name=\"twitter:data1\" content=\"1 minute\" \/>\n<script type=\"application\/ld+json\" class=\"yoast-schema-graph\">{\"@context\":\"https:\/\/schema.org\",\"@graph\":[{\"@type\":\"WebPage\",\"@id\":\"https:\/\/dev-durable.agglo-larochelle.fr\/2022\/une-agglo-solidaire\/insertion\/un-plan-daide-exceptionnel-a-lemploi-le-lab-de-lemploi\/\",\"url\":\"https:\/\/dev-durable.agglo-larochelle.fr\/2022\/une-agglo-solidaire\/insertion\/un-plan-daide-exceptionnel-a-lemploi-le-lab-de-lemploi\/\",\"name\":\"Tutorat, formation, et mise en situation au c\u0153ur de la d\u00e9marche du Lab de l'emploi - Rapport du d\u00e9veloppement durable\",\"isPartOf\":{\"@id\":\"https:\/\/dev-durable.agglo-larochelle.fr\/2022\/#website\"},\"datePublished\":\"2021-01-05T09:57:08+00:00\",\"dateModified\":\"2022-12-08T09:51:48+00:00\",\"breadcrumb\":{\"@id\":\"https:\/\/dev-durable.agglo-larochelle.fr\/2022\/une-agglo-solidaire\/insertion\/un-plan-daide-exceptionnel-a-lemploi-le-lab-de-lemploi\/#breadcrumb\"},\"inLanguage\":\"fr-FR\",\"potentialAction\":[{\"@type\":\"ReadAction\",\"target\":[\"https:\/\/dev-durable.agglo-larochelle.fr\/2022\/une-agglo-solidaire\/insertion\/un-plan-daide-exceptionnel-a-lemploi-le-lab-de-lemploi\/\"]}]},{\"@type\":\"BreadcrumbList\",\"@id\":\"https:\/\/dev-durable.agglo-larochelle.fr\/2022\/une-agglo-solidaire\/insertion\/un-plan-daide-exceptionnel-a-lemploi-le-lab-de-lemploi\/#breadcrumb\",\"itemListElement\":[{\"@type\":\"ListItem\",\"position\":1,\"name\":\"Accueil\",\"item\":\"https:\/\/dev-durable.agglo-larochelle.fr\/2022\/\"},{\"@type\":\"ListItem\",\"position\":2,\"name\":\"Une Agglo solidaire\",\"item\":\"https:\/\/dev-durable.agglo-larochelle.fr\/2022\/une-agglo-solidaire\/\"},{\"@type\":\"ListItem\",\"position\":3,\"name\":\"Insertion\",\"item\":\"https:\/\/dev-durable.agglo-larochelle.fr\/2022\/une-agglo-solidaire\/insertion\/\"},{\"@type\":\"ListItem\",\"position\":4,\"name\":\"Tutorat, formation, et mise en situation au c\u0153ur de la d\u00e9marche du Lab de l&#8217;emploi\"}]},{\"@type\":\"WebSite\",\"@id\":\"https:\/\/dev-durable.agglo-larochelle.fr\/2022\/#website\",\"url\":\"https:\/\/dev-durable.agglo-larochelle.fr\/2022\/\",\"name\":\"Rapport du d\u00e9veloppement durable - 2022\",\"description\":\"Rapport 2022 du d\u00e9veloppement durable\",\"alternateName\":\"Communaut\u00e9 d'Agglom\u00e9ration de La Rochelle\",\"potentialAction\":[{\"@type\":\"SearchAction\",\"target\":{\"@type\":\"EntryPoint\",\"urlTemplate\":\"https:\/\/dev-durable.agglo-larochelle.fr\/2022\/?s={search_term_string}\"},\"query-input\":\"required name=search_term_string\"}],\"inLanguage\":\"fr-FR\"}]}<\/script>\n<!-- \/ Yoast SEO plugin. -->","yoast_head_json":{"title":"Tutorat, formation, et mise en situation au c\u0153ur de la d\u00e9marche du Lab de l'emploi - Rapport du d\u00e9veloppement durable","robots":{"index":"index","follow":"follow","max-snippet":"max-snippet:-1","max-image-preview":"max-image-preview:large","max-video-preview":"max-video-preview:-1"},"canonical":"https:\/\/dev-durable.agglo-larochelle.fr\/2022\/une-agglo-solidaire\/insertion\/un-plan-daide-exceptionnel-a-lemploi-le-lab-de-lemploi\/","og_locale":"fr_FR","og_type":"article","og_title":"Tutorat, formation, et mise en situation au c\u0153ur de la d\u00e9marche du Lab de l'emploi - Rapport du d\u00e9veloppement durable","og_description":"Avec le dispositif d\u2019accompagnement \u00ab\u00a0le Lab de l\u2019emploi\u00a0\u00bb, l\u2019Agglom\u00e9ration permet \u00e0 des demandeurs d\u2019emploi de longue dur\u00e9e de retrouver un \u00ab\u00a0parcours d\u2019emploi\u00a0\u00bb aupr\u00e8s d\u2019entreprises locales.\u00a0 Le dispositif \u00ab\u00a0Lab de l\u2019emploi\u00a0\u00bb est une exp\u00e9rimentation d\u2019une dur\u00e9e de trois ans qui vise \u00e0 recruter sur le territoire une centaine (27 en 2021, 36 en 2022, 37 en [&hellip;]","og_url":"https:\/\/dev-durable.agglo-larochelle.fr\/2022\/une-agglo-solidaire\/insertion\/un-plan-daide-exceptionnel-a-lemploi-le-lab-de-lemploi\/","og_site_name":"Rapport du d\u00e9veloppement durable","article_modified_time":"2022-12-08T09:51:48+00:00","og_image":[{"width":650,"height":300,"url":"https:\/\/dev-durable.agglo-larochelle.fr\/2022\/wp-content\/uploads\/2022\/12\/lab-emploi.jpg","type":"image\/jpeg"}],"twitter_card":"summary_large_image","twitter_misc":{"Dur\u00e9e de lecture estim\u00e9e":"1 minute"},"schema":{"@context":"https:\/\/schema.org","@graph":[{"@type":"WebPage","@id":"https:\/\/dev-durable.agglo-larochelle.fr\/2022\/une-agglo-solidaire\/insertion\/un-plan-daide-exceptionnel-a-lemploi-le-lab-de-lemploi\/","url":"https:\/\/dev-durable.agglo-larochelle.fr\/2022\/une-agglo-solidaire\/insertion\/un-plan-daide-exceptionnel-a-lemploi-le-lab-de-lemploi\/","name":"Tutorat, formation, et mise en situation au c\u0153ur de la d\u00e9marche du Lab de l'emploi - Rapport du d\u00e9veloppement durable","isPartOf":{"@id":"https:\/\/dev-durable.agglo-larochelle.fr\/2022\/#website"},"datePublished":"2021-01-05T09:57:08+00:00","dateModified":"2022-12-08T09:51:48+00:00","breadcrumb":{"@id":"https:\/\/dev-durable.agglo-larochelle.fr\/2022\/une-agglo-solidaire\/insertion\/un-plan-daide-exceptionnel-a-lemploi-le-lab-de-lemploi\/#breadcrumb"},"inLanguage":"fr-FR","potentialAction":[{"@type":"ReadAction","target":["https:\/\/dev-durable.agglo-larochelle.fr\/2022\/une-agglo-solidaire\/insertion\/un-plan-daide-exceptionnel-a-lemploi-le-lab-de-lemploi\/"]}]},{"@type":"BreadcrumbList","@id":"https:\/\/dev-durable.agglo-larochelle.fr\/2022\/une-agglo-solidaire\/insertion\/un-plan-daide-exceptionnel-a-lemploi-le-lab-de-lemploi\/#breadcrumb","itemListElement":[{"@type":"ListItem","position":1,"name":"Accueil","item":"https:\/\/dev-durable.agglo-larochelle.fr\/2022\/"},{"@type":"ListItem","position":2,"name":"Une Agglo solidaire","item":"https:\/\/dev-durable.agglo-larochelle.fr\/2022\/une-agglo-solidaire\/"},{"@type":"ListItem","position":3,"name":"Insertion","item":"https:\/\/dev-durable.agglo-larochelle.fr\/2022\/une-agglo-solidaire\/insertion\/"},{"@type":"ListItem","position":4,"name":"Tutorat, formation, et mise en situation au c\u0153ur de la d\u00e9marche du Lab de l&#8217;emploi"}]},{"@type":"WebSite","@id":"https:\/\/dev-durable.agglo-larochelle.fr\/2022\/#website","url":"https:\/\/dev-durable.agglo-larochelle.fr\/2022\/","name":"Rapport du d\u00e9veloppement durable - 2022","description":"Rapport 2022 du d\u00e9veloppement durable","alternateName":"Communaut\u00e9 d'Agglom\u00e9ration de La Rochelle","potentialAction":[{"@type":"SearchAction","target":{"@type":"EntryPoint","urlTemplate":"https:\/\/dev-durable.agglo-larochelle.fr\/2022\/?s={search_term_string}"},"query-input":"required name=search_term_string"}],"inLanguage":"fr-FR"}]}},"_links":{"self":[{"href":"https:\/\/dev-durable.agglo-larochelle.fr\/2022\/wp-json\/wp\/v2\/pages\/1479"}],"collection":[{"href":"https:\/\/dev-durable.agglo-larochelle.fr\/2022\/wp-json\/wp\/v2\/pages"}],"about":[{"href":"https:\/\/dev-durable.agglo-larochelle.fr\/2022\/wp-json\/wp\/v2\/types\/page"}],"author":[{"embeddable":true,"href":"https:\/\/dev-durable.agglo-larochelle.fr\/2022\/wp-json\/wp\/v2\/users\/1"}],"replies":[{"embeddable":true,"href":"https:\/\/dev-durable.agglo-larochelle.fr\/2022\/wp-json\/wp\/v2\/comments?post=1479"}],"version-history":[{"count":7,"href":"https:\/\/dev-durable.agglo-larochelle.fr\/2022\/wp-json\/wp\/v2\/pages\/1479\/revisions"}],"predecessor-version":[{"id":2687,"href":"https:\/\/dev-durable.agglo-larochelle.fr\/2022\/wp-json\/wp\/v2\/pages\/1479\/revisions\/2687"}],"up":[{"embeddable":true,"href":"https:\/\/dev-durable.agglo-larochelle.fr\/2022\/wp-json\/wp\/v2\/pages\/312"}],"wp:featuredmedia":[{"embeddable":true,"href":"https:\/\/dev-durable.agglo-larochelle.fr\/2022\/wp-json\/wp\/v2\/media\/2929"}],"wp:attachment":[{"href":"https:\/\/dev-durable.agglo-larochelle.fr\/2022\/wp-json\/wp\/v2\/media?parent=1479"}],"curies":[{"name":"wp","href":"https:\/\/api.w.org\/{rel}","templated":true}]}}