{"id":1481,"date":"2021-01-05T10:59:33","date_gmt":"2021-01-05T09:59:33","guid":{"rendered":"https:\/\/dev-durable.agglo-larochelle.fr\/20226.0.2\/?page_id=1481"},"modified":"2022-12-08T11:02:02","modified_gmt":"2022-12-08T10:02:02","slug":"fonds-de-soutien-a-leconomie-sociale-et-solidaire","status":"publish","type":"page","link":"https:\/\/dev-durable.agglo-larochelle.fr\/2022\/une-agglo-solidaire\/insertion\/fonds-de-soutien-a-leconomie-sociale-et-solidaire\/","title":{"rendered":"Les Assises de l\u2019emploi font se rencontrer offre et demande d\u2019emploi sur le territoire"},"content":{"rendered":"<p><strong>Dans le cadre de ces Assises, des journ\u00e9es de d\u00e9couverte des entreprises locales ont \u00e9t\u00e9 organis\u00e9es en octobre par l\u2019Agglom\u00e9ration et ses partenaires.<\/strong><\/p>\n<p>L\u2019Agglom\u00e9ration, la Conf\u00e9d\u00e9ration des petites et moyennes entreprises 17, la Chambre des m\u00e9tiers et de l\u2019artisanat, la Mission locale et la Chambre de Commerce et d\u2019Industrie ont organis\u00e9 les journ\u00e9es \u00ab\u00a0Escales chez les pros\u00a0\u00bb, du 20 au 22 octobre, sur le territoire communautaire. Cette action est venue compl\u00e9ter deux rendez-vous \u00ab\u00a0Objectif Emploi\u00a0\u00bb, \u00e0 Mireuil en mai et \u00e0 P\u00e9rigny en octobre, rendez-vous qui permettent \u00e0 pr\u00e8s de cinquante professionnels de proposer leurs postes disponibles et de rencontrer des demandeurs d\u2019emploi et des organismes de formation.<\/p>\n","protected":false},"excerpt":{"rendered":"<p>Dans le cadre de ces Assises, des journ\u00e9es de d\u00e9couverte des entreprises locales ont \u00e9t\u00e9 organis\u00e9es en octobre par l\u2019Agglom\u00e9ration et ses partenaires. L\u2019Agglom\u00e9ration, la Conf\u00e9d\u00e9ration des petites et moyennes entreprises 17, la Chambre des m\u00e9tiers et de l\u2019artisanat, la Mission locale et la Chambre de Commerce et d\u2019Industrie ont organis\u00e9 les journ\u00e9es \u00ab\u00a0Escales chez [&hellip;]<\/p>\n","protected":false},"author":1,"featured_media":2932,"parent":312,"menu_order":4,"comment_status":"closed","ping_status":"closed","template":"page-sous-partie.php","meta":[],"acf":[],"yoast_head":"<!-- This site is optimized with the Yoast SEO plugin v19.12 - https:\/\/yoast.com\/wordpress\/plugins\/seo\/ -->\n<title>Les Assises de l\u2019emploi font se rencontrer offre et demande d\u2019emploi sur le territoire - Rapport du d\u00e9veloppement durable<\/title>\n<meta name=\"robots\" content=\"index, follow, max-snippet:-1, max-image-preview:large, max-video-preview:-1\" \/>\n<link rel=\"canonical\" href=\"https:\/\/dev-durable.agglo-larochelle.fr\/2022\/une-agglo-solidaire\/insertion\/fonds-de-soutien-a-leconomie-sociale-et-solidaire\/\" \/>\n<meta property=\"og:locale\" content=\"fr_FR\" \/>\n<meta property=\"og:type\" content=\"article\" \/>\n<meta property=\"og:title\" content=\"Les Assises de l\u2019emploi font se rencontrer offre et demande d\u2019emploi sur le territoire - Rapport du d\u00e9veloppement durable\" \/>\n<meta property=\"og:description\" content=\"Dans le cadre de ces Assises, des journ\u00e9es de d\u00e9couverte des entreprises locales ont \u00e9t\u00e9 organis\u00e9es en octobre par l\u2019Agglom\u00e9ration et ses partenaires. L\u2019Agglom\u00e9ration, la Conf\u00e9d\u00e9ration des petites et moyennes entreprises 17, la Chambre des m\u00e9tiers et de l\u2019artisanat, la Mission locale et la Chambre de Commerce et d\u2019Industrie ont organis\u00e9 les journ\u00e9es \u00ab\u00a0Escales chez [&hellip;]\" \/>\n<meta property=\"og:url\" content=\"https:\/\/dev-durable.agglo-larochelle.fr\/2022\/une-agglo-solidaire\/insertion\/fonds-de-soutien-a-leconomie-sociale-et-solidaire\/\" \/>\n<meta property=\"og:site_name\" content=\"Rapport du d\u00e9veloppement durable\" \/>\n<meta property=\"article:modified_time\" content=\"2022-12-08T10:02:02+00:00\" \/>\n<meta property=\"og:image\" content=\"https:\/\/dev-durable.agglo-larochelle.fr\/2022\/wp-content\/uploads\/2022\/12\/obj-emploi.jpg\" \/>\n\t<meta property=\"og:image:width\" content=\"650\" \/>\n\t<meta property=\"og:image:height\" content=\"300\" \/>\n\t<meta property=\"og:image:type\" content=\"image\/jpeg\" \/>\n<meta name=\"twitter:card\" content=\"summary_large_image\" \/>\n<meta name=\"twitter:label1\" content=\"Dur\u00e9e de lecture estim\u00e9e\" \/>\n\t<meta name=\"twitter:data1\" content=\"1 minute\" \/>\n<script type=\"application\/ld+json\" class=\"yoast-schema-graph\">{\"@context\":\"https:\/\/schema.org\",\"@graph\":[{\"@type\":\"WebPage\",\"@id\":\"https:\/\/dev-durable.agglo-larochelle.fr\/2022\/une-agglo-solidaire\/insertion\/fonds-de-soutien-a-leconomie-sociale-et-solidaire\/\",\"url\":\"https:\/\/dev-durable.agglo-larochelle.fr\/2022\/une-agglo-solidaire\/insertion\/fonds-de-soutien-a-leconomie-sociale-et-solidaire\/\",\"name\":\"Les Assises de l\u2019emploi font se rencontrer offre et demande d\u2019emploi sur le territoire - Rapport du d\u00e9veloppement durable\",\"isPartOf\":{\"@id\":\"https:\/\/dev-durable.agglo-larochelle.fr\/2022\/#website\"},\"datePublished\":\"2021-01-05T09:59:33+00:00\",\"dateModified\":\"2022-12-08T10:02:02+00:00\",\"breadcrumb\":{\"@id\":\"https:\/\/dev-durable.agglo-larochelle.fr\/2022\/une-agglo-solidaire\/insertion\/fonds-de-soutien-a-leconomie-sociale-et-solidaire\/#breadcrumb\"},\"inLanguage\":\"fr-FR\",\"potentialAction\":[{\"@type\":\"ReadAction\",\"target\":[\"https:\/\/dev-durable.agglo-larochelle.fr\/2022\/une-agglo-solidaire\/insertion\/fonds-de-soutien-a-leconomie-sociale-et-solidaire\/\"]}]},{\"@type\":\"BreadcrumbList\",\"@id\":\"https:\/\/dev-durable.agglo-larochelle.fr\/2022\/une-agglo-solidaire\/insertion\/fonds-de-soutien-a-leconomie-sociale-et-solidaire\/#breadcrumb\",\"itemListElement\":[{\"@type\":\"ListItem\",\"position\":1,\"name\":\"Accueil\",\"item\":\"https:\/\/dev-durable.agglo-larochelle.fr\/2022\/\"},{\"@type\":\"ListItem\",\"position\":2,\"name\":\"Une Agglo solidaire\",\"item\":\"https:\/\/dev-durable.agglo-larochelle.fr\/2022\/une-agglo-solidaire\/\"},{\"@type\":\"ListItem\",\"position\":3,\"name\":\"Insertion\",\"item\":\"https:\/\/dev-durable.agglo-larochelle.fr\/2022\/une-agglo-solidaire\/insertion\/\"},{\"@type\":\"ListItem\",\"position\":4,\"name\":\"Les Assises de l\u2019emploi font se rencontrer offre et demande d\u2019emploi sur le territoire\"}]},{\"@type\":\"WebSite\",\"@id\":\"https:\/\/dev-durable.agglo-larochelle.fr\/2022\/#website\",\"url\":\"https:\/\/dev-durable.agglo-larochelle.fr\/2022\/\",\"name\":\"Rapport du d\u00e9veloppement durable - 2022\",\"description\":\"Rapport 2022 du d\u00e9veloppement durable\",\"alternateName\":\"Communaut\u00e9 d'Agglom\u00e9ration de La Rochelle\",\"potentialAction\":[{\"@type\":\"SearchAction\",\"target\":{\"@type\":\"EntryPoint\",\"urlTemplate\":\"https:\/\/dev-durable.agglo-larochelle.fr\/2022\/?s={search_term_string}\"},\"query-input\":\"required name=search_term_string\"}],\"inLanguage\":\"fr-FR\"}]}<\/script>\n<!-- \/ Yoast SEO plugin. -->","yoast_head_json":{"title":"Les Assises de l\u2019emploi font se rencontrer offre et demande d\u2019emploi sur le territoire - Rapport du d\u00e9veloppement durable","robots":{"index":"index","follow":"follow","max-snippet":"max-snippet:-1","max-image-preview":"max-image-preview:large","max-video-preview":"max-video-preview:-1"},"canonical":"https:\/\/dev-durable.agglo-larochelle.fr\/2022\/une-agglo-solidaire\/insertion\/fonds-de-soutien-a-leconomie-sociale-et-solidaire\/","og_locale":"fr_FR","og_type":"article","og_title":"Les Assises de l\u2019emploi font se rencontrer offre et demande d\u2019emploi sur le territoire - Rapport du d\u00e9veloppement durable","og_description":"Dans le cadre de ces Assises, des journ\u00e9es de d\u00e9couverte des entreprises locales ont \u00e9t\u00e9 organis\u00e9es en octobre par l\u2019Agglom\u00e9ration et ses partenaires. L\u2019Agglom\u00e9ration, la Conf\u00e9d\u00e9ration des petites et moyennes entreprises 17, la Chambre des m\u00e9tiers et de l\u2019artisanat, la Mission locale et la Chambre de Commerce et d\u2019Industrie ont organis\u00e9 les journ\u00e9es \u00ab\u00a0Escales chez [&hellip;]","og_url":"https:\/\/dev-durable.agglo-larochelle.fr\/2022\/une-agglo-solidaire\/insertion\/fonds-de-soutien-a-leconomie-sociale-et-solidaire\/","og_site_name":"Rapport du d\u00e9veloppement durable","article_modified_time":"2022-12-08T10:02:02+00:00","og_image":[{"width":650,"height":300,"url":"https:\/\/dev-durable.agglo-larochelle.fr\/2022\/wp-content\/uploads\/2022\/12\/obj-emploi.jpg","type":"image\/jpeg"}],"twitter_card":"summary_large_image","twitter_misc":{"Dur\u00e9e de lecture estim\u00e9e":"1 minute"},"schema":{"@context":"https:\/\/schema.org","@graph":[{"@type":"WebPage","@id":"https:\/\/dev-durable.agglo-larochelle.fr\/2022\/une-agglo-solidaire\/insertion\/fonds-de-soutien-a-leconomie-sociale-et-solidaire\/","url":"https:\/\/dev-durable.agglo-larochelle.fr\/2022\/une-agglo-solidaire\/insertion\/fonds-de-soutien-a-leconomie-sociale-et-solidaire\/","name":"Les Assises de l\u2019emploi font se rencontrer offre et demande d\u2019emploi sur le territoire - Rapport du d\u00e9veloppement durable","isPartOf":{"@id":"https:\/\/dev-durable.agglo-larochelle.fr\/2022\/#website"},"datePublished":"2021-01-05T09:59:33+00:00","dateModified":"2022-12-08T10:02:02+00:00","breadcrumb":{"@id":"https:\/\/dev-durable.agglo-larochelle.fr\/2022\/une-agglo-solidaire\/insertion\/fonds-de-soutien-a-leconomie-sociale-et-solidaire\/#breadcrumb"},"inLanguage":"fr-FR","potentialAction":[{"@type":"ReadAction","target":["https:\/\/dev-durable.agglo-larochelle.fr\/2022\/une-agglo-solidaire\/insertion\/fonds-de-soutien-a-leconomie-sociale-et-solidaire\/"]}]},{"@type":"BreadcrumbList","@id":"https:\/\/dev-durable.agglo-larochelle.fr\/2022\/une-agglo-solidaire\/insertion\/fonds-de-soutien-a-leconomie-sociale-et-solidaire\/#breadcrumb","itemListElement":[{"@type":"ListItem","position":1,"name":"Accueil","item":"https:\/\/dev-durable.agglo-larochelle.fr\/2022\/"},{"@type":"ListItem","position":2,"name":"Une Agglo solidaire","item":"https:\/\/dev-durable.agglo-larochelle.fr\/2022\/une-agglo-solidaire\/"},{"@type":"ListItem","position":3,"name":"Insertion","item":"https:\/\/dev-durable.agglo-larochelle.fr\/2022\/une-agglo-solidaire\/insertion\/"},{"@type":"ListItem","position":4,"name":"Les Assises de l\u2019emploi font se rencontrer offre et demande d\u2019emploi sur le territoire"}]},{"@type":"WebSite","@id":"https:\/\/dev-durable.agglo-larochelle.fr\/2022\/#website","url":"https:\/\/dev-durable.agglo-larochelle.fr\/2022\/","name":"Rapport du d\u00e9veloppement durable - 2022","description":"Rapport 2022 du d\u00e9veloppement durable","alternateName":"Communaut\u00e9 d'Agglom\u00e9ration de La Rochelle","potentialAction":[{"@type":"SearchAction","target":{"@type":"EntryPoint","urlTemplate":"https:\/\/dev-durable.agglo-larochelle.fr\/2022\/?s={search_term_string}"},"query-input":"required name=search_term_string"}],"inLanguage":"fr-FR"}]}},"_links":{"self":[{"href":"https:\/\/dev-durable.agglo-larochelle.fr\/2022\/wp-json\/wp\/v2\/pages\/1481"}],"collection":[{"href":"https:\/\/dev-durable.agglo-larochelle.fr\/2022\/wp-json\/wp\/v2\/pages"}],"about":[{"href":"https:\/\/dev-durable.agglo-larochelle.fr\/2022\/wp-json\/wp\/v2\/types\/page"}],"author":[{"embeddable":true,"href":"https:\/\/dev-durable.agglo-larochelle.fr\/2022\/wp-json\/wp\/v2\/users\/1"}],"replies":[{"embeddable":true,"href":"https:\/\/dev-durable.agglo-larochelle.fr\/2022\/wp-json\/wp\/v2\/comments?post=1481"}],"version-history":[{"count":6,"href":"https:\/\/dev-durable.agglo-larochelle.fr\/2022\/wp-json\/wp\/v2\/pages\/1481\/revisions"}],"predecessor-version":[{"id":2688,"href":"https:\/\/dev-durable.agglo-larochelle.fr\/2022\/wp-json\/wp\/v2\/pages\/1481\/revisions\/2688"}],"up":[{"embeddable":true,"href":"https:\/\/dev-durable.agglo-larochelle.fr\/2022\/wp-json\/wp\/v2\/pages\/312"}],"wp:featuredmedia":[{"embeddable":true,"href":"https:\/\/dev-durable.agglo-larochelle.fr\/2022\/wp-json\/wp\/v2\/media\/2932"}],"wp:attachment":[{"href":"https:\/\/dev-durable.agglo-larochelle.fr\/2022\/wp-json\/wp\/v2\/media?parent=1481"}],"curies":[{"name":"wp","href":"https:\/\/api.w.org\/{rel}","templated":true}]}}