{"id":1506,"date":"2021-01-05T11:31:36","date_gmt":"2021-01-05T10:31:36","guid":{"rendered":"https:\/\/dev-durable.agglo-larochelle.fr\/20226.0.2\/?page_id=1506"},"modified":"2022-12-08T10:43:27","modified_gmt":"2022-12-08T09:43:27","slug":"fonds-facile-a-lire","status":"publish","type":"page","link":"https:\/\/dev-durable.agglo-larochelle.fr\/2022\/une-agglo-solidaire\/culture\/fonds-facile-a-lire\/","title":{"rendered":"Pr\u00eat du mat\u00e9riel pour l\u2019animation des voyages-lectures, cr\u00e9\u00e9 \u00e0 partir de mat\u00e9riaux recycl\u00e9s"},"content":{"rendered":"<p><strong>La m\u00e9diath\u00e8que Michel-Cr\u00e9peau cr\u00e9e des d\u00e9cors pour l\u2019animation de ses voyages-lectures et les fait circuler dans les \u00e9coles et autres m\u00e9diath\u00e8ques du territoire.<\/strong><\/p>\n<p>L\u2019\u00e9quipe jeunesse de la m\u00e9diath\u00e8que Michel-Cr\u00e9peau a construit durant l\u2019ann\u00e9e des d\u00e9cors et des jeux en relation avec les voyages-lecture propos\u00e9s aux classes de maternelle et d\u2019\u00e9l\u00e9mentaire du territoire. Les d\u00e9cors sont r\u00e9alis\u00e9s \u00e0 partir de mat\u00e9riaux de r\u00e9cup\u00e9ration, comme du carton d\u2019emballage, des \u00e9chantillons de tapisserie, du vieux papier, des bo\u00eetes de m\u00e9tal, etc. Ces supports ainsi cr\u00e9\u00e9s et utilis\u00e9s \u00e0 la m\u00e9diath\u00e8que sont ensuite pr\u00eat\u00e9s aux \u00e9coles et biblioth\u00e8ques de l\u2019agglom\u00e9ration qui le souhaitent, pour qu\u2019elles proposent \u00e0 leur tour des animations autour de la lecture. En 2021, dix d\u00e9cors et 470 livres ont ainsi \u00e9t\u00e9 pr\u00eat\u00e9s aux m\u00e9diath\u00e8ques de Villeneuve-les-Salines, Mireuil, Laleu, Saint-Xandre, Puilboreau et V\u00e9rines.<\/p>\n","protected":false},"excerpt":{"rendered":"<p>La m\u00e9diath\u00e8que Michel-Cr\u00e9peau cr\u00e9e des d\u00e9cors pour l\u2019animation de ses voyages-lectures et les fait circuler dans les \u00e9coles et autres m\u00e9diath\u00e8ques du territoire. L\u2019\u00e9quipe jeunesse de la m\u00e9diath\u00e8que Michel-Cr\u00e9peau a construit durant l\u2019ann\u00e9e des d\u00e9cors et des jeux en relation avec les voyages-lecture propos\u00e9s aux classes de maternelle et d\u2019\u00e9l\u00e9mentaire du territoire. Les d\u00e9cors sont [&hellip;]<\/p>\n","protected":false},"author":1,"featured_media":2927,"parent":334,"menu_order":1,"comment_status":"closed","ping_status":"closed","template":"page-sous-partie.php","meta":[],"acf":[],"yoast_head":"<!-- This site is optimized with the Yoast SEO plugin v19.12 - https:\/\/yoast.com\/wordpress\/plugins\/seo\/ -->\n<title>Pr\u00eat du mat\u00e9riel pour l\u2019animation des voyages-lectures, cr\u00e9\u00e9 \u00e0 partir de mat\u00e9riaux recycl\u00e9s - Rapport du d\u00e9veloppement durable<\/title>\n<meta name=\"robots\" content=\"index, follow, max-snippet:-1, max-image-preview:large, max-video-preview:-1\" \/>\n<link rel=\"canonical\" href=\"https:\/\/dev-durable.agglo-larochelle.fr\/2022\/une-agglo-solidaire\/culture\/fonds-facile-a-lire\/\" \/>\n<meta property=\"og:locale\" content=\"fr_FR\" \/>\n<meta property=\"og:type\" content=\"article\" \/>\n<meta property=\"og:title\" content=\"Pr\u00eat du mat\u00e9riel pour l\u2019animation des voyages-lectures, cr\u00e9\u00e9 \u00e0 partir de mat\u00e9riaux recycl\u00e9s - Rapport du d\u00e9veloppement durable\" \/>\n<meta property=\"og:description\" content=\"La m\u00e9diath\u00e8que Michel-Cr\u00e9peau cr\u00e9e des d\u00e9cors pour l\u2019animation de ses voyages-lectures et les fait circuler dans les \u00e9coles et autres m\u00e9diath\u00e8ques du territoire. L\u2019\u00e9quipe jeunesse de la m\u00e9diath\u00e8que Michel-Cr\u00e9peau a construit durant l\u2019ann\u00e9e des d\u00e9cors et des jeux en relation avec les voyages-lecture propos\u00e9s aux classes de maternelle et d\u2019\u00e9l\u00e9mentaire du territoire. Les d\u00e9cors sont [&hellip;]\" \/>\n<meta property=\"og:url\" content=\"https:\/\/dev-durable.agglo-larochelle.fr\/2022\/une-agglo-solidaire\/culture\/fonds-facile-a-lire\/\" \/>\n<meta property=\"og:site_name\" content=\"Rapport du d\u00e9veloppement durable\" \/>\n<meta property=\"article:modified_time\" content=\"2022-12-08T09:43:27+00:00\" \/>\n<meta property=\"og:image\" content=\"https:\/\/dev-durable.agglo-larochelle.fr\/2022\/wp-content\/uploads\/2022\/12\/mediatheque-mc.jpg\" \/>\n\t<meta property=\"og:image:width\" content=\"650\" \/>\n\t<meta property=\"og:image:height\" content=\"300\" \/>\n\t<meta property=\"og:image:type\" content=\"image\/jpeg\" \/>\n<meta name=\"twitter:card\" content=\"summary_large_image\" \/>\n<meta name=\"twitter:label1\" content=\"Dur\u00e9e de lecture estim\u00e9e\" \/>\n\t<meta name=\"twitter:data1\" content=\"1 minute\" \/>\n<script type=\"application\/ld+json\" class=\"yoast-schema-graph\">{\"@context\":\"https:\/\/schema.org\",\"@graph\":[{\"@type\":\"WebPage\",\"@id\":\"https:\/\/dev-durable.agglo-larochelle.fr\/2022\/une-agglo-solidaire\/culture\/fonds-facile-a-lire\/\",\"url\":\"https:\/\/dev-durable.agglo-larochelle.fr\/2022\/une-agglo-solidaire\/culture\/fonds-facile-a-lire\/\",\"name\":\"Pr\u00eat du mat\u00e9riel pour l\u2019animation des voyages-lectures, cr\u00e9\u00e9 \u00e0 partir de mat\u00e9riaux recycl\u00e9s - Rapport du d\u00e9veloppement durable\",\"isPartOf\":{\"@id\":\"https:\/\/dev-durable.agglo-larochelle.fr\/2022\/#website\"},\"datePublished\":\"2021-01-05T10:31:36+00:00\",\"dateModified\":\"2022-12-08T09:43:27+00:00\",\"breadcrumb\":{\"@id\":\"https:\/\/dev-durable.agglo-larochelle.fr\/2022\/une-agglo-solidaire\/culture\/fonds-facile-a-lire\/#breadcrumb\"},\"inLanguage\":\"fr-FR\",\"potentialAction\":[{\"@type\":\"ReadAction\",\"target\":[\"https:\/\/dev-durable.agglo-larochelle.fr\/2022\/une-agglo-solidaire\/culture\/fonds-facile-a-lire\/\"]}]},{\"@type\":\"BreadcrumbList\",\"@id\":\"https:\/\/dev-durable.agglo-larochelle.fr\/2022\/une-agglo-solidaire\/culture\/fonds-facile-a-lire\/#breadcrumb\",\"itemListElement\":[{\"@type\":\"ListItem\",\"position\":1,\"name\":\"Accueil\",\"item\":\"https:\/\/dev-durable.agglo-larochelle.fr\/2022\/\"},{\"@type\":\"ListItem\",\"position\":2,\"name\":\"Une Agglo solidaire\",\"item\":\"https:\/\/dev-durable.agglo-larochelle.fr\/2022\/une-agglo-solidaire\/\"},{\"@type\":\"ListItem\",\"position\":3,\"name\":\"Culture\",\"item\":\"https:\/\/dev-durable.agglo-larochelle.fr\/2022\/une-agglo-solidaire\/culture\/\"},{\"@type\":\"ListItem\",\"position\":4,\"name\":\"Pr\u00eat du mat\u00e9riel pour l\u2019animation des voyages-lectures, cr\u00e9\u00e9 \u00e0 partir de mat\u00e9riaux recycl\u00e9s\"}]},{\"@type\":\"WebSite\",\"@id\":\"https:\/\/dev-durable.agglo-larochelle.fr\/2022\/#website\",\"url\":\"https:\/\/dev-durable.agglo-larochelle.fr\/2022\/\",\"name\":\"Rapport du d\u00e9veloppement durable - 2022\",\"description\":\"Rapport 2022 du d\u00e9veloppement durable\",\"alternateName\":\"Communaut\u00e9 d'Agglom\u00e9ration de La Rochelle\",\"potentialAction\":[{\"@type\":\"SearchAction\",\"target\":{\"@type\":\"EntryPoint\",\"urlTemplate\":\"https:\/\/dev-durable.agglo-larochelle.fr\/2022\/?s={search_term_string}\"},\"query-input\":\"required name=search_term_string\"}],\"inLanguage\":\"fr-FR\"}]}<\/script>\n<!-- \/ Yoast SEO plugin. -->","yoast_head_json":{"title":"Pr\u00eat du mat\u00e9riel pour l\u2019animation des voyages-lectures, cr\u00e9\u00e9 \u00e0 partir de mat\u00e9riaux recycl\u00e9s - Rapport du d\u00e9veloppement durable","robots":{"index":"index","follow":"follow","max-snippet":"max-snippet:-1","max-image-preview":"max-image-preview:large","max-video-preview":"max-video-preview:-1"},"canonical":"https:\/\/dev-durable.agglo-larochelle.fr\/2022\/une-agglo-solidaire\/culture\/fonds-facile-a-lire\/","og_locale":"fr_FR","og_type":"article","og_title":"Pr\u00eat du mat\u00e9riel pour l\u2019animation des voyages-lectures, cr\u00e9\u00e9 \u00e0 partir de mat\u00e9riaux recycl\u00e9s - Rapport du d\u00e9veloppement durable","og_description":"La m\u00e9diath\u00e8que Michel-Cr\u00e9peau cr\u00e9e des d\u00e9cors pour l\u2019animation de ses voyages-lectures et les fait circuler dans les \u00e9coles et autres m\u00e9diath\u00e8ques du territoire. L\u2019\u00e9quipe jeunesse de la m\u00e9diath\u00e8que Michel-Cr\u00e9peau a construit durant l\u2019ann\u00e9e des d\u00e9cors et des jeux en relation avec les voyages-lecture propos\u00e9s aux classes de maternelle et d\u2019\u00e9l\u00e9mentaire du territoire. Les d\u00e9cors sont [&hellip;]","og_url":"https:\/\/dev-durable.agglo-larochelle.fr\/2022\/une-agglo-solidaire\/culture\/fonds-facile-a-lire\/","og_site_name":"Rapport du d\u00e9veloppement durable","article_modified_time":"2022-12-08T09:43:27+00:00","og_image":[{"width":650,"height":300,"url":"https:\/\/dev-durable.agglo-larochelle.fr\/2022\/wp-content\/uploads\/2022\/12\/mediatheque-mc.jpg","type":"image\/jpeg"}],"twitter_card":"summary_large_image","twitter_misc":{"Dur\u00e9e de lecture estim\u00e9e":"1 minute"},"schema":{"@context":"https:\/\/schema.org","@graph":[{"@type":"WebPage","@id":"https:\/\/dev-durable.agglo-larochelle.fr\/2022\/une-agglo-solidaire\/culture\/fonds-facile-a-lire\/","url":"https:\/\/dev-durable.agglo-larochelle.fr\/2022\/une-agglo-solidaire\/culture\/fonds-facile-a-lire\/","name":"Pr\u00eat du mat\u00e9riel pour l\u2019animation des voyages-lectures, cr\u00e9\u00e9 \u00e0 partir de mat\u00e9riaux recycl\u00e9s - Rapport du d\u00e9veloppement durable","isPartOf":{"@id":"https:\/\/dev-durable.agglo-larochelle.fr\/2022\/#website"},"datePublished":"2021-01-05T10:31:36+00:00","dateModified":"2022-12-08T09:43:27+00:00","breadcrumb":{"@id":"https:\/\/dev-durable.agglo-larochelle.fr\/2022\/une-agglo-solidaire\/culture\/fonds-facile-a-lire\/#breadcrumb"},"inLanguage":"fr-FR","potentialAction":[{"@type":"ReadAction","target":["https:\/\/dev-durable.agglo-larochelle.fr\/2022\/une-agglo-solidaire\/culture\/fonds-facile-a-lire\/"]}]},{"@type":"BreadcrumbList","@id":"https:\/\/dev-durable.agglo-larochelle.fr\/2022\/une-agglo-solidaire\/culture\/fonds-facile-a-lire\/#breadcrumb","itemListElement":[{"@type":"ListItem","position":1,"name":"Accueil","item":"https:\/\/dev-durable.agglo-larochelle.fr\/2022\/"},{"@type":"ListItem","position":2,"name":"Une Agglo solidaire","item":"https:\/\/dev-durable.agglo-larochelle.fr\/2022\/une-agglo-solidaire\/"},{"@type":"ListItem","position":3,"name":"Culture","item":"https:\/\/dev-durable.agglo-larochelle.fr\/2022\/une-agglo-solidaire\/culture\/"},{"@type":"ListItem","position":4,"name":"Pr\u00eat du mat\u00e9riel pour l\u2019animation des voyages-lectures, cr\u00e9\u00e9 \u00e0 partir de mat\u00e9riaux recycl\u00e9s"}]},{"@type":"WebSite","@id":"https:\/\/dev-durable.agglo-larochelle.fr\/2022\/#website","url":"https:\/\/dev-durable.agglo-larochelle.fr\/2022\/","name":"Rapport du d\u00e9veloppement durable - 2022","description":"Rapport 2022 du d\u00e9veloppement durable","alternateName":"Communaut\u00e9 d'Agglom\u00e9ration de La Rochelle","potentialAction":[{"@type":"SearchAction","target":{"@type":"EntryPoint","urlTemplate":"https:\/\/dev-durable.agglo-larochelle.fr\/2022\/?s={search_term_string}"},"query-input":"required name=search_term_string"}],"inLanguage":"fr-FR"}]}},"_links":{"self":[{"href":"https:\/\/dev-durable.agglo-larochelle.fr\/2022\/wp-json\/wp\/v2\/pages\/1506"}],"collection":[{"href":"https:\/\/dev-durable.agglo-larochelle.fr\/2022\/wp-json\/wp\/v2\/pages"}],"about":[{"href":"https:\/\/dev-durable.agglo-larochelle.fr\/2022\/wp-json\/wp\/v2\/types\/page"}],"author":[{"embeddable":true,"href":"https:\/\/dev-durable.agglo-larochelle.fr\/2022\/wp-json\/wp\/v2\/users\/1"}],"replies":[{"embeddable":true,"href":"https:\/\/dev-durable.agglo-larochelle.fr\/2022\/wp-json\/wp\/v2\/comments?post=1506"}],"version-history":[{"count":6,"href":"https:\/\/dev-durable.agglo-larochelle.fr\/2022\/wp-json\/wp\/v2\/pages\/1506\/revisions"}],"predecessor-version":[{"id":2695,"href":"https:\/\/dev-durable.agglo-larochelle.fr\/2022\/wp-json\/wp\/v2\/pages\/1506\/revisions\/2695"}],"up":[{"embeddable":true,"href":"https:\/\/dev-durable.agglo-larochelle.fr\/2022\/wp-json\/wp\/v2\/pages\/334"}],"wp:featuredmedia":[{"embeddable":true,"href":"https:\/\/dev-durable.agglo-larochelle.fr\/2022\/wp-json\/wp\/v2\/media\/2927"}],"wp:attachment":[{"href":"https:\/\/dev-durable.agglo-larochelle.fr\/2022\/wp-json\/wp\/v2\/media?parent=1506"}],"curies":[{"name":"wp","href":"https:\/\/api.w.org\/{rel}","templated":true}]}}