{"id":1518,"date":"2021-01-05T11:50:05","date_gmt":"2021-01-05T10:50:05","guid":{"rendered":"https:\/\/dev-durable.agglo-larochelle.fr\/20226.0.2\/?page_id=1518"},"modified":"2022-12-08T12:28:12","modified_gmt":"2022-12-08T11:28:12","slug":"mise-en-oeuvre-du-plan-local-durbanisme-intercommunal-plui","status":"publish","type":"page","link":"https:\/\/dev-durable.agglo-larochelle.fr\/2022\/une-agglo-sobre-et-durable\/amenagement\/mise-en-oeuvre-du-plan-local-durbanisme-intercommunal-plui\/","title":{"rendered":"Les concertations pr\u00e9alables \u00e0 la modification du PLUi portent leurs fruits"},"content":{"rendered":"<p><strong>Afin de prendre en compte les besoins du territoire, une proc\u00e9dure de modification dite \u00ab de droit commun \u00bb du Plan Local d\u2019Urbanisme intercommunal (PLUi) de l\u2019Agglom\u00e9ration a \u00e9t\u00e9 engag\u00e9e en janvier 2022 .<\/strong><\/p>\n<p>Une proc\u00e9dure de modification du PLUi a \u00e9t\u00e9 engag\u00e9e d\u00e9but 2022 afin d\u2019ouvrir \u00e0 l\u2019urbanisation des projets d\u2019habitat, de camping, d\u2019\u00e9quipement ou d\u2019activit\u00e9, et d\u2019int\u00e9grer les nouvelles politiques strat\u00e9giques de l\u2019Agglo intervenues depuis l\u2019approbation du PLUi, comme la gestion int\u00e9gr\u00e9e des eaux pluviales, l\u2019am\u00e9lioration du volet \u00e9nerg\u00e9tique, les r\u00e9seaux de chaleur, la v\u00e9g\u00e9talisation, mais aussi d\u2019adapter le PLUi aux projets des nouvelles \u00e9quipes municipales. Une concertation associ\u00e9e \u00e0 ces modifications a d\u00e9but\u00e9 par une phase de concertation pr\u00e9alable avec le public, de f\u00e9vrier \u00e0 septembre 2022. Sept r\u00e9unions publiques ont \u00e9t\u00e9 organis\u00e9es, pour plus de 650 participants qui ont pu formuler pr\u00e8s d\u2019une centaine d\u2019observations et propositions. Le travail se poursuivra en 2023 avec une enqu\u00eate publique pr\u00e9vue au 1er semestre.<\/p>\n","protected":false},"excerpt":{"rendered":"<p>Afin de prendre en compte les besoins du territoire, une proc\u00e9dure de modification dite \u00ab de droit commun \u00bb du Plan Local d\u2019Urbanisme intercommunal (PLUi) de l\u2019Agglom\u00e9ration a \u00e9t\u00e9 engag\u00e9e en janvier 2022 . Une proc\u00e9dure de modification du PLUi a \u00e9t\u00e9 engag\u00e9e d\u00e9but 2022 afin d\u2019ouvrir \u00e0 l\u2019urbanisation des projets d\u2019habitat, de camping, d\u2019\u00e9quipement [&hellip;]<\/p>\n","protected":false},"author":1,"featured_media":2439,"parent":1516,"menu_order":1,"comment_status":"closed","ping_status":"closed","template":"page-sous-partie.php","meta":[],"acf":[],"yoast_head":"<!-- This site is optimized with the Yoast SEO plugin v19.12 - https:\/\/yoast.com\/wordpress\/plugins\/seo\/ -->\n<title>Les concertations pr\u00e9alables \u00e0 la modification du PLUi portent leurs fruits - Rapport du d\u00e9veloppement durable<\/title>\n<meta name=\"robots\" content=\"index, follow, max-snippet:-1, max-image-preview:large, max-video-preview:-1\" \/>\n<link rel=\"canonical\" href=\"https:\/\/dev-durable.agglo-larochelle.fr\/2022\/une-agglo-sobre-et-durable\/amenagement\/mise-en-oeuvre-du-plan-local-durbanisme-intercommunal-plui\/\" \/>\n<meta property=\"og:locale\" content=\"fr_FR\" \/>\n<meta property=\"og:type\" content=\"article\" \/>\n<meta property=\"og:title\" content=\"Les concertations pr\u00e9alables \u00e0 la modification du PLUi portent leurs fruits - Rapport du d\u00e9veloppement durable\" \/>\n<meta property=\"og:description\" content=\"Afin de prendre en compte les besoins du territoire, une proc\u00e9dure de modification dite \u00ab de droit commun \u00bb du Plan Local d\u2019Urbanisme intercommunal (PLUi) de l\u2019Agglom\u00e9ration a \u00e9t\u00e9 engag\u00e9e en janvier 2022 . Une proc\u00e9dure de modification du PLUi a \u00e9t\u00e9 engag\u00e9e d\u00e9but 2022 afin d\u2019ouvrir \u00e0 l\u2019urbanisation des projets d\u2019habitat, de camping, d\u2019\u00e9quipement [&hellip;]\" \/>\n<meta property=\"og:url\" content=\"https:\/\/dev-durable.agglo-larochelle.fr\/2022\/une-agglo-sobre-et-durable\/amenagement\/mise-en-oeuvre-du-plan-local-durbanisme-intercommunal-plui\/\" \/>\n<meta property=\"og:site_name\" content=\"Rapport du d\u00e9veloppement durable\" \/>\n<meta property=\"article:modified_time\" content=\"2022-12-08T11:28:12+00:00\" \/>\n<meta property=\"og:image\" content=\"https:\/\/dev-durable.agglo-larochelle.fr\/2022\/wp-content\/uploads\/2022\/09\/grandes-dates-rapport-developpement-durable-2016-1-min.png\" \/>\n\t<meta property=\"og:image:width\" content=\"315\" \/>\n\t<meta property=\"og:image:height\" content=\"200\" \/>\n\t<meta property=\"og:image:type\" content=\"image\/png\" \/>\n<meta name=\"twitter:card\" content=\"summary_large_image\" \/>\n<meta name=\"twitter:label1\" content=\"Dur\u00e9e de lecture estim\u00e9e\" \/>\n\t<meta name=\"twitter:data1\" content=\"1 minute\" \/>\n<script type=\"application\/ld+json\" class=\"yoast-schema-graph\">{\"@context\":\"https:\/\/schema.org\",\"@graph\":[{\"@type\":\"WebPage\",\"@id\":\"https:\/\/dev-durable.agglo-larochelle.fr\/2022\/une-agglo-sobre-et-durable\/amenagement\/mise-en-oeuvre-du-plan-local-durbanisme-intercommunal-plui\/\",\"url\":\"https:\/\/dev-durable.agglo-larochelle.fr\/2022\/une-agglo-sobre-et-durable\/amenagement\/mise-en-oeuvre-du-plan-local-durbanisme-intercommunal-plui\/\",\"name\":\"Les concertations pr\u00e9alables \u00e0 la modification du PLUi portent leurs fruits - Rapport du d\u00e9veloppement durable\",\"isPartOf\":{\"@id\":\"https:\/\/dev-durable.agglo-larochelle.fr\/2022\/#website\"},\"datePublished\":\"2021-01-05T10:50:05+00:00\",\"dateModified\":\"2022-12-08T11:28:12+00:00\",\"breadcrumb\":{\"@id\":\"https:\/\/dev-durable.agglo-larochelle.fr\/2022\/une-agglo-sobre-et-durable\/amenagement\/mise-en-oeuvre-du-plan-local-durbanisme-intercommunal-plui\/#breadcrumb\"},\"inLanguage\":\"fr-FR\",\"potentialAction\":[{\"@type\":\"ReadAction\",\"target\":[\"https:\/\/dev-durable.agglo-larochelle.fr\/2022\/une-agglo-sobre-et-durable\/amenagement\/mise-en-oeuvre-du-plan-local-durbanisme-intercommunal-plui\/\"]}]},{\"@type\":\"BreadcrumbList\",\"@id\":\"https:\/\/dev-durable.agglo-larochelle.fr\/2022\/une-agglo-sobre-et-durable\/amenagement\/mise-en-oeuvre-du-plan-local-durbanisme-intercommunal-plui\/#breadcrumb\",\"itemListElement\":[{\"@type\":\"ListItem\",\"position\":1,\"name\":\"Accueil\",\"item\":\"https:\/\/dev-durable.agglo-larochelle.fr\/2022\/\"},{\"@type\":\"ListItem\",\"position\":2,\"name\":\"Une Agglo sobre et durable\",\"item\":\"https:\/\/dev-durable.agglo-larochelle.fr\/2022\/une-agglo-sobre-et-durable\/\"},{\"@type\":\"ListItem\",\"position\":3,\"name\":\"Am\u00e9nagement\",\"item\":\"https:\/\/dev-durable.agglo-larochelle.fr\/2022\/une-agglo-sobre-et-durable\/amenagement\/\"},{\"@type\":\"ListItem\",\"position\":4,\"name\":\"Les concertations pr\u00e9alables \u00e0 la modification du PLUi portent leurs fruits\"}]},{\"@type\":\"WebSite\",\"@id\":\"https:\/\/dev-durable.agglo-larochelle.fr\/2022\/#website\",\"url\":\"https:\/\/dev-durable.agglo-larochelle.fr\/2022\/\",\"name\":\"Rapport du d\u00e9veloppement durable - 2022\",\"description\":\"Rapport 2022 du d\u00e9veloppement durable\",\"alternateName\":\"Communaut\u00e9 d'Agglom\u00e9ration de La Rochelle\",\"potentialAction\":[{\"@type\":\"SearchAction\",\"target\":{\"@type\":\"EntryPoint\",\"urlTemplate\":\"https:\/\/dev-durable.agglo-larochelle.fr\/2022\/?s={search_term_string}\"},\"query-input\":\"required name=search_term_string\"}],\"inLanguage\":\"fr-FR\"}]}<\/script>\n<!-- \/ Yoast SEO plugin. -->","yoast_head_json":{"title":"Les concertations pr\u00e9alables \u00e0 la modification du PLUi portent leurs fruits - Rapport du d\u00e9veloppement durable","robots":{"index":"index","follow":"follow","max-snippet":"max-snippet:-1","max-image-preview":"max-image-preview:large","max-video-preview":"max-video-preview:-1"},"canonical":"https:\/\/dev-durable.agglo-larochelle.fr\/2022\/une-agglo-sobre-et-durable\/amenagement\/mise-en-oeuvre-du-plan-local-durbanisme-intercommunal-plui\/","og_locale":"fr_FR","og_type":"article","og_title":"Les concertations pr\u00e9alables \u00e0 la modification du PLUi portent leurs fruits - Rapport du d\u00e9veloppement durable","og_description":"Afin de prendre en compte les besoins du territoire, une proc\u00e9dure de modification dite \u00ab de droit commun \u00bb du Plan Local d\u2019Urbanisme intercommunal (PLUi) de l\u2019Agglom\u00e9ration a \u00e9t\u00e9 engag\u00e9e en janvier 2022 . Une proc\u00e9dure de modification du PLUi a \u00e9t\u00e9 engag\u00e9e d\u00e9but 2022 afin d\u2019ouvrir \u00e0 l\u2019urbanisation des projets d\u2019habitat, de camping, d\u2019\u00e9quipement [&hellip;]","og_url":"https:\/\/dev-durable.agglo-larochelle.fr\/2022\/une-agglo-sobre-et-durable\/amenagement\/mise-en-oeuvre-du-plan-local-durbanisme-intercommunal-plui\/","og_site_name":"Rapport du d\u00e9veloppement durable","article_modified_time":"2022-12-08T11:28:12+00:00","og_image":[{"width":315,"height":200,"url":"https:\/\/dev-durable.agglo-larochelle.fr\/2022\/wp-content\/uploads\/2022\/09\/grandes-dates-rapport-developpement-durable-2016-1-min.png","type":"image\/png"}],"twitter_card":"summary_large_image","twitter_misc":{"Dur\u00e9e de lecture estim\u00e9e":"1 minute"},"schema":{"@context":"https:\/\/schema.org","@graph":[{"@type":"WebPage","@id":"https:\/\/dev-durable.agglo-larochelle.fr\/2022\/une-agglo-sobre-et-durable\/amenagement\/mise-en-oeuvre-du-plan-local-durbanisme-intercommunal-plui\/","url":"https:\/\/dev-durable.agglo-larochelle.fr\/2022\/une-agglo-sobre-et-durable\/amenagement\/mise-en-oeuvre-du-plan-local-durbanisme-intercommunal-plui\/","name":"Les concertations pr\u00e9alables \u00e0 la modification du PLUi portent leurs fruits - Rapport du d\u00e9veloppement durable","isPartOf":{"@id":"https:\/\/dev-durable.agglo-larochelle.fr\/2022\/#website"},"datePublished":"2021-01-05T10:50:05+00:00","dateModified":"2022-12-08T11:28:12+00:00","breadcrumb":{"@id":"https:\/\/dev-durable.agglo-larochelle.fr\/2022\/une-agglo-sobre-et-durable\/amenagement\/mise-en-oeuvre-du-plan-local-durbanisme-intercommunal-plui\/#breadcrumb"},"inLanguage":"fr-FR","potentialAction":[{"@type":"ReadAction","target":["https:\/\/dev-durable.agglo-larochelle.fr\/2022\/une-agglo-sobre-et-durable\/amenagement\/mise-en-oeuvre-du-plan-local-durbanisme-intercommunal-plui\/"]}]},{"@type":"BreadcrumbList","@id":"https:\/\/dev-durable.agglo-larochelle.fr\/2022\/une-agglo-sobre-et-durable\/amenagement\/mise-en-oeuvre-du-plan-local-durbanisme-intercommunal-plui\/#breadcrumb","itemListElement":[{"@type":"ListItem","position":1,"name":"Accueil","item":"https:\/\/dev-durable.agglo-larochelle.fr\/2022\/"},{"@type":"ListItem","position":2,"name":"Une Agglo sobre et durable","item":"https:\/\/dev-durable.agglo-larochelle.fr\/2022\/une-agglo-sobre-et-durable\/"},{"@type":"ListItem","position":3,"name":"Am\u00e9nagement","item":"https:\/\/dev-durable.agglo-larochelle.fr\/2022\/une-agglo-sobre-et-durable\/amenagement\/"},{"@type":"ListItem","position":4,"name":"Les concertations pr\u00e9alables \u00e0 la modification du PLUi portent leurs fruits"}]},{"@type":"WebSite","@id":"https:\/\/dev-durable.agglo-larochelle.fr\/2022\/#website","url":"https:\/\/dev-durable.agglo-larochelle.fr\/2022\/","name":"Rapport du d\u00e9veloppement durable - 2022","description":"Rapport 2022 du d\u00e9veloppement durable","alternateName":"Communaut\u00e9 d'Agglom\u00e9ration de La Rochelle","potentialAction":[{"@type":"SearchAction","target":{"@type":"EntryPoint","urlTemplate":"https:\/\/dev-durable.agglo-larochelle.fr\/2022\/?s={search_term_string}"},"query-input":"required name=search_term_string"}],"inLanguage":"fr-FR"}]}},"_links":{"self":[{"href":"https:\/\/dev-durable.agglo-larochelle.fr\/2022\/wp-json\/wp\/v2\/pages\/1518"}],"collection":[{"href":"https:\/\/dev-durable.agglo-larochelle.fr\/2022\/wp-json\/wp\/v2\/pages"}],"about":[{"href":"https:\/\/dev-durable.agglo-larochelle.fr\/2022\/wp-json\/wp\/v2\/types\/page"}],"author":[{"embeddable":true,"href":"https:\/\/dev-durable.agglo-larochelle.fr\/2022\/wp-json\/wp\/v2\/users\/1"}],"replies":[{"embeddable":true,"href":"https:\/\/dev-durable.agglo-larochelle.fr\/2022\/wp-json\/wp\/v2\/comments?post=1518"}],"version-history":[{"count":7,"href":"https:\/\/dev-durable.agglo-larochelle.fr\/2022\/wp-json\/wp\/v2\/pages\/1518\/revisions"}],"predecessor-version":[{"id":2706,"href":"https:\/\/dev-durable.agglo-larochelle.fr\/2022\/wp-json\/wp\/v2\/pages\/1518\/revisions\/2706"}],"up":[{"embeddable":true,"href":"https:\/\/dev-durable.agglo-larochelle.fr\/2022\/wp-json\/wp\/v2\/pages\/1516"}],"wp:featuredmedia":[{"embeddable":true,"href":"https:\/\/dev-durable.agglo-larochelle.fr\/2022\/wp-json\/wp\/v2\/media\/2439"}],"wp:attachment":[{"href":"https:\/\/dev-durable.agglo-larochelle.fr\/2022\/wp-json\/wp\/v2\/media?parent=1518"}],"curies":[{"name":"wp","href":"https:\/\/api.w.org\/{rel}","templated":true}]}}