{"id":1520,"date":"2021-01-05T11:51:40","date_gmt":"2021-01-05T10:51:40","guid":{"rendered":"https:\/\/dev-durable.agglo-larochelle.fr\/20226.0.2\/?page_id=1520"},"modified":"2022-12-08T12:29:31","modified_gmt":"2022-12-08T11:29:31","slug":"voies-cyclables-perennes-et-provisoires","status":"publish","type":"page","link":"https:\/\/dev-durable.agglo-larochelle.fr\/2022\/une-agglo-sobre-et-durable\/amenagement\/voies-cyclables-perennes-et-provisoires\/","title":{"rendered":"Face \u00e0 la crise, la collectivit\u00e9 se dote d\u2019un plan de sobri\u00e9t\u00e9 \u00e9nerg\u00e9tique"},"content":{"rendered":"<p><strong>La crise climatique est une r\u00e9alit\u00e9 face \u00e0 laquelle la collectivit\u00e9 agit avec responsabilit\u00e9 et exemplarit\u00e9. Les \u00e9conomies d\u2019\u00e9nergie r\u00e9pondent \u00e0 une situation \u00e0 court terme mais, au-del\u00e0, l\u2019objectif est bien de sortir de notre d\u00e9pendance aux \u00e9nergies carbon\u00e9es.<\/strong><\/p>\n<p>En coh\u00e9rence avec l\u2019objectif de neutralit\u00e9 carbone du territoire, l\u2019Agglom\u00e9ration r\u00e9fl\u00e9chit avec l\u2019ensemble des communes membres, dans une d\u00e9marche concert\u00e9e et collaborative, aux bonnes pratiques de sobri\u00e9t\u00e9 envisageables localement. De nombreuses initiatives sont d\u00e9j\u00e0 mises en \u0153uvre et d\u2019autres sont \u00e0 l\u2019\u00e9tude. La plupart s\u2019inspirent prioritairement des mesures pr\u00e9conis\u00e9es par le gouvernement et un recensement des mesures communales a \u00e9t\u00e9 r\u00e9alis\u00e9. \u00c0 La Rochelle, les grandes orientations du plan de sobri\u00e9t\u00e9 sont d\u2019ores et d\u00e9j\u00e0 act\u00e9es : temp\u00e9rature ma\u00eetris\u00e9e dans les locaux municipaux, p\u00e9riode de chauffe r\u00e9duite, r\u00e9duction de l\u2019eau chaude sanitaire disponible, extinction de l\u2019\u00e9clairage public, etc. Ces dispositions compl\u00e8tent l\u2019ensemble des actions entreprises depuis plusieurs ann\u00e9es (gestion centralis\u00e9e du chauffage, isolation, etc.), qui ont permis une diminution des consommations \u00e9nerg\u00e9tiques de 25 % entre 2014 et 2021.<\/p>\n","protected":false},"excerpt":{"rendered":"<p>La crise climatique est une r\u00e9alit\u00e9 face \u00e0 laquelle la collectivit\u00e9 agit avec responsabilit\u00e9 et exemplarit\u00e9. Les \u00e9conomies d\u2019\u00e9nergie r\u00e9pondent \u00e0 une situation \u00e0 court terme mais, au-del\u00e0, l\u2019objectif est bien de sortir de notre d\u00e9pendance aux \u00e9nergies carbon\u00e9es. En coh\u00e9rence avec l\u2019objectif de neutralit\u00e9 carbone du territoire, l\u2019Agglom\u00e9ration r\u00e9fl\u00e9chit avec l\u2019ensemble des communes membres, [&hellip;]<\/p>\n","protected":false},"author":1,"featured_media":655,"parent":1516,"menu_order":2,"comment_status":"closed","ping_status":"closed","template":"page-sous-partie.php","meta":[],"acf":[],"yoast_head":"<!-- This site is optimized with the Yoast SEO plugin v19.12 - https:\/\/yoast.com\/wordpress\/plugins\/seo\/ -->\n<title>Face \u00e0 la crise, la collectivit\u00e9 se dote d\u2019un plan de sobri\u00e9t\u00e9 \u00e9nerg\u00e9tique - Rapport du d\u00e9veloppement durable<\/title>\n<meta name=\"robots\" content=\"index, follow, max-snippet:-1, max-image-preview:large, max-video-preview:-1\" \/>\n<link rel=\"canonical\" href=\"https:\/\/dev-durable.agglo-larochelle.fr\/2022\/une-agglo-sobre-et-durable\/amenagement\/voies-cyclables-perennes-et-provisoires\/\" \/>\n<meta property=\"og:locale\" content=\"fr_FR\" \/>\n<meta property=\"og:type\" content=\"article\" \/>\n<meta property=\"og:title\" content=\"Face \u00e0 la crise, la collectivit\u00e9 se dote d\u2019un plan de sobri\u00e9t\u00e9 \u00e9nerg\u00e9tique - Rapport du d\u00e9veloppement durable\" \/>\n<meta property=\"og:description\" content=\"La crise climatique est une r\u00e9alit\u00e9 face \u00e0 laquelle la collectivit\u00e9 agit avec responsabilit\u00e9 et exemplarit\u00e9. Les \u00e9conomies d\u2019\u00e9nergie r\u00e9pondent \u00e0 une situation \u00e0 court terme mais, au-del\u00e0, l\u2019objectif est bien de sortir de notre d\u00e9pendance aux \u00e9nergies carbon\u00e9es. En coh\u00e9rence avec l\u2019objectif de neutralit\u00e9 carbone du territoire, l\u2019Agglom\u00e9ration r\u00e9fl\u00e9chit avec l\u2019ensemble des communes membres, [&hellip;]\" \/>\n<meta property=\"og:url\" content=\"https:\/\/dev-durable.agglo-larochelle.fr\/2022\/une-agglo-sobre-et-durable\/amenagement\/voies-cyclables-perennes-et-provisoires\/\" \/>\n<meta property=\"og:site_name\" content=\"Rapport du d\u00e9veloppement durable\" \/>\n<meta property=\"article:modified_time\" content=\"2022-12-08T11:29:31+00:00\" \/>\n<meta property=\"og:image\" content=\"https:\/\/dev-durable.agglo-larochelle.fr\/2022\/wp-content\/uploads\/2018\/11\/eco-habitat-1.gif\" \/>\n\t<meta property=\"og:image:width\" content=\"1024\" \/>\n\t<meta property=\"og:image:height\" content=\"654\" \/>\n\t<meta property=\"og:image:type\" content=\"image\/gif\" \/>\n<meta name=\"twitter:card\" content=\"summary_large_image\" \/>\n<meta name=\"twitter:label1\" content=\"Dur\u00e9e de lecture estim\u00e9e\" \/>\n\t<meta name=\"twitter:data1\" content=\"1 minute\" \/>\n<script type=\"application\/ld+json\" class=\"yoast-schema-graph\">{\"@context\":\"https:\/\/schema.org\",\"@graph\":[{\"@type\":\"WebPage\",\"@id\":\"https:\/\/dev-durable.agglo-larochelle.fr\/2022\/une-agglo-sobre-et-durable\/amenagement\/voies-cyclables-perennes-et-provisoires\/\",\"url\":\"https:\/\/dev-durable.agglo-larochelle.fr\/2022\/une-agglo-sobre-et-durable\/amenagement\/voies-cyclables-perennes-et-provisoires\/\",\"name\":\"Face \u00e0 la crise, la collectivit\u00e9 se dote d\u2019un plan de sobri\u00e9t\u00e9 \u00e9nerg\u00e9tique - Rapport du d\u00e9veloppement durable\",\"isPartOf\":{\"@id\":\"https:\/\/dev-durable.agglo-larochelle.fr\/2022\/#website\"},\"datePublished\":\"2021-01-05T10:51:40+00:00\",\"dateModified\":\"2022-12-08T11:29:31+00:00\",\"breadcrumb\":{\"@id\":\"https:\/\/dev-durable.agglo-larochelle.fr\/2022\/une-agglo-sobre-et-durable\/amenagement\/voies-cyclables-perennes-et-provisoires\/#breadcrumb\"},\"inLanguage\":\"fr-FR\",\"potentialAction\":[{\"@type\":\"ReadAction\",\"target\":[\"https:\/\/dev-durable.agglo-larochelle.fr\/2022\/une-agglo-sobre-et-durable\/amenagement\/voies-cyclables-perennes-et-provisoires\/\"]}]},{\"@type\":\"BreadcrumbList\",\"@id\":\"https:\/\/dev-durable.agglo-larochelle.fr\/2022\/une-agglo-sobre-et-durable\/amenagement\/voies-cyclables-perennes-et-provisoires\/#breadcrumb\",\"itemListElement\":[{\"@type\":\"ListItem\",\"position\":1,\"name\":\"Accueil\",\"item\":\"https:\/\/dev-durable.agglo-larochelle.fr\/2022\/\"},{\"@type\":\"ListItem\",\"position\":2,\"name\":\"Une Agglo sobre et durable\",\"item\":\"https:\/\/dev-durable.agglo-larochelle.fr\/2022\/une-agglo-sobre-et-durable\/\"},{\"@type\":\"ListItem\",\"position\":3,\"name\":\"Am\u00e9nagement\",\"item\":\"https:\/\/dev-durable.agglo-larochelle.fr\/2022\/une-agglo-sobre-et-durable\/amenagement\/\"},{\"@type\":\"ListItem\",\"position\":4,\"name\":\"Face \u00e0 la crise, la collectivit\u00e9 se dote d\u2019un plan de sobri\u00e9t\u00e9 \u00e9nerg\u00e9tique\"}]},{\"@type\":\"WebSite\",\"@id\":\"https:\/\/dev-durable.agglo-larochelle.fr\/2022\/#website\",\"url\":\"https:\/\/dev-durable.agglo-larochelle.fr\/2022\/\",\"name\":\"Rapport du d\u00e9veloppement durable - 2022\",\"description\":\"Rapport 2022 du d\u00e9veloppement durable\",\"alternateName\":\"Communaut\u00e9 d'Agglom\u00e9ration de La Rochelle\",\"potentialAction\":[{\"@type\":\"SearchAction\",\"target\":{\"@type\":\"EntryPoint\",\"urlTemplate\":\"https:\/\/dev-durable.agglo-larochelle.fr\/2022\/?s={search_term_string}\"},\"query-input\":\"required name=search_term_string\"}],\"inLanguage\":\"fr-FR\"}]}<\/script>\n<!-- \/ Yoast SEO plugin. -->","yoast_head_json":{"title":"Face \u00e0 la crise, la collectivit\u00e9 se dote d\u2019un plan de sobri\u00e9t\u00e9 \u00e9nerg\u00e9tique - Rapport du d\u00e9veloppement durable","robots":{"index":"index","follow":"follow","max-snippet":"max-snippet:-1","max-image-preview":"max-image-preview:large","max-video-preview":"max-video-preview:-1"},"canonical":"https:\/\/dev-durable.agglo-larochelle.fr\/2022\/une-agglo-sobre-et-durable\/amenagement\/voies-cyclables-perennes-et-provisoires\/","og_locale":"fr_FR","og_type":"article","og_title":"Face \u00e0 la crise, la collectivit\u00e9 se dote d\u2019un plan de sobri\u00e9t\u00e9 \u00e9nerg\u00e9tique - Rapport du d\u00e9veloppement durable","og_description":"La crise climatique est une r\u00e9alit\u00e9 face \u00e0 laquelle la collectivit\u00e9 agit avec responsabilit\u00e9 et exemplarit\u00e9. Les \u00e9conomies d\u2019\u00e9nergie r\u00e9pondent \u00e0 une situation \u00e0 court terme mais, au-del\u00e0, l\u2019objectif est bien de sortir de notre d\u00e9pendance aux \u00e9nergies carbon\u00e9es. En coh\u00e9rence avec l\u2019objectif de neutralit\u00e9 carbone du territoire, l\u2019Agglom\u00e9ration r\u00e9fl\u00e9chit avec l\u2019ensemble des communes membres, [&hellip;]","og_url":"https:\/\/dev-durable.agglo-larochelle.fr\/2022\/une-agglo-sobre-et-durable\/amenagement\/voies-cyclables-perennes-et-provisoires\/","og_site_name":"Rapport du d\u00e9veloppement durable","article_modified_time":"2022-12-08T11:29:31+00:00","og_image":[{"width":1024,"height":654,"url":"https:\/\/dev-durable.agglo-larochelle.fr\/2022\/wp-content\/uploads\/2018\/11\/eco-habitat-1.gif","type":"image\/gif"}],"twitter_card":"summary_large_image","twitter_misc":{"Dur\u00e9e de lecture estim\u00e9e":"1 minute"},"schema":{"@context":"https:\/\/schema.org","@graph":[{"@type":"WebPage","@id":"https:\/\/dev-durable.agglo-larochelle.fr\/2022\/une-agglo-sobre-et-durable\/amenagement\/voies-cyclables-perennes-et-provisoires\/","url":"https:\/\/dev-durable.agglo-larochelle.fr\/2022\/une-agglo-sobre-et-durable\/amenagement\/voies-cyclables-perennes-et-provisoires\/","name":"Face \u00e0 la crise, la collectivit\u00e9 se dote d\u2019un plan de sobri\u00e9t\u00e9 \u00e9nerg\u00e9tique - Rapport du d\u00e9veloppement durable","isPartOf":{"@id":"https:\/\/dev-durable.agglo-larochelle.fr\/2022\/#website"},"datePublished":"2021-01-05T10:51:40+00:00","dateModified":"2022-12-08T11:29:31+00:00","breadcrumb":{"@id":"https:\/\/dev-durable.agglo-larochelle.fr\/2022\/une-agglo-sobre-et-durable\/amenagement\/voies-cyclables-perennes-et-provisoires\/#breadcrumb"},"inLanguage":"fr-FR","potentialAction":[{"@type":"ReadAction","target":["https:\/\/dev-durable.agglo-larochelle.fr\/2022\/une-agglo-sobre-et-durable\/amenagement\/voies-cyclables-perennes-et-provisoires\/"]}]},{"@type":"BreadcrumbList","@id":"https:\/\/dev-durable.agglo-larochelle.fr\/2022\/une-agglo-sobre-et-durable\/amenagement\/voies-cyclables-perennes-et-provisoires\/#breadcrumb","itemListElement":[{"@type":"ListItem","position":1,"name":"Accueil","item":"https:\/\/dev-durable.agglo-larochelle.fr\/2022\/"},{"@type":"ListItem","position":2,"name":"Une Agglo sobre et durable","item":"https:\/\/dev-durable.agglo-larochelle.fr\/2022\/une-agglo-sobre-et-durable\/"},{"@type":"ListItem","position":3,"name":"Am\u00e9nagement","item":"https:\/\/dev-durable.agglo-larochelle.fr\/2022\/une-agglo-sobre-et-durable\/amenagement\/"},{"@type":"ListItem","position":4,"name":"Face \u00e0 la crise, la collectivit\u00e9 se dote d\u2019un plan de sobri\u00e9t\u00e9 \u00e9nerg\u00e9tique"}]},{"@type":"WebSite","@id":"https:\/\/dev-durable.agglo-larochelle.fr\/2022\/#website","url":"https:\/\/dev-durable.agglo-larochelle.fr\/2022\/","name":"Rapport du d\u00e9veloppement durable - 2022","description":"Rapport 2022 du d\u00e9veloppement durable","alternateName":"Communaut\u00e9 d'Agglom\u00e9ration de La Rochelle","potentialAction":[{"@type":"SearchAction","target":{"@type":"EntryPoint","urlTemplate":"https:\/\/dev-durable.agglo-larochelle.fr\/2022\/?s={search_term_string}"},"query-input":"required name=search_term_string"}],"inLanguage":"fr-FR"}]}},"_links":{"self":[{"href":"https:\/\/dev-durable.agglo-larochelle.fr\/2022\/wp-json\/wp\/v2\/pages\/1520"}],"collection":[{"href":"https:\/\/dev-durable.agglo-larochelle.fr\/2022\/wp-json\/wp\/v2\/pages"}],"about":[{"href":"https:\/\/dev-durable.agglo-larochelle.fr\/2022\/wp-json\/wp\/v2\/types\/page"}],"author":[{"embeddable":true,"href":"https:\/\/dev-durable.agglo-larochelle.fr\/2022\/wp-json\/wp\/v2\/users\/1"}],"replies":[{"embeddable":true,"href":"https:\/\/dev-durable.agglo-larochelle.fr\/2022\/wp-json\/wp\/v2\/comments?post=1520"}],"version-history":[{"count":6,"href":"https:\/\/dev-durable.agglo-larochelle.fr\/2022\/wp-json\/wp\/v2\/pages\/1520\/revisions"}],"predecessor-version":[{"id":2708,"href":"https:\/\/dev-durable.agglo-larochelle.fr\/2022\/wp-json\/wp\/v2\/pages\/1520\/revisions\/2708"}],"up":[{"embeddable":true,"href":"https:\/\/dev-durable.agglo-larochelle.fr\/2022\/wp-json\/wp\/v2\/pages\/1516"}],"wp:featuredmedia":[{"embeddable":true,"href":"https:\/\/dev-durable.agglo-larochelle.fr\/2022\/wp-json\/wp\/v2\/media\/655"}],"wp:attachment":[{"href":"https:\/\/dev-durable.agglo-larochelle.fr\/2022\/wp-json\/wp\/v2\/media?parent=1520"}],"curies":[{"name":"wp","href":"https:\/\/api.w.org\/{rel}","templated":true}]}}