{"id":1537,"date":"2021-01-05T17:38:59","date_gmt":"2021-01-05T16:38:59","guid":{"rendered":"https:\/\/dev-durable.agglo-larochelle.fr\/20226.0.2\/?page_id=1537"},"modified":"2022-12-08T19:00:42","modified_gmt":"2022-12-08T18:00:42","slug":"diagnostic-contrat-territorial-milieux-aquatiques-ctma","status":"publish","type":"page","link":"https:\/\/dev-durable.agglo-larochelle.fr\/2022\/une-agglo-sobre-et-durable\/proteger-les-ressources-naturelles\/diagnostic-contrat-territorial-milieux-aquatiques-ctma\/","title":{"rendered":"Un an de r\u00e9novation \u00e9nerg\u00e9tique gr\u00e2ce \u00e0 la PRRE"},"content":{"rendered":"<p><strong>La Plateforme Rochelaise de R\u00e9novation \u00c9nerg\u00e9tique (PRRE) a ouvert ses portes en juin 2021. Le bilan positif de sa deuxi\u00e8me ann\u00e9e d\u2019activit\u00e9 s\u2019accompagne d\u2019un ajustement du dispositif, pour encore plus d\u2019efficacit\u00e9.<\/strong><\/p>\n<p>En 2022, l\u2019activit\u00e9 de la PRRE se montre encourageante : plus de 1 600 demandes d\u2019information ont \u00e9t\u00e9 comptabilis\u00e9es et les missions d\u2019information aupr\u00e8s des particuliers comme des professionnels ont rencontr\u00e9 leur public avec 50 professionnels signataires de la charte \u00ab pros de confiance \u00bb (+15 par rapport \u00e0 2021) et 500 projets de r\u00e9novation accompagn\u00e9s (+ 250 par rapport \u00e0 2021). 260 000 \u20ac d\u2019aides locales bas carbone ont \u00e9t\u00e9 engag\u00e9es pour cette deuxi\u00e8me ann\u00e9e contre 40 000 \u20ac en 2021. Depuis le lancement de l\u2019aide, les 300 000 \u20ac apport\u00e9s par la CdA pour cofinancer les travaux de r\u00e9novation \u00e9nerg\u00e9tique ont g\u00e9n\u00e9r\u00e9 2,5 M\u20ac de travaux avec un taux de financement moyen des projets de 13 %.<\/p>\n<p>L\u2019aide \u00ab\u00a0Bas Carbone\u00a0\u00bb a \u00e9t\u00e9 modifi\u00e9e pour soutenir davantage les \u00ab\u00a0petites r\u00e9novations\u00a0\u00bb, l\u2019emploi de mat\u00e9riaux bio-sourc\u00e9s et les m\u00e9nages ayant des revenus modestes.<\/p>\n","protected":false},"excerpt":{"rendered":"<p>La Plateforme Rochelaise de R\u00e9novation \u00c9nerg\u00e9tique (PRRE) a ouvert ses portes en juin 2021. Le bilan positif de sa deuxi\u00e8me ann\u00e9e d\u2019activit\u00e9 s\u2019accompagne d\u2019un ajustement du dispositif, pour encore plus d\u2019efficacit\u00e9. En 2022, l\u2019activit\u00e9 de la PRRE se montre encourageante : plus de 1 600 demandes d\u2019information ont \u00e9t\u00e9 comptabilis\u00e9es et les missions d\u2019information aupr\u00e8s [&hellip;]<\/p>\n","protected":false},"author":1,"featured_media":2936,"parent":1041,"menu_order":2,"comment_status":"closed","ping_status":"closed","template":"page-sous-partie.php","meta":[],"acf":[],"yoast_head":"<!-- This site is optimized with the Yoast SEO plugin v19.12 - https:\/\/yoast.com\/wordpress\/plugins\/seo\/ -->\n<title>Un an de r\u00e9novation \u00e9nerg\u00e9tique gr\u00e2ce \u00e0 la PRRE - Rapport du d\u00e9veloppement durable<\/title>\n<meta name=\"robots\" content=\"index, follow, max-snippet:-1, max-image-preview:large, max-video-preview:-1\" \/>\n<link rel=\"canonical\" href=\"https:\/\/dev-durable.agglo-larochelle.fr\/2022\/une-agglo-sobre-et-durable\/proteger-les-ressources-naturelles\/diagnostic-contrat-territorial-milieux-aquatiques-ctma\/\" \/>\n<meta property=\"og:locale\" content=\"fr_FR\" \/>\n<meta property=\"og:type\" content=\"article\" \/>\n<meta property=\"og:title\" content=\"Un an de r\u00e9novation \u00e9nerg\u00e9tique gr\u00e2ce \u00e0 la PRRE - Rapport du d\u00e9veloppement durable\" \/>\n<meta property=\"og:description\" content=\"La Plateforme Rochelaise de R\u00e9novation \u00c9nerg\u00e9tique (PRRE) a ouvert ses portes en juin 2021. Le bilan positif de sa deuxi\u00e8me ann\u00e9e d\u2019activit\u00e9 s\u2019accompagne d\u2019un ajustement du dispositif, pour encore plus d\u2019efficacit\u00e9. En 2022, l\u2019activit\u00e9 de la PRRE se montre encourageante : plus de 1 600 demandes d\u2019information ont \u00e9t\u00e9 comptabilis\u00e9es et les missions d\u2019information aupr\u00e8s [&hellip;]\" \/>\n<meta property=\"og:url\" content=\"https:\/\/dev-durable.agglo-larochelle.fr\/2022\/une-agglo-sobre-et-durable\/proteger-les-ressources-naturelles\/diagnostic-contrat-territorial-milieux-aquatiques-ctma\/\" \/>\n<meta property=\"og:site_name\" content=\"Rapport du d\u00e9veloppement durable\" \/>\n<meta property=\"article:modified_time\" content=\"2022-12-08T18:00:42+00:00\" \/>\n<meta property=\"og:image\" content=\"https:\/\/dev-durable.agglo-larochelle.fr\/2022\/wp-content\/uploads\/2022\/12\/PRRE_CA_038330.jpg\" \/>\n\t<meta property=\"og:image:width\" content=\"650\" \/>\n\t<meta property=\"og:image:height\" content=\"300\" \/>\n\t<meta property=\"og:image:type\" content=\"image\/jpeg\" \/>\n<meta name=\"twitter:card\" content=\"summary_large_image\" \/>\n<meta name=\"twitter:label1\" content=\"Dur\u00e9e de lecture estim\u00e9e\" \/>\n\t<meta name=\"twitter:data1\" content=\"1 minute\" \/>\n<script type=\"application\/ld+json\" class=\"yoast-schema-graph\">{\"@context\":\"https:\/\/schema.org\",\"@graph\":[{\"@type\":\"WebPage\",\"@id\":\"https:\/\/dev-durable.agglo-larochelle.fr\/2022\/une-agglo-sobre-et-durable\/proteger-les-ressources-naturelles\/diagnostic-contrat-territorial-milieux-aquatiques-ctma\/\",\"url\":\"https:\/\/dev-durable.agglo-larochelle.fr\/2022\/une-agglo-sobre-et-durable\/proteger-les-ressources-naturelles\/diagnostic-contrat-territorial-milieux-aquatiques-ctma\/\",\"name\":\"Un an de r\u00e9novation \u00e9nerg\u00e9tique gr\u00e2ce \u00e0 la PRRE - Rapport du d\u00e9veloppement durable\",\"isPartOf\":{\"@id\":\"https:\/\/dev-durable.agglo-larochelle.fr\/2022\/#website\"},\"datePublished\":\"2021-01-05T16:38:59+00:00\",\"dateModified\":\"2022-12-08T18:00:42+00:00\",\"breadcrumb\":{\"@id\":\"https:\/\/dev-durable.agglo-larochelle.fr\/2022\/une-agglo-sobre-et-durable\/proteger-les-ressources-naturelles\/diagnostic-contrat-territorial-milieux-aquatiques-ctma\/#breadcrumb\"},\"inLanguage\":\"fr-FR\",\"potentialAction\":[{\"@type\":\"ReadAction\",\"target\":[\"https:\/\/dev-durable.agglo-larochelle.fr\/2022\/une-agglo-sobre-et-durable\/proteger-les-ressources-naturelles\/diagnostic-contrat-territorial-milieux-aquatiques-ctma\/\"]}]},{\"@type\":\"BreadcrumbList\",\"@id\":\"https:\/\/dev-durable.agglo-larochelle.fr\/2022\/une-agglo-sobre-et-durable\/proteger-les-ressources-naturelles\/diagnostic-contrat-territorial-milieux-aquatiques-ctma\/#breadcrumb\",\"itemListElement\":[{\"@type\":\"ListItem\",\"position\":1,\"name\":\"Accueil\",\"item\":\"https:\/\/dev-durable.agglo-larochelle.fr\/2022\/\"},{\"@type\":\"ListItem\",\"position\":2,\"name\":\"Une Agglo sobre et durable\",\"item\":\"https:\/\/dev-durable.agglo-larochelle.fr\/2022\/une-agglo-sobre-et-durable\/\"},{\"@type\":\"ListItem\",\"position\":3,\"name\":\"Relever le d\u00e9fi des changements climatiques\",\"item\":\"https:\/\/dev-durable.agglo-larochelle.fr\/2022\/une-agglo-sobre-et-durable\/proteger-les-ressources-naturelles\/\"},{\"@type\":\"ListItem\",\"position\":4,\"name\":\"Un an de r\u00e9novation \u00e9nerg\u00e9tique gr\u00e2ce \u00e0 la PRRE\"}]},{\"@type\":\"WebSite\",\"@id\":\"https:\/\/dev-durable.agglo-larochelle.fr\/2022\/#website\",\"url\":\"https:\/\/dev-durable.agglo-larochelle.fr\/2022\/\",\"name\":\"Rapport du d\u00e9veloppement durable - 2022\",\"description\":\"Rapport 2022 du d\u00e9veloppement durable\",\"alternateName\":\"Communaut\u00e9 d'Agglom\u00e9ration de La Rochelle\",\"potentialAction\":[{\"@type\":\"SearchAction\",\"target\":{\"@type\":\"EntryPoint\",\"urlTemplate\":\"https:\/\/dev-durable.agglo-larochelle.fr\/2022\/?s={search_term_string}\"},\"query-input\":\"required name=search_term_string\"}],\"inLanguage\":\"fr-FR\"}]}<\/script>\n<!-- \/ Yoast SEO plugin. -->","yoast_head_json":{"title":"Un an de r\u00e9novation \u00e9nerg\u00e9tique gr\u00e2ce \u00e0 la PRRE - Rapport du d\u00e9veloppement durable","robots":{"index":"index","follow":"follow","max-snippet":"max-snippet:-1","max-image-preview":"max-image-preview:large","max-video-preview":"max-video-preview:-1"},"canonical":"https:\/\/dev-durable.agglo-larochelle.fr\/2022\/une-agglo-sobre-et-durable\/proteger-les-ressources-naturelles\/diagnostic-contrat-territorial-milieux-aquatiques-ctma\/","og_locale":"fr_FR","og_type":"article","og_title":"Un an de r\u00e9novation \u00e9nerg\u00e9tique gr\u00e2ce \u00e0 la PRRE - Rapport du d\u00e9veloppement durable","og_description":"La Plateforme Rochelaise de R\u00e9novation \u00c9nerg\u00e9tique (PRRE) a ouvert ses portes en juin 2021. Le bilan positif de sa deuxi\u00e8me ann\u00e9e d\u2019activit\u00e9 s\u2019accompagne d\u2019un ajustement du dispositif, pour encore plus d\u2019efficacit\u00e9. En 2022, l\u2019activit\u00e9 de la PRRE se montre encourageante : plus de 1 600 demandes d\u2019information ont \u00e9t\u00e9 comptabilis\u00e9es et les missions d\u2019information aupr\u00e8s [&hellip;]","og_url":"https:\/\/dev-durable.agglo-larochelle.fr\/2022\/une-agglo-sobre-et-durable\/proteger-les-ressources-naturelles\/diagnostic-contrat-territorial-milieux-aquatiques-ctma\/","og_site_name":"Rapport du d\u00e9veloppement durable","article_modified_time":"2022-12-08T18:00:42+00:00","og_image":[{"width":650,"height":300,"url":"https:\/\/dev-durable.agglo-larochelle.fr\/2022\/wp-content\/uploads\/2022\/12\/PRRE_CA_038330.jpg","type":"image\/jpeg"}],"twitter_card":"summary_large_image","twitter_misc":{"Dur\u00e9e de lecture estim\u00e9e":"1 minute"},"schema":{"@context":"https:\/\/schema.org","@graph":[{"@type":"WebPage","@id":"https:\/\/dev-durable.agglo-larochelle.fr\/2022\/une-agglo-sobre-et-durable\/proteger-les-ressources-naturelles\/diagnostic-contrat-territorial-milieux-aquatiques-ctma\/","url":"https:\/\/dev-durable.agglo-larochelle.fr\/2022\/une-agglo-sobre-et-durable\/proteger-les-ressources-naturelles\/diagnostic-contrat-territorial-milieux-aquatiques-ctma\/","name":"Un an de r\u00e9novation \u00e9nerg\u00e9tique gr\u00e2ce \u00e0 la PRRE - Rapport du d\u00e9veloppement durable","isPartOf":{"@id":"https:\/\/dev-durable.agglo-larochelle.fr\/2022\/#website"},"datePublished":"2021-01-05T16:38:59+00:00","dateModified":"2022-12-08T18:00:42+00:00","breadcrumb":{"@id":"https:\/\/dev-durable.agglo-larochelle.fr\/2022\/une-agglo-sobre-et-durable\/proteger-les-ressources-naturelles\/diagnostic-contrat-territorial-milieux-aquatiques-ctma\/#breadcrumb"},"inLanguage":"fr-FR","potentialAction":[{"@type":"ReadAction","target":["https:\/\/dev-durable.agglo-larochelle.fr\/2022\/une-agglo-sobre-et-durable\/proteger-les-ressources-naturelles\/diagnostic-contrat-territorial-milieux-aquatiques-ctma\/"]}]},{"@type":"BreadcrumbList","@id":"https:\/\/dev-durable.agglo-larochelle.fr\/2022\/une-agglo-sobre-et-durable\/proteger-les-ressources-naturelles\/diagnostic-contrat-territorial-milieux-aquatiques-ctma\/#breadcrumb","itemListElement":[{"@type":"ListItem","position":1,"name":"Accueil","item":"https:\/\/dev-durable.agglo-larochelle.fr\/2022\/"},{"@type":"ListItem","position":2,"name":"Une Agglo sobre et durable","item":"https:\/\/dev-durable.agglo-larochelle.fr\/2022\/une-agglo-sobre-et-durable\/"},{"@type":"ListItem","position":3,"name":"Relever le d\u00e9fi des changements climatiques","item":"https:\/\/dev-durable.agglo-larochelle.fr\/2022\/une-agglo-sobre-et-durable\/proteger-les-ressources-naturelles\/"},{"@type":"ListItem","position":4,"name":"Un an de r\u00e9novation \u00e9nerg\u00e9tique gr\u00e2ce \u00e0 la PRRE"}]},{"@type":"WebSite","@id":"https:\/\/dev-durable.agglo-larochelle.fr\/2022\/#website","url":"https:\/\/dev-durable.agglo-larochelle.fr\/2022\/","name":"Rapport du d\u00e9veloppement durable - 2022","description":"Rapport 2022 du d\u00e9veloppement durable","alternateName":"Communaut\u00e9 d'Agglom\u00e9ration de La Rochelle","potentialAction":[{"@type":"SearchAction","target":{"@type":"EntryPoint","urlTemplate":"https:\/\/dev-durable.agglo-larochelle.fr\/2022\/?s={search_term_string}"},"query-input":"required name=search_term_string"}],"inLanguage":"fr-FR"}]}},"_links":{"self":[{"href":"https:\/\/dev-durable.agglo-larochelle.fr\/2022\/wp-json\/wp\/v2\/pages\/1537"}],"collection":[{"href":"https:\/\/dev-durable.agglo-larochelle.fr\/2022\/wp-json\/wp\/v2\/pages"}],"about":[{"href":"https:\/\/dev-durable.agglo-larochelle.fr\/2022\/wp-json\/wp\/v2\/types\/page"}],"author":[{"embeddable":true,"href":"https:\/\/dev-durable.agglo-larochelle.fr\/2022\/wp-json\/wp\/v2\/users\/1"}],"replies":[{"embeddable":true,"href":"https:\/\/dev-durable.agglo-larochelle.fr\/2022\/wp-json\/wp\/v2\/comments?post=1537"}],"version-history":[{"count":9,"href":"https:\/\/dev-durable.agglo-larochelle.fr\/2022\/wp-json\/wp\/v2\/pages\/1537\/revisions"}],"predecessor-version":[{"id":2964,"href":"https:\/\/dev-durable.agglo-larochelle.fr\/2022\/wp-json\/wp\/v2\/pages\/1537\/revisions\/2964"}],"up":[{"embeddable":true,"href":"https:\/\/dev-durable.agglo-larochelle.fr\/2022\/wp-json\/wp\/v2\/pages\/1041"}],"wp:featuredmedia":[{"embeddable":true,"href":"https:\/\/dev-durable.agglo-larochelle.fr\/2022\/wp-json\/wp\/v2\/media\/2936"}],"wp:attachment":[{"href":"https:\/\/dev-durable.agglo-larochelle.fr\/2022\/wp-json\/wp\/v2\/media?parent=1537"}],"curies":[{"name":"wp","href":"https:\/\/api.w.org\/{rel}","templated":true}]}}