{"id":1539,"date":"2021-01-05T17:40:27","date_gmt":"2021-01-05T16:40:27","guid":{"rendered":"https:\/\/dev-durable.agglo-larochelle.fr\/20226.0.2\/?page_id=1539"},"modified":"2022-12-08T12:39:13","modified_gmt":"2022-12-08T11:39:13","slug":"bilan-du-2eme-programme-re-sources-2015-2020","status":"publish","type":"page","link":"https:\/\/dev-durable.agglo-larochelle.fr\/2022\/une-agglo-sobre-et-durable\/proteger-les-ressources-naturelles\/bilan-du-2eme-programme-re-sources-2015-2020\/","title":{"rendered":"L\u2019animation autour de la r\u00e9novation \u00e9nerg\u00e9tique au c\u0153ur de l\u2019action de la PRRE"},"content":{"rendered":"<p><strong>La r\u00e9novation \u00e9nerg\u00e9tique des logements de particuliers est un levier fort pour r\u00e9duire les consommations d\u2019\u00e9nergie. La PRRE multiplie les actions d\u2019information et de sensibilisation.<\/strong><\/p>\n<p>La PRRE a pour mission d\u2019accompagner les particuliers qui souhaiteraient s\u2019engager dans une d\u00e9marche de r\u00e9novation \u00e9nerg\u00e9tique de leur logement. Premi\u00e8re \u00e9tape dans cette d\u00e9marche de transition\u00a0: s\u2019informer sur ce qu\u2019il est possible de faire des points de vue technique et financier. La Plateforme multiplie en ce sens les actions de sensibilisation aupr\u00e8s des habitants, en \u00e9tant pr\u00e9sente sur les salons (de l\u2019habitat, de l\u2019immobilier), en communiquant localement sur les solutions existantes (partenariats et interventions radio) ou encore en engageant la discussion avec des op\u00e9rations comme le \u00ab\u00a0Renov\u2019Tour\u00a0\u00bb (en partenariat avec la R\u00e9gion Nouvelle-Aquitaine) directement sur les parkings des grandes surfaces de bricolage.<\/p>\n","protected":false},"excerpt":{"rendered":"<p>La r\u00e9novation \u00e9nerg\u00e9tique des logements de particuliers est un levier fort pour r\u00e9duire les consommations d\u2019\u00e9nergie. La PRRE multiplie les actions d\u2019information et de sensibilisation. La PRRE a pour mission d\u2019accompagner les particuliers qui souhaiteraient s\u2019engager dans une d\u00e9marche de r\u00e9novation \u00e9nerg\u00e9tique de leur logement. Premi\u00e8re \u00e9tape dans cette d\u00e9marche de transition\u00a0: s\u2019informer sur ce [&hellip;]<\/p>\n","protected":false},"author":1,"featured_media":655,"parent":1041,"menu_order":3,"comment_status":"closed","ping_status":"closed","template":"page-sous-partie.php","meta":[],"acf":[],"yoast_head":"<!-- This site is optimized with the Yoast SEO plugin v19.12 - https:\/\/yoast.com\/wordpress\/plugins\/seo\/ -->\n<title>L\u2019animation autour de la r\u00e9novation \u00e9nerg\u00e9tique au c\u0153ur de l\u2019action de la PRRE - Rapport du d\u00e9veloppement durable<\/title>\n<meta name=\"robots\" content=\"index, follow, max-snippet:-1, max-image-preview:large, max-video-preview:-1\" \/>\n<link rel=\"canonical\" href=\"https:\/\/dev-durable.agglo-larochelle.fr\/2022\/une-agglo-sobre-et-durable\/proteger-les-ressources-naturelles\/bilan-du-2eme-programme-re-sources-2015-2020\/\" \/>\n<meta property=\"og:locale\" content=\"fr_FR\" \/>\n<meta property=\"og:type\" content=\"article\" \/>\n<meta property=\"og:title\" content=\"L\u2019animation autour de la r\u00e9novation \u00e9nerg\u00e9tique au c\u0153ur de l\u2019action de la PRRE - Rapport du d\u00e9veloppement durable\" \/>\n<meta property=\"og:description\" content=\"La r\u00e9novation \u00e9nerg\u00e9tique des logements de particuliers est un levier fort pour r\u00e9duire les consommations d\u2019\u00e9nergie. La PRRE multiplie les actions d\u2019information et de sensibilisation. La PRRE a pour mission d\u2019accompagner les particuliers qui souhaiteraient s\u2019engager dans une d\u00e9marche de r\u00e9novation \u00e9nerg\u00e9tique de leur logement. Premi\u00e8re \u00e9tape dans cette d\u00e9marche de transition\u00a0: s\u2019informer sur ce [&hellip;]\" \/>\n<meta property=\"og:url\" content=\"https:\/\/dev-durable.agglo-larochelle.fr\/2022\/une-agglo-sobre-et-durable\/proteger-les-ressources-naturelles\/bilan-du-2eme-programme-re-sources-2015-2020\/\" \/>\n<meta property=\"og:site_name\" content=\"Rapport du d\u00e9veloppement durable\" \/>\n<meta property=\"article:modified_time\" content=\"2022-12-08T11:39:13+00:00\" \/>\n<meta property=\"og:image\" content=\"https:\/\/dev-durable.agglo-larochelle.fr\/2022\/wp-content\/uploads\/2018\/11\/eco-habitat-1.gif\" \/>\n\t<meta property=\"og:image:width\" content=\"1024\" \/>\n\t<meta property=\"og:image:height\" content=\"654\" \/>\n\t<meta property=\"og:image:type\" content=\"image\/gif\" \/>\n<meta name=\"twitter:card\" content=\"summary_large_image\" \/>\n<meta name=\"twitter:label1\" content=\"Dur\u00e9e de lecture estim\u00e9e\" \/>\n\t<meta name=\"twitter:data1\" content=\"1 minute\" \/>\n<script type=\"application\/ld+json\" class=\"yoast-schema-graph\">{\"@context\":\"https:\/\/schema.org\",\"@graph\":[{\"@type\":\"WebPage\",\"@id\":\"https:\/\/dev-durable.agglo-larochelle.fr\/2022\/une-agglo-sobre-et-durable\/proteger-les-ressources-naturelles\/bilan-du-2eme-programme-re-sources-2015-2020\/\",\"url\":\"https:\/\/dev-durable.agglo-larochelle.fr\/2022\/une-agglo-sobre-et-durable\/proteger-les-ressources-naturelles\/bilan-du-2eme-programme-re-sources-2015-2020\/\",\"name\":\"L\u2019animation autour de la r\u00e9novation \u00e9nerg\u00e9tique au c\u0153ur de l\u2019action de la PRRE - Rapport du d\u00e9veloppement durable\",\"isPartOf\":{\"@id\":\"https:\/\/dev-durable.agglo-larochelle.fr\/2022\/#website\"},\"datePublished\":\"2021-01-05T16:40:27+00:00\",\"dateModified\":\"2022-12-08T11:39:13+00:00\",\"breadcrumb\":{\"@id\":\"https:\/\/dev-durable.agglo-larochelle.fr\/2022\/une-agglo-sobre-et-durable\/proteger-les-ressources-naturelles\/bilan-du-2eme-programme-re-sources-2015-2020\/#breadcrumb\"},\"inLanguage\":\"fr-FR\",\"potentialAction\":[{\"@type\":\"ReadAction\",\"target\":[\"https:\/\/dev-durable.agglo-larochelle.fr\/2022\/une-agglo-sobre-et-durable\/proteger-les-ressources-naturelles\/bilan-du-2eme-programme-re-sources-2015-2020\/\"]}]},{\"@type\":\"BreadcrumbList\",\"@id\":\"https:\/\/dev-durable.agglo-larochelle.fr\/2022\/une-agglo-sobre-et-durable\/proteger-les-ressources-naturelles\/bilan-du-2eme-programme-re-sources-2015-2020\/#breadcrumb\",\"itemListElement\":[{\"@type\":\"ListItem\",\"position\":1,\"name\":\"Accueil\",\"item\":\"https:\/\/dev-durable.agglo-larochelle.fr\/2022\/\"},{\"@type\":\"ListItem\",\"position\":2,\"name\":\"Une Agglo sobre et durable\",\"item\":\"https:\/\/dev-durable.agglo-larochelle.fr\/2022\/une-agglo-sobre-et-durable\/\"},{\"@type\":\"ListItem\",\"position\":3,\"name\":\"Relever le d\u00e9fi des changements climatiques\",\"item\":\"https:\/\/dev-durable.agglo-larochelle.fr\/2022\/une-agglo-sobre-et-durable\/proteger-les-ressources-naturelles\/\"},{\"@type\":\"ListItem\",\"position\":4,\"name\":\"L\u2019animation autour de la r\u00e9novation \u00e9nerg\u00e9tique au c\u0153ur de l\u2019action de la PRRE\"}]},{\"@type\":\"WebSite\",\"@id\":\"https:\/\/dev-durable.agglo-larochelle.fr\/2022\/#website\",\"url\":\"https:\/\/dev-durable.agglo-larochelle.fr\/2022\/\",\"name\":\"Rapport du d\u00e9veloppement durable - 2022\",\"description\":\"Rapport 2022 du d\u00e9veloppement durable\",\"alternateName\":\"Communaut\u00e9 d'Agglom\u00e9ration de La Rochelle\",\"potentialAction\":[{\"@type\":\"SearchAction\",\"target\":{\"@type\":\"EntryPoint\",\"urlTemplate\":\"https:\/\/dev-durable.agglo-larochelle.fr\/2022\/?s={search_term_string}\"},\"query-input\":\"required name=search_term_string\"}],\"inLanguage\":\"fr-FR\"}]}<\/script>\n<!-- \/ Yoast SEO plugin. -->","yoast_head_json":{"title":"L\u2019animation autour de la r\u00e9novation \u00e9nerg\u00e9tique au c\u0153ur de l\u2019action de la PRRE - Rapport du d\u00e9veloppement durable","robots":{"index":"index","follow":"follow","max-snippet":"max-snippet:-1","max-image-preview":"max-image-preview:large","max-video-preview":"max-video-preview:-1"},"canonical":"https:\/\/dev-durable.agglo-larochelle.fr\/2022\/une-agglo-sobre-et-durable\/proteger-les-ressources-naturelles\/bilan-du-2eme-programme-re-sources-2015-2020\/","og_locale":"fr_FR","og_type":"article","og_title":"L\u2019animation autour de la r\u00e9novation \u00e9nerg\u00e9tique au c\u0153ur de l\u2019action de la PRRE - Rapport du d\u00e9veloppement durable","og_description":"La r\u00e9novation \u00e9nerg\u00e9tique des logements de particuliers est un levier fort pour r\u00e9duire les consommations d\u2019\u00e9nergie. La PRRE multiplie les actions d\u2019information et de sensibilisation. La PRRE a pour mission d\u2019accompagner les particuliers qui souhaiteraient s\u2019engager dans une d\u00e9marche de r\u00e9novation \u00e9nerg\u00e9tique de leur logement. Premi\u00e8re \u00e9tape dans cette d\u00e9marche de transition\u00a0: s\u2019informer sur ce [&hellip;]","og_url":"https:\/\/dev-durable.agglo-larochelle.fr\/2022\/une-agglo-sobre-et-durable\/proteger-les-ressources-naturelles\/bilan-du-2eme-programme-re-sources-2015-2020\/","og_site_name":"Rapport du d\u00e9veloppement durable","article_modified_time":"2022-12-08T11:39:13+00:00","og_image":[{"width":1024,"height":654,"url":"https:\/\/dev-durable.agglo-larochelle.fr\/2022\/wp-content\/uploads\/2018\/11\/eco-habitat-1.gif","type":"image\/gif"}],"twitter_card":"summary_large_image","twitter_misc":{"Dur\u00e9e de lecture estim\u00e9e":"1 minute"},"schema":{"@context":"https:\/\/schema.org","@graph":[{"@type":"WebPage","@id":"https:\/\/dev-durable.agglo-larochelle.fr\/2022\/une-agglo-sobre-et-durable\/proteger-les-ressources-naturelles\/bilan-du-2eme-programme-re-sources-2015-2020\/","url":"https:\/\/dev-durable.agglo-larochelle.fr\/2022\/une-agglo-sobre-et-durable\/proteger-les-ressources-naturelles\/bilan-du-2eme-programme-re-sources-2015-2020\/","name":"L\u2019animation autour de la r\u00e9novation \u00e9nerg\u00e9tique au c\u0153ur de l\u2019action de la PRRE - Rapport du d\u00e9veloppement durable","isPartOf":{"@id":"https:\/\/dev-durable.agglo-larochelle.fr\/2022\/#website"},"datePublished":"2021-01-05T16:40:27+00:00","dateModified":"2022-12-08T11:39:13+00:00","breadcrumb":{"@id":"https:\/\/dev-durable.agglo-larochelle.fr\/2022\/une-agglo-sobre-et-durable\/proteger-les-ressources-naturelles\/bilan-du-2eme-programme-re-sources-2015-2020\/#breadcrumb"},"inLanguage":"fr-FR","potentialAction":[{"@type":"ReadAction","target":["https:\/\/dev-durable.agglo-larochelle.fr\/2022\/une-agglo-sobre-et-durable\/proteger-les-ressources-naturelles\/bilan-du-2eme-programme-re-sources-2015-2020\/"]}]},{"@type":"BreadcrumbList","@id":"https:\/\/dev-durable.agglo-larochelle.fr\/2022\/une-agglo-sobre-et-durable\/proteger-les-ressources-naturelles\/bilan-du-2eme-programme-re-sources-2015-2020\/#breadcrumb","itemListElement":[{"@type":"ListItem","position":1,"name":"Accueil","item":"https:\/\/dev-durable.agglo-larochelle.fr\/2022\/"},{"@type":"ListItem","position":2,"name":"Une Agglo sobre et durable","item":"https:\/\/dev-durable.agglo-larochelle.fr\/2022\/une-agglo-sobre-et-durable\/"},{"@type":"ListItem","position":3,"name":"Relever le d\u00e9fi des changements climatiques","item":"https:\/\/dev-durable.agglo-larochelle.fr\/2022\/une-agglo-sobre-et-durable\/proteger-les-ressources-naturelles\/"},{"@type":"ListItem","position":4,"name":"L\u2019animation autour de la r\u00e9novation \u00e9nerg\u00e9tique au c\u0153ur de l\u2019action de la PRRE"}]},{"@type":"WebSite","@id":"https:\/\/dev-durable.agglo-larochelle.fr\/2022\/#website","url":"https:\/\/dev-durable.agglo-larochelle.fr\/2022\/","name":"Rapport du d\u00e9veloppement durable - 2022","description":"Rapport 2022 du d\u00e9veloppement durable","alternateName":"Communaut\u00e9 d'Agglom\u00e9ration de La Rochelle","potentialAction":[{"@type":"SearchAction","target":{"@type":"EntryPoint","urlTemplate":"https:\/\/dev-durable.agglo-larochelle.fr\/2022\/?s={search_term_string}"},"query-input":"required name=search_term_string"}],"inLanguage":"fr-FR"}]}},"_links":{"self":[{"href":"https:\/\/dev-durable.agglo-larochelle.fr\/2022\/wp-json\/wp\/v2\/pages\/1539"}],"collection":[{"href":"https:\/\/dev-durable.agglo-larochelle.fr\/2022\/wp-json\/wp\/v2\/pages"}],"about":[{"href":"https:\/\/dev-durable.agglo-larochelle.fr\/2022\/wp-json\/wp\/v2\/types\/page"}],"author":[{"embeddable":true,"href":"https:\/\/dev-durable.agglo-larochelle.fr\/2022\/wp-json\/wp\/v2\/users\/1"}],"replies":[{"embeddable":true,"href":"https:\/\/dev-durable.agglo-larochelle.fr\/2022\/wp-json\/wp\/v2\/comments?post=1539"}],"version-history":[{"count":7,"href":"https:\/\/dev-durable.agglo-larochelle.fr\/2022\/wp-json\/wp\/v2\/pages\/1539\/revisions"}],"predecessor-version":[{"id":2722,"href":"https:\/\/dev-durable.agglo-larochelle.fr\/2022\/wp-json\/wp\/v2\/pages\/1539\/revisions\/2722"}],"up":[{"embeddable":true,"href":"https:\/\/dev-durable.agglo-larochelle.fr\/2022\/wp-json\/wp\/v2\/pages\/1041"}],"wp:featuredmedia":[{"embeddable":true,"href":"https:\/\/dev-durable.agglo-larochelle.fr\/2022\/wp-json\/wp\/v2\/media\/655"}],"wp:attachment":[{"href":"https:\/\/dev-durable.agglo-larochelle.fr\/2022\/wp-json\/wp\/v2\/media?parent=1539"}],"curies":[{"name":"wp","href":"https:\/\/api.w.org\/{rel}","templated":true}]}}