{"id":1541,"date":"2021-01-05T17:45:10","date_gmt":"2021-01-05T16:45:10","guid":{"rendered":"https:\/\/dev-durable.agglo-larochelle.fr\/20226.0.2\/?page_id=1541"},"modified":"2022-12-08T12:40:02","modified_gmt":"2022-12-08T11:40:02","slug":"concertation-pour-le-3eme-programme-re-sources","status":"publish","type":"page","link":"https:\/\/dev-durable.agglo-larochelle.fr\/2022\/une-agglo-sobre-et-durable\/proteger-les-ressources-naturelles\/concertation-pour-le-3eme-programme-re-sources\/","title":{"rendered":"La PRRE s\u2019adresse aussi aux r\u00e9seaux de professionnels"},"content":{"rendered":"<p><strong>Une autre mission du PRRE consiste \u00e0 informer et former les professionnels du b\u00e2timent \u00e0 des pratiques allant vers le bas-carbone, afin de constituer un r\u00e9seau de \u00ab\u00a0pros de confiance\u00a0\u00bb.<\/strong><\/p>\n<p>La mission d\u2019animation et d\u2019information de la PRRE s\u2019adresse aussi aux professionnels. Des petits d\u00e9jeuners techniques organis\u00e9s par la plateforme ont \u00e9t\u00e9 autant de temps d\u2019\u00e9changes avec les artisans sur des sujets vari\u00e9s (l\u2019isolation, l\u2019humidit\u00e9, l\u2019\u00e9tanch\u00e9it\u00e9 \u00e0 l\u2019air, etc.). Cette action vise \u00e0 amener ces professionnels \u00e0 avoir la vision globale d\u2019un projet de r\u00e9novation, afin que leurs interventions soient adapt\u00e9es aux attentes de leurs clients et aux objectifs bas-carbone du territoire. La PRRE a \u00e9galement r\u00e9alis\u00e9 des courtes vid\u00e9os afin de valoriser ces artisans. Tous ces professionnels form\u00e9s constituent un r\u00e9seau de \u00ab\u00a0pros de confiance\u00a0\u00bb vers lesquels orienter les particuliers.<\/p>\n","protected":false},"excerpt":{"rendered":"<p>Une autre mission du PRRE consiste \u00e0 informer et former les professionnels du b\u00e2timent \u00e0 des pratiques allant vers le bas-carbone, afin de constituer un r\u00e9seau de \u00ab\u00a0pros de confiance\u00a0\u00bb. La mission d\u2019animation et d\u2019information de la PRRE s\u2019adresse aussi aux professionnels. Des petits d\u00e9jeuners techniques organis\u00e9s par la plateforme ont \u00e9t\u00e9 autant de temps [&hellip;]<\/p>\n","protected":false},"author":1,"featured_media":660,"parent":1041,"menu_order":4,"comment_status":"closed","ping_status":"closed","template":"page-sous-partie.php","meta":[],"acf":[],"yoast_head":"<!-- This site is optimized with the Yoast SEO plugin v19.12 - https:\/\/yoast.com\/wordpress\/plugins\/seo\/ -->\n<title>La PRRE s\u2019adresse aussi aux r\u00e9seaux de professionnels - Rapport du d\u00e9veloppement durable<\/title>\n<meta name=\"robots\" content=\"index, follow, max-snippet:-1, max-image-preview:large, max-video-preview:-1\" \/>\n<link rel=\"canonical\" href=\"https:\/\/dev-durable.agglo-larochelle.fr\/2022\/une-agglo-sobre-et-durable\/proteger-les-ressources-naturelles\/concertation-pour-le-3eme-programme-re-sources\/\" \/>\n<meta property=\"og:locale\" content=\"fr_FR\" \/>\n<meta property=\"og:type\" content=\"article\" \/>\n<meta property=\"og:title\" content=\"La PRRE s\u2019adresse aussi aux r\u00e9seaux de professionnels - Rapport du d\u00e9veloppement durable\" \/>\n<meta property=\"og:description\" content=\"Une autre mission du PRRE consiste \u00e0 informer et former les professionnels du b\u00e2timent \u00e0 des pratiques allant vers le bas-carbone, afin de constituer un r\u00e9seau de \u00ab\u00a0pros de confiance\u00a0\u00bb. La mission d\u2019animation et d\u2019information de la PRRE s\u2019adresse aussi aux professionnels. Des petits d\u00e9jeuners techniques organis\u00e9s par la plateforme ont \u00e9t\u00e9 autant de temps [&hellip;]\" \/>\n<meta property=\"og:url\" content=\"https:\/\/dev-durable.agglo-larochelle.fr\/2022\/une-agglo-sobre-et-durable\/proteger-les-ressources-naturelles\/concertation-pour-le-3eme-programme-re-sources\/\" \/>\n<meta property=\"og:site_name\" content=\"Rapport du d\u00e9veloppement durable\" \/>\n<meta property=\"article:modified_time\" content=\"2022-12-08T11:40:02+00:00\" \/>\n<meta property=\"og:image\" content=\"https:\/\/dev-durable.agglo-larochelle.fr\/2022\/wp-content\/uploads\/2018\/11\/reseau-des-communes-CDA-La-Rochelle.gif\" \/>\n\t<meta property=\"og:image:width\" content=\"1024\" \/>\n\t<meta property=\"og:image:height\" content=\"654\" \/>\n\t<meta property=\"og:image:type\" content=\"image\/gif\" \/>\n<meta name=\"twitter:card\" content=\"summary_large_image\" \/>\n<meta name=\"twitter:label1\" content=\"Dur\u00e9e de lecture estim\u00e9e\" \/>\n\t<meta name=\"twitter:data1\" content=\"1 minute\" \/>\n<script type=\"application\/ld+json\" class=\"yoast-schema-graph\">{\"@context\":\"https:\/\/schema.org\",\"@graph\":[{\"@type\":\"WebPage\",\"@id\":\"https:\/\/dev-durable.agglo-larochelle.fr\/2022\/une-agglo-sobre-et-durable\/proteger-les-ressources-naturelles\/concertation-pour-le-3eme-programme-re-sources\/\",\"url\":\"https:\/\/dev-durable.agglo-larochelle.fr\/2022\/une-agglo-sobre-et-durable\/proteger-les-ressources-naturelles\/concertation-pour-le-3eme-programme-re-sources\/\",\"name\":\"La PRRE s\u2019adresse aussi aux r\u00e9seaux de professionnels - Rapport du d\u00e9veloppement durable\",\"isPartOf\":{\"@id\":\"https:\/\/dev-durable.agglo-larochelle.fr\/2022\/#website\"},\"datePublished\":\"2021-01-05T16:45:10+00:00\",\"dateModified\":\"2022-12-08T11:40:02+00:00\",\"breadcrumb\":{\"@id\":\"https:\/\/dev-durable.agglo-larochelle.fr\/2022\/une-agglo-sobre-et-durable\/proteger-les-ressources-naturelles\/concertation-pour-le-3eme-programme-re-sources\/#breadcrumb\"},\"inLanguage\":\"fr-FR\",\"potentialAction\":[{\"@type\":\"ReadAction\",\"target\":[\"https:\/\/dev-durable.agglo-larochelle.fr\/2022\/une-agglo-sobre-et-durable\/proteger-les-ressources-naturelles\/concertation-pour-le-3eme-programme-re-sources\/\"]}]},{\"@type\":\"BreadcrumbList\",\"@id\":\"https:\/\/dev-durable.agglo-larochelle.fr\/2022\/une-agglo-sobre-et-durable\/proteger-les-ressources-naturelles\/concertation-pour-le-3eme-programme-re-sources\/#breadcrumb\",\"itemListElement\":[{\"@type\":\"ListItem\",\"position\":1,\"name\":\"Accueil\",\"item\":\"https:\/\/dev-durable.agglo-larochelle.fr\/2022\/\"},{\"@type\":\"ListItem\",\"position\":2,\"name\":\"Une Agglo sobre et durable\",\"item\":\"https:\/\/dev-durable.agglo-larochelle.fr\/2022\/une-agglo-sobre-et-durable\/\"},{\"@type\":\"ListItem\",\"position\":3,\"name\":\"Relever le d\u00e9fi des changements climatiques\",\"item\":\"https:\/\/dev-durable.agglo-larochelle.fr\/2022\/une-agglo-sobre-et-durable\/proteger-les-ressources-naturelles\/\"},{\"@type\":\"ListItem\",\"position\":4,\"name\":\"La PRRE s\u2019adresse aussi aux r\u00e9seaux de professionnels\"}]},{\"@type\":\"WebSite\",\"@id\":\"https:\/\/dev-durable.agglo-larochelle.fr\/2022\/#website\",\"url\":\"https:\/\/dev-durable.agglo-larochelle.fr\/2022\/\",\"name\":\"Rapport du d\u00e9veloppement durable - 2022\",\"description\":\"Rapport 2022 du d\u00e9veloppement durable\",\"alternateName\":\"Communaut\u00e9 d'Agglom\u00e9ration de La Rochelle\",\"potentialAction\":[{\"@type\":\"SearchAction\",\"target\":{\"@type\":\"EntryPoint\",\"urlTemplate\":\"https:\/\/dev-durable.agglo-larochelle.fr\/2022\/?s={search_term_string}\"},\"query-input\":\"required name=search_term_string\"}],\"inLanguage\":\"fr-FR\"}]}<\/script>\n<!-- \/ Yoast SEO plugin. -->","yoast_head_json":{"title":"La PRRE s\u2019adresse aussi aux r\u00e9seaux de professionnels - Rapport du d\u00e9veloppement durable","robots":{"index":"index","follow":"follow","max-snippet":"max-snippet:-1","max-image-preview":"max-image-preview:large","max-video-preview":"max-video-preview:-1"},"canonical":"https:\/\/dev-durable.agglo-larochelle.fr\/2022\/une-agglo-sobre-et-durable\/proteger-les-ressources-naturelles\/concertation-pour-le-3eme-programme-re-sources\/","og_locale":"fr_FR","og_type":"article","og_title":"La PRRE s\u2019adresse aussi aux r\u00e9seaux de professionnels - Rapport du d\u00e9veloppement durable","og_description":"Une autre mission du PRRE consiste \u00e0 informer et former les professionnels du b\u00e2timent \u00e0 des pratiques allant vers le bas-carbone, afin de constituer un r\u00e9seau de \u00ab\u00a0pros de confiance\u00a0\u00bb. La mission d\u2019animation et d\u2019information de la PRRE s\u2019adresse aussi aux professionnels. Des petits d\u00e9jeuners techniques organis\u00e9s par la plateforme ont \u00e9t\u00e9 autant de temps [&hellip;]","og_url":"https:\/\/dev-durable.agglo-larochelle.fr\/2022\/une-agglo-sobre-et-durable\/proteger-les-ressources-naturelles\/concertation-pour-le-3eme-programme-re-sources\/","og_site_name":"Rapport du d\u00e9veloppement durable","article_modified_time":"2022-12-08T11:40:02+00:00","og_image":[{"width":1024,"height":654,"url":"https:\/\/dev-durable.agglo-larochelle.fr\/2022\/wp-content\/uploads\/2018\/11\/reseau-des-communes-CDA-La-Rochelle.gif","type":"image\/gif"}],"twitter_card":"summary_large_image","twitter_misc":{"Dur\u00e9e de lecture estim\u00e9e":"1 minute"},"schema":{"@context":"https:\/\/schema.org","@graph":[{"@type":"WebPage","@id":"https:\/\/dev-durable.agglo-larochelle.fr\/2022\/une-agglo-sobre-et-durable\/proteger-les-ressources-naturelles\/concertation-pour-le-3eme-programme-re-sources\/","url":"https:\/\/dev-durable.agglo-larochelle.fr\/2022\/une-agglo-sobre-et-durable\/proteger-les-ressources-naturelles\/concertation-pour-le-3eme-programme-re-sources\/","name":"La PRRE s\u2019adresse aussi aux r\u00e9seaux de professionnels - Rapport du d\u00e9veloppement durable","isPartOf":{"@id":"https:\/\/dev-durable.agglo-larochelle.fr\/2022\/#website"},"datePublished":"2021-01-05T16:45:10+00:00","dateModified":"2022-12-08T11:40:02+00:00","breadcrumb":{"@id":"https:\/\/dev-durable.agglo-larochelle.fr\/2022\/une-agglo-sobre-et-durable\/proteger-les-ressources-naturelles\/concertation-pour-le-3eme-programme-re-sources\/#breadcrumb"},"inLanguage":"fr-FR","potentialAction":[{"@type":"ReadAction","target":["https:\/\/dev-durable.agglo-larochelle.fr\/2022\/une-agglo-sobre-et-durable\/proteger-les-ressources-naturelles\/concertation-pour-le-3eme-programme-re-sources\/"]}]},{"@type":"BreadcrumbList","@id":"https:\/\/dev-durable.agglo-larochelle.fr\/2022\/une-agglo-sobre-et-durable\/proteger-les-ressources-naturelles\/concertation-pour-le-3eme-programme-re-sources\/#breadcrumb","itemListElement":[{"@type":"ListItem","position":1,"name":"Accueil","item":"https:\/\/dev-durable.agglo-larochelle.fr\/2022\/"},{"@type":"ListItem","position":2,"name":"Une Agglo sobre et durable","item":"https:\/\/dev-durable.agglo-larochelle.fr\/2022\/une-agglo-sobre-et-durable\/"},{"@type":"ListItem","position":3,"name":"Relever le d\u00e9fi des changements climatiques","item":"https:\/\/dev-durable.agglo-larochelle.fr\/2022\/une-agglo-sobre-et-durable\/proteger-les-ressources-naturelles\/"},{"@type":"ListItem","position":4,"name":"La PRRE s\u2019adresse aussi aux r\u00e9seaux de professionnels"}]},{"@type":"WebSite","@id":"https:\/\/dev-durable.agglo-larochelle.fr\/2022\/#website","url":"https:\/\/dev-durable.agglo-larochelle.fr\/2022\/","name":"Rapport du d\u00e9veloppement durable - 2022","description":"Rapport 2022 du d\u00e9veloppement durable","alternateName":"Communaut\u00e9 d'Agglom\u00e9ration de La Rochelle","potentialAction":[{"@type":"SearchAction","target":{"@type":"EntryPoint","urlTemplate":"https:\/\/dev-durable.agglo-larochelle.fr\/2022\/?s={search_term_string}"},"query-input":"required name=search_term_string"}],"inLanguage":"fr-FR"}]}},"_links":{"self":[{"href":"https:\/\/dev-durable.agglo-larochelle.fr\/2022\/wp-json\/wp\/v2\/pages\/1541"}],"collection":[{"href":"https:\/\/dev-durable.agglo-larochelle.fr\/2022\/wp-json\/wp\/v2\/pages"}],"about":[{"href":"https:\/\/dev-durable.agglo-larochelle.fr\/2022\/wp-json\/wp\/v2\/types\/page"}],"author":[{"embeddable":true,"href":"https:\/\/dev-durable.agglo-larochelle.fr\/2022\/wp-json\/wp\/v2\/users\/1"}],"replies":[{"embeddable":true,"href":"https:\/\/dev-durable.agglo-larochelle.fr\/2022\/wp-json\/wp\/v2\/comments?post=1541"}],"version-history":[{"count":5,"href":"https:\/\/dev-durable.agglo-larochelle.fr\/2022\/wp-json\/wp\/v2\/pages\/1541\/revisions"}],"predecessor-version":[{"id":2724,"href":"https:\/\/dev-durable.agglo-larochelle.fr\/2022\/wp-json\/wp\/v2\/pages\/1541\/revisions\/2724"}],"up":[{"embeddable":true,"href":"https:\/\/dev-durable.agglo-larochelle.fr\/2022\/wp-json\/wp\/v2\/pages\/1041"}],"wp:featuredmedia":[{"embeddable":true,"href":"https:\/\/dev-durable.agglo-larochelle.fr\/2022\/wp-json\/wp\/v2\/media\/660"}],"wp:attachment":[{"href":"https:\/\/dev-durable.agglo-larochelle.fr\/2022\/wp-json\/wp\/v2\/media?parent=1541"}],"curies":[{"name":"wp","href":"https:\/\/api.w.org\/{rel}","templated":true}]}}