{"id":1584,"date":"2021-01-07T13:33:49","date_gmt":"2021-01-07T12:33:49","guid":{"rendered":"https:\/\/dev-durable.agglo-larochelle.fr\/20226.0.2\/?page_id=1584"},"modified":"2022-12-08T13:18:47","modified_gmt":"2022-12-08T12:18:47","slug":"etude-atmo-sur-les-pesticides-dans-lair","status":"publish","type":"page","link":"https:\/\/dev-durable.agglo-larochelle.fr\/2022\/une-agglo-sobre-et-durable\/bien-etre-humain\/etude-atmo-sur-les-pesticides-dans-lair\/","title":{"rendered":"La mesure des pesticides dans l\u2019air s\u2019est poursuivie en 2022"},"content":{"rendered":"<p><strong>Les r\u00e9sultats de la campagne 2022 de mesure des pesticides dans l\u2019air effectu\u00e9e sur la Plaine d\u2019Aunis ont fait l\u2019objet d\u2019une pr\u00e9sentation publique en septembre, en pr\u00e9sence d\u2019experts.<\/strong><\/p>\n<p>Pour tenir compte des r\u00e9sultats des mesures de 2019 qui ont mis en \u00e9vidence des concentrations \u00e9lev\u00e9es d\u2019herbicides, une station p\u00e9renne a \u00e9t\u00e9 install\u00e9e pour surveiller les pesticides dans l\u2019air de la Plaine d\u2019Aunis, \u00e0 la demande et avec le soutien financier de l&rsquo;Agglom\u00e9ration. Une nouvelle campagne de mesures a ainsi \u00e9t\u00e9 men\u00e9e en 2021 et poursuivie en 2022 par Atmo Nouvelle-Aquitaine. Cette nouvelle campagne a mis en \u00e9vidence des concentrations tr\u00e8s importantes d\u2019herbicides, principalement utilis\u00e9s \u00e0 l\u2019automne sur les c\u00e9r\u00e9ales d\u2019hiver. L\u2019Agglom\u00e9ration a d\u2019ailleurs sollicit\u00e9 l\u2019\u00c9tat pour accompagner les alternatives \u00e0 l\u2019utilisation de certaines mol\u00e9cules.<\/p>\n","protected":false},"excerpt":{"rendered":"<p>Les r\u00e9sultats de la campagne 2022 de mesure des pesticides dans l\u2019air effectu\u00e9e sur la Plaine d\u2019Aunis ont fait l\u2019objet d\u2019une pr\u00e9sentation publique en septembre, en pr\u00e9sence d\u2019experts. Pour tenir compte des r\u00e9sultats des mesures de 2019 qui ont mis en \u00e9vidence des concentrations \u00e9lev\u00e9es d\u2019herbicides, une station p\u00e9renne a \u00e9t\u00e9 install\u00e9e pour surveiller les [&hellip;]<\/p>\n","protected":false},"author":1,"featured_media":2178,"parent":1075,"menu_order":2,"comment_status":"closed","ping_status":"closed","template":"page-sous-partie.php","meta":[],"acf":[],"yoast_head":"<!-- This site is optimized with the Yoast SEO plugin v19.12 - https:\/\/yoast.com\/wordpress\/plugins\/seo\/ -->\n<title>La mesure des pesticides dans l\u2019air s\u2019est poursuivie en 2022 - Rapport du d\u00e9veloppement durable<\/title>\n<meta name=\"robots\" content=\"index, follow, max-snippet:-1, max-image-preview:large, max-video-preview:-1\" \/>\n<link rel=\"canonical\" href=\"https:\/\/dev-durable.agglo-larochelle.fr\/2022\/une-agglo-sobre-et-durable\/bien-etre-humain\/etude-atmo-sur-les-pesticides-dans-lair\/\" \/>\n<meta property=\"og:locale\" content=\"fr_FR\" \/>\n<meta property=\"og:type\" content=\"article\" \/>\n<meta property=\"og:title\" content=\"La mesure des pesticides dans l\u2019air s\u2019est poursuivie en 2022 - Rapport du d\u00e9veloppement durable\" \/>\n<meta property=\"og:description\" content=\"Les r\u00e9sultats de la campagne 2022 de mesure des pesticides dans l\u2019air effectu\u00e9e sur la Plaine d\u2019Aunis ont fait l\u2019objet d\u2019une pr\u00e9sentation publique en septembre, en pr\u00e9sence d\u2019experts. Pour tenir compte des r\u00e9sultats des mesures de 2019 qui ont mis en \u00e9vidence des concentrations \u00e9lev\u00e9es d\u2019herbicides, une station p\u00e9renne a \u00e9t\u00e9 install\u00e9e pour surveiller les [&hellip;]\" \/>\n<meta property=\"og:url\" content=\"https:\/\/dev-durable.agglo-larochelle.fr\/2022\/une-agglo-sobre-et-durable\/bien-etre-humain\/etude-atmo-sur-les-pesticides-dans-lair\/\" \/>\n<meta property=\"og:site_name\" content=\"Rapport du d\u00e9veloppement durable\" \/>\n<meta property=\"article:modified_time\" content=\"2022-12-08T12:18:47+00:00\" \/>\n<meta property=\"og:image\" content=\"https:\/\/dev-durable.agglo-larochelle.fr\/2022\/wp-content\/uploads\/2021\/11\/pesticides_agricoles_AdobeStock_161203839.jpg\" \/>\n\t<meta property=\"og:image:width\" content=\"750\" \/>\n\t<meta property=\"og:image:height\" content=\"526\" \/>\n\t<meta property=\"og:image:type\" content=\"image\/jpeg\" \/>\n<meta name=\"twitter:card\" content=\"summary_large_image\" \/>\n<meta name=\"twitter:label1\" content=\"Dur\u00e9e de lecture estim\u00e9e\" \/>\n\t<meta name=\"twitter:data1\" content=\"1 minute\" \/>\n<script type=\"application\/ld+json\" class=\"yoast-schema-graph\">{\"@context\":\"https:\/\/schema.org\",\"@graph\":[{\"@type\":\"WebPage\",\"@id\":\"https:\/\/dev-durable.agglo-larochelle.fr\/2022\/une-agglo-sobre-et-durable\/bien-etre-humain\/etude-atmo-sur-les-pesticides-dans-lair\/\",\"url\":\"https:\/\/dev-durable.agglo-larochelle.fr\/2022\/une-agglo-sobre-et-durable\/bien-etre-humain\/etude-atmo-sur-les-pesticides-dans-lair\/\",\"name\":\"La mesure des pesticides dans l\u2019air s\u2019est poursuivie en 2022 - Rapport du d\u00e9veloppement durable\",\"isPartOf\":{\"@id\":\"https:\/\/dev-durable.agglo-larochelle.fr\/2022\/#website\"},\"datePublished\":\"2021-01-07T12:33:49+00:00\",\"dateModified\":\"2022-12-08T12:18:47+00:00\",\"breadcrumb\":{\"@id\":\"https:\/\/dev-durable.agglo-larochelle.fr\/2022\/une-agglo-sobre-et-durable\/bien-etre-humain\/etude-atmo-sur-les-pesticides-dans-lair\/#breadcrumb\"},\"inLanguage\":\"fr-FR\",\"potentialAction\":[{\"@type\":\"ReadAction\",\"target\":[\"https:\/\/dev-durable.agglo-larochelle.fr\/2022\/une-agglo-sobre-et-durable\/bien-etre-humain\/etude-atmo-sur-les-pesticides-dans-lair\/\"]}]},{\"@type\":\"BreadcrumbList\",\"@id\":\"https:\/\/dev-durable.agglo-larochelle.fr\/2022\/une-agglo-sobre-et-durable\/bien-etre-humain\/etude-atmo-sur-les-pesticides-dans-lair\/#breadcrumb\",\"itemListElement\":[{\"@type\":\"ListItem\",\"position\":1,\"name\":\"Accueil\",\"item\":\"https:\/\/dev-durable.agglo-larochelle.fr\/2022\/\"},{\"@type\":\"ListItem\",\"position\":2,\"name\":\"Une Agglo sobre et durable\",\"item\":\"https:\/\/dev-durable.agglo-larochelle.fr\/2022\/une-agglo-sobre-et-durable\/\"},{\"@type\":\"ListItem\",\"position\":3,\"name\":\"Bien-\u00eatre humain\",\"item\":\"https:\/\/dev-durable.agglo-larochelle.fr\/2022\/une-agglo-sobre-et-durable\/bien-etre-humain\/\"},{\"@type\":\"ListItem\",\"position\":4,\"name\":\"La mesure des pesticides dans l\u2019air s\u2019est poursuivie en 2022\"}]},{\"@type\":\"WebSite\",\"@id\":\"https:\/\/dev-durable.agglo-larochelle.fr\/2022\/#website\",\"url\":\"https:\/\/dev-durable.agglo-larochelle.fr\/2022\/\",\"name\":\"Rapport du d\u00e9veloppement durable - 2022\",\"description\":\"Rapport 2022 du d\u00e9veloppement durable\",\"alternateName\":\"Communaut\u00e9 d'Agglom\u00e9ration de La Rochelle\",\"potentialAction\":[{\"@type\":\"SearchAction\",\"target\":{\"@type\":\"EntryPoint\",\"urlTemplate\":\"https:\/\/dev-durable.agglo-larochelle.fr\/2022\/?s={search_term_string}\"},\"query-input\":\"required name=search_term_string\"}],\"inLanguage\":\"fr-FR\"}]}<\/script>\n<!-- \/ Yoast SEO plugin. -->","yoast_head_json":{"title":"La mesure des pesticides dans l\u2019air s\u2019est poursuivie en 2022 - Rapport du d\u00e9veloppement durable","robots":{"index":"index","follow":"follow","max-snippet":"max-snippet:-1","max-image-preview":"max-image-preview:large","max-video-preview":"max-video-preview:-1"},"canonical":"https:\/\/dev-durable.agglo-larochelle.fr\/2022\/une-agglo-sobre-et-durable\/bien-etre-humain\/etude-atmo-sur-les-pesticides-dans-lair\/","og_locale":"fr_FR","og_type":"article","og_title":"La mesure des pesticides dans l\u2019air s\u2019est poursuivie en 2022 - Rapport du d\u00e9veloppement durable","og_description":"Les r\u00e9sultats de la campagne 2022 de mesure des pesticides dans l\u2019air effectu\u00e9e sur la Plaine d\u2019Aunis ont fait l\u2019objet d\u2019une pr\u00e9sentation publique en septembre, en pr\u00e9sence d\u2019experts. Pour tenir compte des r\u00e9sultats des mesures de 2019 qui ont mis en \u00e9vidence des concentrations \u00e9lev\u00e9es d\u2019herbicides, une station p\u00e9renne a \u00e9t\u00e9 install\u00e9e pour surveiller les [&hellip;]","og_url":"https:\/\/dev-durable.agglo-larochelle.fr\/2022\/une-agglo-sobre-et-durable\/bien-etre-humain\/etude-atmo-sur-les-pesticides-dans-lair\/","og_site_name":"Rapport du d\u00e9veloppement durable","article_modified_time":"2022-12-08T12:18:47+00:00","og_image":[{"width":750,"height":526,"url":"https:\/\/dev-durable.agglo-larochelle.fr\/2022\/wp-content\/uploads\/2021\/11\/pesticides_agricoles_AdobeStock_161203839.jpg","type":"image\/jpeg"}],"twitter_card":"summary_large_image","twitter_misc":{"Dur\u00e9e de lecture estim\u00e9e":"1 minute"},"schema":{"@context":"https:\/\/schema.org","@graph":[{"@type":"WebPage","@id":"https:\/\/dev-durable.agglo-larochelle.fr\/2022\/une-agglo-sobre-et-durable\/bien-etre-humain\/etude-atmo-sur-les-pesticides-dans-lair\/","url":"https:\/\/dev-durable.agglo-larochelle.fr\/2022\/une-agglo-sobre-et-durable\/bien-etre-humain\/etude-atmo-sur-les-pesticides-dans-lair\/","name":"La mesure des pesticides dans l\u2019air s\u2019est poursuivie en 2022 - Rapport du d\u00e9veloppement durable","isPartOf":{"@id":"https:\/\/dev-durable.agglo-larochelle.fr\/2022\/#website"},"datePublished":"2021-01-07T12:33:49+00:00","dateModified":"2022-12-08T12:18:47+00:00","breadcrumb":{"@id":"https:\/\/dev-durable.agglo-larochelle.fr\/2022\/une-agglo-sobre-et-durable\/bien-etre-humain\/etude-atmo-sur-les-pesticides-dans-lair\/#breadcrumb"},"inLanguage":"fr-FR","potentialAction":[{"@type":"ReadAction","target":["https:\/\/dev-durable.agglo-larochelle.fr\/2022\/une-agglo-sobre-et-durable\/bien-etre-humain\/etude-atmo-sur-les-pesticides-dans-lair\/"]}]},{"@type":"BreadcrumbList","@id":"https:\/\/dev-durable.agglo-larochelle.fr\/2022\/une-agglo-sobre-et-durable\/bien-etre-humain\/etude-atmo-sur-les-pesticides-dans-lair\/#breadcrumb","itemListElement":[{"@type":"ListItem","position":1,"name":"Accueil","item":"https:\/\/dev-durable.agglo-larochelle.fr\/2022\/"},{"@type":"ListItem","position":2,"name":"Une Agglo sobre et durable","item":"https:\/\/dev-durable.agglo-larochelle.fr\/2022\/une-agglo-sobre-et-durable\/"},{"@type":"ListItem","position":3,"name":"Bien-\u00eatre humain","item":"https:\/\/dev-durable.agglo-larochelle.fr\/2022\/une-agglo-sobre-et-durable\/bien-etre-humain\/"},{"@type":"ListItem","position":4,"name":"La mesure des pesticides dans l\u2019air s\u2019est poursuivie en 2022"}]},{"@type":"WebSite","@id":"https:\/\/dev-durable.agglo-larochelle.fr\/2022\/#website","url":"https:\/\/dev-durable.agglo-larochelle.fr\/2022\/","name":"Rapport du d\u00e9veloppement durable - 2022","description":"Rapport 2022 du d\u00e9veloppement durable","alternateName":"Communaut\u00e9 d'Agglom\u00e9ration de La Rochelle","potentialAction":[{"@type":"SearchAction","target":{"@type":"EntryPoint","urlTemplate":"https:\/\/dev-durable.agglo-larochelle.fr\/2022\/?s={search_term_string}"},"query-input":"required name=search_term_string"}],"inLanguage":"fr-FR"}]}},"_links":{"self":[{"href":"https:\/\/dev-durable.agglo-larochelle.fr\/2022\/wp-json\/wp\/v2\/pages\/1584"}],"collection":[{"href":"https:\/\/dev-durable.agglo-larochelle.fr\/2022\/wp-json\/wp\/v2\/pages"}],"about":[{"href":"https:\/\/dev-durable.agglo-larochelle.fr\/2022\/wp-json\/wp\/v2\/types\/page"}],"author":[{"embeddable":true,"href":"https:\/\/dev-durable.agglo-larochelle.fr\/2022\/wp-json\/wp\/v2\/users\/1"}],"replies":[{"embeddable":true,"href":"https:\/\/dev-durable.agglo-larochelle.fr\/2022\/wp-json\/wp\/v2\/comments?post=1584"}],"version-history":[{"count":5,"href":"https:\/\/dev-durable.agglo-larochelle.fr\/2022\/wp-json\/wp\/v2\/pages\/1584\/revisions"}],"predecessor-version":[{"id":2769,"href":"https:\/\/dev-durable.agglo-larochelle.fr\/2022\/wp-json\/wp\/v2\/pages\/1584\/revisions\/2769"}],"up":[{"embeddable":true,"href":"https:\/\/dev-durable.agglo-larochelle.fr\/2022\/wp-json\/wp\/v2\/pages\/1075"}],"wp:featuredmedia":[{"embeddable":true,"href":"https:\/\/dev-durable.agglo-larochelle.fr\/2022\/wp-json\/wp\/v2\/media\/2178"}],"wp:attachment":[{"href":"https:\/\/dev-durable.agglo-larochelle.fr\/2022\/wp-json\/wp\/v2\/media?parent=1584"}],"curies":[{"name":"wp","href":"https:\/\/api.w.org\/{rel}","templated":true}]}}