{"id":1586,"date":"2021-01-07T13:35:20","date_gmt":"2021-01-07T12:35:20","guid":{"rendered":"https:\/\/dev-durable.agglo-larochelle.fr\/20226.0.2\/?page_id=1586"},"modified":"2022-12-09T14:45:37","modified_gmt":"2022-12-09T13:45:37","slug":"la-carte-strategique-air","status":"publish","type":"page","link":"https:\/\/dev-durable.agglo-larochelle.fr\/2022\/une-agglo-sobre-et-durable\/bien-etre-humain\/la-carte-strategique-air\/","title":{"rendered":"Un diagnostic local Sant\u00e9 (dont un volet Sant\u00e9 Environnement) pr\u00e9figure l\u2019\u00e9laboration du Contrat Local de Sant\u00e9"},"content":{"rendered":"<p><strong>Pr\u00e9alablement \u00e0 la signature d\u2019une nouveau Contrat Local de Sant\u00e9, l\u2019ann\u00e9e 2022 a permis la finalisation d\u2019un diagnostic sant\u00e9 avec un volet sant\u00e9 environnement nouvellement d\u00e9velopp\u00e9.<\/strong><\/p>\n<p>Un premier Contrat Local de Sant\u00e9 (CLS) avait \u00e9t\u00e9 sign\u00e9 en 2013 et prorog\u00e9 \u00e0 plusieurs reprises jusqu\u2019\u00e0 la fin de l\u2019ann\u00e9e 2022. Il portait sur la ville de La Rochelle. Le renouvellement du CLS sur le p\u00e9rim\u00e8tre \u00e9largi de l\u2019Agglom\u00e9ration, a \u00e9t\u00e9 pr\u00e9par\u00e9 cette ann\u00e9e par la finalisation des diagnostics (sant\u00e9 et sant\u00e9-environnement) avec une mise \u00e0 jour de la d\u00e9mographie m\u00e9dicale, un questionnaire qualitatif aupr\u00e8s des acteurs de sant\u00e9 et aupr\u00e8s des habitants. Un comit\u00e9 de suivi compos\u00e9 de l\u2019ARS, de l\u2019Agglom\u00e9ration et des communes membres, du groupe hospitalier et des partenaires de sant\u00e9 (associations, universit\u00e9) permettra l\u2019\u00e9laboration d\u2019un plan d\u2019actions en vue de la contractualisation, qui interviendra en 2023.<\/p>\n","protected":false},"excerpt":{"rendered":"<p>Pr\u00e9alablement \u00e0 la signature d\u2019une nouveau Contrat Local de Sant\u00e9, l\u2019ann\u00e9e 2022 a permis la finalisation d\u2019un diagnostic sant\u00e9 avec un volet sant\u00e9 environnement nouvellement d\u00e9velopp\u00e9. Un premier Contrat Local de Sant\u00e9 (CLS) avait \u00e9t\u00e9 sign\u00e9 en 2013 et prorog\u00e9 \u00e0 plusieurs reprises jusqu\u2019\u00e0 la fin de l\u2019ann\u00e9e 2022. Il portait sur la ville de [&hellip;]<\/p>\n","protected":false},"author":1,"featured_media":726,"parent":1075,"menu_order":1,"comment_status":"closed","ping_status":"closed","template":"page-sous-partie.php","meta":[],"acf":[],"yoast_head":"<!-- This site is optimized with the Yoast SEO plugin v19.12 - https:\/\/yoast.com\/wordpress\/plugins\/seo\/ -->\n<title>Un diagnostic local Sant\u00e9 (dont un volet Sant\u00e9 Environnement) pr\u00e9figure l\u2019\u00e9laboration du Contrat Local de Sant\u00e9 - Rapport du d\u00e9veloppement durable<\/title>\n<meta name=\"robots\" content=\"index, follow, max-snippet:-1, max-image-preview:large, max-video-preview:-1\" \/>\n<link rel=\"canonical\" href=\"https:\/\/dev-durable.agglo-larochelle.fr\/2022\/une-agglo-sobre-et-durable\/bien-etre-humain\/la-carte-strategique-air\/\" \/>\n<meta property=\"og:locale\" content=\"fr_FR\" \/>\n<meta property=\"og:type\" content=\"article\" \/>\n<meta property=\"og:title\" content=\"Un diagnostic local Sant\u00e9 (dont un volet Sant\u00e9 Environnement) pr\u00e9figure l\u2019\u00e9laboration du Contrat Local de Sant\u00e9 - Rapport du d\u00e9veloppement durable\" \/>\n<meta property=\"og:description\" content=\"Pr\u00e9alablement \u00e0 la signature d\u2019une nouveau Contrat Local de Sant\u00e9, l\u2019ann\u00e9e 2022 a permis la finalisation d\u2019un diagnostic sant\u00e9 avec un volet sant\u00e9 environnement nouvellement d\u00e9velopp\u00e9. Un premier Contrat Local de Sant\u00e9 (CLS) avait \u00e9t\u00e9 sign\u00e9 en 2013 et prorog\u00e9 \u00e0 plusieurs reprises jusqu\u2019\u00e0 la fin de l\u2019ann\u00e9e 2022. Il portait sur la ville de [&hellip;]\" \/>\n<meta property=\"og:url\" content=\"https:\/\/dev-durable.agglo-larochelle.fr\/2022\/une-agglo-sobre-et-durable\/bien-etre-humain\/la-carte-strategique-air\/\" \/>\n<meta property=\"og:site_name\" content=\"Rapport du d\u00e9veloppement durable\" \/>\n<meta property=\"article:modified_time\" content=\"2022-12-09T13:45:37+00:00\" \/>\n<meta property=\"og:image\" content=\"https:\/\/dev-durable.agglo-larochelle.fr\/2022\/wp-content\/uploads\/2018\/12\/hopital.gif\" \/>\n\t<meta property=\"og:image:width\" content=\"1024\" \/>\n\t<meta property=\"og:image:height\" content=\"654\" \/>\n\t<meta property=\"og:image:type\" content=\"image\/gif\" \/>\n<meta name=\"twitter:card\" content=\"summary_large_image\" \/>\n<meta name=\"twitter:label1\" content=\"Dur\u00e9e de lecture estim\u00e9e\" \/>\n\t<meta name=\"twitter:data1\" content=\"1 minute\" \/>\n<script type=\"application\/ld+json\" class=\"yoast-schema-graph\">{\"@context\":\"https:\/\/schema.org\",\"@graph\":[{\"@type\":\"WebPage\",\"@id\":\"https:\/\/dev-durable.agglo-larochelle.fr\/2022\/une-agglo-sobre-et-durable\/bien-etre-humain\/la-carte-strategique-air\/\",\"url\":\"https:\/\/dev-durable.agglo-larochelle.fr\/2022\/une-agglo-sobre-et-durable\/bien-etre-humain\/la-carte-strategique-air\/\",\"name\":\"Un diagnostic local Sant\u00e9 (dont un volet Sant\u00e9 Environnement) pr\u00e9figure l\u2019\u00e9laboration du Contrat Local de Sant\u00e9 - Rapport du d\u00e9veloppement durable\",\"isPartOf\":{\"@id\":\"https:\/\/dev-durable.agglo-larochelle.fr\/2022\/#website\"},\"datePublished\":\"2021-01-07T12:35:20+00:00\",\"dateModified\":\"2022-12-09T13:45:37+00:00\",\"breadcrumb\":{\"@id\":\"https:\/\/dev-durable.agglo-larochelle.fr\/2022\/une-agglo-sobre-et-durable\/bien-etre-humain\/la-carte-strategique-air\/#breadcrumb\"},\"inLanguage\":\"fr-FR\",\"potentialAction\":[{\"@type\":\"ReadAction\",\"target\":[\"https:\/\/dev-durable.agglo-larochelle.fr\/2022\/une-agglo-sobre-et-durable\/bien-etre-humain\/la-carte-strategique-air\/\"]}]},{\"@type\":\"BreadcrumbList\",\"@id\":\"https:\/\/dev-durable.agglo-larochelle.fr\/2022\/une-agglo-sobre-et-durable\/bien-etre-humain\/la-carte-strategique-air\/#breadcrumb\",\"itemListElement\":[{\"@type\":\"ListItem\",\"position\":1,\"name\":\"Accueil\",\"item\":\"https:\/\/dev-durable.agglo-larochelle.fr\/2022\/\"},{\"@type\":\"ListItem\",\"position\":2,\"name\":\"Une Agglo sobre et durable\",\"item\":\"https:\/\/dev-durable.agglo-larochelle.fr\/2022\/une-agglo-sobre-et-durable\/\"},{\"@type\":\"ListItem\",\"position\":3,\"name\":\"Bien-\u00eatre humain\",\"item\":\"https:\/\/dev-durable.agglo-larochelle.fr\/2022\/une-agglo-sobre-et-durable\/bien-etre-humain\/\"},{\"@type\":\"ListItem\",\"position\":4,\"name\":\"Un diagnostic local Sant\u00e9 (dont un volet Sant\u00e9 Environnement) pr\u00e9figure l\u2019\u00e9laboration du Contrat Local de Sant\u00e9\"}]},{\"@type\":\"WebSite\",\"@id\":\"https:\/\/dev-durable.agglo-larochelle.fr\/2022\/#website\",\"url\":\"https:\/\/dev-durable.agglo-larochelle.fr\/2022\/\",\"name\":\"Rapport du d\u00e9veloppement durable - 2022\",\"description\":\"Rapport 2022 du d\u00e9veloppement durable\",\"alternateName\":\"Communaut\u00e9 d'Agglom\u00e9ration de La Rochelle\",\"potentialAction\":[{\"@type\":\"SearchAction\",\"target\":{\"@type\":\"EntryPoint\",\"urlTemplate\":\"https:\/\/dev-durable.agglo-larochelle.fr\/2022\/?s={search_term_string}\"},\"query-input\":\"required name=search_term_string\"}],\"inLanguage\":\"fr-FR\"}]}<\/script>\n<!-- \/ Yoast SEO plugin. -->","yoast_head_json":{"title":"Un diagnostic local Sant\u00e9 (dont un volet Sant\u00e9 Environnement) pr\u00e9figure l\u2019\u00e9laboration du Contrat Local de Sant\u00e9 - Rapport du d\u00e9veloppement durable","robots":{"index":"index","follow":"follow","max-snippet":"max-snippet:-1","max-image-preview":"max-image-preview:large","max-video-preview":"max-video-preview:-1"},"canonical":"https:\/\/dev-durable.agglo-larochelle.fr\/2022\/une-agglo-sobre-et-durable\/bien-etre-humain\/la-carte-strategique-air\/","og_locale":"fr_FR","og_type":"article","og_title":"Un diagnostic local Sant\u00e9 (dont un volet Sant\u00e9 Environnement) pr\u00e9figure l\u2019\u00e9laboration du Contrat Local de Sant\u00e9 - Rapport du d\u00e9veloppement durable","og_description":"Pr\u00e9alablement \u00e0 la signature d\u2019une nouveau Contrat Local de Sant\u00e9, l\u2019ann\u00e9e 2022 a permis la finalisation d\u2019un diagnostic sant\u00e9 avec un volet sant\u00e9 environnement nouvellement d\u00e9velopp\u00e9. Un premier Contrat Local de Sant\u00e9 (CLS) avait \u00e9t\u00e9 sign\u00e9 en 2013 et prorog\u00e9 \u00e0 plusieurs reprises jusqu\u2019\u00e0 la fin de l\u2019ann\u00e9e 2022. Il portait sur la ville de [&hellip;]","og_url":"https:\/\/dev-durable.agglo-larochelle.fr\/2022\/une-agglo-sobre-et-durable\/bien-etre-humain\/la-carte-strategique-air\/","og_site_name":"Rapport du d\u00e9veloppement durable","article_modified_time":"2022-12-09T13:45:37+00:00","og_image":[{"width":1024,"height":654,"url":"https:\/\/dev-durable.agglo-larochelle.fr\/2022\/wp-content\/uploads\/2018\/12\/hopital.gif","type":"image\/gif"}],"twitter_card":"summary_large_image","twitter_misc":{"Dur\u00e9e de lecture estim\u00e9e":"1 minute"},"schema":{"@context":"https:\/\/schema.org","@graph":[{"@type":"WebPage","@id":"https:\/\/dev-durable.agglo-larochelle.fr\/2022\/une-agglo-sobre-et-durable\/bien-etre-humain\/la-carte-strategique-air\/","url":"https:\/\/dev-durable.agglo-larochelle.fr\/2022\/une-agglo-sobre-et-durable\/bien-etre-humain\/la-carte-strategique-air\/","name":"Un diagnostic local Sant\u00e9 (dont un volet Sant\u00e9 Environnement) pr\u00e9figure l\u2019\u00e9laboration du Contrat Local de Sant\u00e9 - Rapport du d\u00e9veloppement durable","isPartOf":{"@id":"https:\/\/dev-durable.agglo-larochelle.fr\/2022\/#website"},"datePublished":"2021-01-07T12:35:20+00:00","dateModified":"2022-12-09T13:45:37+00:00","breadcrumb":{"@id":"https:\/\/dev-durable.agglo-larochelle.fr\/2022\/une-agglo-sobre-et-durable\/bien-etre-humain\/la-carte-strategique-air\/#breadcrumb"},"inLanguage":"fr-FR","potentialAction":[{"@type":"ReadAction","target":["https:\/\/dev-durable.agglo-larochelle.fr\/2022\/une-agglo-sobre-et-durable\/bien-etre-humain\/la-carte-strategique-air\/"]}]},{"@type":"BreadcrumbList","@id":"https:\/\/dev-durable.agglo-larochelle.fr\/2022\/une-agglo-sobre-et-durable\/bien-etre-humain\/la-carte-strategique-air\/#breadcrumb","itemListElement":[{"@type":"ListItem","position":1,"name":"Accueil","item":"https:\/\/dev-durable.agglo-larochelle.fr\/2022\/"},{"@type":"ListItem","position":2,"name":"Une Agglo sobre et durable","item":"https:\/\/dev-durable.agglo-larochelle.fr\/2022\/une-agglo-sobre-et-durable\/"},{"@type":"ListItem","position":3,"name":"Bien-\u00eatre humain","item":"https:\/\/dev-durable.agglo-larochelle.fr\/2022\/une-agglo-sobre-et-durable\/bien-etre-humain\/"},{"@type":"ListItem","position":4,"name":"Un diagnostic local Sant\u00e9 (dont un volet Sant\u00e9 Environnement) pr\u00e9figure l\u2019\u00e9laboration du Contrat Local de Sant\u00e9"}]},{"@type":"WebSite","@id":"https:\/\/dev-durable.agglo-larochelle.fr\/2022\/#website","url":"https:\/\/dev-durable.agglo-larochelle.fr\/2022\/","name":"Rapport du d\u00e9veloppement durable - 2022","description":"Rapport 2022 du d\u00e9veloppement durable","alternateName":"Communaut\u00e9 d'Agglom\u00e9ration de La Rochelle","potentialAction":[{"@type":"SearchAction","target":{"@type":"EntryPoint","urlTemplate":"https:\/\/dev-durable.agglo-larochelle.fr\/2022\/?s={search_term_string}"},"query-input":"required name=search_term_string"}],"inLanguage":"fr-FR"}]}},"_links":{"self":[{"href":"https:\/\/dev-durable.agglo-larochelle.fr\/2022\/wp-json\/wp\/v2\/pages\/1586"}],"collection":[{"href":"https:\/\/dev-durable.agglo-larochelle.fr\/2022\/wp-json\/wp\/v2\/pages"}],"about":[{"href":"https:\/\/dev-durable.agglo-larochelle.fr\/2022\/wp-json\/wp\/v2\/types\/page"}],"author":[{"embeddable":true,"href":"https:\/\/dev-durable.agglo-larochelle.fr\/2022\/wp-json\/wp\/v2\/users\/1"}],"replies":[{"embeddable":true,"href":"https:\/\/dev-durable.agglo-larochelle.fr\/2022\/wp-json\/wp\/v2\/comments?post=1586"}],"version-history":[{"count":6,"href":"https:\/\/dev-durable.agglo-larochelle.fr\/2022\/wp-json\/wp\/v2\/pages\/1586\/revisions"}],"predecessor-version":[{"id":2976,"href":"https:\/\/dev-durable.agglo-larochelle.fr\/2022\/wp-json\/wp\/v2\/pages\/1586\/revisions\/2976"}],"up":[{"embeddable":true,"href":"https:\/\/dev-durable.agglo-larochelle.fr\/2022\/wp-json\/wp\/v2\/pages\/1075"}],"wp:featuredmedia":[{"embeddable":true,"href":"https:\/\/dev-durable.agglo-larochelle.fr\/2022\/wp-json\/wp\/v2\/media\/726"}],"wp:attachment":[{"href":"https:\/\/dev-durable.agglo-larochelle.fr\/2022\/wp-json\/wp\/v2\/media?parent=1586"}],"curies":[{"name":"wp","href":"https:\/\/api.w.org\/{rel}","templated":true}]}}