{"id":1588,"date":"2021-01-07T13:37:06","date_gmt":"2021-01-07T12:37:06","guid":{"rendered":"https:\/\/dev-durable.agglo-larochelle.fr\/20226.0.2\/?page_id=1588"},"modified":"2022-12-08T13:22:20","modified_gmt":"2022-12-08T12:22:20","slug":"etude-de-la-qualite-de-lair-societe-rochelaise-denrobes-sre-et-unite-de-compostage","status":"publish","type":"page","link":"https:\/\/dev-durable.agglo-larochelle.fr\/2022\/une-agglo-sobre-et-durable\/bien-etre-humain\/etude-de-la-qualite-de-lair-societe-rochelaise-denrobes-sre-et-unite-de-compostage\/","title":{"rendered":"Un outil participatif de signalement des odeurs est mis en place"},"content":{"rendered":"<p><strong>L\u2019Agglom\u00e9ration, accompagn\u00e9e par Atmo Nouvelle-Aquitaine, s\u2019est fix\u00e9 l\u2019objectif de mieux conna\u00eetre le paysage olfactif de son territoire. Un outil de signalement des odeurs a \u00e9t\u00e9 mis en place.<\/strong><\/p>\n<p>La surveillance des odeurs sur le territoire est un outil suppl\u00e9mentaire permettant de mieux caract\u00e9riser les odeurs et d\u2019identifier leurs sources potentielles\u00a0; de signaler pr\u00e9ventivement et de gagner en r\u00e9activit\u00e9 et en efficacit\u00e9 dans la gestion des nuisances ; de suivre l\u2019\u00e9volution de la situation odorante de la zone. Avec le site et l\u2019application Signal\u2019Air, qui permet un signalement en temps r\u00e9el des odeurs ressenties, les r\u00e9sidents de l\u2019agglom\u00e9ration peuvent d\u00e9sormais contribuer \u00e0 am\u00e9liorer leur environnement.<\/p>\n","protected":false},"excerpt":{"rendered":"<p>L\u2019Agglom\u00e9ration, accompagn\u00e9e par Atmo Nouvelle-Aquitaine, s\u2019est fix\u00e9 l\u2019objectif de mieux conna\u00eetre le paysage olfactif de son territoire. Un outil de signalement des odeurs a \u00e9t\u00e9 mis en place. La surveillance des odeurs sur le territoire est un outil suppl\u00e9mentaire permettant de mieux caract\u00e9riser les odeurs et d\u2019identifier leurs sources potentielles\u00a0; de signaler pr\u00e9ventivement et de [&hellip;]<\/p>\n","protected":false},"author":1,"featured_media":659,"parent":1075,"menu_order":3,"comment_status":"closed","ping_status":"closed","template":"page-sous-partie.php","meta":[],"acf":[],"yoast_head":"<!-- This site is optimized with the Yoast SEO plugin v19.12 - https:\/\/yoast.com\/wordpress\/plugins\/seo\/ -->\n<title>Un outil participatif de signalement des odeurs est mis en place - Rapport du d\u00e9veloppement durable<\/title>\n<meta name=\"robots\" content=\"index, follow, max-snippet:-1, max-image-preview:large, max-video-preview:-1\" \/>\n<link rel=\"canonical\" href=\"https:\/\/dev-durable.agglo-larochelle.fr\/2022\/une-agglo-sobre-et-durable\/bien-etre-humain\/etude-de-la-qualite-de-lair-societe-rochelaise-denrobes-sre-et-unite-de-compostage\/\" \/>\n<meta property=\"og:locale\" content=\"fr_FR\" \/>\n<meta property=\"og:type\" content=\"article\" \/>\n<meta property=\"og:title\" content=\"Un outil participatif de signalement des odeurs est mis en place - Rapport du d\u00e9veloppement durable\" \/>\n<meta property=\"og:description\" content=\"L\u2019Agglom\u00e9ration, accompagn\u00e9e par Atmo Nouvelle-Aquitaine, s\u2019est fix\u00e9 l\u2019objectif de mieux conna\u00eetre le paysage olfactif de son territoire. Un outil de signalement des odeurs a \u00e9t\u00e9 mis en place. La surveillance des odeurs sur le territoire est un outil suppl\u00e9mentaire permettant de mieux caract\u00e9riser les odeurs et d\u2019identifier leurs sources potentielles\u00a0; de signaler pr\u00e9ventivement et de [&hellip;]\" \/>\n<meta property=\"og:url\" content=\"https:\/\/dev-durable.agglo-larochelle.fr\/2022\/une-agglo-sobre-et-durable\/bien-etre-humain\/etude-de-la-qualite-de-lair-societe-rochelaise-denrobes-sre-et-unite-de-compostage\/\" \/>\n<meta property=\"og:site_name\" content=\"Rapport du d\u00e9veloppement durable\" \/>\n<meta property=\"article:modified_time\" content=\"2022-12-08T12:22:20+00:00\" \/>\n<meta property=\"og:image\" content=\"https:\/\/dev-durable.agglo-larochelle.fr\/2022\/wp-content\/uploads\/2018\/11\/amenagement-territoire-et-biodiversite-la-rochelle.gif\" \/>\n\t<meta property=\"og:image:width\" content=\"1024\" \/>\n\t<meta property=\"og:image:height\" content=\"654\" \/>\n\t<meta property=\"og:image:type\" content=\"image\/gif\" \/>\n<meta name=\"twitter:card\" content=\"summary_large_image\" \/>\n<meta name=\"twitter:label1\" content=\"Dur\u00e9e de lecture estim\u00e9e\" \/>\n\t<meta name=\"twitter:data1\" content=\"1 minute\" \/>\n<script type=\"application\/ld+json\" class=\"yoast-schema-graph\">{\"@context\":\"https:\/\/schema.org\",\"@graph\":[{\"@type\":\"WebPage\",\"@id\":\"https:\/\/dev-durable.agglo-larochelle.fr\/2022\/une-agglo-sobre-et-durable\/bien-etre-humain\/etude-de-la-qualite-de-lair-societe-rochelaise-denrobes-sre-et-unite-de-compostage\/\",\"url\":\"https:\/\/dev-durable.agglo-larochelle.fr\/2022\/une-agglo-sobre-et-durable\/bien-etre-humain\/etude-de-la-qualite-de-lair-societe-rochelaise-denrobes-sre-et-unite-de-compostage\/\",\"name\":\"Un outil participatif de signalement des odeurs est mis en place - Rapport du d\u00e9veloppement durable\",\"isPartOf\":{\"@id\":\"https:\/\/dev-durable.agglo-larochelle.fr\/2022\/#website\"},\"datePublished\":\"2021-01-07T12:37:06+00:00\",\"dateModified\":\"2022-12-08T12:22:20+00:00\",\"breadcrumb\":{\"@id\":\"https:\/\/dev-durable.agglo-larochelle.fr\/2022\/une-agglo-sobre-et-durable\/bien-etre-humain\/etude-de-la-qualite-de-lair-societe-rochelaise-denrobes-sre-et-unite-de-compostage\/#breadcrumb\"},\"inLanguage\":\"fr-FR\",\"potentialAction\":[{\"@type\":\"ReadAction\",\"target\":[\"https:\/\/dev-durable.agglo-larochelle.fr\/2022\/une-agglo-sobre-et-durable\/bien-etre-humain\/etude-de-la-qualite-de-lair-societe-rochelaise-denrobes-sre-et-unite-de-compostage\/\"]}]},{\"@type\":\"BreadcrumbList\",\"@id\":\"https:\/\/dev-durable.agglo-larochelle.fr\/2022\/une-agglo-sobre-et-durable\/bien-etre-humain\/etude-de-la-qualite-de-lair-societe-rochelaise-denrobes-sre-et-unite-de-compostage\/#breadcrumb\",\"itemListElement\":[{\"@type\":\"ListItem\",\"position\":1,\"name\":\"Accueil\",\"item\":\"https:\/\/dev-durable.agglo-larochelle.fr\/2022\/\"},{\"@type\":\"ListItem\",\"position\":2,\"name\":\"Une Agglo sobre et durable\",\"item\":\"https:\/\/dev-durable.agglo-larochelle.fr\/2022\/une-agglo-sobre-et-durable\/\"},{\"@type\":\"ListItem\",\"position\":3,\"name\":\"Bien-\u00eatre humain\",\"item\":\"https:\/\/dev-durable.agglo-larochelle.fr\/2022\/une-agglo-sobre-et-durable\/bien-etre-humain\/\"},{\"@type\":\"ListItem\",\"position\":4,\"name\":\"Un outil participatif de signalement des odeurs est mis en place\"}]},{\"@type\":\"WebSite\",\"@id\":\"https:\/\/dev-durable.agglo-larochelle.fr\/2022\/#website\",\"url\":\"https:\/\/dev-durable.agglo-larochelle.fr\/2022\/\",\"name\":\"Rapport du d\u00e9veloppement durable - 2022\",\"description\":\"Rapport 2022 du d\u00e9veloppement durable\",\"alternateName\":\"Communaut\u00e9 d'Agglom\u00e9ration de La Rochelle\",\"potentialAction\":[{\"@type\":\"SearchAction\",\"target\":{\"@type\":\"EntryPoint\",\"urlTemplate\":\"https:\/\/dev-durable.agglo-larochelle.fr\/2022\/?s={search_term_string}\"},\"query-input\":\"required name=search_term_string\"}],\"inLanguage\":\"fr-FR\"}]}<\/script>\n<!-- \/ Yoast SEO plugin. -->","yoast_head_json":{"title":"Un outil participatif de signalement des odeurs est mis en place - Rapport du d\u00e9veloppement durable","robots":{"index":"index","follow":"follow","max-snippet":"max-snippet:-1","max-image-preview":"max-image-preview:large","max-video-preview":"max-video-preview:-1"},"canonical":"https:\/\/dev-durable.agglo-larochelle.fr\/2022\/une-agglo-sobre-et-durable\/bien-etre-humain\/etude-de-la-qualite-de-lair-societe-rochelaise-denrobes-sre-et-unite-de-compostage\/","og_locale":"fr_FR","og_type":"article","og_title":"Un outil participatif de signalement des odeurs est mis en place - Rapport du d\u00e9veloppement durable","og_description":"L\u2019Agglom\u00e9ration, accompagn\u00e9e par Atmo Nouvelle-Aquitaine, s\u2019est fix\u00e9 l\u2019objectif de mieux conna\u00eetre le paysage olfactif de son territoire. Un outil de signalement des odeurs a \u00e9t\u00e9 mis en place. La surveillance des odeurs sur le territoire est un outil suppl\u00e9mentaire permettant de mieux caract\u00e9riser les odeurs et d\u2019identifier leurs sources potentielles\u00a0; de signaler pr\u00e9ventivement et de [&hellip;]","og_url":"https:\/\/dev-durable.agglo-larochelle.fr\/2022\/une-agglo-sobre-et-durable\/bien-etre-humain\/etude-de-la-qualite-de-lair-societe-rochelaise-denrobes-sre-et-unite-de-compostage\/","og_site_name":"Rapport du d\u00e9veloppement durable","article_modified_time":"2022-12-08T12:22:20+00:00","og_image":[{"width":1024,"height":654,"url":"https:\/\/dev-durable.agglo-larochelle.fr\/2022\/wp-content\/uploads\/2018\/11\/amenagement-territoire-et-biodiversite-la-rochelle.gif","type":"image\/gif"}],"twitter_card":"summary_large_image","twitter_misc":{"Dur\u00e9e de lecture estim\u00e9e":"1 minute"},"schema":{"@context":"https:\/\/schema.org","@graph":[{"@type":"WebPage","@id":"https:\/\/dev-durable.agglo-larochelle.fr\/2022\/une-agglo-sobre-et-durable\/bien-etre-humain\/etude-de-la-qualite-de-lair-societe-rochelaise-denrobes-sre-et-unite-de-compostage\/","url":"https:\/\/dev-durable.agglo-larochelle.fr\/2022\/une-agglo-sobre-et-durable\/bien-etre-humain\/etude-de-la-qualite-de-lair-societe-rochelaise-denrobes-sre-et-unite-de-compostage\/","name":"Un outil participatif de signalement des odeurs est mis en place - Rapport du d\u00e9veloppement durable","isPartOf":{"@id":"https:\/\/dev-durable.agglo-larochelle.fr\/2022\/#website"},"datePublished":"2021-01-07T12:37:06+00:00","dateModified":"2022-12-08T12:22:20+00:00","breadcrumb":{"@id":"https:\/\/dev-durable.agglo-larochelle.fr\/2022\/une-agglo-sobre-et-durable\/bien-etre-humain\/etude-de-la-qualite-de-lair-societe-rochelaise-denrobes-sre-et-unite-de-compostage\/#breadcrumb"},"inLanguage":"fr-FR","potentialAction":[{"@type":"ReadAction","target":["https:\/\/dev-durable.agglo-larochelle.fr\/2022\/une-agglo-sobre-et-durable\/bien-etre-humain\/etude-de-la-qualite-de-lair-societe-rochelaise-denrobes-sre-et-unite-de-compostage\/"]}]},{"@type":"BreadcrumbList","@id":"https:\/\/dev-durable.agglo-larochelle.fr\/2022\/une-agglo-sobre-et-durable\/bien-etre-humain\/etude-de-la-qualite-de-lair-societe-rochelaise-denrobes-sre-et-unite-de-compostage\/#breadcrumb","itemListElement":[{"@type":"ListItem","position":1,"name":"Accueil","item":"https:\/\/dev-durable.agglo-larochelle.fr\/2022\/"},{"@type":"ListItem","position":2,"name":"Une Agglo sobre et durable","item":"https:\/\/dev-durable.agglo-larochelle.fr\/2022\/une-agglo-sobre-et-durable\/"},{"@type":"ListItem","position":3,"name":"Bien-\u00eatre humain","item":"https:\/\/dev-durable.agglo-larochelle.fr\/2022\/une-agglo-sobre-et-durable\/bien-etre-humain\/"},{"@type":"ListItem","position":4,"name":"Un outil participatif de signalement des odeurs est mis en place"}]},{"@type":"WebSite","@id":"https:\/\/dev-durable.agglo-larochelle.fr\/2022\/#website","url":"https:\/\/dev-durable.agglo-larochelle.fr\/2022\/","name":"Rapport du d\u00e9veloppement durable - 2022","description":"Rapport 2022 du d\u00e9veloppement durable","alternateName":"Communaut\u00e9 d'Agglom\u00e9ration de La Rochelle","potentialAction":[{"@type":"SearchAction","target":{"@type":"EntryPoint","urlTemplate":"https:\/\/dev-durable.agglo-larochelle.fr\/2022\/?s={search_term_string}"},"query-input":"required name=search_term_string"}],"inLanguage":"fr-FR"}]}},"_links":{"self":[{"href":"https:\/\/dev-durable.agglo-larochelle.fr\/2022\/wp-json\/wp\/v2\/pages\/1588"}],"collection":[{"href":"https:\/\/dev-durable.agglo-larochelle.fr\/2022\/wp-json\/wp\/v2\/pages"}],"about":[{"href":"https:\/\/dev-durable.agglo-larochelle.fr\/2022\/wp-json\/wp\/v2\/types\/page"}],"author":[{"embeddable":true,"href":"https:\/\/dev-durable.agglo-larochelle.fr\/2022\/wp-json\/wp\/v2\/users\/1"}],"replies":[{"embeddable":true,"href":"https:\/\/dev-durable.agglo-larochelle.fr\/2022\/wp-json\/wp\/v2\/comments?post=1588"}],"version-history":[{"count":4,"href":"https:\/\/dev-durable.agglo-larochelle.fr\/2022\/wp-json\/wp\/v2\/pages\/1588\/revisions"}],"predecessor-version":[{"id":2770,"href":"https:\/\/dev-durable.agglo-larochelle.fr\/2022\/wp-json\/wp\/v2\/pages\/1588\/revisions\/2770"}],"up":[{"embeddable":true,"href":"https:\/\/dev-durable.agglo-larochelle.fr\/2022\/wp-json\/wp\/v2\/pages\/1075"}],"wp:featuredmedia":[{"embeddable":true,"href":"https:\/\/dev-durable.agglo-larochelle.fr\/2022\/wp-json\/wp\/v2\/media\/659"}],"wp:attachment":[{"href":"https:\/\/dev-durable.agglo-larochelle.fr\/2022\/wp-json\/wp\/v2\/media?parent=1588"}],"curies":[{"name":"wp","href":"https:\/\/api.w.org\/{rel}","templated":true}]}}