{"id":1590,"date":"2021-01-07T13:40:08","date_gmt":"2021-01-07T12:40:08","guid":{"rendered":"https:\/\/dev-durable.agglo-larochelle.fr\/20226.0.2\/?page_id=1590"},"modified":"2022-12-08T13:23:30","modified_gmt":"2022-12-08T12:23:30","slug":"inventaire-historique-urbain","status":"publish","type":"page","link":"https:\/\/dev-durable.agglo-larochelle.fr\/2022\/une-agglo-sobre-et-durable\/bien-etre-humain\/inventaire-historique-urbain\/","title":{"rendered":"Poursuite d\u2019une \u00e9tude \u00e9pid\u00e9miologique sur l\u2019incidence des cancers sur le territoire"},"content":{"rendered":"<p><strong>Une \u00e9tude \u00e9pid\u00e9miologique portant sur l\u2019ensemble du territoire communautaire vise \u00e0 analyser l\u2019incidence des cancers sur la p\u00e9riode 2008-2019.<\/strong><\/p>\n<p>Sollicit\u00e9 en 2018 par le Comit\u00e9 d\u00e9partemental de la Ligue contre le Cancer, le Registre G\u00e9n\u00e9ral des Cancers de Poitou-Charentes (RGCPC) avait r\u00e9alis\u00e9 une \u00e9tude des cas de cancers sur les communes de Saint-Rogatien et P\u00e9rigny, pour la p\u00e9riode 2008-2015. Les r\u00e9sultats de cette premi\u00e8re observation faisaient \u00e9tat d\u2019un effectif statistique trop faible pour \u00e9tablir des conclusions certaines. Afin de poursuivre cette premi\u00e8re \u00e9tude sur un bassin de population plus large et plus repr\u00e9sentatif, le RGCPC va \u00e9tendre ce suivi \u00e9pid\u00e9miologique \u00e0 l\u2019ensemble de la population de l\u2019Agglom\u00e9ration. Cette \u00e9tude est financ\u00e9e par l\u2019Agglo et par la Ligue contre le Cancer.<\/p>\n","protected":false},"excerpt":{"rendered":"<p>Une \u00e9tude \u00e9pid\u00e9miologique portant sur l\u2019ensemble du territoire communautaire vise \u00e0 analyser l\u2019incidence des cancers sur la p\u00e9riode 2008-2019. Sollicit\u00e9 en 2018 par le Comit\u00e9 d\u00e9partemental de la Ligue contre le Cancer, le Registre G\u00e9n\u00e9ral des Cancers de Poitou-Charentes (RGCPC) avait r\u00e9alis\u00e9 une \u00e9tude des cas de cancers sur les communes de Saint-Rogatien et P\u00e9rigny, [&hellip;]<\/p>\n","protected":false},"author":1,"featured_media":726,"parent":1075,"menu_order":4,"comment_status":"closed","ping_status":"closed","template":"page-sous-partie.php","meta":[],"acf":[],"yoast_head":"<!-- This site is optimized with the Yoast SEO plugin v19.12 - https:\/\/yoast.com\/wordpress\/plugins\/seo\/ -->\n<title>Poursuite d\u2019une \u00e9tude \u00e9pid\u00e9miologique sur l\u2019incidence des cancers sur le territoire - Rapport du d\u00e9veloppement durable<\/title>\n<meta name=\"robots\" content=\"index, follow, max-snippet:-1, max-image-preview:large, max-video-preview:-1\" \/>\n<link rel=\"canonical\" href=\"https:\/\/dev-durable.agglo-larochelle.fr\/2022\/une-agglo-sobre-et-durable\/bien-etre-humain\/inventaire-historique-urbain\/\" \/>\n<meta property=\"og:locale\" content=\"fr_FR\" \/>\n<meta property=\"og:type\" content=\"article\" \/>\n<meta property=\"og:title\" content=\"Poursuite d\u2019une \u00e9tude \u00e9pid\u00e9miologique sur l\u2019incidence des cancers sur le territoire - Rapport du d\u00e9veloppement durable\" \/>\n<meta property=\"og:description\" content=\"Une \u00e9tude \u00e9pid\u00e9miologique portant sur l\u2019ensemble du territoire communautaire vise \u00e0 analyser l\u2019incidence des cancers sur la p\u00e9riode 2008-2019. Sollicit\u00e9 en 2018 par le Comit\u00e9 d\u00e9partemental de la Ligue contre le Cancer, le Registre G\u00e9n\u00e9ral des Cancers de Poitou-Charentes (RGCPC) avait r\u00e9alis\u00e9 une \u00e9tude des cas de cancers sur les communes de Saint-Rogatien et P\u00e9rigny, [&hellip;]\" \/>\n<meta property=\"og:url\" content=\"https:\/\/dev-durable.agglo-larochelle.fr\/2022\/une-agglo-sobre-et-durable\/bien-etre-humain\/inventaire-historique-urbain\/\" \/>\n<meta property=\"og:site_name\" content=\"Rapport du d\u00e9veloppement durable\" \/>\n<meta property=\"article:modified_time\" content=\"2022-12-08T12:23:30+00:00\" \/>\n<meta property=\"og:image\" content=\"https:\/\/dev-durable.agglo-larochelle.fr\/2022\/wp-content\/uploads\/2018\/12\/hopital.gif\" \/>\n\t<meta property=\"og:image:width\" content=\"1024\" \/>\n\t<meta property=\"og:image:height\" content=\"654\" \/>\n\t<meta property=\"og:image:type\" content=\"image\/gif\" \/>\n<meta name=\"twitter:card\" content=\"summary_large_image\" \/>\n<meta name=\"twitter:label1\" content=\"Dur\u00e9e de lecture estim\u00e9e\" \/>\n\t<meta name=\"twitter:data1\" content=\"1 minute\" \/>\n<script type=\"application\/ld+json\" class=\"yoast-schema-graph\">{\"@context\":\"https:\/\/schema.org\",\"@graph\":[{\"@type\":\"WebPage\",\"@id\":\"https:\/\/dev-durable.agglo-larochelle.fr\/2022\/une-agglo-sobre-et-durable\/bien-etre-humain\/inventaire-historique-urbain\/\",\"url\":\"https:\/\/dev-durable.agglo-larochelle.fr\/2022\/une-agglo-sobre-et-durable\/bien-etre-humain\/inventaire-historique-urbain\/\",\"name\":\"Poursuite d\u2019une \u00e9tude \u00e9pid\u00e9miologique sur l\u2019incidence des cancers sur le territoire - Rapport du d\u00e9veloppement durable\",\"isPartOf\":{\"@id\":\"https:\/\/dev-durable.agglo-larochelle.fr\/2022\/#website\"},\"datePublished\":\"2021-01-07T12:40:08+00:00\",\"dateModified\":\"2022-12-08T12:23:30+00:00\",\"breadcrumb\":{\"@id\":\"https:\/\/dev-durable.agglo-larochelle.fr\/2022\/une-agglo-sobre-et-durable\/bien-etre-humain\/inventaire-historique-urbain\/#breadcrumb\"},\"inLanguage\":\"fr-FR\",\"potentialAction\":[{\"@type\":\"ReadAction\",\"target\":[\"https:\/\/dev-durable.agglo-larochelle.fr\/2022\/une-agglo-sobre-et-durable\/bien-etre-humain\/inventaire-historique-urbain\/\"]}]},{\"@type\":\"BreadcrumbList\",\"@id\":\"https:\/\/dev-durable.agglo-larochelle.fr\/2022\/une-agglo-sobre-et-durable\/bien-etre-humain\/inventaire-historique-urbain\/#breadcrumb\",\"itemListElement\":[{\"@type\":\"ListItem\",\"position\":1,\"name\":\"Accueil\",\"item\":\"https:\/\/dev-durable.agglo-larochelle.fr\/2022\/\"},{\"@type\":\"ListItem\",\"position\":2,\"name\":\"Une Agglo sobre et durable\",\"item\":\"https:\/\/dev-durable.agglo-larochelle.fr\/2022\/une-agglo-sobre-et-durable\/\"},{\"@type\":\"ListItem\",\"position\":3,\"name\":\"Bien-\u00eatre humain\",\"item\":\"https:\/\/dev-durable.agglo-larochelle.fr\/2022\/une-agglo-sobre-et-durable\/bien-etre-humain\/\"},{\"@type\":\"ListItem\",\"position\":4,\"name\":\"Poursuite d\u2019une \u00e9tude \u00e9pid\u00e9miologique sur l\u2019incidence des cancers sur le territoire\"}]},{\"@type\":\"WebSite\",\"@id\":\"https:\/\/dev-durable.agglo-larochelle.fr\/2022\/#website\",\"url\":\"https:\/\/dev-durable.agglo-larochelle.fr\/2022\/\",\"name\":\"Rapport du d\u00e9veloppement durable - 2022\",\"description\":\"Rapport 2022 du d\u00e9veloppement durable\",\"alternateName\":\"Communaut\u00e9 d'Agglom\u00e9ration de La Rochelle\",\"potentialAction\":[{\"@type\":\"SearchAction\",\"target\":{\"@type\":\"EntryPoint\",\"urlTemplate\":\"https:\/\/dev-durable.agglo-larochelle.fr\/2022\/?s={search_term_string}\"},\"query-input\":\"required name=search_term_string\"}],\"inLanguage\":\"fr-FR\"}]}<\/script>\n<!-- \/ Yoast SEO plugin. -->","yoast_head_json":{"title":"Poursuite d\u2019une \u00e9tude \u00e9pid\u00e9miologique sur l\u2019incidence des cancers sur le territoire - Rapport du d\u00e9veloppement durable","robots":{"index":"index","follow":"follow","max-snippet":"max-snippet:-1","max-image-preview":"max-image-preview:large","max-video-preview":"max-video-preview:-1"},"canonical":"https:\/\/dev-durable.agglo-larochelle.fr\/2022\/une-agglo-sobre-et-durable\/bien-etre-humain\/inventaire-historique-urbain\/","og_locale":"fr_FR","og_type":"article","og_title":"Poursuite d\u2019une \u00e9tude \u00e9pid\u00e9miologique sur l\u2019incidence des cancers sur le territoire - Rapport du d\u00e9veloppement durable","og_description":"Une \u00e9tude \u00e9pid\u00e9miologique portant sur l\u2019ensemble du territoire communautaire vise \u00e0 analyser l\u2019incidence des cancers sur la p\u00e9riode 2008-2019. Sollicit\u00e9 en 2018 par le Comit\u00e9 d\u00e9partemental de la Ligue contre le Cancer, le Registre G\u00e9n\u00e9ral des Cancers de Poitou-Charentes (RGCPC) avait r\u00e9alis\u00e9 une \u00e9tude des cas de cancers sur les communes de Saint-Rogatien et P\u00e9rigny, [&hellip;]","og_url":"https:\/\/dev-durable.agglo-larochelle.fr\/2022\/une-agglo-sobre-et-durable\/bien-etre-humain\/inventaire-historique-urbain\/","og_site_name":"Rapport du d\u00e9veloppement durable","article_modified_time":"2022-12-08T12:23:30+00:00","og_image":[{"width":1024,"height":654,"url":"https:\/\/dev-durable.agglo-larochelle.fr\/2022\/wp-content\/uploads\/2018\/12\/hopital.gif","type":"image\/gif"}],"twitter_card":"summary_large_image","twitter_misc":{"Dur\u00e9e de lecture estim\u00e9e":"1 minute"},"schema":{"@context":"https:\/\/schema.org","@graph":[{"@type":"WebPage","@id":"https:\/\/dev-durable.agglo-larochelle.fr\/2022\/une-agglo-sobre-et-durable\/bien-etre-humain\/inventaire-historique-urbain\/","url":"https:\/\/dev-durable.agglo-larochelle.fr\/2022\/une-agglo-sobre-et-durable\/bien-etre-humain\/inventaire-historique-urbain\/","name":"Poursuite d\u2019une \u00e9tude \u00e9pid\u00e9miologique sur l\u2019incidence des cancers sur le territoire - Rapport du d\u00e9veloppement durable","isPartOf":{"@id":"https:\/\/dev-durable.agglo-larochelle.fr\/2022\/#website"},"datePublished":"2021-01-07T12:40:08+00:00","dateModified":"2022-12-08T12:23:30+00:00","breadcrumb":{"@id":"https:\/\/dev-durable.agglo-larochelle.fr\/2022\/une-agglo-sobre-et-durable\/bien-etre-humain\/inventaire-historique-urbain\/#breadcrumb"},"inLanguage":"fr-FR","potentialAction":[{"@type":"ReadAction","target":["https:\/\/dev-durable.agglo-larochelle.fr\/2022\/une-agglo-sobre-et-durable\/bien-etre-humain\/inventaire-historique-urbain\/"]}]},{"@type":"BreadcrumbList","@id":"https:\/\/dev-durable.agglo-larochelle.fr\/2022\/une-agglo-sobre-et-durable\/bien-etre-humain\/inventaire-historique-urbain\/#breadcrumb","itemListElement":[{"@type":"ListItem","position":1,"name":"Accueil","item":"https:\/\/dev-durable.agglo-larochelle.fr\/2022\/"},{"@type":"ListItem","position":2,"name":"Une Agglo sobre et durable","item":"https:\/\/dev-durable.agglo-larochelle.fr\/2022\/une-agglo-sobre-et-durable\/"},{"@type":"ListItem","position":3,"name":"Bien-\u00eatre humain","item":"https:\/\/dev-durable.agglo-larochelle.fr\/2022\/une-agglo-sobre-et-durable\/bien-etre-humain\/"},{"@type":"ListItem","position":4,"name":"Poursuite d\u2019une \u00e9tude \u00e9pid\u00e9miologique sur l\u2019incidence des cancers sur le territoire"}]},{"@type":"WebSite","@id":"https:\/\/dev-durable.agglo-larochelle.fr\/2022\/#website","url":"https:\/\/dev-durable.agglo-larochelle.fr\/2022\/","name":"Rapport du d\u00e9veloppement durable - 2022","description":"Rapport 2022 du d\u00e9veloppement durable","alternateName":"Communaut\u00e9 d'Agglom\u00e9ration de La Rochelle","potentialAction":[{"@type":"SearchAction","target":{"@type":"EntryPoint","urlTemplate":"https:\/\/dev-durable.agglo-larochelle.fr\/2022\/?s={search_term_string}"},"query-input":"required name=search_term_string"}],"inLanguage":"fr-FR"}]}},"_links":{"self":[{"href":"https:\/\/dev-durable.agglo-larochelle.fr\/2022\/wp-json\/wp\/v2\/pages\/1590"}],"collection":[{"href":"https:\/\/dev-durable.agglo-larochelle.fr\/2022\/wp-json\/wp\/v2\/pages"}],"about":[{"href":"https:\/\/dev-durable.agglo-larochelle.fr\/2022\/wp-json\/wp\/v2\/types\/page"}],"author":[{"embeddable":true,"href":"https:\/\/dev-durable.agglo-larochelle.fr\/2022\/wp-json\/wp\/v2\/users\/1"}],"replies":[{"embeddable":true,"href":"https:\/\/dev-durable.agglo-larochelle.fr\/2022\/wp-json\/wp\/v2\/comments?post=1590"}],"version-history":[{"count":7,"href":"https:\/\/dev-durable.agglo-larochelle.fr\/2022\/wp-json\/wp\/v2\/pages\/1590\/revisions"}],"predecessor-version":[{"id":2772,"href":"https:\/\/dev-durable.agglo-larochelle.fr\/2022\/wp-json\/wp\/v2\/pages\/1590\/revisions\/2772"}],"up":[{"embeddable":true,"href":"https:\/\/dev-durable.agglo-larochelle.fr\/2022\/wp-json\/wp\/v2\/pages\/1075"}],"wp:featuredmedia":[{"embeddable":true,"href":"https:\/\/dev-durable.agglo-larochelle.fr\/2022\/wp-json\/wp\/v2\/media\/726"}],"wp:attachment":[{"href":"https:\/\/dev-durable.agglo-larochelle.fr\/2022\/wp-json\/wp\/v2\/media?parent=1590"}],"curies":[{"name":"wp","href":"https:\/\/api.w.org\/{rel}","templated":true}]}}