{"id":1595,"date":"2021-01-07T13:49:51","date_gmt":"2021-01-07T12:49:51","guid":{"rendered":"https:\/\/dev-durable.agglo-larochelle.fr\/20226.0.2\/?page_id=1595"},"modified":"2022-12-08T16:11:54","modified_gmt":"2022-12-08T15:11:54","slug":"experimentation-sur-limpact-co2-des-pratiques-numeriques","status":"publish","type":"page","link":"https:\/\/dev-durable.agglo-larochelle.fr\/2022\/une-agglo-sobre-et-durable\/administration-eco-responsable\/experimentation-sur-limpact-co2-des-pratiques-numeriques\/","title":{"rendered":"Les communes de l\u2019Agglo accompagn\u00e9es dans leur bilan carbone"},"content":{"rendered":"<p><b>Sept nouvelles communes de l\u2019Agglom\u00e9ration ont entrepris d\u2019\u00e9tablir leur bilan carbone, afin de pouvoir mettre en \u0153uvre des actions cibl\u00e9es en faveur d\u2019une r\u00e9duction des \u00e9missions carbon\u00e9es.<\/b><\/p>\n<p>Apr\u00e8s une premi\u00e8re initiative port\u00e9e par l\u2019Agglom\u00e9ration et dix communes, dont les \u00e9tudes ont \u00e9t\u00e9 restitu\u00e9es en septembre, sept autres nouvelles communes viennent de s\u2019engager dans un nouveau groupement de commande pour la r\u00e9alisation de bilans carbone portant sur leur patrimoine et leurs comp\u00e9tences. Il s\u2019agit des communes d\u2019Aytr\u00e9, Bourgneuf, Croix-Chapeau, Saint-Christophe, Saint-M\u00e9dard-d\u2019Aunis, Saint-Vivien et Salles-sur-Mer. Conna\u00eetre l\u2019origine et la r\u00e9partition de ses \u00e9missions est une \u00e9tape n\u00e9cessaire pour mettre en place une politique bas-carbone.<\/p>\n","protected":false},"excerpt":{"rendered":"<p>Sept nouvelles communes de l\u2019Agglom\u00e9ration ont entrepris d\u2019\u00e9tablir leur bilan carbone, afin de pouvoir mettre en \u0153uvre des actions cibl\u00e9es en faveur d\u2019une r\u00e9duction des \u00e9missions carbon\u00e9es. Apr\u00e8s une premi\u00e8re initiative port\u00e9e par l\u2019Agglom\u00e9ration et dix communes, dont les \u00e9tudes ont \u00e9t\u00e9 restitu\u00e9es en septembre, sept autres nouvelles communes viennent de s\u2019engager dans un nouveau [&hellip;]<\/p>\n","protected":false},"author":1,"featured_media":2433,"parent":1087,"menu_order":1,"comment_status":"closed","ping_status":"closed","template":"page-sous-partie.php","meta":[],"acf":[],"yoast_head":"<!-- This site is optimized with the Yoast SEO plugin v19.12 - https:\/\/yoast.com\/wordpress\/plugins\/seo\/ -->\n<title>Les communes de l\u2019Agglo accompagn\u00e9es dans leur bilan carbone - Rapport du d\u00e9veloppement durable<\/title>\n<meta name=\"robots\" content=\"index, follow, max-snippet:-1, max-image-preview:large, max-video-preview:-1\" \/>\n<link rel=\"canonical\" href=\"https:\/\/dev-durable.agglo-larochelle.fr\/2022\/une-agglo-sobre-et-durable\/administration-eco-responsable\/experimentation-sur-limpact-co2-des-pratiques-numeriques\/\" \/>\n<meta property=\"og:locale\" content=\"fr_FR\" \/>\n<meta property=\"og:type\" content=\"article\" \/>\n<meta property=\"og:title\" content=\"Les communes de l\u2019Agglo accompagn\u00e9es dans leur bilan carbone - Rapport du d\u00e9veloppement durable\" \/>\n<meta property=\"og:description\" content=\"Sept nouvelles communes de l\u2019Agglom\u00e9ration ont entrepris d\u2019\u00e9tablir leur bilan carbone, afin de pouvoir mettre en \u0153uvre des actions cibl\u00e9es en faveur d\u2019une r\u00e9duction des \u00e9missions carbon\u00e9es. Apr\u00e8s une premi\u00e8re initiative port\u00e9e par l\u2019Agglom\u00e9ration et dix communes, dont les \u00e9tudes ont \u00e9t\u00e9 restitu\u00e9es en septembre, sept autres nouvelles communes viennent de s\u2019engager dans un nouveau [&hellip;]\" \/>\n<meta property=\"og:url\" content=\"https:\/\/dev-durable.agglo-larochelle.fr\/2022\/une-agglo-sobre-et-durable\/administration-eco-responsable\/experimentation-sur-limpact-co2-des-pratiques-numeriques\/\" \/>\n<meta property=\"og:site_name\" content=\"Rapport du d\u00e9veloppement durable\" \/>\n<meta property=\"article:modified_time\" content=\"2022-12-08T15:11:54+00:00\" \/>\n<meta property=\"og:image\" content=\"https:\/\/dev-durable.agglo-larochelle.fr\/2022\/wp-content\/uploads\/2022\/09\/grandes-dates-rapport-developpement-durable-2020-min.png\" \/>\n\t<meta property=\"og:image:width\" content=\"315\" \/>\n\t<meta property=\"og:image:height\" content=\"200\" \/>\n\t<meta property=\"og:image:type\" content=\"image\/png\" \/>\n<meta name=\"twitter:card\" content=\"summary_large_image\" \/>\n<meta name=\"twitter:label1\" content=\"Dur\u00e9e de lecture estim\u00e9e\" \/>\n\t<meta name=\"twitter:data1\" content=\"1 minute\" \/>\n<script type=\"application\/ld+json\" class=\"yoast-schema-graph\">{\"@context\":\"https:\/\/schema.org\",\"@graph\":[{\"@type\":\"WebPage\",\"@id\":\"https:\/\/dev-durable.agglo-larochelle.fr\/2022\/une-agglo-sobre-et-durable\/administration-eco-responsable\/experimentation-sur-limpact-co2-des-pratiques-numeriques\/\",\"url\":\"https:\/\/dev-durable.agglo-larochelle.fr\/2022\/une-agglo-sobre-et-durable\/administration-eco-responsable\/experimentation-sur-limpact-co2-des-pratiques-numeriques\/\",\"name\":\"Les communes de l\u2019Agglo accompagn\u00e9es dans leur bilan carbone - Rapport du d\u00e9veloppement durable\",\"isPartOf\":{\"@id\":\"https:\/\/dev-durable.agglo-larochelle.fr\/2022\/#website\"},\"datePublished\":\"2021-01-07T12:49:51+00:00\",\"dateModified\":\"2022-12-08T15:11:54+00:00\",\"breadcrumb\":{\"@id\":\"https:\/\/dev-durable.agglo-larochelle.fr\/2022\/une-agglo-sobre-et-durable\/administration-eco-responsable\/experimentation-sur-limpact-co2-des-pratiques-numeriques\/#breadcrumb\"},\"inLanguage\":\"fr-FR\",\"potentialAction\":[{\"@type\":\"ReadAction\",\"target\":[\"https:\/\/dev-durable.agglo-larochelle.fr\/2022\/une-agglo-sobre-et-durable\/administration-eco-responsable\/experimentation-sur-limpact-co2-des-pratiques-numeriques\/\"]}]},{\"@type\":\"BreadcrumbList\",\"@id\":\"https:\/\/dev-durable.agglo-larochelle.fr\/2022\/une-agglo-sobre-et-durable\/administration-eco-responsable\/experimentation-sur-limpact-co2-des-pratiques-numeriques\/#breadcrumb\",\"itemListElement\":[{\"@type\":\"ListItem\",\"position\":1,\"name\":\"Accueil\",\"item\":\"https:\/\/dev-durable.agglo-larochelle.fr\/2022\/\"},{\"@type\":\"ListItem\",\"position\":2,\"name\":\"Une Agglo sobre et durable\",\"item\":\"https:\/\/dev-durable.agglo-larochelle.fr\/2022\/une-agglo-sobre-et-durable\/\"},{\"@type\":\"ListItem\",\"position\":3,\"name\":\"Administration \u00e9co-responsable\",\"item\":\"https:\/\/dev-durable.agglo-larochelle.fr\/2022\/une-agglo-sobre-et-durable\/administration-eco-responsable\/\"},{\"@type\":\"ListItem\",\"position\":4,\"name\":\"Les communes de l\u2019Agglo accompagn\u00e9es dans leur bilan carbone\"}]},{\"@type\":\"WebSite\",\"@id\":\"https:\/\/dev-durable.agglo-larochelle.fr\/2022\/#website\",\"url\":\"https:\/\/dev-durable.agglo-larochelle.fr\/2022\/\",\"name\":\"Rapport du d\u00e9veloppement durable - 2022\",\"description\":\"Rapport 2022 du d\u00e9veloppement durable\",\"alternateName\":\"Communaut\u00e9 d'Agglom\u00e9ration de La Rochelle\",\"potentialAction\":[{\"@type\":\"SearchAction\",\"target\":{\"@type\":\"EntryPoint\",\"urlTemplate\":\"https:\/\/dev-durable.agglo-larochelle.fr\/2022\/?s={search_term_string}\"},\"query-input\":\"required name=search_term_string\"}],\"inLanguage\":\"fr-FR\"}]}<\/script>\n<!-- \/ Yoast SEO plugin. -->","yoast_head_json":{"title":"Les communes de l\u2019Agglo accompagn\u00e9es dans leur bilan carbone - Rapport du d\u00e9veloppement durable","robots":{"index":"index","follow":"follow","max-snippet":"max-snippet:-1","max-image-preview":"max-image-preview:large","max-video-preview":"max-video-preview:-1"},"canonical":"https:\/\/dev-durable.agglo-larochelle.fr\/2022\/une-agglo-sobre-et-durable\/administration-eco-responsable\/experimentation-sur-limpact-co2-des-pratiques-numeriques\/","og_locale":"fr_FR","og_type":"article","og_title":"Les communes de l\u2019Agglo accompagn\u00e9es dans leur bilan carbone - Rapport du d\u00e9veloppement durable","og_description":"Sept nouvelles communes de l\u2019Agglom\u00e9ration ont entrepris d\u2019\u00e9tablir leur bilan carbone, afin de pouvoir mettre en \u0153uvre des actions cibl\u00e9es en faveur d\u2019une r\u00e9duction des \u00e9missions carbon\u00e9es. Apr\u00e8s une premi\u00e8re initiative port\u00e9e par l\u2019Agglom\u00e9ration et dix communes, dont les \u00e9tudes ont \u00e9t\u00e9 restitu\u00e9es en septembre, sept autres nouvelles communes viennent de s\u2019engager dans un nouveau [&hellip;]","og_url":"https:\/\/dev-durable.agglo-larochelle.fr\/2022\/une-agglo-sobre-et-durable\/administration-eco-responsable\/experimentation-sur-limpact-co2-des-pratiques-numeriques\/","og_site_name":"Rapport du d\u00e9veloppement durable","article_modified_time":"2022-12-08T15:11:54+00:00","og_image":[{"width":315,"height":200,"url":"https:\/\/dev-durable.agglo-larochelle.fr\/2022\/wp-content\/uploads\/2022\/09\/grandes-dates-rapport-developpement-durable-2020-min.png","type":"image\/png"}],"twitter_card":"summary_large_image","twitter_misc":{"Dur\u00e9e de lecture estim\u00e9e":"1 minute"},"schema":{"@context":"https:\/\/schema.org","@graph":[{"@type":"WebPage","@id":"https:\/\/dev-durable.agglo-larochelle.fr\/2022\/une-agglo-sobre-et-durable\/administration-eco-responsable\/experimentation-sur-limpact-co2-des-pratiques-numeriques\/","url":"https:\/\/dev-durable.agglo-larochelle.fr\/2022\/une-agglo-sobre-et-durable\/administration-eco-responsable\/experimentation-sur-limpact-co2-des-pratiques-numeriques\/","name":"Les communes de l\u2019Agglo accompagn\u00e9es dans leur bilan carbone - Rapport du d\u00e9veloppement durable","isPartOf":{"@id":"https:\/\/dev-durable.agglo-larochelle.fr\/2022\/#website"},"datePublished":"2021-01-07T12:49:51+00:00","dateModified":"2022-12-08T15:11:54+00:00","breadcrumb":{"@id":"https:\/\/dev-durable.agglo-larochelle.fr\/2022\/une-agglo-sobre-et-durable\/administration-eco-responsable\/experimentation-sur-limpact-co2-des-pratiques-numeriques\/#breadcrumb"},"inLanguage":"fr-FR","potentialAction":[{"@type":"ReadAction","target":["https:\/\/dev-durable.agglo-larochelle.fr\/2022\/une-agglo-sobre-et-durable\/administration-eco-responsable\/experimentation-sur-limpact-co2-des-pratiques-numeriques\/"]}]},{"@type":"BreadcrumbList","@id":"https:\/\/dev-durable.agglo-larochelle.fr\/2022\/une-agglo-sobre-et-durable\/administration-eco-responsable\/experimentation-sur-limpact-co2-des-pratiques-numeriques\/#breadcrumb","itemListElement":[{"@type":"ListItem","position":1,"name":"Accueil","item":"https:\/\/dev-durable.agglo-larochelle.fr\/2022\/"},{"@type":"ListItem","position":2,"name":"Une Agglo sobre et durable","item":"https:\/\/dev-durable.agglo-larochelle.fr\/2022\/une-agglo-sobre-et-durable\/"},{"@type":"ListItem","position":3,"name":"Administration \u00e9co-responsable","item":"https:\/\/dev-durable.agglo-larochelle.fr\/2022\/une-agglo-sobre-et-durable\/administration-eco-responsable\/"},{"@type":"ListItem","position":4,"name":"Les communes de l\u2019Agglo accompagn\u00e9es dans leur bilan carbone"}]},{"@type":"WebSite","@id":"https:\/\/dev-durable.agglo-larochelle.fr\/2022\/#website","url":"https:\/\/dev-durable.agglo-larochelle.fr\/2022\/","name":"Rapport du d\u00e9veloppement durable - 2022","description":"Rapport 2022 du d\u00e9veloppement durable","alternateName":"Communaut\u00e9 d'Agglom\u00e9ration de La Rochelle","potentialAction":[{"@type":"SearchAction","target":{"@type":"EntryPoint","urlTemplate":"https:\/\/dev-durable.agglo-larochelle.fr\/2022\/?s={search_term_string}"},"query-input":"required name=search_term_string"}],"inLanguage":"fr-FR"}]}},"_links":{"self":[{"href":"https:\/\/dev-durable.agglo-larochelle.fr\/2022\/wp-json\/wp\/v2\/pages\/1595"}],"collection":[{"href":"https:\/\/dev-durable.agglo-larochelle.fr\/2022\/wp-json\/wp\/v2\/pages"}],"about":[{"href":"https:\/\/dev-durable.agglo-larochelle.fr\/2022\/wp-json\/wp\/v2\/types\/page"}],"author":[{"embeddable":true,"href":"https:\/\/dev-durable.agglo-larochelle.fr\/2022\/wp-json\/wp\/v2\/users\/1"}],"replies":[{"embeddable":true,"href":"https:\/\/dev-durable.agglo-larochelle.fr\/2022\/wp-json\/wp\/v2\/comments?post=1595"}],"version-history":[{"count":10,"href":"https:\/\/dev-durable.agglo-larochelle.fr\/2022\/wp-json\/wp\/v2\/pages\/1595\/revisions"}],"predecessor-version":[{"id":2807,"href":"https:\/\/dev-durable.agglo-larochelle.fr\/2022\/wp-json\/wp\/v2\/pages\/1595\/revisions\/2807"}],"up":[{"embeddable":true,"href":"https:\/\/dev-durable.agglo-larochelle.fr\/2022\/wp-json\/wp\/v2\/pages\/1087"}],"wp:featuredmedia":[{"embeddable":true,"href":"https:\/\/dev-durable.agglo-larochelle.fr\/2022\/wp-json\/wp\/v2\/media\/2433"}],"wp:attachment":[{"href":"https:\/\/dev-durable.agglo-larochelle.fr\/2022\/wp-json\/wp\/v2\/media?parent=1595"}],"curies":[{"name":"wp","href":"https:\/\/api.w.org\/{rel}","templated":true}]}}