{"id":1597,"date":"2021-01-07T13:53:25","date_gmt":"2021-01-07T12:53:25","guid":{"rendered":"https:\/\/dev-durable.agglo-larochelle.fr\/20226.0.2\/?page_id=1597"},"modified":"2022-12-08T16:13:59","modified_gmt":"2022-12-08T15:13:59","slug":"le-renouvellement-des-appels-doffres-informatique","status":"publish","type":"page","link":"https:\/\/dev-durable.agglo-larochelle.fr\/2022\/une-agglo-sobre-et-durable\/administration-eco-responsable\/le-renouvellement-des-appels-doffres-informatique\/","title":{"rendered":"Des bo\u00eetes de collecte de smartphones usag\u00e9s install\u00e9es dans les m\u00e9diath\u00e8ques et lieux de passage"},"content":{"rendered":"<p><strong>Dans le cadre de leur politique \u00ab\u00a0Num\u00e9rique responsable\u00a0\u00bb, et \u00e0 l\u2019occasion du Cyber Clean Up Day, l\u2019Agglom\u00e9ration et la Ville de La Rochelle ont organis\u00e9 la collecte de smartphones usag\u00e9s dans les m\u00e9diath\u00e8ques et autres lieux de passage.<\/strong><\/p>\n<p>Des bo\u00eetes de collecte pour smartphones usag\u00e9s ont \u00e9t\u00e9 install\u00e9es dans les mairies de proximit\u00e9 (\u00e0 Laleu, Mireuil et Villeneuve-les-Salines), \u00e0 la M\u00e9diath\u00e8que Michel-Cr\u00e9peau et aux accueils H\u00f4tel de Ville\/Arsenal et H\u00f4tel d\u2019Agglom\u00e9ration (au clo\u00eetre des Dames blanches). Une communication dans les d\u00e9ch\u00e8teries et Centres de valorisation des d\u00e9chets de l\u2019Agglom\u00e9ration a \u00e9galement \u00e9t\u00e9 effectu\u00e9e afin d&rsquo;inciter les usagers \u00e0 rapporter leurs mat\u00e9riels num\u00e9riques obsol\u00e8tes en vue de r\u00e9emploi ou recyclage. A l\u2019issue de cette op\u00e9ration, 76 smartphones ont \u00e9t\u00e9 collect\u00e9s, ainsi que 2 ordinateurs fixes, 2 portables et 3 tablettes. Une fois collect\u00e9s, les appareils sont ensuite tri\u00e9s aux Ateliers du Bocage et sont soit reconditionn\u00e9s pour \u00eatre revendus, soit recycl\u00e9s par l\u2019\u00e9co-organisme Ecologic.<\/p>\n","protected":false},"excerpt":{"rendered":"<p>Dans le cadre de leur politique \u00ab\u00a0Num\u00e9rique responsable\u00a0\u00bb, et \u00e0 l\u2019occasion du Cyber Clean Up Day, l\u2019Agglom\u00e9ration et la Ville de La Rochelle ont organis\u00e9 la collecte de smartphones usag\u00e9s dans les m\u00e9diath\u00e8ques et autres lieux de passage. Des bo\u00eetes de collecte pour smartphones usag\u00e9s ont \u00e9t\u00e9 install\u00e9es dans les mairies de proximit\u00e9 (\u00e0 Laleu, [&hellip;]<\/p>\n","protected":false},"author":1,"featured_media":653,"parent":1087,"menu_order":2,"comment_status":"closed","ping_status":"closed","template":"page-sous-partie.php","meta":[],"acf":[],"yoast_head":"<!-- This site is optimized with the Yoast SEO plugin v19.12 - https:\/\/yoast.com\/wordpress\/plugins\/seo\/ -->\n<title>Des bo\u00eetes de collecte de smartphones usag\u00e9s install\u00e9es dans les m\u00e9diath\u00e8ques et lieux de passage - Rapport du d\u00e9veloppement durable<\/title>\n<meta name=\"robots\" content=\"index, follow, max-snippet:-1, max-image-preview:large, max-video-preview:-1\" \/>\n<link rel=\"canonical\" href=\"https:\/\/dev-durable.agglo-larochelle.fr\/2022\/une-agglo-sobre-et-durable\/administration-eco-responsable\/le-renouvellement-des-appels-doffres-informatique\/\" \/>\n<meta property=\"og:locale\" content=\"fr_FR\" \/>\n<meta property=\"og:type\" content=\"article\" \/>\n<meta property=\"og:title\" content=\"Des bo\u00eetes de collecte de smartphones usag\u00e9s install\u00e9es dans les m\u00e9diath\u00e8ques et lieux de passage - Rapport du d\u00e9veloppement durable\" \/>\n<meta property=\"og:description\" content=\"Dans le cadre de leur politique \u00ab\u00a0Num\u00e9rique responsable\u00a0\u00bb, et \u00e0 l\u2019occasion du Cyber Clean Up Day, l\u2019Agglom\u00e9ration et la Ville de La Rochelle ont organis\u00e9 la collecte de smartphones usag\u00e9s dans les m\u00e9diath\u00e8ques et autres lieux de passage. Des bo\u00eetes de collecte pour smartphones usag\u00e9s ont \u00e9t\u00e9 install\u00e9es dans les mairies de proximit\u00e9 (\u00e0 Laleu, [&hellip;]\" \/>\n<meta property=\"og:url\" content=\"https:\/\/dev-durable.agglo-larochelle.fr\/2022\/une-agglo-sobre-et-durable\/administration-eco-responsable\/le-renouvellement-des-appels-doffres-informatique\/\" \/>\n<meta property=\"og:site_name\" content=\"Rapport du d\u00e9veloppement durable\" \/>\n<meta property=\"article:modified_time\" content=\"2022-12-08T15:13:59+00:00\" \/>\n<meta property=\"og:image\" content=\"https:\/\/dev-durable.agglo-larochelle.fr\/2022\/wp-content\/uploads\/2018\/11\/recyclerie.gif\" \/>\n\t<meta property=\"og:image:width\" content=\"1024\" \/>\n\t<meta property=\"og:image:height\" content=\"654\" \/>\n\t<meta property=\"og:image:type\" content=\"image\/gif\" \/>\n<meta name=\"twitter:card\" content=\"summary_large_image\" \/>\n<meta name=\"twitter:label1\" content=\"Dur\u00e9e de lecture estim\u00e9e\" \/>\n\t<meta name=\"twitter:data1\" content=\"1 minute\" \/>\n<script type=\"application\/ld+json\" class=\"yoast-schema-graph\">{\"@context\":\"https:\/\/schema.org\",\"@graph\":[{\"@type\":\"WebPage\",\"@id\":\"https:\/\/dev-durable.agglo-larochelle.fr\/2022\/une-agglo-sobre-et-durable\/administration-eco-responsable\/le-renouvellement-des-appels-doffres-informatique\/\",\"url\":\"https:\/\/dev-durable.agglo-larochelle.fr\/2022\/une-agglo-sobre-et-durable\/administration-eco-responsable\/le-renouvellement-des-appels-doffres-informatique\/\",\"name\":\"Des bo\u00eetes de collecte de smartphones usag\u00e9s install\u00e9es dans les m\u00e9diath\u00e8ques et lieux de passage - Rapport du d\u00e9veloppement durable\",\"isPartOf\":{\"@id\":\"https:\/\/dev-durable.agglo-larochelle.fr\/2022\/#website\"},\"datePublished\":\"2021-01-07T12:53:25+00:00\",\"dateModified\":\"2022-12-08T15:13:59+00:00\",\"breadcrumb\":{\"@id\":\"https:\/\/dev-durable.agglo-larochelle.fr\/2022\/une-agglo-sobre-et-durable\/administration-eco-responsable\/le-renouvellement-des-appels-doffres-informatique\/#breadcrumb\"},\"inLanguage\":\"fr-FR\",\"potentialAction\":[{\"@type\":\"ReadAction\",\"target\":[\"https:\/\/dev-durable.agglo-larochelle.fr\/2022\/une-agglo-sobre-et-durable\/administration-eco-responsable\/le-renouvellement-des-appels-doffres-informatique\/\"]}]},{\"@type\":\"BreadcrumbList\",\"@id\":\"https:\/\/dev-durable.agglo-larochelle.fr\/2022\/une-agglo-sobre-et-durable\/administration-eco-responsable\/le-renouvellement-des-appels-doffres-informatique\/#breadcrumb\",\"itemListElement\":[{\"@type\":\"ListItem\",\"position\":1,\"name\":\"Accueil\",\"item\":\"https:\/\/dev-durable.agglo-larochelle.fr\/2022\/\"},{\"@type\":\"ListItem\",\"position\":2,\"name\":\"Une Agglo sobre et durable\",\"item\":\"https:\/\/dev-durable.agglo-larochelle.fr\/2022\/une-agglo-sobre-et-durable\/\"},{\"@type\":\"ListItem\",\"position\":3,\"name\":\"Administration \u00e9co-responsable\",\"item\":\"https:\/\/dev-durable.agglo-larochelle.fr\/2022\/une-agglo-sobre-et-durable\/administration-eco-responsable\/\"},{\"@type\":\"ListItem\",\"position\":4,\"name\":\"Des bo\u00eetes de collecte de smartphones usag\u00e9s install\u00e9es dans les m\u00e9diath\u00e8ques et lieux de passage\"}]},{\"@type\":\"WebSite\",\"@id\":\"https:\/\/dev-durable.agglo-larochelle.fr\/2022\/#website\",\"url\":\"https:\/\/dev-durable.agglo-larochelle.fr\/2022\/\",\"name\":\"Rapport du d\u00e9veloppement durable - 2022\",\"description\":\"Rapport 2022 du d\u00e9veloppement durable\",\"alternateName\":\"Communaut\u00e9 d'Agglom\u00e9ration de La Rochelle\",\"potentialAction\":[{\"@type\":\"SearchAction\",\"target\":{\"@type\":\"EntryPoint\",\"urlTemplate\":\"https:\/\/dev-durable.agglo-larochelle.fr\/2022\/?s={search_term_string}\"},\"query-input\":\"required name=search_term_string\"}],\"inLanguage\":\"fr-FR\"}]}<\/script>\n<!-- \/ Yoast SEO plugin. -->","yoast_head_json":{"title":"Des bo\u00eetes de collecte de smartphones usag\u00e9s install\u00e9es dans les m\u00e9diath\u00e8ques et lieux de passage - Rapport du d\u00e9veloppement durable","robots":{"index":"index","follow":"follow","max-snippet":"max-snippet:-1","max-image-preview":"max-image-preview:large","max-video-preview":"max-video-preview:-1"},"canonical":"https:\/\/dev-durable.agglo-larochelle.fr\/2022\/une-agglo-sobre-et-durable\/administration-eco-responsable\/le-renouvellement-des-appels-doffres-informatique\/","og_locale":"fr_FR","og_type":"article","og_title":"Des bo\u00eetes de collecte de smartphones usag\u00e9s install\u00e9es dans les m\u00e9diath\u00e8ques et lieux de passage - Rapport du d\u00e9veloppement durable","og_description":"Dans le cadre de leur politique \u00ab\u00a0Num\u00e9rique responsable\u00a0\u00bb, et \u00e0 l\u2019occasion du Cyber Clean Up Day, l\u2019Agglom\u00e9ration et la Ville de La Rochelle ont organis\u00e9 la collecte de smartphones usag\u00e9s dans les m\u00e9diath\u00e8ques et autres lieux de passage. Des bo\u00eetes de collecte pour smartphones usag\u00e9s ont \u00e9t\u00e9 install\u00e9es dans les mairies de proximit\u00e9 (\u00e0 Laleu, [&hellip;]","og_url":"https:\/\/dev-durable.agglo-larochelle.fr\/2022\/une-agglo-sobre-et-durable\/administration-eco-responsable\/le-renouvellement-des-appels-doffres-informatique\/","og_site_name":"Rapport du d\u00e9veloppement durable","article_modified_time":"2022-12-08T15:13:59+00:00","og_image":[{"width":1024,"height":654,"url":"https:\/\/dev-durable.agglo-larochelle.fr\/2022\/wp-content\/uploads\/2018\/11\/recyclerie.gif","type":"image\/gif"}],"twitter_card":"summary_large_image","twitter_misc":{"Dur\u00e9e de lecture estim\u00e9e":"1 minute"},"schema":{"@context":"https:\/\/schema.org","@graph":[{"@type":"WebPage","@id":"https:\/\/dev-durable.agglo-larochelle.fr\/2022\/une-agglo-sobre-et-durable\/administration-eco-responsable\/le-renouvellement-des-appels-doffres-informatique\/","url":"https:\/\/dev-durable.agglo-larochelle.fr\/2022\/une-agglo-sobre-et-durable\/administration-eco-responsable\/le-renouvellement-des-appels-doffres-informatique\/","name":"Des bo\u00eetes de collecte de smartphones usag\u00e9s install\u00e9es dans les m\u00e9diath\u00e8ques et lieux de passage - Rapport du d\u00e9veloppement durable","isPartOf":{"@id":"https:\/\/dev-durable.agglo-larochelle.fr\/2022\/#website"},"datePublished":"2021-01-07T12:53:25+00:00","dateModified":"2022-12-08T15:13:59+00:00","breadcrumb":{"@id":"https:\/\/dev-durable.agglo-larochelle.fr\/2022\/une-agglo-sobre-et-durable\/administration-eco-responsable\/le-renouvellement-des-appels-doffres-informatique\/#breadcrumb"},"inLanguage":"fr-FR","potentialAction":[{"@type":"ReadAction","target":["https:\/\/dev-durable.agglo-larochelle.fr\/2022\/une-agglo-sobre-et-durable\/administration-eco-responsable\/le-renouvellement-des-appels-doffres-informatique\/"]}]},{"@type":"BreadcrumbList","@id":"https:\/\/dev-durable.agglo-larochelle.fr\/2022\/une-agglo-sobre-et-durable\/administration-eco-responsable\/le-renouvellement-des-appels-doffres-informatique\/#breadcrumb","itemListElement":[{"@type":"ListItem","position":1,"name":"Accueil","item":"https:\/\/dev-durable.agglo-larochelle.fr\/2022\/"},{"@type":"ListItem","position":2,"name":"Une Agglo sobre et durable","item":"https:\/\/dev-durable.agglo-larochelle.fr\/2022\/une-agglo-sobre-et-durable\/"},{"@type":"ListItem","position":3,"name":"Administration \u00e9co-responsable","item":"https:\/\/dev-durable.agglo-larochelle.fr\/2022\/une-agglo-sobre-et-durable\/administration-eco-responsable\/"},{"@type":"ListItem","position":4,"name":"Des bo\u00eetes de collecte de smartphones usag\u00e9s install\u00e9es dans les m\u00e9diath\u00e8ques et lieux de passage"}]},{"@type":"WebSite","@id":"https:\/\/dev-durable.agglo-larochelle.fr\/2022\/#website","url":"https:\/\/dev-durable.agglo-larochelle.fr\/2022\/","name":"Rapport du d\u00e9veloppement durable - 2022","description":"Rapport 2022 du d\u00e9veloppement durable","alternateName":"Communaut\u00e9 d'Agglom\u00e9ration de La Rochelle","potentialAction":[{"@type":"SearchAction","target":{"@type":"EntryPoint","urlTemplate":"https:\/\/dev-durable.agglo-larochelle.fr\/2022\/?s={search_term_string}"},"query-input":"required name=search_term_string"}],"inLanguage":"fr-FR"}]}},"_links":{"self":[{"href":"https:\/\/dev-durable.agglo-larochelle.fr\/2022\/wp-json\/wp\/v2\/pages\/1597"}],"collection":[{"href":"https:\/\/dev-durable.agglo-larochelle.fr\/2022\/wp-json\/wp\/v2\/pages"}],"about":[{"href":"https:\/\/dev-durable.agglo-larochelle.fr\/2022\/wp-json\/wp\/v2\/types\/page"}],"author":[{"embeddable":true,"href":"https:\/\/dev-durable.agglo-larochelle.fr\/2022\/wp-json\/wp\/v2\/users\/1"}],"replies":[{"embeddable":true,"href":"https:\/\/dev-durable.agglo-larochelle.fr\/2022\/wp-json\/wp\/v2\/comments?post=1597"}],"version-history":[{"count":6,"href":"https:\/\/dev-durable.agglo-larochelle.fr\/2022\/wp-json\/wp\/v2\/pages\/1597\/revisions"}],"predecessor-version":[{"id":2809,"href":"https:\/\/dev-durable.agglo-larochelle.fr\/2022\/wp-json\/wp\/v2\/pages\/1597\/revisions\/2809"}],"up":[{"embeddable":true,"href":"https:\/\/dev-durable.agglo-larochelle.fr\/2022\/wp-json\/wp\/v2\/pages\/1087"}],"wp:featuredmedia":[{"embeddable":true,"href":"https:\/\/dev-durable.agglo-larochelle.fr\/2022\/wp-json\/wp\/v2\/media\/653"}],"wp:attachment":[{"href":"https:\/\/dev-durable.agglo-larochelle.fr\/2022\/wp-json\/wp\/v2\/media?parent=1597"}],"curies":[{"name":"wp","href":"https:\/\/api.w.org\/{rel}","templated":true}]}}