{"id":1599,"date":"2021-01-07T13:54:42","date_gmt":"2021-01-07T12:54:42","guid":{"rendered":"https:\/\/dev-durable.agglo-larochelle.fr\/20226.0.2\/?page_id=1599"},"modified":"2022-12-08T16:21:50","modified_gmt":"2022-12-08T15:21:50","slug":"strategie-numerique-responsable-interne","status":"publish","type":"page","link":"https:\/\/dev-durable.agglo-larochelle.fr\/2022\/une-agglo-sobre-et-durable\/administration-eco-responsable\/strategie-numerique-responsable-interne\/","title":{"rendered":"Les actions de communication mettent en avant les produits locaux"},"content":{"rendered":"<p><strong>Les actions de communication li\u00e9es \u00e0 la r\u00e9ception d\u2019\u00e9v\u00e9nements sur le territoire sont \u00e9galement soucieuses de r\u00e9duire leur empreinte carbone. Les produits locaux et durables sont privil\u00e9gi\u00e9s.<\/strong><\/p>\n<p>\u00c0 l\u2019occasion du Forum des Conseillers municipaux destin\u00e9 \u00e0 pr\u00e9senter l\u2019actualisation du Projet de territoire, en mai dernier au Forum des Pertuis, la d\u00e9marche responsable de l\u2019Agglom\u00e9ration s\u2019est traduite par des kits d\u2019accueil (papier, stylo, sac) int\u00e9gralement fabriqu\u00e9s en France. Les temps conviviaux ont fait la part belle aux produits du territoire valoris\u00e9s dans des recettes imagin\u00e9es sp\u00e9cialement par un traiteur local et engag\u00e9.<\/p>\n","protected":false},"excerpt":{"rendered":"<p>Les actions de communication li\u00e9es \u00e0 la r\u00e9ception d\u2019\u00e9v\u00e9nements sur le territoire sont \u00e9galement soucieuses de r\u00e9duire leur empreinte carbone. Les produits locaux et durables sont privil\u00e9gi\u00e9s. \u00c0 l\u2019occasion du Forum des Conseillers municipaux destin\u00e9 \u00e0 pr\u00e9senter l\u2019actualisation du Projet de territoire, en mai dernier au Forum des Pertuis, la d\u00e9marche responsable de l\u2019Agglom\u00e9ration s\u2019est [&hellip;]<\/p>\n","protected":false},"author":1,"featured_media":2358,"parent":1087,"menu_order":3,"comment_status":"closed","ping_status":"closed","template":"page-sous-partie.php","meta":[],"acf":[],"yoast_head":"<!-- This site is optimized with the Yoast SEO plugin v19.12 - https:\/\/yoast.com\/wordpress\/plugins\/seo\/ -->\n<title>Les actions de communication mettent en avant les produits locaux - Rapport du d\u00e9veloppement durable<\/title>\n<meta name=\"robots\" content=\"index, follow, max-snippet:-1, max-image-preview:large, max-video-preview:-1\" \/>\n<link rel=\"canonical\" href=\"https:\/\/dev-durable.agglo-larochelle.fr\/2022\/une-agglo-sobre-et-durable\/administration-eco-responsable\/strategie-numerique-responsable-interne\/\" \/>\n<meta property=\"og:locale\" content=\"fr_FR\" \/>\n<meta property=\"og:type\" content=\"article\" \/>\n<meta property=\"og:title\" content=\"Les actions de communication mettent en avant les produits locaux - Rapport du d\u00e9veloppement durable\" \/>\n<meta property=\"og:description\" content=\"Les actions de communication li\u00e9es \u00e0 la r\u00e9ception d\u2019\u00e9v\u00e9nements sur le territoire sont \u00e9galement soucieuses de r\u00e9duire leur empreinte carbone. Les produits locaux et durables sont privil\u00e9gi\u00e9s. \u00c0 l\u2019occasion du Forum des Conseillers municipaux destin\u00e9 \u00e0 pr\u00e9senter l\u2019actualisation du Projet de territoire, en mai dernier au Forum des Pertuis, la d\u00e9marche responsable de l\u2019Agglom\u00e9ration s\u2019est [&hellip;]\" \/>\n<meta property=\"og:url\" content=\"https:\/\/dev-durable.agglo-larochelle.fr\/2022\/une-agglo-sobre-et-durable\/administration-eco-responsable\/strategie-numerique-responsable-interne\/\" \/>\n<meta property=\"og:site_name\" content=\"Rapport du d\u00e9veloppement durable\" \/>\n<meta property=\"article:modified_time\" content=\"2022-12-08T15:21:50+00:00\" \/>\n<meta property=\"og:image\" content=\"https:\/\/dev-durable.agglo-larochelle.fr\/2022\/wp-content\/uploads\/2021\/12\/AdobeStock_319027917_agriculteurs.jpg\" \/>\n\t<meta property=\"og:image:width\" content=\"1200\" \/>\n\t<meta property=\"og:image:height\" content=\"675\" \/>\n\t<meta property=\"og:image:type\" content=\"image\/jpeg\" \/>\n<meta name=\"twitter:card\" content=\"summary_large_image\" \/>\n<meta name=\"twitter:label1\" content=\"Dur\u00e9e de lecture estim\u00e9e\" \/>\n\t<meta name=\"twitter:data1\" content=\"1 minute\" \/>\n<script type=\"application\/ld+json\" class=\"yoast-schema-graph\">{\"@context\":\"https:\/\/schema.org\",\"@graph\":[{\"@type\":\"WebPage\",\"@id\":\"https:\/\/dev-durable.agglo-larochelle.fr\/2022\/une-agglo-sobre-et-durable\/administration-eco-responsable\/strategie-numerique-responsable-interne\/\",\"url\":\"https:\/\/dev-durable.agglo-larochelle.fr\/2022\/une-agglo-sobre-et-durable\/administration-eco-responsable\/strategie-numerique-responsable-interne\/\",\"name\":\"Les actions de communication mettent en avant les produits locaux - Rapport du d\u00e9veloppement durable\",\"isPartOf\":{\"@id\":\"https:\/\/dev-durable.agglo-larochelle.fr\/2022\/#website\"},\"datePublished\":\"2021-01-07T12:54:42+00:00\",\"dateModified\":\"2022-12-08T15:21:50+00:00\",\"breadcrumb\":{\"@id\":\"https:\/\/dev-durable.agglo-larochelle.fr\/2022\/une-agglo-sobre-et-durable\/administration-eco-responsable\/strategie-numerique-responsable-interne\/#breadcrumb\"},\"inLanguage\":\"fr-FR\",\"potentialAction\":[{\"@type\":\"ReadAction\",\"target\":[\"https:\/\/dev-durable.agglo-larochelle.fr\/2022\/une-agglo-sobre-et-durable\/administration-eco-responsable\/strategie-numerique-responsable-interne\/\"]}]},{\"@type\":\"BreadcrumbList\",\"@id\":\"https:\/\/dev-durable.agglo-larochelle.fr\/2022\/une-agglo-sobre-et-durable\/administration-eco-responsable\/strategie-numerique-responsable-interne\/#breadcrumb\",\"itemListElement\":[{\"@type\":\"ListItem\",\"position\":1,\"name\":\"Accueil\",\"item\":\"https:\/\/dev-durable.agglo-larochelle.fr\/2022\/\"},{\"@type\":\"ListItem\",\"position\":2,\"name\":\"Une Agglo sobre et durable\",\"item\":\"https:\/\/dev-durable.agglo-larochelle.fr\/2022\/une-agglo-sobre-et-durable\/\"},{\"@type\":\"ListItem\",\"position\":3,\"name\":\"Administration \u00e9co-responsable\",\"item\":\"https:\/\/dev-durable.agglo-larochelle.fr\/2022\/une-agglo-sobre-et-durable\/administration-eco-responsable\/\"},{\"@type\":\"ListItem\",\"position\":4,\"name\":\"Les actions de communication mettent en avant les produits locaux\"}]},{\"@type\":\"WebSite\",\"@id\":\"https:\/\/dev-durable.agglo-larochelle.fr\/2022\/#website\",\"url\":\"https:\/\/dev-durable.agglo-larochelle.fr\/2022\/\",\"name\":\"Rapport du d\u00e9veloppement durable - 2022\",\"description\":\"Rapport 2022 du d\u00e9veloppement durable\",\"alternateName\":\"Communaut\u00e9 d'Agglom\u00e9ration de La Rochelle\",\"potentialAction\":[{\"@type\":\"SearchAction\",\"target\":{\"@type\":\"EntryPoint\",\"urlTemplate\":\"https:\/\/dev-durable.agglo-larochelle.fr\/2022\/?s={search_term_string}\"},\"query-input\":\"required name=search_term_string\"}],\"inLanguage\":\"fr-FR\"}]}<\/script>\n<!-- \/ Yoast SEO plugin. -->","yoast_head_json":{"title":"Les actions de communication mettent en avant les produits locaux - Rapport du d\u00e9veloppement durable","robots":{"index":"index","follow":"follow","max-snippet":"max-snippet:-1","max-image-preview":"max-image-preview:large","max-video-preview":"max-video-preview:-1"},"canonical":"https:\/\/dev-durable.agglo-larochelle.fr\/2022\/une-agglo-sobre-et-durable\/administration-eco-responsable\/strategie-numerique-responsable-interne\/","og_locale":"fr_FR","og_type":"article","og_title":"Les actions de communication mettent en avant les produits locaux - Rapport du d\u00e9veloppement durable","og_description":"Les actions de communication li\u00e9es \u00e0 la r\u00e9ception d\u2019\u00e9v\u00e9nements sur le territoire sont \u00e9galement soucieuses de r\u00e9duire leur empreinte carbone. Les produits locaux et durables sont privil\u00e9gi\u00e9s. \u00c0 l\u2019occasion du Forum des Conseillers municipaux destin\u00e9 \u00e0 pr\u00e9senter l\u2019actualisation du Projet de territoire, en mai dernier au Forum des Pertuis, la d\u00e9marche responsable de l\u2019Agglom\u00e9ration s\u2019est [&hellip;]","og_url":"https:\/\/dev-durable.agglo-larochelle.fr\/2022\/une-agglo-sobre-et-durable\/administration-eco-responsable\/strategie-numerique-responsable-interne\/","og_site_name":"Rapport du d\u00e9veloppement durable","article_modified_time":"2022-12-08T15:21:50+00:00","og_image":[{"width":1200,"height":675,"url":"https:\/\/dev-durable.agglo-larochelle.fr\/2022\/wp-content\/uploads\/2021\/12\/AdobeStock_319027917_agriculteurs.jpg","type":"image\/jpeg"}],"twitter_card":"summary_large_image","twitter_misc":{"Dur\u00e9e de lecture estim\u00e9e":"1 minute"},"schema":{"@context":"https:\/\/schema.org","@graph":[{"@type":"WebPage","@id":"https:\/\/dev-durable.agglo-larochelle.fr\/2022\/une-agglo-sobre-et-durable\/administration-eco-responsable\/strategie-numerique-responsable-interne\/","url":"https:\/\/dev-durable.agglo-larochelle.fr\/2022\/une-agglo-sobre-et-durable\/administration-eco-responsable\/strategie-numerique-responsable-interne\/","name":"Les actions de communication mettent en avant les produits locaux - Rapport du d\u00e9veloppement durable","isPartOf":{"@id":"https:\/\/dev-durable.agglo-larochelle.fr\/2022\/#website"},"datePublished":"2021-01-07T12:54:42+00:00","dateModified":"2022-12-08T15:21:50+00:00","breadcrumb":{"@id":"https:\/\/dev-durable.agglo-larochelle.fr\/2022\/une-agglo-sobre-et-durable\/administration-eco-responsable\/strategie-numerique-responsable-interne\/#breadcrumb"},"inLanguage":"fr-FR","potentialAction":[{"@type":"ReadAction","target":["https:\/\/dev-durable.agglo-larochelle.fr\/2022\/une-agglo-sobre-et-durable\/administration-eco-responsable\/strategie-numerique-responsable-interne\/"]}]},{"@type":"BreadcrumbList","@id":"https:\/\/dev-durable.agglo-larochelle.fr\/2022\/une-agglo-sobre-et-durable\/administration-eco-responsable\/strategie-numerique-responsable-interne\/#breadcrumb","itemListElement":[{"@type":"ListItem","position":1,"name":"Accueil","item":"https:\/\/dev-durable.agglo-larochelle.fr\/2022\/"},{"@type":"ListItem","position":2,"name":"Une Agglo sobre et durable","item":"https:\/\/dev-durable.agglo-larochelle.fr\/2022\/une-agglo-sobre-et-durable\/"},{"@type":"ListItem","position":3,"name":"Administration \u00e9co-responsable","item":"https:\/\/dev-durable.agglo-larochelle.fr\/2022\/une-agglo-sobre-et-durable\/administration-eco-responsable\/"},{"@type":"ListItem","position":4,"name":"Les actions de communication mettent en avant les produits locaux"}]},{"@type":"WebSite","@id":"https:\/\/dev-durable.agglo-larochelle.fr\/2022\/#website","url":"https:\/\/dev-durable.agglo-larochelle.fr\/2022\/","name":"Rapport du d\u00e9veloppement durable - 2022","description":"Rapport 2022 du d\u00e9veloppement durable","alternateName":"Communaut\u00e9 d'Agglom\u00e9ration de La Rochelle","potentialAction":[{"@type":"SearchAction","target":{"@type":"EntryPoint","urlTemplate":"https:\/\/dev-durable.agglo-larochelle.fr\/2022\/?s={search_term_string}"},"query-input":"required name=search_term_string"}],"inLanguage":"fr-FR"}]}},"_links":{"self":[{"href":"https:\/\/dev-durable.agglo-larochelle.fr\/2022\/wp-json\/wp\/v2\/pages\/1599"}],"collection":[{"href":"https:\/\/dev-durable.agglo-larochelle.fr\/2022\/wp-json\/wp\/v2\/pages"}],"about":[{"href":"https:\/\/dev-durable.agglo-larochelle.fr\/2022\/wp-json\/wp\/v2\/types\/page"}],"author":[{"embeddable":true,"href":"https:\/\/dev-durable.agglo-larochelle.fr\/2022\/wp-json\/wp\/v2\/users\/1"}],"replies":[{"embeddable":true,"href":"https:\/\/dev-durable.agglo-larochelle.fr\/2022\/wp-json\/wp\/v2\/comments?post=1599"}],"version-history":[{"count":5,"href":"https:\/\/dev-durable.agglo-larochelle.fr\/2022\/wp-json\/wp\/v2\/pages\/1599\/revisions"}],"predecessor-version":[{"id":2811,"href":"https:\/\/dev-durable.agglo-larochelle.fr\/2022\/wp-json\/wp\/v2\/pages\/1599\/revisions\/2811"}],"up":[{"embeddable":true,"href":"https:\/\/dev-durable.agglo-larochelle.fr\/2022\/wp-json\/wp\/v2\/pages\/1087"}],"wp:featuredmedia":[{"embeddable":true,"href":"https:\/\/dev-durable.agglo-larochelle.fr\/2022\/wp-json\/wp\/v2\/media\/2358"}],"wp:attachment":[{"href":"https:\/\/dev-durable.agglo-larochelle.fr\/2022\/wp-json\/wp\/v2\/media?parent=1599"}],"curies":[{"name":"wp","href":"https:\/\/api.w.org\/{rel}","templated":true}]}}