{"id":1619,"date":"2021-01-07T14:17:06","date_gmt":"2021-01-07T13:17:06","guid":{"rendered":"https:\/\/dev-durable.agglo-larochelle.fr\/20226.0.2\/?page_id=1619"},"modified":"2022-12-05T15:34:45","modified_gmt":"2022-12-05T14:34:45","slug":"la-cooperative-carbone-la-rochelle-territoire-zero-carbone","status":"publish","type":"page","link":"https:\/\/dev-durable.agglo-larochelle.fr\/2022\/une-agglo-creative\/transition-energetique\/la-cooperative-carbone-la-rochelle-territoire-zero-carbone\/","title":{"rendered":"Les projets de boucles \u00e9nerg\u00e9tiques se multiplient sur le territoire"},"content":{"rendered":"\n<p><strong>Des \u00ab\u00a0boucles \u00e9nerg\u00e9tiques d\u2019autoconsommation collective\u00a0\u00bb sont en phase d\u2019\u00e9tude ou de d\u00e9veloppement en plusieurs points du territoire. <\/strong><\/p>\n<p>Apr\u00e8s le Parc Atlantech, et le projet du Port Atlantique, la cr\u00e9ation d\u2019une boucle \u00e9nerg\u00e9tique d\u2019autoconsommation collective prend ses marques avec des entreprises de la Zone Industrielle de P\u00e9rigny. Des premiers contacts au printemps 2022 ont eu pour but d\u2019expliquer le principe d\u2019une boucle d\u2019autoconsommation collective, de t\u00e9moigner des exp\u00e9rimentations et projets en cours sur le territoire communautaire, et de r\u00e9pondre aux interrogations. Les organisateurs de cette rencontre \u00e0 P\u00e9rigny cherchaient \u00e0 \u00e9valuer l\u2019int\u00e9r\u00eat des entreprises du site pour cette d\u00e9marche, qui s\u2019inscrit pleinement dans l\u2019axe Autoconsommation du programme LRTZC. L\u2019objectif d\u2019une boucle \u00e9nerg\u00e9tique est d\u2019amener une diversification \u00e9nerg\u00e9tique, \u00e0 partir d\u2019une \u00e9nergie produite localement.<\/p>\n","protected":false},"excerpt":{"rendered":"<p>Des \u00ab\u00a0boucles \u00e9nerg\u00e9tiques d\u2019autoconsommation collective\u00a0\u00bb sont en phase d\u2019\u00e9tude ou de d\u00e9veloppement en plusieurs points du territoire. Apr\u00e8s le Parc Atlantech, et le projet du Port Atlantique, la cr\u00e9ation d\u2019une boucle \u00e9nerg\u00e9tique d\u2019autoconsommation collective prend ses marques avec des entreprises de la Zone Industrielle de P\u00e9rigny. Des premiers contacts au printemps 2022 ont eu pour [&hellip;]<\/p>\n","protected":false},"author":1,"featured_media":1900,"parent":32,"menu_order":3,"comment_status":"closed","ping_status":"closed","template":"page-sous-partie.php","meta":[],"acf":[],"yoast_head":"<!-- This site is optimized with the Yoast SEO plugin v19.12 - https:\/\/yoast.com\/wordpress\/plugins\/seo\/ -->\n<title>Les projets de boucles \u00e9nerg\u00e9tiques se multiplient sur le territoire - Rapport du d\u00e9veloppement durable<\/title>\n<meta name=\"robots\" content=\"index, follow, max-snippet:-1, max-image-preview:large, max-video-preview:-1\" \/>\n<link rel=\"canonical\" href=\"https:\/\/dev-durable.agglo-larochelle.fr\/2022\/une-agglo-creative\/transition-energetique\/la-cooperative-carbone-la-rochelle-territoire-zero-carbone\/\" \/>\n<meta property=\"og:locale\" content=\"fr_FR\" \/>\n<meta property=\"og:type\" content=\"article\" \/>\n<meta property=\"og:title\" content=\"Les projets de boucles \u00e9nerg\u00e9tiques se multiplient sur le territoire - Rapport du d\u00e9veloppement durable\" \/>\n<meta property=\"og:description\" content=\"Des \u00ab\u00a0boucles \u00e9nerg\u00e9tiques d\u2019autoconsommation collective\u00a0\u00bb sont en phase d\u2019\u00e9tude ou de d\u00e9veloppement en plusieurs points du territoire. Apr\u00e8s le Parc Atlantech, et le projet du Port Atlantique, la cr\u00e9ation d\u2019une boucle \u00e9nerg\u00e9tique d\u2019autoconsommation collective prend ses marques avec des entreprises de la Zone Industrielle de P\u00e9rigny. Des premiers contacts au printemps 2022 ont eu pour [&hellip;]\" \/>\n<meta property=\"og:url\" content=\"https:\/\/dev-durable.agglo-larochelle.fr\/2022\/une-agglo-creative\/transition-energetique\/la-cooperative-carbone-la-rochelle-territoire-zero-carbone\/\" \/>\n<meta property=\"og:site_name\" content=\"Rapport du d\u00e9veloppement durable\" \/>\n<meta property=\"article:modified_time\" content=\"2022-12-05T14:34:45+00:00\" \/>\n<meta property=\"og:image\" content=\"https:\/\/dev-durable.agglo-larochelle.fr\/2022\/wp-content\/uploads\/2021\/11\/cda-dev-durable-2016-b.jpg\" \/>\n\t<meta property=\"og:image:width\" content=\"304\" \/>\n\t<meta property=\"og:image:height\" content=\"180\" \/>\n\t<meta property=\"og:image:type\" content=\"image\/jpeg\" \/>\n<meta name=\"twitter:card\" content=\"summary_large_image\" \/>\n<meta name=\"twitter:label1\" content=\"Dur\u00e9e de lecture estim\u00e9e\" \/>\n\t<meta name=\"twitter:data1\" content=\"1 minute\" \/>\n<script type=\"application\/ld+json\" class=\"yoast-schema-graph\">{\"@context\":\"https:\/\/schema.org\",\"@graph\":[{\"@type\":\"WebPage\",\"@id\":\"https:\/\/dev-durable.agglo-larochelle.fr\/2022\/une-agglo-creative\/transition-energetique\/la-cooperative-carbone-la-rochelle-territoire-zero-carbone\/\",\"url\":\"https:\/\/dev-durable.agglo-larochelle.fr\/2022\/une-agglo-creative\/transition-energetique\/la-cooperative-carbone-la-rochelle-territoire-zero-carbone\/\",\"name\":\"Les projets de boucles \u00e9nerg\u00e9tiques se multiplient sur le territoire - Rapport du d\u00e9veloppement durable\",\"isPartOf\":{\"@id\":\"https:\/\/dev-durable.agglo-larochelle.fr\/2022\/#website\"},\"datePublished\":\"2021-01-07T13:17:06+00:00\",\"dateModified\":\"2022-12-05T14:34:45+00:00\",\"breadcrumb\":{\"@id\":\"https:\/\/dev-durable.agglo-larochelle.fr\/2022\/une-agglo-creative\/transition-energetique\/la-cooperative-carbone-la-rochelle-territoire-zero-carbone\/#breadcrumb\"},\"inLanguage\":\"fr-FR\",\"potentialAction\":[{\"@type\":\"ReadAction\",\"target\":[\"https:\/\/dev-durable.agglo-larochelle.fr\/2022\/une-agglo-creative\/transition-energetique\/la-cooperative-carbone-la-rochelle-territoire-zero-carbone\/\"]}]},{\"@type\":\"BreadcrumbList\",\"@id\":\"https:\/\/dev-durable.agglo-larochelle.fr\/2022\/une-agglo-creative\/transition-energetique\/la-cooperative-carbone-la-rochelle-territoire-zero-carbone\/#breadcrumb\",\"itemListElement\":[{\"@type\":\"ListItem\",\"position\":1,\"name\":\"Accueil\",\"item\":\"https:\/\/dev-durable.agglo-larochelle.fr\/2022\/\"},{\"@type\":\"ListItem\",\"position\":2,\"name\":\"Une Agglo cr\u00e9ative\",\"item\":\"https:\/\/dev-durable.agglo-larochelle.fr\/2022\/une-agglo-creative\/\"},{\"@type\":\"ListItem\",\"position\":3,\"name\":\"Transition \u00e9nerg\u00e9tique\",\"item\":\"https:\/\/dev-durable.agglo-larochelle.fr\/2022\/une-agglo-creative\/transition-energetique\/\"},{\"@type\":\"ListItem\",\"position\":4,\"name\":\"Les projets de boucles \u00e9nerg\u00e9tiques se multiplient sur le territoire\"}]},{\"@type\":\"WebSite\",\"@id\":\"https:\/\/dev-durable.agglo-larochelle.fr\/2022\/#website\",\"url\":\"https:\/\/dev-durable.agglo-larochelle.fr\/2022\/\",\"name\":\"Rapport du d\u00e9veloppement durable - 2022\",\"description\":\"Rapport 2022 du d\u00e9veloppement durable\",\"alternateName\":\"Communaut\u00e9 d'Agglom\u00e9ration de La Rochelle\",\"potentialAction\":[{\"@type\":\"SearchAction\",\"target\":{\"@type\":\"EntryPoint\",\"urlTemplate\":\"https:\/\/dev-durable.agglo-larochelle.fr\/2022\/?s={search_term_string}\"},\"query-input\":\"required name=search_term_string\"}],\"inLanguage\":\"fr-FR\"}]}<\/script>\n<!-- \/ Yoast SEO plugin. -->","yoast_head_json":{"title":"Les projets de boucles \u00e9nerg\u00e9tiques se multiplient sur le territoire - Rapport du d\u00e9veloppement durable","robots":{"index":"index","follow":"follow","max-snippet":"max-snippet:-1","max-image-preview":"max-image-preview:large","max-video-preview":"max-video-preview:-1"},"canonical":"https:\/\/dev-durable.agglo-larochelle.fr\/2022\/une-agglo-creative\/transition-energetique\/la-cooperative-carbone-la-rochelle-territoire-zero-carbone\/","og_locale":"fr_FR","og_type":"article","og_title":"Les projets de boucles \u00e9nerg\u00e9tiques se multiplient sur le territoire - Rapport du d\u00e9veloppement durable","og_description":"Des \u00ab\u00a0boucles \u00e9nerg\u00e9tiques d\u2019autoconsommation collective\u00a0\u00bb sont en phase d\u2019\u00e9tude ou de d\u00e9veloppement en plusieurs points du territoire. Apr\u00e8s le Parc Atlantech, et le projet du Port Atlantique, la cr\u00e9ation d\u2019une boucle \u00e9nerg\u00e9tique d\u2019autoconsommation collective prend ses marques avec des entreprises de la Zone Industrielle de P\u00e9rigny. Des premiers contacts au printemps 2022 ont eu pour [&hellip;]","og_url":"https:\/\/dev-durable.agglo-larochelle.fr\/2022\/une-agglo-creative\/transition-energetique\/la-cooperative-carbone-la-rochelle-territoire-zero-carbone\/","og_site_name":"Rapport du d\u00e9veloppement durable","article_modified_time":"2022-12-05T14:34:45+00:00","og_image":[{"width":304,"height":180,"url":"https:\/\/dev-durable.agglo-larochelle.fr\/2022\/wp-content\/uploads\/2021\/11\/cda-dev-durable-2016-b.jpg","type":"image\/jpeg"}],"twitter_card":"summary_large_image","twitter_misc":{"Dur\u00e9e de lecture estim\u00e9e":"1 minute"},"schema":{"@context":"https:\/\/schema.org","@graph":[{"@type":"WebPage","@id":"https:\/\/dev-durable.agglo-larochelle.fr\/2022\/une-agglo-creative\/transition-energetique\/la-cooperative-carbone-la-rochelle-territoire-zero-carbone\/","url":"https:\/\/dev-durable.agglo-larochelle.fr\/2022\/une-agglo-creative\/transition-energetique\/la-cooperative-carbone-la-rochelle-territoire-zero-carbone\/","name":"Les projets de boucles \u00e9nerg\u00e9tiques se multiplient sur le territoire - Rapport du d\u00e9veloppement durable","isPartOf":{"@id":"https:\/\/dev-durable.agglo-larochelle.fr\/2022\/#website"},"datePublished":"2021-01-07T13:17:06+00:00","dateModified":"2022-12-05T14:34:45+00:00","breadcrumb":{"@id":"https:\/\/dev-durable.agglo-larochelle.fr\/2022\/une-agglo-creative\/transition-energetique\/la-cooperative-carbone-la-rochelle-territoire-zero-carbone\/#breadcrumb"},"inLanguage":"fr-FR","potentialAction":[{"@type":"ReadAction","target":["https:\/\/dev-durable.agglo-larochelle.fr\/2022\/une-agglo-creative\/transition-energetique\/la-cooperative-carbone-la-rochelle-territoire-zero-carbone\/"]}]},{"@type":"BreadcrumbList","@id":"https:\/\/dev-durable.agglo-larochelle.fr\/2022\/une-agglo-creative\/transition-energetique\/la-cooperative-carbone-la-rochelle-territoire-zero-carbone\/#breadcrumb","itemListElement":[{"@type":"ListItem","position":1,"name":"Accueil","item":"https:\/\/dev-durable.agglo-larochelle.fr\/2022\/"},{"@type":"ListItem","position":2,"name":"Une Agglo cr\u00e9ative","item":"https:\/\/dev-durable.agglo-larochelle.fr\/2022\/une-agglo-creative\/"},{"@type":"ListItem","position":3,"name":"Transition \u00e9nerg\u00e9tique","item":"https:\/\/dev-durable.agglo-larochelle.fr\/2022\/une-agglo-creative\/transition-energetique\/"},{"@type":"ListItem","position":4,"name":"Les projets de boucles \u00e9nerg\u00e9tiques se multiplient sur le territoire"}]},{"@type":"WebSite","@id":"https:\/\/dev-durable.agglo-larochelle.fr\/2022\/#website","url":"https:\/\/dev-durable.agglo-larochelle.fr\/2022\/","name":"Rapport du d\u00e9veloppement durable - 2022","description":"Rapport 2022 du d\u00e9veloppement durable","alternateName":"Communaut\u00e9 d'Agglom\u00e9ration de La Rochelle","potentialAction":[{"@type":"SearchAction","target":{"@type":"EntryPoint","urlTemplate":"https:\/\/dev-durable.agglo-larochelle.fr\/2022\/?s={search_term_string}"},"query-input":"required name=search_term_string"}],"inLanguage":"fr-FR"}]}},"_links":{"self":[{"href":"https:\/\/dev-durable.agglo-larochelle.fr\/2022\/wp-json\/wp\/v2\/pages\/1619"}],"collection":[{"href":"https:\/\/dev-durable.agglo-larochelle.fr\/2022\/wp-json\/wp\/v2\/pages"}],"about":[{"href":"https:\/\/dev-durable.agglo-larochelle.fr\/2022\/wp-json\/wp\/v2\/types\/page"}],"author":[{"embeddable":true,"href":"https:\/\/dev-durable.agglo-larochelle.fr\/2022\/wp-json\/wp\/v2\/users\/1"}],"replies":[{"embeddable":true,"href":"https:\/\/dev-durable.agglo-larochelle.fr\/2022\/wp-json\/wp\/v2\/comments?post=1619"}],"version-history":[{"count":9,"href":"https:\/\/dev-durable.agglo-larochelle.fr\/2022\/wp-json\/wp\/v2\/pages\/1619\/revisions"}],"predecessor-version":[{"id":2614,"href":"https:\/\/dev-durable.agglo-larochelle.fr\/2022\/wp-json\/wp\/v2\/pages\/1619\/revisions\/2614"}],"up":[{"embeddable":true,"href":"https:\/\/dev-durable.agglo-larochelle.fr\/2022\/wp-json\/wp\/v2\/pages\/32"}],"wp:featuredmedia":[{"embeddable":true,"href":"https:\/\/dev-durable.agglo-larochelle.fr\/2022\/wp-json\/wp\/v2\/media\/1900"}],"wp:attachment":[{"href":"https:\/\/dev-durable.agglo-larochelle.fr\/2022\/wp-json\/wp\/v2\/media?parent=1619"}],"curies":[{"name":"wp","href":"https:\/\/api.w.org\/{rel}","templated":true}]}}