{"id":1878,"date":"2021-11-25T09:17:20","date_gmt":"2021-11-25T08:17:20","guid":{"rendered":"https:\/\/dev-durable.agglo-larochelle.fr\/20226.0.2\/?page_id=1878"},"modified":"2022-12-05T15:15:03","modified_gmt":"2022-12-05T14:15:03","slug":"le-pole-dechanges-multimodal-de-la-gare-au-coeur-du-projet-bas-carbone","status":"publish","type":"page","link":"https:\/\/dev-durable.agglo-larochelle.fr\/2022\/une-agglo-creative\/amenagement\/le-pole-dechanges-multimodal-de-la-gare-au-coeur-du-projet-bas-carbone\/","title":{"rendered":"Le P\u00f4le d\u2019\u00e9changes multimodal de la gare est op\u00e9rationnel et facilite les mobilit\u00e9s bas-carbone"},"content":{"rendered":"\n<p><strong>Apr\u00e8s deux ans et demi de travaux, la requalification des abords de la gare s\u2019est termin\u00e9e \u00e0 l\u2019automne. Les nouveaux espaces rendent plus simples et plus accessibles les passages d\u2019un mode de transport \u00e0 l\u2019autre.<\/strong><\/p>\n<p>Ouvrant sur le c\u0153ur de ville et le Vieux-port, le parvis c\u00f4t\u00e9 nord fait la part belle aux pi\u00e9tons et aux mobilit\u00e9s bas-carbone. Nouveau plan de circulation, chauss\u00e9e partag\u00e9e, vitesse r\u00e9duite, \u00eelots de fra\u00eecheur par brumisateurs et jeunes pousses (qui deviendront grandes) montrent un nouveau visage des mobilit\u00e9s urbaines. De ce c\u00f4t\u00e9-ci, on prend, loue ou stationne son v\u00e9lo en toute s\u00e9curit\u00e9, on emprunte un v\u00e9hicule \u00e9lectrique, on arr\u00eate sa voiture le temps de simplement d\u00e9poser un passager. Le c\u00f4t\u00e9 sud &#8211; c\u00f4t\u00e9 marais de Tasdon &#8211; rapidement accessible depuis la rocade par l\u2019avenue Simone Veil, est l\u2019espace d\u00e9volu \u00e0 la nouvelle gare routi\u00e8re, pour les lignes scolaires et les cars r\u00e9gionaux et longues distances. Un nouveau parking pour voitures permet un stationnement plus long. \u00c9l\u00e9ment phare de la nouvelle distribution des espaces autour de la gare, la passerelle, qui enjambe les voies, permet d\u2019acc\u00e9der \u00e0 la gare par le Sud.<\/p>\n\n\n","protected":false},"excerpt":{"rendered":"<p>Apr\u00e8s deux ans et demi de travaux, la requalification des abords de la gare s\u2019est termin\u00e9e \u00e0 l\u2019automne. Les nouveaux espaces rendent plus simples et plus accessibles les passages d\u2019un mode de transport \u00e0 l\u2019autre. Ouvrant sur le c\u0153ur de ville et le Vieux-port, le parvis c\u00f4t\u00e9 nord fait la part belle aux pi\u00e9tons et [&hellip;]<\/p>\n","protected":false},"author":1,"featured_media":2888,"parent":9,"menu_order":1,"comment_status":"closed","ping_status":"closed","template":"page-sous-partie.php","meta":[],"acf":[],"yoast_head":"<!-- This site is optimized with the Yoast SEO plugin v19.12 - https:\/\/yoast.com\/wordpress\/plugins\/seo\/ -->\n<title>Le P\u00f4le d\u2019\u00e9changes multimodal de la gare est op\u00e9rationnel et facilite les mobilit\u00e9s bas-carbone - Rapport du d\u00e9veloppement durable<\/title>\n<meta name=\"robots\" content=\"index, follow, max-snippet:-1, max-image-preview:large, max-video-preview:-1\" \/>\n<link rel=\"canonical\" href=\"https:\/\/dev-durable.agglo-larochelle.fr\/2022\/une-agglo-creative\/amenagement\/le-pole-dechanges-multimodal-de-la-gare-au-coeur-du-projet-bas-carbone\/\" \/>\n<meta property=\"og:locale\" content=\"fr_FR\" \/>\n<meta property=\"og:type\" content=\"article\" \/>\n<meta property=\"og:title\" content=\"Le P\u00f4le d\u2019\u00e9changes multimodal de la gare est op\u00e9rationnel et facilite les mobilit\u00e9s bas-carbone - Rapport du d\u00e9veloppement durable\" \/>\n<meta property=\"og:description\" content=\"Apr\u00e8s deux ans et demi de travaux, la requalification des abords de la gare s\u2019est termin\u00e9e \u00e0 l\u2019automne. Les nouveaux espaces rendent plus simples et plus accessibles les passages d\u2019un mode de transport \u00e0 l\u2019autre. Ouvrant sur le c\u0153ur de ville et le Vieux-port, le parvis c\u00f4t\u00e9 nord fait la part belle aux pi\u00e9tons et [&hellip;]\" \/>\n<meta property=\"og:url\" content=\"https:\/\/dev-durable.agglo-larochelle.fr\/2022\/une-agglo-creative\/amenagement\/le-pole-dechanges-multimodal-de-la-gare-au-coeur-du-projet-bas-carbone\/\" \/>\n<meta property=\"og:site_name\" content=\"Rapport du d\u00e9veloppement durable\" \/>\n<meta property=\"article:modified_time\" content=\"2022-12-05T14:15:03+00:00\" \/>\n<meta property=\"og:image\" content=\"https:\/\/dev-durable.agglo-larochelle.fr\/2022\/wp-content\/uploads\/2022\/12\/Gare_MLRC_129310.jpg\" \/>\n\t<meta property=\"og:image:width\" content=\"650\" \/>\n\t<meta property=\"og:image:height\" content=\"301\" \/>\n\t<meta property=\"og:image:type\" content=\"image\/jpeg\" \/>\n<meta name=\"twitter:card\" content=\"summary_large_image\" \/>\n<meta name=\"twitter:label1\" content=\"Dur\u00e9e de lecture estim\u00e9e\" \/>\n\t<meta name=\"twitter:data1\" content=\"1 minute\" \/>\n<script type=\"application\/ld+json\" class=\"yoast-schema-graph\">{\"@context\":\"https:\/\/schema.org\",\"@graph\":[{\"@type\":\"WebPage\",\"@id\":\"https:\/\/dev-durable.agglo-larochelle.fr\/2022\/une-agglo-creative\/amenagement\/le-pole-dechanges-multimodal-de-la-gare-au-coeur-du-projet-bas-carbone\/\",\"url\":\"https:\/\/dev-durable.agglo-larochelle.fr\/2022\/une-agglo-creative\/amenagement\/le-pole-dechanges-multimodal-de-la-gare-au-coeur-du-projet-bas-carbone\/\",\"name\":\"Le P\u00f4le d\u2019\u00e9changes multimodal de la gare est op\u00e9rationnel et facilite les mobilit\u00e9s bas-carbone - Rapport du d\u00e9veloppement durable\",\"isPartOf\":{\"@id\":\"https:\/\/dev-durable.agglo-larochelle.fr\/2022\/#website\"},\"datePublished\":\"2021-11-25T08:17:20+00:00\",\"dateModified\":\"2022-12-05T14:15:03+00:00\",\"breadcrumb\":{\"@id\":\"https:\/\/dev-durable.agglo-larochelle.fr\/2022\/une-agglo-creative\/amenagement\/le-pole-dechanges-multimodal-de-la-gare-au-coeur-du-projet-bas-carbone\/#breadcrumb\"},\"inLanguage\":\"fr-FR\",\"potentialAction\":[{\"@type\":\"ReadAction\",\"target\":[\"https:\/\/dev-durable.agglo-larochelle.fr\/2022\/une-agglo-creative\/amenagement\/le-pole-dechanges-multimodal-de-la-gare-au-coeur-du-projet-bas-carbone\/\"]}]},{\"@type\":\"BreadcrumbList\",\"@id\":\"https:\/\/dev-durable.agglo-larochelle.fr\/2022\/une-agglo-creative\/amenagement\/le-pole-dechanges-multimodal-de-la-gare-au-coeur-du-projet-bas-carbone\/#breadcrumb\",\"itemListElement\":[{\"@type\":\"ListItem\",\"position\":1,\"name\":\"Accueil\",\"item\":\"https:\/\/dev-durable.agglo-larochelle.fr\/2022\/\"},{\"@type\":\"ListItem\",\"position\":2,\"name\":\"Une Agglo cr\u00e9ative\",\"item\":\"https:\/\/dev-durable.agglo-larochelle.fr\/2022\/une-agglo-creative\/\"},{\"@type\":\"ListItem\",\"position\":3,\"name\":\"Am\u00e9nagement\",\"item\":\"https:\/\/dev-durable.agglo-larochelle.fr\/2022\/une-agglo-creative\/amenagement\/\"},{\"@type\":\"ListItem\",\"position\":4,\"name\":\"Le P\u00f4le d\u2019\u00e9changes multimodal de la gare est op\u00e9rationnel et facilite les mobilit\u00e9s bas-carbone\"}]},{\"@type\":\"WebSite\",\"@id\":\"https:\/\/dev-durable.agglo-larochelle.fr\/2022\/#website\",\"url\":\"https:\/\/dev-durable.agglo-larochelle.fr\/2022\/\",\"name\":\"Rapport du d\u00e9veloppement durable - 2022\",\"description\":\"Rapport 2022 du d\u00e9veloppement durable\",\"alternateName\":\"Communaut\u00e9 d'Agglom\u00e9ration de La Rochelle\",\"potentialAction\":[{\"@type\":\"SearchAction\",\"target\":{\"@type\":\"EntryPoint\",\"urlTemplate\":\"https:\/\/dev-durable.agglo-larochelle.fr\/2022\/?s={search_term_string}\"},\"query-input\":\"required name=search_term_string\"}],\"inLanguage\":\"fr-FR\"}]}<\/script>\n<!-- \/ Yoast SEO plugin. -->","yoast_head_json":{"title":"Le P\u00f4le d\u2019\u00e9changes multimodal de la gare est op\u00e9rationnel et facilite les mobilit\u00e9s bas-carbone - Rapport du d\u00e9veloppement durable","robots":{"index":"index","follow":"follow","max-snippet":"max-snippet:-1","max-image-preview":"max-image-preview:large","max-video-preview":"max-video-preview:-1"},"canonical":"https:\/\/dev-durable.agglo-larochelle.fr\/2022\/une-agglo-creative\/amenagement\/le-pole-dechanges-multimodal-de-la-gare-au-coeur-du-projet-bas-carbone\/","og_locale":"fr_FR","og_type":"article","og_title":"Le P\u00f4le d\u2019\u00e9changes multimodal de la gare est op\u00e9rationnel et facilite les mobilit\u00e9s bas-carbone - Rapport du d\u00e9veloppement durable","og_description":"Apr\u00e8s deux ans et demi de travaux, la requalification des abords de la gare s\u2019est termin\u00e9e \u00e0 l\u2019automne. Les nouveaux espaces rendent plus simples et plus accessibles les passages d\u2019un mode de transport \u00e0 l\u2019autre. Ouvrant sur le c\u0153ur de ville et le Vieux-port, le parvis c\u00f4t\u00e9 nord fait la part belle aux pi\u00e9tons et [&hellip;]","og_url":"https:\/\/dev-durable.agglo-larochelle.fr\/2022\/une-agglo-creative\/amenagement\/le-pole-dechanges-multimodal-de-la-gare-au-coeur-du-projet-bas-carbone\/","og_site_name":"Rapport du d\u00e9veloppement durable","article_modified_time":"2022-12-05T14:15:03+00:00","og_image":[{"width":650,"height":301,"url":"https:\/\/dev-durable.agglo-larochelle.fr\/2022\/wp-content\/uploads\/2022\/12\/Gare_MLRC_129310.jpg","type":"image\/jpeg"}],"twitter_card":"summary_large_image","twitter_misc":{"Dur\u00e9e de lecture estim\u00e9e":"1 minute"},"schema":{"@context":"https:\/\/schema.org","@graph":[{"@type":"WebPage","@id":"https:\/\/dev-durable.agglo-larochelle.fr\/2022\/une-agglo-creative\/amenagement\/le-pole-dechanges-multimodal-de-la-gare-au-coeur-du-projet-bas-carbone\/","url":"https:\/\/dev-durable.agglo-larochelle.fr\/2022\/une-agglo-creative\/amenagement\/le-pole-dechanges-multimodal-de-la-gare-au-coeur-du-projet-bas-carbone\/","name":"Le P\u00f4le d\u2019\u00e9changes multimodal de la gare est op\u00e9rationnel et facilite les mobilit\u00e9s bas-carbone - Rapport du d\u00e9veloppement durable","isPartOf":{"@id":"https:\/\/dev-durable.agglo-larochelle.fr\/2022\/#website"},"datePublished":"2021-11-25T08:17:20+00:00","dateModified":"2022-12-05T14:15:03+00:00","breadcrumb":{"@id":"https:\/\/dev-durable.agglo-larochelle.fr\/2022\/une-agglo-creative\/amenagement\/le-pole-dechanges-multimodal-de-la-gare-au-coeur-du-projet-bas-carbone\/#breadcrumb"},"inLanguage":"fr-FR","potentialAction":[{"@type":"ReadAction","target":["https:\/\/dev-durable.agglo-larochelle.fr\/2022\/une-agglo-creative\/amenagement\/le-pole-dechanges-multimodal-de-la-gare-au-coeur-du-projet-bas-carbone\/"]}]},{"@type":"BreadcrumbList","@id":"https:\/\/dev-durable.agglo-larochelle.fr\/2022\/une-agglo-creative\/amenagement\/le-pole-dechanges-multimodal-de-la-gare-au-coeur-du-projet-bas-carbone\/#breadcrumb","itemListElement":[{"@type":"ListItem","position":1,"name":"Accueil","item":"https:\/\/dev-durable.agglo-larochelle.fr\/2022\/"},{"@type":"ListItem","position":2,"name":"Une Agglo cr\u00e9ative","item":"https:\/\/dev-durable.agglo-larochelle.fr\/2022\/une-agglo-creative\/"},{"@type":"ListItem","position":3,"name":"Am\u00e9nagement","item":"https:\/\/dev-durable.agglo-larochelle.fr\/2022\/une-agglo-creative\/amenagement\/"},{"@type":"ListItem","position":4,"name":"Le P\u00f4le d\u2019\u00e9changes multimodal de la gare est op\u00e9rationnel et facilite les mobilit\u00e9s bas-carbone"}]},{"@type":"WebSite","@id":"https:\/\/dev-durable.agglo-larochelle.fr\/2022\/#website","url":"https:\/\/dev-durable.agglo-larochelle.fr\/2022\/","name":"Rapport du d\u00e9veloppement durable - 2022","description":"Rapport 2022 du d\u00e9veloppement durable","alternateName":"Communaut\u00e9 d'Agglom\u00e9ration de La Rochelle","potentialAction":[{"@type":"SearchAction","target":{"@type":"EntryPoint","urlTemplate":"https:\/\/dev-durable.agglo-larochelle.fr\/2022\/?s={search_term_string}"},"query-input":"required name=search_term_string"}],"inLanguage":"fr-FR"}]}},"_links":{"self":[{"href":"https:\/\/dev-durable.agglo-larochelle.fr\/2022\/wp-json\/wp\/v2\/pages\/1878"}],"collection":[{"href":"https:\/\/dev-durable.agglo-larochelle.fr\/2022\/wp-json\/wp\/v2\/pages"}],"about":[{"href":"https:\/\/dev-durable.agglo-larochelle.fr\/2022\/wp-json\/wp\/v2\/types\/page"}],"author":[{"embeddable":true,"href":"https:\/\/dev-durable.agglo-larochelle.fr\/2022\/wp-json\/wp\/v2\/users\/1"}],"replies":[{"embeddable":true,"href":"https:\/\/dev-durable.agglo-larochelle.fr\/2022\/wp-json\/wp\/v2\/comments?post=1878"}],"version-history":[{"count":8,"href":"https:\/\/dev-durable.agglo-larochelle.fr\/2022\/wp-json\/wp\/v2\/pages\/1878\/revisions"}],"predecessor-version":[{"id":2605,"href":"https:\/\/dev-durable.agglo-larochelle.fr\/2022\/wp-json\/wp\/v2\/pages\/1878\/revisions\/2605"}],"up":[{"embeddable":true,"href":"https:\/\/dev-durable.agglo-larochelle.fr\/2022\/wp-json\/wp\/v2\/pages\/9"}],"wp:featuredmedia":[{"embeddable":true,"href":"https:\/\/dev-durable.agglo-larochelle.fr\/2022\/wp-json\/wp\/v2\/media\/2888"}],"wp:attachment":[{"href":"https:\/\/dev-durable.agglo-larochelle.fr\/2022\/wp-json\/wp\/v2\/media?parent=1878"}],"curies":[{"name":"wp","href":"https:\/\/api.w.org\/{rel}","templated":true}]}}