{"id":1925,"date":"2021-11-25T10:27:10","date_gmt":"2021-11-25T09:27:10","guid":{"rendered":"https:\/\/dev-durable.agglo-larochelle.fr\/20226.0.2\/?page_id=1925"},"modified":"2022-12-05T16:03:53","modified_gmt":"2022-12-05T15:03:53","slug":"lagglo-etablit-une-strategie-tiers-lieux-pour-developper-ces-lieux-daccueil","status":"publish","type":"page","link":"https:\/\/dev-durable.agglo-larochelle.fr\/2022\/une-agglo-creative\/transition-economique\/lagglo-etablit-une-strategie-tiers-lieux-pour-developper-ces-lieux-daccueil\/","title":{"rendered":"Le dispositif Vague bleue accompagne la fili\u00e8re nautique dans ses actions bas-carbone"},"content":{"rendered":"\n<p><strong>Les professionnels de la fili\u00e8re nautique, aux Minimes, s\u2019associent \u00e0 la d\u00e9marche Vague Bleue pour g\u00e9rer leurs d\u00e9chets sp\u00e9cifiques et \u00e0 travers cela, d\u00e9montrer leur attitude d\u2019entreprises responsables. L\u2019Agglo renouvelle son soutien \u00e0 cette d\u00e9marche.<\/strong><\/p>\n<p>Depuis 2012, avec le dispositif \u00ab\u00a0Vague Bleue\u00a0\u00bb, l\u2019Agglom\u00e9ration et ses partenaires (CCI, port de plaisance, Atlantic Cluster) accompagnent les acteurs de la fili\u00e8re nautique dans leurs actions de r\u00e9duction des gaz \u00e0 effet de serre. Afin de poursuivre cette action et de l\u2019inscrire dans le programme LRTZC, les partenaires ont souhait\u00e9 relancer une op\u00e9ration \u00ab\u00a0Gestion des d\u00e9chets et \u00e9conomie circulaire\u00a0\u00bb, prolongeant ce dispositif \u00ab\u00a0Vague Bleue\u00a0\u00bb. Avec le soutien de l\u2019Agglo, une trentaine d\u2019entreprises vont pouvoir b\u00e9n\u00e9ficier d\u2019un accompagnement, dispens\u00e9 par la CCI, \u00e0 la gestion des d\u00e9chets, \u00e0 des pr\u00e9conisations en mati\u00e8re d\u2019\u00e9conomie circulaire, \u00e0 des animations collectives, au bilan et au suivi de leurs actions.<\/p>\n","protected":false},"excerpt":{"rendered":"<p>Les professionnels de la fili\u00e8re nautique, aux Minimes, s\u2019associent \u00e0 la d\u00e9marche Vague Bleue pour g\u00e9rer leurs d\u00e9chets sp\u00e9cifiques et \u00e0 travers cela, d\u00e9montrer leur attitude d\u2019entreprises responsables. L\u2019Agglo renouvelle son soutien \u00e0 cette d\u00e9marche. Depuis 2012, avec le dispositif \u00ab\u00a0Vague Bleue\u00a0\u00bb, l\u2019Agglom\u00e9ration et ses partenaires (CCI, port de plaisance, Atlantic Cluster) accompagnent les acteurs [&hellip;]<\/p>\n","protected":false},"author":1,"featured_media":2906,"parent":156,"menu_order":6,"comment_status":"closed","ping_status":"closed","template":"page-sous-partie.php","meta":[],"acf":[],"yoast_head":"<!-- This site is optimized with the Yoast SEO plugin v19.12 - https:\/\/yoast.com\/wordpress\/plugins\/seo\/ -->\n<title>Le dispositif Vague bleue accompagne la fili\u00e8re nautique dans ses actions bas-carbone - Rapport du d\u00e9veloppement durable<\/title>\n<meta name=\"robots\" content=\"index, follow, max-snippet:-1, max-image-preview:large, max-video-preview:-1\" \/>\n<link rel=\"canonical\" href=\"https:\/\/dev-durable.agglo-larochelle.fr\/2022\/une-agglo-creative\/transition-economique\/lagglo-etablit-une-strategie-tiers-lieux-pour-developper-ces-lieux-daccueil\/\" \/>\n<meta property=\"og:locale\" content=\"fr_FR\" \/>\n<meta property=\"og:type\" content=\"article\" \/>\n<meta property=\"og:title\" content=\"Le dispositif Vague bleue accompagne la fili\u00e8re nautique dans ses actions bas-carbone - Rapport du d\u00e9veloppement durable\" \/>\n<meta property=\"og:description\" content=\"Les professionnels de la fili\u00e8re nautique, aux Minimes, s\u2019associent \u00e0 la d\u00e9marche Vague Bleue pour g\u00e9rer leurs d\u00e9chets sp\u00e9cifiques et \u00e0 travers cela, d\u00e9montrer leur attitude d\u2019entreprises responsables. L\u2019Agglo renouvelle son soutien \u00e0 cette d\u00e9marche. Depuis 2012, avec le dispositif \u00ab\u00a0Vague Bleue\u00a0\u00bb, l\u2019Agglom\u00e9ration et ses partenaires (CCI, port de plaisance, Atlantic Cluster) accompagnent les acteurs [&hellip;]\" \/>\n<meta property=\"og:url\" content=\"https:\/\/dev-durable.agglo-larochelle.fr\/2022\/une-agglo-creative\/transition-economique\/lagglo-etablit-une-strategie-tiers-lieux-pour-developper-ces-lieux-daccueil\/\" \/>\n<meta property=\"og:site_name\" content=\"Rapport du d\u00e9veloppement durable\" \/>\n<meta property=\"article:modified_time\" content=\"2022-12-05T15:03:53+00:00\" \/>\n<meta property=\"og:image\" content=\"https:\/\/dev-durable.agglo-larochelle.fr\/2022\/wp-content\/uploads\/2022\/12\/nautisme_CA_025612.jpg\" \/>\n\t<meta property=\"og:image:width\" content=\"650\" \/>\n\t<meta property=\"og:image:height\" content=\"300\" \/>\n\t<meta property=\"og:image:type\" content=\"image\/jpeg\" \/>\n<meta name=\"twitter:card\" content=\"summary_large_image\" \/>\n<meta name=\"twitter:label1\" content=\"Dur\u00e9e de lecture estim\u00e9e\" \/>\n\t<meta name=\"twitter:data1\" content=\"1 minute\" \/>\n<script type=\"application\/ld+json\" class=\"yoast-schema-graph\">{\"@context\":\"https:\/\/schema.org\",\"@graph\":[{\"@type\":\"WebPage\",\"@id\":\"https:\/\/dev-durable.agglo-larochelle.fr\/2022\/une-agglo-creative\/transition-economique\/lagglo-etablit-une-strategie-tiers-lieux-pour-developper-ces-lieux-daccueil\/\",\"url\":\"https:\/\/dev-durable.agglo-larochelle.fr\/2022\/une-agglo-creative\/transition-economique\/lagglo-etablit-une-strategie-tiers-lieux-pour-developper-ces-lieux-daccueil\/\",\"name\":\"Le dispositif Vague bleue accompagne la fili\u00e8re nautique dans ses actions bas-carbone - Rapport du d\u00e9veloppement durable\",\"isPartOf\":{\"@id\":\"https:\/\/dev-durable.agglo-larochelle.fr\/2022\/#website\"},\"datePublished\":\"2021-11-25T09:27:10+00:00\",\"dateModified\":\"2022-12-05T15:03:53+00:00\",\"breadcrumb\":{\"@id\":\"https:\/\/dev-durable.agglo-larochelle.fr\/2022\/une-agglo-creative\/transition-economique\/lagglo-etablit-une-strategie-tiers-lieux-pour-developper-ces-lieux-daccueil\/#breadcrumb\"},\"inLanguage\":\"fr-FR\",\"potentialAction\":[{\"@type\":\"ReadAction\",\"target\":[\"https:\/\/dev-durable.agglo-larochelle.fr\/2022\/une-agglo-creative\/transition-economique\/lagglo-etablit-une-strategie-tiers-lieux-pour-developper-ces-lieux-daccueil\/\"]}]},{\"@type\":\"BreadcrumbList\",\"@id\":\"https:\/\/dev-durable.agglo-larochelle.fr\/2022\/une-agglo-creative\/transition-economique\/lagglo-etablit-une-strategie-tiers-lieux-pour-developper-ces-lieux-daccueil\/#breadcrumb\",\"itemListElement\":[{\"@type\":\"ListItem\",\"position\":1,\"name\":\"Accueil\",\"item\":\"https:\/\/dev-durable.agglo-larochelle.fr\/2022\/\"},{\"@type\":\"ListItem\",\"position\":2,\"name\":\"Une Agglo cr\u00e9ative\",\"item\":\"https:\/\/dev-durable.agglo-larochelle.fr\/2022\/une-agglo-creative\/\"},{\"@type\":\"ListItem\",\"position\":3,\"name\":\"Transition \u00e9conomique\",\"item\":\"https:\/\/dev-durable.agglo-larochelle.fr\/2022\/une-agglo-creative\/transition-economique\/\"},{\"@type\":\"ListItem\",\"position\":4,\"name\":\"Le dispositif Vague bleue accompagne la fili\u00e8re nautique dans ses actions bas-carbone\"}]},{\"@type\":\"WebSite\",\"@id\":\"https:\/\/dev-durable.agglo-larochelle.fr\/2022\/#website\",\"url\":\"https:\/\/dev-durable.agglo-larochelle.fr\/2022\/\",\"name\":\"Rapport du d\u00e9veloppement durable - 2022\",\"description\":\"Rapport 2022 du d\u00e9veloppement durable\",\"alternateName\":\"Communaut\u00e9 d'Agglom\u00e9ration de La Rochelle\",\"potentialAction\":[{\"@type\":\"SearchAction\",\"target\":{\"@type\":\"EntryPoint\",\"urlTemplate\":\"https:\/\/dev-durable.agglo-larochelle.fr\/2022\/?s={search_term_string}\"},\"query-input\":\"required name=search_term_string\"}],\"inLanguage\":\"fr-FR\"}]}<\/script>\n<!-- \/ Yoast SEO plugin. -->","yoast_head_json":{"title":"Le dispositif Vague bleue accompagne la fili\u00e8re nautique dans ses actions bas-carbone - Rapport du d\u00e9veloppement durable","robots":{"index":"index","follow":"follow","max-snippet":"max-snippet:-1","max-image-preview":"max-image-preview:large","max-video-preview":"max-video-preview:-1"},"canonical":"https:\/\/dev-durable.agglo-larochelle.fr\/2022\/une-agglo-creative\/transition-economique\/lagglo-etablit-une-strategie-tiers-lieux-pour-developper-ces-lieux-daccueil\/","og_locale":"fr_FR","og_type":"article","og_title":"Le dispositif Vague bleue accompagne la fili\u00e8re nautique dans ses actions bas-carbone - Rapport du d\u00e9veloppement durable","og_description":"Les professionnels de la fili\u00e8re nautique, aux Minimes, s\u2019associent \u00e0 la d\u00e9marche Vague Bleue pour g\u00e9rer leurs d\u00e9chets sp\u00e9cifiques et \u00e0 travers cela, d\u00e9montrer leur attitude d\u2019entreprises responsables. L\u2019Agglo renouvelle son soutien \u00e0 cette d\u00e9marche. Depuis 2012, avec le dispositif \u00ab\u00a0Vague Bleue\u00a0\u00bb, l\u2019Agglom\u00e9ration et ses partenaires (CCI, port de plaisance, Atlantic Cluster) accompagnent les acteurs [&hellip;]","og_url":"https:\/\/dev-durable.agglo-larochelle.fr\/2022\/une-agglo-creative\/transition-economique\/lagglo-etablit-une-strategie-tiers-lieux-pour-developper-ces-lieux-daccueil\/","og_site_name":"Rapport du d\u00e9veloppement durable","article_modified_time":"2022-12-05T15:03:53+00:00","og_image":[{"width":650,"height":300,"url":"https:\/\/dev-durable.agglo-larochelle.fr\/2022\/wp-content\/uploads\/2022\/12\/nautisme_CA_025612.jpg","type":"image\/jpeg"}],"twitter_card":"summary_large_image","twitter_misc":{"Dur\u00e9e de lecture estim\u00e9e":"1 minute"},"schema":{"@context":"https:\/\/schema.org","@graph":[{"@type":"WebPage","@id":"https:\/\/dev-durable.agglo-larochelle.fr\/2022\/une-agglo-creative\/transition-economique\/lagglo-etablit-une-strategie-tiers-lieux-pour-developper-ces-lieux-daccueil\/","url":"https:\/\/dev-durable.agglo-larochelle.fr\/2022\/une-agglo-creative\/transition-economique\/lagglo-etablit-une-strategie-tiers-lieux-pour-developper-ces-lieux-daccueil\/","name":"Le dispositif Vague bleue accompagne la fili\u00e8re nautique dans ses actions bas-carbone - Rapport du d\u00e9veloppement durable","isPartOf":{"@id":"https:\/\/dev-durable.agglo-larochelle.fr\/2022\/#website"},"datePublished":"2021-11-25T09:27:10+00:00","dateModified":"2022-12-05T15:03:53+00:00","breadcrumb":{"@id":"https:\/\/dev-durable.agglo-larochelle.fr\/2022\/une-agglo-creative\/transition-economique\/lagglo-etablit-une-strategie-tiers-lieux-pour-developper-ces-lieux-daccueil\/#breadcrumb"},"inLanguage":"fr-FR","potentialAction":[{"@type":"ReadAction","target":["https:\/\/dev-durable.agglo-larochelle.fr\/2022\/une-agglo-creative\/transition-economique\/lagglo-etablit-une-strategie-tiers-lieux-pour-developper-ces-lieux-daccueil\/"]}]},{"@type":"BreadcrumbList","@id":"https:\/\/dev-durable.agglo-larochelle.fr\/2022\/une-agglo-creative\/transition-economique\/lagglo-etablit-une-strategie-tiers-lieux-pour-developper-ces-lieux-daccueil\/#breadcrumb","itemListElement":[{"@type":"ListItem","position":1,"name":"Accueil","item":"https:\/\/dev-durable.agglo-larochelle.fr\/2022\/"},{"@type":"ListItem","position":2,"name":"Une Agglo cr\u00e9ative","item":"https:\/\/dev-durable.agglo-larochelle.fr\/2022\/une-agglo-creative\/"},{"@type":"ListItem","position":3,"name":"Transition \u00e9conomique","item":"https:\/\/dev-durable.agglo-larochelle.fr\/2022\/une-agglo-creative\/transition-economique\/"},{"@type":"ListItem","position":4,"name":"Le dispositif Vague bleue accompagne la fili\u00e8re nautique dans ses actions bas-carbone"}]},{"@type":"WebSite","@id":"https:\/\/dev-durable.agglo-larochelle.fr\/2022\/#website","url":"https:\/\/dev-durable.agglo-larochelle.fr\/2022\/","name":"Rapport du d\u00e9veloppement durable - 2022","description":"Rapport 2022 du d\u00e9veloppement durable","alternateName":"Communaut\u00e9 d'Agglom\u00e9ration de La Rochelle","potentialAction":[{"@type":"SearchAction","target":{"@type":"EntryPoint","urlTemplate":"https:\/\/dev-durable.agglo-larochelle.fr\/2022\/?s={search_term_string}"},"query-input":"required name=search_term_string"}],"inLanguage":"fr-FR"}]}},"_links":{"self":[{"href":"https:\/\/dev-durable.agglo-larochelle.fr\/2022\/wp-json\/wp\/v2\/pages\/1925"}],"collection":[{"href":"https:\/\/dev-durable.agglo-larochelle.fr\/2022\/wp-json\/wp\/v2\/pages"}],"about":[{"href":"https:\/\/dev-durable.agglo-larochelle.fr\/2022\/wp-json\/wp\/v2\/types\/page"}],"author":[{"embeddable":true,"href":"https:\/\/dev-durable.agglo-larochelle.fr\/2022\/wp-json\/wp\/v2\/users\/1"}],"replies":[{"embeddable":true,"href":"https:\/\/dev-durable.agglo-larochelle.fr\/2022\/wp-json\/wp\/v2\/comments?post=1925"}],"version-history":[{"count":5,"href":"https:\/\/dev-durable.agglo-larochelle.fr\/2022\/wp-json\/wp\/v2\/pages\/1925\/revisions"}],"predecessor-version":[{"id":2622,"href":"https:\/\/dev-durable.agglo-larochelle.fr\/2022\/wp-json\/wp\/v2\/pages\/1925\/revisions\/2622"}],"up":[{"embeddable":true,"href":"https:\/\/dev-durable.agglo-larochelle.fr\/2022\/wp-json\/wp\/v2\/pages\/156"}],"wp:featuredmedia":[{"embeddable":true,"href":"https:\/\/dev-durable.agglo-larochelle.fr\/2022\/wp-json\/wp\/v2\/media\/2906"}],"wp:attachment":[{"href":"https:\/\/dev-durable.agglo-larochelle.fr\/2022\/wp-json\/wp\/v2\/media?parent=1925"}],"curies":[{"name":"wp","href":"https:\/\/api.w.org\/{rel}","templated":true}]}}