{"id":1966,"date":"2021-11-25T11:07:16","date_gmt":"2021-11-25T10:07:16","guid":{"rendered":"https:\/\/dev-durable.agglo-larochelle.fr\/20226.0.2\/?page_id=1966"},"modified":"2022-12-08T10:24:00","modified_gmt":"2022-12-08T09:24:00","slug":"lappel-a-projets-acteurs-de-la-transition-donne-de-lelan-aux-initiatives-citoyennes","status":"publish","type":"page","link":"https:\/\/dev-durable.agglo-larochelle.fr\/2022\/une-agglo-creative\/accompagnement-au-changement\/lappel-a-projets-acteurs-de-la-transition-donne-de-lelan-aux-initiatives-citoyennes\/","title":{"rendered":"Trois \u00ab Fresques du climat \u00bb r\u00e9alis\u00e9es par les agents et \u00e9lus de l\u2019Agglom\u00e9ration"},"content":{"rendered":"<p><strong>Les \u201cFresques du climat\u201d sont des outils p\u00e9dagogiques dont l\u2019ambition est d\u2019interroger sur les causes et cons\u00e9quences du d\u00e9r\u00e8glement climatique, de mani\u00e8re ludique et participative.<\/strong><\/p>\n<p>Les participants \u2013 \u00e9lus et agents de la collectivit\u00e9 \u2013 \u00e0 ces trois sessions de sensibilisation ont \u00e9t\u00e9 invit\u00e9s \u00e0 r\u00e9fl\u00e9chir et \u00e0 prioriser les 42 causalit\u00e9s de type \u00ab Fontes des Calottes Glaciaires \u00bb, \u00ab Canicules \u00bb ou \u00ab Acidification de l\u2019Oc\u00e9an \u00bb, telles que pr\u00e9sent\u00e9es par le Groupe d&rsquo;experts intergouvernemental sur l&rsquo;\u00e9volution du climat (GIEC). La mise en relation de ces causalit\u00e9s permet de mettre en lumi\u00e8re les points sur lesquels il est possible d\u2019agir.<\/p>\n","protected":false},"excerpt":{"rendered":"<p>Les \u201cFresques du climat\u201d sont des outils p\u00e9dagogiques dont l\u2019ambition est d\u2019interroger sur les causes et cons\u00e9quences du d\u00e9r\u00e8glement climatique, de mani\u00e8re ludique et participative. Les participants \u2013 \u00e9lus et agents de la collectivit\u00e9 \u2013 \u00e0 ces trois sessions de sensibilisation ont \u00e9t\u00e9 invit\u00e9s \u00e0 r\u00e9fl\u00e9chir et \u00e0 prioriser les 42 causalit\u00e9s de type \u00ab [&hellip;]<\/p>\n","protected":false},"author":1,"featured_media":2471,"parent":860,"menu_order":5,"comment_status":"closed","ping_status":"closed","template":"page-sous-partie.php","meta":[],"acf":[],"yoast_head":"<!-- This site is optimized with the Yoast SEO plugin v19.12 - https:\/\/yoast.com\/wordpress\/plugins\/seo\/ -->\n<title>Trois \u00ab Fresques du climat \u00bb r\u00e9alis\u00e9es par les agents et \u00e9lus de l\u2019Agglom\u00e9ration - Rapport du d\u00e9veloppement durable<\/title>\n<meta name=\"robots\" content=\"index, follow, max-snippet:-1, max-image-preview:large, max-video-preview:-1\" \/>\n<link rel=\"canonical\" href=\"https:\/\/dev-durable.agglo-larochelle.fr\/2022\/une-agglo-creative\/accompagnement-au-changement\/lappel-a-projets-acteurs-de-la-transition-donne-de-lelan-aux-initiatives-citoyennes\/\" \/>\n<meta property=\"og:locale\" content=\"fr_FR\" \/>\n<meta property=\"og:type\" content=\"article\" \/>\n<meta property=\"og:title\" content=\"Trois \u00ab Fresques du climat \u00bb r\u00e9alis\u00e9es par les agents et \u00e9lus de l\u2019Agglom\u00e9ration - Rapport du d\u00e9veloppement durable\" \/>\n<meta property=\"og:description\" content=\"Les \u201cFresques du climat\u201d sont des outils p\u00e9dagogiques dont l\u2019ambition est d\u2019interroger sur les causes et cons\u00e9quences du d\u00e9r\u00e8glement climatique, de mani\u00e8re ludique et participative. Les participants \u2013 \u00e9lus et agents de la collectivit\u00e9 \u2013 \u00e0 ces trois sessions de sensibilisation ont \u00e9t\u00e9 invit\u00e9s \u00e0 r\u00e9fl\u00e9chir et \u00e0 prioriser les 42 causalit\u00e9s de type \u00ab [&hellip;]\" \/>\n<meta property=\"og:url\" content=\"https:\/\/dev-durable.agglo-larochelle.fr\/2022\/une-agglo-creative\/accompagnement-au-changement\/lappel-a-projets-acteurs-de-la-transition-donne-de-lelan-aux-initiatives-citoyennes\/\" \/>\n<meta property=\"og:site_name\" content=\"Rapport du d\u00e9veloppement durable\" \/>\n<meta property=\"article:modified_time\" content=\"2022-12-08T09:24:00+00:00\" \/>\n<meta property=\"og:image\" content=\"https:\/\/dev-durable.agglo-larochelle.fr\/2022\/wp-content\/uploads\/2022\/09\/cda-rapport-dd-agglo-sobre-et-durable.jpg\" \/>\n\t<meta property=\"og:image:width\" content=\"1000\" \/>\n\t<meta property=\"og:image:height\" content=\"665\" \/>\n\t<meta property=\"og:image:type\" content=\"image\/jpeg\" \/>\n<meta name=\"twitter:card\" content=\"summary_large_image\" \/>\n<meta name=\"twitter:label1\" content=\"Dur\u00e9e de lecture estim\u00e9e\" \/>\n\t<meta name=\"twitter:data1\" content=\"1 minute\" \/>\n<script type=\"application\/ld+json\" class=\"yoast-schema-graph\">{\"@context\":\"https:\/\/schema.org\",\"@graph\":[{\"@type\":\"WebPage\",\"@id\":\"https:\/\/dev-durable.agglo-larochelle.fr\/2022\/une-agglo-creative\/accompagnement-au-changement\/lappel-a-projets-acteurs-de-la-transition-donne-de-lelan-aux-initiatives-citoyennes\/\",\"url\":\"https:\/\/dev-durable.agglo-larochelle.fr\/2022\/une-agglo-creative\/accompagnement-au-changement\/lappel-a-projets-acteurs-de-la-transition-donne-de-lelan-aux-initiatives-citoyennes\/\",\"name\":\"Trois \u00ab Fresques du climat \u00bb r\u00e9alis\u00e9es par les agents et \u00e9lus de l\u2019Agglom\u00e9ration - Rapport du d\u00e9veloppement durable\",\"isPartOf\":{\"@id\":\"https:\/\/dev-durable.agglo-larochelle.fr\/2022\/#website\"},\"datePublished\":\"2021-11-25T10:07:16+00:00\",\"dateModified\":\"2022-12-08T09:24:00+00:00\",\"breadcrumb\":{\"@id\":\"https:\/\/dev-durable.agglo-larochelle.fr\/2022\/une-agglo-creative\/accompagnement-au-changement\/lappel-a-projets-acteurs-de-la-transition-donne-de-lelan-aux-initiatives-citoyennes\/#breadcrumb\"},\"inLanguage\":\"fr-FR\",\"potentialAction\":[{\"@type\":\"ReadAction\",\"target\":[\"https:\/\/dev-durable.agglo-larochelle.fr\/2022\/une-agglo-creative\/accompagnement-au-changement\/lappel-a-projets-acteurs-de-la-transition-donne-de-lelan-aux-initiatives-citoyennes\/\"]}]},{\"@type\":\"BreadcrumbList\",\"@id\":\"https:\/\/dev-durable.agglo-larochelle.fr\/2022\/une-agglo-creative\/accompagnement-au-changement\/lappel-a-projets-acteurs-de-la-transition-donne-de-lelan-aux-initiatives-citoyennes\/#breadcrumb\",\"itemListElement\":[{\"@type\":\"ListItem\",\"position\":1,\"name\":\"Accueil\",\"item\":\"https:\/\/dev-durable.agglo-larochelle.fr\/2022\/\"},{\"@type\":\"ListItem\",\"position\":2,\"name\":\"Une Agglo cr\u00e9ative\",\"item\":\"https:\/\/dev-durable.agglo-larochelle.fr\/2022\/une-agglo-creative\/\"},{\"@type\":\"ListItem\",\"position\":3,\"name\":\"Accompagnement au changement\",\"item\":\"https:\/\/dev-durable.agglo-larochelle.fr\/2022\/une-agglo-creative\/accompagnement-au-changement\/\"},{\"@type\":\"ListItem\",\"position\":4,\"name\":\"Trois \u00ab Fresques du climat \u00bb r\u00e9alis\u00e9es par les agents et \u00e9lus de l\u2019Agglom\u00e9ration\"}]},{\"@type\":\"WebSite\",\"@id\":\"https:\/\/dev-durable.agglo-larochelle.fr\/2022\/#website\",\"url\":\"https:\/\/dev-durable.agglo-larochelle.fr\/2022\/\",\"name\":\"Rapport du d\u00e9veloppement durable - 2022\",\"description\":\"Rapport 2022 du d\u00e9veloppement durable\",\"alternateName\":\"Communaut\u00e9 d'Agglom\u00e9ration de La Rochelle\",\"potentialAction\":[{\"@type\":\"SearchAction\",\"target\":{\"@type\":\"EntryPoint\",\"urlTemplate\":\"https:\/\/dev-durable.agglo-larochelle.fr\/2022\/?s={search_term_string}\"},\"query-input\":\"required name=search_term_string\"}],\"inLanguage\":\"fr-FR\"}]}<\/script>\n<!-- \/ Yoast SEO plugin. -->","yoast_head_json":{"title":"Trois \u00ab Fresques du climat \u00bb r\u00e9alis\u00e9es par les agents et \u00e9lus de l\u2019Agglom\u00e9ration - Rapport du d\u00e9veloppement durable","robots":{"index":"index","follow":"follow","max-snippet":"max-snippet:-1","max-image-preview":"max-image-preview:large","max-video-preview":"max-video-preview:-1"},"canonical":"https:\/\/dev-durable.agglo-larochelle.fr\/2022\/une-agglo-creative\/accompagnement-au-changement\/lappel-a-projets-acteurs-de-la-transition-donne-de-lelan-aux-initiatives-citoyennes\/","og_locale":"fr_FR","og_type":"article","og_title":"Trois \u00ab Fresques du climat \u00bb r\u00e9alis\u00e9es par les agents et \u00e9lus de l\u2019Agglom\u00e9ration - Rapport du d\u00e9veloppement durable","og_description":"Les \u201cFresques du climat\u201d sont des outils p\u00e9dagogiques dont l\u2019ambition est d\u2019interroger sur les causes et cons\u00e9quences du d\u00e9r\u00e8glement climatique, de mani\u00e8re ludique et participative. Les participants \u2013 \u00e9lus et agents de la collectivit\u00e9 \u2013 \u00e0 ces trois sessions de sensibilisation ont \u00e9t\u00e9 invit\u00e9s \u00e0 r\u00e9fl\u00e9chir et \u00e0 prioriser les 42 causalit\u00e9s de type \u00ab [&hellip;]","og_url":"https:\/\/dev-durable.agglo-larochelle.fr\/2022\/une-agglo-creative\/accompagnement-au-changement\/lappel-a-projets-acteurs-de-la-transition-donne-de-lelan-aux-initiatives-citoyennes\/","og_site_name":"Rapport du d\u00e9veloppement durable","article_modified_time":"2022-12-08T09:24:00+00:00","og_image":[{"width":1000,"height":665,"url":"https:\/\/dev-durable.agglo-larochelle.fr\/2022\/wp-content\/uploads\/2022\/09\/cda-rapport-dd-agglo-sobre-et-durable.jpg","type":"image\/jpeg"}],"twitter_card":"summary_large_image","twitter_misc":{"Dur\u00e9e de lecture estim\u00e9e":"1 minute"},"schema":{"@context":"https:\/\/schema.org","@graph":[{"@type":"WebPage","@id":"https:\/\/dev-durable.agglo-larochelle.fr\/2022\/une-agglo-creative\/accompagnement-au-changement\/lappel-a-projets-acteurs-de-la-transition-donne-de-lelan-aux-initiatives-citoyennes\/","url":"https:\/\/dev-durable.agglo-larochelle.fr\/2022\/une-agglo-creative\/accompagnement-au-changement\/lappel-a-projets-acteurs-de-la-transition-donne-de-lelan-aux-initiatives-citoyennes\/","name":"Trois \u00ab Fresques du climat \u00bb r\u00e9alis\u00e9es par les agents et \u00e9lus de l\u2019Agglom\u00e9ration - Rapport du d\u00e9veloppement durable","isPartOf":{"@id":"https:\/\/dev-durable.agglo-larochelle.fr\/2022\/#website"},"datePublished":"2021-11-25T10:07:16+00:00","dateModified":"2022-12-08T09:24:00+00:00","breadcrumb":{"@id":"https:\/\/dev-durable.agglo-larochelle.fr\/2022\/une-agglo-creative\/accompagnement-au-changement\/lappel-a-projets-acteurs-de-la-transition-donne-de-lelan-aux-initiatives-citoyennes\/#breadcrumb"},"inLanguage":"fr-FR","potentialAction":[{"@type":"ReadAction","target":["https:\/\/dev-durable.agglo-larochelle.fr\/2022\/une-agglo-creative\/accompagnement-au-changement\/lappel-a-projets-acteurs-de-la-transition-donne-de-lelan-aux-initiatives-citoyennes\/"]}]},{"@type":"BreadcrumbList","@id":"https:\/\/dev-durable.agglo-larochelle.fr\/2022\/une-agglo-creative\/accompagnement-au-changement\/lappel-a-projets-acteurs-de-la-transition-donne-de-lelan-aux-initiatives-citoyennes\/#breadcrumb","itemListElement":[{"@type":"ListItem","position":1,"name":"Accueil","item":"https:\/\/dev-durable.agglo-larochelle.fr\/2022\/"},{"@type":"ListItem","position":2,"name":"Une Agglo cr\u00e9ative","item":"https:\/\/dev-durable.agglo-larochelle.fr\/2022\/une-agglo-creative\/"},{"@type":"ListItem","position":3,"name":"Accompagnement au changement","item":"https:\/\/dev-durable.agglo-larochelle.fr\/2022\/une-agglo-creative\/accompagnement-au-changement\/"},{"@type":"ListItem","position":4,"name":"Trois \u00ab Fresques du climat \u00bb r\u00e9alis\u00e9es par les agents et \u00e9lus de l\u2019Agglom\u00e9ration"}]},{"@type":"WebSite","@id":"https:\/\/dev-durable.agglo-larochelle.fr\/2022\/#website","url":"https:\/\/dev-durable.agglo-larochelle.fr\/2022\/","name":"Rapport du d\u00e9veloppement durable - 2022","description":"Rapport 2022 du d\u00e9veloppement durable","alternateName":"Communaut\u00e9 d'Agglom\u00e9ration de La Rochelle","potentialAction":[{"@type":"SearchAction","target":{"@type":"EntryPoint","urlTemplate":"https:\/\/dev-durable.agglo-larochelle.fr\/2022\/?s={search_term_string}"},"query-input":"required name=search_term_string"}],"inLanguage":"fr-FR"}]}},"_links":{"self":[{"href":"https:\/\/dev-durable.agglo-larochelle.fr\/2022\/wp-json\/wp\/v2\/pages\/1966"}],"collection":[{"href":"https:\/\/dev-durable.agglo-larochelle.fr\/2022\/wp-json\/wp\/v2\/pages"}],"about":[{"href":"https:\/\/dev-durable.agglo-larochelle.fr\/2022\/wp-json\/wp\/v2\/types\/page"}],"author":[{"embeddable":true,"href":"https:\/\/dev-durable.agglo-larochelle.fr\/2022\/wp-json\/wp\/v2\/users\/1"}],"replies":[{"embeddable":true,"href":"https:\/\/dev-durable.agglo-larochelle.fr\/2022\/wp-json\/wp\/v2\/comments?post=1966"}],"version-history":[{"count":7,"href":"https:\/\/dev-durable.agglo-larochelle.fr\/2022\/wp-json\/wp\/v2\/pages\/1966\/revisions"}],"predecessor-version":[{"id":2667,"href":"https:\/\/dev-durable.agglo-larochelle.fr\/2022\/wp-json\/wp\/v2\/pages\/1966\/revisions\/2667"}],"up":[{"embeddable":true,"href":"https:\/\/dev-durable.agglo-larochelle.fr\/2022\/wp-json\/wp\/v2\/pages\/860"}],"wp:featuredmedia":[{"embeddable":true,"href":"https:\/\/dev-durable.agglo-larochelle.fr\/2022\/wp-json\/wp\/v2\/media\/2471"}],"wp:attachment":[{"href":"https:\/\/dev-durable.agglo-larochelle.fr\/2022\/wp-json\/wp\/v2\/media?parent=1966"}],"curies":[{"name":"wp","href":"https:\/\/api.w.org\/{rel}","templated":true}]}}