{"id":2056,"date":"2021-11-25T14:12:06","date_gmt":"2021-11-25T13:12:06","guid":{"rendered":"https:\/\/dev-durable.agglo-larochelle.fr\/20226.0.2\/?page_id=2056"},"modified":"2022-12-08T12:30:14","modified_gmt":"2022-12-08T11:30:14","slug":"realisation-dun-guide-paysager-relatif-a-limplantation-des-projets-eoliens-sur-le-territoire-communautaire","status":"publish","type":"page","link":"https:\/\/dev-durable.agglo-larochelle.fr\/2022\/une-agglo-sobre-et-durable\/amenagement\/realisation-dun-guide-paysager-relatif-a-limplantation-des-projets-eoliens-sur-le-territoire-communautaire\/","title":{"rendered":"D\u00e9ploiement d\u2019un plan d\u2019actions anti-s\u00e9cheresse pour faire face au r\u00e9chauffement climatique"},"content":{"rendered":"<p><strong>L\u2019Agglom\u00e9ration poursuit son action afin de s\u2019adapter aux al\u00e9as climatiques, notamment la s\u00e9cheresse, et de proposer des solutions concr\u00e8tes.<\/strong><\/p>\n<p>La pluviom\u00e9trie d\u00e9ficitaire et les \u00e9pisodes caniculaires de 2022 impactent fortement la situation hydrologique du territoire. La gestion de la ressource en eau implique la mise en \u0153uvre rapide d\u2019un plan d\u2019actions \u00e0 court et moyen terme : tarification incitative favorisant les \u00e9conomies d\u2019eau, actions de sensibilisation, projet de territoire pour la gestion de l\u2019eau en compl\u00e9ment du programme Re-sources, renforcement de la politique de d\u00e9simperm\u00e9abilisation des zones urbanis\u00e9es, lutte contre les \u00eelots de chaleur urbains, r\u00e9utilisation des eaux us\u00e9es trait\u00e9es pour am\u00e9liorer la situation hydrique du territoire, s\u00e9curisation de la production pour prot\u00e9ger la qualit\u00e9 de l\u2019eau, etc. Ces actions en compl\u00e8tent d\u2019autres d\u00e9j\u00e0 mises en \u0153uvre : maintien en bon \u00e9tat des r\u00e9seaux, suivi en temps r\u00e9el les consommations, production de plantes plus sobres, techniques paysag\u00e8res plus adapt\u00e9es, etc.<\/p>\n","protected":false},"excerpt":{"rendered":"<p>L\u2019Agglom\u00e9ration poursuit son action afin de s\u2019adapter aux al\u00e9as climatiques, notamment la s\u00e9cheresse, et de proposer des solutions concr\u00e8tes. La pluviom\u00e9trie d\u00e9ficitaire et les \u00e9pisodes caniculaires de 2022 impactent fortement la situation hydrologique du territoire. La gestion de la ressource en eau implique la mise en \u0153uvre rapide d\u2019un plan d\u2019actions \u00e0 court et moyen [&hellip;]<\/p>\n","protected":false},"author":1,"featured_media":2353,"parent":1516,"menu_order":3,"comment_status":"closed","ping_status":"closed","template":"page-sous-partie.php","meta":[],"acf":[],"yoast_head":"<!-- This site is optimized with the Yoast SEO plugin v19.12 - https:\/\/yoast.com\/wordpress\/plugins\/seo\/ -->\n<title>D\u00e9ploiement d\u2019un plan d\u2019actions anti-s\u00e9cheresse pour faire face au r\u00e9chauffement climatique - Rapport du d\u00e9veloppement durable<\/title>\n<meta name=\"robots\" content=\"index, follow, max-snippet:-1, max-image-preview:large, max-video-preview:-1\" \/>\n<link rel=\"canonical\" href=\"https:\/\/dev-durable.agglo-larochelle.fr\/2022\/une-agglo-sobre-et-durable\/amenagement\/realisation-dun-guide-paysager-relatif-a-limplantation-des-projets-eoliens-sur-le-territoire-communautaire\/\" \/>\n<meta property=\"og:locale\" content=\"fr_FR\" \/>\n<meta property=\"og:type\" content=\"article\" \/>\n<meta property=\"og:title\" content=\"D\u00e9ploiement d\u2019un plan d\u2019actions anti-s\u00e9cheresse pour faire face au r\u00e9chauffement climatique - Rapport du d\u00e9veloppement durable\" \/>\n<meta property=\"og:description\" content=\"L\u2019Agglom\u00e9ration poursuit son action afin de s\u2019adapter aux al\u00e9as climatiques, notamment la s\u00e9cheresse, et de proposer des solutions concr\u00e8tes. La pluviom\u00e9trie d\u00e9ficitaire et les \u00e9pisodes caniculaires de 2022 impactent fortement la situation hydrologique du territoire. La gestion de la ressource en eau implique la mise en \u0153uvre rapide d\u2019un plan d\u2019actions \u00e0 court et moyen [&hellip;]\" \/>\n<meta property=\"og:url\" content=\"https:\/\/dev-durable.agglo-larochelle.fr\/2022\/une-agglo-sobre-et-durable\/amenagement\/realisation-dun-guide-paysager-relatif-a-limplantation-des-projets-eoliens-sur-le-territoire-communautaire\/\" \/>\n<meta property=\"og:site_name\" content=\"Rapport du d\u00e9veloppement durable\" \/>\n<meta property=\"article:modified_time\" content=\"2022-12-08T11:30:14+00:00\" \/>\n<meta property=\"og:image\" content=\"https:\/\/dev-durable.agglo-larochelle.fr\/2022\/wp-content\/uploads\/2021\/12\/CTMA-CA_027879_MaraisPampin.jpg\" \/>\n\t<meta property=\"og:image:width\" content=\"800\" \/>\n\t<meta property=\"og:image:height\" content=\"532\" \/>\n\t<meta property=\"og:image:type\" content=\"image\/jpeg\" \/>\n<meta name=\"twitter:card\" content=\"summary_large_image\" \/>\n<meta name=\"twitter:label1\" content=\"Dur\u00e9e de lecture estim\u00e9e\" \/>\n\t<meta name=\"twitter:data1\" content=\"1 minute\" \/>\n<script type=\"application\/ld+json\" class=\"yoast-schema-graph\">{\"@context\":\"https:\/\/schema.org\",\"@graph\":[{\"@type\":\"WebPage\",\"@id\":\"https:\/\/dev-durable.agglo-larochelle.fr\/2022\/une-agglo-sobre-et-durable\/amenagement\/realisation-dun-guide-paysager-relatif-a-limplantation-des-projets-eoliens-sur-le-territoire-communautaire\/\",\"url\":\"https:\/\/dev-durable.agglo-larochelle.fr\/2022\/une-agglo-sobre-et-durable\/amenagement\/realisation-dun-guide-paysager-relatif-a-limplantation-des-projets-eoliens-sur-le-territoire-communautaire\/\",\"name\":\"D\u00e9ploiement d\u2019un plan d\u2019actions anti-s\u00e9cheresse pour faire face au r\u00e9chauffement climatique - Rapport du d\u00e9veloppement durable\",\"isPartOf\":{\"@id\":\"https:\/\/dev-durable.agglo-larochelle.fr\/2022\/#website\"},\"datePublished\":\"2021-11-25T13:12:06+00:00\",\"dateModified\":\"2022-12-08T11:30:14+00:00\",\"breadcrumb\":{\"@id\":\"https:\/\/dev-durable.agglo-larochelle.fr\/2022\/une-agglo-sobre-et-durable\/amenagement\/realisation-dun-guide-paysager-relatif-a-limplantation-des-projets-eoliens-sur-le-territoire-communautaire\/#breadcrumb\"},\"inLanguage\":\"fr-FR\",\"potentialAction\":[{\"@type\":\"ReadAction\",\"target\":[\"https:\/\/dev-durable.agglo-larochelle.fr\/2022\/une-agglo-sobre-et-durable\/amenagement\/realisation-dun-guide-paysager-relatif-a-limplantation-des-projets-eoliens-sur-le-territoire-communautaire\/\"]}]},{\"@type\":\"BreadcrumbList\",\"@id\":\"https:\/\/dev-durable.agglo-larochelle.fr\/2022\/une-agglo-sobre-et-durable\/amenagement\/realisation-dun-guide-paysager-relatif-a-limplantation-des-projets-eoliens-sur-le-territoire-communautaire\/#breadcrumb\",\"itemListElement\":[{\"@type\":\"ListItem\",\"position\":1,\"name\":\"Accueil\",\"item\":\"https:\/\/dev-durable.agglo-larochelle.fr\/2022\/\"},{\"@type\":\"ListItem\",\"position\":2,\"name\":\"Une Agglo sobre et durable\",\"item\":\"https:\/\/dev-durable.agglo-larochelle.fr\/2022\/une-agglo-sobre-et-durable\/\"},{\"@type\":\"ListItem\",\"position\":3,\"name\":\"Am\u00e9nagement\",\"item\":\"https:\/\/dev-durable.agglo-larochelle.fr\/2022\/une-agglo-sobre-et-durable\/amenagement\/\"},{\"@type\":\"ListItem\",\"position\":4,\"name\":\"D\u00e9ploiement d\u2019un plan d\u2019actions anti-s\u00e9cheresse pour faire face au r\u00e9chauffement climatique\"}]},{\"@type\":\"WebSite\",\"@id\":\"https:\/\/dev-durable.agglo-larochelle.fr\/2022\/#website\",\"url\":\"https:\/\/dev-durable.agglo-larochelle.fr\/2022\/\",\"name\":\"Rapport du d\u00e9veloppement durable - 2022\",\"description\":\"Rapport 2022 du d\u00e9veloppement durable\",\"alternateName\":\"Communaut\u00e9 d'Agglom\u00e9ration de La Rochelle\",\"potentialAction\":[{\"@type\":\"SearchAction\",\"target\":{\"@type\":\"EntryPoint\",\"urlTemplate\":\"https:\/\/dev-durable.agglo-larochelle.fr\/2022\/?s={search_term_string}\"},\"query-input\":\"required name=search_term_string\"}],\"inLanguage\":\"fr-FR\"}]}<\/script>\n<!-- \/ Yoast SEO plugin. -->","yoast_head_json":{"title":"D\u00e9ploiement d\u2019un plan d\u2019actions anti-s\u00e9cheresse pour faire face au r\u00e9chauffement climatique - Rapport du d\u00e9veloppement durable","robots":{"index":"index","follow":"follow","max-snippet":"max-snippet:-1","max-image-preview":"max-image-preview:large","max-video-preview":"max-video-preview:-1"},"canonical":"https:\/\/dev-durable.agglo-larochelle.fr\/2022\/une-agglo-sobre-et-durable\/amenagement\/realisation-dun-guide-paysager-relatif-a-limplantation-des-projets-eoliens-sur-le-territoire-communautaire\/","og_locale":"fr_FR","og_type":"article","og_title":"D\u00e9ploiement d\u2019un plan d\u2019actions anti-s\u00e9cheresse pour faire face au r\u00e9chauffement climatique - Rapport du d\u00e9veloppement durable","og_description":"L\u2019Agglom\u00e9ration poursuit son action afin de s\u2019adapter aux al\u00e9as climatiques, notamment la s\u00e9cheresse, et de proposer des solutions concr\u00e8tes. La pluviom\u00e9trie d\u00e9ficitaire et les \u00e9pisodes caniculaires de 2022 impactent fortement la situation hydrologique du territoire. La gestion de la ressource en eau implique la mise en \u0153uvre rapide d\u2019un plan d\u2019actions \u00e0 court et moyen [&hellip;]","og_url":"https:\/\/dev-durable.agglo-larochelle.fr\/2022\/une-agglo-sobre-et-durable\/amenagement\/realisation-dun-guide-paysager-relatif-a-limplantation-des-projets-eoliens-sur-le-territoire-communautaire\/","og_site_name":"Rapport du d\u00e9veloppement durable","article_modified_time":"2022-12-08T11:30:14+00:00","og_image":[{"width":800,"height":532,"url":"https:\/\/dev-durable.agglo-larochelle.fr\/2022\/wp-content\/uploads\/2021\/12\/CTMA-CA_027879_MaraisPampin.jpg","type":"image\/jpeg"}],"twitter_card":"summary_large_image","twitter_misc":{"Dur\u00e9e de lecture estim\u00e9e":"1 minute"},"schema":{"@context":"https:\/\/schema.org","@graph":[{"@type":"WebPage","@id":"https:\/\/dev-durable.agglo-larochelle.fr\/2022\/une-agglo-sobre-et-durable\/amenagement\/realisation-dun-guide-paysager-relatif-a-limplantation-des-projets-eoliens-sur-le-territoire-communautaire\/","url":"https:\/\/dev-durable.agglo-larochelle.fr\/2022\/une-agglo-sobre-et-durable\/amenagement\/realisation-dun-guide-paysager-relatif-a-limplantation-des-projets-eoliens-sur-le-territoire-communautaire\/","name":"D\u00e9ploiement d\u2019un plan d\u2019actions anti-s\u00e9cheresse pour faire face au r\u00e9chauffement climatique - Rapport du d\u00e9veloppement durable","isPartOf":{"@id":"https:\/\/dev-durable.agglo-larochelle.fr\/2022\/#website"},"datePublished":"2021-11-25T13:12:06+00:00","dateModified":"2022-12-08T11:30:14+00:00","breadcrumb":{"@id":"https:\/\/dev-durable.agglo-larochelle.fr\/2022\/une-agglo-sobre-et-durable\/amenagement\/realisation-dun-guide-paysager-relatif-a-limplantation-des-projets-eoliens-sur-le-territoire-communautaire\/#breadcrumb"},"inLanguage":"fr-FR","potentialAction":[{"@type":"ReadAction","target":["https:\/\/dev-durable.agglo-larochelle.fr\/2022\/une-agglo-sobre-et-durable\/amenagement\/realisation-dun-guide-paysager-relatif-a-limplantation-des-projets-eoliens-sur-le-territoire-communautaire\/"]}]},{"@type":"BreadcrumbList","@id":"https:\/\/dev-durable.agglo-larochelle.fr\/2022\/une-agglo-sobre-et-durable\/amenagement\/realisation-dun-guide-paysager-relatif-a-limplantation-des-projets-eoliens-sur-le-territoire-communautaire\/#breadcrumb","itemListElement":[{"@type":"ListItem","position":1,"name":"Accueil","item":"https:\/\/dev-durable.agglo-larochelle.fr\/2022\/"},{"@type":"ListItem","position":2,"name":"Une Agglo sobre et durable","item":"https:\/\/dev-durable.agglo-larochelle.fr\/2022\/une-agglo-sobre-et-durable\/"},{"@type":"ListItem","position":3,"name":"Am\u00e9nagement","item":"https:\/\/dev-durable.agglo-larochelle.fr\/2022\/une-agglo-sobre-et-durable\/amenagement\/"},{"@type":"ListItem","position":4,"name":"D\u00e9ploiement d\u2019un plan d\u2019actions anti-s\u00e9cheresse pour faire face au r\u00e9chauffement climatique"}]},{"@type":"WebSite","@id":"https:\/\/dev-durable.agglo-larochelle.fr\/2022\/#website","url":"https:\/\/dev-durable.agglo-larochelle.fr\/2022\/","name":"Rapport du d\u00e9veloppement durable - 2022","description":"Rapport 2022 du d\u00e9veloppement durable","alternateName":"Communaut\u00e9 d'Agglom\u00e9ration de La Rochelle","potentialAction":[{"@type":"SearchAction","target":{"@type":"EntryPoint","urlTemplate":"https:\/\/dev-durable.agglo-larochelle.fr\/2022\/?s={search_term_string}"},"query-input":"required name=search_term_string"}],"inLanguage":"fr-FR"}]}},"_links":{"self":[{"href":"https:\/\/dev-durable.agglo-larochelle.fr\/2022\/wp-json\/wp\/v2\/pages\/2056"}],"collection":[{"href":"https:\/\/dev-durable.agglo-larochelle.fr\/2022\/wp-json\/wp\/v2\/pages"}],"about":[{"href":"https:\/\/dev-durable.agglo-larochelle.fr\/2022\/wp-json\/wp\/v2\/types\/page"}],"author":[{"embeddable":true,"href":"https:\/\/dev-durable.agglo-larochelle.fr\/2022\/wp-json\/wp\/v2\/users\/1"}],"replies":[{"embeddable":true,"href":"https:\/\/dev-durable.agglo-larochelle.fr\/2022\/wp-json\/wp\/v2\/comments?post=2056"}],"version-history":[{"count":7,"href":"https:\/\/dev-durable.agglo-larochelle.fr\/2022\/wp-json\/wp\/v2\/pages\/2056\/revisions"}],"predecessor-version":[{"id":2713,"href":"https:\/\/dev-durable.agglo-larochelle.fr\/2022\/wp-json\/wp\/v2\/pages\/2056\/revisions\/2713"}],"up":[{"embeddable":true,"href":"https:\/\/dev-durable.agglo-larochelle.fr\/2022\/wp-json\/wp\/v2\/pages\/1516"}],"wp:featuredmedia":[{"embeddable":true,"href":"https:\/\/dev-durable.agglo-larochelle.fr\/2022\/wp-json\/wp\/v2\/media\/2353"}],"wp:attachment":[{"href":"https:\/\/dev-durable.agglo-larochelle.fr\/2022\/wp-json\/wp\/v2\/media?parent=2056"}],"curies":[{"name":"wp","href":"https:\/\/api.w.org\/{rel}","templated":true}]}}