{"id":2074,"date":"2021-11-25T14:32:36","date_gmt":"2021-11-25T13:32:36","guid":{"rendered":"https:\/\/dev-durable.agglo-larochelle.fr\/20226.0.2\/?page_id=2074"},"modified":"2022-12-08T12:46:32","modified_gmt":"2022-12-08T11:46:32","slug":"le-3eme-programme-re-sources-entre-dans-une-nouvelle-phase-dactions","status":"publish","type":"page","link":"https:\/\/dev-durable.agglo-larochelle.fr\/2022\/une-agglo-sobre-et-durable\/proteger-les-ressources\/le-3eme-programme-re-sources-entre-dans-une-nouvelle-phase-dactions\/","title":{"rendered":"L\u2019impact des grands projets sur la biodiversit\u00e9 fait l\u2019objet de mesures compensatoires"},"content":{"rendered":"<p><strong>Les grands projets d\u2019am\u00e9nagement sur le territoire communautaire compensent leur emprise sur des habitats d\u2019esp\u00e8ces prot\u00e9g\u00e9es.<\/strong><\/p>\n<p>Lorsqu\u2019une esp\u00e8ce animale ou v\u00e9g\u00e9tale est d\u00e9couverte ou observ\u00e9e sur le site d\u2019un chantier communautaire, la collectivit\u00e9 lib\u00e8re une surface de compensation pour s\u2019assurer du maintien de l\u2019esp\u00e8ce et lutter ainsi contre l\u2019\u00e9rosion de la biodiversit\u00e9. Sur le territoire, ces mesures de compensation ont principalement concern\u00e9 les projets concernant le chantier de la nouvelle avenue Simone Veil aux Cottes Mailles, l\u2019\u00e9coquartier de Bongraine, le Programme d\u2019actions de pr\u00e9vention des inondations de Port-Neuf, ou encore la Zone d\u2019activit\u00e9s de l\u2019Aubrecay\u2026<\/p>\n","protected":false},"excerpt":{"rendered":"<p>Les grands projets d\u2019am\u00e9nagement sur le territoire communautaire compensent leur emprise sur des habitats d\u2019esp\u00e8ces prot\u00e9g\u00e9es. Lorsqu\u2019une esp\u00e8ce animale ou v\u00e9g\u00e9tale est d\u00e9couverte ou observ\u00e9e sur le site d\u2019un chantier communautaire, la collectivit\u00e9 lib\u00e8re une surface de compensation pour s\u2019assurer du maintien de l\u2019esp\u00e8ce et lutter ainsi contre l\u2019\u00e9rosion de la biodiversit\u00e9. Sur le territoire, [&hellip;]<\/p>\n","protected":false},"author":1,"featured_media":2361,"parent":2072,"menu_order":1,"comment_status":"closed","ping_status":"closed","template":"page-sous-partie.php","meta":[],"acf":[],"yoast_head":"<!-- This site is optimized with the Yoast SEO plugin v19.12 - https:\/\/yoast.com\/wordpress\/plugins\/seo\/ -->\n<title>L\u2019impact des grands projets sur la biodiversit\u00e9 fait l\u2019objet de mesures compensatoires - Rapport du d\u00e9veloppement durable<\/title>\n<meta name=\"robots\" content=\"index, follow, max-snippet:-1, max-image-preview:large, max-video-preview:-1\" \/>\n<link rel=\"canonical\" href=\"https:\/\/dev-durable.agglo-larochelle.fr\/2022\/une-agglo-sobre-et-durable\/proteger-les-ressources\/le-3eme-programme-re-sources-entre-dans-une-nouvelle-phase-dactions\/\" \/>\n<meta property=\"og:locale\" content=\"fr_FR\" \/>\n<meta property=\"og:type\" content=\"article\" \/>\n<meta property=\"og:title\" content=\"L\u2019impact des grands projets sur la biodiversit\u00e9 fait l\u2019objet de mesures compensatoires - Rapport du d\u00e9veloppement durable\" \/>\n<meta property=\"og:description\" content=\"Les grands projets d\u2019am\u00e9nagement sur le territoire communautaire compensent leur emprise sur des habitats d\u2019esp\u00e8ces prot\u00e9g\u00e9es. Lorsqu\u2019une esp\u00e8ce animale ou v\u00e9g\u00e9tale est d\u00e9couverte ou observ\u00e9e sur le site d\u2019un chantier communautaire, la collectivit\u00e9 lib\u00e8re une surface de compensation pour s\u2019assurer du maintien de l\u2019esp\u00e8ce et lutter ainsi contre l\u2019\u00e9rosion de la biodiversit\u00e9. Sur le territoire, [&hellip;]\" \/>\n<meta property=\"og:url\" content=\"https:\/\/dev-durable.agglo-larochelle.fr\/2022\/une-agglo-sobre-et-durable\/proteger-les-ressources\/le-3eme-programme-re-sources-entre-dans-une-nouvelle-phase-dactions\/\" \/>\n<meta property=\"og:site_name\" content=\"Rapport du d\u00e9veloppement durable\" \/>\n<meta property=\"article:modified_time\" content=\"2022-12-08T11:46:32+00:00\" \/>\n<meta property=\"og:image\" content=\"https:\/\/dev-durable.agglo-larochelle.fr\/2022\/wp-content\/uploads\/2021\/12\/CA_029279_maraisTasdon.jpg\" \/>\n\t<meta property=\"og:image:width\" content=\"1200\" \/>\n\t<meta property=\"og:image:height\" content=\"798\" \/>\n\t<meta property=\"og:image:type\" content=\"image\/jpeg\" \/>\n<meta name=\"twitter:card\" content=\"summary_large_image\" \/>\n<meta name=\"twitter:label1\" content=\"Dur\u00e9e de lecture estim\u00e9e\" \/>\n\t<meta name=\"twitter:data1\" content=\"1 minute\" \/>\n<script type=\"application\/ld+json\" class=\"yoast-schema-graph\">{\"@context\":\"https:\/\/schema.org\",\"@graph\":[{\"@type\":\"WebPage\",\"@id\":\"https:\/\/dev-durable.agglo-larochelle.fr\/2022\/une-agglo-sobre-et-durable\/proteger-les-ressources\/le-3eme-programme-re-sources-entre-dans-une-nouvelle-phase-dactions\/\",\"url\":\"https:\/\/dev-durable.agglo-larochelle.fr\/2022\/une-agglo-sobre-et-durable\/proteger-les-ressources\/le-3eme-programme-re-sources-entre-dans-une-nouvelle-phase-dactions\/\",\"name\":\"L\u2019impact des grands projets sur la biodiversit\u00e9 fait l\u2019objet de mesures compensatoires - Rapport du d\u00e9veloppement durable\",\"isPartOf\":{\"@id\":\"https:\/\/dev-durable.agglo-larochelle.fr\/2022\/#website\"},\"datePublished\":\"2021-11-25T13:32:36+00:00\",\"dateModified\":\"2022-12-08T11:46:32+00:00\",\"breadcrumb\":{\"@id\":\"https:\/\/dev-durable.agglo-larochelle.fr\/2022\/une-agglo-sobre-et-durable\/proteger-les-ressources\/le-3eme-programme-re-sources-entre-dans-une-nouvelle-phase-dactions\/#breadcrumb\"},\"inLanguage\":\"fr-FR\",\"potentialAction\":[{\"@type\":\"ReadAction\",\"target\":[\"https:\/\/dev-durable.agglo-larochelle.fr\/2022\/une-agglo-sobre-et-durable\/proteger-les-ressources\/le-3eme-programme-re-sources-entre-dans-une-nouvelle-phase-dactions\/\"]}]},{\"@type\":\"BreadcrumbList\",\"@id\":\"https:\/\/dev-durable.agglo-larochelle.fr\/2022\/une-agglo-sobre-et-durable\/proteger-les-ressources\/le-3eme-programme-re-sources-entre-dans-une-nouvelle-phase-dactions\/#breadcrumb\",\"itemListElement\":[{\"@type\":\"ListItem\",\"position\":1,\"name\":\"Accueil\",\"item\":\"https:\/\/dev-durable.agglo-larochelle.fr\/2022\/\"},{\"@type\":\"ListItem\",\"position\":2,\"name\":\"Une Agglo sobre et durable\",\"item\":\"https:\/\/dev-durable.agglo-larochelle.fr\/2022\/une-agglo-sobre-et-durable\/\"},{\"@type\":\"ListItem\",\"position\":3,\"name\":\"Prot\u00e9ger les ressources\",\"item\":\"https:\/\/dev-durable.agglo-larochelle.fr\/2022\/une-agglo-sobre-et-durable\/proteger-les-ressources\/\"},{\"@type\":\"ListItem\",\"position\":4,\"name\":\"L\u2019impact des grands projets sur la biodiversit\u00e9 fait l\u2019objet de mesures compensatoires\"}]},{\"@type\":\"WebSite\",\"@id\":\"https:\/\/dev-durable.agglo-larochelle.fr\/2022\/#website\",\"url\":\"https:\/\/dev-durable.agglo-larochelle.fr\/2022\/\",\"name\":\"Rapport du d\u00e9veloppement durable - 2022\",\"description\":\"Rapport 2022 du d\u00e9veloppement durable\",\"alternateName\":\"Communaut\u00e9 d'Agglom\u00e9ration de La Rochelle\",\"potentialAction\":[{\"@type\":\"SearchAction\",\"target\":{\"@type\":\"EntryPoint\",\"urlTemplate\":\"https:\/\/dev-durable.agglo-larochelle.fr\/2022\/?s={search_term_string}\"},\"query-input\":\"required name=search_term_string\"}],\"inLanguage\":\"fr-FR\"}]}<\/script>\n<!-- \/ Yoast SEO plugin. -->","yoast_head_json":{"title":"L\u2019impact des grands projets sur la biodiversit\u00e9 fait l\u2019objet de mesures compensatoires - Rapport du d\u00e9veloppement durable","robots":{"index":"index","follow":"follow","max-snippet":"max-snippet:-1","max-image-preview":"max-image-preview:large","max-video-preview":"max-video-preview:-1"},"canonical":"https:\/\/dev-durable.agglo-larochelle.fr\/2022\/une-agglo-sobre-et-durable\/proteger-les-ressources\/le-3eme-programme-re-sources-entre-dans-une-nouvelle-phase-dactions\/","og_locale":"fr_FR","og_type":"article","og_title":"L\u2019impact des grands projets sur la biodiversit\u00e9 fait l\u2019objet de mesures compensatoires - Rapport du d\u00e9veloppement durable","og_description":"Les grands projets d\u2019am\u00e9nagement sur le territoire communautaire compensent leur emprise sur des habitats d\u2019esp\u00e8ces prot\u00e9g\u00e9es. Lorsqu\u2019une esp\u00e8ce animale ou v\u00e9g\u00e9tale est d\u00e9couverte ou observ\u00e9e sur le site d\u2019un chantier communautaire, la collectivit\u00e9 lib\u00e8re une surface de compensation pour s\u2019assurer du maintien de l\u2019esp\u00e8ce et lutter ainsi contre l\u2019\u00e9rosion de la biodiversit\u00e9. Sur le territoire, [&hellip;]","og_url":"https:\/\/dev-durable.agglo-larochelle.fr\/2022\/une-agglo-sobre-et-durable\/proteger-les-ressources\/le-3eme-programme-re-sources-entre-dans-une-nouvelle-phase-dactions\/","og_site_name":"Rapport du d\u00e9veloppement durable","article_modified_time":"2022-12-08T11:46:32+00:00","og_image":[{"width":1200,"height":798,"url":"https:\/\/dev-durable.agglo-larochelle.fr\/2022\/wp-content\/uploads\/2021\/12\/CA_029279_maraisTasdon.jpg","type":"image\/jpeg"}],"twitter_card":"summary_large_image","twitter_misc":{"Dur\u00e9e de lecture estim\u00e9e":"1 minute"},"schema":{"@context":"https:\/\/schema.org","@graph":[{"@type":"WebPage","@id":"https:\/\/dev-durable.agglo-larochelle.fr\/2022\/une-agglo-sobre-et-durable\/proteger-les-ressources\/le-3eme-programme-re-sources-entre-dans-une-nouvelle-phase-dactions\/","url":"https:\/\/dev-durable.agglo-larochelle.fr\/2022\/une-agglo-sobre-et-durable\/proteger-les-ressources\/le-3eme-programme-re-sources-entre-dans-une-nouvelle-phase-dactions\/","name":"L\u2019impact des grands projets sur la biodiversit\u00e9 fait l\u2019objet de mesures compensatoires - Rapport du d\u00e9veloppement durable","isPartOf":{"@id":"https:\/\/dev-durable.agglo-larochelle.fr\/2022\/#website"},"datePublished":"2021-11-25T13:32:36+00:00","dateModified":"2022-12-08T11:46:32+00:00","breadcrumb":{"@id":"https:\/\/dev-durable.agglo-larochelle.fr\/2022\/une-agglo-sobre-et-durable\/proteger-les-ressources\/le-3eme-programme-re-sources-entre-dans-une-nouvelle-phase-dactions\/#breadcrumb"},"inLanguage":"fr-FR","potentialAction":[{"@type":"ReadAction","target":["https:\/\/dev-durable.agglo-larochelle.fr\/2022\/une-agglo-sobre-et-durable\/proteger-les-ressources\/le-3eme-programme-re-sources-entre-dans-une-nouvelle-phase-dactions\/"]}]},{"@type":"BreadcrumbList","@id":"https:\/\/dev-durable.agglo-larochelle.fr\/2022\/une-agglo-sobre-et-durable\/proteger-les-ressources\/le-3eme-programme-re-sources-entre-dans-une-nouvelle-phase-dactions\/#breadcrumb","itemListElement":[{"@type":"ListItem","position":1,"name":"Accueil","item":"https:\/\/dev-durable.agglo-larochelle.fr\/2022\/"},{"@type":"ListItem","position":2,"name":"Une Agglo sobre et durable","item":"https:\/\/dev-durable.agglo-larochelle.fr\/2022\/une-agglo-sobre-et-durable\/"},{"@type":"ListItem","position":3,"name":"Prot\u00e9ger les ressources","item":"https:\/\/dev-durable.agglo-larochelle.fr\/2022\/une-agglo-sobre-et-durable\/proteger-les-ressources\/"},{"@type":"ListItem","position":4,"name":"L\u2019impact des grands projets sur la biodiversit\u00e9 fait l\u2019objet de mesures compensatoires"}]},{"@type":"WebSite","@id":"https:\/\/dev-durable.agglo-larochelle.fr\/2022\/#website","url":"https:\/\/dev-durable.agglo-larochelle.fr\/2022\/","name":"Rapport du d\u00e9veloppement durable - 2022","description":"Rapport 2022 du d\u00e9veloppement durable","alternateName":"Communaut\u00e9 d'Agglom\u00e9ration de La Rochelle","potentialAction":[{"@type":"SearchAction","target":{"@type":"EntryPoint","urlTemplate":"https:\/\/dev-durable.agglo-larochelle.fr\/2022\/?s={search_term_string}"},"query-input":"required name=search_term_string"}],"inLanguage":"fr-FR"}]}},"_links":{"self":[{"href":"https:\/\/dev-durable.agglo-larochelle.fr\/2022\/wp-json\/wp\/v2\/pages\/2074"}],"collection":[{"href":"https:\/\/dev-durable.agglo-larochelle.fr\/2022\/wp-json\/wp\/v2\/pages"}],"about":[{"href":"https:\/\/dev-durable.agglo-larochelle.fr\/2022\/wp-json\/wp\/v2\/types\/page"}],"author":[{"embeddable":true,"href":"https:\/\/dev-durable.agglo-larochelle.fr\/2022\/wp-json\/wp\/v2\/users\/1"}],"replies":[{"embeddable":true,"href":"https:\/\/dev-durable.agglo-larochelle.fr\/2022\/wp-json\/wp\/v2\/comments?post=2074"}],"version-history":[{"count":6,"href":"https:\/\/dev-durable.agglo-larochelle.fr\/2022\/wp-json\/wp\/v2\/pages\/2074\/revisions"}],"predecessor-version":[{"id":2736,"href":"https:\/\/dev-durable.agglo-larochelle.fr\/2022\/wp-json\/wp\/v2\/pages\/2074\/revisions\/2736"}],"up":[{"embeddable":true,"href":"https:\/\/dev-durable.agglo-larochelle.fr\/2022\/wp-json\/wp\/v2\/pages\/2072"}],"wp:featuredmedia":[{"embeddable":true,"href":"https:\/\/dev-durable.agglo-larochelle.fr\/2022\/wp-json\/wp\/v2\/media\/2361"}],"wp:attachment":[{"href":"https:\/\/dev-durable.agglo-larochelle.fr\/2022\/wp-json\/wp\/v2\/media?parent=2074"}],"curies":[{"name":"wp","href":"https:\/\/api.w.org\/{rel}","templated":true}]}}