{"id":2076,"date":"2021-11-25T14:34:44","date_gmt":"2021-11-25T13:34:44","guid":{"rendered":"https:\/\/dev-durable.agglo-larochelle.fr\/20226.0.2\/?page_id=2076"},"modified":"2022-12-08T12:54:12","modified_gmt":"2022-12-08T11:54:12","slug":"realisation-dune-etude-danimation-fonciere-et-agricole","status":"publish","type":"page","link":"https:\/\/dev-durable.agglo-larochelle.fr\/2022\/une-agglo-sobre-et-durable\/proteger-les-ressources\/realisation-dune-etude-danimation-fonciere-et-agricole\/","title":{"rendered":"R\u00e9utiliser l\u2019eau trait\u00e9e pour mieux g\u00e9rer la ressource"},"content":{"rendered":"<p><strong>Une \u00e9tude de pr\u00e9faisabilit\u00e9 sur la r\u00e9utilisation de l\u2019eau trait\u00e9e de la station d\u2019\u00e9puration de Marsilly a \u00e9t\u00e9 restitu\u00e9e en mars 2022.<\/strong><\/p>\n<p>Le principe de la r\u00e9utilisation est d\u2019employer des eaux trait\u00e9es pour des usages non-domestiques, \u00e0 un moindre co\u00fbt et sans puiser dans les ressources. L\u2019\u00e9tude a pris en compte trois usages\u00a0: l\u2019arrosage du golf de la Pr\u00e9e, l\u2019arrosage des espaces verts municipaux et l\u2019irrigation agricole. Elle a quantifi\u00e9 les infrastructures de traitement et de stockage \u00e0 mettre en place pour garantir la quantit\u00e9 et la qualit\u00e9 de l\u2019eau r\u00e9utilis\u00e9e, notamment pendant la p\u00e9riode estivale, et ainsi estim\u00e9 un co\u00fbt de revient pour l\u2019eau trait\u00e9e et approch\u00e9 un prix de vente. Cette r\u00e9flexion se poursuivra en 2023.<\/p>\n","protected":false},"excerpt":{"rendered":"<p>Une \u00e9tude de pr\u00e9faisabilit\u00e9 sur la r\u00e9utilisation de l\u2019eau trait\u00e9e de la station d\u2019\u00e9puration de Marsilly a \u00e9t\u00e9 restitu\u00e9e en mars 2022. Le principe de la r\u00e9utilisation est d\u2019employer des eaux trait\u00e9es pour des usages non-domestiques, \u00e0 un moindre co\u00fbt et sans puiser dans les ressources. L\u2019\u00e9tude a pris en compte trois usages\u00a0: l\u2019arrosage du [&hellip;]<\/p>\n","protected":false},"author":1,"featured_media":653,"parent":2072,"menu_order":4,"comment_status":"closed","ping_status":"closed","template":"page-sous-partie.php","meta":[],"acf":[],"yoast_head":"<!-- This site is optimized with the Yoast SEO plugin v19.12 - https:\/\/yoast.com\/wordpress\/plugins\/seo\/ -->\n<title>R\u00e9utiliser l\u2019eau trait\u00e9e pour mieux g\u00e9rer la ressource - Rapport du d\u00e9veloppement durable<\/title>\n<meta name=\"robots\" content=\"index, follow, max-snippet:-1, max-image-preview:large, max-video-preview:-1\" \/>\n<link rel=\"canonical\" href=\"https:\/\/dev-durable.agglo-larochelle.fr\/2022\/une-agglo-sobre-et-durable\/proteger-les-ressources\/realisation-dune-etude-danimation-fonciere-et-agricole\/\" \/>\n<meta property=\"og:locale\" content=\"fr_FR\" \/>\n<meta property=\"og:type\" content=\"article\" \/>\n<meta property=\"og:title\" content=\"R\u00e9utiliser l\u2019eau trait\u00e9e pour mieux g\u00e9rer la ressource - Rapport du d\u00e9veloppement durable\" \/>\n<meta property=\"og:description\" content=\"Une \u00e9tude de pr\u00e9faisabilit\u00e9 sur la r\u00e9utilisation de l\u2019eau trait\u00e9e de la station d\u2019\u00e9puration de Marsilly a \u00e9t\u00e9 restitu\u00e9e en mars 2022. Le principe de la r\u00e9utilisation est d\u2019employer des eaux trait\u00e9es pour des usages non-domestiques, \u00e0 un moindre co\u00fbt et sans puiser dans les ressources. L\u2019\u00e9tude a pris en compte trois usages\u00a0: l\u2019arrosage du [&hellip;]\" \/>\n<meta property=\"og:url\" content=\"https:\/\/dev-durable.agglo-larochelle.fr\/2022\/une-agglo-sobre-et-durable\/proteger-les-ressources\/realisation-dune-etude-danimation-fonciere-et-agricole\/\" \/>\n<meta property=\"og:site_name\" content=\"Rapport du d\u00e9veloppement durable\" \/>\n<meta property=\"article:modified_time\" content=\"2022-12-08T11:54:12+00:00\" \/>\n<meta property=\"og:image\" content=\"https:\/\/dev-durable.agglo-larochelle.fr\/2022\/wp-content\/uploads\/2018\/11\/recyclerie.gif\" \/>\n\t<meta property=\"og:image:width\" content=\"1024\" \/>\n\t<meta property=\"og:image:height\" content=\"654\" \/>\n\t<meta property=\"og:image:type\" content=\"image\/gif\" \/>\n<meta name=\"twitter:card\" content=\"summary_large_image\" \/>\n<meta name=\"twitter:label1\" content=\"Dur\u00e9e de lecture estim\u00e9e\" \/>\n\t<meta name=\"twitter:data1\" content=\"1 minute\" \/>\n<script type=\"application\/ld+json\" class=\"yoast-schema-graph\">{\"@context\":\"https:\/\/schema.org\",\"@graph\":[{\"@type\":\"WebPage\",\"@id\":\"https:\/\/dev-durable.agglo-larochelle.fr\/2022\/une-agglo-sobre-et-durable\/proteger-les-ressources\/realisation-dune-etude-danimation-fonciere-et-agricole\/\",\"url\":\"https:\/\/dev-durable.agglo-larochelle.fr\/2022\/une-agglo-sobre-et-durable\/proteger-les-ressources\/realisation-dune-etude-danimation-fonciere-et-agricole\/\",\"name\":\"R\u00e9utiliser l\u2019eau trait\u00e9e pour mieux g\u00e9rer la ressource - Rapport du d\u00e9veloppement durable\",\"isPartOf\":{\"@id\":\"https:\/\/dev-durable.agglo-larochelle.fr\/2022\/#website\"},\"datePublished\":\"2021-11-25T13:34:44+00:00\",\"dateModified\":\"2022-12-08T11:54:12+00:00\",\"breadcrumb\":{\"@id\":\"https:\/\/dev-durable.agglo-larochelle.fr\/2022\/une-agglo-sobre-et-durable\/proteger-les-ressources\/realisation-dune-etude-danimation-fonciere-et-agricole\/#breadcrumb\"},\"inLanguage\":\"fr-FR\",\"potentialAction\":[{\"@type\":\"ReadAction\",\"target\":[\"https:\/\/dev-durable.agglo-larochelle.fr\/2022\/une-agglo-sobre-et-durable\/proteger-les-ressources\/realisation-dune-etude-danimation-fonciere-et-agricole\/\"]}]},{\"@type\":\"BreadcrumbList\",\"@id\":\"https:\/\/dev-durable.agglo-larochelle.fr\/2022\/une-agglo-sobre-et-durable\/proteger-les-ressources\/realisation-dune-etude-danimation-fonciere-et-agricole\/#breadcrumb\",\"itemListElement\":[{\"@type\":\"ListItem\",\"position\":1,\"name\":\"Accueil\",\"item\":\"https:\/\/dev-durable.agglo-larochelle.fr\/2022\/\"},{\"@type\":\"ListItem\",\"position\":2,\"name\":\"Une Agglo sobre et durable\",\"item\":\"https:\/\/dev-durable.agglo-larochelle.fr\/2022\/une-agglo-sobre-et-durable\/\"},{\"@type\":\"ListItem\",\"position\":3,\"name\":\"Prot\u00e9ger les ressources\",\"item\":\"https:\/\/dev-durable.agglo-larochelle.fr\/2022\/une-agglo-sobre-et-durable\/proteger-les-ressources\/\"},{\"@type\":\"ListItem\",\"position\":4,\"name\":\"R\u00e9utiliser l\u2019eau trait\u00e9e pour mieux g\u00e9rer la ressource\"}]},{\"@type\":\"WebSite\",\"@id\":\"https:\/\/dev-durable.agglo-larochelle.fr\/2022\/#website\",\"url\":\"https:\/\/dev-durable.agglo-larochelle.fr\/2022\/\",\"name\":\"Rapport du d\u00e9veloppement durable - 2022\",\"description\":\"Rapport 2022 du d\u00e9veloppement durable\",\"alternateName\":\"Communaut\u00e9 d'Agglom\u00e9ration de La Rochelle\",\"potentialAction\":[{\"@type\":\"SearchAction\",\"target\":{\"@type\":\"EntryPoint\",\"urlTemplate\":\"https:\/\/dev-durable.agglo-larochelle.fr\/2022\/?s={search_term_string}\"},\"query-input\":\"required name=search_term_string\"}],\"inLanguage\":\"fr-FR\"}]}<\/script>\n<!-- \/ Yoast SEO plugin. -->","yoast_head_json":{"title":"R\u00e9utiliser l\u2019eau trait\u00e9e pour mieux g\u00e9rer la ressource - Rapport du d\u00e9veloppement durable","robots":{"index":"index","follow":"follow","max-snippet":"max-snippet:-1","max-image-preview":"max-image-preview:large","max-video-preview":"max-video-preview:-1"},"canonical":"https:\/\/dev-durable.agglo-larochelle.fr\/2022\/une-agglo-sobre-et-durable\/proteger-les-ressources\/realisation-dune-etude-danimation-fonciere-et-agricole\/","og_locale":"fr_FR","og_type":"article","og_title":"R\u00e9utiliser l\u2019eau trait\u00e9e pour mieux g\u00e9rer la ressource - Rapport du d\u00e9veloppement durable","og_description":"Une \u00e9tude de pr\u00e9faisabilit\u00e9 sur la r\u00e9utilisation de l\u2019eau trait\u00e9e de la station d\u2019\u00e9puration de Marsilly a \u00e9t\u00e9 restitu\u00e9e en mars 2022. Le principe de la r\u00e9utilisation est d\u2019employer des eaux trait\u00e9es pour des usages non-domestiques, \u00e0 un moindre co\u00fbt et sans puiser dans les ressources. L\u2019\u00e9tude a pris en compte trois usages\u00a0: l\u2019arrosage du [&hellip;]","og_url":"https:\/\/dev-durable.agglo-larochelle.fr\/2022\/une-agglo-sobre-et-durable\/proteger-les-ressources\/realisation-dune-etude-danimation-fonciere-et-agricole\/","og_site_name":"Rapport du d\u00e9veloppement durable","article_modified_time":"2022-12-08T11:54:12+00:00","og_image":[{"width":1024,"height":654,"url":"https:\/\/dev-durable.agglo-larochelle.fr\/2022\/wp-content\/uploads\/2018\/11\/recyclerie.gif","type":"image\/gif"}],"twitter_card":"summary_large_image","twitter_misc":{"Dur\u00e9e de lecture estim\u00e9e":"1 minute"},"schema":{"@context":"https:\/\/schema.org","@graph":[{"@type":"WebPage","@id":"https:\/\/dev-durable.agglo-larochelle.fr\/2022\/une-agglo-sobre-et-durable\/proteger-les-ressources\/realisation-dune-etude-danimation-fonciere-et-agricole\/","url":"https:\/\/dev-durable.agglo-larochelle.fr\/2022\/une-agglo-sobre-et-durable\/proteger-les-ressources\/realisation-dune-etude-danimation-fonciere-et-agricole\/","name":"R\u00e9utiliser l\u2019eau trait\u00e9e pour mieux g\u00e9rer la ressource - Rapport du d\u00e9veloppement durable","isPartOf":{"@id":"https:\/\/dev-durable.agglo-larochelle.fr\/2022\/#website"},"datePublished":"2021-11-25T13:34:44+00:00","dateModified":"2022-12-08T11:54:12+00:00","breadcrumb":{"@id":"https:\/\/dev-durable.agglo-larochelle.fr\/2022\/une-agglo-sobre-et-durable\/proteger-les-ressources\/realisation-dune-etude-danimation-fonciere-et-agricole\/#breadcrumb"},"inLanguage":"fr-FR","potentialAction":[{"@type":"ReadAction","target":["https:\/\/dev-durable.agglo-larochelle.fr\/2022\/une-agglo-sobre-et-durable\/proteger-les-ressources\/realisation-dune-etude-danimation-fonciere-et-agricole\/"]}]},{"@type":"BreadcrumbList","@id":"https:\/\/dev-durable.agglo-larochelle.fr\/2022\/une-agglo-sobre-et-durable\/proteger-les-ressources\/realisation-dune-etude-danimation-fonciere-et-agricole\/#breadcrumb","itemListElement":[{"@type":"ListItem","position":1,"name":"Accueil","item":"https:\/\/dev-durable.agglo-larochelle.fr\/2022\/"},{"@type":"ListItem","position":2,"name":"Une Agglo sobre et durable","item":"https:\/\/dev-durable.agglo-larochelle.fr\/2022\/une-agglo-sobre-et-durable\/"},{"@type":"ListItem","position":3,"name":"Prot\u00e9ger les ressources","item":"https:\/\/dev-durable.agglo-larochelle.fr\/2022\/une-agglo-sobre-et-durable\/proteger-les-ressources\/"},{"@type":"ListItem","position":4,"name":"R\u00e9utiliser l\u2019eau trait\u00e9e pour mieux g\u00e9rer la ressource"}]},{"@type":"WebSite","@id":"https:\/\/dev-durable.agglo-larochelle.fr\/2022\/#website","url":"https:\/\/dev-durable.agglo-larochelle.fr\/2022\/","name":"Rapport du d\u00e9veloppement durable - 2022","description":"Rapport 2022 du d\u00e9veloppement durable","alternateName":"Communaut\u00e9 d'Agglom\u00e9ration de La Rochelle","potentialAction":[{"@type":"SearchAction","target":{"@type":"EntryPoint","urlTemplate":"https:\/\/dev-durable.agglo-larochelle.fr\/2022\/?s={search_term_string}"},"query-input":"required name=search_term_string"}],"inLanguage":"fr-FR"}]}},"_links":{"self":[{"href":"https:\/\/dev-durable.agglo-larochelle.fr\/2022\/wp-json\/wp\/v2\/pages\/2076"}],"collection":[{"href":"https:\/\/dev-durable.agglo-larochelle.fr\/2022\/wp-json\/wp\/v2\/pages"}],"about":[{"href":"https:\/\/dev-durable.agglo-larochelle.fr\/2022\/wp-json\/wp\/v2\/types\/page"}],"author":[{"embeddable":true,"href":"https:\/\/dev-durable.agglo-larochelle.fr\/2022\/wp-json\/wp\/v2\/users\/1"}],"replies":[{"embeddable":true,"href":"https:\/\/dev-durable.agglo-larochelle.fr\/2022\/wp-json\/wp\/v2\/comments?post=2076"}],"version-history":[{"count":6,"href":"https:\/\/dev-durable.agglo-larochelle.fr\/2022\/wp-json\/wp\/v2\/pages\/2076\/revisions"}],"predecessor-version":[{"id":2742,"href":"https:\/\/dev-durable.agglo-larochelle.fr\/2022\/wp-json\/wp\/v2\/pages\/2076\/revisions\/2742"}],"up":[{"embeddable":true,"href":"https:\/\/dev-durable.agglo-larochelle.fr\/2022\/wp-json\/wp\/v2\/pages\/2072"}],"wp:featuredmedia":[{"embeddable":true,"href":"https:\/\/dev-durable.agglo-larochelle.fr\/2022\/wp-json\/wp\/v2\/media\/653"}],"wp:attachment":[{"href":"https:\/\/dev-durable.agglo-larochelle.fr\/2022\/wp-json\/wp\/v2\/media?parent=2076"}],"curies":[{"name":"wp","href":"https:\/\/api.w.org\/{rel}","templated":true}]}}