{"id":2079,"date":"2021-11-25T14:35:37","date_gmt":"2021-11-25T13:35:37","guid":{"rendered":"https:\/\/dev-durable.agglo-larochelle.fr\/20226.0.2\/?page_id=2079"},"modified":"2022-12-08T12:52:57","modified_gmt":"2022-12-08T11:52:57","slug":"le-curage-du-bassin-des-galiotes-et-la-restauration-de-ses-berges-est-acheve","status":"publish","type":"page","link":"https:\/\/dev-durable.agglo-larochelle.fr\/2022\/une-agglo-sobre-et-durable\/proteger-les-ressources\/le-curage-du-bassin-des-galiotes-et-la-restauration-de-ses-berges-est-acheve\/","title":{"rendered":"Un nouveau Sch\u00e9ma Directeur d\u2019assainissement plus adapt\u00e9 aux \u00e9volutions de l\u2019urbanisation"},"content":{"rendered":"<p><strong>Les perspectives d\u2019\u00e9volution de l\u2019urbanisation sur l\u2019Agglom\u00e9ration n\u00e9cessitent l\u2019adoption d\u2019un nouveau Sch\u00e9ma Directeur d\u2019Assainissement \u00e0 l\u2019\u00e9chelle des 28 communes, portant sur les infrastructures de collecte, transfert et traitement des eaux us\u00e9es.<\/strong><\/p>\n<p>L\u2019\u00e9laboration du rapport final du nouveau Sch\u00e9ma Directeur d\u2019Assainissement a \u00e9t\u00e9 pr\u00e9sent\u00e9 aux diff\u00e9rentes instances communautaires en 2022. Ce sch\u00e9ma directeur est construit sur la base d\u2019un diagnostic complet des syst\u00e8mes d\u2019assainissement, pour en cibler les anomalies, les faiblesses et les am\u00e9liorations \u00e0 apporter. Les enjeux majeurs de ce projet sont l\u2019adaptation des infrastructures \u00e0 l\u2019\u00e9volution de la d\u00e9mographie et de l\u2019urbanisation du territoire\u00a0; le renouvellement et la r\u00e9habilitation des r\u00e9seaux d\u2019assainissement ; la destination d\u2019effluents de certaines communes. Le Sch\u00e9ma Directeur d\u00e9finit aussi les solutions \u00e0 mettre en place pour le d\u00e9ploiement du diagnostic permanent des r\u00e9seaux d\u2019assainissement.<\/p>\n","protected":false},"excerpt":{"rendered":"<p>Les perspectives d\u2019\u00e9volution de l\u2019urbanisation sur l\u2019Agglom\u00e9ration n\u00e9cessitent l\u2019adoption d\u2019un nouveau Sch\u00e9ma Directeur d\u2019Assainissement \u00e0 l\u2019\u00e9chelle des 28 communes, portant sur les infrastructures de collecte, transfert et traitement des eaux us\u00e9es. L\u2019\u00e9laboration du rapport final du nouveau Sch\u00e9ma Directeur d\u2019Assainissement a \u00e9t\u00e9 pr\u00e9sent\u00e9 aux diff\u00e9rentes instances communautaires en 2022. Ce sch\u00e9ma directeur est construit sur [&hellip;]<\/p>\n","protected":false},"author":1,"featured_media":2941,"parent":2072,"menu_order":3,"comment_status":"closed","ping_status":"closed","template":"page-sous-partie.php","meta":[],"acf":[],"yoast_head":"<!-- This site is optimized with the Yoast SEO plugin v19.12 - https:\/\/yoast.com\/wordpress\/plugins\/seo\/ -->\n<title>Un nouveau Sch\u00e9ma Directeur d\u2019assainissement plus adapt\u00e9 aux \u00e9volutions de l\u2019urbanisation - Rapport du d\u00e9veloppement durable<\/title>\n<meta name=\"robots\" content=\"index, follow, max-snippet:-1, max-image-preview:large, max-video-preview:-1\" \/>\n<link rel=\"canonical\" href=\"https:\/\/dev-durable.agglo-larochelle.fr\/2022\/une-agglo-sobre-et-durable\/proteger-les-ressources\/le-curage-du-bassin-des-galiotes-et-la-restauration-de-ses-berges-est-acheve\/\" \/>\n<meta property=\"og:locale\" content=\"fr_FR\" \/>\n<meta property=\"og:type\" content=\"article\" \/>\n<meta property=\"og:title\" content=\"Un nouveau Sch\u00e9ma Directeur d\u2019assainissement plus adapt\u00e9 aux \u00e9volutions de l\u2019urbanisation - Rapport du d\u00e9veloppement durable\" \/>\n<meta property=\"og:description\" content=\"Les perspectives d\u2019\u00e9volution de l\u2019urbanisation sur l\u2019Agglom\u00e9ration n\u00e9cessitent l\u2019adoption d\u2019un nouveau Sch\u00e9ma Directeur d\u2019Assainissement \u00e0 l\u2019\u00e9chelle des 28 communes, portant sur les infrastructures de collecte, transfert et traitement des eaux us\u00e9es. L\u2019\u00e9laboration du rapport final du nouveau Sch\u00e9ma Directeur d\u2019Assainissement a \u00e9t\u00e9 pr\u00e9sent\u00e9 aux diff\u00e9rentes instances communautaires en 2022. Ce sch\u00e9ma directeur est construit sur [&hellip;]\" \/>\n<meta property=\"og:url\" content=\"https:\/\/dev-durable.agglo-larochelle.fr\/2022\/une-agglo-sobre-et-durable\/proteger-les-ressources\/le-curage-du-bassin-des-galiotes-et-la-restauration-de-ses-berges-est-acheve\/\" \/>\n<meta property=\"og:site_name\" content=\"Rapport du d\u00e9veloppement durable\" \/>\n<meta property=\"article:modified_time\" content=\"2022-12-08T11:52:57+00:00\" \/>\n<meta property=\"og:image\" content=\"https:\/\/dev-durable.agglo-larochelle.fr\/2022\/wp-content\/uploads\/2022\/12\/assainissement_CA_027845.jpg\" \/>\n\t<meta property=\"og:image:width\" content=\"650\" \/>\n\t<meta property=\"og:image:height\" content=\"300\" \/>\n\t<meta property=\"og:image:type\" content=\"image\/jpeg\" \/>\n<meta name=\"twitter:card\" content=\"summary_large_image\" \/>\n<meta name=\"twitter:label1\" content=\"Dur\u00e9e de lecture estim\u00e9e\" \/>\n\t<meta name=\"twitter:data1\" content=\"1 minute\" \/>\n<script type=\"application\/ld+json\" class=\"yoast-schema-graph\">{\"@context\":\"https:\/\/schema.org\",\"@graph\":[{\"@type\":\"WebPage\",\"@id\":\"https:\/\/dev-durable.agglo-larochelle.fr\/2022\/une-agglo-sobre-et-durable\/proteger-les-ressources\/le-curage-du-bassin-des-galiotes-et-la-restauration-de-ses-berges-est-acheve\/\",\"url\":\"https:\/\/dev-durable.agglo-larochelle.fr\/2022\/une-agglo-sobre-et-durable\/proteger-les-ressources\/le-curage-du-bassin-des-galiotes-et-la-restauration-de-ses-berges-est-acheve\/\",\"name\":\"Un nouveau Sch\u00e9ma Directeur d\u2019assainissement plus adapt\u00e9 aux \u00e9volutions de l\u2019urbanisation - Rapport du d\u00e9veloppement durable\",\"isPartOf\":{\"@id\":\"https:\/\/dev-durable.agglo-larochelle.fr\/2022\/#website\"},\"datePublished\":\"2021-11-25T13:35:37+00:00\",\"dateModified\":\"2022-12-08T11:52:57+00:00\",\"breadcrumb\":{\"@id\":\"https:\/\/dev-durable.agglo-larochelle.fr\/2022\/une-agglo-sobre-et-durable\/proteger-les-ressources\/le-curage-du-bassin-des-galiotes-et-la-restauration-de-ses-berges-est-acheve\/#breadcrumb\"},\"inLanguage\":\"fr-FR\",\"potentialAction\":[{\"@type\":\"ReadAction\",\"target\":[\"https:\/\/dev-durable.agglo-larochelle.fr\/2022\/une-agglo-sobre-et-durable\/proteger-les-ressources\/le-curage-du-bassin-des-galiotes-et-la-restauration-de-ses-berges-est-acheve\/\"]}]},{\"@type\":\"BreadcrumbList\",\"@id\":\"https:\/\/dev-durable.agglo-larochelle.fr\/2022\/une-agglo-sobre-et-durable\/proteger-les-ressources\/le-curage-du-bassin-des-galiotes-et-la-restauration-de-ses-berges-est-acheve\/#breadcrumb\",\"itemListElement\":[{\"@type\":\"ListItem\",\"position\":1,\"name\":\"Accueil\",\"item\":\"https:\/\/dev-durable.agglo-larochelle.fr\/2022\/\"},{\"@type\":\"ListItem\",\"position\":2,\"name\":\"Une Agglo sobre et durable\",\"item\":\"https:\/\/dev-durable.agglo-larochelle.fr\/2022\/une-agglo-sobre-et-durable\/\"},{\"@type\":\"ListItem\",\"position\":3,\"name\":\"Prot\u00e9ger les ressources\",\"item\":\"https:\/\/dev-durable.agglo-larochelle.fr\/2022\/une-agglo-sobre-et-durable\/proteger-les-ressources\/\"},{\"@type\":\"ListItem\",\"position\":4,\"name\":\"Un nouveau Sch\u00e9ma Directeur d\u2019assainissement plus adapt\u00e9 aux \u00e9volutions de l\u2019urbanisation\"}]},{\"@type\":\"WebSite\",\"@id\":\"https:\/\/dev-durable.agglo-larochelle.fr\/2022\/#website\",\"url\":\"https:\/\/dev-durable.agglo-larochelle.fr\/2022\/\",\"name\":\"Rapport du d\u00e9veloppement durable - 2022\",\"description\":\"Rapport 2022 du d\u00e9veloppement durable\",\"alternateName\":\"Communaut\u00e9 d'Agglom\u00e9ration de La Rochelle\",\"potentialAction\":[{\"@type\":\"SearchAction\",\"target\":{\"@type\":\"EntryPoint\",\"urlTemplate\":\"https:\/\/dev-durable.agglo-larochelle.fr\/2022\/?s={search_term_string}\"},\"query-input\":\"required name=search_term_string\"}],\"inLanguage\":\"fr-FR\"}]}<\/script>\n<!-- \/ Yoast SEO plugin. -->","yoast_head_json":{"title":"Un nouveau Sch\u00e9ma Directeur d\u2019assainissement plus adapt\u00e9 aux \u00e9volutions de l\u2019urbanisation - Rapport du d\u00e9veloppement durable","robots":{"index":"index","follow":"follow","max-snippet":"max-snippet:-1","max-image-preview":"max-image-preview:large","max-video-preview":"max-video-preview:-1"},"canonical":"https:\/\/dev-durable.agglo-larochelle.fr\/2022\/une-agglo-sobre-et-durable\/proteger-les-ressources\/le-curage-du-bassin-des-galiotes-et-la-restauration-de-ses-berges-est-acheve\/","og_locale":"fr_FR","og_type":"article","og_title":"Un nouveau Sch\u00e9ma Directeur d\u2019assainissement plus adapt\u00e9 aux \u00e9volutions de l\u2019urbanisation - Rapport du d\u00e9veloppement durable","og_description":"Les perspectives d\u2019\u00e9volution de l\u2019urbanisation sur l\u2019Agglom\u00e9ration n\u00e9cessitent l\u2019adoption d\u2019un nouveau Sch\u00e9ma Directeur d\u2019Assainissement \u00e0 l\u2019\u00e9chelle des 28 communes, portant sur les infrastructures de collecte, transfert et traitement des eaux us\u00e9es. L\u2019\u00e9laboration du rapport final du nouveau Sch\u00e9ma Directeur d\u2019Assainissement a \u00e9t\u00e9 pr\u00e9sent\u00e9 aux diff\u00e9rentes instances communautaires en 2022. Ce sch\u00e9ma directeur est construit sur [&hellip;]","og_url":"https:\/\/dev-durable.agglo-larochelle.fr\/2022\/une-agglo-sobre-et-durable\/proteger-les-ressources\/le-curage-du-bassin-des-galiotes-et-la-restauration-de-ses-berges-est-acheve\/","og_site_name":"Rapport du d\u00e9veloppement durable","article_modified_time":"2022-12-08T11:52:57+00:00","og_image":[{"width":650,"height":300,"url":"https:\/\/dev-durable.agglo-larochelle.fr\/2022\/wp-content\/uploads\/2022\/12\/assainissement_CA_027845.jpg","type":"image\/jpeg"}],"twitter_card":"summary_large_image","twitter_misc":{"Dur\u00e9e de lecture estim\u00e9e":"1 minute"},"schema":{"@context":"https:\/\/schema.org","@graph":[{"@type":"WebPage","@id":"https:\/\/dev-durable.agglo-larochelle.fr\/2022\/une-agglo-sobre-et-durable\/proteger-les-ressources\/le-curage-du-bassin-des-galiotes-et-la-restauration-de-ses-berges-est-acheve\/","url":"https:\/\/dev-durable.agglo-larochelle.fr\/2022\/une-agglo-sobre-et-durable\/proteger-les-ressources\/le-curage-du-bassin-des-galiotes-et-la-restauration-de-ses-berges-est-acheve\/","name":"Un nouveau Sch\u00e9ma Directeur d\u2019assainissement plus adapt\u00e9 aux \u00e9volutions de l\u2019urbanisation - Rapport du d\u00e9veloppement durable","isPartOf":{"@id":"https:\/\/dev-durable.agglo-larochelle.fr\/2022\/#website"},"datePublished":"2021-11-25T13:35:37+00:00","dateModified":"2022-12-08T11:52:57+00:00","breadcrumb":{"@id":"https:\/\/dev-durable.agglo-larochelle.fr\/2022\/une-agglo-sobre-et-durable\/proteger-les-ressources\/le-curage-du-bassin-des-galiotes-et-la-restauration-de-ses-berges-est-acheve\/#breadcrumb"},"inLanguage":"fr-FR","potentialAction":[{"@type":"ReadAction","target":["https:\/\/dev-durable.agglo-larochelle.fr\/2022\/une-agglo-sobre-et-durable\/proteger-les-ressources\/le-curage-du-bassin-des-galiotes-et-la-restauration-de-ses-berges-est-acheve\/"]}]},{"@type":"BreadcrumbList","@id":"https:\/\/dev-durable.agglo-larochelle.fr\/2022\/une-agglo-sobre-et-durable\/proteger-les-ressources\/le-curage-du-bassin-des-galiotes-et-la-restauration-de-ses-berges-est-acheve\/#breadcrumb","itemListElement":[{"@type":"ListItem","position":1,"name":"Accueil","item":"https:\/\/dev-durable.agglo-larochelle.fr\/2022\/"},{"@type":"ListItem","position":2,"name":"Une Agglo sobre et durable","item":"https:\/\/dev-durable.agglo-larochelle.fr\/2022\/une-agglo-sobre-et-durable\/"},{"@type":"ListItem","position":3,"name":"Prot\u00e9ger les ressources","item":"https:\/\/dev-durable.agglo-larochelle.fr\/2022\/une-agglo-sobre-et-durable\/proteger-les-ressources\/"},{"@type":"ListItem","position":4,"name":"Un nouveau Sch\u00e9ma Directeur d\u2019assainissement plus adapt\u00e9 aux \u00e9volutions de l\u2019urbanisation"}]},{"@type":"WebSite","@id":"https:\/\/dev-durable.agglo-larochelle.fr\/2022\/#website","url":"https:\/\/dev-durable.agglo-larochelle.fr\/2022\/","name":"Rapport du d\u00e9veloppement durable - 2022","description":"Rapport 2022 du d\u00e9veloppement durable","alternateName":"Communaut\u00e9 d'Agglom\u00e9ration de La Rochelle","potentialAction":[{"@type":"SearchAction","target":{"@type":"EntryPoint","urlTemplate":"https:\/\/dev-durable.agglo-larochelle.fr\/2022\/?s={search_term_string}"},"query-input":"required name=search_term_string"}],"inLanguage":"fr-FR"}]}},"_links":{"self":[{"href":"https:\/\/dev-durable.agglo-larochelle.fr\/2022\/wp-json\/wp\/v2\/pages\/2079"}],"collection":[{"href":"https:\/\/dev-durable.agglo-larochelle.fr\/2022\/wp-json\/wp\/v2\/pages"}],"about":[{"href":"https:\/\/dev-durable.agglo-larochelle.fr\/2022\/wp-json\/wp\/v2\/types\/page"}],"author":[{"embeddable":true,"href":"https:\/\/dev-durable.agglo-larochelle.fr\/2022\/wp-json\/wp\/v2\/users\/1"}],"replies":[{"embeddable":true,"href":"https:\/\/dev-durable.agglo-larochelle.fr\/2022\/wp-json\/wp\/v2\/comments?post=2079"}],"version-history":[{"count":5,"href":"https:\/\/dev-durable.agglo-larochelle.fr\/2022\/wp-json\/wp\/v2\/pages\/2079\/revisions"}],"predecessor-version":[{"id":2740,"href":"https:\/\/dev-durable.agglo-larochelle.fr\/2022\/wp-json\/wp\/v2\/pages\/2079\/revisions\/2740"}],"up":[{"embeddable":true,"href":"https:\/\/dev-durable.agglo-larochelle.fr\/2022\/wp-json\/wp\/v2\/pages\/2072"}],"wp:featuredmedia":[{"embeddable":true,"href":"https:\/\/dev-durable.agglo-larochelle.fr\/2022\/wp-json\/wp\/v2\/media\/2941"}],"wp:attachment":[{"href":"https:\/\/dev-durable.agglo-larochelle.fr\/2022\/wp-json\/wp\/v2\/media?parent=2079"}],"curies":[{"name":"wp","href":"https:\/\/api.w.org\/{rel}","templated":true}]}}