{"id":2081,"date":"2021-11-25T14:37:59","date_gmt":"2021-11-25T13:37:59","guid":{"rendered":"https:\/\/dev-durable.agglo-larochelle.fr\/20226.0.2\/?page_id=2081"},"modified":"2022-12-08T12:48:05","modified_gmt":"2022-12-08T11:48:05","slug":"realisation-dune-etude-danimation-fonciere-et-agricole-2","status":"publish","type":"page","link":"https:\/\/dev-durable.agglo-larochelle.fr\/2022\/une-agglo-sobre-et-durable\/proteger-les-ressources\/realisation-dune-etude-danimation-fonciere-et-agricole-2\/","title":{"rendered":"Les replantations d\u2019arbres sont aid\u00e9es sur tout le territoire communautaire"},"content":{"rendered":"<p><strong>L\u2019Agglom\u00e9ration accompagne les communes-membres dans leurs projets de plantation d\u2019arbres, via un fonds de concours \u00ab\u00a0renforcement de la trame verte\u00a0\u00bb. Ces projets participent \u00e0 la biodiversit\u00e9 locale, \u00e0 la qualit\u00e9 des paysages et \u00e0 la lutte contre le changement climatique.\u00a0<\/strong><\/p>\n<p>Les plantations sont r\u00e9alis\u00e9es sous ma\u00eetrise d\u2019ouvrage communale selon un cahier des charges d\u00e9fini : contexte environnemental favorable, essences locales adapt\u00e9es, paillage au sol biod\u00e9gradable. Le parc Atlantech \u00e0 Lagord devrait profiter de la fra\u00eecheur fournie par 350 arbres, 1 384 arbustes hauts et 1 734 arbustes bas qui y ont \u00e9t\u00e9 mis en terre. Le long de l\u2019avenue Simone Veil et sur l\u2019ensemble du marais de Tasdon renatur\u00e9, plus de 20 000 arbustes et 370 arbres d\u2019essence locale ont pris place sur plus d\u2019un hectare ainsi que 120 tamaris au Sud d\u2019Aytr\u00e9. La zone d\u2019activit\u00e9s de L\u2019Aubre\u00e7ay \u00e0 Saint-Xandre accueille plus de 300 arbres et de nombreux arbustes au sein de haies et d\u2019espaces verts. Le projet d\u2019\u00e9coquartier de Bongraine \u00e0 Aytr\u00e9 int\u00e8gre un parc urbain de pr\u00e8s de 10 hectares.<\/p>\n","protected":false},"excerpt":{"rendered":"<p>L\u2019Agglom\u00e9ration accompagne les communes-membres dans leurs projets de plantation d\u2019arbres, via un fonds de concours \u00ab\u00a0renforcement de la trame verte\u00a0\u00bb. Ces projets participent \u00e0 la biodiversit\u00e9 locale, \u00e0 la qualit\u00e9 des paysages et \u00e0 la lutte contre le changement climatique.\u00a0 Les plantations sont r\u00e9alis\u00e9es sous ma\u00eetrise d\u2019ouvrage communale selon un cahier des charges d\u00e9fini : [&hellip;]<\/p>\n","protected":false},"author":1,"featured_media":2909,"parent":2072,"menu_order":2,"comment_status":"closed","ping_status":"closed","template":"page-sous-partie.php","meta":[],"acf":[],"yoast_head":"<!-- This site is optimized with the Yoast SEO plugin v19.12 - https:\/\/yoast.com\/wordpress\/plugins\/seo\/ -->\n<title>Les replantations d\u2019arbres sont aid\u00e9es sur tout le territoire communautaire - Rapport du d\u00e9veloppement durable<\/title>\n<meta name=\"robots\" content=\"index, follow, max-snippet:-1, max-image-preview:large, max-video-preview:-1\" \/>\n<link rel=\"canonical\" href=\"https:\/\/dev-durable.agglo-larochelle.fr\/2022\/une-agglo-sobre-et-durable\/proteger-les-ressources\/realisation-dune-etude-danimation-fonciere-et-agricole-2\/\" \/>\n<meta property=\"og:locale\" content=\"fr_FR\" \/>\n<meta property=\"og:type\" content=\"article\" \/>\n<meta property=\"og:title\" content=\"Les replantations d\u2019arbres sont aid\u00e9es sur tout le territoire communautaire - Rapport du d\u00e9veloppement durable\" \/>\n<meta property=\"og:description\" content=\"L\u2019Agglom\u00e9ration accompagne les communes-membres dans leurs projets de plantation d\u2019arbres, via un fonds de concours \u00ab\u00a0renforcement de la trame verte\u00a0\u00bb. Ces projets participent \u00e0 la biodiversit\u00e9 locale, \u00e0 la qualit\u00e9 des paysages et \u00e0 la lutte contre le changement climatique.\u00a0 Les plantations sont r\u00e9alis\u00e9es sous ma\u00eetrise d\u2019ouvrage communale selon un cahier des charges d\u00e9fini : [&hellip;]\" \/>\n<meta property=\"og:url\" content=\"https:\/\/dev-durable.agglo-larochelle.fr\/2022\/une-agglo-sobre-et-durable\/proteger-les-ressources\/realisation-dune-etude-danimation-fonciere-et-agricole-2\/\" \/>\n<meta property=\"og:site_name\" content=\"Rapport du d\u00e9veloppement durable\" \/>\n<meta property=\"article:modified_time\" content=\"2022-12-08T11:48:05+00:00\" \/>\n<meta property=\"og:image\" content=\"https:\/\/dev-durable.agglo-larochelle.fr\/2022\/wp-content\/uploads\/2022\/12\/plantation_AdobeStock_125257165.jpg\" \/>\n\t<meta property=\"og:image:width\" content=\"650\" \/>\n\t<meta property=\"og:image:height\" content=\"300\" \/>\n\t<meta property=\"og:image:type\" content=\"image\/jpeg\" \/>\n<meta name=\"twitter:card\" content=\"summary_large_image\" \/>\n<meta name=\"twitter:label1\" content=\"Dur\u00e9e de lecture estim\u00e9e\" \/>\n\t<meta name=\"twitter:data1\" content=\"1 minute\" \/>\n<script type=\"application\/ld+json\" class=\"yoast-schema-graph\">{\"@context\":\"https:\/\/schema.org\",\"@graph\":[{\"@type\":\"WebPage\",\"@id\":\"https:\/\/dev-durable.agglo-larochelle.fr\/2022\/une-agglo-sobre-et-durable\/proteger-les-ressources\/realisation-dune-etude-danimation-fonciere-et-agricole-2\/\",\"url\":\"https:\/\/dev-durable.agglo-larochelle.fr\/2022\/une-agglo-sobre-et-durable\/proteger-les-ressources\/realisation-dune-etude-danimation-fonciere-et-agricole-2\/\",\"name\":\"Les replantations d\u2019arbres sont aid\u00e9es sur tout le territoire communautaire - Rapport du d\u00e9veloppement durable\",\"isPartOf\":{\"@id\":\"https:\/\/dev-durable.agglo-larochelle.fr\/2022\/#website\"},\"datePublished\":\"2021-11-25T13:37:59+00:00\",\"dateModified\":\"2022-12-08T11:48:05+00:00\",\"breadcrumb\":{\"@id\":\"https:\/\/dev-durable.agglo-larochelle.fr\/2022\/une-agglo-sobre-et-durable\/proteger-les-ressources\/realisation-dune-etude-danimation-fonciere-et-agricole-2\/#breadcrumb\"},\"inLanguage\":\"fr-FR\",\"potentialAction\":[{\"@type\":\"ReadAction\",\"target\":[\"https:\/\/dev-durable.agglo-larochelle.fr\/2022\/une-agglo-sobre-et-durable\/proteger-les-ressources\/realisation-dune-etude-danimation-fonciere-et-agricole-2\/\"]}]},{\"@type\":\"BreadcrumbList\",\"@id\":\"https:\/\/dev-durable.agglo-larochelle.fr\/2022\/une-agglo-sobre-et-durable\/proteger-les-ressources\/realisation-dune-etude-danimation-fonciere-et-agricole-2\/#breadcrumb\",\"itemListElement\":[{\"@type\":\"ListItem\",\"position\":1,\"name\":\"Accueil\",\"item\":\"https:\/\/dev-durable.agglo-larochelle.fr\/2022\/\"},{\"@type\":\"ListItem\",\"position\":2,\"name\":\"Une Agglo sobre et durable\",\"item\":\"https:\/\/dev-durable.agglo-larochelle.fr\/2022\/une-agglo-sobre-et-durable\/\"},{\"@type\":\"ListItem\",\"position\":3,\"name\":\"Prot\u00e9ger les ressources\",\"item\":\"https:\/\/dev-durable.agglo-larochelle.fr\/2022\/une-agglo-sobre-et-durable\/proteger-les-ressources\/\"},{\"@type\":\"ListItem\",\"position\":4,\"name\":\"Les replantations d\u2019arbres sont aid\u00e9es sur tout le territoire communautaire\"}]},{\"@type\":\"WebSite\",\"@id\":\"https:\/\/dev-durable.agglo-larochelle.fr\/2022\/#website\",\"url\":\"https:\/\/dev-durable.agglo-larochelle.fr\/2022\/\",\"name\":\"Rapport du d\u00e9veloppement durable - 2022\",\"description\":\"Rapport 2022 du d\u00e9veloppement durable\",\"alternateName\":\"Communaut\u00e9 d'Agglom\u00e9ration de La Rochelle\",\"potentialAction\":[{\"@type\":\"SearchAction\",\"target\":{\"@type\":\"EntryPoint\",\"urlTemplate\":\"https:\/\/dev-durable.agglo-larochelle.fr\/2022\/?s={search_term_string}\"},\"query-input\":\"required name=search_term_string\"}],\"inLanguage\":\"fr-FR\"}]}<\/script>\n<!-- \/ Yoast SEO plugin. -->","yoast_head_json":{"title":"Les replantations d\u2019arbres sont aid\u00e9es sur tout le territoire communautaire - Rapport du d\u00e9veloppement durable","robots":{"index":"index","follow":"follow","max-snippet":"max-snippet:-1","max-image-preview":"max-image-preview:large","max-video-preview":"max-video-preview:-1"},"canonical":"https:\/\/dev-durable.agglo-larochelle.fr\/2022\/une-agglo-sobre-et-durable\/proteger-les-ressources\/realisation-dune-etude-danimation-fonciere-et-agricole-2\/","og_locale":"fr_FR","og_type":"article","og_title":"Les replantations d\u2019arbres sont aid\u00e9es sur tout le territoire communautaire - Rapport du d\u00e9veloppement durable","og_description":"L\u2019Agglom\u00e9ration accompagne les communes-membres dans leurs projets de plantation d\u2019arbres, via un fonds de concours \u00ab\u00a0renforcement de la trame verte\u00a0\u00bb. Ces projets participent \u00e0 la biodiversit\u00e9 locale, \u00e0 la qualit\u00e9 des paysages et \u00e0 la lutte contre le changement climatique.\u00a0 Les plantations sont r\u00e9alis\u00e9es sous ma\u00eetrise d\u2019ouvrage communale selon un cahier des charges d\u00e9fini : [&hellip;]","og_url":"https:\/\/dev-durable.agglo-larochelle.fr\/2022\/une-agglo-sobre-et-durable\/proteger-les-ressources\/realisation-dune-etude-danimation-fonciere-et-agricole-2\/","og_site_name":"Rapport du d\u00e9veloppement durable","article_modified_time":"2022-12-08T11:48:05+00:00","og_image":[{"width":650,"height":300,"url":"https:\/\/dev-durable.agglo-larochelle.fr\/2022\/wp-content\/uploads\/2022\/12\/plantation_AdobeStock_125257165.jpg","type":"image\/jpeg"}],"twitter_card":"summary_large_image","twitter_misc":{"Dur\u00e9e de lecture estim\u00e9e":"1 minute"},"schema":{"@context":"https:\/\/schema.org","@graph":[{"@type":"WebPage","@id":"https:\/\/dev-durable.agglo-larochelle.fr\/2022\/une-agglo-sobre-et-durable\/proteger-les-ressources\/realisation-dune-etude-danimation-fonciere-et-agricole-2\/","url":"https:\/\/dev-durable.agglo-larochelle.fr\/2022\/une-agglo-sobre-et-durable\/proteger-les-ressources\/realisation-dune-etude-danimation-fonciere-et-agricole-2\/","name":"Les replantations d\u2019arbres sont aid\u00e9es sur tout le territoire communautaire - Rapport du d\u00e9veloppement durable","isPartOf":{"@id":"https:\/\/dev-durable.agglo-larochelle.fr\/2022\/#website"},"datePublished":"2021-11-25T13:37:59+00:00","dateModified":"2022-12-08T11:48:05+00:00","breadcrumb":{"@id":"https:\/\/dev-durable.agglo-larochelle.fr\/2022\/une-agglo-sobre-et-durable\/proteger-les-ressources\/realisation-dune-etude-danimation-fonciere-et-agricole-2\/#breadcrumb"},"inLanguage":"fr-FR","potentialAction":[{"@type":"ReadAction","target":["https:\/\/dev-durable.agglo-larochelle.fr\/2022\/une-agglo-sobre-et-durable\/proteger-les-ressources\/realisation-dune-etude-danimation-fonciere-et-agricole-2\/"]}]},{"@type":"BreadcrumbList","@id":"https:\/\/dev-durable.agglo-larochelle.fr\/2022\/une-agglo-sobre-et-durable\/proteger-les-ressources\/realisation-dune-etude-danimation-fonciere-et-agricole-2\/#breadcrumb","itemListElement":[{"@type":"ListItem","position":1,"name":"Accueil","item":"https:\/\/dev-durable.agglo-larochelle.fr\/2022\/"},{"@type":"ListItem","position":2,"name":"Une Agglo sobre et durable","item":"https:\/\/dev-durable.agglo-larochelle.fr\/2022\/une-agglo-sobre-et-durable\/"},{"@type":"ListItem","position":3,"name":"Prot\u00e9ger les ressources","item":"https:\/\/dev-durable.agglo-larochelle.fr\/2022\/une-agglo-sobre-et-durable\/proteger-les-ressources\/"},{"@type":"ListItem","position":4,"name":"Les replantations d\u2019arbres sont aid\u00e9es sur tout le territoire communautaire"}]},{"@type":"WebSite","@id":"https:\/\/dev-durable.agglo-larochelle.fr\/2022\/#website","url":"https:\/\/dev-durable.agglo-larochelle.fr\/2022\/","name":"Rapport du d\u00e9veloppement durable - 2022","description":"Rapport 2022 du d\u00e9veloppement durable","alternateName":"Communaut\u00e9 d'Agglom\u00e9ration de La Rochelle","potentialAction":[{"@type":"SearchAction","target":{"@type":"EntryPoint","urlTemplate":"https:\/\/dev-durable.agglo-larochelle.fr\/2022\/?s={search_term_string}"},"query-input":"required name=search_term_string"}],"inLanguage":"fr-FR"}]}},"_links":{"self":[{"href":"https:\/\/dev-durable.agglo-larochelle.fr\/2022\/wp-json\/wp\/v2\/pages\/2081"}],"collection":[{"href":"https:\/\/dev-durable.agglo-larochelle.fr\/2022\/wp-json\/wp\/v2\/pages"}],"about":[{"href":"https:\/\/dev-durable.agglo-larochelle.fr\/2022\/wp-json\/wp\/v2\/types\/page"}],"author":[{"embeddable":true,"href":"https:\/\/dev-durable.agglo-larochelle.fr\/2022\/wp-json\/wp\/v2\/users\/1"}],"replies":[{"embeddable":true,"href":"https:\/\/dev-durable.agglo-larochelle.fr\/2022\/wp-json\/wp\/v2\/comments?post=2081"}],"version-history":[{"count":6,"href":"https:\/\/dev-durable.agglo-larochelle.fr\/2022\/wp-json\/wp\/v2\/pages\/2081\/revisions"}],"predecessor-version":[{"id":2738,"href":"https:\/\/dev-durable.agglo-larochelle.fr\/2022\/wp-json\/wp\/v2\/pages\/2081\/revisions\/2738"}],"up":[{"embeddable":true,"href":"https:\/\/dev-durable.agglo-larochelle.fr\/2022\/wp-json\/wp\/v2\/pages\/2072"}],"wp:featuredmedia":[{"embeddable":true,"href":"https:\/\/dev-durable.agglo-larochelle.fr\/2022\/wp-json\/wp\/v2\/media\/2909"}],"wp:attachment":[{"href":"https:\/\/dev-durable.agglo-larochelle.fr\/2022\/wp-json\/wp\/v2\/media?parent=2081"}],"curies":[{"name":"wp","href":"https:\/\/api.w.org\/{rel}","templated":true}]}}