{"id":2084,"date":"2021-11-25T14:40:59","date_gmt":"2021-11-25T13:40:59","guid":{"rendered":"https:\/\/dev-durable.agglo-larochelle.fr\/20226.0.2\/?page_id=2084"},"modified":"2022-12-08T19:08:05","modified_gmt":"2022-12-08T18:08:05","slug":"la-gestion-integree-des-eaux-pluviales-irrigue-les-futurs-projets-damenagement","status":"publish","type":"page","link":"https:\/\/dev-durable.agglo-larochelle.fr\/2022\/une-agglo-sobre-et-durable\/proteger-les-ressources\/la-gestion-integree-des-eaux-pluviales-irrigue-les-futurs-projets-damenagement\/","title":{"rendered":"Pr\u00e9vention, nouveau sch\u00e9ma de collecte, tri \u00e0 la source et fiscalit\u00e9 incitative orientent la nouvelle strat\u00e9gie d\u00e9chets"},"content":{"rendered":"<p><strong>L\u2019Agglom\u00e9ration de La Rochelle red\u00e9finit sa \u00ab strat\u00e9gie d\u00e9chets \u00bb.<\/strong><\/p>\n<p>L\u2019adoption d\u2019une nouvelle \u00ab strat\u00e9gie d\u00e9chets \u00bb permet de r\u00e9pondre aux enjeux environnementaux, r\u00e9glementaires tant en garantissant une ma\u00eetrise des co\u00fbts du service public de gestion des d\u00e9chets. Elle fixe les orientations suivantes : renforcement de la politique de pr\u00e9vention aupr\u00e8s des usagers et instauration du tri \u00e0 la source des biod\u00e9chets, en privil\u00e9giant le compostage de proximit\u00e9\u00a0\u00a0; am\u00e9lioration des dispositifs de collecte s\u00e9lective ; instauration d\u2019une tarification incitative, index\u00e9e sur la consommation r\u00e9elle du service par le m\u00e9nage ou le professionnel, ainsi qu\u2019une redevance sp\u00e9ciale pour les professionnels et les administrations. L\u2019ensemble de ces mesures vise \u00e0 atteindre l\u2019objectif de &#8211; 15% de d\u00e9chets m\u00e9nagers et assimil\u00e9s par habitant \u00e0 l\u2019horizon 2030 (par rapport \u00e0 2010), soit un effort suppl\u00e9mentaire de plus de 60kg par habitant et par an (par rapport \u00e0 2019).<\/p>\n","protected":false},"excerpt":{"rendered":"<p>L\u2019Agglom\u00e9ration de La Rochelle red\u00e9finit sa \u00ab strat\u00e9gie d\u00e9chets \u00bb. L\u2019adoption d\u2019une nouvelle \u00ab strat\u00e9gie d\u00e9chets \u00bb permet de r\u00e9pondre aux enjeux environnementaux, r\u00e9glementaires tant en garantissant une ma\u00eetrise des co\u00fbts du service public de gestion des d\u00e9chets. Elle fixe les orientations suivantes : renforcement de la politique de pr\u00e9vention aupr\u00e8s des usagers et instauration [&hellip;]<\/p>\n","protected":false},"author":1,"featured_media":2355,"parent":2072,"menu_order":5,"comment_status":"closed","ping_status":"closed","template":"page-sous-partie.php","meta":[],"acf":[],"yoast_head":"<!-- This site is optimized with the Yoast SEO plugin v19.12 - https:\/\/yoast.com\/wordpress\/plugins\/seo\/ -->\n<title>Pr\u00e9vention, nouveau sch\u00e9ma de collecte, tri \u00e0 la source et fiscalit\u00e9 incitative orientent la nouvelle strat\u00e9gie d\u00e9chets - Rapport du d\u00e9veloppement durable<\/title>\n<meta name=\"robots\" content=\"index, follow, max-snippet:-1, max-image-preview:large, max-video-preview:-1\" \/>\n<link rel=\"canonical\" href=\"https:\/\/dev-durable.agglo-larochelle.fr\/2022\/une-agglo-sobre-et-durable\/proteger-les-ressources\/la-gestion-integree-des-eaux-pluviales-irrigue-les-futurs-projets-damenagement\/\" \/>\n<meta property=\"og:locale\" content=\"fr_FR\" \/>\n<meta property=\"og:type\" content=\"article\" \/>\n<meta property=\"og:title\" content=\"Pr\u00e9vention, nouveau sch\u00e9ma de collecte, tri \u00e0 la source et fiscalit\u00e9 incitative orientent la nouvelle strat\u00e9gie d\u00e9chets - Rapport du d\u00e9veloppement durable\" \/>\n<meta property=\"og:description\" content=\"L\u2019Agglom\u00e9ration de La Rochelle red\u00e9finit sa \u00ab strat\u00e9gie d\u00e9chets \u00bb. L\u2019adoption d\u2019une nouvelle \u00ab strat\u00e9gie d\u00e9chets \u00bb permet de r\u00e9pondre aux enjeux environnementaux, r\u00e9glementaires tant en garantissant une ma\u00eetrise des co\u00fbts du service public de gestion des d\u00e9chets. Elle fixe les orientations suivantes : renforcement de la politique de pr\u00e9vention aupr\u00e8s des usagers et instauration [&hellip;]\" \/>\n<meta property=\"og:url\" content=\"https:\/\/dev-durable.agglo-larochelle.fr\/2022\/une-agglo-sobre-et-durable\/proteger-les-ressources\/la-gestion-integree-des-eaux-pluviales-irrigue-les-futurs-projets-damenagement\/\" \/>\n<meta property=\"og:site_name\" content=\"Rapport du d\u00e9veloppement durable\" \/>\n<meta property=\"article:modified_time\" content=\"2022-12-08T18:08:05+00:00\" \/>\n<meta property=\"og:image\" content=\"https:\/\/dev-durable.agglo-larochelle.fr\/2022\/wp-content\/uploads\/2021\/12\/dechets-CA_035383.jpg\" \/>\n\t<meta property=\"og:image:width\" content=\"1775\" \/>\n\t<meta property=\"og:image:height\" content=\"1181\" \/>\n\t<meta property=\"og:image:type\" content=\"image\/jpeg\" \/>\n<meta name=\"twitter:card\" content=\"summary_large_image\" \/>\n<meta name=\"twitter:label1\" content=\"Dur\u00e9e de lecture estim\u00e9e\" \/>\n\t<meta name=\"twitter:data1\" content=\"1 minute\" \/>\n<script type=\"application\/ld+json\" class=\"yoast-schema-graph\">{\"@context\":\"https:\/\/schema.org\",\"@graph\":[{\"@type\":\"WebPage\",\"@id\":\"https:\/\/dev-durable.agglo-larochelle.fr\/2022\/une-agglo-sobre-et-durable\/proteger-les-ressources\/la-gestion-integree-des-eaux-pluviales-irrigue-les-futurs-projets-damenagement\/\",\"url\":\"https:\/\/dev-durable.agglo-larochelle.fr\/2022\/une-agglo-sobre-et-durable\/proteger-les-ressources\/la-gestion-integree-des-eaux-pluviales-irrigue-les-futurs-projets-damenagement\/\",\"name\":\"Pr\u00e9vention, nouveau sch\u00e9ma de collecte, tri \u00e0 la source et fiscalit\u00e9 incitative orientent la nouvelle strat\u00e9gie d\u00e9chets - Rapport du d\u00e9veloppement durable\",\"isPartOf\":{\"@id\":\"https:\/\/dev-durable.agglo-larochelle.fr\/2022\/#website\"},\"datePublished\":\"2021-11-25T13:40:59+00:00\",\"dateModified\":\"2022-12-08T18:08:05+00:00\",\"breadcrumb\":{\"@id\":\"https:\/\/dev-durable.agglo-larochelle.fr\/2022\/une-agglo-sobre-et-durable\/proteger-les-ressources\/la-gestion-integree-des-eaux-pluviales-irrigue-les-futurs-projets-damenagement\/#breadcrumb\"},\"inLanguage\":\"fr-FR\",\"potentialAction\":[{\"@type\":\"ReadAction\",\"target\":[\"https:\/\/dev-durable.agglo-larochelle.fr\/2022\/une-agglo-sobre-et-durable\/proteger-les-ressources\/la-gestion-integree-des-eaux-pluviales-irrigue-les-futurs-projets-damenagement\/\"]}]},{\"@type\":\"BreadcrumbList\",\"@id\":\"https:\/\/dev-durable.agglo-larochelle.fr\/2022\/une-agglo-sobre-et-durable\/proteger-les-ressources\/la-gestion-integree-des-eaux-pluviales-irrigue-les-futurs-projets-damenagement\/#breadcrumb\",\"itemListElement\":[{\"@type\":\"ListItem\",\"position\":1,\"name\":\"Accueil\",\"item\":\"https:\/\/dev-durable.agglo-larochelle.fr\/2022\/\"},{\"@type\":\"ListItem\",\"position\":2,\"name\":\"Une Agglo sobre et durable\",\"item\":\"https:\/\/dev-durable.agglo-larochelle.fr\/2022\/une-agglo-sobre-et-durable\/\"},{\"@type\":\"ListItem\",\"position\":3,\"name\":\"Prot\u00e9ger les ressources\",\"item\":\"https:\/\/dev-durable.agglo-larochelle.fr\/2022\/une-agglo-sobre-et-durable\/proteger-les-ressources\/\"},{\"@type\":\"ListItem\",\"position\":4,\"name\":\"Pr\u00e9vention, nouveau sch\u00e9ma de collecte, tri \u00e0 la source et fiscalit\u00e9 incitative orientent la nouvelle strat\u00e9gie d\u00e9chets\"}]},{\"@type\":\"WebSite\",\"@id\":\"https:\/\/dev-durable.agglo-larochelle.fr\/2022\/#website\",\"url\":\"https:\/\/dev-durable.agglo-larochelle.fr\/2022\/\",\"name\":\"Rapport du d\u00e9veloppement durable - 2022\",\"description\":\"Rapport 2022 du d\u00e9veloppement durable\",\"alternateName\":\"Communaut\u00e9 d'Agglom\u00e9ration de La Rochelle\",\"potentialAction\":[{\"@type\":\"SearchAction\",\"target\":{\"@type\":\"EntryPoint\",\"urlTemplate\":\"https:\/\/dev-durable.agglo-larochelle.fr\/2022\/?s={search_term_string}\"},\"query-input\":\"required name=search_term_string\"}],\"inLanguage\":\"fr-FR\"}]}<\/script>\n<!-- \/ Yoast SEO plugin. -->","yoast_head_json":{"title":"Pr\u00e9vention, nouveau sch\u00e9ma de collecte, tri \u00e0 la source et fiscalit\u00e9 incitative orientent la nouvelle strat\u00e9gie d\u00e9chets - Rapport du d\u00e9veloppement durable","robots":{"index":"index","follow":"follow","max-snippet":"max-snippet:-1","max-image-preview":"max-image-preview:large","max-video-preview":"max-video-preview:-1"},"canonical":"https:\/\/dev-durable.agglo-larochelle.fr\/2022\/une-agglo-sobre-et-durable\/proteger-les-ressources\/la-gestion-integree-des-eaux-pluviales-irrigue-les-futurs-projets-damenagement\/","og_locale":"fr_FR","og_type":"article","og_title":"Pr\u00e9vention, nouveau sch\u00e9ma de collecte, tri \u00e0 la source et fiscalit\u00e9 incitative orientent la nouvelle strat\u00e9gie d\u00e9chets - Rapport du d\u00e9veloppement durable","og_description":"L\u2019Agglom\u00e9ration de La Rochelle red\u00e9finit sa \u00ab strat\u00e9gie d\u00e9chets \u00bb. L\u2019adoption d\u2019une nouvelle \u00ab strat\u00e9gie d\u00e9chets \u00bb permet de r\u00e9pondre aux enjeux environnementaux, r\u00e9glementaires tant en garantissant une ma\u00eetrise des co\u00fbts du service public de gestion des d\u00e9chets. Elle fixe les orientations suivantes : renforcement de la politique de pr\u00e9vention aupr\u00e8s des usagers et instauration [&hellip;]","og_url":"https:\/\/dev-durable.agglo-larochelle.fr\/2022\/une-agglo-sobre-et-durable\/proteger-les-ressources\/la-gestion-integree-des-eaux-pluviales-irrigue-les-futurs-projets-damenagement\/","og_site_name":"Rapport du d\u00e9veloppement durable","article_modified_time":"2022-12-08T18:08:05+00:00","og_image":[{"width":1775,"height":1181,"url":"https:\/\/dev-durable.agglo-larochelle.fr\/2022\/wp-content\/uploads\/2021\/12\/dechets-CA_035383.jpg","type":"image\/jpeg"}],"twitter_card":"summary_large_image","twitter_misc":{"Dur\u00e9e de lecture estim\u00e9e":"1 minute"},"schema":{"@context":"https:\/\/schema.org","@graph":[{"@type":"WebPage","@id":"https:\/\/dev-durable.agglo-larochelle.fr\/2022\/une-agglo-sobre-et-durable\/proteger-les-ressources\/la-gestion-integree-des-eaux-pluviales-irrigue-les-futurs-projets-damenagement\/","url":"https:\/\/dev-durable.agglo-larochelle.fr\/2022\/une-agglo-sobre-et-durable\/proteger-les-ressources\/la-gestion-integree-des-eaux-pluviales-irrigue-les-futurs-projets-damenagement\/","name":"Pr\u00e9vention, nouveau sch\u00e9ma de collecte, tri \u00e0 la source et fiscalit\u00e9 incitative orientent la nouvelle strat\u00e9gie d\u00e9chets - Rapport du d\u00e9veloppement durable","isPartOf":{"@id":"https:\/\/dev-durable.agglo-larochelle.fr\/2022\/#website"},"datePublished":"2021-11-25T13:40:59+00:00","dateModified":"2022-12-08T18:08:05+00:00","breadcrumb":{"@id":"https:\/\/dev-durable.agglo-larochelle.fr\/2022\/une-agglo-sobre-et-durable\/proteger-les-ressources\/la-gestion-integree-des-eaux-pluviales-irrigue-les-futurs-projets-damenagement\/#breadcrumb"},"inLanguage":"fr-FR","potentialAction":[{"@type":"ReadAction","target":["https:\/\/dev-durable.agglo-larochelle.fr\/2022\/une-agglo-sobre-et-durable\/proteger-les-ressources\/la-gestion-integree-des-eaux-pluviales-irrigue-les-futurs-projets-damenagement\/"]}]},{"@type":"BreadcrumbList","@id":"https:\/\/dev-durable.agglo-larochelle.fr\/2022\/une-agglo-sobre-et-durable\/proteger-les-ressources\/la-gestion-integree-des-eaux-pluviales-irrigue-les-futurs-projets-damenagement\/#breadcrumb","itemListElement":[{"@type":"ListItem","position":1,"name":"Accueil","item":"https:\/\/dev-durable.agglo-larochelle.fr\/2022\/"},{"@type":"ListItem","position":2,"name":"Une Agglo sobre et durable","item":"https:\/\/dev-durable.agglo-larochelle.fr\/2022\/une-agglo-sobre-et-durable\/"},{"@type":"ListItem","position":3,"name":"Prot\u00e9ger les ressources","item":"https:\/\/dev-durable.agglo-larochelle.fr\/2022\/une-agglo-sobre-et-durable\/proteger-les-ressources\/"},{"@type":"ListItem","position":4,"name":"Pr\u00e9vention, nouveau sch\u00e9ma de collecte, tri \u00e0 la source et fiscalit\u00e9 incitative orientent la nouvelle strat\u00e9gie d\u00e9chets"}]},{"@type":"WebSite","@id":"https:\/\/dev-durable.agglo-larochelle.fr\/2022\/#website","url":"https:\/\/dev-durable.agglo-larochelle.fr\/2022\/","name":"Rapport du d\u00e9veloppement durable - 2022","description":"Rapport 2022 du d\u00e9veloppement durable","alternateName":"Communaut\u00e9 d'Agglom\u00e9ration de La Rochelle","potentialAction":[{"@type":"SearchAction","target":{"@type":"EntryPoint","urlTemplate":"https:\/\/dev-durable.agglo-larochelle.fr\/2022\/?s={search_term_string}"},"query-input":"required name=search_term_string"}],"inLanguage":"fr-FR"}]}},"_links":{"self":[{"href":"https:\/\/dev-durable.agglo-larochelle.fr\/2022\/wp-json\/wp\/v2\/pages\/2084"}],"collection":[{"href":"https:\/\/dev-durable.agglo-larochelle.fr\/2022\/wp-json\/wp\/v2\/pages"}],"about":[{"href":"https:\/\/dev-durable.agglo-larochelle.fr\/2022\/wp-json\/wp\/v2\/types\/page"}],"author":[{"embeddable":true,"href":"https:\/\/dev-durable.agglo-larochelle.fr\/2022\/wp-json\/wp\/v2\/users\/1"}],"replies":[{"embeddable":true,"href":"https:\/\/dev-durable.agglo-larochelle.fr\/2022\/wp-json\/wp\/v2\/comments?post=2084"}],"version-history":[{"count":6,"href":"https:\/\/dev-durable.agglo-larochelle.fr\/2022\/wp-json\/wp\/v2\/pages\/2084\/revisions"}],"predecessor-version":[{"id":2966,"href":"https:\/\/dev-durable.agglo-larochelle.fr\/2022\/wp-json\/wp\/v2\/pages\/2084\/revisions\/2966"}],"up":[{"embeddable":true,"href":"https:\/\/dev-durable.agglo-larochelle.fr\/2022\/wp-json\/wp\/v2\/pages\/2072"}],"wp:featuredmedia":[{"embeddable":true,"href":"https:\/\/dev-durable.agglo-larochelle.fr\/2022\/wp-json\/wp\/v2\/media\/2355"}],"wp:attachment":[{"href":"https:\/\/dev-durable.agglo-larochelle.fr\/2022\/wp-json\/wp\/v2\/media?parent=2084"}],"curies":[{"name":"wp","href":"https:\/\/api.w.org\/{rel}","templated":true}]}}