{"id":2089,"date":"2021-11-25T14:46:03","date_gmt":"2021-11-25T13:46:03","guid":{"rendered":"https:\/\/dev-durable.agglo-larochelle.fr\/20226.0.2\/?page_id=2089"},"modified":"2022-12-08T19:15:43","modified_gmt":"2022-12-08T18:15:43","slug":"le-programme-local-de-prevention-des-dechets-menagers-et-assimiles-est-en-cours-delaboration","status":"publish","type":"page","link":"https:\/\/dev-durable.agglo-larochelle.fr\/2022\/une-agglo-sobre-et-durable\/proteger-les-ressources\/le-programme-local-de-prevention-des-dechets-menagers-et-assimiles-est-en-cours-delaboration\/","title":{"rendered":"Le Programme Local de Pr\u00e9vention des D\u00e9chets M\u00e9nagers et Assimil\u00e9s est finalis\u00e9"},"content":{"rendered":"<p><strong>Le Programme Local de Pr\u00e9vention des D\u00e9chets M\u00e9nagers et Assimil\u00e9s (PLPDMA) a \u00e9t\u00e9 finalis\u00e9 pour la p\u00e9riode 2023-2028. Sa mise en place permet \u00e0 l\u2019Agglom\u00e9ration de poursuivre son engagement en faveur de la pr\u00e9vention des d\u00e9chets.<\/strong><\/p>\n<p>Le PLPDMA constitue le volet \u00ab Pr\u00e9vention \u00bb de la nouvelle strat\u00e9gie d\u00e9chets et vise \u00e0 accompagner les habitants, les entreprises et les collectivit\u00e9s en mati\u00e8re de r\u00e9duction des d\u00e9chets et de diminution de leur dangerosit\u00e9. Il s\u2019articule avec les autres d\u00e9marches territoriales, comme La Rochelle Territoire Z\u00e9ro Carbone, le Projet Alimentaire Territorial, Cit\u2019ergie, Plan Climat Air \u00c9nergie Territorial&#8230; L\u2019Agglo a missionn\u00e9 le bureau d\u2019\u00e9tudes INDDIGO pour l\u2019accompagner dans cette phase d\u2019\u00e9laboration, avec la r\u00e9alisation d\u2019un diagnostic fin 2021, la mise en place d\u2019une instance de concertation r\u00e9unissant les services de l\u2019Agglom\u00e9ration et les acteurs locaux, et l\u2019organisation d\u2019ateliers de travail r\u00e9unissant plus de 120 participants pour contribuer \u00e0 la d\u00e9finition d\u2019un programme d\u2019actions. Avant son adoption d\u00e9finitive en Conseil Communautaire en janvier 2023, le projet de PLPDMA a \u00e9t\u00e9 soumis \u00e0 une consultation publique en ligne du 18 novembre au 11 d\u00e9cembre.<\/p>\n","protected":false},"excerpt":{"rendered":"<p>Le Programme Local de Pr\u00e9vention des D\u00e9chets M\u00e9nagers et Assimil\u00e9s (PLPDMA) a \u00e9t\u00e9 finalis\u00e9 pour la p\u00e9riode 2023-2028. Sa mise en place permet \u00e0 l\u2019Agglom\u00e9ration de poursuivre son engagement en faveur de la pr\u00e9vention des d\u00e9chets. Le PLPDMA constitue le volet \u00ab Pr\u00e9vention \u00bb de la nouvelle strat\u00e9gie d\u00e9chets et vise \u00e0 accompagner les habitants, [&hellip;]<\/p>\n","protected":false},"author":1,"featured_media":2350,"parent":2072,"menu_order":7,"comment_status":"closed","ping_status":"closed","template":"page-sous-partie.php","meta":[],"acf":[],"yoast_head":"<!-- This site is optimized with the Yoast SEO plugin v19.12 - https:\/\/yoast.com\/wordpress\/plugins\/seo\/ -->\n<title>Le Programme Local de Pr\u00e9vention des D\u00e9chets M\u00e9nagers et Assimil\u00e9s est finalis\u00e9 - Rapport du d\u00e9veloppement durable<\/title>\n<meta name=\"robots\" content=\"index, follow, max-snippet:-1, max-image-preview:large, max-video-preview:-1\" \/>\n<link rel=\"canonical\" href=\"https:\/\/dev-durable.agglo-larochelle.fr\/2022\/une-agglo-sobre-et-durable\/proteger-les-ressources\/le-programme-local-de-prevention-des-dechets-menagers-et-assimiles-est-en-cours-delaboration\/\" \/>\n<meta property=\"og:locale\" content=\"fr_FR\" \/>\n<meta property=\"og:type\" content=\"article\" \/>\n<meta property=\"og:title\" content=\"Le Programme Local de Pr\u00e9vention des D\u00e9chets M\u00e9nagers et Assimil\u00e9s est finalis\u00e9 - Rapport du d\u00e9veloppement durable\" \/>\n<meta property=\"og:description\" content=\"Le Programme Local de Pr\u00e9vention des D\u00e9chets M\u00e9nagers et Assimil\u00e9s (PLPDMA) a \u00e9t\u00e9 finalis\u00e9 pour la p\u00e9riode 2023-2028. Sa mise en place permet \u00e0 l\u2019Agglom\u00e9ration de poursuivre son engagement en faveur de la pr\u00e9vention des d\u00e9chets. Le PLPDMA constitue le volet \u00ab Pr\u00e9vention \u00bb de la nouvelle strat\u00e9gie d\u00e9chets et vise \u00e0 accompagner les habitants, [&hellip;]\" \/>\n<meta property=\"og:url\" content=\"https:\/\/dev-durable.agglo-larochelle.fr\/2022\/une-agglo-sobre-et-durable\/proteger-les-ressources\/le-programme-local-de-prevention-des-dechets-menagers-et-assimiles-est-en-cours-delaboration\/\" \/>\n<meta property=\"og:site_name\" content=\"Rapport du d\u00e9veloppement durable\" \/>\n<meta property=\"article:modified_time\" content=\"2022-12-08T18:15:43+00:00\" \/>\n<meta property=\"og:image\" content=\"https:\/\/dev-durable.agglo-larochelle.fr\/2022\/wp-content\/uploads\/2021\/12\/AdobeStock_315712732_planete.jpeg\" \/>\n\t<meta property=\"og:image:width\" content=\"1775\" \/>\n\t<meta property=\"og:image:height\" content=\"1181\" \/>\n\t<meta property=\"og:image:type\" content=\"image\/jpeg\" \/>\n<meta name=\"twitter:card\" content=\"summary_large_image\" \/>\n<meta name=\"twitter:label1\" content=\"Dur\u00e9e de lecture estim\u00e9e\" \/>\n\t<meta name=\"twitter:data1\" content=\"1 minute\" \/>\n<script type=\"application\/ld+json\" class=\"yoast-schema-graph\">{\"@context\":\"https:\/\/schema.org\",\"@graph\":[{\"@type\":\"WebPage\",\"@id\":\"https:\/\/dev-durable.agglo-larochelle.fr\/2022\/une-agglo-sobre-et-durable\/proteger-les-ressources\/le-programme-local-de-prevention-des-dechets-menagers-et-assimiles-est-en-cours-delaboration\/\",\"url\":\"https:\/\/dev-durable.agglo-larochelle.fr\/2022\/une-agglo-sobre-et-durable\/proteger-les-ressources\/le-programme-local-de-prevention-des-dechets-menagers-et-assimiles-est-en-cours-delaboration\/\",\"name\":\"Le Programme Local de Pr\u00e9vention des D\u00e9chets M\u00e9nagers et Assimil\u00e9s est finalis\u00e9 - Rapport du d\u00e9veloppement durable\",\"isPartOf\":{\"@id\":\"https:\/\/dev-durable.agglo-larochelle.fr\/2022\/#website\"},\"datePublished\":\"2021-11-25T13:46:03+00:00\",\"dateModified\":\"2022-12-08T18:15:43+00:00\",\"breadcrumb\":{\"@id\":\"https:\/\/dev-durable.agglo-larochelle.fr\/2022\/une-agglo-sobre-et-durable\/proteger-les-ressources\/le-programme-local-de-prevention-des-dechets-menagers-et-assimiles-est-en-cours-delaboration\/#breadcrumb\"},\"inLanguage\":\"fr-FR\",\"potentialAction\":[{\"@type\":\"ReadAction\",\"target\":[\"https:\/\/dev-durable.agglo-larochelle.fr\/2022\/une-agglo-sobre-et-durable\/proteger-les-ressources\/le-programme-local-de-prevention-des-dechets-menagers-et-assimiles-est-en-cours-delaboration\/\"]}]},{\"@type\":\"BreadcrumbList\",\"@id\":\"https:\/\/dev-durable.agglo-larochelle.fr\/2022\/une-agglo-sobre-et-durable\/proteger-les-ressources\/le-programme-local-de-prevention-des-dechets-menagers-et-assimiles-est-en-cours-delaboration\/#breadcrumb\",\"itemListElement\":[{\"@type\":\"ListItem\",\"position\":1,\"name\":\"Accueil\",\"item\":\"https:\/\/dev-durable.agglo-larochelle.fr\/2022\/\"},{\"@type\":\"ListItem\",\"position\":2,\"name\":\"Une Agglo sobre et durable\",\"item\":\"https:\/\/dev-durable.agglo-larochelle.fr\/2022\/une-agglo-sobre-et-durable\/\"},{\"@type\":\"ListItem\",\"position\":3,\"name\":\"Prot\u00e9ger les ressources\",\"item\":\"https:\/\/dev-durable.agglo-larochelle.fr\/2022\/une-agglo-sobre-et-durable\/proteger-les-ressources\/\"},{\"@type\":\"ListItem\",\"position\":4,\"name\":\"Le Programme Local de Pr\u00e9vention des D\u00e9chets M\u00e9nagers et Assimil\u00e9s est finalis\u00e9\"}]},{\"@type\":\"WebSite\",\"@id\":\"https:\/\/dev-durable.agglo-larochelle.fr\/2022\/#website\",\"url\":\"https:\/\/dev-durable.agglo-larochelle.fr\/2022\/\",\"name\":\"Rapport du d\u00e9veloppement durable - 2022\",\"description\":\"Rapport 2022 du d\u00e9veloppement durable\",\"alternateName\":\"Communaut\u00e9 d'Agglom\u00e9ration de La Rochelle\",\"potentialAction\":[{\"@type\":\"SearchAction\",\"target\":{\"@type\":\"EntryPoint\",\"urlTemplate\":\"https:\/\/dev-durable.agglo-larochelle.fr\/2022\/?s={search_term_string}\"},\"query-input\":\"required name=search_term_string\"}],\"inLanguage\":\"fr-FR\"}]}<\/script>\n<!-- \/ Yoast SEO plugin. -->","yoast_head_json":{"title":"Le Programme Local de Pr\u00e9vention des D\u00e9chets M\u00e9nagers et Assimil\u00e9s est finalis\u00e9 - Rapport du d\u00e9veloppement durable","robots":{"index":"index","follow":"follow","max-snippet":"max-snippet:-1","max-image-preview":"max-image-preview:large","max-video-preview":"max-video-preview:-1"},"canonical":"https:\/\/dev-durable.agglo-larochelle.fr\/2022\/une-agglo-sobre-et-durable\/proteger-les-ressources\/le-programme-local-de-prevention-des-dechets-menagers-et-assimiles-est-en-cours-delaboration\/","og_locale":"fr_FR","og_type":"article","og_title":"Le Programme Local de Pr\u00e9vention des D\u00e9chets M\u00e9nagers et Assimil\u00e9s est finalis\u00e9 - Rapport du d\u00e9veloppement durable","og_description":"Le Programme Local de Pr\u00e9vention des D\u00e9chets M\u00e9nagers et Assimil\u00e9s (PLPDMA) a \u00e9t\u00e9 finalis\u00e9 pour la p\u00e9riode 2023-2028. Sa mise en place permet \u00e0 l\u2019Agglom\u00e9ration de poursuivre son engagement en faveur de la pr\u00e9vention des d\u00e9chets. Le PLPDMA constitue le volet \u00ab Pr\u00e9vention \u00bb de la nouvelle strat\u00e9gie d\u00e9chets et vise \u00e0 accompagner les habitants, [&hellip;]","og_url":"https:\/\/dev-durable.agglo-larochelle.fr\/2022\/une-agglo-sobre-et-durable\/proteger-les-ressources\/le-programme-local-de-prevention-des-dechets-menagers-et-assimiles-est-en-cours-delaboration\/","og_site_name":"Rapport du d\u00e9veloppement durable","article_modified_time":"2022-12-08T18:15:43+00:00","og_image":[{"width":1775,"height":1181,"url":"https:\/\/dev-durable.agglo-larochelle.fr\/2022\/wp-content\/uploads\/2021\/12\/AdobeStock_315712732_planete.jpeg","type":"image\/jpeg"}],"twitter_card":"summary_large_image","twitter_misc":{"Dur\u00e9e de lecture estim\u00e9e":"1 minute"},"schema":{"@context":"https:\/\/schema.org","@graph":[{"@type":"WebPage","@id":"https:\/\/dev-durable.agglo-larochelle.fr\/2022\/une-agglo-sobre-et-durable\/proteger-les-ressources\/le-programme-local-de-prevention-des-dechets-menagers-et-assimiles-est-en-cours-delaboration\/","url":"https:\/\/dev-durable.agglo-larochelle.fr\/2022\/une-agglo-sobre-et-durable\/proteger-les-ressources\/le-programme-local-de-prevention-des-dechets-menagers-et-assimiles-est-en-cours-delaboration\/","name":"Le Programme Local de Pr\u00e9vention des D\u00e9chets M\u00e9nagers et Assimil\u00e9s est finalis\u00e9 - Rapport du d\u00e9veloppement durable","isPartOf":{"@id":"https:\/\/dev-durable.agglo-larochelle.fr\/2022\/#website"},"datePublished":"2021-11-25T13:46:03+00:00","dateModified":"2022-12-08T18:15:43+00:00","breadcrumb":{"@id":"https:\/\/dev-durable.agglo-larochelle.fr\/2022\/une-agglo-sobre-et-durable\/proteger-les-ressources\/le-programme-local-de-prevention-des-dechets-menagers-et-assimiles-est-en-cours-delaboration\/#breadcrumb"},"inLanguage":"fr-FR","potentialAction":[{"@type":"ReadAction","target":["https:\/\/dev-durable.agglo-larochelle.fr\/2022\/une-agglo-sobre-et-durable\/proteger-les-ressources\/le-programme-local-de-prevention-des-dechets-menagers-et-assimiles-est-en-cours-delaboration\/"]}]},{"@type":"BreadcrumbList","@id":"https:\/\/dev-durable.agglo-larochelle.fr\/2022\/une-agglo-sobre-et-durable\/proteger-les-ressources\/le-programme-local-de-prevention-des-dechets-menagers-et-assimiles-est-en-cours-delaboration\/#breadcrumb","itemListElement":[{"@type":"ListItem","position":1,"name":"Accueil","item":"https:\/\/dev-durable.agglo-larochelle.fr\/2022\/"},{"@type":"ListItem","position":2,"name":"Une Agglo sobre et durable","item":"https:\/\/dev-durable.agglo-larochelle.fr\/2022\/une-agglo-sobre-et-durable\/"},{"@type":"ListItem","position":3,"name":"Prot\u00e9ger les ressources","item":"https:\/\/dev-durable.agglo-larochelle.fr\/2022\/une-agglo-sobre-et-durable\/proteger-les-ressources\/"},{"@type":"ListItem","position":4,"name":"Le Programme Local de Pr\u00e9vention des D\u00e9chets M\u00e9nagers et Assimil\u00e9s est finalis\u00e9"}]},{"@type":"WebSite","@id":"https:\/\/dev-durable.agglo-larochelle.fr\/2022\/#website","url":"https:\/\/dev-durable.agglo-larochelle.fr\/2022\/","name":"Rapport du d\u00e9veloppement durable - 2022","description":"Rapport 2022 du d\u00e9veloppement durable","alternateName":"Communaut\u00e9 d'Agglom\u00e9ration de La Rochelle","potentialAction":[{"@type":"SearchAction","target":{"@type":"EntryPoint","urlTemplate":"https:\/\/dev-durable.agglo-larochelle.fr\/2022\/?s={search_term_string}"},"query-input":"required name=search_term_string"}],"inLanguage":"fr-FR"}]}},"_links":{"self":[{"href":"https:\/\/dev-durable.agglo-larochelle.fr\/2022\/wp-json\/wp\/v2\/pages\/2089"}],"collection":[{"href":"https:\/\/dev-durable.agglo-larochelle.fr\/2022\/wp-json\/wp\/v2\/pages"}],"about":[{"href":"https:\/\/dev-durable.agglo-larochelle.fr\/2022\/wp-json\/wp\/v2\/types\/page"}],"author":[{"embeddable":true,"href":"https:\/\/dev-durable.agglo-larochelle.fr\/2022\/wp-json\/wp\/v2\/users\/1"}],"replies":[{"embeddable":true,"href":"https:\/\/dev-durable.agglo-larochelle.fr\/2022\/wp-json\/wp\/v2\/comments?post=2089"}],"version-history":[{"count":6,"href":"https:\/\/dev-durable.agglo-larochelle.fr\/2022\/wp-json\/wp\/v2\/pages\/2089\/revisions"}],"predecessor-version":[{"id":2970,"href":"https:\/\/dev-durable.agglo-larochelle.fr\/2022\/wp-json\/wp\/v2\/pages\/2089\/revisions\/2970"}],"up":[{"embeddable":true,"href":"https:\/\/dev-durable.agglo-larochelle.fr\/2022\/wp-json\/wp\/v2\/pages\/2072"}],"wp:featuredmedia":[{"embeddable":true,"href":"https:\/\/dev-durable.agglo-larochelle.fr\/2022\/wp-json\/wp\/v2\/media\/2350"}],"wp:attachment":[{"href":"https:\/\/dev-durable.agglo-larochelle.fr\/2022\/wp-json\/wp\/v2\/media?parent=2089"}],"curies":[{"name":"wp","href":"https:\/\/api.w.org\/{rel}","templated":true}]}}