{"id":2091,"date":"2021-11-25T14:47:25","date_gmt":"2021-11-25T13:47:25","guid":{"rendered":"https:\/\/dev-durable.agglo-larochelle.fr\/20226.0.2\/?page_id=2091"},"modified":"2022-12-08T19:16:46","modified_gmt":"2022-12-08T18:16:46","slug":"loph-generalise-le-compostage-en-pied-dimmeuble-a-port-neuf-et-a-mireuil","status":"publish","type":"page","link":"https:\/\/dev-durable.agglo-larochelle.fr\/2022\/une-agglo-sobre-et-durable\/proteger-les-ressources\/loph-generalise-le-compostage-en-pied-dimmeuble-a-port-neuf-et-a-mireuil\/","title":{"rendered":"Les communes accompagn\u00e9es contre le gaspillage alimentaire mesurent les premiers r\u00e9sultats"},"content":{"rendered":"<p><strong>Dans le cadre de sa politique de pr\u00e9vention des d\u00e9chets, l\u2019Agglom\u00e9ration a accompagn\u00e9 sur deux ans, douze communes dans leur d\u00e9marche de lutte contre le gaspillage alimentaire.<\/strong><\/p>\n<p>Une cinquantaine d\u2019actions anti-gaspi ont \u00e9t\u00e9 men\u00e9es depuis 2020 sur douze restaurants scolaires, \u00ab de la commande \u00e0 l\u2019assiette \u00bb, en passant par l\u2019\u00e9laboration des menus, la pr\u00e9paration des repas, le service et l\u2019environnement de la restauration scolaire. En deux ans, les communes ont r\u00e9duit leur gaspillage alimentaire de 13% \u00e0 70%, et leurs r\u00e9sultats se situent bien en-de\u00e7\u00e0 des moyennes nationales. L\u2019Agglo est intervenue dans quatre classes pour que les \u00e9l\u00e8ves d\u2019une classe pilote puissent devenir des ambassadeurs aupr\u00e8s des autres classes de l\u2019\u00e9cole. Ce dispositif d\u2019accompagnement aupr\u00e8s des communes est relanc\u00e9 pour la p\u00e9riode 2022-2024<\/p>\n","protected":false},"excerpt":{"rendered":"<p>Dans le cadre de sa politique de pr\u00e9vention des d\u00e9chets, l\u2019Agglom\u00e9ration a accompagn\u00e9 sur deux ans, douze communes dans leur d\u00e9marche de lutte contre le gaspillage alimentaire. Une cinquantaine d\u2019actions anti-gaspi ont \u00e9t\u00e9 men\u00e9es depuis 2020 sur douze restaurants scolaires, \u00ab de la commande \u00e0 l\u2019assiette \u00bb, en passant par l\u2019\u00e9laboration des menus, la pr\u00e9paration [&hellip;]<\/p>\n","protected":false},"author":1,"featured_media":2943,"parent":2072,"menu_order":8,"comment_status":"closed","ping_status":"closed","template":"page-sous-partie.php","meta":[],"acf":[],"yoast_head":"<!-- This site is optimized with the Yoast SEO plugin v19.12 - https:\/\/yoast.com\/wordpress\/plugins\/seo\/ -->\n<title>Les communes accompagn\u00e9es contre le gaspillage alimentaire mesurent les premiers r\u00e9sultats - Rapport du d\u00e9veloppement durable<\/title>\n<meta name=\"robots\" content=\"index, follow, max-snippet:-1, max-image-preview:large, max-video-preview:-1\" \/>\n<link rel=\"canonical\" href=\"https:\/\/dev-durable.agglo-larochelle.fr\/2022\/une-agglo-sobre-et-durable\/proteger-les-ressources\/loph-generalise-le-compostage-en-pied-dimmeuble-a-port-neuf-et-a-mireuil\/\" \/>\n<meta property=\"og:locale\" content=\"fr_FR\" \/>\n<meta property=\"og:type\" content=\"article\" \/>\n<meta property=\"og:title\" content=\"Les communes accompagn\u00e9es contre le gaspillage alimentaire mesurent les premiers r\u00e9sultats - Rapport du d\u00e9veloppement durable\" \/>\n<meta property=\"og:description\" content=\"Dans le cadre de sa politique de pr\u00e9vention des d\u00e9chets, l\u2019Agglom\u00e9ration a accompagn\u00e9 sur deux ans, douze communes dans leur d\u00e9marche de lutte contre le gaspillage alimentaire. Une cinquantaine d\u2019actions anti-gaspi ont \u00e9t\u00e9 men\u00e9es depuis 2020 sur douze restaurants scolaires, \u00ab de la commande \u00e0 l\u2019assiette \u00bb, en passant par l\u2019\u00e9laboration des menus, la pr\u00e9paration [&hellip;]\" \/>\n<meta property=\"og:url\" content=\"https:\/\/dev-durable.agglo-larochelle.fr\/2022\/une-agglo-sobre-et-durable\/proteger-les-ressources\/loph-generalise-le-compostage-en-pied-dimmeuble-a-port-neuf-et-a-mireuil\/\" \/>\n<meta property=\"og:site_name\" content=\"Rapport du d\u00e9veloppement durable\" \/>\n<meta property=\"article:modified_time\" content=\"2022-12-08T18:16:46+00:00\" \/>\n<meta property=\"og:image\" content=\"https:\/\/dev-durable.agglo-larochelle.fr\/2022\/wp-content\/uploads\/2022\/12\/atelier_gaspillage_CA_034806.jpg\" \/>\n\t<meta property=\"og:image:width\" content=\"650\" \/>\n\t<meta property=\"og:image:height\" content=\"301\" \/>\n\t<meta property=\"og:image:type\" content=\"image\/jpeg\" \/>\n<meta name=\"twitter:card\" content=\"summary_large_image\" \/>\n<meta name=\"twitter:label1\" content=\"Dur\u00e9e de lecture estim\u00e9e\" \/>\n\t<meta name=\"twitter:data1\" content=\"1 minute\" \/>\n<script type=\"application\/ld+json\" class=\"yoast-schema-graph\">{\"@context\":\"https:\/\/schema.org\",\"@graph\":[{\"@type\":\"WebPage\",\"@id\":\"https:\/\/dev-durable.agglo-larochelle.fr\/2022\/une-agglo-sobre-et-durable\/proteger-les-ressources\/loph-generalise-le-compostage-en-pied-dimmeuble-a-port-neuf-et-a-mireuil\/\",\"url\":\"https:\/\/dev-durable.agglo-larochelle.fr\/2022\/une-agglo-sobre-et-durable\/proteger-les-ressources\/loph-generalise-le-compostage-en-pied-dimmeuble-a-port-neuf-et-a-mireuil\/\",\"name\":\"Les communes accompagn\u00e9es contre le gaspillage alimentaire mesurent les premiers r\u00e9sultats - Rapport du d\u00e9veloppement durable\",\"isPartOf\":{\"@id\":\"https:\/\/dev-durable.agglo-larochelle.fr\/2022\/#website\"},\"datePublished\":\"2021-11-25T13:47:25+00:00\",\"dateModified\":\"2022-12-08T18:16:46+00:00\",\"breadcrumb\":{\"@id\":\"https:\/\/dev-durable.agglo-larochelle.fr\/2022\/une-agglo-sobre-et-durable\/proteger-les-ressources\/loph-generalise-le-compostage-en-pied-dimmeuble-a-port-neuf-et-a-mireuil\/#breadcrumb\"},\"inLanguage\":\"fr-FR\",\"potentialAction\":[{\"@type\":\"ReadAction\",\"target\":[\"https:\/\/dev-durable.agglo-larochelle.fr\/2022\/une-agglo-sobre-et-durable\/proteger-les-ressources\/loph-generalise-le-compostage-en-pied-dimmeuble-a-port-neuf-et-a-mireuil\/\"]}]},{\"@type\":\"BreadcrumbList\",\"@id\":\"https:\/\/dev-durable.agglo-larochelle.fr\/2022\/une-agglo-sobre-et-durable\/proteger-les-ressources\/loph-generalise-le-compostage-en-pied-dimmeuble-a-port-neuf-et-a-mireuil\/#breadcrumb\",\"itemListElement\":[{\"@type\":\"ListItem\",\"position\":1,\"name\":\"Accueil\",\"item\":\"https:\/\/dev-durable.agglo-larochelle.fr\/2022\/\"},{\"@type\":\"ListItem\",\"position\":2,\"name\":\"Une Agglo sobre et durable\",\"item\":\"https:\/\/dev-durable.agglo-larochelle.fr\/2022\/une-agglo-sobre-et-durable\/\"},{\"@type\":\"ListItem\",\"position\":3,\"name\":\"Prot\u00e9ger les ressources\",\"item\":\"https:\/\/dev-durable.agglo-larochelle.fr\/2022\/une-agglo-sobre-et-durable\/proteger-les-ressources\/\"},{\"@type\":\"ListItem\",\"position\":4,\"name\":\"Les communes accompagn\u00e9es contre le gaspillage alimentaire mesurent les premiers r\u00e9sultats\"}]},{\"@type\":\"WebSite\",\"@id\":\"https:\/\/dev-durable.agglo-larochelle.fr\/2022\/#website\",\"url\":\"https:\/\/dev-durable.agglo-larochelle.fr\/2022\/\",\"name\":\"Rapport du d\u00e9veloppement durable - 2022\",\"description\":\"Rapport 2022 du d\u00e9veloppement durable\",\"alternateName\":\"Communaut\u00e9 d'Agglom\u00e9ration de La Rochelle\",\"potentialAction\":[{\"@type\":\"SearchAction\",\"target\":{\"@type\":\"EntryPoint\",\"urlTemplate\":\"https:\/\/dev-durable.agglo-larochelle.fr\/2022\/?s={search_term_string}\"},\"query-input\":\"required name=search_term_string\"}],\"inLanguage\":\"fr-FR\"}]}<\/script>\n<!-- \/ Yoast SEO plugin. -->","yoast_head_json":{"title":"Les communes accompagn\u00e9es contre le gaspillage alimentaire mesurent les premiers r\u00e9sultats - Rapport du d\u00e9veloppement durable","robots":{"index":"index","follow":"follow","max-snippet":"max-snippet:-1","max-image-preview":"max-image-preview:large","max-video-preview":"max-video-preview:-1"},"canonical":"https:\/\/dev-durable.agglo-larochelle.fr\/2022\/une-agglo-sobre-et-durable\/proteger-les-ressources\/loph-generalise-le-compostage-en-pied-dimmeuble-a-port-neuf-et-a-mireuil\/","og_locale":"fr_FR","og_type":"article","og_title":"Les communes accompagn\u00e9es contre le gaspillage alimentaire mesurent les premiers r\u00e9sultats - Rapport du d\u00e9veloppement durable","og_description":"Dans le cadre de sa politique de pr\u00e9vention des d\u00e9chets, l\u2019Agglom\u00e9ration a accompagn\u00e9 sur deux ans, douze communes dans leur d\u00e9marche de lutte contre le gaspillage alimentaire. Une cinquantaine d\u2019actions anti-gaspi ont \u00e9t\u00e9 men\u00e9es depuis 2020 sur douze restaurants scolaires, \u00ab de la commande \u00e0 l\u2019assiette \u00bb, en passant par l\u2019\u00e9laboration des menus, la pr\u00e9paration [&hellip;]","og_url":"https:\/\/dev-durable.agglo-larochelle.fr\/2022\/une-agglo-sobre-et-durable\/proteger-les-ressources\/loph-generalise-le-compostage-en-pied-dimmeuble-a-port-neuf-et-a-mireuil\/","og_site_name":"Rapport du d\u00e9veloppement durable","article_modified_time":"2022-12-08T18:16:46+00:00","og_image":[{"width":650,"height":301,"url":"https:\/\/dev-durable.agglo-larochelle.fr\/2022\/wp-content\/uploads\/2022\/12\/atelier_gaspillage_CA_034806.jpg","type":"image\/jpeg"}],"twitter_card":"summary_large_image","twitter_misc":{"Dur\u00e9e de lecture estim\u00e9e":"1 minute"},"schema":{"@context":"https:\/\/schema.org","@graph":[{"@type":"WebPage","@id":"https:\/\/dev-durable.agglo-larochelle.fr\/2022\/une-agglo-sobre-et-durable\/proteger-les-ressources\/loph-generalise-le-compostage-en-pied-dimmeuble-a-port-neuf-et-a-mireuil\/","url":"https:\/\/dev-durable.agglo-larochelle.fr\/2022\/une-agglo-sobre-et-durable\/proteger-les-ressources\/loph-generalise-le-compostage-en-pied-dimmeuble-a-port-neuf-et-a-mireuil\/","name":"Les communes accompagn\u00e9es contre le gaspillage alimentaire mesurent les premiers r\u00e9sultats - Rapport du d\u00e9veloppement durable","isPartOf":{"@id":"https:\/\/dev-durable.agglo-larochelle.fr\/2022\/#website"},"datePublished":"2021-11-25T13:47:25+00:00","dateModified":"2022-12-08T18:16:46+00:00","breadcrumb":{"@id":"https:\/\/dev-durable.agglo-larochelle.fr\/2022\/une-agglo-sobre-et-durable\/proteger-les-ressources\/loph-generalise-le-compostage-en-pied-dimmeuble-a-port-neuf-et-a-mireuil\/#breadcrumb"},"inLanguage":"fr-FR","potentialAction":[{"@type":"ReadAction","target":["https:\/\/dev-durable.agglo-larochelle.fr\/2022\/une-agglo-sobre-et-durable\/proteger-les-ressources\/loph-generalise-le-compostage-en-pied-dimmeuble-a-port-neuf-et-a-mireuil\/"]}]},{"@type":"BreadcrumbList","@id":"https:\/\/dev-durable.agglo-larochelle.fr\/2022\/une-agglo-sobre-et-durable\/proteger-les-ressources\/loph-generalise-le-compostage-en-pied-dimmeuble-a-port-neuf-et-a-mireuil\/#breadcrumb","itemListElement":[{"@type":"ListItem","position":1,"name":"Accueil","item":"https:\/\/dev-durable.agglo-larochelle.fr\/2022\/"},{"@type":"ListItem","position":2,"name":"Une Agglo sobre et durable","item":"https:\/\/dev-durable.agglo-larochelle.fr\/2022\/une-agglo-sobre-et-durable\/"},{"@type":"ListItem","position":3,"name":"Prot\u00e9ger les ressources","item":"https:\/\/dev-durable.agglo-larochelle.fr\/2022\/une-agglo-sobre-et-durable\/proteger-les-ressources\/"},{"@type":"ListItem","position":4,"name":"Les communes accompagn\u00e9es contre le gaspillage alimentaire mesurent les premiers r\u00e9sultats"}]},{"@type":"WebSite","@id":"https:\/\/dev-durable.agglo-larochelle.fr\/2022\/#website","url":"https:\/\/dev-durable.agglo-larochelle.fr\/2022\/","name":"Rapport du d\u00e9veloppement durable - 2022","description":"Rapport 2022 du d\u00e9veloppement durable","alternateName":"Communaut\u00e9 d'Agglom\u00e9ration de La Rochelle","potentialAction":[{"@type":"SearchAction","target":{"@type":"EntryPoint","urlTemplate":"https:\/\/dev-durable.agglo-larochelle.fr\/2022\/?s={search_term_string}"},"query-input":"required name=search_term_string"}],"inLanguage":"fr-FR"}]}},"_links":{"self":[{"href":"https:\/\/dev-durable.agglo-larochelle.fr\/2022\/wp-json\/wp\/v2\/pages\/2091"}],"collection":[{"href":"https:\/\/dev-durable.agglo-larochelle.fr\/2022\/wp-json\/wp\/v2\/pages"}],"about":[{"href":"https:\/\/dev-durable.agglo-larochelle.fr\/2022\/wp-json\/wp\/v2\/types\/page"}],"author":[{"embeddable":true,"href":"https:\/\/dev-durable.agglo-larochelle.fr\/2022\/wp-json\/wp\/v2\/users\/1"}],"replies":[{"embeddable":true,"href":"https:\/\/dev-durable.agglo-larochelle.fr\/2022\/wp-json\/wp\/v2\/comments?post=2091"}],"version-history":[{"count":6,"href":"https:\/\/dev-durable.agglo-larochelle.fr\/2022\/wp-json\/wp\/v2\/pages\/2091\/revisions"}],"predecessor-version":[{"id":2971,"href":"https:\/\/dev-durable.agglo-larochelle.fr\/2022\/wp-json\/wp\/v2\/pages\/2091\/revisions\/2971"}],"up":[{"embeddable":true,"href":"https:\/\/dev-durable.agglo-larochelle.fr\/2022\/wp-json\/wp\/v2\/pages\/2072"}],"wp:featuredmedia":[{"embeddable":true,"href":"https:\/\/dev-durable.agglo-larochelle.fr\/2022\/wp-json\/wp\/v2\/media\/2943"}],"wp:attachment":[{"href":"https:\/\/dev-durable.agglo-larochelle.fr\/2022\/wp-json\/wp\/v2\/media?parent=2091"}],"curies":[{"name":"wp","href":"https:\/\/api.w.org\/{rel}","templated":true}]}}