{"id":2093,"date":"2021-11-25T14:48:26","date_gmt":"2021-11-25T13:48:26","guid":{"rendered":"https:\/\/dev-durable.agglo-larochelle.fr\/20226.0.2\/?page_id=2093"},"modified":"2022-12-08T13:09:43","modified_gmt":"2022-12-08T12:09:43","slug":"ouverture-des-zones-de-reemploi-en-decheterie-et-de-la-boutique-la-belle-affaire-recyclerie","status":"publish","type":"page","link":"https:\/\/dev-durable.agglo-larochelle.fr\/2022\/une-agglo-sobre-et-durable\/proteger-les-ressources\/ouverture-des-zones-de-reemploi-en-decheterie-et-de-la-boutique-la-belle-affaire-recyclerie\/","title":{"rendered":"Un chatbot en ligne pour r\u00e9pondre rapidement aux questions sur le tri des d\u00e9chets"},"content":{"rendered":"<p><strong>Encourager les habitants \u00e0 trier les d\u00e9chets m\u00e9nagers passe par des dispositifs d\u2019accompagnement facilement accessibles. Le chatbot Trizzy permet de r\u00e9pondre aux questions des usagers.<\/strong><\/p>\n<p>Trizzy est un chatbot (robot de discussion) de gestion et de r\u00e9duction des d\u00e9chets qui favorise l\u2019\u00e9conomie circulaire locale, le r\u00e9emploi et le lien social. Il est en ligne sur le site Internet de l\u2019Agglom\u00e9ration depuis f\u00e9vrier 2022 pour r\u00e9pondre directement et instantan\u00e9ment aux questions des usagers.<\/p>\n","protected":false},"excerpt":{"rendered":"<p>Encourager les habitants \u00e0 trier les d\u00e9chets m\u00e9nagers passe par des dispositifs d\u2019accompagnement facilement accessibles. Le chatbot Trizzy permet de r\u00e9pondre aux questions des usagers. Trizzy est un chatbot (robot de discussion) de gestion et de r\u00e9duction des d\u00e9chets qui favorise l\u2019\u00e9conomie circulaire locale, le r\u00e9emploi et le lien social. Il est en ligne sur [&hellip;]<\/p>\n","protected":false},"author":1,"featured_media":2944,"parent":2072,"menu_order":9,"comment_status":"closed","ping_status":"closed","template":"page-sous-partie.php","meta":[],"acf":[],"yoast_head":"<!-- This site is optimized with the Yoast SEO plugin v19.12 - https:\/\/yoast.com\/wordpress\/plugins\/seo\/ -->\n<title>Un chatbot en ligne pour r\u00e9pondre rapidement aux questions sur le tri des d\u00e9chets - Rapport du d\u00e9veloppement durable<\/title>\n<meta name=\"robots\" content=\"index, follow, max-snippet:-1, max-image-preview:large, max-video-preview:-1\" \/>\n<link rel=\"canonical\" href=\"https:\/\/dev-durable.agglo-larochelle.fr\/2022\/une-agglo-sobre-et-durable\/proteger-les-ressources\/ouverture-des-zones-de-reemploi-en-decheterie-et-de-la-boutique-la-belle-affaire-recyclerie\/\" \/>\n<meta property=\"og:locale\" content=\"fr_FR\" \/>\n<meta property=\"og:type\" content=\"article\" \/>\n<meta property=\"og:title\" content=\"Un chatbot en ligne pour r\u00e9pondre rapidement aux questions sur le tri des d\u00e9chets - Rapport du d\u00e9veloppement durable\" \/>\n<meta property=\"og:description\" content=\"Encourager les habitants \u00e0 trier les d\u00e9chets m\u00e9nagers passe par des dispositifs d\u2019accompagnement facilement accessibles. Le chatbot Trizzy permet de r\u00e9pondre aux questions des usagers. Trizzy est un chatbot (robot de discussion) de gestion et de r\u00e9duction des d\u00e9chets qui favorise l\u2019\u00e9conomie circulaire locale, le r\u00e9emploi et le lien social. Il est en ligne sur [&hellip;]\" \/>\n<meta property=\"og:url\" content=\"https:\/\/dev-durable.agglo-larochelle.fr\/2022\/une-agglo-sobre-et-durable\/proteger-les-ressources\/ouverture-des-zones-de-reemploi-en-decheterie-et-de-la-boutique-la-belle-affaire-recyclerie\/\" \/>\n<meta property=\"og:site_name\" content=\"Rapport du d\u00e9veloppement durable\" \/>\n<meta property=\"article:modified_time\" content=\"2022-12-08T12:09:43+00:00\" \/>\n<meta property=\"og:image\" content=\"https:\/\/dev-durable.agglo-larochelle.fr\/2022\/wp-content\/uploads\/2022\/12\/trizzy-og.png\" \/>\n\t<meta property=\"og:image:width\" content=\"650\" \/>\n\t<meta property=\"og:image:height\" content=\"300\" \/>\n\t<meta property=\"og:image:type\" content=\"image\/png\" \/>\n<meta name=\"twitter:card\" content=\"summary_large_image\" \/>\n<meta name=\"twitter:label1\" content=\"Dur\u00e9e de lecture estim\u00e9e\" \/>\n\t<meta name=\"twitter:data1\" content=\"1 minute\" \/>\n<script type=\"application\/ld+json\" class=\"yoast-schema-graph\">{\"@context\":\"https:\/\/schema.org\",\"@graph\":[{\"@type\":\"WebPage\",\"@id\":\"https:\/\/dev-durable.agglo-larochelle.fr\/2022\/une-agglo-sobre-et-durable\/proteger-les-ressources\/ouverture-des-zones-de-reemploi-en-decheterie-et-de-la-boutique-la-belle-affaire-recyclerie\/\",\"url\":\"https:\/\/dev-durable.agglo-larochelle.fr\/2022\/une-agglo-sobre-et-durable\/proteger-les-ressources\/ouverture-des-zones-de-reemploi-en-decheterie-et-de-la-boutique-la-belle-affaire-recyclerie\/\",\"name\":\"Un chatbot en ligne pour r\u00e9pondre rapidement aux questions sur le tri des d\u00e9chets - Rapport du d\u00e9veloppement durable\",\"isPartOf\":{\"@id\":\"https:\/\/dev-durable.agglo-larochelle.fr\/2022\/#website\"},\"datePublished\":\"2021-11-25T13:48:26+00:00\",\"dateModified\":\"2022-12-08T12:09:43+00:00\",\"breadcrumb\":{\"@id\":\"https:\/\/dev-durable.agglo-larochelle.fr\/2022\/une-agglo-sobre-et-durable\/proteger-les-ressources\/ouverture-des-zones-de-reemploi-en-decheterie-et-de-la-boutique-la-belle-affaire-recyclerie\/#breadcrumb\"},\"inLanguage\":\"fr-FR\",\"potentialAction\":[{\"@type\":\"ReadAction\",\"target\":[\"https:\/\/dev-durable.agglo-larochelle.fr\/2022\/une-agglo-sobre-et-durable\/proteger-les-ressources\/ouverture-des-zones-de-reemploi-en-decheterie-et-de-la-boutique-la-belle-affaire-recyclerie\/\"]}]},{\"@type\":\"BreadcrumbList\",\"@id\":\"https:\/\/dev-durable.agglo-larochelle.fr\/2022\/une-agglo-sobre-et-durable\/proteger-les-ressources\/ouverture-des-zones-de-reemploi-en-decheterie-et-de-la-boutique-la-belle-affaire-recyclerie\/#breadcrumb\",\"itemListElement\":[{\"@type\":\"ListItem\",\"position\":1,\"name\":\"Accueil\",\"item\":\"https:\/\/dev-durable.agglo-larochelle.fr\/2022\/\"},{\"@type\":\"ListItem\",\"position\":2,\"name\":\"Une Agglo sobre et durable\",\"item\":\"https:\/\/dev-durable.agglo-larochelle.fr\/2022\/une-agglo-sobre-et-durable\/\"},{\"@type\":\"ListItem\",\"position\":3,\"name\":\"Prot\u00e9ger les ressources\",\"item\":\"https:\/\/dev-durable.agglo-larochelle.fr\/2022\/une-agglo-sobre-et-durable\/proteger-les-ressources\/\"},{\"@type\":\"ListItem\",\"position\":4,\"name\":\"Un chatbot en ligne pour r\u00e9pondre rapidement aux questions sur le tri des d\u00e9chets\"}]},{\"@type\":\"WebSite\",\"@id\":\"https:\/\/dev-durable.agglo-larochelle.fr\/2022\/#website\",\"url\":\"https:\/\/dev-durable.agglo-larochelle.fr\/2022\/\",\"name\":\"Rapport du d\u00e9veloppement durable - 2022\",\"description\":\"Rapport 2022 du d\u00e9veloppement durable\",\"alternateName\":\"Communaut\u00e9 d'Agglom\u00e9ration de La Rochelle\",\"potentialAction\":[{\"@type\":\"SearchAction\",\"target\":{\"@type\":\"EntryPoint\",\"urlTemplate\":\"https:\/\/dev-durable.agglo-larochelle.fr\/2022\/?s={search_term_string}\"},\"query-input\":\"required name=search_term_string\"}],\"inLanguage\":\"fr-FR\"}]}<\/script>\n<!-- \/ Yoast SEO plugin. -->","yoast_head_json":{"title":"Un chatbot en ligne pour r\u00e9pondre rapidement aux questions sur le tri des d\u00e9chets - Rapport du d\u00e9veloppement durable","robots":{"index":"index","follow":"follow","max-snippet":"max-snippet:-1","max-image-preview":"max-image-preview:large","max-video-preview":"max-video-preview:-1"},"canonical":"https:\/\/dev-durable.agglo-larochelle.fr\/2022\/une-agglo-sobre-et-durable\/proteger-les-ressources\/ouverture-des-zones-de-reemploi-en-decheterie-et-de-la-boutique-la-belle-affaire-recyclerie\/","og_locale":"fr_FR","og_type":"article","og_title":"Un chatbot en ligne pour r\u00e9pondre rapidement aux questions sur le tri des d\u00e9chets - Rapport du d\u00e9veloppement durable","og_description":"Encourager les habitants \u00e0 trier les d\u00e9chets m\u00e9nagers passe par des dispositifs d\u2019accompagnement facilement accessibles. Le chatbot Trizzy permet de r\u00e9pondre aux questions des usagers. Trizzy est un chatbot (robot de discussion) de gestion et de r\u00e9duction des d\u00e9chets qui favorise l\u2019\u00e9conomie circulaire locale, le r\u00e9emploi et le lien social. Il est en ligne sur [&hellip;]","og_url":"https:\/\/dev-durable.agglo-larochelle.fr\/2022\/une-agglo-sobre-et-durable\/proteger-les-ressources\/ouverture-des-zones-de-reemploi-en-decheterie-et-de-la-boutique-la-belle-affaire-recyclerie\/","og_site_name":"Rapport du d\u00e9veloppement durable","article_modified_time":"2022-12-08T12:09:43+00:00","og_image":[{"width":650,"height":300,"url":"https:\/\/dev-durable.agglo-larochelle.fr\/2022\/wp-content\/uploads\/2022\/12\/trizzy-og.png","type":"image\/png"}],"twitter_card":"summary_large_image","twitter_misc":{"Dur\u00e9e de lecture estim\u00e9e":"1 minute"},"schema":{"@context":"https:\/\/schema.org","@graph":[{"@type":"WebPage","@id":"https:\/\/dev-durable.agglo-larochelle.fr\/2022\/une-agglo-sobre-et-durable\/proteger-les-ressources\/ouverture-des-zones-de-reemploi-en-decheterie-et-de-la-boutique-la-belle-affaire-recyclerie\/","url":"https:\/\/dev-durable.agglo-larochelle.fr\/2022\/une-agglo-sobre-et-durable\/proteger-les-ressources\/ouverture-des-zones-de-reemploi-en-decheterie-et-de-la-boutique-la-belle-affaire-recyclerie\/","name":"Un chatbot en ligne pour r\u00e9pondre rapidement aux questions sur le tri des d\u00e9chets - Rapport du d\u00e9veloppement durable","isPartOf":{"@id":"https:\/\/dev-durable.agglo-larochelle.fr\/2022\/#website"},"datePublished":"2021-11-25T13:48:26+00:00","dateModified":"2022-12-08T12:09:43+00:00","breadcrumb":{"@id":"https:\/\/dev-durable.agglo-larochelle.fr\/2022\/une-agglo-sobre-et-durable\/proteger-les-ressources\/ouverture-des-zones-de-reemploi-en-decheterie-et-de-la-boutique-la-belle-affaire-recyclerie\/#breadcrumb"},"inLanguage":"fr-FR","potentialAction":[{"@type":"ReadAction","target":["https:\/\/dev-durable.agglo-larochelle.fr\/2022\/une-agglo-sobre-et-durable\/proteger-les-ressources\/ouverture-des-zones-de-reemploi-en-decheterie-et-de-la-boutique-la-belle-affaire-recyclerie\/"]}]},{"@type":"BreadcrumbList","@id":"https:\/\/dev-durable.agglo-larochelle.fr\/2022\/une-agglo-sobre-et-durable\/proteger-les-ressources\/ouverture-des-zones-de-reemploi-en-decheterie-et-de-la-boutique-la-belle-affaire-recyclerie\/#breadcrumb","itemListElement":[{"@type":"ListItem","position":1,"name":"Accueil","item":"https:\/\/dev-durable.agglo-larochelle.fr\/2022\/"},{"@type":"ListItem","position":2,"name":"Une Agglo sobre et durable","item":"https:\/\/dev-durable.agglo-larochelle.fr\/2022\/une-agglo-sobre-et-durable\/"},{"@type":"ListItem","position":3,"name":"Prot\u00e9ger les ressources","item":"https:\/\/dev-durable.agglo-larochelle.fr\/2022\/une-agglo-sobre-et-durable\/proteger-les-ressources\/"},{"@type":"ListItem","position":4,"name":"Un chatbot en ligne pour r\u00e9pondre rapidement aux questions sur le tri des d\u00e9chets"}]},{"@type":"WebSite","@id":"https:\/\/dev-durable.agglo-larochelle.fr\/2022\/#website","url":"https:\/\/dev-durable.agglo-larochelle.fr\/2022\/","name":"Rapport du d\u00e9veloppement durable - 2022","description":"Rapport 2022 du d\u00e9veloppement durable","alternateName":"Communaut\u00e9 d'Agglom\u00e9ration de La Rochelle","potentialAction":[{"@type":"SearchAction","target":{"@type":"EntryPoint","urlTemplate":"https:\/\/dev-durable.agglo-larochelle.fr\/2022\/?s={search_term_string}"},"query-input":"required name=search_term_string"}],"inLanguage":"fr-FR"}]}},"_links":{"self":[{"href":"https:\/\/dev-durable.agglo-larochelle.fr\/2022\/wp-json\/wp\/v2\/pages\/2093"}],"collection":[{"href":"https:\/\/dev-durable.agglo-larochelle.fr\/2022\/wp-json\/wp\/v2\/pages"}],"about":[{"href":"https:\/\/dev-durable.agglo-larochelle.fr\/2022\/wp-json\/wp\/v2\/types\/page"}],"author":[{"embeddable":true,"href":"https:\/\/dev-durable.agglo-larochelle.fr\/2022\/wp-json\/wp\/v2\/users\/1"}],"replies":[{"embeddable":true,"href":"https:\/\/dev-durable.agglo-larochelle.fr\/2022\/wp-json\/wp\/v2\/comments?post=2093"}],"version-history":[{"count":4,"href":"https:\/\/dev-durable.agglo-larochelle.fr\/2022\/wp-json\/wp\/v2\/pages\/2093\/revisions"}],"predecessor-version":[{"id":2755,"href":"https:\/\/dev-durable.agglo-larochelle.fr\/2022\/wp-json\/wp\/v2\/pages\/2093\/revisions\/2755"}],"up":[{"embeddable":true,"href":"https:\/\/dev-durable.agglo-larochelle.fr\/2022\/wp-json\/wp\/v2\/pages\/2072"}],"wp:featuredmedia":[{"embeddable":true,"href":"https:\/\/dev-durable.agglo-larochelle.fr\/2022\/wp-json\/wp\/v2\/media\/2944"}],"wp:attachment":[{"href":"https:\/\/dev-durable.agglo-larochelle.fr\/2022\/wp-json\/wp\/v2\/media?parent=2093"}],"curies":[{"name":"wp","href":"https:\/\/api.w.org\/{rel}","templated":true}]}}