{"id":2095,"date":"2021-11-25T14:52:22","date_gmt":"2021-11-25T13:52:22","guid":{"rendered":"https:\/\/dev-durable.agglo-larochelle.fr\/20226.0.2\/?page_id=2095"},"modified":"2022-12-08T19:17:41","modified_gmt":"2022-12-08T18:17:41","slug":"le-tri-selectif-hors-foyer-sexperimente-dans-la-rue","status":"publish","type":"page","link":"https:\/\/dev-durable.agglo-larochelle.fr\/2022\/une-agglo-sobre-et-durable\/proteger-les-ressources\/le-tri-selectif-hors-foyer-sexperimente-dans-la-rue\/","title":{"rendered":"Le nouveau Centre de valorisation des d\u00e9chets Ouest a ouvert"},"content":{"rendered":"<p><strong>Le Centre de valorisation des d\u00e9chets &#8211; Ouest a ouvert ses portes en f\u00e9vrier. Situ\u00e9 \u00e0 l\u2019emplacement m\u00eame de l\u2019ancienne d\u00e9ch\u00e8terie de Laleu, il permet aux habitants de mieux trier, de mieux valoriser et de r\u00e9duire la part des d\u00e9chets non recyclables.<\/strong><\/p>\n<p>Ce nouveau Centre de valorisation des d\u00e9chets est le 2\u00e8me \u00e9quipement \u00ab nouvelle g\u00e9n\u00e9ration \u00bb de l\u2019Agglom\u00e9ration, apr\u00e8s le Centre de valorisation des d\u00e9chets &#8211; Centre, ouvert l\u2019an dernier \u00e0 P\u00e9rigny.<\/p>\n<p>Sur 11 000 m\u00b2 (au lieu de 2 300 pr\u00e9c\u00e9demment), le Centre de valorisation des d\u00e9chets \u2013 Ouest a une capacit\u00e9 d\u2019accueil de vingt-cinq v\u00e9hicules en m\u00eame temps, des voies de circulation plus larges et s\u00e9curis\u00e9es, neuf bennes \u00e0 quai (contre sept auparavant), des quais couverts, des casiers grand format pour les v\u00e9g\u00e9taux et les gravats, avec d\u00e9p\u00f4t au sol, et plus de fili\u00e8res accept\u00e9es : plaques de pl\u00e2tre, polystyr\u00e8ne, plastiques souples, coquillages\u2026<\/p>\n","protected":false},"excerpt":{"rendered":"<p>Le Centre de valorisation des d\u00e9chets &#8211; Ouest a ouvert ses portes en f\u00e9vrier. Situ\u00e9 \u00e0 l\u2019emplacement m\u00eame de l\u2019ancienne d\u00e9ch\u00e8terie de Laleu, il permet aux habitants de mieux trier, de mieux valoriser et de r\u00e9duire la part des d\u00e9chets non recyclables. Ce nouveau Centre de valorisation des d\u00e9chets est le 2\u00e8me \u00e9quipement \u00ab nouvelle [&hellip;]<\/p>\n","protected":false},"author":1,"featured_media":2189,"parent":2072,"menu_order":10,"comment_status":"closed","ping_status":"closed","template":"page-sous-partie.php","meta":[],"acf":[],"yoast_head":"<!-- This site is optimized with the Yoast SEO plugin v19.12 - https:\/\/yoast.com\/wordpress\/plugins\/seo\/ -->\n<title>Le nouveau Centre de valorisation des d\u00e9chets Ouest a ouvert - Rapport du d\u00e9veloppement durable<\/title>\n<meta name=\"robots\" content=\"index, follow, max-snippet:-1, max-image-preview:large, max-video-preview:-1\" \/>\n<link rel=\"canonical\" href=\"https:\/\/dev-durable.agglo-larochelle.fr\/2022\/une-agglo-sobre-et-durable\/proteger-les-ressources\/le-tri-selectif-hors-foyer-sexperimente-dans-la-rue\/\" \/>\n<meta property=\"og:locale\" content=\"fr_FR\" \/>\n<meta property=\"og:type\" content=\"article\" \/>\n<meta property=\"og:title\" content=\"Le nouveau Centre de valorisation des d\u00e9chets Ouest a ouvert - Rapport du d\u00e9veloppement durable\" \/>\n<meta property=\"og:description\" content=\"Le Centre de valorisation des d\u00e9chets &#8211; Ouest a ouvert ses portes en f\u00e9vrier. Situ\u00e9 \u00e0 l\u2019emplacement m\u00eame de l\u2019ancienne d\u00e9ch\u00e8terie de Laleu, il permet aux habitants de mieux trier, de mieux valoriser et de r\u00e9duire la part des d\u00e9chets non recyclables. Ce nouveau Centre de valorisation des d\u00e9chets est le 2\u00e8me \u00e9quipement \u00ab nouvelle [&hellip;]\" \/>\n<meta property=\"og:url\" content=\"https:\/\/dev-durable.agglo-larochelle.fr\/2022\/une-agglo-sobre-et-durable\/proteger-les-ressources\/le-tri-selectif-hors-foyer-sexperimente-dans-la-rue\/\" \/>\n<meta property=\"og:site_name\" content=\"Rapport du d\u00e9veloppement durable\" \/>\n<meta property=\"article:modified_time\" content=\"2022-12-08T18:17:41+00:00\" \/>\n<meta property=\"og:image\" content=\"https:\/\/dev-durable.agglo-larochelle.fr\/2022\/wp-content\/uploads\/2021\/11\/Centre_valorisation_dechets_Perigny_CA_031341.jpg\" \/>\n\t<meta property=\"og:image:width\" content=\"750\" \/>\n\t<meta property=\"og:image:height\" content=\"499\" \/>\n\t<meta property=\"og:image:type\" content=\"image\/jpeg\" \/>\n<meta name=\"twitter:card\" content=\"summary_large_image\" \/>\n<meta name=\"twitter:label1\" content=\"Dur\u00e9e de lecture estim\u00e9e\" \/>\n\t<meta name=\"twitter:data1\" content=\"1 minute\" \/>\n<script type=\"application\/ld+json\" class=\"yoast-schema-graph\">{\"@context\":\"https:\/\/schema.org\",\"@graph\":[{\"@type\":\"WebPage\",\"@id\":\"https:\/\/dev-durable.agglo-larochelle.fr\/2022\/une-agglo-sobre-et-durable\/proteger-les-ressources\/le-tri-selectif-hors-foyer-sexperimente-dans-la-rue\/\",\"url\":\"https:\/\/dev-durable.agglo-larochelle.fr\/2022\/une-agglo-sobre-et-durable\/proteger-les-ressources\/le-tri-selectif-hors-foyer-sexperimente-dans-la-rue\/\",\"name\":\"Le nouveau Centre de valorisation des d\u00e9chets Ouest a ouvert - Rapport du d\u00e9veloppement durable\",\"isPartOf\":{\"@id\":\"https:\/\/dev-durable.agglo-larochelle.fr\/2022\/#website\"},\"datePublished\":\"2021-11-25T13:52:22+00:00\",\"dateModified\":\"2022-12-08T18:17:41+00:00\",\"breadcrumb\":{\"@id\":\"https:\/\/dev-durable.agglo-larochelle.fr\/2022\/une-agglo-sobre-et-durable\/proteger-les-ressources\/le-tri-selectif-hors-foyer-sexperimente-dans-la-rue\/#breadcrumb\"},\"inLanguage\":\"fr-FR\",\"potentialAction\":[{\"@type\":\"ReadAction\",\"target\":[\"https:\/\/dev-durable.agglo-larochelle.fr\/2022\/une-agglo-sobre-et-durable\/proteger-les-ressources\/le-tri-selectif-hors-foyer-sexperimente-dans-la-rue\/\"]}]},{\"@type\":\"BreadcrumbList\",\"@id\":\"https:\/\/dev-durable.agglo-larochelle.fr\/2022\/une-agglo-sobre-et-durable\/proteger-les-ressources\/le-tri-selectif-hors-foyer-sexperimente-dans-la-rue\/#breadcrumb\",\"itemListElement\":[{\"@type\":\"ListItem\",\"position\":1,\"name\":\"Accueil\",\"item\":\"https:\/\/dev-durable.agglo-larochelle.fr\/2022\/\"},{\"@type\":\"ListItem\",\"position\":2,\"name\":\"Une Agglo sobre et durable\",\"item\":\"https:\/\/dev-durable.agglo-larochelle.fr\/2022\/une-agglo-sobre-et-durable\/\"},{\"@type\":\"ListItem\",\"position\":3,\"name\":\"Prot\u00e9ger les ressources\",\"item\":\"https:\/\/dev-durable.agglo-larochelle.fr\/2022\/une-agglo-sobre-et-durable\/proteger-les-ressources\/\"},{\"@type\":\"ListItem\",\"position\":4,\"name\":\"Le nouveau Centre de valorisation des d\u00e9chets Ouest a ouvert\"}]},{\"@type\":\"WebSite\",\"@id\":\"https:\/\/dev-durable.agglo-larochelle.fr\/2022\/#website\",\"url\":\"https:\/\/dev-durable.agglo-larochelle.fr\/2022\/\",\"name\":\"Rapport du d\u00e9veloppement durable - 2022\",\"description\":\"Rapport 2022 du d\u00e9veloppement durable\",\"alternateName\":\"Communaut\u00e9 d'Agglom\u00e9ration de La Rochelle\",\"potentialAction\":[{\"@type\":\"SearchAction\",\"target\":{\"@type\":\"EntryPoint\",\"urlTemplate\":\"https:\/\/dev-durable.agglo-larochelle.fr\/2022\/?s={search_term_string}\"},\"query-input\":\"required name=search_term_string\"}],\"inLanguage\":\"fr-FR\"}]}<\/script>\n<!-- \/ Yoast SEO plugin. -->","yoast_head_json":{"title":"Le nouveau Centre de valorisation des d\u00e9chets Ouest a ouvert - Rapport du d\u00e9veloppement durable","robots":{"index":"index","follow":"follow","max-snippet":"max-snippet:-1","max-image-preview":"max-image-preview:large","max-video-preview":"max-video-preview:-1"},"canonical":"https:\/\/dev-durable.agglo-larochelle.fr\/2022\/une-agglo-sobre-et-durable\/proteger-les-ressources\/le-tri-selectif-hors-foyer-sexperimente-dans-la-rue\/","og_locale":"fr_FR","og_type":"article","og_title":"Le nouveau Centre de valorisation des d\u00e9chets Ouest a ouvert - Rapport du d\u00e9veloppement durable","og_description":"Le Centre de valorisation des d\u00e9chets &#8211; Ouest a ouvert ses portes en f\u00e9vrier. Situ\u00e9 \u00e0 l\u2019emplacement m\u00eame de l\u2019ancienne d\u00e9ch\u00e8terie de Laleu, il permet aux habitants de mieux trier, de mieux valoriser et de r\u00e9duire la part des d\u00e9chets non recyclables. Ce nouveau Centre de valorisation des d\u00e9chets est le 2\u00e8me \u00e9quipement \u00ab nouvelle [&hellip;]","og_url":"https:\/\/dev-durable.agglo-larochelle.fr\/2022\/une-agglo-sobre-et-durable\/proteger-les-ressources\/le-tri-selectif-hors-foyer-sexperimente-dans-la-rue\/","og_site_name":"Rapport du d\u00e9veloppement durable","article_modified_time":"2022-12-08T18:17:41+00:00","og_image":[{"width":750,"height":499,"url":"https:\/\/dev-durable.agglo-larochelle.fr\/2022\/wp-content\/uploads\/2021\/11\/Centre_valorisation_dechets_Perigny_CA_031341.jpg","type":"image\/jpeg"}],"twitter_card":"summary_large_image","twitter_misc":{"Dur\u00e9e de lecture estim\u00e9e":"1 minute"},"schema":{"@context":"https:\/\/schema.org","@graph":[{"@type":"WebPage","@id":"https:\/\/dev-durable.agglo-larochelle.fr\/2022\/une-agglo-sobre-et-durable\/proteger-les-ressources\/le-tri-selectif-hors-foyer-sexperimente-dans-la-rue\/","url":"https:\/\/dev-durable.agglo-larochelle.fr\/2022\/une-agglo-sobre-et-durable\/proteger-les-ressources\/le-tri-selectif-hors-foyer-sexperimente-dans-la-rue\/","name":"Le nouveau Centre de valorisation des d\u00e9chets Ouest a ouvert - Rapport du d\u00e9veloppement durable","isPartOf":{"@id":"https:\/\/dev-durable.agglo-larochelle.fr\/2022\/#website"},"datePublished":"2021-11-25T13:52:22+00:00","dateModified":"2022-12-08T18:17:41+00:00","breadcrumb":{"@id":"https:\/\/dev-durable.agglo-larochelle.fr\/2022\/une-agglo-sobre-et-durable\/proteger-les-ressources\/le-tri-selectif-hors-foyer-sexperimente-dans-la-rue\/#breadcrumb"},"inLanguage":"fr-FR","potentialAction":[{"@type":"ReadAction","target":["https:\/\/dev-durable.agglo-larochelle.fr\/2022\/une-agglo-sobre-et-durable\/proteger-les-ressources\/le-tri-selectif-hors-foyer-sexperimente-dans-la-rue\/"]}]},{"@type":"BreadcrumbList","@id":"https:\/\/dev-durable.agglo-larochelle.fr\/2022\/une-agglo-sobre-et-durable\/proteger-les-ressources\/le-tri-selectif-hors-foyer-sexperimente-dans-la-rue\/#breadcrumb","itemListElement":[{"@type":"ListItem","position":1,"name":"Accueil","item":"https:\/\/dev-durable.agglo-larochelle.fr\/2022\/"},{"@type":"ListItem","position":2,"name":"Une Agglo sobre et durable","item":"https:\/\/dev-durable.agglo-larochelle.fr\/2022\/une-agglo-sobre-et-durable\/"},{"@type":"ListItem","position":3,"name":"Prot\u00e9ger les ressources","item":"https:\/\/dev-durable.agglo-larochelle.fr\/2022\/une-agglo-sobre-et-durable\/proteger-les-ressources\/"},{"@type":"ListItem","position":4,"name":"Le nouveau Centre de valorisation des d\u00e9chets Ouest a ouvert"}]},{"@type":"WebSite","@id":"https:\/\/dev-durable.agglo-larochelle.fr\/2022\/#website","url":"https:\/\/dev-durable.agglo-larochelle.fr\/2022\/","name":"Rapport du d\u00e9veloppement durable - 2022","description":"Rapport 2022 du d\u00e9veloppement durable","alternateName":"Communaut\u00e9 d'Agglom\u00e9ration de La Rochelle","potentialAction":[{"@type":"SearchAction","target":{"@type":"EntryPoint","urlTemplate":"https:\/\/dev-durable.agglo-larochelle.fr\/2022\/?s={search_term_string}"},"query-input":"required name=search_term_string"}],"inLanguage":"fr-FR"}]}},"_links":{"self":[{"href":"https:\/\/dev-durable.agglo-larochelle.fr\/2022\/wp-json\/wp\/v2\/pages\/2095"}],"collection":[{"href":"https:\/\/dev-durable.agglo-larochelle.fr\/2022\/wp-json\/wp\/v2\/pages"}],"about":[{"href":"https:\/\/dev-durable.agglo-larochelle.fr\/2022\/wp-json\/wp\/v2\/types\/page"}],"author":[{"embeddable":true,"href":"https:\/\/dev-durable.agglo-larochelle.fr\/2022\/wp-json\/wp\/v2\/users\/1"}],"replies":[{"embeddable":true,"href":"https:\/\/dev-durable.agglo-larochelle.fr\/2022\/wp-json\/wp\/v2\/comments?post=2095"}],"version-history":[{"count":6,"href":"https:\/\/dev-durable.agglo-larochelle.fr\/2022\/wp-json\/wp\/v2\/pages\/2095\/revisions"}],"predecessor-version":[{"id":2972,"href":"https:\/\/dev-durable.agglo-larochelle.fr\/2022\/wp-json\/wp\/v2\/pages\/2095\/revisions\/2972"}],"up":[{"embeddable":true,"href":"https:\/\/dev-durable.agglo-larochelle.fr\/2022\/wp-json\/wp\/v2\/pages\/2072"}],"wp:featuredmedia":[{"embeddable":true,"href":"https:\/\/dev-durable.agglo-larochelle.fr\/2022\/wp-json\/wp\/v2\/media\/2189"}],"wp:attachment":[{"href":"https:\/\/dev-durable.agglo-larochelle.fr\/2022\/wp-json\/wp\/v2\/media?parent=2095"}],"curies":[{"name":"wp","href":"https:\/\/api.w.org\/{rel}","templated":true}]}}