{"id":2099,"date":"2021-11-25T14:55:07","date_gmt":"2021-11-25T13:55:07","guid":{"rendered":"https:\/\/dev-durable.agglo-larochelle.fr\/20226.0.2\/?page_id=2099"},"modified":"2022-12-08T13:16:22","modified_gmt":"2022-12-08T12:16:22","slug":"faune-et-flore-sur-le-territoire-letat-des-connaissances-progresse","status":"publish","type":"page","link":"https:\/\/dev-durable.agglo-larochelle.fr\/2022\/une-agglo-sobre-et-durable\/proteger-les-ressources\/faune-et-flore-sur-le-territoire-letat-des-connaissances-progresse\/","title":{"rendered":"Les Bacs \u00e0 mar\u00e9e continuent de collecter les d\u00e9chets marins"},"content":{"rendered":"<p><strong>La SCIC T.E.O., gestionnaire des bacs \u00e0 mar\u00e9e sur le littoral de l\u2019Agglom\u00e9ration, a tir\u00e9 un bilan de trois ann\u00e9es (2018-2021) de collecte.<\/strong><\/p>\n<p>Avec pr\u00e8s de 284 bacs \u00e0 mar\u00e9e r\u00e9partis depuis plusieurs ann\u00e9es sur tout le littoral atlantique, TEO dispose d\u00e9sormais du recul n\u00e9cessaire pour tirer les premiers enseignements de ce dispositif de collecte des macro-d\u00e9chets marins. Sur le littoral de Charente-Maritime, ce sont pr\u00e8s de 64 tonnes de d\u00e9chets qui ont \u00e9t\u00e9 collect\u00e9s, pour un volume de 1 000 m\u00b3. Le bilan de ces collectes permet de cat\u00e9goriser les zones d\u2019accumulation (de faible \u00e0 forte) sur le littoral et les typologies de d\u00e9chets (plastiques valorisables en \u00e9nergie, r\u00e9utilisables, bois, verre, alu\/acier, etc.) et, en remontant \u00e0 leur source, de travailler en amont pour leur r\u00e9duction.<\/p>\n","protected":false},"excerpt":{"rendered":"<p>La SCIC T.E.O., gestionnaire des bacs \u00e0 mar\u00e9e sur le littoral de l\u2019Agglom\u00e9ration, a tir\u00e9 un bilan de trois ann\u00e9es (2018-2021) de collecte. Avec pr\u00e8s de 284 bacs \u00e0 mar\u00e9e r\u00e9partis depuis plusieurs ann\u00e9es sur tout le littoral atlantique, TEO dispose d\u00e9sormais du recul n\u00e9cessaire pour tirer les premiers enseignements de ce dispositif de collecte [&hellip;]<\/p>\n","protected":false},"author":1,"featured_media":2945,"parent":2072,"menu_order":12,"comment_status":"closed","ping_status":"closed","template":"page-sous-partie.php","meta":[],"acf":[],"yoast_head":"<!-- This site is optimized with the Yoast SEO plugin v19.12 - https:\/\/yoast.com\/wordpress\/plugins\/seo\/ -->\n<title>Les Bacs \u00e0 mar\u00e9e continuent de collecter les d\u00e9chets marins - Rapport du d\u00e9veloppement durable<\/title>\n<meta name=\"robots\" content=\"index, follow, max-snippet:-1, max-image-preview:large, max-video-preview:-1\" \/>\n<link rel=\"canonical\" href=\"https:\/\/dev-durable.agglo-larochelle.fr\/2022\/une-agglo-sobre-et-durable\/proteger-les-ressources\/faune-et-flore-sur-le-territoire-letat-des-connaissances-progresse\/\" \/>\n<meta property=\"og:locale\" content=\"fr_FR\" \/>\n<meta property=\"og:type\" content=\"article\" \/>\n<meta property=\"og:title\" content=\"Les Bacs \u00e0 mar\u00e9e continuent de collecter les d\u00e9chets marins - Rapport du d\u00e9veloppement durable\" \/>\n<meta property=\"og:description\" content=\"La SCIC T.E.O., gestionnaire des bacs \u00e0 mar\u00e9e sur le littoral de l\u2019Agglom\u00e9ration, a tir\u00e9 un bilan de trois ann\u00e9es (2018-2021) de collecte. Avec pr\u00e8s de 284 bacs \u00e0 mar\u00e9e r\u00e9partis depuis plusieurs ann\u00e9es sur tout le littoral atlantique, TEO dispose d\u00e9sormais du recul n\u00e9cessaire pour tirer les premiers enseignements de ce dispositif de collecte [&hellip;]\" \/>\n<meta property=\"og:url\" content=\"https:\/\/dev-durable.agglo-larochelle.fr\/2022\/une-agglo-sobre-et-durable\/proteger-les-ressources\/faune-et-flore-sur-le-territoire-letat-des-connaissances-progresse\/\" \/>\n<meta property=\"og:site_name\" content=\"Rapport du d\u00e9veloppement durable\" \/>\n<meta property=\"article:modified_time\" content=\"2022-12-08T12:16:22+00:00\" \/>\n<meta property=\"og:image\" content=\"https:\/\/dev-durable.agglo-larochelle.fr\/2022\/wp-content\/uploads\/2022\/12\/bac_maree_MLRC_118818.jpg\" \/>\n\t<meta property=\"og:image:width\" content=\"650\" \/>\n\t<meta property=\"og:image:height\" content=\"300\" \/>\n\t<meta property=\"og:image:type\" content=\"image\/jpeg\" \/>\n<meta name=\"twitter:card\" content=\"summary_large_image\" \/>\n<meta name=\"twitter:label1\" content=\"Dur\u00e9e de lecture estim\u00e9e\" \/>\n\t<meta name=\"twitter:data1\" content=\"1 minute\" \/>\n<script type=\"application\/ld+json\" class=\"yoast-schema-graph\">{\"@context\":\"https:\/\/schema.org\",\"@graph\":[{\"@type\":\"WebPage\",\"@id\":\"https:\/\/dev-durable.agglo-larochelle.fr\/2022\/une-agglo-sobre-et-durable\/proteger-les-ressources\/faune-et-flore-sur-le-territoire-letat-des-connaissances-progresse\/\",\"url\":\"https:\/\/dev-durable.agglo-larochelle.fr\/2022\/une-agglo-sobre-et-durable\/proteger-les-ressources\/faune-et-flore-sur-le-territoire-letat-des-connaissances-progresse\/\",\"name\":\"Les Bacs \u00e0 mar\u00e9e continuent de collecter les d\u00e9chets marins - Rapport du d\u00e9veloppement durable\",\"isPartOf\":{\"@id\":\"https:\/\/dev-durable.agglo-larochelle.fr\/2022\/#website\"},\"datePublished\":\"2021-11-25T13:55:07+00:00\",\"dateModified\":\"2022-12-08T12:16:22+00:00\",\"breadcrumb\":{\"@id\":\"https:\/\/dev-durable.agglo-larochelle.fr\/2022\/une-agglo-sobre-et-durable\/proteger-les-ressources\/faune-et-flore-sur-le-territoire-letat-des-connaissances-progresse\/#breadcrumb\"},\"inLanguage\":\"fr-FR\",\"potentialAction\":[{\"@type\":\"ReadAction\",\"target\":[\"https:\/\/dev-durable.agglo-larochelle.fr\/2022\/une-agglo-sobre-et-durable\/proteger-les-ressources\/faune-et-flore-sur-le-territoire-letat-des-connaissances-progresse\/\"]}]},{\"@type\":\"BreadcrumbList\",\"@id\":\"https:\/\/dev-durable.agglo-larochelle.fr\/2022\/une-agglo-sobre-et-durable\/proteger-les-ressources\/faune-et-flore-sur-le-territoire-letat-des-connaissances-progresse\/#breadcrumb\",\"itemListElement\":[{\"@type\":\"ListItem\",\"position\":1,\"name\":\"Accueil\",\"item\":\"https:\/\/dev-durable.agglo-larochelle.fr\/2022\/\"},{\"@type\":\"ListItem\",\"position\":2,\"name\":\"Une Agglo sobre et durable\",\"item\":\"https:\/\/dev-durable.agglo-larochelle.fr\/2022\/une-agglo-sobre-et-durable\/\"},{\"@type\":\"ListItem\",\"position\":3,\"name\":\"Prot\u00e9ger les ressources\",\"item\":\"https:\/\/dev-durable.agglo-larochelle.fr\/2022\/une-agglo-sobre-et-durable\/proteger-les-ressources\/\"},{\"@type\":\"ListItem\",\"position\":4,\"name\":\"Les Bacs \u00e0 mar\u00e9e continuent de collecter les d\u00e9chets marins\"}]},{\"@type\":\"WebSite\",\"@id\":\"https:\/\/dev-durable.agglo-larochelle.fr\/2022\/#website\",\"url\":\"https:\/\/dev-durable.agglo-larochelle.fr\/2022\/\",\"name\":\"Rapport du d\u00e9veloppement durable - 2022\",\"description\":\"Rapport 2022 du d\u00e9veloppement durable\",\"alternateName\":\"Communaut\u00e9 d'Agglom\u00e9ration de La Rochelle\",\"potentialAction\":[{\"@type\":\"SearchAction\",\"target\":{\"@type\":\"EntryPoint\",\"urlTemplate\":\"https:\/\/dev-durable.agglo-larochelle.fr\/2022\/?s={search_term_string}\"},\"query-input\":\"required name=search_term_string\"}],\"inLanguage\":\"fr-FR\"}]}<\/script>\n<!-- \/ Yoast SEO plugin. -->","yoast_head_json":{"title":"Les Bacs \u00e0 mar\u00e9e continuent de collecter les d\u00e9chets marins - Rapport du d\u00e9veloppement durable","robots":{"index":"index","follow":"follow","max-snippet":"max-snippet:-1","max-image-preview":"max-image-preview:large","max-video-preview":"max-video-preview:-1"},"canonical":"https:\/\/dev-durable.agglo-larochelle.fr\/2022\/une-agglo-sobre-et-durable\/proteger-les-ressources\/faune-et-flore-sur-le-territoire-letat-des-connaissances-progresse\/","og_locale":"fr_FR","og_type":"article","og_title":"Les Bacs \u00e0 mar\u00e9e continuent de collecter les d\u00e9chets marins - Rapport du d\u00e9veloppement durable","og_description":"La SCIC T.E.O., gestionnaire des bacs \u00e0 mar\u00e9e sur le littoral de l\u2019Agglom\u00e9ration, a tir\u00e9 un bilan de trois ann\u00e9es (2018-2021) de collecte. Avec pr\u00e8s de 284 bacs \u00e0 mar\u00e9e r\u00e9partis depuis plusieurs ann\u00e9es sur tout le littoral atlantique, TEO dispose d\u00e9sormais du recul n\u00e9cessaire pour tirer les premiers enseignements de ce dispositif de collecte [&hellip;]","og_url":"https:\/\/dev-durable.agglo-larochelle.fr\/2022\/une-agglo-sobre-et-durable\/proteger-les-ressources\/faune-et-flore-sur-le-territoire-letat-des-connaissances-progresse\/","og_site_name":"Rapport du d\u00e9veloppement durable","article_modified_time":"2022-12-08T12:16:22+00:00","og_image":[{"width":650,"height":300,"url":"https:\/\/dev-durable.agglo-larochelle.fr\/2022\/wp-content\/uploads\/2022\/12\/bac_maree_MLRC_118818.jpg","type":"image\/jpeg"}],"twitter_card":"summary_large_image","twitter_misc":{"Dur\u00e9e de lecture estim\u00e9e":"1 minute"},"schema":{"@context":"https:\/\/schema.org","@graph":[{"@type":"WebPage","@id":"https:\/\/dev-durable.agglo-larochelle.fr\/2022\/une-agglo-sobre-et-durable\/proteger-les-ressources\/faune-et-flore-sur-le-territoire-letat-des-connaissances-progresse\/","url":"https:\/\/dev-durable.agglo-larochelle.fr\/2022\/une-agglo-sobre-et-durable\/proteger-les-ressources\/faune-et-flore-sur-le-territoire-letat-des-connaissances-progresse\/","name":"Les Bacs \u00e0 mar\u00e9e continuent de collecter les d\u00e9chets marins - Rapport du d\u00e9veloppement durable","isPartOf":{"@id":"https:\/\/dev-durable.agglo-larochelle.fr\/2022\/#website"},"datePublished":"2021-11-25T13:55:07+00:00","dateModified":"2022-12-08T12:16:22+00:00","breadcrumb":{"@id":"https:\/\/dev-durable.agglo-larochelle.fr\/2022\/une-agglo-sobre-et-durable\/proteger-les-ressources\/faune-et-flore-sur-le-territoire-letat-des-connaissances-progresse\/#breadcrumb"},"inLanguage":"fr-FR","potentialAction":[{"@type":"ReadAction","target":["https:\/\/dev-durable.agglo-larochelle.fr\/2022\/une-agglo-sobre-et-durable\/proteger-les-ressources\/faune-et-flore-sur-le-territoire-letat-des-connaissances-progresse\/"]}]},{"@type":"BreadcrumbList","@id":"https:\/\/dev-durable.agglo-larochelle.fr\/2022\/une-agglo-sobre-et-durable\/proteger-les-ressources\/faune-et-flore-sur-le-territoire-letat-des-connaissances-progresse\/#breadcrumb","itemListElement":[{"@type":"ListItem","position":1,"name":"Accueil","item":"https:\/\/dev-durable.agglo-larochelle.fr\/2022\/"},{"@type":"ListItem","position":2,"name":"Une Agglo sobre et durable","item":"https:\/\/dev-durable.agglo-larochelle.fr\/2022\/une-agglo-sobre-et-durable\/"},{"@type":"ListItem","position":3,"name":"Prot\u00e9ger les ressources","item":"https:\/\/dev-durable.agglo-larochelle.fr\/2022\/une-agglo-sobre-et-durable\/proteger-les-ressources\/"},{"@type":"ListItem","position":4,"name":"Les Bacs \u00e0 mar\u00e9e continuent de collecter les d\u00e9chets marins"}]},{"@type":"WebSite","@id":"https:\/\/dev-durable.agglo-larochelle.fr\/2022\/#website","url":"https:\/\/dev-durable.agglo-larochelle.fr\/2022\/","name":"Rapport du d\u00e9veloppement durable - 2022","description":"Rapport 2022 du d\u00e9veloppement durable","alternateName":"Communaut\u00e9 d'Agglom\u00e9ration de La Rochelle","potentialAction":[{"@type":"SearchAction","target":{"@type":"EntryPoint","urlTemplate":"https:\/\/dev-durable.agglo-larochelle.fr\/2022\/?s={search_term_string}"},"query-input":"required name=search_term_string"}],"inLanguage":"fr-FR"}]}},"_links":{"self":[{"href":"https:\/\/dev-durable.agglo-larochelle.fr\/2022\/wp-json\/wp\/v2\/pages\/2099"}],"collection":[{"href":"https:\/\/dev-durable.agglo-larochelle.fr\/2022\/wp-json\/wp\/v2\/pages"}],"about":[{"href":"https:\/\/dev-durable.agglo-larochelle.fr\/2022\/wp-json\/wp\/v2\/types\/page"}],"author":[{"embeddable":true,"href":"https:\/\/dev-durable.agglo-larochelle.fr\/2022\/wp-json\/wp\/v2\/users\/1"}],"replies":[{"embeddable":true,"href":"https:\/\/dev-durable.agglo-larochelle.fr\/2022\/wp-json\/wp\/v2\/comments?post=2099"}],"version-history":[{"count":5,"href":"https:\/\/dev-durable.agglo-larochelle.fr\/2022\/wp-json\/wp\/v2\/pages\/2099\/revisions"}],"predecessor-version":[{"id":2761,"href":"https:\/\/dev-durable.agglo-larochelle.fr\/2022\/wp-json\/wp\/v2\/pages\/2099\/revisions\/2761"}],"up":[{"embeddable":true,"href":"https:\/\/dev-durable.agglo-larochelle.fr\/2022\/wp-json\/wp\/v2\/pages\/2072"}],"wp:featuredmedia":[{"embeddable":true,"href":"https:\/\/dev-durable.agglo-larochelle.fr\/2022\/wp-json\/wp\/v2\/media\/2945"}],"wp:attachment":[{"href":"https:\/\/dev-durable.agglo-larochelle.fr\/2022\/wp-json\/wp\/v2\/media?parent=2099"}],"curies":[{"name":"wp","href":"https:\/\/api.w.org\/{rel}","templated":true}]}}