{"id":2101,"date":"2021-11-25T14:56:47","date_gmt":"2021-11-25T13:56:47","guid":{"rendered":"https:\/\/dev-durable.agglo-larochelle.fr\/20226.0.2\/?page_id=2101"},"modified":"2022-12-08T13:17:39","modified_gmt":"2022-12-08T12:17:39","slug":"le-suivi-de-la-biodiversite-sur-les-sites-de-compensation-est-assure","status":"publish","type":"page","link":"https:\/\/dev-durable.agglo-larochelle.fr\/2022\/une-agglo-sobre-et-durable\/proteger-les-ressources\/le-suivi-de-la-biodiversite-sur-les-sites-de-compensation-est-assure\/","title":{"rendered":"L\u2019observatoire des sols du programme Re-Sources \u00e9value le potentiel de stockage du carbone dans les sols"},"content":{"rendered":"<p><strong>L\u2019\u00e9tude du potentiel de stockage du carbone dans les sols et le comptage de la macrofaune afin d\u2019\u00e9valuer la fertilit\u00e9 biologique permettent de r\u00e9fl\u00e9chir \u00e0 des actions b\u00e9n\u00e9fiques aux exploitants et \u00e0 la collectivit\u00e9.<\/strong><\/p>\n<p>Le projet d\u2019observatoire des sols est issu des ateliers de concertation sur le programme d\u2019actions Re-Sources 2021-2026. Il permet un travail partenarial entre l\u2019Agglom\u00e9ration et les exploitants, par une meilleure compr\u00e9hension des sols et de leur potentiel, et de l\u2019impact des pratiques agricoles. En 2022, un travail d\u2019analyse \u00ab\u00a0carbostock\u00a0\u00bb des terres a cherch\u00e9 \u00e0 mieux comprendre les dynamiques de la mati\u00e8re organique dans les sols. L\u2019objectif est d\u2019\u00e9valuer le potentiel de stockage en carbone, de comparer l\u2019impact de diff\u00e9rentes pratiques agricoles et de discuter des leviers d\u2019actions. Une autre action a concern\u00e9 le comptage de la macrofaune, afin de contribuer \u00e0 l\u2019analyse de la fertilit\u00e9 biologique des sols.<\/p>\n","protected":false},"excerpt":{"rendered":"<p>L\u2019\u00e9tude du potentiel de stockage du carbone dans les sols et le comptage de la macrofaune afin d\u2019\u00e9valuer la fertilit\u00e9 biologique permettent de r\u00e9fl\u00e9chir \u00e0 des actions b\u00e9n\u00e9fiques aux exploitants et \u00e0 la collectivit\u00e9. Le projet d\u2019observatoire des sols est issu des ateliers de concertation sur le programme d\u2019actions Re-Sources 2021-2026. Il permet un travail [&hellip;]<\/p>\n","protected":false},"author":1,"featured_media":2433,"parent":2072,"menu_order":13,"comment_status":"closed","ping_status":"closed","template":"page-sous-partie.php","meta":[],"acf":[],"yoast_head":"<!-- This site is optimized with the Yoast SEO plugin v19.12 - https:\/\/yoast.com\/wordpress\/plugins\/seo\/ -->\n<title>L\u2019observatoire des sols du programme Re-Sources \u00e9value le potentiel de stockage du carbone dans les sols - Rapport du d\u00e9veloppement durable<\/title>\n<meta name=\"robots\" content=\"index, follow, max-snippet:-1, max-image-preview:large, max-video-preview:-1\" \/>\n<link rel=\"canonical\" href=\"https:\/\/dev-durable.agglo-larochelle.fr\/2022\/une-agglo-sobre-et-durable\/proteger-les-ressources\/le-suivi-de-la-biodiversite-sur-les-sites-de-compensation-est-assure\/\" \/>\n<meta property=\"og:locale\" content=\"fr_FR\" \/>\n<meta property=\"og:type\" content=\"article\" \/>\n<meta property=\"og:title\" content=\"L\u2019observatoire des sols du programme Re-Sources \u00e9value le potentiel de stockage du carbone dans les sols - Rapport du d\u00e9veloppement durable\" \/>\n<meta property=\"og:description\" content=\"L\u2019\u00e9tude du potentiel de stockage du carbone dans les sols et le comptage de la macrofaune afin d\u2019\u00e9valuer la fertilit\u00e9 biologique permettent de r\u00e9fl\u00e9chir \u00e0 des actions b\u00e9n\u00e9fiques aux exploitants et \u00e0 la collectivit\u00e9. Le projet d\u2019observatoire des sols est issu des ateliers de concertation sur le programme d\u2019actions Re-Sources 2021-2026. Il permet un travail [&hellip;]\" \/>\n<meta property=\"og:url\" content=\"https:\/\/dev-durable.agglo-larochelle.fr\/2022\/une-agglo-sobre-et-durable\/proteger-les-ressources\/le-suivi-de-la-biodiversite-sur-les-sites-de-compensation-est-assure\/\" \/>\n<meta property=\"og:site_name\" content=\"Rapport du d\u00e9veloppement durable\" \/>\n<meta property=\"article:modified_time\" content=\"2022-12-08T12:17:39+00:00\" \/>\n<meta property=\"og:image\" content=\"https:\/\/dev-durable.agglo-larochelle.fr\/2022\/wp-content\/uploads\/2022\/09\/grandes-dates-rapport-developpement-durable-2020-min.png\" \/>\n\t<meta property=\"og:image:width\" content=\"315\" \/>\n\t<meta property=\"og:image:height\" content=\"200\" \/>\n\t<meta property=\"og:image:type\" content=\"image\/png\" \/>\n<meta name=\"twitter:card\" content=\"summary_large_image\" \/>\n<meta name=\"twitter:label1\" content=\"Dur\u00e9e de lecture estim\u00e9e\" \/>\n\t<meta name=\"twitter:data1\" content=\"1 minute\" \/>\n<script type=\"application\/ld+json\" class=\"yoast-schema-graph\">{\"@context\":\"https:\/\/schema.org\",\"@graph\":[{\"@type\":\"WebPage\",\"@id\":\"https:\/\/dev-durable.agglo-larochelle.fr\/2022\/une-agglo-sobre-et-durable\/proteger-les-ressources\/le-suivi-de-la-biodiversite-sur-les-sites-de-compensation-est-assure\/\",\"url\":\"https:\/\/dev-durable.agglo-larochelle.fr\/2022\/une-agglo-sobre-et-durable\/proteger-les-ressources\/le-suivi-de-la-biodiversite-sur-les-sites-de-compensation-est-assure\/\",\"name\":\"L\u2019observatoire des sols du programme Re-Sources \u00e9value le potentiel de stockage du carbone dans les sols - Rapport du d\u00e9veloppement durable\",\"isPartOf\":{\"@id\":\"https:\/\/dev-durable.agglo-larochelle.fr\/2022\/#website\"},\"datePublished\":\"2021-11-25T13:56:47+00:00\",\"dateModified\":\"2022-12-08T12:17:39+00:00\",\"breadcrumb\":{\"@id\":\"https:\/\/dev-durable.agglo-larochelle.fr\/2022\/une-agglo-sobre-et-durable\/proteger-les-ressources\/le-suivi-de-la-biodiversite-sur-les-sites-de-compensation-est-assure\/#breadcrumb\"},\"inLanguage\":\"fr-FR\",\"potentialAction\":[{\"@type\":\"ReadAction\",\"target\":[\"https:\/\/dev-durable.agglo-larochelle.fr\/2022\/une-agglo-sobre-et-durable\/proteger-les-ressources\/le-suivi-de-la-biodiversite-sur-les-sites-de-compensation-est-assure\/\"]}]},{\"@type\":\"BreadcrumbList\",\"@id\":\"https:\/\/dev-durable.agglo-larochelle.fr\/2022\/une-agglo-sobre-et-durable\/proteger-les-ressources\/le-suivi-de-la-biodiversite-sur-les-sites-de-compensation-est-assure\/#breadcrumb\",\"itemListElement\":[{\"@type\":\"ListItem\",\"position\":1,\"name\":\"Accueil\",\"item\":\"https:\/\/dev-durable.agglo-larochelle.fr\/2022\/\"},{\"@type\":\"ListItem\",\"position\":2,\"name\":\"Une Agglo sobre et durable\",\"item\":\"https:\/\/dev-durable.agglo-larochelle.fr\/2022\/une-agglo-sobre-et-durable\/\"},{\"@type\":\"ListItem\",\"position\":3,\"name\":\"Prot\u00e9ger les ressources\",\"item\":\"https:\/\/dev-durable.agglo-larochelle.fr\/2022\/une-agglo-sobre-et-durable\/proteger-les-ressources\/\"},{\"@type\":\"ListItem\",\"position\":4,\"name\":\"L\u2019observatoire des sols du programme Re-Sources \u00e9value le potentiel de stockage du carbone dans les sols\"}]},{\"@type\":\"WebSite\",\"@id\":\"https:\/\/dev-durable.agglo-larochelle.fr\/2022\/#website\",\"url\":\"https:\/\/dev-durable.agglo-larochelle.fr\/2022\/\",\"name\":\"Rapport du d\u00e9veloppement durable - 2022\",\"description\":\"Rapport 2022 du d\u00e9veloppement durable\",\"alternateName\":\"Communaut\u00e9 d'Agglom\u00e9ration de La Rochelle\",\"potentialAction\":[{\"@type\":\"SearchAction\",\"target\":{\"@type\":\"EntryPoint\",\"urlTemplate\":\"https:\/\/dev-durable.agglo-larochelle.fr\/2022\/?s={search_term_string}\"},\"query-input\":\"required name=search_term_string\"}],\"inLanguage\":\"fr-FR\"}]}<\/script>\n<!-- \/ Yoast SEO plugin. -->","yoast_head_json":{"title":"L\u2019observatoire des sols du programme Re-Sources \u00e9value le potentiel de stockage du carbone dans les sols - Rapport du d\u00e9veloppement durable","robots":{"index":"index","follow":"follow","max-snippet":"max-snippet:-1","max-image-preview":"max-image-preview:large","max-video-preview":"max-video-preview:-1"},"canonical":"https:\/\/dev-durable.agglo-larochelle.fr\/2022\/une-agglo-sobre-et-durable\/proteger-les-ressources\/le-suivi-de-la-biodiversite-sur-les-sites-de-compensation-est-assure\/","og_locale":"fr_FR","og_type":"article","og_title":"L\u2019observatoire des sols du programme Re-Sources \u00e9value le potentiel de stockage du carbone dans les sols - Rapport du d\u00e9veloppement durable","og_description":"L\u2019\u00e9tude du potentiel de stockage du carbone dans les sols et le comptage de la macrofaune afin d\u2019\u00e9valuer la fertilit\u00e9 biologique permettent de r\u00e9fl\u00e9chir \u00e0 des actions b\u00e9n\u00e9fiques aux exploitants et \u00e0 la collectivit\u00e9. Le projet d\u2019observatoire des sols est issu des ateliers de concertation sur le programme d\u2019actions Re-Sources 2021-2026. Il permet un travail [&hellip;]","og_url":"https:\/\/dev-durable.agglo-larochelle.fr\/2022\/une-agglo-sobre-et-durable\/proteger-les-ressources\/le-suivi-de-la-biodiversite-sur-les-sites-de-compensation-est-assure\/","og_site_name":"Rapport du d\u00e9veloppement durable","article_modified_time":"2022-12-08T12:17:39+00:00","og_image":[{"width":315,"height":200,"url":"https:\/\/dev-durable.agglo-larochelle.fr\/2022\/wp-content\/uploads\/2022\/09\/grandes-dates-rapport-developpement-durable-2020-min.png","type":"image\/png"}],"twitter_card":"summary_large_image","twitter_misc":{"Dur\u00e9e de lecture estim\u00e9e":"1 minute"},"schema":{"@context":"https:\/\/schema.org","@graph":[{"@type":"WebPage","@id":"https:\/\/dev-durable.agglo-larochelle.fr\/2022\/une-agglo-sobre-et-durable\/proteger-les-ressources\/le-suivi-de-la-biodiversite-sur-les-sites-de-compensation-est-assure\/","url":"https:\/\/dev-durable.agglo-larochelle.fr\/2022\/une-agglo-sobre-et-durable\/proteger-les-ressources\/le-suivi-de-la-biodiversite-sur-les-sites-de-compensation-est-assure\/","name":"L\u2019observatoire des sols du programme Re-Sources \u00e9value le potentiel de stockage du carbone dans les sols - Rapport du d\u00e9veloppement durable","isPartOf":{"@id":"https:\/\/dev-durable.agglo-larochelle.fr\/2022\/#website"},"datePublished":"2021-11-25T13:56:47+00:00","dateModified":"2022-12-08T12:17:39+00:00","breadcrumb":{"@id":"https:\/\/dev-durable.agglo-larochelle.fr\/2022\/une-agglo-sobre-et-durable\/proteger-les-ressources\/le-suivi-de-la-biodiversite-sur-les-sites-de-compensation-est-assure\/#breadcrumb"},"inLanguage":"fr-FR","potentialAction":[{"@type":"ReadAction","target":["https:\/\/dev-durable.agglo-larochelle.fr\/2022\/une-agglo-sobre-et-durable\/proteger-les-ressources\/le-suivi-de-la-biodiversite-sur-les-sites-de-compensation-est-assure\/"]}]},{"@type":"BreadcrumbList","@id":"https:\/\/dev-durable.agglo-larochelle.fr\/2022\/une-agglo-sobre-et-durable\/proteger-les-ressources\/le-suivi-de-la-biodiversite-sur-les-sites-de-compensation-est-assure\/#breadcrumb","itemListElement":[{"@type":"ListItem","position":1,"name":"Accueil","item":"https:\/\/dev-durable.agglo-larochelle.fr\/2022\/"},{"@type":"ListItem","position":2,"name":"Une Agglo sobre et durable","item":"https:\/\/dev-durable.agglo-larochelle.fr\/2022\/une-agglo-sobre-et-durable\/"},{"@type":"ListItem","position":3,"name":"Prot\u00e9ger les ressources","item":"https:\/\/dev-durable.agglo-larochelle.fr\/2022\/une-agglo-sobre-et-durable\/proteger-les-ressources\/"},{"@type":"ListItem","position":4,"name":"L\u2019observatoire des sols du programme Re-Sources \u00e9value le potentiel de stockage du carbone dans les sols"}]},{"@type":"WebSite","@id":"https:\/\/dev-durable.agglo-larochelle.fr\/2022\/#website","url":"https:\/\/dev-durable.agglo-larochelle.fr\/2022\/","name":"Rapport du d\u00e9veloppement durable - 2022","description":"Rapport 2022 du d\u00e9veloppement durable","alternateName":"Communaut\u00e9 d'Agglom\u00e9ration de La Rochelle","potentialAction":[{"@type":"SearchAction","target":{"@type":"EntryPoint","urlTemplate":"https:\/\/dev-durable.agglo-larochelle.fr\/2022\/?s={search_term_string}"},"query-input":"required name=search_term_string"}],"inLanguage":"fr-FR"}]}},"_links":{"self":[{"href":"https:\/\/dev-durable.agglo-larochelle.fr\/2022\/wp-json\/wp\/v2\/pages\/2101"}],"collection":[{"href":"https:\/\/dev-durable.agglo-larochelle.fr\/2022\/wp-json\/wp\/v2\/pages"}],"about":[{"href":"https:\/\/dev-durable.agglo-larochelle.fr\/2022\/wp-json\/wp\/v2\/types\/page"}],"author":[{"embeddable":true,"href":"https:\/\/dev-durable.agglo-larochelle.fr\/2022\/wp-json\/wp\/v2\/users\/1"}],"replies":[{"embeddable":true,"href":"https:\/\/dev-durable.agglo-larochelle.fr\/2022\/wp-json\/wp\/v2\/comments?post=2101"}],"version-history":[{"count":6,"href":"https:\/\/dev-durable.agglo-larochelle.fr\/2022\/wp-json\/wp\/v2\/pages\/2101\/revisions"}],"predecessor-version":[{"id":2764,"href":"https:\/\/dev-durable.agglo-larochelle.fr\/2022\/wp-json\/wp\/v2\/pages\/2101\/revisions\/2764"}],"up":[{"embeddable":true,"href":"https:\/\/dev-durable.agglo-larochelle.fr\/2022\/wp-json\/wp\/v2\/pages\/2072"}],"wp:featuredmedia":[{"embeddable":true,"href":"https:\/\/dev-durable.agglo-larochelle.fr\/2022\/wp-json\/wp\/v2\/media\/2433"}],"wp:attachment":[{"href":"https:\/\/dev-durable.agglo-larochelle.fr\/2022\/wp-json\/wp\/v2\/media?parent=2101"}],"curies":[{"name":"wp","href":"https:\/\/api.w.org\/{rel}","templated":true}]}}