{"id":2108,"date":"2021-11-25T15:08:04","date_gmt":"2021-11-25T14:08:04","guid":{"rendered":"https:\/\/dev-durable.agglo-larochelle.fr\/20226.0.2\/?page_id=2108"},"modified":"2022-12-08T12:45:44","modified_gmt":"2022-12-08T11:45:44","slug":"des-etudes-prealables-etablissent-le-devenir-possible-du-site-de-terre-nouvelle","status":"publish","type":"page","link":"https:\/\/dev-durable.agglo-larochelle.fr\/2022\/une-agglo-sobre-et-durable\/proteger-les-ressources-naturelles\/des-etudes-prealables-etablissent-le-devenir-possible-du-site-de-terre-nouvelle\/","title":{"rendered":"Une thermographie a\u00e9rienne pour visualiser l\u2019isolation des logements"},"content":{"rendered":"<p><strong>Une thermographie a\u00e9rienne, r\u00e9alis\u00e9e entre d\u00e9cembre 2022 et f\u00e9vrier 2023, va permettre aux particuliers de visualiser l\u2019\u00e9tat de leur isolation, afin de mieux cibler les actions de r\u00e9novation.<\/strong><\/p>\n<p>Le survol des habitations, r\u00e9alis\u00e9 entre d\u00e9cembre 2022 et f\u00e9vrier 2023, est destin\u00e9 \u00e0 produire une imagerie a\u00e9rienne rendant visible les diff\u00e9rences de temp\u00e9rature au niveau des toitures, de rep\u00e9rer les d\u00e9perditions de chaleur et de mieux cibler les actions de r\u00e9novation encourag\u00e9es par l\u2019Agglom\u00e9ration. Le traitement des images se fera durant le printemps et \u00e0 partir de septembre 2023, les particuliers pourront venir consulter les r\u00e9sultats de la thermo et donc voir l\u2019image a\u00e9rienne IR de leur toiture pour voir et \u00e9valuer l\u2019\u00e9tat de l\u2019isolation de leur toiture.<\/p>\n","protected":false},"excerpt":{"rendered":"<p>Une thermographie a\u00e9rienne, r\u00e9alis\u00e9e entre d\u00e9cembre 2022 et f\u00e9vrier 2023, va permettre aux particuliers de visualiser l\u2019\u00e9tat de leur isolation, afin de mieux cibler les actions de r\u00e9novation. Le survol des habitations, r\u00e9alis\u00e9 entre d\u00e9cembre 2022 et f\u00e9vrier 2023, est destin\u00e9 \u00e0 produire une imagerie a\u00e9rienne rendant visible les diff\u00e9rences de temp\u00e9rature au niveau des [&hellip;]<\/p>\n","protected":false},"author":1,"featured_media":2446,"parent":1041,"menu_order":7,"comment_status":"closed","ping_status":"closed","template":"page-sous-partie.php","meta":[],"acf":[],"yoast_head":"<!-- This site is optimized with the Yoast SEO plugin v19.12 - https:\/\/yoast.com\/wordpress\/plugins\/seo\/ -->\n<title>Une thermographie a\u00e9rienne pour visualiser l\u2019isolation des logements - Rapport du d\u00e9veloppement durable<\/title>\n<meta name=\"robots\" content=\"index, follow, max-snippet:-1, max-image-preview:large, max-video-preview:-1\" \/>\n<link rel=\"canonical\" href=\"https:\/\/dev-durable.agglo-larochelle.fr\/2022\/une-agglo-sobre-et-durable\/proteger-les-ressources-naturelles\/des-etudes-prealables-etablissent-le-devenir-possible-du-site-de-terre-nouvelle\/\" \/>\n<meta property=\"og:locale\" content=\"fr_FR\" \/>\n<meta property=\"og:type\" content=\"article\" \/>\n<meta property=\"og:title\" content=\"Une thermographie a\u00e9rienne pour visualiser l\u2019isolation des logements - Rapport du d\u00e9veloppement durable\" \/>\n<meta property=\"og:description\" content=\"Une thermographie a\u00e9rienne, r\u00e9alis\u00e9e entre d\u00e9cembre 2022 et f\u00e9vrier 2023, va permettre aux particuliers de visualiser l\u2019\u00e9tat de leur isolation, afin de mieux cibler les actions de r\u00e9novation. Le survol des habitations, r\u00e9alis\u00e9 entre d\u00e9cembre 2022 et f\u00e9vrier 2023, est destin\u00e9 \u00e0 produire une imagerie a\u00e9rienne rendant visible les diff\u00e9rences de temp\u00e9rature au niveau des [&hellip;]\" \/>\n<meta property=\"og:url\" content=\"https:\/\/dev-durable.agglo-larochelle.fr\/2022\/une-agglo-sobre-et-durable\/proteger-les-ressources-naturelles\/des-etudes-prealables-etablissent-le-devenir-possible-du-site-de-terre-nouvelle\/\" \/>\n<meta property=\"og:site_name\" content=\"Rapport du d\u00e9veloppement durable\" \/>\n<meta property=\"article:modified_time\" content=\"2022-12-08T11:45:44+00:00\" \/>\n<meta property=\"og:image\" content=\"https:\/\/dev-durable.agglo-larochelle.fr\/2022\/wp-content\/uploads\/2022\/09\/grandes-dates-rapport-developpement-durable-2003-min.png\" \/>\n\t<meta property=\"og:image:width\" content=\"315\" \/>\n\t<meta property=\"og:image:height\" content=\"200\" \/>\n\t<meta property=\"og:image:type\" content=\"image\/png\" \/>\n<meta name=\"twitter:card\" content=\"summary_large_image\" \/>\n<meta name=\"twitter:label1\" content=\"Dur\u00e9e de lecture estim\u00e9e\" \/>\n\t<meta name=\"twitter:data1\" content=\"1 minute\" \/>\n<script type=\"application\/ld+json\" class=\"yoast-schema-graph\">{\"@context\":\"https:\/\/schema.org\",\"@graph\":[{\"@type\":\"WebPage\",\"@id\":\"https:\/\/dev-durable.agglo-larochelle.fr\/2022\/une-agglo-sobre-et-durable\/proteger-les-ressources-naturelles\/des-etudes-prealables-etablissent-le-devenir-possible-du-site-de-terre-nouvelle\/\",\"url\":\"https:\/\/dev-durable.agglo-larochelle.fr\/2022\/une-agglo-sobre-et-durable\/proteger-les-ressources-naturelles\/des-etudes-prealables-etablissent-le-devenir-possible-du-site-de-terre-nouvelle\/\",\"name\":\"Une thermographie a\u00e9rienne pour visualiser l\u2019isolation des logements - Rapport du d\u00e9veloppement durable\",\"isPartOf\":{\"@id\":\"https:\/\/dev-durable.agglo-larochelle.fr\/2022\/#website\"},\"datePublished\":\"2021-11-25T14:08:04+00:00\",\"dateModified\":\"2022-12-08T11:45:44+00:00\",\"breadcrumb\":{\"@id\":\"https:\/\/dev-durable.agglo-larochelle.fr\/2022\/une-agglo-sobre-et-durable\/proteger-les-ressources-naturelles\/des-etudes-prealables-etablissent-le-devenir-possible-du-site-de-terre-nouvelle\/#breadcrumb\"},\"inLanguage\":\"fr-FR\",\"potentialAction\":[{\"@type\":\"ReadAction\",\"target\":[\"https:\/\/dev-durable.agglo-larochelle.fr\/2022\/une-agglo-sobre-et-durable\/proteger-les-ressources-naturelles\/des-etudes-prealables-etablissent-le-devenir-possible-du-site-de-terre-nouvelle\/\"]}]},{\"@type\":\"BreadcrumbList\",\"@id\":\"https:\/\/dev-durable.agglo-larochelle.fr\/2022\/une-agglo-sobre-et-durable\/proteger-les-ressources-naturelles\/des-etudes-prealables-etablissent-le-devenir-possible-du-site-de-terre-nouvelle\/#breadcrumb\",\"itemListElement\":[{\"@type\":\"ListItem\",\"position\":1,\"name\":\"Accueil\",\"item\":\"https:\/\/dev-durable.agglo-larochelle.fr\/2022\/\"},{\"@type\":\"ListItem\",\"position\":2,\"name\":\"Une Agglo sobre et durable\",\"item\":\"https:\/\/dev-durable.agglo-larochelle.fr\/2022\/une-agglo-sobre-et-durable\/\"},{\"@type\":\"ListItem\",\"position\":3,\"name\":\"Relever le d\u00e9fi des changements climatiques\",\"item\":\"https:\/\/dev-durable.agglo-larochelle.fr\/2022\/une-agglo-sobre-et-durable\/proteger-les-ressources-naturelles\/\"},{\"@type\":\"ListItem\",\"position\":4,\"name\":\"Une thermographie a\u00e9rienne pour visualiser l\u2019isolation des logements\"}]},{\"@type\":\"WebSite\",\"@id\":\"https:\/\/dev-durable.agglo-larochelle.fr\/2022\/#website\",\"url\":\"https:\/\/dev-durable.agglo-larochelle.fr\/2022\/\",\"name\":\"Rapport du d\u00e9veloppement durable - 2022\",\"description\":\"Rapport 2022 du d\u00e9veloppement durable\",\"alternateName\":\"Communaut\u00e9 d'Agglom\u00e9ration de La Rochelle\",\"potentialAction\":[{\"@type\":\"SearchAction\",\"target\":{\"@type\":\"EntryPoint\",\"urlTemplate\":\"https:\/\/dev-durable.agglo-larochelle.fr\/2022\/?s={search_term_string}\"},\"query-input\":\"required name=search_term_string\"}],\"inLanguage\":\"fr-FR\"}]}<\/script>\n<!-- \/ Yoast SEO plugin. -->","yoast_head_json":{"title":"Une thermographie a\u00e9rienne pour visualiser l\u2019isolation des logements - Rapport du d\u00e9veloppement durable","robots":{"index":"index","follow":"follow","max-snippet":"max-snippet:-1","max-image-preview":"max-image-preview:large","max-video-preview":"max-video-preview:-1"},"canonical":"https:\/\/dev-durable.agglo-larochelle.fr\/2022\/une-agglo-sobre-et-durable\/proteger-les-ressources-naturelles\/des-etudes-prealables-etablissent-le-devenir-possible-du-site-de-terre-nouvelle\/","og_locale":"fr_FR","og_type":"article","og_title":"Une thermographie a\u00e9rienne pour visualiser l\u2019isolation des logements - Rapport du d\u00e9veloppement durable","og_description":"Une thermographie a\u00e9rienne, r\u00e9alis\u00e9e entre d\u00e9cembre 2022 et f\u00e9vrier 2023, va permettre aux particuliers de visualiser l\u2019\u00e9tat de leur isolation, afin de mieux cibler les actions de r\u00e9novation. Le survol des habitations, r\u00e9alis\u00e9 entre d\u00e9cembre 2022 et f\u00e9vrier 2023, est destin\u00e9 \u00e0 produire une imagerie a\u00e9rienne rendant visible les diff\u00e9rences de temp\u00e9rature au niveau des [&hellip;]","og_url":"https:\/\/dev-durable.agglo-larochelle.fr\/2022\/une-agglo-sobre-et-durable\/proteger-les-ressources-naturelles\/des-etudes-prealables-etablissent-le-devenir-possible-du-site-de-terre-nouvelle\/","og_site_name":"Rapport du d\u00e9veloppement durable","article_modified_time":"2022-12-08T11:45:44+00:00","og_image":[{"width":315,"height":200,"url":"https:\/\/dev-durable.agglo-larochelle.fr\/2022\/wp-content\/uploads\/2022\/09\/grandes-dates-rapport-developpement-durable-2003-min.png","type":"image\/png"}],"twitter_card":"summary_large_image","twitter_misc":{"Dur\u00e9e de lecture estim\u00e9e":"1 minute"},"schema":{"@context":"https:\/\/schema.org","@graph":[{"@type":"WebPage","@id":"https:\/\/dev-durable.agglo-larochelle.fr\/2022\/une-agglo-sobre-et-durable\/proteger-les-ressources-naturelles\/des-etudes-prealables-etablissent-le-devenir-possible-du-site-de-terre-nouvelle\/","url":"https:\/\/dev-durable.agglo-larochelle.fr\/2022\/une-agglo-sobre-et-durable\/proteger-les-ressources-naturelles\/des-etudes-prealables-etablissent-le-devenir-possible-du-site-de-terre-nouvelle\/","name":"Une thermographie a\u00e9rienne pour visualiser l\u2019isolation des logements - Rapport du d\u00e9veloppement durable","isPartOf":{"@id":"https:\/\/dev-durable.agglo-larochelle.fr\/2022\/#website"},"datePublished":"2021-11-25T14:08:04+00:00","dateModified":"2022-12-08T11:45:44+00:00","breadcrumb":{"@id":"https:\/\/dev-durable.agglo-larochelle.fr\/2022\/une-agglo-sobre-et-durable\/proteger-les-ressources-naturelles\/des-etudes-prealables-etablissent-le-devenir-possible-du-site-de-terre-nouvelle\/#breadcrumb"},"inLanguage":"fr-FR","potentialAction":[{"@type":"ReadAction","target":["https:\/\/dev-durable.agglo-larochelle.fr\/2022\/une-agglo-sobre-et-durable\/proteger-les-ressources-naturelles\/des-etudes-prealables-etablissent-le-devenir-possible-du-site-de-terre-nouvelle\/"]}]},{"@type":"BreadcrumbList","@id":"https:\/\/dev-durable.agglo-larochelle.fr\/2022\/une-agglo-sobre-et-durable\/proteger-les-ressources-naturelles\/des-etudes-prealables-etablissent-le-devenir-possible-du-site-de-terre-nouvelle\/#breadcrumb","itemListElement":[{"@type":"ListItem","position":1,"name":"Accueil","item":"https:\/\/dev-durable.agglo-larochelle.fr\/2022\/"},{"@type":"ListItem","position":2,"name":"Une Agglo sobre et durable","item":"https:\/\/dev-durable.agglo-larochelle.fr\/2022\/une-agglo-sobre-et-durable\/"},{"@type":"ListItem","position":3,"name":"Relever le d\u00e9fi des changements climatiques","item":"https:\/\/dev-durable.agglo-larochelle.fr\/2022\/une-agglo-sobre-et-durable\/proteger-les-ressources-naturelles\/"},{"@type":"ListItem","position":4,"name":"Une thermographie a\u00e9rienne pour visualiser l\u2019isolation des logements"}]},{"@type":"WebSite","@id":"https:\/\/dev-durable.agglo-larochelle.fr\/2022\/#website","url":"https:\/\/dev-durable.agglo-larochelle.fr\/2022\/","name":"Rapport du d\u00e9veloppement durable - 2022","description":"Rapport 2022 du d\u00e9veloppement durable","alternateName":"Communaut\u00e9 d'Agglom\u00e9ration de La Rochelle","potentialAction":[{"@type":"SearchAction","target":{"@type":"EntryPoint","urlTemplate":"https:\/\/dev-durable.agglo-larochelle.fr\/2022\/?s={search_term_string}"},"query-input":"required name=search_term_string"}],"inLanguage":"fr-FR"}]}},"_links":{"self":[{"href":"https:\/\/dev-durable.agglo-larochelle.fr\/2022\/wp-json\/wp\/v2\/pages\/2108"}],"collection":[{"href":"https:\/\/dev-durable.agglo-larochelle.fr\/2022\/wp-json\/wp\/v2\/pages"}],"about":[{"href":"https:\/\/dev-durable.agglo-larochelle.fr\/2022\/wp-json\/wp\/v2\/types\/page"}],"author":[{"embeddable":true,"href":"https:\/\/dev-durable.agglo-larochelle.fr\/2022\/wp-json\/wp\/v2\/users\/1"}],"replies":[{"embeddable":true,"href":"https:\/\/dev-durable.agglo-larochelle.fr\/2022\/wp-json\/wp\/v2\/comments?post=2108"}],"version-history":[{"count":6,"href":"https:\/\/dev-durable.agglo-larochelle.fr\/2022\/wp-json\/wp\/v2\/pages\/2108\/revisions"}],"predecessor-version":[{"id":2732,"href":"https:\/\/dev-durable.agglo-larochelle.fr\/2022\/wp-json\/wp\/v2\/pages\/2108\/revisions\/2732"}],"up":[{"embeddable":true,"href":"https:\/\/dev-durable.agglo-larochelle.fr\/2022\/wp-json\/wp\/v2\/pages\/1041"}],"wp:featuredmedia":[{"embeddable":true,"href":"https:\/\/dev-durable.agglo-larochelle.fr\/2022\/wp-json\/wp\/v2\/media\/2446"}],"wp:attachment":[{"href":"https:\/\/dev-durable.agglo-larochelle.fr\/2022\/wp-json\/wp\/v2\/media?parent=2108"}],"curies":[{"name":"wp","href":"https:\/\/api.w.org\/{rel}","templated":true}]}}