{"id":2123,"date":"2021-11-25T15:29:24","date_gmt":"2021-11-25T14:29:24","guid":{"rendered":"https:\/\/dev-durable.agglo-larochelle.fr\/20226.0.2\/?page_id=2123"},"modified":"2022-12-08T15:14:06","modified_gmt":"2022-12-08T14:14:06","slug":"unis-cite-sensibilise-au-tri-en-porte-a-porte","status":"publish","type":"page","link":"https:\/\/dev-durable.agglo-larochelle.fr\/2022\/une-agglo-sobre-et-durable\/accompagnement-au-changement\/unis-cite-sensibilise-au-tri-en-porte-a-porte\/","title":{"rendered":"\u00catre \u201c\u00e0 l\u2019\u00e9coute de la mer\u201d : les \u00e9l\u00e8ves sensibilis\u00e9s au risque de submersion"},"content":{"rendered":"<p><strong>L\u2019assurance d\u2019une protection totale face au risque de submersion \u00e9tant impossible, il est essentiel de d\u00e9velopper des actions d\u2019information et de sensibilisation aupr\u00e8s des populations.<\/strong><\/p>\n<p>Suite \u00e0 la temp\u00eate Xynthia en 2010, et dans le cadre du Programme d\u2019Action de Pr\u00e9vention des Inondations (PAPI), l\u2019Agglom\u00e9ration a cr\u00e9\u00e9 des outils p\u00e9dagogiques pour comprendre la dynamique de la mer, le profil du littoral rochelais, les ph\u00e9nom\u00e8nes de submersion ou encore les gestes et comportements \u00e0 adopter en cas de crise. Quatre associations (Les Petits D\u00e9brouillards Nouvelle-Aquitaine Nord, la LPO, Nature Environnement 17 et l\u2019E.C.O.L.E. de la mer) animent cet outil en milieu scolaire, du CE2 \u00e0 la 5\u00e8me sous forme de demi-journ\u00e9es de sensibilisation. Ce programme existe pour la sixi\u00e8me ann\u00e9e cons\u00e9cutive. Chaque ann\u00e9e, entre 800 et 1 000 \u00e9l\u00e8ves b\u00e9n\u00e9ficient de ces animations.<\/p>\n","protected":false},"excerpt":{"rendered":"<p>L\u2019assurance d\u2019une protection totale face au risque de submersion \u00e9tant impossible, il est essentiel de d\u00e9velopper des actions d\u2019information et de sensibilisation aupr\u00e8s des populations. Suite \u00e0 la temp\u00eate Xynthia en 2010, et dans le cadre du Programme d\u2019Action de Pr\u00e9vention des Inondations (PAPI), l\u2019Agglom\u00e9ration a cr\u00e9\u00e9 des outils p\u00e9dagogiques pour comprendre la dynamique de [&hellip;]<\/p>\n","protected":false},"author":1,"featured_media":2947,"parent":2120,"menu_order":1,"comment_status":"closed","ping_status":"closed","template":"page-sous-partie.php","meta":[],"acf":[],"yoast_head":"<!-- This site is optimized with the Yoast SEO plugin v19.12 - https:\/\/yoast.com\/wordpress\/plugins\/seo\/ -->\n<title>\u00catre \u201c\u00e0 l\u2019\u00e9coute de la mer\u201d : les \u00e9l\u00e8ves sensibilis\u00e9s au risque de submersion - Rapport du d\u00e9veloppement durable<\/title>\n<meta name=\"robots\" content=\"index, follow, max-snippet:-1, max-image-preview:large, max-video-preview:-1\" \/>\n<link rel=\"canonical\" href=\"https:\/\/dev-durable.agglo-larochelle.fr\/2022\/une-agglo-sobre-et-durable\/accompagnement-au-changement\/unis-cite-sensibilise-au-tri-en-porte-a-porte\/\" \/>\n<meta property=\"og:locale\" content=\"fr_FR\" \/>\n<meta property=\"og:type\" content=\"article\" \/>\n<meta property=\"og:title\" content=\"\u00catre \u201c\u00e0 l\u2019\u00e9coute de la mer\u201d : les \u00e9l\u00e8ves sensibilis\u00e9s au risque de submersion - Rapport du d\u00e9veloppement durable\" \/>\n<meta property=\"og:description\" content=\"L\u2019assurance d\u2019une protection totale face au risque de submersion \u00e9tant impossible, il est essentiel de d\u00e9velopper des actions d\u2019information et de sensibilisation aupr\u00e8s des populations. Suite \u00e0 la temp\u00eate Xynthia en 2010, et dans le cadre du Programme d\u2019Action de Pr\u00e9vention des Inondations (PAPI), l\u2019Agglom\u00e9ration a cr\u00e9\u00e9 des outils p\u00e9dagogiques pour comprendre la dynamique de [&hellip;]\" \/>\n<meta property=\"og:url\" content=\"https:\/\/dev-durable.agglo-larochelle.fr\/2022\/une-agglo-sobre-et-durable\/accompagnement-au-changement\/unis-cite-sensibilise-au-tri-en-porte-a-porte\/\" \/>\n<meta property=\"og:site_name\" content=\"Rapport du d\u00e9veloppement durable\" \/>\n<meta property=\"article:modified_time\" content=\"2022-12-08T14:14:06+00:00\" \/>\n<meta property=\"og:image\" content=\"https:\/\/dev-durable.agglo-larochelle.fr\/2022\/wp-content\/uploads\/2022\/12\/Papi-MLRC_123588.jpg\" \/>\n\t<meta property=\"og:image:width\" content=\"650\" \/>\n\t<meta property=\"og:image:height\" content=\"301\" \/>\n\t<meta property=\"og:image:type\" content=\"image\/jpeg\" \/>\n<meta name=\"twitter:card\" content=\"summary_large_image\" \/>\n<meta name=\"twitter:label1\" content=\"Dur\u00e9e de lecture estim\u00e9e\" \/>\n\t<meta name=\"twitter:data1\" content=\"1 minute\" \/>\n<script type=\"application\/ld+json\" class=\"yoast-schema-graph\">{\"@context\":\"https:\/\/schema.org\",\"@graph\":[{\"@type\":\"WebPage\",\"@id\":\"https:\/\/dev-durable.agglo-larochelle.fr\/2022\/une-agglo-sobre-et-durable\/accompagnement-au-changement\/unis-cite-sensibilise-au-tri-en-porte-a-porte\/\",\"url\":\"https:\/\/dev-durable.agglo-larochelle.fr\/2022\/une-agglo-sobre-et-durable\/accompagnement-au-changement\/unis-cite-sensibilise-au-tri-en-porte-a-porte\/\",\"name\":\"\u00catre \u201c\u00e0 l\u2019\u00e9coute de la mer\u201d : les \u00e9l\u00e8ves sensibilis\u00e9s au risque de submersion - Rapport du d\u00e9veloppement durable\",\"isPartOf\":{\"@id\":\"https:\/\/dev-durable.agglo-larochelle.fr\/2022\/#website\"},\"datePublished\":\"2021-11-25T14:29:24+00:00\",\"dateModified\":\"2022-12-08T14:14:06+00:00\",\"breadcrumb\":{\"@id\":\"https:\/\/dev-durable.agglo-larochelle.fr\/2022\/une-agglo-sobre-et-durable\/accompagnement-au-changement\/unis-cite-sensibilise-au-tri-en-porte-a-porte\/#breadcrumb\"},\"inLanguage\":\"fr-FR\",\"potentialAction\":[{\"@type\":\"ReadAction\",\"target\":[\"https:\/\/dev-durable.agglo-larochelle.fr\/2022\/une-agglo-sobre-et-durable\/accompagnement-au-changement\/unis-cite-sensibilise-au-tri-en-porte-a-porte\/\"]}]},{\"@type\":\"BreadcrumbList\",\"@id\":\"https:\/\/dev-durable.agglo-larochelle.fr\/2022\/une-agglo-sobre-et-durable\/accompagnement-au-changement\/unis-cite-sensibilise-au-tri-en-porte-a-porte\/#breadcrumb\",\"itemListElement\":[{\"@type\":\"ListItem\",\"position\":1,\"name\":\"Accueil\",\"item\":\"https:\/\/dev-durable.agglo-larochelle.fr\/2022\/\"},{\"@type\":\"ListItem\",\"position\":2,\"name\":\"Une Agglo sobre et durable\",\"item\":\"https:\/\/dev-durable.agglo-larochelle.fr\/2022\/une-agglo-sobre-et-durable\/\"},{\"@type\":\"ListItem\",\"position\":3,\"name\":\"Accompagnement au changement\",\"item\":\"https:\/\/dev-durable.agglo-larochelle.fr\/2022\/une-agglo-sobre-et-durable\/accompagnement-au-changement\/\"},{\"@type\":\"ListItem\",\"position\":4,\"name\":\"\u00catre \u201c\u00e0 l\u2019\u00e9coute de la mer\u201d : les \u00e9l\u00e8ves sensibilis\u00e9s au risque de submersion\"}]},{\"@type\":\"WebSite\",\"@id\":\"https:\/\/dev-durable.agglo-larochelle.fr\/2022\/#website\",\"url\":\"https:\/\/dev-durable.agglo-larochelle.fr\/2022\/\",\"name\":\"Rapport du d\u00e9veloppement durable - 2022\",\"description\":\"Rapport 2022 du d\u00e9veloppement durable\",\"alternateName\":\"Communaut\u00e9 d'Agglom\u00e9ration de La Rochelle\",\"potentialAction\":[{\"@type\":\"SearchAction\",\"target\":{\"@type\":\"EntryPoint\",\"urlTemplate\":\"https:\/\/dev-durable.agglo-larochelle.fr\/2022\/?s={search_term_string}\"},\"query-input\":\"required name=search_term_string\"}],\"inLanguage\":\"fr-FR\"}]}<\/script>\n<!-- \/ Yoast SEO plugin. -->","yoast_head_json":{"title":"\u00catre \u201c\u00e0 l\u2019\u00e9coute de la mer\u201d : les \u00e9l\u00e8ves sensibilis\u00e9s au risque de submersion - Rapport du d\u00e9veloppement durable","robots":{"index":"index","follow":"follow","max-snippet":"max-snippet:-1","max-image-preview":"max-image-preview:large","max-video-preview":"max-video-preview:-1"},"canonical":"https:\/\/dev-durable.agglo-larochelle.fr\/2022\/une-agglo-sobre-et-durable\/accompagnement-au-changement\/unis-cite-sensibilise-au-tri-en-porte-a-porte\/","og_locale":"fr_FR","og_type":"article","og_title":"\u00catre \u201c\u00e0 l\u2019\u00e9coute de la mer\u201d : les \u00e9l\u00e8ves sensibilis\u00e9s au risque de submersion - Rapport du d\u00e9veloppement durable","og_description":"L\u2019assurance d\u2019une protection totale face au risque de submersion \u00e9tant impossible, il est essentiel de d\u00e9velopper des actions d\u2019information et de sensibilisation aupr\u00e8s des populations. Suite \u00e0 la temp\u00eate Xynthia en 2010, et dans le cadre du Programme d\u2019Action de Pr\u00e9vention des Inondations (PAPI), l\u2019Agglom\u00e9ration a cr\u00e9\u00e9 des outils p\u00e9dagogiques pour comprendre la dynamique de [&hellip;]","og_url":"https:\/\/dev-durable.agglo-larochelle.fr\/2022\/une-agglo-sobre-et-durable\/accompagnement-au-changement\/unis-cite-sensibilise-au-tri-en-porte-a-porte\/","og_site_name":"Rapport du d\u00e9veloppement durable","article_modified_time":"2022-12-08T14:14:06+00:00","og_image":[{"width":650,"height":301,"url":"https:\/\/dev-durable.agglo-larochelle.fr\/2022\/wp-content\/uploads\/2022\/12\/Papi-MLRC_123588.jpg","type":"image\/jpeg"}],"twitter_card":"summary_large_image","twitter_misc":{"Dur\u00e9e de lecture estim\u00e9e":"1 minute"},"schema":{"@context":"https:\/\/schema.org","@graph":[{"@type":"WebPage","@id":"https:\/\/dev-durable.agglo-larochelle.fr\/2022\/une-agglo-sobre-et-durable\/accompagnement-au-changement\/unis-cite-sensibilise-au-tri-en-porte-a-porte\/","url":"https:\/\/dev-durable.agglo-larochelle.fr\/2022\/une-agglo-sobre-et-durable\/accompagnement-au-changement\/unis-cite-sensibilise-au-tri-en-porte-a-porte\/","name":"\u00catre \u201c\u00e0 l\u2019\u00e9coute de la mer\u201d : les \u00e9l\u00e8ves sensibilis\u00e9s au risque de submersion - Rapport du d\u00e9veloppement durable","isPartOf":{"@id":"https:\/\/dev-durable.agglo-larochelle.fr\/2022\/#website"},"datePublished":"2021-11-25T14:29:24+00:00","dateModified":"2022-12-08T14:14:06+00:00","breadcrumb":{"@id":"https:\/\/dev-durable.agglo-larochelle.fr\/2022\/une-agglo-sobre-et-durable\/accompagnement-au-changement\/unis-cite-sensibilise-au-tri-en-porte-a-porte\/#breadcrumb"},"inLanguage":"fr-FR","potentialAction":[{"@type":"ReadAction","target":["https:\/\/dev-durable.agglo-larochelle.fr\/2022\/une-agglo-sobre-et-durable\/accompagnement-au-changement\/unis-cite-sensibilise-au-tri-en-porte-a-porte\/"]}]},{"@type":"BreadcrumbList","@id":"https:\/\/dev-durable.agglo-larochelle.fr\/2022\/une-agglo-sobre-et-durable\/accompagnement-au-changement\/unis-cite-sensibilise-au-tri-en-porte-a-porte\/#breadcrumb","itemListElement":[{"@type":"ListItem","position":1,"name":"Accueil","item":"https:\/\/dev-durable.agglo-larochelle.fr\/2022\/"},{"@type":"ListItem","position":2,"name":"Une Agglo sobre et durable","item":"https:\/\/dev-durable.agglo-larochelle.fr\/2022\/une-agglo-sobre-et-durable\/"},{"@type":"ListItem","position":3,"name":"Accompagnement au changement","item":"https:\/\/dev-durable.agglo-larochelle.fr\/2022\/une-agglo-sobre-et-durable\/accompagnement-au-changement\/"},{"@type":"ListItem","position":4,"name":"\u00catre \u201c\u00e0 l\u2019\u00e9coute de la mer\u201d : les \u00e9l\u00e8ves sensibilis\u00e9s au risque de submersion"}]},{"@type":"WebSite","@id":"https:\/\/dev-durable.agglo-larochelle.fr\/2022\/#website","url":"https:\/\/dev-durable.agglo-larochelle.fr\/2022\/","name":"Rapport du d\u00e9veloppement durable - 2022","description":"Rapport 2022 du d\u00e9veloppement durable","alternateName":"Communaut\u00e9 d'Agglom\u00e9ration de La Rochelle","potentialAction":[{"@type":"SearchAction","target":{"@type":"EntryPoint","urlTemplate":"https:\/\/dev-durable.agglo-larochelle.fr\/2022\/?s={search_term_string}"},"query-input":"required name=search_term_string"}],"inLanguage":"fr-FR"}]}},"_links":{"self":[{"href":"https:\/\/dev-durable.agglo-larochelle.fr\/2022\/wp-json\/wp\/v2\/pages\/2123"}],"collection":[{"href":"https:\/\/dev-durable.agglo-larochelle.fr\/2022\/wp-json\/wp\/v2\/pages"}],"about":[{"href":"https:\/\/dev-durable.agglo-larochelle.fr\/2022\/wp-json\/wp\/v2\/types\/page"}],"author":[{"embeddable":true,"href":"https:\/\/dev-durable.agglo-larochelle.fr\/2022\/wp-json\/wp\/v2\/users\/1"}],"replies":[{"embeddable":true,"href":"https:\/\/dev-durable.agglo-larochelle.fr\/2022\/wp-json\/wp\/v2\/comments?post=2123"}],"version-history":[{"count":4,"href":"https:\/\/dev-durable.agglo-larochelle.fr\/2022\/wp-json\/wp\/v2\/pages\/2123\/revisions"}],"predecessor-version":[{"id":2775,"href":"https:\/\/dev-durable.agglo-larochelle.fr\/2022\/wp-json\/wp\/v2\/pages\/2123\/revisions\/2775"}],"up":[{"embeddable":true,"href":"https:\/\/dev-durable.agglo-larochelle.fr\/2022\/wp-json\/wp\/v2\/pages\/2120"}],"wp:featuredmedia":[{"embeddable":true,"href":"https:\/\/dev-durable.agglo-larochelle.fr\/2022\/wp-json\/wp\/v2\/media\/2947"}],"wp:attachment":[{"href":"https:\/\/dev-durable.agglo-larochelle.fr\/2022\/wp-json\/wp\/v2\/media?parent=2123"}],"curies":[{"name":"wp","href":"https:\/\/api.w.org\/{rel}","templated":true}]}}