{"id":2125,"date":"2021-11-25T15:41:47","date_gmt":"2021-11-25T14:41:47","guid":{"rendered":"https:\/\/dev-durable.agglo-larochelle.fr\/20226.0.2\/?page_id=2125"},"modified":"2022-12-08T15:15:21","modified_gmt":"2022-12-08T14:15:21","slug":"douze-communes-engagees-contre-le-gaspillage-alimentaire-en-restauration-collective","status":"publish","type":"page","link":"https:\/\/dev-durable.agglo-larochelle.fr\/2022\/une-agglo-sobre-et-durable\/accompagnement-au-changement\/douze-communes-engagees-contre-le-gaspillage-alimentaire-en-restauration-collective\/","title":{"rendered":"Re-Sources apprend aux enfants \u00e0 prendre soin de la ressource en eau"},"content":{"rendered":"<p><strong>Le programme Re-Sources propose des actions p\u00e9dagogiques et \u00e9ducatives afin de sensibiliser les \u00e9l\u00e8ves et leurs familles \u00e0 la pr\u00e9servation de la ressource en eau.<\/strong><\/p>\n<p>En 2022, six classes de trois communes des aires d\u2019alimentation de captage ont pu b\u00e9n\u00e9ficier d\u2019un projet p\u00e9dagogique dans le cadre du programme Re-Sources.\u00a0 Presque 150 \u00e9l\u00e8ves du CE1 au CM2 des communes de Saint-Saturnin-du Bois, Thair\u00e9 et Forges sont venus visiter la station de captage d\u2019eau potable de Fraise apr\u00e8s trois s\u00e9ances en classes financ\u00e9es par la R\u00e9gion, l\u2019agence de l\u2019Eau Loire Bretagne et l\u2019Agglom\u00e9ration. R\u00e9alis\u00e9es par la Ligue de Protection des Oiseaux et Nature-Environnement 17, les th\u00e9matiques\u00a0\u00ab\u00a0La vie de l\u2019eau\u00a0\u00bb , \u00ab\u00a0Les usages\u00a0 de l\u2019eau\u00a0\u00bb, \u00ab\u00a0La pr\u00e9servation de l\u2019eau\u00a0\u00bb ont \u00e9t\u00e9 vues en classe et ont pu \u00eatre illustr\u00e9es \u00e0 l\u2019occasion de la visite du site.<\/p>\n","protected":false},"excerpt":{"rendered":"<p>Le programme Re-Sources propose des actions p\u00e9dagogiques et \u00e9ducatives afin de sensibiliser les \u00e9l\u00e8ves et leurs familles \u00e0 la pr\u00e9servation de la ressource en eau. En 2022, six classes de trois communes des aires d\u2019alimentation de captage ont pu b\u00e9n\u00e9ficier d\u2019un projet p\u00e9dagogique dans le cadre du programme Re-Sources.\u00a0 Presque 150 \u00e9l\u00e8ves du CE1 au [&hellip;]<\/p>\n","protected":false},"author":1,"featured_media":1964,"parent":2120,"menu_order":2,"comment_status":"closed","ping_status":"closed","template":"page-sous-partie.php","meta":[],"acf":[],"yoast_head":"<!-- This site is optimized with the Yoast SEO plugin v19.12 - https:\/\/yoast.com\/wordpress\/plugins\/seo\/ -->\n<title>Re-Sources apprend aux enfants \u00e0 prendre soin de la ressource en eau - Rapport du d\u00e9veloppement durable<\/title>\n<meta name=\"robots\" content=\"index, follow, max-snippet:-1, max-image-preview:large, max-video-preview:-1\" \/>\n<link rel=\"canonical\" href=\"https:\/\/dev-durable.agglo-larochelle.fr\/2022\/une-agglo-sobre-et-durable\/accompagnement-au-changement\/douze-communes-engagees-contre-le-gaspillage-alimentaire-en-restauration-collective\/\" \/>\n<meta property=\"og:locale\" content=\"fr_FR\" \/>\n<meta property=\"og:type\" content=\"article\" \/>\n<meta property=\"og:title\" content=\"Re-Sources apprend aux enfants \u00e0 prendre soin de la ressource en eau - Rapport du d\u00e9veloppement durable\" \/>\n<meta property=\"og:description\" content=\"Le programme Re-Sources propose des actions p\u00e9dagogiques et \u00e9ducatives afin de sensibiliser les \u00e9l\u00e8ves et leurs familles \u00e0 la pr\u00e9servation de la ressource en eau. En 2022, six classes de trois communes des aires d\u2019alimentation de captage ont pu b\u00e9n\u00e9ficier d\u2019un projet p\u00e9dagogique dans le cadre du programme Re-Sources.\u00a0 Presque 150 \u00e9l\u00e8ves du CE1 au [&hellip;]\" \/>\n<meta property=\"og:url\" content=\"https:\/\/dev-durable.agglo-larochelle.fr\/2022\/une-agglo-sobre-et-durable\/accompagnement-au-changement\/douze-communes-engagees-contre-le-gaspillage-alimentaire-en-restauration-collective\/\" \/>\n<meta property=\"og:site_name\" content=\"Rapport du d\u00e9veloppement durable\" \/>\n<meta property=\"article:modified_time\" content=\"2022-12-08T14:15:21+00:00\" \/>\n<meta property=\"og:image\" content=\"https:\/\/dev-durable.agglo-larochelle.fr\/2022\/wp-content\/uploads\/2021\/11\/ReSources_scolaires_MLRC_122061.jpg\" \/>\n\t<meta property=\"og:image:width\" content=\"700\" \/>\n\t<meta property=\"og:image:height\" content=\"466\" \/>\n\t<meta property=\"og:image:type\" content=\"image\/jpeg\" \/>\n<meta name=\"twitter:card\" content=\"summary_large_image\" \/>\n<meta name=\"twitter:label1\" content=\"Dur\u00e9e de lecture estim\u00e9e\" \/>\n\t<meta name=\"twitter:data1\" content=\"1 minute\" \/>\n<script type=\"application\/ld+json\" class=\"yoast-schema-graph\">{\"@context\":\"https:\/\/schema.org\",\"@graph\":[{\"@type\":\"WebPage\",\"@id\":\"https:\/\/dev-durable.agglo-larochelle.fr\/2022\/une-agglo-sobre-et-durable\/accompagnement-au-changement\/douze-communes-engagees-contre-le-gaspillage-alimentaire-en-restauration-collective\/\",\"url\":\"https:\/\/dev-durable.agglo-larochelle.fr\/2022\/une-agglo-sobre-et-durable\/accompagnement-au-changement\/douze-communes-engagees-contre-le-gaspillage-alimentaire-en-restauration-collective\/\",\"name\":\"Re-Sources apprend aux enfants \u00e0 prendre soin de la ressource en eau - Rapport du d\u00e9veloppement durable\",\"isPartOf\":{\"@id\":\"https:\/\/dev-durable.agglo-larochelle.fr\/2022\/#website\"},\"datePublished\":\"2021-11-25T14:41:47+00:00\",\"dateModified\":\"2022-12-08T14:15:21+00:00\",\"breadcrumb\":{\"@id\":\"https:\/\/dev-durable.agglo-larochelle.fr\/2022\/une-agglo-sobre-et-durable\/accompagnement-au-changement\/douze-communes-engagees-contre-le-gaspillage-alimentaire-en-restauration-collective\/#breadcrumb\"},\"inLanguage\":\"fr-FR\",\"potentialAction\":[{\"@type\":\"ReadAction\",\"target\":[\"https:\/\/dev-durable.agglo-larochelle.fr\/2022\/une-agglo-sobre-et-durable\/accompagnement-au-changement\/douze-communes-engagees-contre-le-gaspillage-alimentaire-en-restauration-collective\/\"]}]},{\"@type\":\"BreadcrumbList\",\"@id\":\"https:\/\/dev-durable.agglo-larochelle.fr\/2022\/une-agglo-sobre-et-durable\/accompagnement-au-changement\/douze-communes-engagees-contre-le-gaspillage-alimentaire-en-restauration-collective\/#breadcrumb\",\"itemListElement\":[{\"@type\":\"ListItem\",\"position\":1,\"name\":\"Accueil\",\"item\":\"https:\/\/dev-durable.agglo-larochelle.fr\/2022\/\"},{\"@type\":\"ListItem\",\"position\":2,\"name\":\"Une Agglo sobre et durable\",\"item\":\"https:\/\/dev-durable.agglo-larochelle.fr\/2022\/une-agglo-sobre-et-durable\/\"},{\"@type\":\"ListItem\",\"position\":3,\"name\":\"Accompagnement au changement\",\"item\":\"https:\/\/dev-durable.agglo-larochelle.fr\/2022\/une-agglo-sobre-et-durable\/accompagnement-au-changement\/\"},{\"@type\":\"ListItem\",\"position\":4,\"name\":\"Re-Sources apprend aux enfants \u00e0 prendre soin de la ressource en eau\"}]},{\"@type\":\"WebSite\",\"@id\":\"https:\/\/dev-durable.agglo-larochelle.fr\/2022\/#website\",\"url\":\"https:\/\/dev-durable.agglo-larochelle.fr\/2022\/\",\"name\":\"Rapport du d\u00e9veloppement durable - 2022\",\"description\":\"Rapport 2022 du d\u00e9veloppement durable\",\"alternateName\":\"Communaut\u00e9 d'Agglom\u00e9ration de La Rochelle\",\"potentialAction\":[{\"@type\":\"SearchAction\",\"target\":{\"@type\":\"EntryPoint\",\"urlTemplate\":\"https:\/\/dev-durable.agglo-larochelle.fr\/2022\/?s={search_term_string}\"},\"query-input\":\"required name=search_term_string\"}],\"inLanguage\":\"fr-FR\"}]}<\/script>\n<!-- \/ Yoast SEO plugin. -->","yoast_head_json":{"title":"Re-Sources apprend aux enfants \u00e0 prendre soin de la ressource en eau - Rapport du d\u00e9veloppement durable","robots":{"index":"index","follow":"follow","max-snippet":"max-snippet:-1","max-image-preview":"max-image-preview:large","max-video-preview":"max-video-preview:-1"},"canonical":"https:\/\/dev-durable.agglo-larochelle.fr\/2022\/une-agglo-sobre-et-durable\/accompagnement-au-changement\/douze-communes-engagees-contre-le-gaspillage-alimentaire-en-restauration-collective\/","og_locale":"fr_FR","og_type":"article","og_title":"Re-Sources apprend aux enfants \u00e0 prendre soin de la ressource en eau - Rapport du d\u00e9veloppement durable","og_description":"Le programme Re-Sources propose des actions p\u00e9dagogiques et \u00e9ducatives afin de sensibiliser les \u00e9l\u00e8ves et leurs familles \u00e0 la pr\u00e9servation de la ressource en eau. En 2022, six classes de trois communes des aires d\u2019alimentation de captage ont pu b\u00e9n\u00e9ficier d\u2019un projet p\u00e9dagogique dans le cadre du programme Re-Sources.\u00a0 Presque 150 \u00e9l\u00e8ves du CE1 au [&hellip;]","og_url":"https:\/\/dev-durable.agglo-larochelle.fr\/2022\/une-agglo-sobre-et-durable\/accompagnement-au-changement\/douze-communes-engagees-contre-le-gaspillage-alimentaire-en-restauration-collective\/","og_site_name":"Rapport du d\u00e9veloppement durable","article_modified_time":"2022-12-08T14:15:21+00:00","og_image":[{"width":700,"height":466,"url":"https:\/\/dev-durable.agglo-larochelle.fr\/2022\/wp-content\/uploads\/2021\/11\/ReSources_scolaires_MLRC_122061.jpg","type":"image\/jpeg"}],"twitter_card":"summary_large_image","twitter_misc":{"Dur\u00e9e de lecture estim\u00e9e":"1 minute"},"schema":{"@context":"https:\/\/schema.org","@graph":[{"@type":"WebPage","@id":"https:\/\/dev-durable.agglo-larochelle.fr\/2022\/une-agglo-sobre-et-durable\/accompagnement-au-changement\/douze-communes-engagees-contre-le-gaspillage-alimentaire-en-restauration-collective\/","url":"https:\/\/dev-durable.agglo-larochelle.fr\/2022\/une-agglo-sobre-et-durable\/accompagnement-au-changement\/douze-communes-engagees-contre-le-gaspillage-alimentaire-en-restauration-collective\/","name":"Re-Sources apprend aux enfants \u00e0 prendre soin de la ressource en eau - Rapport du d\u00e9veloppement durable","isPartOf":{"@id":"https:\/\/dev-durable.agglo-larochelle.fr\/2022\/#website"},"datePublished":"2021-11-25T14:41:47+00:00","dateModified":"2022-12-08T14:15:21+00:00","breadcrumb":{"@id":"https:\/\/dev-durable.agglo-larochelle.fr\/2022\/une-agglo-sobre-et-durable\/accompagnement-au-changement\/douze-communes-engagees-contre-le-gaspillage-alimentaire-en-restauration-collective\/#breadcrumb"},"inLanguage":"fr-FR","potentialAction":[{"@type":"ReadAction","target":["https:\/\/dev-durable.agglo-larochelle.fr\/2022\/une-agglo-sobre-et-durable\/accompagnement-au-changement\/douze-communes-engagees-contre-le-gaspillage-alimentaire-en-restauration-collective\/"]}]},{"@type":"BreadcrumbList","@id":"https:\/\/dev-durable.agglo-larochelle.fr\/2022\/une-agglo-sobre-et-durable\/accompagnement-au-changement\/douze-communes-engagees-contre-le-gaspillage-alimentaire-en-restauration-collective\/#breadcrumb","itemListElement":[{"@type":"ListItem","position":1,"name":"Accueil","item":"https:\/\/dev-durable.agglo-larochelle.fr\/2022\/"},{"@type":"ListItem","position":2,"name":"Une Agglo sobre et durable","item":"https:\/\/dev-durable.agglo-larochelle.fr\/2022\/une-agglo-sobre-et-durable\/"},{"@type":"ListItem","position":3,"name":"Accompagnement au changement","item":"https:\/\/dev-durable.agglo-larochelle.fr\/2022\/une-agglo-sobre-et-durable\/accompagnement-au-changement\/"},{"@type":"ListItem","position":4,"name":"Re-Sources apprend aux enfants \u00e0 prendre soin de la ressource en eau"}]},{"@type":"WebSite","@id":"https:\/\/dev-durable.agglo-larochelle.fr\/2022\/#website","url":"https:\/\/dev-durable.agglo-larochelle.fr\/2022\/","name":"Rapport du d\u00e9veloppement durable - 2022","description":"Rapport 2022 du d\u00e9veloppement durable","alternateName":"Communaut\u00e9 d'Agglom\u00e9ration de La Rochelle","potentialAction":[{"@type":"SearchAction","target":{"@type":"EntryPoint","urlTemplate":"https:\/\/dev-durable.agglo-larochelle.fr\/2022\/?s={search_term_string}"},"query-input":"required name=search_term_string"}],"inLanguage":"fr-FR"}]}},"_links":{"self":[{"href":"https:\/\/dev-durable.agglo-larochelle.fr\/2022\/wp-json\/wp\/v2\/pages\/2125"}],"collection":[{"href":"https:\/\/dev-durable.agglo-larochelle.fr\/2022\/wp-json\/wp\/v2\/pages"}],"about":[{"href":"https:\/\/dev-durable.agglo-larochelle.fr\/2022\/wp-json\/wp\/v2\/types\/page"}],"author":[{"embeddable":true,"href":"https:\/\/dev-durable.agglo-larochelle.fr\/2022\/wp-json\/wp\/v2\/users\/1"}],"replies":[{"embeddable":true,"href":"https:\/\/dev-durable.agglo-larochelle.fr\/2022\/wp-json\/wp\/v2\/comments?post=2125"}],"version-history":[{"count":5,"href":"https:\/\/dev-durable.agglo-larochelle.fr\/2022\/wp-json\/wp\/v2\/pages\/2125\/revisions"}],"predecessor-version":[{"id":2777,"href":"https:\/\/dev-durable.agglo-larochelle.fr\/2022\/wp-json\/wp\/v2\/pages\/2125\/revisions\/2777"}],"up":[{"embeddable":true,"href":"https:\/\/dev-durable.agglo-larochelle.fr\/2022\/wp-json\/wp\/v2\/pages\/2120"}],"wp:featuredmedia":[{"embeddable":true,"href":"https:\/\/dev-durable.agglo-larochelle.fr\/2022\/wp-json\/wp\/v2\/media\/1964"}],"wp:attachment":[{"href":"https:\/\/dev-durable.agglo-larochelle.fr\/2022\/wp-json\/wp\/v2\/media?parent=2125"}],"curies":[{"name":"wp","href":"https:\/\/api.w.org\/{rel}","templated":true}]}}