{"id":2127,"date":"2021-11-25T15:42:58","date_gmt":"2021-11-25T14:42:58","guid":{"rendered":"https:\/\/dev-durable.agglo-larochelle.fr\/20226.0.2\/?page_id=2127"},"modified":"2022-12-08T15:16:33","modified_gmt":"2022-12-08T14:16:33","slug":"la-distribution-des-composteurs-en-mairie-se-generalise-sur-lagglomeration","status":"publish","type":"page","link":"https:\/\/dev-durable.agglo-larochelle.fr\/2022\/une-agglo-sobre-et-durable\/accompagnement-au-changement\/la-distribution-des-composteurs-en-mairie-se-generalise-sur-lagglomeration\/","title":{"rendered":"Les animations autour de la Journ\u00e9e mondiale de l&rsquo;Eau ont touch\u00e9 un public concern\u00e9"},"content":{"rendered":"<p><strong>L\u2019Agglom\u00e9ration et ESCAL\u2019Oc\u00e9an ont accueilli et organis\u00e9 localement, en mars 2022, les Journ\u00e9es mondiale de l\u2019Eau, avec une s\u00e9rie d\u2019animations qui ont rencontr\u00e9 leur public.<\/strong><\/p>\n<p>Les Journ\u00e9es mondiales de l\u2019Eau ont propos\u00e9 une sensibilisation au parcours de l\u2019eau, de la source \u00e0 la mer, par des animations vari\u00e9es impliquant un vaste r\u00e9seau de partenaires sur le territoire. Sur l\u2019Agglom\u00e9ration, les conf\u00e9rences, balades dans les marais, visites des stations de captage, animations sur les th\u00e8mes de la submersion ou du cycle de l\u2019eau et fresque sur le th\u00e8me de l\u2019eau ont permis d\u2019impliquer plus de 250 personnes.<\/p>\n","protected":false},"excerpt":{"rendered":"<p>L\u2019Agglom\u00e9ration et ESCAL\u2019Oc\u00e9an ont accueilli et organis\u00e9 localement, en mars 2022, les Journ\u00e9es mondiale de l\u2019Eau, avec une s\u00e9rie d\u2019animations qui ont rencontr\u00e9 leur public. Les Journ\u00e9es mondiales de l\u2019Eau ont propos\u00e9 une sensibilisation au parcours de l\u2019eau, de la source \u00e0 la mer, par des animations vari\u00e9es impliquant un vaste r\u00e9seau de partenaires sur [&hellip;]<\/p>\n","protected":false},"author":1,"featured_media":667,"parent":2120,"menu_order":3,"comment_status":"closed","ping_status":"closed","template":"page-sous-partie.php","meta":[],"acf":[],"yoast_head":"<!-- This site is optimized with the Yoast SEO plugin v19.12 - https:\/\/yoast.com\/wordpress\/plugins\/seo\/ -->\n<title>Les animations autour de la Journ\u00e9e mondiale de l&#039;Eau ont touch\u00e9 un public concern\u00e9 - Rapport du d\u00e9veloppement durable<\/title>\n<meta name=\"robots\" content=\"index, follow, max-snippet:-1, max-image-preview:large, max-video-preview:-1\" \/>\n<link rel=\"canonical\" href=\"https:\/\/dev-durable.agglo-larochelle.fr\/2022\/une-agglo-sobre-et-durable\/accompagnement-au-changement\/la-distribution-des-composteurs-en-mairie-se-generalise-sur-lagglomeration\/\" \/>\n<meta property=\"og:locale\" content=\"fr_FR\" \/>\n<meta property=\"og:type\" content=\"article\" \/>\n<meta property=\"og:title\" content=\"Les animations autour de la Journ\u00e9e mondiale de l&#039;Eau ont touch\u00e9 un public concern\u00e9 - Rapport du d\u00e9veloppement durable\" \/>\n<meta property=\"og:description\" content=\"L\u2019Agglom\u00e9ration et ESCAL\u2019Oc\u00e9an ont accueilli et organis\u00e9 localement, en mars 2022, les Journ\u00e9es mondiale de l\u2019Eau, avec une s\u00e9rie d\u2019animations qui ont rencontr\u00e9 leur public. Les Journ\u00e9es mondiales de l\u2019Eau ont propos\u00e9 une sensibilisation au parcours de l\u2019eau, de la source \u00e0 la mer, par des animations vari\u00e9es impliquant un vaste r\u00e9seau de partenaires sur [&hellip;]\" \/>\n<meta property=\"og:url\" content=\"https:\/\/dev-durable.agglo-larochelle.fr\/2022\/une-agglo-sobre-et-durable\/accompagnement-au-changement\/la-distribution-des-composteurs-en-mairie-se-generalise-sur-lagglomeration\/\" \/>\n<meta property=\"og:site_name\" content=\"Rapport du d\u00e9veloppement durable\" \/>\n<meta property=\"article:modified_time\" content=\"2022-12-08T14:16:33+00:00\" \/>\n<meta property=\"og:image\" content=\"https:\/\/dev-durable.agglo-larochelle.fr\/2022\/wp-content\/uploads\/2018\/11\/colloque-internl-ZH.gif\" \/>\n\t<meta property=\"og:image:width\" content=\"1024\" \/>\n\t<meta property=\"og:image:height\" content=\"654\" \/>\n\t<meta property=\"og:image:type\" content=\"image\/gif\" \/>\n<meta name=\"twitter:card\" content=\"summary_large_image\" \/>\n<meta name=\"twitter:label1\" content=\"Dur\u00e9e de lecture estim\u00e9e\" \/>\n\t<meta name=\"twitter:data1\" content=\"1 minute\" \/>\n<script type=\"application\/ld+json\" class=\"yoast-schema-graph\">{\"@context\":\"https:\/\/schema.org\",\"@graph\":[{\"@type\":\"WebPage\",\"@id\":\"https:\/\/dev-durable.agglo-larochelle.fr\/2022\/une-agglo-sobre-et-durable\/accompagnement-au-changement\/la-distribution-des-composteurs-en-mairie-se-generalise-sur-lagglomeration\/\",\"url\":\"https:\/\/dev-durable.agglo-larochelle.fr\/2022\/une-agglo-sobre-et-durable\/accompagnement-au-changement\/la-distribution-des-composteurs-en-mairie-se-generalise-sur-lagglomeration\/\",\"name\":\"Les animations autour de la Journ\u00e9e mondiale de l'Eau ont touch\u00e9 un public concern\u00e9 - Rapport du d\u00e9veloppement durable\",\"isPartOf\":{\"@id\":\"https:\/\/dev-durable.agglo-larochelle.fr\/2022\/#website\"},\"datePublished\":\"2021-11-25T14:42:58+00:00\",\"dateModified\":\"2022-12-08T14:16:33+00:00\",\"breadcrumb\":{\"@id\":\"https:\/\/dev-durable.agglo-larochelle.fr\/2022\/une-agglo-sobre-et-durable\/accompagnement-au-changement\/la-distribution-des-composteurs-en-mairie-se-generalise-sur-lagglomeration\/#breadcrumb\"},\"inLanguage\":\"fr-FR\",\"potentialAction\":[{\"@type\":\"ReadAction\",\"target\":[\"https:\/\/dev-durable.agglo-larochelle.fr\/2022\/une-agglo-sobre-et-durable\/accompagnement-au-changement\/la-distribution-des-composteurs-en-mairie-se-generalise-sur-lagglomeration\/\"]}]},{\"@type\":\"BreadcrumbList\",\"@id\":\"https:\/\/dev-durable.agglo-larochelle.fr\/2022\/une-agglo-sobre-et-durable\/accompagnement-au-changement\/la-distribution-des-composteurs-en-mairie-se-generalise-sur-lagglomeration\/#breadcrumb\",\"itemListElement\":[{\"@type\":\"ListItem\",\"position\":1,\"name\":\"Accueil\",\"item\":\"https:\/\/dev-durable.agglo-larochelle.fr\/2022\/\"},{\"@type\":\"ListItem\",\"position\":2,\"name\":\"Une Agglo sobre et durable\",\"item\":\"https:\/\/dev-durable.agglo-larochelle.fr\/2022\/une-agglo-sobre-et-durable\/\"},{\"@type\":\"ListItem\",\"position\":3,\"name\":\"Accompagnement au changement\",\"item\":\"https:\/\/dev-durable.agglo-larochelle.fr\/2022\/une-agglo-sobre-et-durable\/accompagnement-au-changement\/\"},{\"@type\":\"ListItem\",\"position\":4,\"name\":\"Les animations autour de la Journ\u00e9e mondiale de l&rsquo;Eau ont touch\u00e9 un public concern\u00e9\"}]},{\"@type\":\"WebSite\",\"@id\":\"https:\/\/dev-durable.agglo-larochelle.fr\/2022\/#website\",\"url\":\"https:\/\/dev-durable.agglo-larochelle.fr\/2022\/\",\"name\":\"Rapport du d\u00e9veloppement durable - 2022\",\"description\":\"Rapport 2022 du d\u00e9veloppement durable\",\"alternateName\":\"Communaut\u00e9 d'Agglom\u00e9ration de La Rochelle\",\"potentialAction\":[{\"@type\":\"SearchAction\",\"target\":{\"@type\":\"EntryPoint\",\"urlTemplate\":\"https:\/\/dev-durable.agglo-larochelle.fr\/2022\/?s={search_term_string}\"},\"query-input\":\"required name=search_term_string\"}],\"inLanguage\":\"fr-FR\"}]}<\/script>\n<!-- \/ Yoast SEO plugin. -->","yoast_head_json":{"title":"Les animations autour de la Journ\u00e9e mondiale de l'Eau ont touch\u00e9 un public concern\u00e9 - Rapport du d\u00e9veloppement durable","robots":{"index":"index","follow":"follow","max-snippet":"max-snippet:-1","max-image-preview":"max-image-preview:large","max-video-preview":"max-video-preview:-1"},"canonical":"https:\/\/dev-durable.agglo-larochelle.fr\/2022\/une-agglo-sobre-et-durable\/accompagnement-au-changement\/la-distribution-des-composteurs-en-mairie-se-generalise-sur-lagglomeration\/","og_locale":"fr_FR","og_type":"article","og_title":"Les animations autour de la Journ\u00e9e mondiale de l'Eau ont touch\u00e9 un public concern\u00e9 - Rapport du d\u00e9veloppement durable","og_description":"L\u2019Agglom\u00e9ration et ESCAL\u2019Oc\u00e9an ont accueilli et organis\u00e9 localement, en mars 2022, les Journ\u00e9es mondiale de l\u2019Eau, avec une s\u00e9rie d\u2019animations qui ont rencontr\u00e9 leur public. Les Journ\u00e9es mondiales de l\u2019Eau ont propos\u00e9 une sensibilisation au parcours de l\u2019eau, de la source \u00e0 la mer, par des animations vari\u00e9es impliquant un vaste r\u00e9seau de partenaires sur [&hellip;]","og_url":"https:\/\/dev-durable.agglo-larochelle.fr\/2022\/une-agglo-sobre-et-durable\/accompagnement-au-changement\/la-distribution-des-composteurs-en-mairie-se-generalise-sur-lagglomeration\/","og_site_name":"Rapport du d\u00e9veloppement durable","article_modified_time":"2022-12-08T14:16:33+00:00","og_image":[{"width":1024,"height":654,"url":"https:\/\/dev-durable.agglo-larochelle.fr\/2022\/wp-content\/uploads\/2018\/11\/colloque-internl-ZH.gif","type":"image\/gif"}],"twitter_card":"summary_large_image","twitter_misc":{"Dur\u00e9e de lecture estim\u00e9e":"1 minute"},"schema":{"@context":"https:\/\/schema.org","@graph":[{"@type":"WebPage","@id":"https:\/\/dev-durable.agglo-larochelle.fr\/2022\/une-agglo-sobre-et-durable\/accompagnement-au-changement\/la-distribution-des-composteurs-en-mairie-se-generalise-sur-lagglomeration\/","url":"https:\/\/dev-durable.agglo-larochelle.fr\/2022\/une-agglo-sobre-et-durable\/accompagnement-au-changement\/la-distribution-des-composteurs-en-mairie-se-generalise-sur-lagglomeration\/","name":"Les animations autour de la Journ\u00e9e mondiale de l'Eau ont touch\u00e9 un public concern\u00e9 - Rapport du d\u00e9veloppement durable","isPartOf":{"@id":"https:\/\/dev-durable.agglo-larochelle.fr\/2022\/#website"},"datePublished":"2021-11-25T14:42:58+00:00","dateModified":"2022-12-08T14:16:33+00:00","breadcrumb":{"@id":"https:\/\/dev-durable.agglo-larochelle.fr\/2022\/une-agglo-sobre-et-durable\/accompagnement-au-changement\/la-distribution-des-composteurs-en-mairie-se-generalise-sur-lagglomeration\/#breadcrumb"},"inLanguage":"fr-FR","potentialAction":[{"@type":"ReadAction","target":["https:\/\/dev-durable.agglo-larochelle.fr\/2022\/une-agglo-sobre-et-durable\/accompagnement-au-changement\/la-distribution-des-composteurs-en-mairie-se-generalise-sur-lagglomeration\/"]}]},{"@type":"BreadcrumbList","@id":"https:\/\/dev-durable.agglo-larochelle.fr\/2022\/une-agglo-sobre-et-durable\/accompagnement-au-changement\/la-distribution-des-composteurs-en-mairie-se-generalise-sur-lagglomeration\/#breadcrumb","itemListElement":[{"@type":"ListItem","position":1,"name":"Accueil","item":"https:\/\/dev-durable.agglo-larochelle.fr\/2022\/"},{"@type":"ListItem","position":2,"name":"Une Agglo sobre et durable","item":"https:\/\/dev-durable.agglo-larochelle.fr\/2022\/une-agglo-sobre-et-durable\/"},{"@type":"ListItem","position":3,"name":"Accompagnement au changement","item":"https:\/\/dev-durable.agglo-larochelle.fr\/2022\/une-agglo-sobre-et-durable\/accompagnement-au-changement\/"},{"@type":"ListItem","position":4,"name":"Les animations autour de la Journ\u00e9e mondiale de l&rsquo;Eau ont touch\u00e9 un public concern\u00e9"}]},{"@type":"WebSite","@id":"https:\/\/dev-durable.agglo-larochelle.fr\/2022\/#website","url":"https:\/\/dev-durable.agglo-larochelle.fr\/2022\/","name":"Rapport du d\u00e9veloppement durable - 2022","description":"Rapport 2022 du d\u00e9veloppement durable","alternateName":"Communaut\u00e9 d'Agglom\u00e9ration de La Rochelle","potentialAction":[{"@type":"SearchAction","target":{"@type":"EntryPoint","urlTemplate":"https:\/\/dev-durable.agglo-larochelle.fr\/2022\/?s={search_term_string}"},"query-input":"required name=search_term_string"}],"inLanguage":"fr-FR"}]}},"_links":{"self":[{"href":"https:\/\/dev-durable.agglo-larochelle.fr\/2022\/wp-json\/wp\/v2\/pages\/2127"}],"collection":[{"href":"https:\/\/dev-durable.agglo-larochelle.fr\/2022\/wp-json\/wp\/v2\/pages"}],"about":[{"href":"https:\/\/dev-durable.agglo-larochelle.fr\/2022\/wp-json\/wp\/v2\/types\/page"}],"author":[{"embeddable":true,"href":"https:\/\/dev-durable.agglo-larochelle.fr\/2022\/wp-json\/wp\/v2\/users\/1"}],"replies":[{"embeddable":true,"href":"https:\/\/dev-durable.agglo-larochelle.fr\/2022\/wp-json\/wp\/v2\/comments?post=2127"}],"version-history":[{"count":5,"href":"https:\/\/dev-durable.agglo-larochelle.fr\/2022\/wp-json\/wp\/v2\/pages\/2127\/revisions"}],"predecessor-version":[{"id":2779,"href":"https:\/\/dev-durable.agglo-larochelle.fr\/2022\/wp-json\/wp\/v2\/pages\/2127\/revisions\/2779"}],"up":[{"embeddable":true,"href":"https:\/\/dev-durable.agglo-larochelle.fr\/2022\/wp-json\/wp\/v2\/pages\/2120"}],"wp:featuredmedia":[{"embeddable":true,"href":"https:\/\/dev-durable.agglo-larochelle.fr\/2022\/wp-json\/wp\/v2\/media\/667"}],"wp:attachment":[{"href":"https:\/\/dev-durable.agglo-larochelle.fr\/2022\/wp-json\/wp\/v2\/media?parent=2127"}],"curies":[{"name":"wp","href":"https:\/\/api.w.org\/{rel}","templated":true}]}}