{"id":2129,"date":"2021-11-25T15:45:15","date_gmt":"2021-11-25T14:45:15","guid":{"rendered":"https:\/\/dev-durable.agglo-larochelle.fr\/20226.0.2\/?page_id=2129"},"modified":"2022-12-08T15:50:44","modified_gmt":"2022-12-08T14:50:44","slug":"les-eleves-de-lagglomeration-continuent-a-beneficier-dactions-de-sensibilisation","status":"publish","type":"page","link":"https:\/\/dev-durable.agglo-larochelle.fr\/2022\/une-agglo-sobre-et-durable\/accompagnement-au-changement\/les-eleves-de-lagglomeration-continuent-a-beneficier-dactions-de-sensibilisation\/","title":{"rendered":"Les jeunes en service civique forment aux enjeux de l\u2019eau avec le projet M\u00e9diaterre"},"content":{"rendered":"<p><strong>L\u2019association Unis-Cit\u00e9 a mobilis\u00e9 ses jeunes en service civique dans le cadre du projet \u00ab\u00a0M\u00e9diaterre &#8211; Mobiliser les citoyens dans les quartiers pour l\u2019\u00e9cologie et de la protection de l\u2019environnement\u00a0\u00bb.<\/strong><\/p>\n<p>Huit jeunes volontaires en service civique ont travaill\u00e9 autour du th\u00e8me \u00ab Sensibilisation aux enjeux de l\u2019eau et aux risques associ\u00e9s \u00bb, dans le cadre du projet M\u00e9diaterre et en r\u00e9sonance avec le programme Re-Sources. Les jeunes ont propos\u00e9 des actions autour de la submersion, afin de rappeler l\u2019existence de ce risque et de communiquer, sensibiliser, informer le grand public sur les moyens individuels et collectifs de faire face \u00e0 cette vuln\u00e9rabilit\u00e9.<\/p>\n","protected":false},"excerpt":{"rendered":"<p>L\u2019association Unis-Cit\u00e9 a mobilis\u00e9 ses jeunes en service civique dans le cadre du projet \u00ab\u00a0M\u00e9diaterre &#8211; Mobiliser les citoyens dans les quartiers pour l\u2019\u00e9cologie et de la protection de l\u2019environnement\u00a0\u00bb. Huit jeunes volontaires en service civique ont travaill\u00e9 autour du th\u00e8me \u00ab Sensibilisation aux enjeux de l\u2019eau et aux risques associ\u00e9s \u00bb, dans le cadre [&hellip;]<\/p>\n","protected":false},"author":1,"featured_media":2949,"parent":2120,"menu_order":4,"comment_status":"closed","ping_status":"closed","template":"page-sous-partie.php","meta":[],"acf":[],"yoast_head":"<!-- This site is optimized with the Yoast SEO plugin v19.12 - https:\/\/yoast.com\/wordpress\/plugins\/seo\/ -->\n<title>Les jeunes en service civique forment aux enjeux de l\u2019eau avec le projet M\u00e9diaterre - Rapport du d\u00e9veloppement durable<\/title>\n<meta name=\"robots\" content=\"index, follow, max-snippet:-1, max-image-preview:large, max-video-preview:-1\" \/>\n<link rel=\"canonical\" href=\"https:\/\/dev-durable.agglo-larochelle.fr\/2022\/une-agglo-sobre-et-durable\/accompagnement-au-changement\/les-eleves-de-lagglomeration-continuent-a-beneficier-dactions-de-sensibilisation\/\" \/>\n<meta property=\"og:locale\" content=\"fr_FR\" \/>\n<meta property=\"og:type\" content=\"article\" \/>\n<meta property=\"og:title\" content=\"Les jeunes en service civique forment aux enjeux de l\u2019eau avec le projet M\u00e9diaterre - Rapport du d\u00e9veloppement durable\" \/>\n<meta property=\"og:description\" content=\"L\u2019association Unis-Cit\u00e9 a mobilis\u00e9 ses jeunes en service civique dans le cadre du projet \u00ab\u00a0M\u00e9diaterre &#8211; Mobiliser les citoyens dans les quartiers pour l\u2019\u00e9cologie et de la protection de l\u2019environnement\u00a0\u00bb. Huit jeunes volontaires en service civique ont travaill\u00e9 autour du th\u00e8me \u00ab Sensibilisation aux enjeux de l\u2019eau et aux risques associ\u00e9s \u00bb, dans le cadre [&hellip;]\" \/>\n<meta property=\"og:url\" content=\"https:\/\/dev-durable.agglo-larochelle.fr\/2022\/une-agglo-sobre-et-durable\/accompagnement-au-changement\/les-eleves-de-lagglomeration-continuent-a-beneficier-dactions-de-sensibilisation\/\" \/>\n<meta property=\"og:site_name\" content=\"Rapport du d\u00e9veloppement durable\" \/>\n<meta property=\"article:modified_time\" content=\"2022-12-08T14:50:44+00:00\" \/>\n<meta property=\"og:image\" content=\"https:\/\/dev-durable.agglo-larochelle.fr\/2022\/wp-content\/uploads\/2022\/12\/Uniscite_CA_037979.jpg\" \/>\n\t<meta property=\"og:image:width\" content=\"650\" \/>\n\t<meta property=\"og:image:height\" content=\"300\" \/>\n\t<meta property=\"og:image:type\" content=\"image\/jpeg\" \/>\n<meta name=\"twitter:card\" content=\"summary_large_image\" \/>\n<meta name=\"twitter:label1\" content=\"Dur\u00e9e de lecture estim\u00e9e\" \/>\n\t<meta name=\"twitter:data1\" content=\"1 minute\" \/>\n<script type=\"application\/ld+json\" class=\"yoast-schema-graph\">{\"@context\":\"https:\/\/schema.org\",\"@graph\":[{\"@type\":\"WebPage\",\"@id\":\"https:\/\/dev-durable.agglo-larochelle.fr\/2022\/une-agglo-sobre-et-durable\/accompagnement-au-changement\/les-eleves-de-lagglomeration-continuent-a-beneficier-dactions-de-sensibilisation\/\",\"url\":\"https:\/\/dev-durable.agglo-larochelle.fr\/2022\/une-agglo-sobre-et-durable\/accompagnement-au-changement\/les-eleves-de-lagglomeration-continuent-a-beneficier-dactions-de-sensibilisation\/\",\"name\":\"Les jeunes en service civique forment aux enjeux de l\u2019eau avec le projet M\u00e9diaterre - Rapport du d\u00e9veloppement durable\",\"isPartOf\":{\"@id\":\"https:\/\/dev-durable.agglo-larochelle.fr\/2022\/#website\"},\"datePublished\":\"2021-11-25T14:45:15+00:00\",\"dateModified\":\"2022-12-08T14:50:44+00:00\",\"breadcrumb\":{\"@id\":\"https:\/\/dev-durable.agglo-larochelle.fr\/2022\/une-agglo-sobre-et-durable\/accompagnement-au-changement\/les-eleves-de-lagglomeration-continuent-a-beneficier-dactions-de-sensibilisation\/#breadcrumb\"},\"inLanguage\":\"fr-FR\",\"potentialAction\":[{\"@type\":\"ReadAction\",\"target\":[\"https:\/\/dev-durable.agglo-larochelle.fr\/2022\/une-agglo-sobre-et-durable\/accompagnement-au-changement\/les-eleves-de-lagglomeration-continuent-a-beneficier-dactions-de-sensibilisation\/\"]}]},{\"@type\":\"BreadcrumbList\",\"@id\":\"https:\/\/dev-durable.agglo-larochelle.fr\/2022\/une-agglo-sobre-et-durable\/accompagnement-au-changement\/les-eleves-de-lagglomeration-continuent-a-beneficier-dactions-de-sensibilisation\/#breadcrumb\",\"itemListElement\":[{\"@type\":\"ListItem\",\"position\":1,\"name\":\"Accueil\",\"item\":\"https:\/\/dev-durable.agglo-larochelle.fr\/2022\/\"},{\"@type\":\"ListItem\",\"position\":2,\"name\":\"Une Agglo sobre et durable\",\"item\":\"https:\/\/dev-durable.agglo-larochelle.fr\/2022\/une-agglo-sobre-et-durable\/\"},{\"@type\":\"ListItem\",\"position\":3,\"name\":\"Accompagnement au changement\",\"item\":\"https:\/\/dev-durable.agglo-larochelle.fr\/2022\/une-agglo-sobre-et-durable\/accompagnement-au-changement\/\"},{\"@type\":\"ListItem\",\"position\":4,\"name\":\"Les jeunes en service civique forment aux enjeux de l\u2019eau avec le projet M\u00e9diaterre\"}]},{\"@type\":\"WebSite\",\"@id\":\"https:\/\/dev-durable.agglo-larochelle.fr\/2022\/#website\",\"url\":\"https:\/\/dev-durable.agglo-larochelle.fr\/2022\/\",\"name\":\"Rapport du d\u00e9veloppement durable - 2022\",\"description\":\"Rapport 2022 du d\u00e9veloppement durable\",\"alternateName\":\"Communaut\u00e9 d'Agglom\u00e9ration de La Rochelle\",\"potentialAction\":[{\"@type\":\"SearchAction\",\"target\":{\"@type\":\"EntryPoint\",\"urlTemplate\":\"https:\/\/dev-durable.agglo-larochelle.fr\/2022\/?s={search_term_string}\"},\"query-input\":\"required name=search_term_string\"}],\"inLanguage\":\"fr-FR\"}]}<\/script>\n<!-- \/ Yoast SEO plugin. -->","yoast_head_json":{"title":"Les jeunes en service civique forment aux enjeux de l\u2019eau avec le projet M\u00e9diaterre - Rapport du d\u00e9veloppement durable","robots":{"index":"index","follow":"follow","max-snippet":"max-snippet:-1","max-image-preview":"max-image-preview:large","max-video-preview":"max-video-preview:-1"},"canonical":"https:\/\/dev-durable.agglo-larochelle.fr\/2022\/une-agglo-sobre-et-durable\/accompagnement-au-changement\/les-eleves-de-lagglomeration-continuent-a-beneficier-dactions-de-sensibilisation\/","og_locale":"fr_FR","og_type":"article","og_title":"Les jeunes en service civique forment aux enjeux de l\u2019eau avec le projet M\u00e9diaterre - Rapport du d\u00e9veloppement durable","og_description":"L\u2019association Unis-Cit\u00e9 a mobilis\u00e9 ses jeunes en service civique dans le cadre du projet \u00ab\u00a0M\u00e9diaterre &#8211; Mobiliser les citoyens dans les quartiers pour l\u2019\u00e9cologie et de la protection de l\u2019environnement\u00a0\u00bb. Huit jeunes volontaires en service civique ont travaill\u00e9 autour du th\u00e8me \u00ab Sensibilisation aux enjeux de l\u2019eau et aux risques associ\u00e9s \u00bb, dans le cadre [&hellip;]","og_url":"https:\/\/dev-durable.agglo-larochelle.fr\/2022\/une-agglo-sobre-et-durable\/accompagnement-au-changement\/les-eleves-de-lagglomeration-continuent-a-beneficier-dactions-de-sensibilisation\/","og_site_name":"Rapport du d\u00e9veloppement durable","article_modified_time":"2022-12-08T14:50:44+00:00","og_image":[{"width":650,"height":300,"url":"https:\/\/dev-durable.agglo-larochelle.fr\/2022\/wp-content\/uploads\/2022\/12\/Uniscite_CA_037979.jpg","type":"image\/jpeg"}],"twitter_card":"summary_large_image","twitter_misc":{"Dur\u00e9e de lecture estim\u00e9e":"1 minute"},"schema":{"@context":"https:\/\/schema.org","@graph":[{"@type":"WebPage","@id":"https:\/\/dev-durable.agglo-larochelle.fr\/2022\/une-agglo-sobre-et-durable\/accompagnement-au-changement\/les-eleves-de-lagglomeration-continuent-a-beneficier-dactions-de-sensibilisation\/","url":"https:\/\/dev-durable.agglo-larochelle.fr\/2022\/une-agglo-sobre-et-durable\/accompagnement-au-changement\/les-eleves-de-lagglomeration-continuent-a-beneficier-dactions-de-sensibilisation\/","name":"Les jeunes en service civique forment aux enjeux de l\u2019eau avec le projet M\u00e9diaterre - Rapport du d\u00e9veloppement durable","isPartOf":{"@id":"https:\/\/dev-durable.agglo-larochelle.fr\/2022\/#website"},"datePublished":"2021-11-25T14:45:15+00:00","dateModified":"2022-12-08T14:50:44+00:00","breadcrumb":{"@id":"https:\/\/dev-durable.agglo-larochelle.fr\/2022\/une-agglo-sobre-et-durable\/accompagnement-au-changement\/les-eleves-de-lagglomeration-continuent-a-beneficier-dactions-de-sensibilisation\/#breadcrumb"},"inLanguage":"fr-FR","potentialAction":[{"@type":"ReadAction","target":["https:\/\/dev-durable.agglo-larochelle.fr\/2022\/une-agglo-sobre-et-durable\/accompagnement-au-changement\/les-eleves-de-lagglomeration-continuent-a-beneficier-dactions-de-sensibilisation\/"]}]},{"@type":"BreadcrumbList","@id":"https:\/\/dev-durable.agglo-larochelle.fr\/2022\/une-agglo-sobre-et-durable\/accompagnement-au-changement\/les-eleves-de-lagglomeration-continuent-a-beneficier-dactions-de-sensibilisation\/#breadcrumb","itemListElement":[{"@type":"ListItem","position":1,"name":"Accueil","item":"https:\/\/dev-durable.agglo-larochelle.fr\/2022\/"},{"@type":"ListItem","position":2,"name":"Une Agglo sobre et durable","item":"https:\/\/dev-durable.agglo-larochelle.fr\/2022\/une-agglo-sobre-et-durable\/"},{"@type":"ListItem","position":3,"name":"Accompagnement au changement","item":"https:\/\/dev-durable.agglo-larochelle.fr\/2022\/une-agglo-sobre-et-durable\/accompagnement-au-changement\/"},{"@type":"ListItem","position":4,"name":"Les jeunes en service civique forment aux enjeux de l\u2019eau avec le projet M\u00e9diaterre"}]},{"@type":"WebSite","@id":"https:\/\/dev-durable.agglo-larochelle.fr\/2022\/#website","url":"https:\/\/dev-durable.agglo-larochelle.fr\/2022\/","name":"Rapport du d\u00e9veloppement durable - 2022","description":"Rapport 2022 du d\u00e9veloppement durable","alternateName":"Communaut\u00e9 d'Agglom\u00e9ration de La Rochelle","potentialAction":[{"@type":"SearchAction","target":{"@type":"EntryPoint","urlTemplate":"https:\/\/dev-durable.agglo-larochelle.fr\/2022\/?s={search_term_string}"},"query-input":"required name=search_term_string"}],"inLanguage":"fr-FR"}]}},"_links":{"self":[{"href":"https:\/\/dev-durable.agglo-larochelle.fr\/2022\/wp-json\/wp\/v2\/pages\/2129"}],"collection":[{"href":"https:\/\/dev-durable.agglo-larochelle.fr\/2022\/wp-json\/wp\/v2\/pages"}],"about":[{"href":"https:\/\/dev-durable.agglo-larochelle.fr\/2022\/wp-json\/wp\/v2\/types\/page"}],"author":[{"embeddable":true,"href":"https:\/\/dev-durable.agglo-larochelle.fr\/2022\/wp-json\/wp\/v2\/users\/1"}],"replies":[{"embeddable":true,"href":"https:\/\/dev-durable.agglo-larochelle.fr\/2022\/wp-json\/wp\/v2\/comments?post=2129"}],"version-history":[{"count":5,"href":"https:\/\/dev-durable.agglo-larochelle.fr\/2022\/wp-json\/wp\/v2\/pages\/2129\/revisions"}],"predecessor-version":[{"id":2782,"href":"https:\/\/dev-durable.agglo-larochelle.fr\/2022\/wp-json\/wp\/v2\/pages\/2129\/revisions\/2782"}],"up":[{"embeddable":true,"href":"https:\/\/dev-durable.agglo-larochelle.fr\/2022\/wp-json\/wp\/v2\/pages\/2120"}],"wp:featuredmedia":[{"embeddable":true,"href":"https:\/\/dev-durable.agglo-larochelle.fr\/2022\/wp-json\/wp\/v2\/media\/2949"}],"wp:attachment":[{"href":"https:\/\/dev-durable.agglo-larochelle.fr\/2022\/wp-json\/wp\/v2\/media?parent=2129"}],"curies":[{"name":"wp","href":"https:\/\/api.w.org\/{rel}","templated":true}]}}