{"id":2503,"date":"2022-11-21T16:32:05","date_gmt":"2022-11-21T15:32:05","guid":{"rendered":"https:\/\/dev-durable.agglo-larochelle.fr\/2022\/?page_id=2503"},"modified":"2022-12-05T15:24:13","modified_gmt":"2022-12-05T14:24:13","slug":"zac-de-saint-xandre","status":"publish","type":"page","link":"https:\/\/dev-durable.agglo-larochelle.fr\/2022\/une-agglo-creative\/amenagement\/zac-de-saint-xandre\/","title":{"rendered":"Le programme des \u00e9quipements publics du Fief des Dompierres \u00e0 Saint-Xandre \u00e9volue"},"content":{"rendered":"\n<p><strong>La Zone d\u2019Am\u00e9nagement Concert\u00e9 (ZAC) du Fief des Dompierres \u00e0 Saint-Xandre est \u00e9galement une op\u00e9ration d\u2019am\u00e9nagement \u00e0 vocation d\u2019habitat. A l\u2019entr\u00e9e dans la derni\u00e8re tranche op\u00e9rationnelle du chantier, le programme des \u00e9quipements publics fait l\u2019objet d\u2019adaptations.<\/strong><\/p>\n<p>\u00ab Le Fief des Dompierres \u00bb, zone d\u2019am\u00e9nagement situ\u00e9e \u00e0 Saint-Xandre, s\u2019\u00e9tend sur 24 hectares et pr\u00e9voit d\u2019accueillir entre 450 et 500 logements de typologies diversifi\u00e9es : terrains \u00e0 b\u00e2tir, maisons group\u00e9es ou appartements. Le projet int\u00e8gre des espaces naturels, bord\u00e9s de voies pi\u00e9tonnes et de pistes cyclables. Pour l\u2019am\u00e9nagement de la 3e et derni\u00e8re tranche de la ZAC, il est pr\u00e9vu de r\u00e9aliser environ 120 logements majoritairement sous la forme d\u2019un parc habit\u00e9 privil\u00e9giant les modes doux et la qualit\u00e9 des espaces publics. Le programme des \u00e9quipements publics a \u00e9t\u00e9 adapt\u00e9 afin de tenir compte des \u00e9volutions du projet, concernant par exemple l\u2019am\u00e9nagement paysager \u00e0 l\u2019entr\u00e9e du quartier ou la cr\u00e9ation d\u2019un giratoire dans sa partie sud.<\/p>\n","protected":false},"excerpt":{"rendered":"<p>La Zone d\u2019Am\u00e9nagement Concert\u00e9 (ZAC) du Fief des Dompierres \u00e0 Saint-Xandre est \u00e9galement une op\u00e9ration d\u2019am\u00e9nagement \u00e0 vocation d\u2019habitat. A l\u2019entr\u00e9e dans la derni\u00e8re tranche op\u00e9rationnelle du chantier, le programme des \u00e9quipements publics fait l\u2019objet d\u2019adaptations. \u00ab Le Fief des Dompierres \u00bb, zone d\u2019am\u00e9nagement situ\u00e9e \u00e0 Saint-Xandre, s\u2019\u00e9tend sur 24 hectares et pr\u00e9voit d\u2019accueillir entre [&hellip;]<\/p>\n","protected":false},"author":1,"featured_media":655,"parent":9,"menu_order":3,"comment_status":"closed","ping_status":"closed","template":"page-sous-partie.php","meta":[],"acf":[],"yoast_head":"<!-- This site is optimized with the Yoast SEO plugin v19.12 - https:\/\/yoast.com\/wordpress\/plugins\/seo\/ -->\n<title>Le programme des \u00e9quipements publics du Fief des Dompierres \u00e0 Saint-Xandre \u00e9volue - Rapport du d\u00e9veloppement durable<\/title>\n<meta name=\"robots\" content=\"index, follow, max-snippet:-1, max-image-preview:large, max-video-preview:-1\" \/>\n<link rel=\"canonical\" href=\"https:\/\/dev-durable.agglo-larochelle.fr\/2022\/une-agglo-creative\/amenagement\/zac-de-saint-xandre\/\" \/>\n<meta property=\"og:locale\" content=\"fr_FR\" \/>\n<meta property=\"og:type\" content=\"article\" \/>\n<meta property=\"og:title\" content=\"Le programme des \u00e9quipements publics du Fief des Dompierres \u00e0 Saint-Xandre \u00e9volue - Rapport du d\u00e9veloppement durable\" \/>\n<meta property=\"og:description\" content=\"La Zone d\u2019Am\u00e9nagement Concert\u00e9 (ZAC) du Fief des Dompierres \u00e0 Saint-Xandre est \u00e9galement une op\u00e9ration d\u2019am\u00e9nagement \u00e0 vocation d\u2019habitat. A l\u2019entr\u00e9e dans la derni\u00e8re tranche op\u00e9rationnelle du chantier, le programme des \u00e9quipements publics fait l\u2019objet d\u2019adaptations. \u00ab Le Fief des Dompierres \u00bb, zone d\u2019am\u00e9nagement situ\u00e9e \u00e0 Saint-Xandre, s\u2019\u00e9tend sur 24 hectares et pr\u00e9voit d\u2019accueillir entre [&hellip;]\" \/>\n<meta property=\"og:url\" content=\"https:\/\/dev-durable.agglo-larochelle.fr\/2022\/une-agglo-creative\/amenagement\/zac-de-saint-xandre\/\" \/>\n<meta property=\"og:site_name\" content=\"Rapport du d\u00e9veloppement durable\" \/>\n<meta property=\"article:modified_time\" content=\"2022-12-05T14:24:13+00:00\" \/>\n<meta property=\"og:image\" content=\"https:\/\/dev-durable.agglo-larochelle.fr\/2022\/wp-content\/uploads\/2018\/11\/eco-habitat-1.gif\" \/>\n\t<meta property=\"og:image:width\" content=\"1024\" \/>\n\t<meta property=\"og:image:height\" content=\"654\" \/>\n\t<meta property=\"og:image:type\" content=\"image\/gif\" \/>\n<meta name=\"twitter:card\" content=\"summary_large_image\" \/>\n<meta name=\"twitter:label1\" content=\"Dur\u00e9e de lecture estim\u00e9e\" \/>\n\t<meta name=\"twitter:data1\" content=\"1 minute\" \/>\n<script type=\"application\/ld+json\" class=\"yoast-schema-graph\">{\"@context\":\"https:\/\/schema.org\",\"@graph\":[{\"@type\":\"WebPage\",\"@id\":\"https:\/\/dev-durable.agglo-larochelle.fr\/2022\/une-agglo-creative\/amenagement\/zac-de-saint-xandre\/\",\"url\":\"https:\/\/dev-durable.agglo-larochelle.fr\/2022\/une-agglo-creative\/amenagement\/zac-de-saint-xandre\/\",\"name\":\"Le programme des \u00e9quipements publics du Fief des Dompierres \u00e0 Saint-Xandre \u00e9volue - Rapport du d\u00e9veloppement durable\",\"isPartOf\":{\"@id\":\"https:\/\/dev-durable.agglo-larochelle.fr\/2022\/#website\"},\"datePublished\":\"2022-11-21T15:32:05+00:00\",\"dateModified\":\"2022-12-05T14:24:13+00:00\",\"breadcrumb\":{\"@id\":\"https:\/\/dev-durable.agglo-larochelle.fr\/2022\/une-agglo-creative\/amenagement\/zac-de-saint-xandre\/#breadcrumb\"},\"inLanguage\":\"fr-FR\",\"potentialAction\":[{\"@type\":\"ReadAction\",\"target\":[\"https:\/\/dev-durable.agglo-larochelle.fr\/2022\/une-agglo-creative\/amenagement\/zac-de-saint-xandre\/\"]}]},{\"@type\":\"BreadcrumbList\",\"@id\":\"https:\/\/dev-durable.agglo-larochelle.fr\/2022\/une-agglo-creative\/amenagement\/zac-de-saint-xandre\/#breadcrumb\",\"itemListElement\":[{\"@type\":\"ListItem\",\"position\":1,\"name\":\"Accueil\",\"item\":\"https:\/\/dev-durable.agglo-larochelle.fr\/2022\/\"},{\"@type\":\"ListItem\",\"position\":2,\"name\":\"Une Agglo cr\u00e9ative\",\"item\":\"https:\/\/dev-durable.agglo-larochelle.fr\/2022\/une-agglo-creative\/\"},{\"@type\":\"ListItem\",\"position\":3,\"name\":\"Am\u00e9nagement\",\"item\":\"https:\/\/dev-durable.agglo-larochelle.fr\/2022\/une-agglo-creative\/amenagement\/\"},{\"@type\":\"ListItem\",\"position\":4,\"name\":\"Le programme des \u00e9quipements publics du Fief des Dompierres \u00e0 Saint-Xandre \u00e9volue\"}]},{\"@type\":\"WebSite\",\"@id\":\"https:\/\/dev-durable.agglo-larochelle.fr\/2022\/#website\",\"url\":\"https:\/\/dev-durable.agglo-larochelle.fr\/2022\/\",\"name\":\"Rapport du d\u00e9veloppement durable - 2022\",\"description\":\"Rapport 2022 du d\u00e9veloppement durable\",\"alternateName\":\"Communaut\u00e9 d'Agglom\u00e9ration de La Rochelle\",\"potentialAction\":[{\"@type\":\"SearchAction\",\"target\":{\"@type\":\"EntryPoint\",\"urlTemplate\":\"https:\/\/dev-durable.agglo-larochelle.fr\/2022\/?s={search_term_string}\"},\"query-input\":\"required name=search_term_string\"}],\"inLanguage\":\"fr-FR\"}]}<\/script>\n<!-- \/ Yoast SEO plugin. -->","yoast_head_json":{"title":"Le programme des \u00e9quipements publics du Fief des Dompierres \u00e0 Saint-Xandre \u00e9volue - Rapport du d\u00e9veloppement durable","robots":{"index":"index","follow":"follow","max-snippet":"max-snippet:-1","max-image-preview":"max-image-preview:large","max-video-preview":"max-video-preview:-1"},"canonical":"https:\/\/dev-durable.agglo-larochelle.fr\/2022\/une-agglo-creative\/amenagement\/zac-de-saint-xandre\/","og_locale":"fr_FR","og_type":"article","og_title":"Le programme des \u00e9quipements publics du Fief des Dompierres \u00e0 Saint-Xandre \u00e9volue - Rapport du d\u00e9veloppement durable","og_description":"La Zone d\u2019Am\u00e9nagement Concert\u00e9 (ZAC) du Fief des Dompierres \u00e0 Saint-Xandre est \u00e9galement une op\u00e9ration d\u2019am\u00e9nagement \u00e0 vocation d\u2019habitat. A l\u2019entr\u00e9e dans la derni\u00e8re tranche op\u00e9rationnelle du chantier, le programme des \u00e9quipements publics fait l\u2019objet d\u2019adaptations. \u00ab Le Fief des Dompierres \u00bb, zone d\u2019am\u00e9nagement situ\u00e9e \u00e0 Saint-Xandre, s\u2019\u00e9tend sur 24 hectares et pr\u00e9voit d\u2019accueillir entre [&hellip;]","og_url":"https:\/\/dev-durable.agglo-larochelle.fr\/2022\/une-agglo-creative\/amenagement\/zac-de-saint-xandre\/","og_site_name":"Rapport du d\u00e9veloppement durable","article_modified_time":"2022-12-05T14:24:13+00:00","og_image":[{"width":1024,"height":654,"url":"https:\/\/dev-durable.agglo-larochelle.fr\/2022\/wp-content\/uploads\/2018\/11\/eco-habitat-1.gif","type":"image\/gif"}],"twitter_card":"summary_large_image","twitter_misc":{"Dur\u00e9e de lecture estim\u00e9e":"1 minute"},"schema":{"@context":"https:\/\/schema.org","@graph":[{"@type":"WebPage","@id":"https:\/\/dev-durable.agglo-larochelle.fr\/2022\/une-agglo-creative\/amenagement\/zac-de-saint-xandre\/","url":"https:\/\/dev-durable.agglo-larochelle.fr\/2022\/une-agglo-creative\/amenagement\/zac-de-saint-xandre\/","name":"Le programme des \u00e9quipements publics du Fief des Dompierres \u00e0 Saint-Xandre \u00e9volue - Rapport du d\u00e9veloppement durable","isPartOf":{"@id":"https:\/\/dev-durable.agglo-larochelle.fr\/2022\/#website"},"datePublished":"2022-11-21T15:32:05+00:00","dateModified":"2022-12-05T14:24:13+00:00","breadcrumb":{"@id":"https:\/\/dev-durable.agglo-larochelle.fr\/2022\/une-agglo-creative\/amenagement\/zac-de-saint-xandre\/#breadcrumb"},"inLanguage":"fr-FR","potentialAction":[{"@type":"ReadAction","target":["https:\/\/dev-durable.agglo-larochelle.fr\/2022\/une-agglo-creative\/amenagement\/zac-de-saint-xandre\/"]}]},{"@type":"BreadcrumbList","@id":"https:\/\/dev-durable.agglo-larochelle.fr\/2022\/une-agglo-creative\/amenagement\/zac-de-saint-xandre\/#breadcrumb","itemListElement":[{"@type":"ListItem","position":1,"name":"Accueil","item":"https:\/\/dev-durable.agglo-larochelle.fr\/2022\/"},{"@type":"ListItem","position":2,"name":"Une Agglo cr\u00e9ative","item":"https:\/\/dev-durable.agglo-larochelle.fr\/2022\/une-agglo-creative\/"},{"@type":"ListItem","position":3,"name":"Am\u00e9nagement","item":"https:\/\/dev-durable.agglo-larochelle.fr\/2022\/une-agglo-creative\/amenagement\/"},{"@type":"ListItem","position":4,"name":"Le programme des \u00e9quipements publics du Fief des Dompierres \u00e0 Saint-Xandre \u00e9volue"}]},{"@type":"WebSite","@id":"https:\/\/dev-durable.agglo-larochelle.fr\/2022\/#website","url":"https:\/\/dev-durable.agglo-larochelle.fr\/2022\/","name":"Rapport du d\u00e9veloppement durable - 2022","description":"Rapport 2022 du d\u00e9veloppement durable","alternateName":"Communaut\u00e9 d'Agglom\u00e9ration de La Rochelle","potentialAction":[{"@type":"SearchAction","target":{"@type":"EntryPoint","urlTemplate":"https:\/\/dev-durable.agglo-larochelle.fr\/2022\/?s={search_term_string}"},"query-input":"required name=search_term_string"}],"inLanguage":"fr-FR"}]}},"_links":{"self":[{"href":"https:\/\/dev-durable.agglo-larochelle.fr\/2022\/wp-json\/wp\/v2\/pages\/2503"}],"collection":[{"href":"https:\/\/dev-durable.agglo-larochelle.fr\/2022\/wp-json\/wp\/v2\/pages"}],"about":[{"href":"https:\/\/dev-durable.agglo-larochelle.fr\/2022\/wp-json\/wp\/v2\/types\/page"}],"author":[{"embeddable":true,"href":"https:\/\/dev-durable.agglo-larochelle.fr\/2022\/wp-json\/wp\/v2\/users\/1"}],"replies":[{"embeddable":true,"href":"https:\/\/dev-durable.agglo-larochelle.fr\/2022\/wp-json\/wp\/v2\/comments?post=2503"}],"version-history":[{"count":3,"href":"https:\/\/dev-durable.agglo-larochelle.fr\/2022\/wp-json\/wp\/v2\/pages\/2503\/revisions"}],"predecessor-version":[{"id":2610,"href":"https:\/\/dev-durable.agglo-larochelle.fr\/2022\/wp-json\/wp\/v2\/pages\/2503\/revisions\/2610"}],"up":[{"embeddable":true,"href":"https:\/\/dev-durable.agglo-larochelle.fr\/2022\/wp-json\/wp\/v2\/pages\/9"}],"wp:featuredmedia":[{"embeddable":true,"href":"https:\/\/dev-durable.agglo-larochelle.fr\/2022\/wp-json\/wp\/v2\/media\/655"}],"wp:attachment":[{"href":"https:\/\/dev-durable.agglo-larochelle.fr\/2022\/wp-json\/wp\/v2\/media?parent=2503"}],"curies":[{"name":"wp","href":"https:\/\/api.w.org\/{rel}","templated":true}]}}