{"id":2538,"date":"2022-11-21T16:57:13","date_gmt":"2022-11-21T15:57:13","guid":{"rendered":"https:\/\/dev-durable.agglo-larochelle.fr\/2022\/?page_id=2538"},"modified":"2022-12-09T15:08:57","modified_gmt":"2022-12-09T14:08:57","slug":"diagnostic-agricole-et-foncier","status":"publish","type":"page","link":"https:\/\/dev-durable.agglo-larochelle.fr\/2022\/une-agglo-creative\/transition-ecologique\/diagnostic-agricole-et-foncier\/","title":{"rendered":"Le Comit\u00e9 de suivi sur la flore patrimoniale se poursuit avec le CBNSA"},"content":{"rendered":"\n<p><strong>Depuis 2020, l\u2019Agglom\u00e9ration travaille en partenariat avec le Conservatoire Botanique National Sud-Atlantique (CBNSA) pour un inventaire floristique sur les espaces d\u00e9di\u00e9s aux mesures compensatoires. Le deuxi\u00e8me comit\u00e9 de suivi s\u2019est tenu d\u00e9but 2022.<\/strong><\/p>\n<p>L\u2019Agglom\u00e9ration agit en partenariat avec le CBNSA pour b\u00e9n\u00e9ficier de son expertise, \u00e9tablir un \u00e9tat pr\u00e9cis des connaissances sur la flore pr\u00e9sente sur le territoire communautaire, et tenir compte de ces observations sur les projets d\u2019am\u00e9nagement envisag\u00e9s, afin de pr\u00e9server la biodiversit\u00e9. Cet inventaire se d\u00e9roule sur 3 ans et se finalisera en d\u00e9but d\u2019ann\u00e9e 2023. Le deuxi\u00e8me comit\u00e9 de suivi s\u2019est tenu en d\u00e9but d\u2019ann\u00e9e 2022 o\u00f9 le CBNSA a fait \u00e9tat du travail d\u2019inventaire floristique et des suivis men\u00e9s sur les espaces d\u00e9di\u00e9s aux mesures compensatoires \u00e9cologiques. L\u2019ensemble des communes de l\u2019Agglo et les acteurs locaux de la biodiversit\u00e9 (collectivit\u00e9s, associations) y ont \u00e9t\u00e9 invit\u00e9s.<\/p>\n","protected":false},"excerpt":{"rendered":"<p>Depuis 2020, l\u2019Agglom\u00e9ration travaille en partenariat avec le Conservatoire Botanique National Sud-Atlantique (CBNSA) pour un inventaire floristique sur les espaces d\u00e9di\u00e9s aux mesures compensatoires. Le deuxi\u00e8me comit\u00e9 de suivi s\u2019est tenu d\u00e9but 2022. L\u2019Agglom\u00e9ration agit en partenariat avec le CBNSA pour b\u00e9n\u00e9ficier de son expertise, \u00e9tablir un \u00e9tat pr\u00e9cis des connaissances sur la flore pr\u00e9sente [&hellip;]<\/p>\n","protected":false},"author":1,"featured_media":2360,"parent":272,"menu_order":3,"comment_status":"closed","ping_status":"closed","template":"page-sous-partie.php","meta":[],"acf":[],"yoast_head":"<!-- This site is optimized with the Yoast SEO plugin v19.12 - https:\/\/yoast.com\/wordpress\/plugins\/seo\/ -->\n<title>Le Comit\u00e9 de suivi sur la flore patrimoniale se poursuit avec le CBNSA - Rapport du d\u00e9veloppement durable<\/title>\n<meta name=\"robots\" content=\"index, follow, max-snippet:-1, max-image-preview:large, max-video-preview:-1\" \/>\n<link rel=\"canonical\" href=\"https:\/\/dev-durable.agglo-larochelle.fr\/2022\/une-agglo-creative\/transition-ecologique\/diagnostic-agricole-et-foncier\/\" \/>\n<meta property=\"og:locale\" content=\"fr_FR\" \/>\n<meta property=\"og:type\" content=\"article\" \/>\n<meta property=\"og:title\" content=\"Le Comit\u00e9 de suivi sur la flore patrimoniale se poursuit avec le CBNSA - Rapport du d\u00e9veloppement durable\" \/>\n<meta property=\"og:description\" content=\"Depuis 2020, l\u2019Agglom\u00e9ration travaille en partenariat avec le Conservatoire Botanique National Sud-Atlantique (CBNSA) pour un inventaire floristique sur les espaces d\u00e9di\u00e9s aux mesures compensatoires. Le deuxi\u00e8me comit\u00e9 de suivi s\u2019est tenu d\u00e9but 2022. L\u2019Agglom\u00e9ration agit en partenariat avec le CBNSA pour b\u00e9n\u00e9ficier de son expertise, \u00e9tablir un \u00e9tat pr\u00e9cis des connaissances sur la flore pr\u00e9sente [&hellip;]\" \/>\n<meta property=\"og:url\" content=\"https:\/\/dev-durable.agglo-larochelle.fr\/2022\/une-agglo-creative\/transition-ecologique\/diagnostic-agricole-et-foncier\/\" \/>\n<meta property=\"og:site_name\" content=\"Rapport du d\u00e9veloppement durable\" \/>\n<meta property=\"article:modified_time\" content=\"2022-12-09T14:08:57+00:00\" \/>\n<meta property=\"og:image\" content=\"https:\/\/dev-durable.agglo-larochelle.fr\/2022\/wp-content\/uploads\/2021\/12\/azur\u00e9_serpolet_LudovicLucas.jpg\" \/>\n\t<meta property=\"og:image:width\" content=\"1200\" \/>\n\t<meta property=\"og:image:height\" content=\"900\" \/>\n\t<meta property=\"og:image:type\" content=\"image\/jpeg\" \/>\n<meta name=\"twitter:card\" content=\"summary_large_image\" \/>\n<meta name=\"twitter:label1\" content=\"Dur\u00e9e de lecture estim\u00e9e\" \/>\n\t<meta name=\"twitter:data1\" content=\"1 minute\" \/>\n<script type=\"application\/ld+json\" class=\"yoast-schema-graph\">{\"@context\":\"https:\/\/schema.org\",\"@graph\":[{\"@type\":\"WebPage\",\"@id\":\"https:\/\/dev-durable.agglo-larochelle.fr\/2022\/une-agglo-creative\/transition-ecologique\/diagnostic-agricole-et-foncier\/\",\"url\":\"https:\/\/dev-durable.agglo-larochelle.fr\/2022\/une-agglo-creative\/transition-ecologique\/diagnostic-agricole-et-foncier\/\",\"name\":\"Le Comit\u00e9 de suivi sur la flore patrimoniale se poursuit avec le CBNSA - Rapport du d\u00e9veloppement durable\",\"isPartOf\":{\"@id\":\"https:\/\/dev-durable.agglo-larochelle.fr\/2022\/#website\"},\"datePublished\":\"2022-11-21T15:57:13+00:00\",\"dateModified\":\"2022-12-09T14:08:57+00:00\",\"breadcrumb\":{\"@id\":\"https:\/\/dev-durable.agglo-larochelle.fr\/2022\/une-agglo-creative\/transition-ecologique\/diagnostic-agricole-et-foncier\/#breadcrumb\"},\"inLanguage\":\"fr-FR\",\"potentialAction\":[{\"@type\":\"ReadAction\",\"target\":[\"https:\/\/dev-durable.agglo-larochelle.fr\/2022\/une-agglo-creative\/transition-ecologique\/diagnostic-agricole-et-foncier\/\"]}]},{\"@type\":\"BreadcrumbList\",\"@id\":\"https:\/\/dev-durable.agglo-larochelle.fr\/2022\/une-agglo-creative\/transition-ecologique\/diagnostic-agricole-et-foncier\/#breadcrumb\",\"itemListElement\":[{\"@type\":\"ListItem\",\"position\":1,\"name\":\"Accueil\",\"item\":\"https:\/\/dev-durable.agglo-larochelle.fr\/2022\/\"},{\"@type\":\"ListItem\",\"position\":2,\"name\":\"Une Agglo cr\u00e9ative\",\"item\":\"https:\/\/dev-durable.agglo-larochelle.fr\/2022\/une-agglo-creative\/\"},{\"@type\":\"ListItem\",\"position\":3,\"name\":\"Transition \u00e9cologique\",\"item\":\"https:\/\/dev-durable.agglo-larochelle.fr\/2022\/une-agglo-creative\/transition-ecologique\/\"},{\"@type\":\"ListItem\",\"position\":4,\"name\":\"Le Comit\u00e9 de suivi sur la flore patrimoniale se poursuit avec le CBNSA\"}]},{\"@type\":\"WebSite\",\"@id\":\"https:\/\/dev-durable.agglo-larochelle.fr\/2022\/#website\",\"url\":\"https:\/\/dev-durable.agglo-larochelle.fr\/2022\/\",\"name\":\"Rapport du d\u00e9veloppement durable - 2022\",\"description\":\"Rapport 2022 du d\u00e9veloppement durable\",\"alternateName\":\"Communaut\u00e9 d'Agglom\u00e9ration de La Rochelle\",\"potentialAction\":[{\"@type\":\"SearchAction\",\"target\":{\"@type\":\"EntryPoint\",\"urlTemplate\":\"https:\/\/dev-durable.agglo-larochelle.fr\/2022\/?s={search_term_string}\"},\"query-input\":\"required name=search_term_string\"}],\"inLanguage\":\"fr-FR\"}]}<\/script>\n<!-- \/ Yoast SEO plugin. -->","yoast_head_json":{"title":"Le Comit\u00e9 de suivi sur la flore patrimoniale se poursuit avec le CBNSA - Rapport du d\u00e9veloppement durable","robots":{"index":"index","follow":"follow","max-snippet":"max-snippet:-1","max-image-preview":"max-image-preview:large","max-video-preview":"max-video-preview:-1"},"canonical":"https:\/\/dev-durable.agglo-larochelle.fr\/2022\/une-agglo-creative\/transition-ecologique\/diagnostic-agricole-et-foncier\/","og_locale":"fr_FR","og_type":"article","og_title":"Le Comit\u00e9 de suivi sur la flore patrimoniale se poursuit avec le CBNSA - Rapport du d\u00e9veloppement durable","og_description":"Depuis 2020, l\u2019Agglom\u00e9ration travaille en partenariat avec le Conservatoire Botanique National Sud-Atlantique (CBNSA) pour un inventaire floristique sur les espaces d\u00e9di\u00e9s aux mesures compensatoires. Le deuxi\u00e8me comit\u00e9 de suivi s\u2019est tenu d\u00e9but 2022. L\u2019Agglom\u00e9ration agit en partenariat avec le CBNSA pour b\u00e9n\u00e9ficier de son expertise, \u00e9tablir un \u00e9tat pr\u00e9cis des connaissances sur la flore pr\u00e9sente [&hellip;]","og_url":"https:\/\/dev-durable.agglo-larochelle.fr\/2022\/une-agglo-creative\/transition-ecologique\/diagnostic-agricole-et-foncier\/","og_site_name":"Rapport du d\u00e9veloppement durable","article_modified_time":"2022-12-09T14:08:57+00:00","og_image":[{"width":1200,"height":900,"url":"https:\/\/dev-durable.agglo-larochelle.fr\/2022\/wp-content\/uploads\/2021\/12\/azur\u00e9_serpolet_LudovicLucas.jpg","type":"image\/jpeg"}],"twitter_card":"summary_large_image","twitter_misc":{"Dur\u00e9e de lecture estim\u00e9e":"1 minute"},"schema":{"@context":"https:\/\/schema.org","@graph":[{"@type":"WebPage","@id":"https:\/\/dev-durable.agglo-larochelle.fr\/2022\/une-agglo-creative\/transition-ecologique\/diagnostic-agricole-et-foncier\/","url":"https:\/\/dev-durable.agglo-larochelle.fr\/2022\/une-agglo-creative\/transition-ecologique\/diagnostic-agricole-et-foncier\/","name":"Le Comit\u00e9 de suivi sur la flore patrimoniale se poursuit avec le CBNSA - Rapport du d\u00e9veloppement durable","isPartOf":{"@id":"https:\/\/dev-durable.agglo-larochelle.fr\/2022\/#website"},"datePublished":"2022-11-21T15:57:13+00:00","dateModified":"2022-12-09T14:08:57+00:00","breadcrumb":{"@id":"https:\/\/dev-durable.agglo-larochelle.fr\/2022\/une-agglo-creative\/transition-ecologique\/diagnostic-agricole-et-foncier\/#breadcrumb"},"inLanguage":"fr-FR","potentialAction":[{"@type":"ReadAction","target":["https:\/\/dev-durable.agglo-larochelle.fr\/2022\/une-agglo-creative\/transition-ecologique\/diagnostic-agricole-et-foncier\/"]}]},{"@type":"BreadcrumbList","@id":"https:\/\/dev-durable.agglo-larochelle.fr\/2022\/une-agglo-creative\/transition-ecologique\/diagnostic-agricole-et-foncier\/#breadcrumb","itemListElement":[{"@type":"ListItem","position":1,"name":"Accueil","item":"https:\/\/dev-durable.agglo-larochelle.fr\/2022\/"},{"@type":"ListItem","position":2,"name":"Une Agglo cr\u00e9ative","item":"https:\/\/dev-durable.agglo-larochelle.fr\/2022\/une-agglo-creative\/"},{"@type":"ListItem","position":3,"name":"Transition \u00e9cologique","item":"https:\/\/dev-durable.agglo-larochelle.fr\/2022\/une-agglo-creative\/transition-ecologique\/"},{"@type":"ListItem","position":4,"name":"Le Comit\u00e9 de suivi sur la flore patrimoniale se poursuit avec le CBNSA"}]},{"@type":"WebSite","@id":"https:\/\/dev-durable.agglo-larochelle.fr\/2022\/#website","url":"https:\/\/dev-durable.agglo-larochelle.fr\/2022\/","name":"Rapport du d\u00e9veloppement durable - 2022","description":"Rapport 2022 du d\u00e9veloppement durable","alternateName":"Communaut\u00e9 d'Agglom\u00e9ration de La Rochelle","potentialAction":[{"@type":"SearchAction","target":{"@type":"EntryPoint","urlTemplate":"https:\/\/dev-durable.agglo-larochelle.fr\/2022\/?s={search_term_string}"},"query-input":"required name=search_term_string"}],"inLanguage":"fr-FR"}]}},"_links":{"self":[{"href":"https:\/\/dev-durable.agglo-larochelle.fr\/2022\/wp-json\/wp\/v2\/pages\/2538"}],"collection":[{"href":"https:\/\/dev-durable.agglo-larochelle.fr\/2022\/wp-json\/wp\/v2\/pages"}],"about":[{"href":"https:\/\/dev-durable.agglo-larochelle.fr\/2022\/wp-json\/wp\/v2\/types\/page"}],"author":[{"embeddable":true,"href":"https:\/\/dev-durable.agglo-larochelle.fr\/2022\/wp-json\/wp\/v2\/users\/1"}],"replies":[{"embeddable":true,"href":"https:\/\/dev-durable.agglo-larochelle.fr\/2022\/wp-json\/wp\/v2\/comments?post=2538"}],"version-history":[{"count":3,"href":"https:\/\/dev-durable.agglo-larochelle.fr\/2022\/wp-json\/wp\/v2\/pages\/2538\/revisions"}],"predecessor-version":[{"id":2627,"href":"https:\/\/dev-durable.agglo-larochelle.fr\/2022\/wp-json\/wp\/v2\/pages\/2538\/revisions\/2627"}],"up":[{"embeddable":true,"href":"https:\/\/dev-durable.agglo-larochelle.fr\/2022\/wp-json\/wp\/v2\/pages\/272"}],"wp:featuredmedia":[{"embeddable":true,"href":"https:\/\/dev-durable.agglo-larochelle.fr\/2022\/wp-json\/wp\/v2\/media\/2360"}],"wp:attachment":[{"href":"https:\/\/dev-durable.agglo-larochelle.fr\/2022\/wp-json\/wp\/v2\/media?parent=2538"}],"curies":[{"name":"wp","href":"https:\/\/api.w.org\/{rel}","templated":true}]}}