{"id":2541,"date":"2022-11-21T16:58:05","date_gmt":"2022-11-21T15:58:05","guid":{"rendered":"https:\/\/dev-durable.agglo-larochelle.fr\/2022\/?page_id=2541"},"modified":"2022-12-09T15:08:57","modified_gmt":"2022-12-09T14:08:57","slug":"comite-de-suivi-patrimoine-flore-avec-cbnsa","status":"publish","type":"page","link":"https:\/\/dev-durable.agglo-larochelle.fr\/2022\/une-agglo-creative\/transition-ecologique\/comite-de-suivi-patrimoine-flore-avec-cbnsa\/","title":{"rendered":"La strat\u00e9gie \u00ab\u00a0\u00c9viter, R\u00e9duire, Compenser\u00a0\u00bb au c\u0153ur des projets d\u2019am\u00e9nagement"},"content":{"rendered":"\n<p><strong>Le volet \u00ab\u00a0biodiversit\u00e9\u00a0\u00bb de la strat\u00e9gie fonci\u00e8re de l\u2019Agglom\u00e9ration implique l\u2019analyse et l\u2019\u00e9valuation des besoins en compensation environnementale de ses projets d\u2019am\u00e9nagement.<\/strong><\/p>\n<p>Pour am\u00e9liorer la qualit\u00e9 environnementale des op\u00e9rations et projets d\u2019am\u00e9nagement dont l\u2019Agglom\u00e9ration est \u00e0 l\u2019origine, et pour r\u00e9pondre efficacement aux demandes des services de l\u2019\u00c9tat sur cette question, la collectivit\u00e9 met en \u0153uvre une strat\u00e9gie \u00ab\u00a0\u00c9viter, R\u00e9duire, Compenser\u00a0\u00bb. Cette strat\u00e9gie repose sur une analyse des impacts environnementaux des projets, une \u00e9valuation des compensations potentielles, un diagnostic foncier sur les capacit\u00e9s de compensation sur le territoire (foncier public et priv\u00e9), un plan d\u2019actions adapt\u00e9 et la cr\u00e9ation d\u2019un site naturel de compensation. Les \u00e9tudes pr\u00e9alables \u00e0 la mise en \u0153uvre de cette strat\u00e9gie ont \u00e9t\u00e9 accompagn\u00e9es par un bureau d\u2019\u00e9tude.<\/p>\n","protected":false},"excerpt":{"rendered":"<p>Le volet \u00ab\u00a0biodiversit\u00e9\u00a0\u00bb de la strat\u00e9gie fonci\u00e8re de l\u2019Agglom\u00e9ration implique l\u2019analyse et l\u2019\u00e9valuation des besoins en compensation environnementale de ses projets d\u2019am\u00e9nagement. Pour am\u00e9liorer la qualit\u00e9 environnementale des op\u00e9rations et projets d\u2019am\u00e9nagement dont l\u2019Agglom\u00e9ration est \u00e0 l\u2019origine, et pour r\u00e9pondre efficacement aux demandes des services de l\u2019\u00c9tat sur cette question, la collectivit\u00e9 met en \u0153uvre [&hellip;]<\/p>\n","protected":false},"author":1,"featured_media":2361,"parent":272,"menu_order":4,"comment_status":"closed","ping_status":"closed","template":"page-sous-partie.php","meta":[],"acf":[],"yoast_head":"<!-- This site is optimized with the Yoast SEO plugin v19.12 - https:\/\/yoast.com\/wordpress\/plugins\/seo\/ -->\n<title>La strat\u00e9gie \u00ab\u00a0\u00c9viter, R\u00e9duire, Compenser\u00a0\u00bb au c\u0153ur des projets d\u2019am\u00e9nagement - Rapport du d\u00e9veloppement durable<\/title>\n<meta name=\"robots\" content=\"index, follow, max-snippet:-1, max-image-preview:large, max-video-preview:-1\" \/>\n<link rel=\"canonical\" href=\"https:\/\/dev-durable.agglo-larochelle.fr\/2022\/une-agglo-creative\/transition-ecologique\/comite-de-suivi-patrimoine-flore-avec-cbnsa\/\" \/>\n<meta property=\"og:locale\" content=\"fr_FR\" \/>\n<meta property=\"og:type\" content=\"article\" \/>\n<meta property=\"og:title\" content=\"La strat\u00e9gie \u00ab\u00a0\u00c9viter, R\u00e9duire, Compenser\u00a0\u00bb au c\u0153ur des projets d\u2019am\u00e9nagement - Rapport du d\u00e9veloppement durable\" \/>\n<meta property=\"og:description\" content=\"Le volet \u00ab\u00a0biodiversit\u00e9\u00a0\u00bb de la strat\u00e9gie fonci\u00e8re de l\u2019Agglom\u00e9ration implique l\u2019analyse et l\u2019\u00e9valuation des besoins en compensation environnementale de ses projets d\u2019am\u00e9nagement. Pour am\u00e9liorer la qualit\u00e9 environnementale des op\u00e9rations et projets d\u2019am\u00e9nagement dont l\u2019Agglom\u00e9ration est \u00e0 l\u2019origine, et pour r\u00e9pondre efficacement aux demandes des services de l\u2019\u00c9tat sur cette question, la collectivit\u00e9 met en \u0153uvre [&hellip;]\" \/>\n<meta property=\"og:url\" content=\"https:\/\/dev-durable.agglo-larochelle.fr\/2022\/une-agglo-creative\/transition-ecologique\/comite-de-suivi-patrimoine-flore-avec-cbnsa\/\" \/>\n<meta property=\"og:site_name\" content=\"Rapport du d\u00e9veloppement durable\" \/>\n<meta property=\"article:modified_time\" content=\"2022-12-09T14:08:57+00:00\" \/>\n<meta property=\"og:image\" content=\"https:\/\/dev-durable.agglo-larochelle.fr\/2022\/wp-content\/uploads\/2021\/12\/CA_029279_maraisTasdon.jpg\" \/>\n\t<meta property=\"og:image:width\" content=\"1200\" \/>\n\t<meta property=\"og:image:height\" content=\"798\" \/>\n\t<meta property=\"og:image:type\" content=\"image\/jpeg\" \/>\n<meta name=\"twitter:card\" content=\"summary_large_image\" \/>\n<meta name=\"twitter:label1\" content=\"Dur\u00e9e de lecture estim\u00e9e\" \/>\n\t<meta name=\"twitter:data1\" content=\"1 minute\" \/>\n<script type=\"application\/ld+json\" class=\"yoast-schema-graph\">{\"@context\":\"https:\/\/schema.org\",\"@graph\":[{\"@type\":\"WebPage\",\"@id\":\"https:\/\/dev-durable.agglo-larochelle.fr\/2022\/une-agglo-creative\/transition-ecologique\/comite-de-suivi-patrimoine-flore-avec-cbnsa\/\",\"url\":\"https:\/\/dev-durable.agglo-larochelle.fr\/2022\/une-agglo-creative\/transition-ecologique\/comite-de-suivi-patrimoine-flore-avec-cbnsa\/\",\"name\":\"La strat\u00e9gie \u00ab\u00a0\u00c9viter, R\u00e9duire, Compenser\u00a0\u00bb au c\u0153ur des projets d\u2019am\u00e9nagement - Rapport du d\u00e9veloppement durable\",\"isPartOf\":{\"@id\":\"https:\/\/dev-durable.agglo-larochelle.fr\/2022\/#website\"},\"datePublished\":\"2022-11-21T15:58:05+00:00\",\"dateModified\":\"2022-12-09T14:08:57+00:00\",\"breadcrumb\":{\"@id\":\"https:\/\/dev-durable.agglo-larochelle.fr\/2022\/une-agglo-creative\/transition-ecologique\/comite-de-suivi-patrimoine-flore-avec-cbnsa\/#breadcrumb\"},\"inLanguage\":\"fr-FR\",\"potentialAction\":[{\"@type\":\"ReadAction\",\"target\":[\"https:\/\/dev-durable.agglo-larochelle.fr\/2022\/une-agglo-creative\/transition-ecologique\/comite-de-suivi-patrimoine-flore-avec-cbnsa\/\"]}]},{\"@type\":\"BreadcrumbList\",\"@id\":\"https:\/\/dev-durable.agglo-larochelle.fr\/2022\/une-agglo-creative\/transition-ecologique\/comite-de-suivi-patrimoine-flore-avec-cbnsa\/#breadcrumb\",\"itemListElement\":[{\"@type\":\"ListItem\",\"position\":1,\"name\":\"Accueil\",\"item\":\"https:\/\/dev-durable.agglo-larochelle.fr\/2022\/\"},{\"@type\":\"ListItem\",\"position\":2,\"name\":\"Une Agglo cr\u00e9ative\",\"item\":\"https:\/\/dev-durable.agglo-larochelle.fr\/2022\/une-agglo-creative\/\"},{\"@type\":\"ListItem\",\"position\":3,\"name\":\"Transition \u00e9cologique\",\"item\":\"https:\/\/dev-durable.agglo-larochelle.fr\/2022\/une-agglo-creative\/transition-ecologique\/\"},{\"@type\":\"ListItem\",\"position\":4,\"name\":\"La strat\u00e9gie \u00ab\u00a0\u00c9viter, R\u00e9duire, Compenser\u00a0\u00bb au c\u0153ur des projets d\u2019am\u00e9nagement\"}]},{\"@type\":\"WebSite\",\"@id\":\"https:\/\/dev-durable.agglo-larochelle.fr\/2022\/#website\",\"url\":\"https:\/\/dev-durable.agglo-larochelle.fr\/2022\/\",\"name\":\"Rapport du d\u00e9veloppement durable - 2022\",\"description\":\"Rapport 2022 du d\u00e9veloppement durable\",\"alternateName\":\"Communaut\u00e9 d'Agglom\u00e9ration de La Rochelle\",\"potentialAction\":[{\"@type\":\"SearchAction\",\"target\":{\"@type\":\"EntryPoint\",\"urlTemplate\":\"https:\/\/dev-durable.agglo-larochelle.fr\/2022\/?s={search_term_string}\"},\"query-input\":\"required name=search_term_string\"}],\"inLanguage\":\"fr-FR\"}]}<\/script>\n<!-- \/ Yoast SEO plugin. -->","yoast_head_json":{"title":"La strat\u00e9gie \u00ab\u00a0\u00c9viter, R\u00e9duire, Compenser\u00a0\u00bb au c\u0153ur des projets d\u2019am\u00e9nagement - Rapport du d\u00e9veloppement durable","robots":{"index":"index","follow":"follow","max-snippet":"max-snippet:-1","max-image-preview":"max-image-preview:large","max-video-preview":"max-video-preview:-1"},"canonical":"https:\/\/dev-durable.agglo-larochelle.fr\/2022\/une-agglo-creative\/transition-ecologique\/comite-de-suivi-patrimoine-flore-avec-cbnsa\/","og_locale":"fr_FR","og_type":"article","og_title":"La strat\u00e9gie \u00ab\u00a0\u00c9viter, R\u00e9duire, Compenser\u00a0\u00bb au c\u0153ur des projets d\u2019am\u00e9nagement - Rapport du d\u00e9veloppement durable","og_description":"Le volet \u00ab\u00a0biodiversit\u00e9\u00a0\u00bb de la strat\u00e9gie fonci\u00e8re de l\u2019Agglom\u00e9ration implique l\u2019analyse et l\u2019\u00e9valuation des besoins en compensation environnementale de ses projets d\u2019am\u00e9nagement. Pour am\u00e9liorer la qualit\u00e9 environnementale des op\u00e9rations et projets d\u2019am\u00e9nagement dont l\u2019Agglom\u00e9ration est \u00e0 l\u2019origine, et pour r\u00e9pondre efficacement aux demandes des services de l\u2019\u00c9tat sur cette question, la collectivit\u00e9 met en \u0153uvre [&hellip;]","og_url":"https:\/\/dev-durable.agglo-larochelle.fr\/2022\/une-agglo-creative\/transition-ecologique\/comite-de-suivi-patrimoine-flore-avec-cbnsa\/","og_site_name":"Rapport du d\u00e9veloppement durable","article_modified_time":"2022-12-09T14:08:57+00:00","og_image":[{"width":1200,"height":798,"url":"https:\/\/dev-durable.agglo-larochelle.fr\/2022\/wp-content\/uploads\/2021\/12\/CA_029279_maraisTasdon.jpg","type":"image\/jpeg"}],"twitter_card":"summary_large_image","twitter_misc":{"Dur\u00e9e de lecture estim\u00e9e":"1 minute"},"schema":{"@context":"https:\/\/schema.org","@graph":[{"@type":"WebPage","@id":"https:\/\/dev-durable.agglo-larochelle.fr\/2022\/une-agglo-creative\/transition-ecologique\/comite-de-suivi-patrimoine-flore-avec-cbnsa\/","url":"https:\/\/dev-durable.agglo-larochelle.fr\/2022\/une-agglo-creative\/transition-ecologique\/comite-de-suivi-patrimoine-flore-avec-cbnsa\/","name":"La strat\u00e9gie \u00ab\u00a0\u00c9viter, R\u00e9duire, Compenser\u00a0\u00bb au c\u0153ur des projets d\u2019am\u00e9nagement - Rapport du d\u00e9veloppement durable","isPartOf":{"@id":"https:\/\/dev-durable.agglo-larochelle.fr\/2022\/#website"},"datePublished":"2022-11-21T15:58:05+00:00","dateModified":"2022-12-09T14:08:57+00:00","breadcrumb":{"@id":"https:\/\/dev-durable.agglo-larochelle.fr\/2022\/une-agglo-creative\/transition-ecologique\/comite-de-suivi-patrimoine-flore-avec-cbnsa\/#breadcrumb"},"inLanguage":"fr-FR","potentialAction":[{"@type":"ReadAction","target":["https:\/\/dev-durable.agglo-larochelle.fr\/2022\/une-agglo-creative\/transition-ecologique\/comite-de-suivi-patrimoine-flore-avec-cbnsa\/"]}]},{"@type":"BreadcrumbList","@id":"https:\/\/dev-durable.agglo-larochelle.fr\/2022\/une-agglo-creative\/transition-ecologique\/comite-de-suivi-patrimoine-flore-avec-cbnsa\/#breadcrumb","itemListElement":[{"@type":"ListItem","position":1,"name":"Accueil","item":"https:\/\/dev-durable.agglo-larochelle.fr\/2022\/"},{"@type":"ListItem","position":2,"name":"Une Agglo cr\u00e9ative","item":"https:\/\/dev-durable.agglo-larochelle.fr\/2022\/une-agglo-creative\/"},{"@type":"ListItem","position":3,"name":"Transition \u00e9cologique","item":"https:\/\/dev-durable.agglo-larochelle.fr\/2022\/une-agglo-creative\/transition-ecologique\/"},{"@type":"ListItem","position":4,"name":"La strat\u00e9gie \u00ab\u00a0\u00c9viter, R\u00e9duire, Compenser\u00a0\u00bb au c\u0153ur des projets d\u2019am\u00e9nagement"}]},{"@type":"WebSite","@id":"https:\/\/dev-durable.agglo-larochelle.fr\/2022\/#website","url":"https:\/\/dev-durable.agglo-larochelle.fr\/2022\/","name":"Rapport du d\u00e9veloppement durable - 2022","description":"Rapport 2022 du d\u00e9veloppement durable","alternateName":"Communaut\u00e9 d'Agglom\u00e9ration de La Rochelle","potentialAction":[{"@type":"SearchAction","target":{"@type":"EntryPoint","urlTemplate":"https:\/\/dev-durable.agglo-larochelle.fr\/2022\/?s={search_term_string}"},"query-input":"required name=search_term_string"}],"inLanguage":"fr-FR"}]}},"_links":{"self":[{"href":"https:\/\/dev-durable.agglo-larochelle.fr\/2022\/wp-json\/wp\/v2\/pages\/2541"}],"collection":[{"href":"https:\/\/dev-durable.agglo-larochelle.fr\/2022\/wp-json\/wp\/v2\/pages"}],"about":[{"href":"https:\/\/dev-durable.agglo-larochelle.fr\/2022\/wp-json\/wp\/v2\/types\/page"}],"author":[{"embeddable":true,"href":"https:\/\/dev-durable.agglo-larochelle.fr\/2022\/wp-json\/wp\/v2\/users\/1"}],"replies":[{"embeddable":true,"href":"https:\/\/dev-durable.agglo-larochelle.fr\/2022\/wp-json\/wp\/v2\/comments?post=2541"}],"version-history":[{"count":3,"href":"https:\/\/dev-durable.agglo-larochelle.fr\/2022\/wp-json\/wp\/v2\/pages\/2541\/revisions"}],"predecessor-version":[{"id":2628,"href":"https:\/\/dev-durable.agglo-larochelle.fr\/2022\/wp-json\/wp\/v2\/pages\/2541\/revisions\/2628"}],"up":[{"embeddable":true,"href":"https:\/\/dev-durable.agglo-larochelle.fr\/2022\/wp-json\/wp\/v2\/pages\/272"}],"wp:featuredmedia":[{"embeddable":true,"href":"https:\/\/dev-durable.agglo-larochelle.fr\/2022\/wp-json\/wp\/v2\/media\/2361"}],"wp:attachment":[{"href":"https:\/\/dev-durable.agglo-larochelle.fr\/2022\/wp-json\/wp\/v2\/media?parent=2541"}],"curies":[{"name":"wp","href":"https:\/\/api.w.org\/{rel}","templated":true}]}}