{"id":2547,"date":"2022-11-21T17:02:37","date_gmt":"2022-11-21T16:02:37","guid":{"rendered":"https:\/\/dev-durable.agglo-larochelle.fr\/2022\/?page_id=2547"},"modified":"2022-12-09T15:09:05","modified_gmt":"2022-12-09T14:09:05","slug":"entretien-et-suivi-de-la-biodiversite-sur-les-sites-de-compensation","status":"publish","type":"page","link":"https:\/\/dev-durable.agglo-larochelle.fr\/2022\/une-agglo-creative\/transition-ecologique\/entretien-et-suivi-de-la-biodiversite-sur-les-sites-de-compensation\/","title":{"rendered":"Etudes hydrog\u00e9ologiques pr\u00e9alables \u00e0 l\u2019installation de porteurs de projet en agriculture urbaine"},"content":{"rendered":"\n<p><strong>La gestion de la ressource en eau est un enjeu majeur de la transition du territoire. Les \u00e9tudes hydrog\u00e9ologiques sont un pr\u00e9alable indispensable aux nouveaux projets agricoles.<\/strong><\/p>\n<p>Afin d\u2019apporter le maximum d\u2019informations aux porteurs de projet en agriculture de proximit\u00e9, l\u2019Agglo r\u00e9alise sur les terrains ma\u00eetris\u00e9s fonci\u00e8rement des \u00e9tudes hydrog\u00e9ologiques afin de qualifier la disponibilit\u00e9 de la ressource en eau et ainsi pr\u00e9ciser les types de projet agricoles susceptibles de correspondre \u00e0 l\u2019usage des terrains. Deux \u00e9tudes ont \u00e9t\u00e9 programm\u00e9es en 2022 sur Lagord et Sainte Soulle, r\u00e9sultats \u00e0 suivre sur 2023.<\/p>\n","protected":false},"excerpt":{"rendered":"<p>La gestion de la ressource en eau est un enjeu majeur de la transition du territoire. Les \u00e9tudes hydrog\u00e9ologiques sont un pr\u00e9alable indispensable aux nouveaux projets agricoles. Afin d\u2019apporter le maximum d\u2019informations aux porteurs de projet en agriculture de proximit\u00e9, l\u2019Agglo r\u00e9alise sur les terrains ma\u00eetris\u00e9s fonci\u00e8rement des \u00e9tudes hydrog\u00e9ologiques afin de qualifier la disponibilit\u00e9 [&hellip;]<\/p>\n","protected":false},"author":1,"featured_media":2187,"parent":272,"menu_order":7,"comment_status":"closed","ping_status":"closed","template":"page-sous-partie.php","meta":[],"acf":[],"yoast_head":"<!-- This site is optimized with the Yoast SEO plugin v19.12 - https:\/\/yoast.com\/wordpress\/plugins\/seo\/ -->\n<title>Etudes hydrog\u00e9ologiques pr\u00e9alables \u00e0 l\u2019installation de porteurs de projet en agriculture urbaine - Rapport du d\u00e9veloppement durable<\/title>\n<meta name=\"robots\" content=\"index, follow, max-snippet:-1, max-image-preview:large, max-video-preview:-1\" \/>\n<link rel=\"canonical\" href=\"https:\/\/dev-durable.agglo-larochelle.fr\/2022\/une-agglo-creative\/transition-ecologique\/entretien-et-suivi-de-la-biodiversite-sur-les-sites-de-compensation\/\" \/>\n<meta property=\"og:locale\" content=\"fr_FR\" \/>\n<meta property=\"og:type\" content=\"article\" \/>\n<meta property=\"og:title\" content=\"Etudes hydrog\u00e9ologiques pr\u00e9alables \u00e0 l\u2019installation de porteurs de projet en agriculture urbaine - Rapport du d\u00e9veloppement durable\" \/>\n<meta property=\"og:description\" content=\"La gestion de la ressource en eau est un enjeu majeur de la transition du territoire. Les \u00e9tudes hydrog\u00e9ologiques sont un pr\u00e9alable indispensable aux nouveaux projets agricoles. Afin d\u2019apporter le maximum d\u2019informations aux porteurs de projet en agriculture de proximit\u00e9, l\u2019Agglo r\u00e9alise sur les terrains ma\u00eetris\u00e9s fonci\u00e8rement des \u00e9tudes hydrog\u00e9ologiques afin de qualifier la disponibilit\u00e9 [&hellip;]\" \/>\n<meta property=\"og:url\" content=\"https:\/\/dev-durable.agglo-larochelle.fr\/2022\/une-agglo-creative\/transition-ecologique\/entretien-et-suivi-de-la-biodiversite-sur-les-sites-de-compensation\/\" \/>\n<meta property=\"og:site_name\" content=\"Rapport du d\u00e9veloppement durable\" \/>\n<meta property=\"article:modified_time\" content=\"2022-12-09T14:09:05+00:00\" \/>\n<meta property=\"og:image\" content=\"https:\/\/dev-durable.agglo-larochelle.fr\/2022\/wp-content\/uploads\/2021\/11\/AdobeStock_114666606.jpg\" \/>\n\t<meta property=\"og:image:width\" content=\"750\" \/>\n\t<meta property=\"og:image:height\" content=\"563\" \/>\n\t<meta property=\"og:image:type\" content=\"image\/jpeg\" \/>\n<meta name=\"twitter:card\" content=\"summary_large_image\" \/>\n<meta name=\"twitter:label1\" content=\"Dur\u00e9e de lecture estim\u00e9e\" \/>\n\t<meta name=\"twitter:data1\" content=\"1 minute\" \/>\n<script type=\"application\/ld+json\" class=\"yoast-schema-graph\">{\"@context\":\"https:\/\/schema.org\",\"@graph\":[{\"@type\":\"WebPage\",\"@id\":\"https:\/\/dev-durable.agglo-larochelle.fr\/2022\/une-agglo-creative\/transition-ecologique\/entretien-et-suivi-de-la-biodiversite-sur-les-sites-de-compensation\/\",\"url\":\"https:\/\/dev-durable.agglo-larochelle.fr\/2022\/une-agglo-creative\/transition-ecologique\/entretien-et-suivi-de-la-biodiversite-sur-les-sites-de-compensation\/\",\"name\":\"Etudes hydrog\u00e9ologiques pr\u00e9alables \u00e0 l\u2019installation de porteurs de projet en agriculture urbaine - Rapport du d\u00e9veloppement durable\",\"isPartOf\":{\"@id\":\"https:\/\/dev-durable.agglo-larochelle.fr\/2022\/#website\"},\"datePublished\":\"2022-11-21T16:02:37+00:00\",\"dateModified\":\"2022-12-09T14:09:05+00:00\",\"breadcrumb\":{\"@id\":\"https:\/\/dev-durable.agglo-larochelle.fr\/2022\/une-agglo-creative\/transition-ecologique\/entretien-et-suivi-de-la-biodiversite-sur-les-sites-de-compensation\/#breadcrumb\"},\"inLanguage\":\"fr-FR\",\"potentialAction\":[{\"@type\":\"ReadAction\",\"target\":[\"https:\/\/dev-durable.agglo-larochelle.fr\/2022\/une-agglo-creative\/transition-ecologique\/entretien-et-suivi-de-la-biodiversite-sur-les-sites-de-compensation\/\"]}]},{\"@type\":\"BreadcrumbList\",\"@id\":\"https:\/\/dev-durable.agglo-larochelle.fr\/2022\/une-agglo-creative\/transition-ecologique\/entretien-et-suivi-de-la-biodiversite-sur-les-sites-de-compensation\/#breadcrumb\",\"itemListElement\":[{\"@type\":\"ListItem\",\"position\":1,\"name\":\"Accueil\",\"item\":\"https:\/\/dev-durable.agglo-larochelle.fr\/2022\/\"},{\"@type\":\"ListItem\",\"position\":2,\"name\":\"Une Agglo cr\u00e9ative\",\"item\":\"https:\/\/dev-durable.agglo-larochelle.fr\/2022\/une-agglo-creative\/\"},{\"@type\":\"ListItem\",\"position\":3,\"name\":\"Transition \u00e9cologique\",\"item\":\"https:\/\/dev-durable.agglo-larochelle.fr\/2022\/une-agglo-creative\/transition-ecologique\/\"},{\"@type\":\"ListItem\",\"position\":4,\"name\":\"Etudes hydrog\u00e9ologiques pr\u00e9alables \u00e0 l\u2019installation de porteurs de projet en agriculture urbaine\"}]},{\"@type\":\"WebSite\",\"@id\":\"https:\/\/dev-durable.agglo-larochelle.fr\/2022\/#website\",\"url\":\"https:\/\/dev-durable.agglo-larochelle.fr\/2022\/\",\"name\":\"Rapport du d\u00e9veloppement durable - 2022\",\"description\":\"Rapport 2022 du d\u00e9veloppement durable\",\"alternateName\":\"Communaut\u00e9 d'Agglom\u00e9ration de La Rochelle\",\"potentialAction\":[{\"@type\":\"SearchAction\",\"target\":{\"@type\":\"EntryPoint\",\"urlTemplate\":\"https:\/\/dev-durable.agglo-larochelle.fr\/2022\/?s={search_term_string}\"},\"query-input\":\"required name=search_term_string\"}],\"inLanguage\":\"fr-FR\"}]}<\/script>\n<!-- \/ Yoast SEO plugin. -->","yoast_head_json":{"title":"Etudes hydrog\u00e9ologiques pr\u00e9alables \u00e0 l\u2019installation de porteurs de projet en agriculture urbaine - Rapport du d\u00e9veloppement durable","robots":{"index":"index","follow":"follow","max-snippet":"max-snippet:-1","max-image-preview":"max-image-preview:large","max-video-preview":"max-video-preview:-1"},"canonical":"https:\/\/dev-durable.agglo-larochelle.fr\/2022\/une-agglo-creative\/transition-ecologique\/entretien-et-suivi-de-la-biodiversite-sur-les-sites-de-compensation\/","og_locale":"fr_FR","og_type":"article","og_title":"Etudes hydrog\u00e9ologiques pr\u00e9alables \u00e0 l\u2019installation de porteurs de projet en agriculture urbaine - Rapport du d\u00e9veloppement durable","og_description":"La gestion de la ressource en eau est un enjeu majeur de la transition du territoire. Les \u00e9tudes hydrog\u00e9ologiques sont un pr\u00e9alable indispensable aux nouveaux projets agricoles. Afin d\u2019apporter le maximum d\u2019informations aux porteurs de projet en agriculture de proximit\u00e9, l\u2019Agglo r\u00e9alise sur les terrains ma\u00eetris\u00e9s fonci\u00e8rement des \u00e9tudes hydrog\u00e9ologiques afin de qualifier la disponibilit\u00e9 [&hellip;]","og_url":"https:\/\/dev-durable.agglo-larochelle.fr\/2022\/une-agglo-creative\/transition-ecologique\/entretien-et-suivi-de-la-biodiversite-sur-les-sites-de-compensation\/","og_site_name":"Rapport du d\u00e9veloppement durable","article_modified_time":"2022-12-09T14:09:05+00:00","og_image":[{"width":750,"height":563,"url":"https:\/\/dev-durable.agglo-larochelle.fr\/2022\/wp-content\/uploads\/2021\/11\/AdobeStock_114666606.jpg","type":"image\/jpeg"}],"twitter_card":"summary_large_image","twitter_misc":{"Dur\u00e9e de lecture estim\u00e9e":"1 minute"},"schema":{"@context":"https:\/\/schema.org","@graph":[{"@type":"WebPage","@id":"https:\/\/dev-durable.agglo-larochelle.fr\/2022\/une-agglo-creative\/transition-ecologique\/entretien-et-suivi-de-la-biodiversite-sur-les-sites-de-compensation\/","url":"https:\/\/dev-durable.agglo-larochelle.fr\/2022\/une-agglo-creative\/transition-ecologique\/entretien-et-suivi-de-la-biodiversite-sur-les-sites-de-compensation\/","name":"Etudes hydrog\u00e9ologiques pr\u00e9alables \u00e0 l\u2019installation de porteurs de projet en agriculture urbaine - Rapport du d\u00e9veloppement durable","isPartOf":{"@id":"https:\/\/dev-durable.agglo-larochelle.fr\/2022\/#website"},"datePublished":"2022-11-21T16:02:37+00:00","dateModified":"2022-12-09T14:09:05+00:00","breadcrumb":{"@id":"https:\/\/dev-durable.agglo-larochelle.fr\/2022\/une-agglo-creative\/transition-ecologique\/entretien-et-suivi-de-la-biodiversite-sur-les-sites-de-compensation\/#breadcrumb"},"inLanguage":"fr-FR","potentialAction":[{"@type":"ReadAction","target":["https:\/\/dev-durable.agglo-larochelle.fr\/2022\/une-agglo-creative\/transition-ecologique\/entretien-et-suivi-de-la-biodiversite-sur-les-sites-de-compensation\/"]}]},{"@type":"BreadcrumbList","@id":"https:\/\/dev-durable.agglo-larochelle.fr\/2022\/une-agglo-creative\/transition-ecologique\/entretien-et-suivi-de-la-biodiversite-sur-les-sites-de-compensation\/#breadcrumb","itemListElement":[{"@type":"ListItem","position":1,"name":"Accueil","item":"https:\/\/dev-durable.agglo-larochelle.fr\/2022\/"},{"@type":"ListItem","position":2,"name":"Une Agglo cr\u00e9ative","item":"https:\/\/dev-durable.agglo-larochelle.fr\/2022\/une-agglo-creative\/"},{"@type":"ListItem","position":3,"name":"Transition \u00e9cologique","item":"https:\/\/dev-durable.agglo-larochelle.fr\/2022\/une-agglo-creative\/transition-ecologique\/"},{"@type":"ListItem","position":4,"name":"Etudes hydrog\u00e9ologiques pr\u00e9alables \u00e0 l\u2019installation de porteurs de projet en agriculture urbaine"}]},{"@type":"WebSite","@id":"https:\/\/dev-durable.agglo-larochelle.fr\/2022\/#website","url":"https:\/\/dev-durable.agglo-larochelle.fr\/2022\/","name":"Rapport du d\u00e9veloppement durable - 2022","description":"Rapport 2022 du d\u00e9veloppement durable","alternateName":"Communaut\u00e9 d'Agglom\u00e9ration de La Rochelle","potentialAction":[{"@type":"SearchAction","target":{"@type":"EntryPoint","urlTemplate":"https:\/\/dev-durable.agglo-larochelle.fr\/2022\/?s={search_term_string}"},"query-input":"required name=search_term_string"}],"inLanguage":"fr-FR"}]}},"_links":{"self":[{"href":"https:\/\/dev-durable.agglo-larochelle.fr\/2022\/wp-json\/wp\/v2\/pages\/2547"}],"collection":[{"href":"https:\/\/dev-durable.agglo-larochelle.fr\/2022\/wp-json\/wp\/v2\/pages"}],"about":[{"href":"https:\/\/dev-durable.agglo-larochelle.fr\/2022\/wp-json\/wp\/v2\/types\/page"}],"author":[{"embeddable":true,"href":"https:\/\/dev-durable.agglo-larochelle.fr\/2022\/wp-json\/wp\/v2\/users\/1"}],"replies":[{"embeddable":true,"href":"https:\/\/dev-durable.agglo-larochelle.fr\/2022\/wp-json\/wp\/v2\/comments?post=2547"}],"version-history":[{"count":2,"href":"https:\/\/dev-durable.agglo-larochelle.fr\/2022\/wp-json\/wp\/v2\/pages\/2547\/revisions"}],"predecessor-version":[{"id":2630,"href":"https:\/\/dev-durable.agglo-larochelle.fr\/2022\/wp-json\/wp\/v2\/pages\/2547\/revisions\/2630"}],"up":[{"embeddable":true,"href":"https:\/\/dev-durable.agglo-larochelle.fr\/2022\/wp-json\/wp\/v2\/pages\/272"}],"wp:featuredmedia":[{"embeddable":true,"href":"https:\/\/dev-durable.agglo-larochelle.fr\/2022\/wp-json\/wp\/v2\/media\/2187"}],"wp:attachment":[{"href":"https:\/\/dev-durable.agglo-larochelle.fr\/2022\/wp-json\/wp\/v2\/media?parent=2547"}],"curies":[{"name":"wp","href":"https:\/\/api.w.org\/{rel}","templated":true}]}}