{"id":2552,"date":"2022-11-21T17:04:34","date_gmt":"2022-11-21T16:04:34","guid":{"rendered":"https:\/\/dev-durable.agglo-larochelle.fr\/2022\/?page_id=2552"},"modified":"2022-12-09T15:05:22","modified_gmt":"2022-12-09T14:05:22","slug":"une-nouvelle-feuille-de-route-pour-decarboner-lagriculture","status":"publish","type":"page","link":"https:\/\/dev-durable.agglo-larochelle.fr\/2022\/une-agglo-creative\/transition-ecologique\/une-nouvelle-feuille-de-route-pour-decarboner-lagriculture\/","title":{"rendered":"Le nouveau Contrat Territorial Re-Sources conjugue qualit\u00e9 de l\u2019eau et agriculture bio"},"content":{"rendered":"\n<p><strong>Dot\u00e9 de 1,2 millions d\u2019\u20ac, le programme Re-Sources pour 2021\/2026 a pour objet d\u2019assurer la meilleure qualit\u00e9 possible de l\u2019eau potable, des nappes phr\u00e9atiques et des captages.<\/strong><\/p>\n<p>Le Contrat Territorial sign\u00e9 par l\u2019Agglom\u00e9ration et les nombreux partenaires impliqu\u00e9s pr\u00e9voit de limiter les pressions sur l\u2019eau et les milieux \u00e0 l\u2019\u00e9chelle de l\u2019exploitation tout en maintenant une activit\u00e9 agricole performante. Il s\u2019agit aussi de limiter les sols nus pour emp\u00eacher les lessivages, en semant des plantes apr\u00e8s les cultures, ou en laissant des r\u00e9sidus de culture sur place. Plus g\u00e9n\u00e9ralement, il a pour objectifs d\u2019am\u00e9nager durablement le territoire, valoriser et diffuser les connaissances et construire des synergies avec les autres projets du territoire. Les actions agricoles, telles que le d\u00e9veloppement de l\u2019Agriculture Biologique, seront men\u00e9es par les professionnels agricoles, des associations, l\u2019Agglom\u00e9ration de La Rochelle et la Communaut\u00e9 de Communes Aunis Sud.<\/p>\n","protected":false},"excerpt":{"rendered":"<p>Dot\u00e9 de 1,2 millions d\u2019\u20ac, le programme Re-Sources pour 2021\/2026 a pour objet d\u2019assurer la meilleure qualit\u00e9 possible de l\u2019eau potable, des nappes phr\u00e9atiques et des captages. Le Contrat Territorial sign\u00e9 par l\u2019Agglom\u00e9ration et les nombreux partenaires impliqu\u00e9s pr\u00e9voit de limiter les pressions sur l\u2019eau et les milieux \u00e0 l\u2019\u00e9chelle de l\u2019exploitation tout en maintenant [&hellip;]<\/p>\n","protected":false},"author":1,"featured_media":2353,"parent":272,"menu_order":9,"comment_status":"closed","ping_status":"closed","template":"page-sous-partie.php","meta":[],"acf":[],"yoast_head":"<!-- This site is optimized with the Yoast SEO plugin v19.12 - https:\/\/yoast.com\/wordpress\/plugins\/seo\/ -->\n<title>Le nouveau Contrat Territorial Re-Sources conjugue qualit\u00e9 de l\u2019eau et agriculture bio - Rapport du d\u00e9veloppement durable<\/title>\n<meta name=\"robots\" content=\"index, follow, max-snippet:-1, max-image-preview:large, max-video-preview:-1\" \/>\n<link rel=\"canonical\" href=\"https:\/\/dev-durable.agglo-larochelle.fr\/2022\/une-agglo-creative\/transition-ecologique\/une-nouvelle-feuille-de-route-pour-decarboner-lagriculture\/\" \/>\n<meta property=\"og:locale\" content=\"fr_FR\" \/>\n<meta property=\"og:type\" content=\"article\" \/>\n<meta property=\"og:title\" content=\"Le nouveau Contrat Territorial Re-Sources conjugue qualit\u00e9 de l\u2019eau et agriculture bio - Rapport du d\u00e9veloppement durable\" \/>\n<meta property=\"og:description\" content=\"Dot\u00e9 de 1,2 millions d\u2019\u20ac, le programme Re-Sources pour 2021\/2026 a pour objet d\u2019assurer la meilleure qualit\u00e9 possible de l\u2019eau potable, des nappes phr\u00e9atiques et des captages. Le Contrat Territorial sign\u00e9 par l\u2019Agglom\u00e9ration et les nombreux partenaires impliqu\u00e9s pr\u00e9voit de limiter les pressions sur l\u2019eau et les milieux \u00e0 l\u2019\u00e9chelle de l\u2019exploitation tout en maintenant [&hellip;]\" \/>\n<meta property=\"og:url\" content=\"https:\/\/dev-durable.agglo-larochelle.fr\/2022\/une-agglo-creative\/transition-ecologique\/une-nouvelle-feuille-de-route-pour-decarboner-lagriculture\/\" \/>\n<meta property=\"og:site_name\" content=\"Rapport du d\u00e9veloppement durable\" \/>\n<meta property=\"article:modified_time\" content=\"2022-12-09T14:05:22+00:00\" \/>\n<meta property=\"og:image\" content=\"https:\/\/dev-durable.agglo-larochelle.fr\/2022\/wp-content\/uploads\/2021\/12\/CTMA-CA_027879_MaraisPampin.jpg\" \/>\n\t<meta property=\"og:image:width\" content=\"800\" \/>\n\t<meta property=\"og:image:height\" content=\"532\" \/>\n\t<meta property=\"og:image:type\" content=\"image\/jpeg\" \/>\n<meta name=\"twitter:card\" content=\"summary_large_image\" \/>\n<meta name=\"twitter:label1\" content=\"Dur\u00e9e de lecture estim\u00e9e\" \/>\n\t<meta name=\"twitter:data1\" content=\"1 minute\" \/>\n<script type=\"application\/ld+json\" class=\"yoast-schema-graph\">{\"@context\":\"https:\/\/schema.org\",\"@graph\":[{\"@type\":\"WebPage\",\"@id\":\"https:\/\/dev-durable.agglo-larochelle.fr\/2022\/une-agglo-creative\/transition-ecologique\/une-nouvelle-feuille-de-route-pour-decarboner-lagriculture\/\",\"url\":\"https:\/\/dev-durable.agglo-larochelle.fr\/2022\/une-agglo-creative\/transition-ecologique\/une-nouvelle-feuille-de-route-pour-decarboner-lagriculture\/\",\"name\":\"Le nouveau Contrat Territorial Re-Sources conjugue qualit\u00e9 de l\u2019eau et agriculture bio - Rapport du d\u00e9veloppement durable\",\"isPartOf\":{\"@id\":\"https:\/\/dev-durable.agglo-larochelle.fr\/2022\/#website\"},\"datePublished\":\"2022-11-21T16:04:34+00:00\",\"dateModified\":\"2022-12-09T14:05:22+00:00\",\"breadcrumb\":{\"@id\":\"https:\/\/dev-durable.agglo-larochelle.fr\/2022\/une-agglo-creative\/transition-ecologique\/une-nouvelle-feuille-de-route-pour-decarboner-lagriculture\/#breadcrumb\"},\"inLanguage\":\"fr-FR\",\"potentialAction\":[{\"@type\":\"ReadAction\",\"target\":[\"https:\/\/dev-durable.agglo-larochelle.fr\/2022\/une-agglo-creative\/transition-ecologique\/une-nouvelle-feuille-de-route-pour-decarboner-lagriculture\/\"]}]},{\"@type\":\"BreadcrumbList\",\"@id\":\"https:\/\/dev-durable.agglo-larochelle.fr\/2022\/une-agglo-creative\/transition-ecologique\/une-nouvelle-feuille-de-route-pour-decarboner-lagriculture\/#breadcrumb\",\"itemListElement\":[{\"@type\":\"ListItem\",\"position\":1,\"name\":\"Accueil\",\"item\":\"https:\/\/dev-durable.agglo-larochelle.fr\/2022\/\"},{\"@type\":\"ListItem\",\"position\":2,\"name\":\"Une Agglo cr\u00e9ative\",\"item\":\"https:\/\/dev-durable.agglo-larochelle.fr\/2022\/une-agglo-creative\/\"},{\"@type\":\"ListItem\",\"position\":3,\"name\":\"Transition \u00e9cologique\",\"item\":\"https:\/\/dev-durable.agglo-larochelle.fr\/2022\/une-agglo-creative\/transition-ecologique\/\"},{\"@type\":\"ListItem\",\"position\":4,\"name\":\"Le nouveau Contrat Territorial Re-Sources conjugue qualit\u00e9 de l\u2019eau et agriculture bio\"}]},{\"@type\":\"WebSite\",\"@id\":\"https:\/\/dev-durable.agglo-larochelle.fr\/2022\/#website\",\"url\":\"https:\/\/dev-durable.agglo-larochelle.fr\/2022\/\",\"name\":\"Rapport du d\u00e9veloppement durable - 2022\",\"description\":\"Rapport 2022 du d\u00e9veloppement durable\",\"alternateName\":\"Communaut\u00e9 d'Agglom\u00e9ration de La Rochelle\",\"potentialAction\":[{\"@type\":\"SearchAction\",\"target\":{\"@type\":\"EntryPoint\",\"urlTemplate\":\"https:\/\/dev-durable.agglo-larochelle.fr\/2022\/?s={search_term_string}\"},\"query-input\":\"required name=search_term_string\"}],\"inLanguage\":\"fr-FR\"}]}<\/script>\n<!-- \/ Yoast SEO plugin. -->","yoast_head_json":{"title":"Le nouveau Contrat Territorial Re-Sources conjugue qualit\u00e9 de l\u2019eau et agriculture bio - Rapport du d\u00e9veloppement durable","robots":{"index":"index","follow":"follow","max-snippet":"max-snippet:-1","max-image-preview":"max-image-preview:large","max-video-preview":"max-video-preview:-1"},"canonical":"https:\/\/dev-durable.agglo-larochelle.fr\/2022\/une-agglo-creative\/transition-ecologique\/une-nouvelle-feuille-de-route-pour-decarboner-lagriculture\/","og_locale":"fr_FR","og_type":"article","og_title":"Le nouveau Contrat Territorial Re-Sources conjugue qualit\u00e9 de l\u2019eau et agriculture bio - Rapport du d\u00e9veloppement durable","og_description":"Dot\u00e9 de 1,2 millions d\u2019\u20ac, le programme Re-Sources pour 2021\/2026 a pour objet d\u2019assurer la meilleure qualit\u00e9 possible de l\u2019eau potable, des nappes phr\u00e9atiques et des captages. Le Contrat Territorial sign\u00e9 par l\u2019Agglom\u00e9ration et les nombreux partenaires impliqu\u00e9s pr\u00e9voit de limiter les pressions sur l\u2019eau et les milieux \u00e0 l\u2019\u00e9chelle de l\u2019exploitation tout en maintenant [&hellip;]","og_url":"https:\/\/dev-durable.agglo-larochelle.fr\/2022\/une-agglo-creative\/transition-ecologique\/une-nouvelle-feuille-de-route-pour-decarboner-lagriculture\/","og_site_name":"Rapport du d\u00e9veloppement durable","article_modified_time":"2022-12-09T14:05:22+00:00","og_image":[{"width":800,"height":532,"url":"https:\/\/dev-durable.agglo-larochelle.fr\/2022\/wp-content\/uploads\/2021\/12\/CTMA-CA_027879_MaraisPampin.jpg","type":"image\/jpeg"}],"twitter_card":"summary_large_image","twitter_misc":{"Dur\u00e9e de lecture estim\u00e9e":"1 minute"},"schema":{"@context":"https:\/\/schema.org","@graph":[{"@type":"WebPage","@id":"https:\/\/dev-durable.agglo-larochelle.fr\/2022\/une-agglo-creative\/transition-ecologique\/une-nouvelle-feuille-de-route-pour-decarboner-lagriculture\/","url":"https:\/\/dev-durable.agglo-larochelle.fr\/2022\/une-agglo-creative\/transition-ecologique\/une-nouvelle-feuille-de-route-pour-decarboner-lagriculture\/","name":"Le nouveau Contrat Territorial Re-Sources conjugue qualit\u00e9 de l\u2019eau et agriculture bio - Rapport du d\u00e9veloppement durable","isPartOf":{"@id":"https:\/\/dev-durable.agglo-larochelle.fr\/2022\/#website"},"datePublished":"2022-11-21T16:04:34+00:00","dateModified":"2022-12-09T14:05:22+00:00","breadcrumb":{"@id":"https:\/\/dev-durable.agglo-larochelle.fr\/2022\/une-agglo-creative\/transition-ecologique\/une-nouvelle-feuille-de-route-pour-decarboner-lagriculture\/#breadcrumb"},"inLanguage":"fr-FR","potentialAction":[{"@type":"ReadAction","target":["https:\/\/dev-durable.agglo-larochelle.fr\/2022\/une-agglo-creative\/transition-ecologique\/une-nouvelle-feuille-de-route-pour-decarboner-lagriculture\/"]}]},{"@type":"BreadcrumbList","@id":"https:\/\/dev-durable.agglo-larochelle.fr\/2022\/une-agglo-creative\/transition-ecologique\/une-nouvelle-feuille-de-route-pour-decarboner-lagriculture\/#breadcrumb","itemListElement":[{"@type":"ListItem","position":1,"name":"Accueil","item":"https:\/\/dev-durable.agglo-larochelle.fr\/2022\/"},{"@type":"ListItem","position":2,"name":"Une Agglo cr\u00e9ative","item":"https:\/\/dev-durable.agglo-larochelle.fr\/2022\/une-agglo-creative\/"},{"@type":"ListItem","position":3,"name":"Transition \u00e9cologique","item":"https:\/\/dev-durable.agglo-larochelle.fr\/2022\/une-agglo-creative\/transition-ecologique\/"},{"@type":"ListItem","position":4,"name":"Le nouveau Contrat Territorial Re-Sources conjugue qualit\u00e9 de l\u2019eau et agriculture bio"}]},{"@type":"WebSite","@id":"https:\/\/dev-durable.agglo-larochelle.fr\/2022\/#website","url":"https:\/\/dev-durable.agglo-larochelle.fr\/2022\/","name":"Rapport du d\u00e9veloppement durable - 2022","description":"Rapport 2022 du d\u00e9veloppement durable","alternateName":"Communaut\u00e9 d'Agglom\u00e9ration de La Rochelle","potentialAction":[{"@type":"SearchAction","target":{"@type":"EntryPoint","urlTemplate":"https:\/\/dev-durable.agglo-larochelle.fr\/2022\/?s={search_term_string}"},"query-input":"required name=search_term_string"}],"inLanguage":"fr-FR"}]}},"_links":{"self":[{"href":"https:\/\/dev-durable.agglo-larochelle.fr\/2022\/wp-json\/wp\/v2\/pages\/2552"}],"collection":[{"href":"https:\/\/dev-durable.agglo-larochelle.fr\/2022\/wp-json\/wp\/v2\/pages"}],"about":[{"href":"https:\/\/dev-durable.agglo-larochelle.fr\/2022\/wp-json\/wp\/v2\/types\/page"}],"author":[{"embeddable":true,"href":"https:\/\/dev-durable.agglo-larochelle.fr\/2022\/wp-json\/wp\/v2\/users\/1"}],"replies":[{"embeddable":true,"href":"https:\/\/dev-durable.agglo-larochelle.fr\/2022\/wp-json\/wp\/v2\/comments?post=2552"}],"version-history":[{"count":3,"href":"https:\/\/dev-durable.agglo-larochelle.fr\/2022\/wp-json\/wp\/v2\/pages\/2552\/revisions"}],"predecessor-version":[{"id":2632,"href":"https:\/\/dev-durable.agglo-larochelle.fr\/2022\/wp-json\/wp\/v2\/pages\/2552\/revisions\/2632"}],"up":[{"embeddable":true,"href":"https:\/\/dev-durable.agglo-larochelle.fr\/2022\/wp-json\/wp\/v2\/pages\/272"}],"wp:featuredmedia":[{"embeddable":true,"href":"https:\/\/dev-durable.agglo-larochelle.fr\/2022\/wp-json\/wp\/v2\/media\/2353"}],"wp:attachment":[{"href":"https:\/\/dev-durable.agglo-larochelle.fr\/2022\/wp-json\/wp\/v2\/media?parent=2552"}],"curies":[{"name":"wp","href":"https:\/\/api.w.org\/{rel}","templated":true}]}}