{"id":2555,"date":"2022-11-21T17:05:47","date_gmt":"2022-11-21T16:05:47","guid":{"rendered":"https:\/\/dev-durable.agglo-larochelle.fr\/2022\/?page_id=2555"},"modified":"2022-12-09T15:09:29","modified_gmt":"2022-12-09T14:09:29","slug":"plan-de-developpement-de-lagriculture-biologique-ct-re-sources-convention-avec-bio-na","status":"publish","type":"page","link":"https:\/\/dev-durable.agglo-larochelle.fr\/2022\/une-agglo-creative\/transition-ecologique\/plan-de-developpement-de-lagriculture-biologique-ct-re-sources-convention-avec-bio-na\/","title":{"rendered":"Premier retour d\u2019exp\u00e9rience pour le G\u00e9ocorail\u00ae du PAPI Port-Neuf"},"content":{"rendered":"\n<p><strong>Le confortement des enrochements par la pose de G\u00e9ocorail\u00ae dans le cadre du Programme d\u2019Actions de Pr\u00e9vention des Inondations de Port-Neuf a fait l\u2019objet d\u2019un premier retour d\u2019exp\u00e9rience lors de journ\u00e9es professionnelles. <\/strong><\/p>\n<p>Destin\u00e9 \u00e0 prot\u00e9ger le quartier de Port-Neuf \u00e0 La Rochelle d\u2019une submersion marine, apr\u00e8s celle engendr\u00e9e par la temp\u00eate Xynthia de 2010, le chantier du PAPI a \u00e9t\u00e9 l\u2019occasion d\u2019exp\u00e9rimenter un dispositif de protection durable, le G\u00e9ocorail\u00ae, renfor\u00e7ant le pied de digue et les enrochements par \u00e9lectrolyse. Le proce\u0301d\u00e9 permet de prote\u0301ger les parties me\u0301talliques de la corrosion ainsi que de liaisonner les roches en contact avec les gabions tout en ayant une parfaite inte\u0301gration e\u0301cologique. Ce dispositif innovant a fait l\u2019objet d\u2019une pr\u00e9sentation et d\u2019un premier retour d\u2019exp\u00e9rience lors des 7e Journ\u00e9es de Protection Cathodique et Rev\u00eatements Associ\u00e9s, en juin 2022, \u00e0 Antibes. Le dispositif entre maintenant dans une phase de suivi.<\/p>\n","protected":false},"excerpt":{"rendered":"<p>Le confortement des enrochements par la pose de G\u00e9ocorail\u00ae dans le cadre du Programme d\u2019Actions de Pr\u00e9vention des Inondations de Port-Neuf a fait l\u2019objet d\u2019un premier retour d\u2019exp\u00e9rience lors de journ\u00e9es professionnelles. Destin\u00e9 \u00e0 prot\u00e9ger le quartier de Port-Neuf \u00e0 La Rochelle d\u2019une submersion marine, apr\u00e8s celle engendr\u00e9e par la temp\u00eate Xynthia de 2010, le [&hellip;]<\/p>\n","protected":false},"author":1,"featured_media":1937,"parent":272,"menu_order":10,"comment_status":"closed","ping_status":"closed","template":"page-sous-partie.php","meta":[],"acf":[],"yoast_head":"<!-- This site is optimized with the Yoast SEO plugin v19.12 - https:\/\/yoast.com\/wordpress\/plugins\/seo\/ -->\n<title>Premier retour d\u2019exp\u00e9rience pour le G\u00e9ocorail\u00ae du PAPI Port-Neuf - Rapport du d\u00e9veloppement durable<\/title>\n<meta name=\"robots\" content=\"index, follow, max-snippet:-1, max-image-preview:large, max-video-preview:-1\" \/>\n<link rel=\"canonical\" href=\"https:\/\/dev-durable.agglo-larochelle.fr\/2022\/une-agglo-creative\/transition-ecologique\/plan-de-developpement-de-lagriculture-biologique-ct-re-sources-convention-avec-bio-na\/\" \/>\n<meta property=\"og:locale\" content=\"fr_FR\" \/>\n<meta property=\"og:type\" content=\"article\" \/>\n<meta property=\"og:title\" content=\"Premier retour d\u2019exp\u00e9rience pour le G\u00e9ocorail\u00ae du PAPI Port-Neuf - Rapport du d\u00e9veloppement durable\" \/>\n<meta property=\"og:description\" content=\"Le confortement des enrochements par la pose de G\u00e9ocorail\u00ae dans le cadre du Programme d\u2019Actions de Pr\u00e9vention des Inondations de Port-Neuf a fait l\u2019objet d\u2019un premier retour d\u2019exp\u00e9rience lors de journ\u00e9es professionnelles. Destin\u00e9 \u00e0 prot\u00e9ger le quartier de Port-Neuf \u00e0 La Rochelle d\u2019une submersion marine, apr\u00e8s celle engendr\u00e9e par la temp\u00eate Xynthia de 2010, le [&hellip;]\" \/>\n<meta property=\"og:url\" content=\"https:\/\/dev-durable.agglo-larochelle.fr\/2022\/une-agglo-creative\/transition-ecologique\/plan-de-developpement-de-lagriculture-biologique-ct-re-sources-convention-avec-bio-na\/\" \/>\n<meta property=\"og:site_name\" content=\"Rapport du d\u00e9veloppement durable\" \/>\n<meta property=\"article:modified_time\" content=\"2022-12-09T14:09:29+00:00\" \/>\n<meta property=\"og:image\" content=\"https:\/\/dev-durable.agglo-larochelle.fr\/2022\/wp-content\/uploads\/2021\/11\/PAPI_Port_Neuf_MLRC_123388.jpg\" \/>\n\t<meta property=\"og:image:width\" content=\"700\" \/>\n\t<meta property=\"og:image:height\" content=\"466\" \/>\n\t<meta property=\"og:image:type\" content=\"image\/jpeg\" \/>\n<meta name=\"twitter:card\" content=\"summary_large_image\" \/>\n<meta name=\"twitter:label1\" content=\"Dur\u00e9e de lecture estim\u00e9e\" \/>\n\t<meta name=\"twitter:data1\" content=\"1 minute\" \/>\n<script type=\"application\/ld+json\" class=\"yoast-schema-graph\">{\"@context\":\"https:\/\/schema.org\",\"@graph\":[{\"@type\":\"WebPage\",\"@id\":\"https:\/\/dev-durable.agglo-larochelle.fr\/2022\/une-agglo-creative\/transition-ecologique\/plan-de-developpement-de-lagriculture-biologique-ct-re-sources-convention-avec-bio-na\/\",\"url\":\"https:\/\/dev-durable.agglo-larochelle.fr\/2022\/une-agglo-creative\/transition-ecologique\/plan-de-developpement-de-lagriculture-biologique-ct-re-sources-convention-avec-bio-na\/\",\"name\":\"Premier retour d\u2019exp\u00e9rience pour le G\u00e9ocorail\u00ae du PAPI Port-Neuf - Rapport du d\u00e9veloppement durable\",\"isPartOf\":{\"@id\":\"https:\/\/dev-durable.agglo-larochelle.fr\/2022\/#website\"},\"datePublished\":\"2022-11-21T16:05:47+00:00\",\"dateModified\":\"2022-12-09T14:09:29+00:00\",\"breadcrumb\":{\"@id\":\"https:\/\/dev-durable.agglo-larochelle.fr\/2022\/une-agglo-creative\/transition-ecologique\/plan-de-developpement-de-lagriculture-biologique-ct-re-sources-convention-avec-bio-na\/#breadcrumb\"},\"inLanguage\":\"fr-FR\",\"potentialAction\":[{\"@type\":\"ReadAction\",\"target\":[\"https:\/\/dev-durable.agglo-larochelle.fr\/2022\/une-agglo-creative\/transition-ecologique\/plan-de-developpement-de-lagriculture-biologique-ct-re-sources-convention-avec-bio-na\/\"]}]},{\"@type\":\"BreadcrumbList\",\"@id\":\"https:\/\/dev-durable.agglo-larochelle.fr\/2022\/une-agglo-creative\/transition-ecologique\/plan-de-developpement-de-lagriculture-biologique-ct-re-sources-convention-avec-bio-na\/#breadcrumb\",\"itemListElement\":[{\"@type\":\"ListItem\",\"position\":1,\"name\":\"Accueil\",\"item\":\"https:\/\/dev-durable.agglo-larochelle.fr\/2022\/\"},{\"@type\":\"ListItem\",\"position\":2,\"name\":\"Une Agglo cr\u00e9ative\",\"item\":\"https:\/\/dev-durable.agglo-larochelle.fr\/2022\/une-agglo-creative\/\"},{\"@type\":\"ListItem\",\"position\":3,\"name\":\"Transition \u00e9cologique\",\"item\":\"https:\/\/dev-durable.agglo-larochelle.fr\/2022\/une-agglo-creative\/transition-ecologique\/\"},{\"@type\":\"ListItem\",\"position\":4,\"name\":\"Premier retour d\u2019exp\u00e9rience pour le G\u00e9ocorail\u00ae du PAPI Port-Neuf\"}]},{\"@type\":\"WebSite\",\"@id\":\"https:\/\/dev-durable.agglo-larochelle.fr\/2022\/#website\",\"url\":\"https:\/\/dev-durable.agglo-larochelle.fr\/2022\/\",\"name\":\"Rapport du d\u00e9veloppement durable - 2022\",\"description\":\"Rapport 2022 du d\u00e9veloppement durable\",\"alternateName\":\"Communaut\u00e9 d'Agglom\u00e9ration de La Rochelle\",\"potentialAction\":[{\"@type\":\"SearchAction\",\"target\":{\"@type\":\"EntryPoint\",\"urlTemplate\":\"https:\/\/dev-durable.agglo-larochelle.fr\/2022\/?s={search_term_string}\"},\"query-input\":\"required name=search_term_string\"}],\"inLanguage\":\"fr-FR\"}]}<\/script>\n<!-- \/ Yoast SEO plugin. -->","yoast_head_json":{"title":"Premier retour d\u2019exp\u00e9rience pour le G\u00e9ocorail\u00ae du PAPI Port-Neuf - Rapport du d\u00e9veloppement durable","robots":{"index":"index","follow":"follow","max-snippet":"max-snippet:-1","max-image-preview":"max-image-preview:large","max-video-preview":"max-video-preview:-1"},"canonical":"https:\/\/dev-durable.agglo-larochelle.fr\/2022\/une-agglo-creative\/transition-ecologique\/plan-de-developpement-de-lagriculture-biologique-ct-re-sources-convention-avec-bio-na\/","og_locale":"fr_FR","og_type":"article","og_title":"Premier retour d\u2019exp\u00e9rience pour le G\u00e9ocorail\u00ae du PAPI Port-Neuf - Rapport du d\u00e9veloppement durable","og_description":"Le confortement des enrochements par la pose de G\u00e9ocorail\u00ae dans le cadre du Programme d\u2019Actions de Pr\u00e9vention des Inondations de Port-Neuf a fait l\u2019objet d\u2019un premier retour d\u2019exp\u00e9rience lors de journ\u00e9es professionnelles. Destin\u00e9 \u00e0 prot\u00e9ger le quartier de Port-Neuf \u00e0 La Rochelle d\u2019une submersion marine, apr\u00e8s celle engendr\u00e9e par la temp\u00eate Xynthia de 2010, le [&hellip;]","og_url":"https:\/\/dev-durable.agglo-larochelle.fr\/2022\/une-agglo-creative\/transition-ecologique\/plan-de-developpement-de-lagriculture-biologique-ct-re-sources-convention-avec-bio-na\/","og_site_name":"Rapport du d\u00e9veloppement durable","article_modified_time":"2022-12-09T14:09:29+00:00","og_image":[{"width":700,"height":466,"url":"https:\/\/dev-durable.agglo-larochelle.fr\/2022\/wp-content\/uploads\/2021\/11\/PAPI_Port_Neuf_MLRC_123388.jpg","type":"image\/jpeg"}],"twitter_card":"summary_large_image","twitter_misc":{"Dur\u00e9e de lecture estim\u00e9e":"1 minute"},"schema":{"@context":"https:\/\/schema.org","@graph":[{"@type":"WebPage","@id":"https:\/\/dev-durable.agglo-larochelle.fr\/2022\/une-agglo-creative\/transition-ecologique\/plan-de-developpement-de-lagriculture-biologique-ct-re-sources-convention-avec-bio-na\/","url":"https:\/\/dev-durable.agglo-larochelle.fr\/2022\/une-agglo-creative\/transition-ecologique\/plan-de-developpement-de-lagriculture-biologique-ct-re-sources-convention-avec-bio-na\/","name":"Premier retour d\u2019exp\u00e9rience pour le G\u00e9ocorail\u00ae du PAPI Port-Neuf - Rapport du d\u00e9veloppement durable","isPartOf":{"@id":"https:\/\/dev-durable.agglo-larochelle.fr\/2022\/#website"},"datePublished":"2022-11-21T16:05:47+00:00","dateModified":"2022-12-09T14:09:29+00:00","breadcrumb":{"@id":"https:\/\/dev-durable.agglo-larochelle.fr\/2022\/une-agglo-creative\/transition-ecologique\/plan-de-developpement-de-lagriculture-biologique-ct-re-sources-convention-avec-bio-na\/#breadcrumb"},"inLanguage":"fr-FR","potentialAction":[{"@type":"ReadAction","target":["https:\/\/dev-durable.agglo-larochelle.fr\/2022\/une-agglo-creative\/transition-ecologique\/plan-de-developpement-de-lagriculture-biologique-ct-re-sources-convention-avec-bio-na\/"]}]},{"@type":"BreadcrumbList","@id":"https:\/\/dev-durable.agglo-larochelle.fr\/2022\/une-agglo-creative\/transition-ecologique\/plan-de-developpement-de-lagriculture-biologique-ct-re-sources-convention-avec-bio-na\/#breadcrumb","itemListElement":[{"@type":"ListItem","position":1,"name":"Accueil","item":"https:\/\/dev-durable.agglo-larochelle.fr\/2022\/"},{"@type":"ListItem","position":2,"name":"Une Agglo cr\u00e9ative","item":"https:\/\/dev-durable.agglo-larochelle.fr\/2022\/une-agglo-creative\/"},{"@type":"ListItem","position":3,"name":"Transition \u00e9cologique","item":"https:\/\/dev-durable.agglo-larochelle.fr\/2022\/une-agglo-creative\/transition-ecologique\/"},{"@type":"ListItem","position":4,"name":"Premier retour d\u2019exp\u00e9rience pour le G\u00e9ocorail\u00ae du PAPI Port-Neuf"}]},{"@type":"WebSite","@id":"https:\/\/dev-durable.agglo-larochelle.fr\/2022\/#website","url":"https:\/\/dev-durable.agglo-larochelle.fr\/2022\/","name":"Rapport du d\u00e9veloppement durable - 2022","description":"Rapport 2022 du d\u00e9veloppement durable","alternateName":"Communaut\u00e9 d'Agglom\u00e9ration de La Rochelle","potentialAction":[{"@type":"SearchAction","target":{"@type":"EntryPoint","urlTemplate":"https:\/\/dev-durable.agglo-larochelle.fr\/2022\/?s={search_term_string}"},"query-input":"required name=search_term_string"}],"inLanguage":"fr-FR"}]}},"_links":{"self":[{"href":"https:\/\/dev-durable.agglo-larochelle.fr\/2022\/wp-json\/wp\/v2\/pages\/2555"}],"collection":[{"href":"https:\/\/dev-durable.agglo-larochelle.fr\/2022\/wp-json\/wp\/v2\/pages"}],"about":[{"href":"https:\/\/dev-durable.agglo-larochelle.fr\/2022\/wp-json\/wp\/v2\/types\/page"}],"author":[{"embeddable":true,"href":"https:\/\/dev-durable.agglo-larochelle.fr\/2022\/wp-json\/wp\/v2\/users\/1"}],"replies":[{"embeddable":true,"href":"https:\/\/dev-durable.agglo-larochelle.fr\/2022\/wp-json\/wp\/v2\/comments?post=2555"}],"version-history":[{"count":3,"href":"https:\/\/dev-durable.agglo-larochelle.fr\/2022\/wp-json\/wp\/v2\/pages\/2555\/revisions"}],"predecessor-version":[{"id":2634,"href":"https:\/\/dev-durable.agglo-larochelle.fr\/2022\/wp-json\/wp\/v2\/pages\/2555\/revisions\/2634"}],"up":[{"embeddable":true,"href":"https:\/\/dev-durable.agglo-larochelle.fr\/2022\/wp-json\/wp\/v2\/pages\/272"}],"wp:featuredmedia":[{"embeddable":true,"href":"https:\/\/dev-durable.agglo-larochelle.fr\/2022\/wp-json\/wp\/v2\/media\/1937"}],"wp:attachment":[{"href":"https:\/\/dev-durable.agglo-larochelle.fr\/2022\/wp-json\/wp\/v2\/media?parent=2555"}],"curies":[{"name":"wp","href":"https:\/\/api.w.org\/{rel}","templated":true}]}}