{"id":2558,"date":"2022-11-21T17:07:35","date_gmt":"2022-11-21T16:07:35","guid":{"rendered":"https:\/\/dev-durable.agglo-larochelle.fr\/2022\/?page_id=2558"},"modified":"2022-12-09T15:09:29","modified_gmt":"2022-12-09T14:09:29","slug":"papi-port-neuf-experimentation-geocorail","status":"publish","type":"page","link":"https:\/\/dev-durable.agglo-larochelle.fr\/2022\/une-agglo-creative\/transition-ecologique\/papi-port-neuf-experimentation-geocorail\/","title":{"rendered":"Les jeunes pousses de la premi\u00e8re For\u00eat bleue sortent de terre, soutenues par la Coop\u00e9rative Carbone"},"content":{"rendered":"\n<p><strong>En novembre 2021, les habitants de Dompierre ont symboliquement plant\u00e9s les premiers arbres de \u00ab&nbsp;la For\u00eat Bleue&nbsp;\u00bb, projet soutenu par la Coop\u00e9rative Carbone.<\/strong><\/p>\n<p>Con\u00e7u \u00e0 l\u2019initiative de citoyens, et soutenu par la Coop\u00e9rative Carbone, ce projet de \u00ab For\u00eat Bleue \u00bb consiste \u00e0 cr\u00e9er de nombreuses petites for\u00eats sur des espaces disponibles des communes de l\u2019Agglom\u00e9ration de La Rochelle. La convention qui lie Dompierre-sur-Mer \u00e0 la Coop\u00e9rative Carbone fixe que la commune pr\u00e9pare le terrain et s\u2019occupe des arbres, tandis que la SCIC apporte une aide logistique, juridique et financi\u00e8re, par la mise en relation avec des experts des milieux arbor\u00e9s et par des appels \u00e0 contribution aupr\u00e8s des citoyens, des entreprises et des collectivit\u00e9s. Les projets de \u00ab&nbsp;For\u00eat Bleue&nbsp;\u00bb ont ainsi vocation \u00e0 essaimer sur le territoire communautaire, \u00e0 mesure de la disponibilit\u00e9 de terrains.<\/p>\n\n\n\n\n","protected":false},"excerpt":{"rendered":"<p>En novembre 2021, les habitants de Dompierre ont symboliquement plant\u00e9s les premiers arbres de \u00ab&nbsp;la For\u00eat Bleue&nbsp;\u00bb, projet soutenu par la Coop\u00e9rative Carbone. Con\u00e7u \u00e0 l\u2019initiative de citoyens, et soutenu par la Coop\u00e9rative Carbone, ce projet de \u00ab For\u00eat Bleue \u00bb consiste \u00e0 cr\u00e9er de nombreuses petites for\u00eats sur des espaces disponibles des communes de [&hellip;]<\/p>\n","protected":false},"author":1,"featured_media":2909,"parent":272,"menu_order":11,"comment_status":"closed","ping_status":"closed","template":"page-sous-partie.php","meta":[],"acf":[],"yoast_head":"<!-- This site is optimized with the Yoast SEO plugin v19.12 - https:\/\/yoast.com\/wordpress\/plugins\/seo\/ -->\n<title>Les jeunes pousses de la premi\u00e8re For\u00eat bleue sortent de terre, soutenues par la Coop\u00e9rative Carbone - Rapport du d\u00e9veloppement durable<\/title>\n<meta name=\"robots\" content=\"index, follow, max-snippet:-1, max-image-preview:large, max-video-preview:-1\" \/>\n<link rel=\"canonical\" href=\"https:\/\/dev-durable.agglo-larochelle.fr\/2022\/une-agglo-creative\/transition-ecologique\/papi-port-neuf-experimentation-geocorail\/\" \/>\n<meta property=\"og:locale\" content=\"fr_FR\" \/>\n<meta property=\"og:type\" content=\"article\" \/>\n<meta property=\"og:title\" content=\"Les jeunes pousses de la premi\u00e8re For\u00eat bleue sortent de terre, soutenues par la Coop\u00e9rative Carbone - Rapport du d\u00e9veloppement durable\" \/>\n<meta property=\"og:description\" content=\"En novembre 2021, les habitants de Dompierre ont symboliquement plant\u00e9s les premiers arbres de \u00ab&nbsp;la For\u00eat Bleue&nbsp;\u00bb, projet soutenu par la Coop\u00e9rative Carbone. Con\u00e7u \u00e0 l\u2019initiative de citoyens, et soutenu par la Coop\u00e9rative Carbone, ce projet de \u00ab For\u00eat Bleue \u00bb consiste \u00e0 cr\u00e9er de nombreuses petites for\u00eats sur des espaces disponibles des communes de [&hellip;]\" \/>\n<meta property=\"og:url\" content=\"https:\/\/dev-durable.agglo-larochelle.fr\/2022\/une-agglo-creative\/transition-ecologique\/papi-port-neuf-experimentation-geocorail\/\" \/>\n<meta property=\"og:site_name\" content=\"Rapport du d\u00e9veloppement durable\" \/>\n<meta property=\"article:modified_time\" content=\"2022-12-09T14:09:29+00:00\" \/>\n<meta property=\"og:image\" content=\"https:\/\/dev-durable.agglo-larochelle.fr\/2022\/wp-content\/uploads\/2022\/12\/plantation_AdobeStock_125257165.jpg\" \/>\n\t<meta property=\"og:image:width\" content=\"650\" \/>\n\t<meta property=\"og:image:height\" content=\"300\" \/>\n\t<meta property=\"og:image:type\" content=\"image\/jpeg\" \/>\n<meta name=\"twitter:card\" content=\"summary_large_image\" \/>\n<meta name=\"twitter:label1\" content=\"Dur\u00e9e de lecture estim\u00e9e\" \/>\n\t<meta name=\"twitter:data1\" content=\"1 minute\" \/>\n<script type=\"application\/ld+json\" class=\"yoast-schema-graph\">{\"@context\":\"https:\/\/schema.org\",\"@graph\":[{\"@type\":\"WebPage\",\"@id\":\"https:\/\/dev-durable.agglo-larochelle.fr\/2022\/une-agglo-creative\/transition-ecologique\/papi-port-neuf-experimentation-geocorail\/\",\"url\":\"https:\/\/dev-durable.agglo-larochelle.fr\/2022\/une-agglo-creative\/transition-ecologique\/papi-port-neuf-experimentation-geocorail\/\",\"name\":\"Les jeunes pousses de la premi\u00e8re For\u00eat bleue sortent de terre, soutenues par la Coop\u00e9rative Carbone - Rapport du d\u00e9veloppement durable\",\"isPartOf\":{\"@id\":\"https:\/\/dev-durable.agglo-larochelle.fr\/2022\/#website\"},\"datePublished\":\"2022-11-21T16:07:35+00:00\",\"dateModified\":\"2022-12-09T14:09:29+00:00\",\"breadcrumb\":{\"@id\":\"https:\/\/dev-durable.agglo-larochelle.fr\/2022\/une-agglo-creative\/transition-ecologique\/papi-port-neuf-experimentation-geocorail\/#breadcrumb\"},\"inLanguage\":\"fr-FR\",\"potentialAction\":[{\"@type\":\"ReadAction\",\"target\":[\"https:\/\/dev-durable.agglo-larochelle.fr\/2022\/une-agglo-creative\/transition-ecologique\/papi-port-neuf-experimentation-geocorail\/\"]}]},{\"@type\":\"BreadcrumbList\",\"@id\":\"https:\/\/dev-durable.agglo-larochelle.fr\/2022\/une-agglo-creative\/transition-ecologique\/papi-port-neuf-experimentation-geocorail\/#breadcrumb\",\"itemListElement\":[{\"@type\":\"ListItem\",\"position\":1,\"name\":\"Accueil\",\"item\":\"https:\/\/dev-durable.agglo-larochelle.fr\/2022\/\"},{\"@type\":\"ListItem\",\"position\":2,\"name\":\"Une Agglo cr\u00e9ative\",\"item\":\"https:\/\/dev-durable.agglo-larochelle.fr\/2022\/une-agglo-creative\/\"},{\"@type\":\"ListItem\",\"position\":3,\"name\":\"Transition \u00e9cologique\",\"item\":\"https:\/\/dev-durable.agglo-larochelle.fr\/2022\/une-agglo-creative\/transition-ecologique\/\"},{\"@type\":\"ListItem\",\"position\":4,\"name\":\"Les jeunes pousses de la premi\u00e8re For\u00eat bleue sortent de terre, soutenues par la Coop\u00e9rative Carbone\"}]},{\"@type\":\"WebSite\",\"@id\":\"https:\/\/dev-durable.agglo-larochelle.fr\/2022\/#website\",\"url\":\"https:\/\/dev-durable.agglo-larochelle.fr\/2022\/\",\"name\":\"Rapport du d\u00e9veloppement durable - 2022\",\"description\":\"Rapport 2022 du d\u00e9veloppement durable\",\"alternateName\":\"Communaut\u00e9 d'Agglom\u00e9ration de La Rochelle\",\"potentialAction\":[{\"@type\":\"SearchAction\",\"target\":{\"@type\":\"EntryPoint\",\"urlTemplate\":\"https:\/\/dev-durable.agglo-larochelle.fr\/2022\/?s={search_term_string}\"},\"query-input\":\"required name=search_term_string\"}],\"inLanguage\":\"fr-FR\"}]}<\/script>\n<!-- \/ Yoast SEO plugin. -->","yoast_head_json":{"title":"Les jeunes pousses de la premi\u00e8re For\u00eat bleue sortent de terre, soutenues par la Coop\u00e9rative Carbone - Rapport du d\u00e9veloppement durable","robots":{"index":"index","follow":"follow","max-snippet":"max-snippet:-1","max-image-preview":"max-image-preview:large","max-video-preview":"max-video-preview:-1"},"canonical":"https:\/\/dev-durable.agglo-larochelle.fr\/2022\/une-agglo-creative\/transition-ecologique\/papi-port-neuf-experimentation-geocorail\/","og_locale":"fr_FR","og_type":"article","og_title":"Les jeunes pousses de la premi\u00e8re For\u00eat bleue sortent de terre, soutenues par la Coop\u00e9rative Carbone - Rapport du d\u00e9veloppement durable","og_description":"En novembre 2021, les habitants de Dompierre ont symboliquement plant\u00e9s les premiers arbres de \u00ab&nbsp;la For\u00eat Bleue&nbsp;\u00bb, projet soutenu par la Coop\u00e9rative Carbone. Con\u00e7u \u00e0 l\u2019initiative de citoyens, et soutenu par la Coop\u00e9rative Carbone, ce projet de \u00ab For\u00eat Bleue \u00bb consiste \u00e0 cr\u00e9er de nombreuses petites for\u00eats sur des espaces disponibles des communes de [&hellip;]","og_url":"https:\/\/dev-durable.agglo-larochelle.fr\/2022\/une-agglo-creative\/transition-ecologique\/papi-port-neuf-experimentation-geocorail\/","og_site_name":"Rapport du d\u00e9veloppement durable","article_modified_time":"2022-12-09T14:09:29+00:00","og_image":[{"width":650,"height":300,"url":"https:\/\/dev-durable.agglo-larochelle.fr\/2022\/wp-content\/uploads\/2022\/12\/plantation_AdobeStock_125257165.jpg","type":"image\/jpeg"}],"twitter_card":"summary_large_image","twitter_misc":{"Dur\u00e9e de lecture estim\u00e9e":"1 minute"},"schema":{"@context":"https:\/\/schema.org","@graph":[{"@type":"WebPage","@id":"https:\/\/dev-durable.agglo-larochelle.fr\/2022\/une-agglo-creative\/transition-ecologique\/papi-port-neuf-experimentation-geocorail\/","url":"https:\/\/dev-durable.agglo-larochelle.fr\/2022\/une-agglo-creative\/transition-ecologique\/papi-port-neuf-experimentation-geocorail\/","name":"Les jeunes pousses de la premi\u00e8re For\u00eat bleue sortent de terre, soutenues par la Coop\u00e9rative Carbone - Rapport du d\u00e9veloppement durable","isPartOf":{"@id":"https:\/\/dev-durable.agglo-larochelle.fr\/2022\/#website"},"datePublished":"2022-11-21T16:07:35+00:00","dateModified":"2022-12-09T14:09:29+00:00","breadcrumb":{"@id":"https:\/\/dev-durable.agglo-larochelle.fr\/2022\/une-agglo-creative\/transition-ecologique\/papi-port-neuf-experimentation-geocorail\/#breadcrumb"},"inLanguage":"fr-FR","potentialAction":[{"@type":"ReadAction","target":["https:\/\/dev-durable.agglo-larochelle.fr\/2022\/une-agglo-creative\/transition-ecologique\/papi-port-neuf-experimentation-geocorail\/"]}]},{"@type":"BreadcrumbList","@id":"https:\/\/dev-durable.agglo-larochelle.fr\/2022\/une-agglo-creative\/transition-ecologique\/papi-port-neuf-experimentation-geocorail\/#breadcrumb","itemListElement":[{"@type":"ListItem","position":1,"name":"Accueil","item":"https:\/\/dev-durable.agglo-larochelle.fr\/2022\/"},{"@type":"ListItem","position":2,"name":"Une Agglo cr\u00e9ative","item":"https:\/\/dev-durable.agglo-larochelle.fr\/2022\/une-agglo-creative\/"},{"@type":"ListItem","position":3,"name":"Transition \u00e9cologique","item":"https:\/\/dev-durable.agglo-larochelle.fr\/2022\/une-agglo-creative\/transition-ecologique\/"},{"@type":"ListItem","position":4,"name":"Les jeunes pousses de la premi\u00e8re For\u00eat bleue sortent de terre, soutenues par la Coop\u00e9rative Carbone"}]},{"@type":"WebSite","@id":"https:\/\/dev-durable.agglo-larochelle.fr\/2022\/#website","url":"https:\/\/dev-durable.agglo-larochelle.fr\/2022\/","name":"Rapport du d\u00e9veloppement durable - 2022","description":"Rapport 2022 du d\u00e9veloppement durable","alternateName":"Communaut\u00e9 d'Agglom\u00e9ration de La Rochelle","potentialAction":[{"@type":"SearchAction","target":{"@type":"EntryPoint","urlTemplate":"https:\/\/dev-durable.agglo-larochelle.fr\/2022\/?s={search_term_string}"},"query-input":"required name=search_term_string"}],"inLanguage":"fr-FR"}]}},"_links":{"self":[{"href":"https:\/\/dev-durable.agglo-larochelle.fr\/2022\/wp-json\/wp\/v2\/pages\/2558"}],"collection":[{"href":"https:\/\/dev-durable.agglo-larochelle.fr\/2022\/wp-json\/wp\/v2\/pages"}],"about":[{"href":"https:\/\/dev-durable.agglo-larochelle.fr\/2022\/wp-json\/wp\/v2\/types\/page"}],"author":[{"embeddable":true,"href":"https:\/\/dev-durable.agglo-larochelle.fr\/2022\/wp-json\/wp\/v2\/users\/1"}],"replies":[{"embeddable":true,"href":"https:\/\/dev-durable.agglo-larochelle.fr\/2022\/wp-json\/wp\/v2\/comments?post=2558"}],"version-history":[{"count":4,"href":"https:\/\/dev-durable.agglo-larochelle.fr\/2022\/wp-json\/wp\/v2\/pages\/2558\/revisions"}],"predecessor-version":[{"id":2910,"href":"https:\/\/dev-durable.agglo-larochelle.fr\/2022\/wp-json\/wp\/v2\/pages\/2558\/revisions\/2910"}],"up":[{"embeddable":true,"href":"https:\/\/dev-durable.agglo-larochelle.fr\/2022\/wp-json\/wp\/v2\/pages\/272"}],"wp:featuredmedia":[{"embeddable":true,"href":"https:\/\/dev-durable.agglo-larochelle.fr\/2022\/wp-json\/wp\/v2\/media\/2909"}],"wp:attachment":[{"href":"https:\/\/dev-durable.agglo-larochelle.fr\/2022\/wp-json\/wp\/v2\/media?parent=2558"}],"curies":[{"name":"wp","href":"https:\/\/api.w.org\/{rel}","templated":true}]}}